{"id":20999,"date":"2019-12-09T17:32:32","date_gmt":"2019-12-09T17:32:32","guid":{"rendered":"https:\/\/www.accuratereviews.com\/?page_id=20999"},"modified":"2021-05-18T14:52:19","modified_gmt":"2021-05-18T14:52:19","slug":"grow-recensione","status":"publish","type":"page","link":"https:\/\/www.accuratereviews.com\/it\/business-intelligence\/grow-recensione\/","title":{"rendered":"Grow"},"content":{"rendered":"<p><strong>Grow<\/strong> \u00e8 un <strong>programma di business intelligence<\/strong> progettato per organizzazione di piccole e medie dimensioni che vogliono monitorare e migliorare il loro flusso di lavoro. Si tratta di una <strong>soluzione di analisi e reporting<\/strong>, basata su cloud, che permette di creare dashboard e metriche personalizzabili per le proprie esigenze aziendali. Dispone di un database di dati dei clienti, costituito da un <strong>CRM<\/strong> e da una <strong>piattaforma di ecommerce<\/strong>. Consente di unire i dati provenienti da centinaia di fonti, inclusi fogli di calcolo, database e applicazioni SaaS supporta la connessione con Salesforce, Dropbox, Google Analytics, Twitter, MySQL.<br \/>\nIl numero di utenti \u00e8 illimitato e questi possono accedere al software anche dai loro dispositivi mobili, purch\u00e9 siano<strong> iOS e Android<\/strong>.<\/p>\n<h2>COME UTILIZZARE GROW &#8211; TUTORIAL<\/h2>\n<p>Ecco un video tutorial del programma:<\/p>\n<div id=\"fluid-wrapper-counter-1\" class=\"g1-fluid-wrapper \" style=\"width:686px;\">\n<div style=\"padding-bottom:56.268221574344%;\"><iframe loading=\"lazy\" title=\"Business Intelligence Tutorial\" width=\"686\" height=\"386\" src=\"https:\/\/www.youtube.com\/embed\/jkCCnwvO_fg?feature=oembed&amp;wmode=transparent&amp;autohide=1&amp;autoplay=0&amp;disablekb=0&amp;fs=1&amp;loop=0&amp;enablejsapi=1&amp;rel=0&amp;controls=2&amp;showinfo=0&amp;wmode=transparent&amp;autohide=2&amp;autoplay=0&amp;disablekb=0&amp;fs=1&amp;loop=0&amp;enablejsapi=1&amp;rel=0&amp;controls=2&amp;showinfo=1\" frameborder=\"0\" allow=\"accelerometer; autoplay; clipboard-write; encrypted-media; gyroscope; picture-in-picture\" allowfullscreen><\/iframe><\/div>\n<\/div>\n<h3>GROW &#8211; CARATTERISTICHE<\/h3>\n<p>Ecco le sue principali caratteristiche:<\/p>\n<ul>\n<li><strong>Smart Report Builder<\/strong>: ti consente di creare facilmente bellissimi grafici e immagini<\/li>\n<li><strong>Libreria di visualizzazione interattiva<\/strong>: scegli tra dozzine di splendide visualizzazioni per creare grafici e report che raccontano le tue storie<\/li>\n<li><strong>Strumento Explorer dati<\/strong>: esplora i tuoi dati con un solo clic, epandi gli intervalli e aggiungi la segmentazione a livello di grafico<\/li>\n<li><strong>Strumento Clean &amp; Prep dati<\/strong>: pulisci e prepara i tuoi dati con un potente set di strumenti per eseguire pivot, funzioni avanzate, tag, time shifting e altro ancora<\/li>\n<li><strong>Modalit\u00e0 TV<\/strong>: mantieni le prestazioni al massimo della mente e il tuo team allineato agli obiettivi dell&#8217;azienda visualizzando le metriche sui televisori in tutto l&#8217;ufficio<\/li>\n<li><strong>Link pubblicati<\/strong>: condividi una versione di sola lettura della tua dashboard con chiunque, ovunque, usando i link pubblicati<\/li>\n<li><strong>Libreria del set di dati<\/strong>: accedi a una vasta libreria di set di dati modello pronti per la creazione di grafici e dashboard<\/li>\n<li><strong>Istantanee di dati storici<\/strong>: scatta istantanee delle tue metriche orarie, settimanali o mensili per monitorare facilmente i tuoi progressi.<\/li>\n<\/ul>\n<h3>GROW &#8211; CARATTERISTICHE<\/h3>\n<ul>\n<li><strong>&#8220;Ottimo strumento non tecnico di facile utilizzo per approfondimenti aziendali&#8221;<\/strong><br \/>\nIN GENERALE: Nel complesso, questo ci ha fornito la piattaforma di metriche di cui avevamo bisogno per essere in grado di creare e mantenere i report di cui abbiamo bisogno per monitorare e ottenere informazioni chiave sulla nostra attivit\u00e0. Il team di Grow \u00e8 sempre stato eccezionale per aiutarci a risolvere qualsiasi cosa, dai problemi semplici a quelli molto complessi, per raggiungere i nostri obiettivi di reporting.<br \/>\nPRO: pu\u00f2 fare quasi tutto con pazienza e logica, senza bisogno di distrarre gli sviluppatori per aiutare con query di dati complicati. L&#8217;assistenza clienti \u00e8 eccezionale, si prende sempre il tempo necessario per comprendere e aiutare a risolvere qualsiasi cosa tu gli passi, focalizzata sulla soluzione.<br \/>\nCONTRO: A volte pu\u00f2 essere un po&#8217; difettoso, specialmente dopo grandi rilasci, che richiede pi\u00f9 attenzione di quanto vorrei &#8220;correggere&#8221; le metriche che in precedenza funzionavano bene. Pu\u00f2 anche essere molto lento con set di dati di grandi dimensioni, alcuni dei quali sono troppo grandi per essere gestiti.<\/li>\n<li><strong>&#8220;Solid BI Dashboard Solution&#8221;<\/strong><br \/>\nIN GENERALE: \u00e8 stato grandioso creare i dashboard di cui abbiamo bisogno per vedere cosa funziona in tempo reale in modo da poter prendere decisioni intelligenti e basate sui dati, in tempo reale.<br \/>\nPRO: Come marketer che tende a cercare i dati sulle prestazioni, \u00e8 stato fantastico avere una solida soluzione di dashboard che mi permettesse di collegare pi\u00f9 origini dati, aggregare tutti i dati e tagliare e tagliare dadi per creare grafici visivi, grafici e tabelle che dipingono un chiaro quadro delle prestazioni delle nostre iniziative di marketing.<br \/>\nCONTRO: Ancora una volta come marketer (rispetto a un analista di dati), all&#8217;inizio c&#8217;\u00e8 un po &#8216;di una curva di apprendimento quando si capisce come sfruttare gli strumenti di manipolazione e filtro dei dati di Grow. Ma il team di Grow ha continuamente apportato miglioramenti a questi sistemi, migliorando notevolmente l&#8217;esperienza di costruzione di metriche \/ dashboard. Le mie principali critiche, che probabilmente non sono uniche per Grow, ruotano solo attorno alle integrazioni che forniscono. Mancano ancora alcune connessioni di piattaforma popolari di cui abbiamo bisogno.<\/li>\n<li><strong>&#8220;Fantastica dashboard BI per le piccole imprese&#8221;<\/strong><br \/>\nIN GENERALE: Grow ha progettato un software eccellente, flessibile e facile da usare. Sembrano collegarsi a quasi tutti gli altri strumenti con cui vogliamo lavorare e, in caso contrario, possiamo lavorare con un foglio di Google o qualcos&#8217;altro. Hanno anche una buona API. Il loro servizio \u00e8 eccellente. Adoro questa compagnia.<br \/>\nPRO: facile da usare, grande design, flessibile, integrazioni eccellenti, servizio clienti veloce.<br \/>\nCONTRO: Non include alcune funzionalit\u00e0, come le sparkline con hovers per i dati temporali, che ho seguito.<\/li>\n<\/ul>\n","protected":false},"excerpt":{"rendered":"<p>Grow \u00e8 un programma di business intelligence progettato per organizzazione di piccole e medie dimensioni che vogliono monitorare e migliorare il loro flusso di lavoro. Si tratta di una soluzione di analisi e reporting, basata su cloud, che permette di creare dashboard e metriche personalizzabili per le proprie esigenze aziendali.<\/p>\n","protected":false},"author":17,"featured_media":21002,"parent":32646,"menu_order":0,"comment_status":"open","ping_status":"closed","template":"g1_template_page_review_new.php","meta":{"_acf_changed":false,"cwp_meta_box_check":"Yes","cwp_rev_product_name":"","cwp_rev_product_image":"","wppr_links":[],"cwp_rev_price":"","wppr_options":[],"wppr_pros":[],"wppr_cons":[],"_monsterinsights_skip_tracking":false,"_monsterinsights_sitenote_active":false,"_monsterinsights_sitenote_note":"","_monsterinsights_sitenote_category":0,"footnotes":""},"categories":[1555],"tags":[1561,1565,1566,1567],"features":[],"class_list":{"0":"post-20999","1":"page","2":"type-page","3":"status-publish","4":"has-post-thumbnail","6":"category-business-intelligence-it","7":"tag-bi","8":"tag-business-intelligence","9":"tag-programma-di-business-intelligence","10":"tag-software-di-business-intelligence"},"wppr_data":{"cwp_meta_box_check":"Yes","cwp_rev_product_name":"","cwp_rev_product_image":"","cwp_image_link":"image","cwp_rev_price":"","wppr_rating":"0.00"},"acf":[],"yoast_head":"<!-- This site is optimized with the Yoast SEO plugin v27.4 - https:\/\/yoast.com\/product\/yoast-seo-wordpress\/ -->\n<title>Grow: recensione business intelligence software - Accurate Reviews<\/title>\n<meta name=\"description\" content=\"Grow: recensione del programma di business intelligence progettato per organizzazione di piccole e medie dimensioni che vogliono migliorare il loro lavoro.\" \/>\n<meta name=\"robots\" content=\"index, follow, max-snippet:-1, max-image-preview:large, max-video-preview:-1\" \/>\n<link rel=\"canonical\" href=\"https:\/\/www.accuratereviews.com\/it\/business-intelligence\/grow-recensione\/\" \/>\n<meta property=\"og:locale\" content=\"it_IT\" \/>\n<meta property=\"og:type\" content=\"article\" \/>\n<meta property=\"og:title\" content=\"Grow: recensione business intelligence software - Accurate Reviews\" \/>\n<meta property=\"og:description\" content=\"Grow: recensione del programma di business intelligence progettato per organizzazione di piccole e medie dimensioni che vogliono migliorare il loro lavoro.\" \/>\n<meta property=\"og:url\" content=\"https:\/\/www.accuratereviews.com\/it\/business-intelligence\/grow-recensione\/\" \/>\n<meta property=\"og:site_name\" content=\"Accurate Reviews\" \/>\n<meta property=\"article:modified_time\" content=\"2021-05-18T14:52:19+00:00\" \/>\n<meta property=\"og:image\" content=\"https:\/\/www.accuratereviews.com\/wp-content\/uploads\/2019\/12\/3b78afc40d6c179abe2d752d619b5187.png\" \/>\n\t<meta property=\"og:image:width\" content=\"752\" \/>\n\t<meta property=\"og:image:height\" content=\"400\" \/>\n\t<meta property=\"og:image:type\" content=\"image\/png\" \/>\n<meta name=\"twitter:card\" content=\"summary_large_image\" \/>\n<meta name=\"twitter:label1\" content=\"Tempo di lettura stimato\" \/>\n\t<meta name=\"twitter:data1\" content=\"4 minuti\" \/>\n<script type=\"application\/ld+json\" class=\"yoast-schema-graph\">{\"@context\":\"https:\\\/\\\/schema.org\",\"@graph\":[{\"@type\":\"WebPage\",\"@id\":\"https:\\\/\\\/www.accuratereviews.com\\\/it\\\/business-intelligence\\\/grow-recensione\\\/\",\"url\":\"https:\\\/\\\/www.accuratereviews.com\\\/it\\\/business-intelligence\\\/grow-recensione\\\/\",\"name\":\"Grow: recensione business intelligence software - Accurate Reviews\",\"isPartOf\":{\"@id\":\"https:\\\/\\\/www.accuratereviews.com\\\/it\\\/#website\"},\"primaryImageOfPage\":{\"@id\":\"https:\\\/\\\/www.accuratereviews.com\\\/it\\\/business-intelligence\\\/grow-recensione\\\/#primaryimage\"},\"image\":{\"@id\":\"https:\\\/\\\/www.accuratereviews.com\\\/it\\\/business-intelligence\\\/grow-recensione\\\/#primaryimage\"},\"thumbnailUrl\":\"https:\\\/\\\/www.accuratereviews.com\\\/wp-content\\\/uploads\\\/2019\\\/12\\\/3b78afc40d6c179abe2d752d619b5187.png\",\"datePublished\":\"2019-12-09T17:32:32+00:00\",\"dateModified\":\"2021-05-18T14:52:19+00:00\",\"description\":\"Grow: recensione del programma di business intelligence progettato per organizzazione di piccole e medie dimensioni che vogliono migliorare il loro lavoro.\",\"breadcrumb\":{\"@id\":\"https:\\\/\\\/www.accuratereviews.com\\\/it\\\/business-intelligence\\\/grow-recensione\\\/#breadcrumb\"},\"inLanguage\":\"it-IT\",\"potentialAction\":[{\"@type\":\"ReadAction\",\"target\":[\"https:\\\/\\\/www.accuratereviews.com\\\/it\\\/business-intelligence\\\/grow-recensione\\\/\"]}]},{\"@type\":\"ImageObject\",\"inLanguage\":\"it-IT\",\"@id\":\"https:\\\/\\\/www.accuratereviews.com\\\/it\\\/business-intelligence\\\/grow-recensione\\\/#primaryimage\",\"url\":\"https:\\\/\\\/www.accuratereviews.com\\\/wp-content\\\/uploads\\\/2019\\\/12\\\/3b78afc40d6c179abe2d752d619b5187.png\",\"contentUrl\":\"https:\\\/\\\/www.accuratereviews.com\\\/wp-content\\\/uploads\\\/2019\\\/12\\\/3b78afc40d6c179abe2d752d619b5187.png\",\"width\":752,\"height\":400},{\"@type\":\"BreadcrumbList\",\"@id\":\"https:\\\/\\\/www.accuratereviews.com\\\/it\\\/business-intelligence\\\/grow-recensione\\\/#breadcrumb\",\"itemListElement\":[{\"@type\":\"ListItem\",\"position\":1,\"name\":\"Home\",\"item\":\"https:\\\/\\\/www.accuratereviews.com\\\/it\\\/\"},{\"@type\":\"ListItem\",\"position\":2,\"name\":\"Business intelligence\",\"item\":\"https:\\\/\\\/www.accuratereviews.com\\\/it\\\/business-intelligence\\\/\"},{\"@type\":\"ListItem\",\"position\":3,\"name\":\"Grow\"}]},{\"@type\":\"WebSite\",\"@id\":\"https:\\\/\\\/www.accuratereviews.com\\\/it\\\/#website\",\"url\":\"https:\\\/\\\/www.accuratereviews.com\\\/it\\\/\",\"name\":\"Accurate Reviews\",\"description\":\"\",\"potentialAction\":[{\"@type\":\"SearchAction\",\"target\":{\"@type\":\"EntryPoint\",\"urlTemplate\":\"https:\\\/\\\/www.accuratereviews.com\\\/it\\\/?s={search_term_string}\"},\"query-input\":{\"@type\":\"PropertyValueSpecification\",\"valueRequired\":true,\"valueName\":\"search_term_string\"}}],\"inLanguage\":\"it-IT\"}]}<\/script>\n<!-- \/ Yoast SEO plugin. -->","yoast_head_json":{"title":"Grow: recensione business intelligence software - Accurate Reviews","description":"Grow: recensione del programma di business intelligence progettato per organizzazione di piccole e medie dimensioni che vogliono migliorare il loro lavoro.","robots":{"index":"index","follow":"follow","max-snippet":"max-snippet:-1","max-image-preview":"max-image-preview:large","max-video-preview":"max-video-preview:-1"},"canonical":"https:\/\/www.accuratereviews.com\/it\/business-intelligence\/grow-recensione\/","og_locale":"it_IT","og_type":"article","og_title":"Grow: recensione business intelligence software - Accurate Reviews","og_description":"Grow: recensione del programma di business intelligence progettato per organizzazione di piccole e medie dimensioni che vogliono migliorare il loro lavoro.","og_url":"https:\/\/www.accuratereviews.com\/it\/business-intelligence\/grow-recensione\/","og_site_name":"Accurate Reviews","article_modified_time":"2021-05-18T14:52:19+00:00","og_image":[{"width":752,"height":400,"url":"https:\/\/www.accuratereviews.com\/wp-content\/uploads\/2019\/12\/3b78afc40d6c179abe2d752d619b5187.png","type":"image\/png"}],"twitter_card":"summary_large_image","twitter_misc":{"Tempo di lettura stimato":"4 minuti"},"schema":{"@context":"https:\/\/schema.org","@graph":[{"@type":"WebPage","@id":"https:\/\/www.accuratereviews.com\/it\/business-intelligence\/grow-recensione\/","url":"https:\/\/www.accuratereviews.com\/it\/business-intelligence\/grow-recensione\/","name":"Grow: recensione business intelligence software - Accurate Reviews","isPartOf":{"@id":"https:\/\/www.accuratereviews.com\/it\/#website"},"primaryImageOfPage":{"@id":"https:\/\/www.accuratereviews.com\/it\/business-intelligence\/grow-recensione\/#primaryimage"},"image":{"@id":"https:\/\/www.accuratereviews.com\/it\/business-intelligence\/grow-recensione\/#primaryimage"},"thumbnailUrl":"https:\/\/www.accuratereviews.com\/wp-content\/uploads\/2019\/12\/3b78afc40d6c179abe2d752d619b5187.png","datePublished":"2019-12-09T17:32:32+00:00","dateModified":"2021-05-18T14:52:19+00:00","description":"Grow: recensione del programma di business intelligence progettato per organizzazione di piccole e medie dimensioni che vogliono migliorare il loro lavoro.","breadcrumb":{"@id":"https:\/\/www.accuratereviews.com\/it\/business-intelligence\/grow-recensione\/#breadcrumb"},"inLanguage":"it-IT","potentialAction":[{"@type":"ReadAction","target":["https:\/\/www.accuratereviews.com\/it\/business-intelligence\/grow-recensione\/"]}]},{"@type":"ImageObject","inLanguage":"it-IT","@id":"https:\/\/www.accuratereviews.com\/it\/business-intelligence\/grow-recensione\/#primaryimage","url":"https:\/\/www.accuratereviews.com\/wp-content\/uploads\/2019\/12\/3b78afc40d6c179abe2d752d619b5187.png","contentUrl":"https:\/\/www.accuratereviews.com\/wp-content\/uploads\/2019\/12\/3b78afc40d6c179abe2d752d619b5187.png","width":752,"height":400},{"@type":"BreadcrumbList","@id":"https:\/\/www.accuratereviews.com\/it\/business-intelligence\/grow-recensione\/#breadcrumb","itemListElement":[{"@type":"ListItem","position":1,"name":"Home","item":"https:\/\/www.accuratereviews.com\/it\/"},{"@type":"ListItem","position":2,"name":"Business intelligence","item":"https:\/\/www.accuratereviews.com\/it\/business-intelligence\/"},{"@type":"ListItem","position":3,"name":"Grow"}]},{"@type":"WebSite","@id":"https:\/\/www.accuratereviews.com\/it\/#website","url":"https:\/\/www.accuratereviews.com\/it\/","name":"Accurate Reviews","description":"","potentialAction":[{"@type":"SearchAction","target":{"@type":"EntryPoint","urlTemplate":"https:\/\/www.accuratereviews.com\/it\/?s={search_term_string}"},"query-input":{"@type":"PropertyValueSpecification","valueRequired":true,"valueName":"search_term_string"}}],"inLanguage":"it-IT"}]}},"_links":{"self":[{"href":"https:\/\/www.accuratereviews.com\/it\/wp-json\/wp\/v2\/pages\/20999","targetHints":{"allow":["GET"]}}],"collection":[{"href":"https:\/\/www.accuratereviews.com\/it\/wp-json\/wp\/v2\/pages"}],"about":[{"href":"https:\/\/www.accuratereviews.com\/it\/wp-json\/wp\/v2\/types\/page"}],"author":[{"embeddable":true,"href":"https:\/\/www.accuratereviews.com\/it\/wp-json\/wp\/v2\/users\/17"}],"replies":[{"embeddable":true,"href":"https:\/\/www.accuratereviews.com\/it\/wp-json\/wp\/v2\/comments?post=20999"}],"version-history":[{"count":7,"href":"https:\/\/www.accuratereviews.com\/it\/wp-json\/wp\/v2\/pages\/20999\/revisions"}],"predecessor-version":[{"id":42934,"href":"https:\/\/www.accuratereviews.com\/it\/wp-json\/wp\/v2\/pages\/20999\/revisions\/42934"}],"up":[{"embeddable":true,"href":"https:\/\/www.accuratereviews.com\/it\/wp-json\/wp\/v2\/pages\/32646"}],"wp:featuredmedia":[{"embeddable":true,"href":"https:\/\/www.accuratereviews.com\/it\/wp-json\/wp\/v2\/media\/21002"}],"wp:attachment":[{"href":"https:\/\/www.accuratereviews.com\/it\/wp-json\/wp\/v2\/media?parent=20999"}],"wp:term":[{"taxonomy":"category","embeddable":true,"href":"https:\/\/www.accuratereviews.com\/it\/wp-json\/wp\/v2\/categories?post=20999"},{"taxonomy":"post_tag","embeddable":true,"href":"https:\/\/www.accuratereviews.com\/it\/wp-json\/wp\/v2\/tags?post=20999"},{"taxonomy":"features","embeddable":true,"href":"https:\/\/www.accuratereviews.com\/it\/wp-json\/wp\/v2\/features?post=20999"}],"curies":[{"name":"wp","href":"https:\/\/api.w.org\/{rel}","templated":true}]}}