{"id":21016,"date":"2019-12-10T17:04:44","date_gmt":"2019-12-10T17:04:44","guid":{"rendered":"https:\/\/www.accuratereviews.com\/?page_id=21016"},"modified":"2019-12-16T09:53:41","modified_gmt":"2019-12-16T09:53:41","slug":"ai-image-enlarger-recensione","status":"publish","type":"page","link":"https:\/\/www.accuratereviews.com\/it\/photo-editing-lista-software\/ai-image-enlarger-recensione\/","title":{"rendered":"AI Image Enlarger"},"content":{"rendered":"<h2>Dai nuova vita alle tue foto con AI Image Enlarger<\/h2>\n<p>Per molti anni l&#8217;ingrandimento di un&#8217;immagine senza una significativa perdita di qualit\u00e0 \u00e8 stato ritenuto impossibile. Una serie di strumenti online diversi ne sono una testimonianza: usano metodi molto economici per aumentare apparentemente la densit\u00e0 dei pixel e alla fine fornire risultati scadenti. <a href=\"https:\/\/imglarger.com\" target=\"_blank\" rel=\"noopener noreferrer\"><strong>AI Image Enlarger<\/strong><\/a> \u00e8 uno strumento nuovissimo che utilizza gli ultimi progressi tecnologici per <strong>ingrandire l&#8217;immagine<\/strong> senza influire sulla sua struttura generale.<\/p>\n<h3>In cosa consiste?<\/h3>\n<p><strong>AI Image Enlarger<\/strong> ha lo scopo di risolvere i problemi che affliggono altri strumenti simili, come una foto sfocata, algoritmi lenti e inefficienti, supporto limitato ecc. Non \u00e8 specifico della piattaforma &#8211; invece, puoi usarlo su <strong>Windows, Mac, iOS e Android<\/strong>. Anche il pi\u00f9 inesperto degli utenti lo trover\u00e0 facile da usare, poich\u00e9 il processo prevede solo tre passaggi. Se il concetto di strumento basato sul web non ti piace, le app scaricabili ti danno la possibilit\u00e0 di aumentare le dimensioni dell&#8217;immagine comodamente dal tuo desktop. Occupando solo un paio di megabyte, il tuo PC \/ telefono non lo sentir\u00e0 nemmeno.<\/p>\n<p>Sia la versione online che le app corrispondenti <strong>sono gratuite per sempre.<\/strong> Tuttavia, esistono alcune limitazioni e dovrai acquistare la versione Premium o Pro se desideri rimuovere tali limiti. Entrambi i piani sono disponibili su base mensile o annuale. Se desideri annullare l&#8217;abbonamento, puoi farlo inviando una email.<\/p>\n<h4><a href=\"https:\/\/www.accuratereviews.com\/wp-content\/uploads\/2019\/12\/1-photo-after-before-image-enlarged-1000.jpg\"><img loading=\"lazy\" decoding=\"async\" class=\"size-full wp-image-21025 aligncenter\" src=\"https:\/\/www.accuratereviews.com\/wp-content\/uploads\/2019\/12\/1-photo-after-before-image-enlarged-1000.jpg\" alt=\"\" width=\"1000\" height=\"563\" srcset=\"https:\/\/www.accuratereviews.com\/wp-content\/uploads\/2019\/12\/1-photo-after-before-image-enlarged-1000.jpg 1000w, https:\/\/www.accuratereviews.com\/wp-content\/uploads\/2019\/12\/1-photo-after-before-image-enlarged-1000-300x169.jpg 300w, https:\/\/www.accuratereviews.com\/wp-content\/uploads\/2019\/12\/1-photo-after-before-image-enlarged-1000-768x432.jpg 768w, https:\/\/www.accuratereviews.com\/wp-content\/uploads\/2019\/12\/1-photo-after-before-image-enlarged-1000-222x125.jpg 222w, https:\/\/www.accuratereviews.com\/wp-content\/uploads\/2019\/12\/1-photo-after-before-image-enlarged-1000-50x28.jpg 50w, https:\/\/www.accuratereviews.com\/wp-content\/uploads\/2019\/12\/1-photo-after-before-image-enlarged-1000-968x545.jpg 968w, https:\/\/www.accuratereviews.com\/wp-content\/uploads\/2019\/12\/1-photo-after-before-image-enlarged-1000-636x358.jpg 636w, https:\/\/www.accuratereviews.com\/wp-content\/uploads\/2019\/12\/1-photo-after-before-image-enlarged-1000-482x271.jpg 482w, https:\/\/www.accuratereviews.com\/wp-content\/uploads\/2019\/12\/1-photo-after-before-image-enlarged-1000-320x180.jpg 320w, https:\/\/www.accuratereviews.com\/wp-content\/uploads\/2019\/12\/1-photo-after-before-image-enlarged-1000-239x135.jpg 239w\" sizes=\"auto, (max-width: 1000px) 100vw, 1000px\" \/><\/a><\/h4>\n<h4>Come utilizzare Ingranditore di immagini con tecnologia AI<\/h4>\n<h4>&#8211; <strong>Strumento online<\/strong><\/h4>\n<p>Prima di utilizzare lo strumento, creare un account. Per il piano gratuito, non dovrai inviare le informazioni sulla carta di credito &#8211; solo un&#8217;email e una password.<\/p>\n<p>Fai clic sul pulsante arancione di caricamento. (https:\/\/imgur.com\/a\/DBWwHMU)<\/p>\n<p>Seleziona l&#8217;immagine desiderata e aprila. (https:\/\/imgur.com\/a\/XlBoh4Q)<\/p>\n<p>Scegli il ridimensionamento \/ algoritmo desiderato e fai clic su &#8220;Avvia&#8221;. (https:\/\/imgur.com\/a\/mmniwdU)<\/p>\n<p>Una volta fatto, fare clic sul pulsante di download. Fare clic con il tasto destro sull&#8217;immagine e salvarla sul PC. (https:\/\/imgur.com\/a\/YYH3A4B)<\/p>\n<h4>&#8211; <strong>Programma per computer<\/strong><\/h4>\n<p>Sia Windows che Mac hanno le stesse interfacce, quindi i passaggi dovrebbero essere abbastanza simili.<\/p>\n<p>Trascina e rilascia l&#8217;immagine nel riquadro delineato. (https:\/\/imgur.com\/a\/P3KVaJx)<\/p>\n<p>Impostare l&#8217;algoritmo \/ il ridimensionamento e fare clic sul pulsante &#8220;Invia&#8221;. (https:\/\/imgur.com\/a\/CMMGPPe)<\/p>\n<p>Fare clic sui due pulsanti consecutivi per il download e attendere fino al termine. (https:\/\/imgur.com\/a\/ee9C8WC)<\/p>\n<h4>&#8211; <strong>App mobile<\/strong><\/h4>\n<p>L&#8217;esempio \u00e8 fatto su Android, ma il processo \u00e8 quasi identico su iOS.<br \/>\nSeleziona l&#8217;algoritmo desiderato e tocca il riquadro &#8220;Carica immagine&#8221;. (https:\/\/imgur.com\/a\/evYgEZ9)<\/p>\n<p>Scegli la foto desiderata e tocca il pulsante blu &#8220;Carica&#8221;. (https:\/\/imgur.com\/a\/dgKqd0S)<\/p>\n<p>Visualizza il risultato finale, condividilo o salvalo nella tua galleria. (https:\/\/imgur.com\/a\/vYbq5ts)<\/p>\n<h5>Vantaggi dell&#8217;utilizzo di AI Image Enlarger<\/h5>\n<h5>&#8211; Algoritmo AI<\/h5>\n<p>Questo ingranditore fotografico utilizza un avanzato processo di apprendimento automatico per scansionare e riconoscere accuratamente i singoli pixel. Quattro scelte per diversi scenari garantiscono sempre il miglior risultato. Poich\u00e9 l&#8217;IA pu\u00f2 essere &#8220;allenata&#8221;, ogni risultato consecutivo sar\u00e0 migliore dell&#8217;ultimo. Inoltre, gli utenti possono inviare una serie di foto ad alta risoluzione se vogliono aiutare a migliorare la rete.<\/p>\n<h5>&#8211; <strong>Elaborazione in lotti<\/strong><\/h5>\n<p>Scegliendo una delle due opzioni a pagamento avrai accesso a una funzione di &#8220;<strong>elaborazione batch<\/strong>&#8220;. Se devi ingrandire pi\u00f9 foto, non dovrai esaminarle manualmente una per una. Puoi invece caricarli tutti in una volta e lasciare che AI \u200b\u200bImage Enlarger faccia il resto.<\/p>\n<h5>&#8211; <strong>Lightning Quick<\/strong><\/h5>\n<p>La combinazione di due processori <strong>Intel Xeon<\/strong> di alto livello e due gruppi di quattro schede grafiche elabora i file con la massima efficienza. Anche l&#8217;opzione di ridimensionamento 8x pi\u00f9 alta richiede solo pochi secondi. L&#8217;elaborazione in batch pu\u00f2 durare un paio di minuti, a seconda della quantit\u00e0 di immagini. In futuro, ci sar\u00e0 un&#8217;opzione per il ridimensionamento 16x man mano che l&#8217;hardware viene aggiornato.<\/p>\n<h6><strong>Metodo alternativo &#8211; Photoshop<\/strong><\/h6>\n<p>L&#8217;immagine pu\u00f2 essere migliorata anche con <strong>Photoshop<\/strong>, anche se \u00e8 un po &#8216;pi\u00f9 difficile.<\/p>\n<p>Apri l&#8217;immagine in Photoshop, seleziona la scheda &#8220;Immagine&#8221; nella barra degli strumenti, quindi &#8220;Dimensione immagine&#8221;. Inserisci le dimensioni pixel desiderate. Deseleziona la casella &#8220;Vincola proporzioni&#8221; per assicurarti che la risoluzione venga migliorata. Seleziona il ricampionamento &#8220;Bicubic Smoother&#8221; metodo pi\u00f9 appropriato per l&#8217;ingrandimento. Fare clic sul pulsante &#8220;OK&#8221;.<\/p>\n<p><strong>Photoshop<\/strong> occupa una grande quantit\u00e0 di spazio sul disco rigido e non \u00e8 l&#8217;opzione pi\u00f9 efficiente se si desidera utilizzarlo solo per il ridimensionamento.<\/p>\n<p>&nbsp;<\/p>\n","protected":false},"excerpt":{"rendered":"<p>Per molti anni l&#8217;ingrandimento di un&#8217;immagine senza una significativa perdita di qualit\u00e0 \u00e8 stato ritenuto impossibile. Una serie di strumenti online diversi ne sono una testimonianza: usano metodi molto economici per aumentare apparentemente la densit\u00e0 dei pixel e alla fine fornire risultati scadenti. AI Image Enlarger \u00e8 uno strumento nuovissimo che utilizza gli ultimi progressi tecnologici per ingrandire l&#8217;immagine senza influire sulla sua struttura generale.<\/p>\n","protected":false},"author":19,"featured_media":21017,"parent":9097,"menu_order":0,"comment_status":"open","ping_status":"closed","template":"g1_template_page_review_new.php","meta":{"_acf_changed":false,"cwp_meta_box_check":"Yes","cwp_rev_product_name":"","cwp_rev_product_image":"","wppr_links":[],"cwp_rev_price":"","wppr_options":[],"wppr_pros":[],"wppr_cons":[],"_monsterinsights_skip_tracking":false,"_monsterinsights_sitenote_active":false,"_monsterinsights_sitenote_note":"","_monsterinsights_sitenote_category":0,"footnotes":""},"categories":[178],"tags":[1570,1569,557,556,573,1568],"features":[],"class_list":{"0":"post-21016","1":"page","2":"type-page","3":"status-publish","4":"has-post-thumbnail","6":"category-photo-editing-it","7":"tag-ai-image-enlarger","8":"tag-piattaforma-photo-editing","9":"tag-programma-photo-editing","10":"tag-software-photo-editing","11":"tag-software-photo-editing-gratuito","12":"tag-soluzione-photo-editing"},"wppr_data":{"cwp_meta_box_check":"Yes","cwp_rev_product_name":"","cwp_rev_product_image":"","cwp_image_link":"image","cwp_rev_price":"","wppr_rating":"0.00"},"acf":[],"yoast_head":"<!-- This site is optimized with the Yoast SEO plugin v27.4 - https:\/\/yoast.com\/product\/yoast-seo-wordpress\/ -->\n<title>AI Image Enlarger: softwer photo editing - Accurate Reviews<\/title>\n<meta name=\"description\" content=\"AI Image Enlarger: strumento nuovissimo che utilizza gli ultimi progressi tecnologici per ingrandire l&#039;immagine senza influire sulla sua struttura generale.\" \/>\n<meta name=\"robots\" content=\"index, follow, max-snippet:-1, max-image-preview:large, max-video-preview:-1\" \/>\n<link rel=\"canonical\" href=\"https:\/\/www.accuratereviews.com\/it\/photo-editing-lista-software\/ai-image-enlarger-recensione\/\" \/>\n<meta property=\"og:locale\" content=\"it_IT\" \/>\n<meta property=\"og:type\" content=\"article\" \/>\n<meta property=\"og:title\" content=\"AI Image Enlarger: softwer photo editing - Accurate Reviews\" \/>\n<meta property=\"og:description\" content=\"AI Image Enlarger: strumento nuovissimo che utilizza gli ultimi progressi tecnologici per ingrandire l&#039;immagine senza influire sulla sua struttura generale.\" \/>\n<meta property=\"og:url\" content=\"https:\/\/www.accuratereviews.com\/it\/photo-editing-lista-software\/ai-image-enlarger-recensione\/\" \/>\n<meta property=\"og:site_name\" content=\"Accurate Reviews\" \/>\n<meta property=\"article:modified_time\" content=\"2019-12-16T09:53:41+00:00\" \/>\n<meta property=\"og:image\" content=\"https:\/\/www.accuratereviews.com\/wp-content\/uploads\/2019\/12\/ai.png\" \/>\n\t<meta property=\"og:image:width\" content=\"251\" \/>\n\t<meta property=\"og:image:height\" content=\"251\" \/>\n\t<meta property=\"og:image:type\" content=\"image\/png\" \/>\n<meta name=\"twitter:card\" content=\"summary_large_image\" \/>\n<meta name=\"twitter:label1\" content=\"Tempo di lettura stimato\" \/>\n\t<meta name=\"twitter:data1\" content=\"4 minuti\" \/>\n<script type=\"application\/ld+json\" class=\"yoast-schema-graph\">{\"@context\":\"https:\\\/\\\/schema.org\",\"@graph\":[{\"@type\":\"WebPage\",\"@id\":\"https:\\\/\\\/www.accuratereviews.com\\\/it\\\/photo-editing-lista-software\\\/ai-image-enlarger-recensione\\\/\",\"url\":\"https:\\\/\\\/www.accuratereviews.com\\\/it\\\/photo-editing-lista-software\\\/ai-image-enlarger-recensione\\\/\",\"name\":\"AI Image Enlarger: softwer photo editing - Accurate Reviews\",\"isPartOf\":{\"@id\":\"https:\\\/\\\/www.accuratereviews.com\\\/it\\\/#website\"},\"primaryImageOfPage\":{\"@id\":\"https:\\\/\\\/www.accuratereviews.com\\\/it\\\/photo-editing-lista-software\\\/ai-image-enlarger-recensione\\\/#primaryimage\"},\"image\":{\"@id\":\"https:\\\/\\\/www.accuratereviews.com\\\/it\\\/photo-editing-lista-software\\\/ai-image-enlarger-recensione\\\/#primaryimage\"},\"thumbnailUrl\":\"https:\\\/\\\/www.accuratereviews.com\\\/wp-content\\\/uploads\\\/2019\\\/12\\\/ai.png\",\"datePublished\":\"2019-12-10T17:04:44+00:00\",\"dateModified\":\"2019-12-16T09:53:41+00:00\",\"description\":\"AI Image Enlarger: strumento nuovissimo che utilizza gli ultimi progressi tecnologici per ingrandire l'immagine senza influire sulla sua struttura generale.\",\"breadcrumb\":{\"@id\":\"https:\\\/\\\/www.accuratereviews.com\\\/it\\\/photo-editing-lista-software\\\/ai-image-enlarger-recensione\\\/#breadcrumb\"},\"inLanguage\":\"it-IT\",\"potentialAction\":[{\"@type\":\"ReadAction\",\"target\":[\"https:\\\/\\\/www.accuratereviews.com\\\/it\\\/photo-editing-lista-software\\\/ai-image-enlarger-recensione\\\/\"]}]},{\"@type\":\"ImageObject\",\"inLanguage\":\"it-IT\",\"@id\":\"https:\\\/\\\/www.accuratereviews.com\\\/it\\\/photo-editing-lista-software\\\/ai-image-enlarger-recensione\\\/#primaryimage\",\"url\":\"https:\\\/\\\/www.accuratereviews.com\\\/wp-content\\\/uploads\\\/2019\\\/12\\\/ai.png\",\"contentUrl\":\"https:\\\/\\\/www.accuratereviews.com\\\/wp-content\\\/uploads\\\/2019\\\/12\\\/ai.png\",\"width\":251,\"height\":251},{\"@type\":\"BreadcrumbList\",\"@id\":\"https:\\\/\\\/www.accuratereviews.com\\\/it\\\/photo-editing-lista-software\\\/ai-image-enlarger-recensione\\\/#breadcrumb\",\"itemListElement\":[{\"@type\":\"ListItem\",\"position\":1,\"name\":\"Home\",\"item\":\"https:\\\/\\\/www.accuratereviews.com\\\/it\\\/\"},{\"@type\":\"ListItem\",\"position\":2,\"name\":\"Photo Editing\",\"item\":\"https:\\\/\\\/www.accuratereviews.com\\\/it\\\/photo-editing-lista-software\\\/\"},{\"@type\":\"ListItem\",\"position\":3,\"name\":\"AI Image Enlarger\"}]},{\"@type\":\"WebSite\",\"@id\":\"https:\\\/\\\/www.accuratereviews.com\\\/it\\\/#website\",\"url\":\"https:\\\/\\\/www.accuratereviews.com\\\/it\\\/\",\"name\":\"Accurate Reviews\",\"description\":\"\",\"potentialAction\":[{\"@type\":\"SearchAction\",\"target\":{\"@type\":\"EntryPoint\",\"urlTemplate\":\"https:\\\/\\\/www.accuratereviews.com\\\/it\\\/?s={search_term_string}\"},\"query-input\":{\"@type\":\"PropertyValueSpecification\",\"valueRequired\":true,\"valueName\":\"search_term_string\"}}],\"inLanguage\":\"it-IT\"}]}<\/script>\n<!-- \/ Yoast SEO plugin. -->","yoast_head_json":{"title":"AI Image Enlarger: softwer photo editing - Accurate Reviews","description":"AI Image Enlarger: strumento nuovissimo che utilizza gli ultimi progressi tecnologici per ingrandire l'immagine senza influire sulla sua struttura generale.","robots":{"index":"index","follow":"follow","max-snippet":"max-snippet:-1","max-image-preview":"max-image-preview:large","max-video-preview":"max-video-preview:-1"},"canonical":"https:\/\/www.accuratereviews.com\/it\/photo-editing-lista-software\/ai-image-enlarger-recensione\/","og_locale":"it_IT","og_type":"article","og_title":"AI Image Enlarger: softwer photo editing - Accurate Reviews","og_description":"AI Image Enlarger: strumento nuovissimo che utilizza gli ultimi progressi tecnologici per ingrandire l'immagine senza influire sulla sua struttura generale.","og_url":"https:\/\/www.accuratereviews.com\/it\/photo-editing-lista-software\/ai-image-enlarger-recensione\/","og_site_name":"Accurate Reviews","article_modified_time":"2019-12-16T09:53:41+00:00","og_image":[{"width":251,"height":251,"url":"https:\/\/www.accuratereviews.com\/wp-content\/uploads\/2019\/12\/ai.png","type":"image\/png"}],"twitter_card":"summary_large_image","twitter_misc":{"Tempo di lettura stimato":"4 minuti"},"schema":{"@context":"https:\/\/schema.org","@graph":[{"@type":"WebPage","@id":"https:\/\/www.accuratereviews.com\/it\/photo-editing-lista-software\/ai-image-enlarger-recensione\/","url":"https:\/\/www.accuratereviews.com\/it\/photo-editing-lista-software\/ai-image-enlarger-recensione\/","name":"AI Image Enlarger: softwer photo editing - Accurate Reviews","isPartOf":{"@id":"https:\/\/www.accuratereviews.com\/it\/#website"},"primaryImageOfPage":{"@id":"https:\/\/www.accuratereviews.com\/it\/photo-editing-lista-software\/ai-image-enlarger-recensione\/#primaryimage"},"image":{"@id":"https:\/\/www.accuratereviews.com\/it\/photo-editing-lista-software\/ai-image-enlarger-recensione\/#primaryimage"},"thumbnailUrl":"https:\/\/www.accuratereviews.com\/wp-content\/uploads\/2019\/12\/ai.png","datePublished":"2019-12-10T17:04:44+00:00","dateModified":"2019-12-16T09:53:41+00:00","description":"AI Image Enlarger: strumento nuovissimo che utilizza gli ultimi progressi tecnologici per ingrandire l'immagine senza influire sulla sua struttura generale.","breadcrumb":{"@id":"https:\/\/www.accuratereviews.com\/it\/photo-editing-lista-software\/ai-image-enlarger-recensione\/#breadcrumb"},"inLanguage":"it-IT","potentialAction":[{"@type":"ReadAction","target":["https:\/\/www.accuratereviews.com\/it\/photo-editing-lista-software\/ai-image-enlarger-recensione\/"]}]},{"@type":"ImageObject","inLanguage":"it-IT","@id":"https:\/\/www.accuratereviews.com\/it\/photo-editing-lista-software\/ai-image-enlarger-recensione\/#primaryimage","url":"https:\/\/www.accuratereviews.com\/wp-content\/uploads\/2019\/12\/ai.png","contentUrl":"https:\/\/www.accuratereviews.com\/wp-content\/uploads\/2019\/12\/ai.png","width":251,"height":251},{"@type":"BreadcrumbList","@id":"https:\/\/www.accuratereviews.com\/it\/photo-editing-lista-software\/ai-image-enlarger-recensione\/#breadcrumb","itemListElement":[{"@type":"ListItem","position":1,"name":"Home","item":"https:\/\/www.accuratereviews.com\/it\/"},{"@type":"ListItem","position":2,"name":"Photo Editing","item":"https:\/\/www.accuratereviews.com\/it\/photo-editing-lista-software\/"},{"@type":"ListItem","position":3,"name":"AI Image Enlarger"}]},{"@type":"WebSite","@id":"https:\/\/www.accuratereviews.com\/it\/#website","url":"https:\/\/www.accuratereviews.com\/it\/","name":"Accurate Reviews","description":"","potentialAction":[{"@type":"SearchAction","target":{"@type":"EntryPoint","urlTemplate":"https:\/\/www.accuratereviews.com\/it\/?s={search_term_string}"},"query-input":{"@type":"PropertyValueSpecification","valueRequired":true,"valueName":"search_term_string"}}],"inLanguage":"it-IT"}]}},"_links":{"self":[{"href":"https:\/\/www.accuratereviews.com\/it\/wp-json\/wp\/v2\/pages\/21016","targetHints":{"allow":["GET"]}}],"collection":[{"href":"https:\/\/www.accuratereviews.com\/it\/wp-json\/wp\/v2\/pages"}],"about":[{"href":"https:\/\/www.accuratereviews.com\/it\/wp-json\/wp\/v2\/types\/page"}],"author":[{"embeddable":true,"href":"https:\/\/www.accuratereviews.com\/it\/wp-json\/wp\/v2\/users\/19"}],"replies":[{"embeddable":true,"href":"https:\/\/www.accuratereviews.com\/it\/wp-json\/wp\/v2\/comments?post=21016"}],"version-history":[{"count":10,"href":"https:\/\/www.accuratereviews.com\/it\/wp-json\/wp\/v2\/pages\/21016\/revisions"}],"predecessor-version":[{"id":21293,"href":"https:\/\/www.accuratereviews.com\/it\/wp-json\/wp\/v2\/pages\/21016\/revisions\/21293"}],"up":[{"embeddable":true,"href":"https:\/\/www.accuratereviews.com\/it\/wp-json\/wp\/v2\/pages\/9097"}],"wp:featuredmedia":[{"embeddable":true,"href":"https:\/\/www.accuratereviews.com\/it\/wp-json\/wp\/v2\/media\/21017"}],"wp:attachment":[{"href":"https:\/\/www.accuratereviews.com\/it\/wp-json\/wp\/v2\/media?parent=21016"}],"wp:term":[{"taxonomy":"category","embeddable":true,"href":"https:\/\/www.accuratereviews.com\/it\/wp-json\/wp\/v2\/categories?post=21016"},{"taxonomy":"post_tag","embeddable":true,"href":"https:\/\/www.accuratereviews.com\/it\/wp-json\/wp\/v2\/tags?post=21016"},{"taxonomy":"features","embeddable":true,"href":"https:\/\/www.accuratereviews.com\/it\/wp-json\/wp\/v2\/features?post=21016"}],"curies":[{"name":"wp","href":"https:\/\/api.w.org\/{rel}","templated":true}]}}