{"id":21047,"date":"2019-12-10T17:04:50","date_gmt":"2019-12-10T17:04:50","guid":{"rendered":"https:\/\/www.accuratereviews.com\/?page_id=21047"},"modified":"2019-12-10T17:04:50","modified_gmt":"2019-12-10T17:04:50","slug":"batch-word-to-jpg-converter-recensione","status":"publish","type":"page","link":"https:\/\/www.accuratereviews.com\/it\/pdf-migliori-software-lista\/batch-word-to-jpg-converter-recensione\/","title":{"rendered":"Batch WORD to JPG Converter"},"content":{"rendered":"<h2>Batch WORD to JPG Converter: un nuovo strumento per convertire documenti in formato JPG in batch<\/h2>\n<p><strong>PDFZilla Inc<\/strong>, uno strumento specializzato nella conversione di documenti da un formato all&#8217;altro, ha lanciato ufficialmente un nuovo servizio. Il convertitore da <strong>Batch Word a JPG<\/strong> \u00e8 uno strumento freeware che semplifica il processo di conversione di qualsiasi file MS Word in modo che possa essere letto su telefoni, laptop e su pagine Web senza installare software o app Microsoft.<br \/>\nLa condivisione delle informazioni tra gli utenti \u00e8 semplificata quando i dati sono disponibili in un formato comodo e di facile lettura. Il nuovo strumento di utilit\u00e0 di <strong>conversione freeware WORD in JPG<\/strong> \u00e8 facile da usare e in grado di convertire documenti Doc e DocX in un formato immagine (.jpg).<br \/>\nLa caratteristica evidenziata nel software lanciato da PDFZilla \u00e8 la capacit\u00e0 del programma di consentire agli utenti di<strong> convertire comodamente centinaia o addirittura migliaia di documenti in immagini<\/strong>, il tutto con un solo clic del mouse. Crea un&#8217;esperienza intuitiva per gli utenti in ufficio da casa quando \u00e8 necessario gestire la conversione in grandi quantit\u00e0.<\/p>\n<h3>Tecnologia alla base della conversione batch<\/h3>\n<p>Definito come convertitore affidabile, il <strong>convertitore da Batch Word a JPG<\/strong> \u00e8 un programma versatile che funziona su tutte le versioni del sistema operativo Windows. Il programma \u00e8 compatibile con i sistemi operativi Windows 10, 8, 7, Windows Vista e XP. Gli utenti hanno anche la possibilit\u00e0 di scaricare gratuitamente questo software e installarlo sul sistema operativo Windows Server o scegliere di eseguire una versione Lite su qualsiasi macchina mantenendo il file di origine su un&#8217;unit\u00e0 USB.<\/p>\n<h2>COME CONVERTIRE UN FILE CON IL CONVERTITORE DA BATCH WORD A JPG &#8211; TUTORIAL<\/h2>\n<p>Ecco un breve video che ci mostra come funziona questo programma:<\/p>\n<div id=\"fluid-wrapper-counter-1\" class=\"g1-fluid-wrapper \" style=\"width:686px;\">\n<div style=\"padding-bottom:56.268221574344%;\"><iframe loading=\"lazy\" title=\"How to Convert Word Doc to JPG - Batch Word to JPG Converter\" width=\"686\" height=\"386\" src=\"https:\/\/www.youtube.com\/embed\/epb45dw4H9Q?feature=oembed&amp;wmode=transparent&amp;autohide=1&amp;autoplay=0&amp;disablekb=0&amp;fs=1&amp;loop=0&amp;enablejsapi=1&amp;rel=0&amp;controls=2&amp;showinfo=0&amp;wmode=transparent&amp;autohide=2&amp;autoplay=0&amp;disablekb=0&amp;fs=1&amp;loop=0&amp;enablejsapi=1&amp;rel=0&amp;controls=2&amp;showinfo=1\" frameborder=\"0\" allow=\"accelerometer; autoplay; encrypted-media; gyroscope; picture-in-picture\" allowfullscreen><\/iframe><\/div>\n<\/div>\n<h3>Funzionalit\u00e0 software e formati supportati<\/h3>\n<p>Il freeware pu\u00f2 convertire senza soluzione di continuit\u00e0 i file di Microsoft Word da tutte le versioni in formato JPG. Pu\u00f2 convertire un singolo file e un mucchio di file in una volta sola. Il programma supporta <strong>Doc, DocX, RTF, HTML, HTM e Open Document Format<\/strong> (noto anche come ODT) in un formato immagine. Il team di sviluppo dietro il convertitore da Word a JPG ha incorporato diversi altri formati oltre a <strong>JPG<\/strong> tra cui <strong>PNG, TIF, TGA, BMP, GIF e PCX<\/strong>.<\/p>\n<p>Con l&#8217;aiuto di questo <strong>software gratuito<\/strong> appena lanciato, gli utenti possono anche scegliere di convertire i file Doc in formato PDF. La conversione consente agli utenti di non avere installato Microsoft Word o Microsoft Office sui propri computer. L&#8217;intero processo di conversione da un formato di file a un altro pu\u00f2 essere gestito senza la necessit\u00e0 di programmi software specifici concessi in licenza e installati sul computer host.<\/p>\n<p>Come usarlo?<br \/>\nIl convertitore <strong>batch da Word a JPG<\/strong> \u00e8 un programma leggero e gratuito che pesa solo 6 MB. Gli utenti possono scaricare il programma direttamente dal loro <a href=\"https:\/\/www.pdfzilla.com\/batch_word_to_jpg_converter.html\" target=\"_blank\" rel=\"noopener noreferrer\">sito web<\/a> e scegliere di installarlo sul proprio PC desktop\/laptop.<br \/>\nUna volta installato, c&#8217;\u00e8 un&#8217;opzione per aggiungere singoli file o trascinare\/rilasciare un batch di file Doc da convertire in JPG o nel formato immagine richiesto. Il fornitore del software ha assicurato che non ci sono limiti al numero di file che possono essere convertiti alla volta ed \u00e8 una delle caratteristiche principali che imposta questa parola sul convertitore jpg unico rispetto ad altri programmi software simili.<br \/>\nGli utenti hanno la possibilit\u00e0 di scegliere il formato dell&#8217;immagine di output, la dimensione dell&#8217;immagine determinata da 200 dpi o 300 dpi in base al requisito e scaricarli per l&#8217;uso su varie piattaforme.<\/p>\n<p><strong>Sicurezza e affidabilit\u00e0<\/strong><br \/>\nPDFZilla.com \u00e8 una societ\u00e0 di sviluppo software affidabile che ha creato con successo centinaia di programmi e ha milioni di utenti in tutto il mondo che lo usano regolarmente. Sono specializzati nel fornire il massimo livello di privacy e sicurezza durante la conversione di documenti riservati.<br \/>\n<strong>Una conversione da Doc a PDF<\/strong> pu\u00f2 essere crittografata e protetta con una password. Il programma pu\u00f2 essere protetto durante la conversione di qualsiasi formato. Il programma supporta le principali lingue tra cui inglese, tedesco, arabo, cinese, coreano e spagnolo, tra le altre opzioni.<\/p>\n","protected":false},"excerpt":{"rendered":"<p>PDFZilla Inc, uno strumento specializzato nella conversione di documenti da un formato all&#8217;altro, ha lanciato ufficialmente un nuovo servizio. Il convertitore da Batch Word a JPG \u00e8 uno strumento freeware che semplifica il processo di conversione di qualsiasi file MS Word in modo che possa essere letto su telefoni, laptop e su pagine Web senza installare software o app Microsoft.<\/p>\n","protected":false},"author":17,"featured_media":21057,"parent":5876,"menu_order":0,"comment_status":"open","ping_status":"closed","template":"g1_template_page_review_new.php","meta":{"_acf_changed":false,"cwp_meta_box_check":"Yes","cwp_rev_product_name":"","cwp_rev_product_image":"","wppr_links":[],"cwp_rev_price":"","wppr_options":[],"wppr_pros":[],"wppr_cons":[],"_monsterinsights_skip_tracking":false,"_monsterinsights_sitenote_active":false,"_monsterinsights_sitenote_note":"","_monsterinsights_sitenote_category":0,"footnotes":""},"categories":[118],"tags":[1576,1575,590],"features":[],"class_list":{"0":"post-21047","1":"page","2":"type-page","3":"status-publish","4":"has-post-thumbnail","6":"category-pdf-reader-software-it","7":"tag-batch-to-word-to-jpg","8":"tag-conversione-batch","9":"tag-convertitore"},"wppr_data":{"cwp_meta_box_check":"Yes","cwp_rev_product_name":"","cwp_rev_product_image":"","cwp_image_link":"image","cwp_rev_price":"","wppr_rating":"0.00"},"acf":[],"yoast_head":"<!-- This site is optimized with the Yoast SEO plugin v27.4 - https:\/\/yoast.com\/product\/yoast-seo-wordpress\/ -->\n<title>Batch WORD to JPG Converter: recensione - Accurate Reviews<\/title>\n<meta name=\"description\" content=\"Batch WORD to JPG Converter: recensione dello strumento freeware che semplifica il processo di conversione di qualsiasi file MS Word.\" \/>\n<meta name=\"robots\" content=\"index, follow, max-snippet:-1, max-image-preview:large, max-video-preview:-1\" \/>\n<link rel=\"canonical\" href=\"https:\/\/www.accuratereviews.com\/it\/pdf-migliori-software-lista\/batch-word-to-jpg-converter-recensione\/\" \/>\n<meta property=\"og:locale\" content=\"it_IT\" \/>\n<meta property=\"og:type\" content=\"article\" \/>\n<meta property=\"og:title\" content=\"Batch WORD to JPG Converter: recensione - Accurate Reviews\" \/>\n<meta property=\"og:description\" content=\"Batch WORD to JPG Converter: recensione dello strumento freeware che semplifica il processo di conversione di qualsiasi file MS Word.\" \/>\n<meta property=\"og:url\" content=\"https:\/\/www.accuratereviews.com\/it\/pdf-migliori-software-lista\/batch-word-to-jpg-converter-recensione\/\" \/>\n<meta property=\"og:site_name\" content=\"Accurate Reviews\" \/>\n<meta property=\"og:image\" content=\"https:\/\/www.accuratereviews.com\/wp-content\/uploads\/2019\/12\/Schermata-2019-12-10-alle-15.45.34.png\" \/>\n\t<meta property=\"og:image:width\" content=\"420\" \/>\n\t<meta property=\"og:image:height\" content=\"346\" \/>\n\t<meta property=\"og:image:type\" content=\"image\/png\" \/>\n<meta name=\"twitter:card\" content=\"summary_large_image\" \/>\n<meta name=\"twitter:label1\" content=\"Tempo di lettura stimato\" \/>\n\t<meta name=\"twitter:data1\" content=\"3 minuti\" \/>\n<script type=\"application\/ld+json\" class=\"yoast-schema-graph\">{\"@context\":\"https:\\\/\\\/schema.org\",\"@graph\":[{\"@type\":\"WebPage\",\"@id\":\"https:\\\/\\\/www.accuratereviews.com\\\/it\\\/pdf-migliori-software-lista\\\/batch-word-to-jpg-converter-recensione\\\/\",\"url\":\"https:\\\/\\\/www.accuratereviews.com\\\/it\\\/pdf-migliori-software-lista\\\/batch-word-to-jpg-converter-recensione\\\/\",\"name\":\"Batch WORD to JPG Converter: recensione - Accurate Reviews\",\"isPartOf\":{\"@id\":\"https:\\\/\\\/www.accuratereviews.com\\\/it\\\/#website\"},\"primaryImageOfPage\":{\"@id\":\"https:\\\/\\\/www.accuratereviews.com\\\/it\\\/pdf-migliori-software-lista\\\/batch-word-to-jpg-converter-recensione\\\/#primaryimage\"},\"image\":{\"@id\":\"https:\\\/\\\/www.accuratereviews.com\\\/it\\\/pdf-migliori-software-lista\\\/batch-word-to-jpg-converter-recensione\\\/#primaryimage\"},\"thumbnailUrl\":\"https:\\\/\\\/www.accuratereviews.com\\\/wp-content\\\/uploads\\\/2019\\\/12\\\/Schermata-2019-12-10-alle-15.45.34.png\",\"datePublished\":\"2019-12-10T17:04:50+00:00\",\"description\":\"Batch WORD to JPG Converter: recensione dello strumento freeware che semplifica il processo di conversione di qualsiasi file MS Word.\",\"breadcrumb\":{\"@id\":\"https:\\\/\\\/www.accuratereviews.com\\\/it\\\/pdf-migliori-software-lista\\\/batch-word-to-jpg-converter-recensione\\\/#breadcrumb\"},\"inLanguage\":\"it-IT\",\"potentialAction\":[{\"@type\":\"ReadAction\",\"target\":[\"https:\\\/\\\/www.accuratereviews.com\\\/it\\\/pdf-migliori-software-lista\\\/batch-word-to-jpg-converter-recensione\\\/\"]}]},{\"@type\":\"ImageObject\",\"inLanguage\":\"it-IT\",\"@id\":\"https:\\\/\\\/www.accuratereviews.com\\\/it\\\/pdf-migliori-software-lista\\\/batch-word-to-jpg-converter-recensione\\\/#primaryimage\",\"url\":\"https:\\\/\\\/www.accuratereviews.com\\\/wp-content\\\/uploads\\\/2019\\\/12\\\/Schermata-2019-12-10-alle-15.45.34.png\",\"contentUrl\":\"https:\\\/\\\/www.accuratereviews.com\\\/wp-content\\\/uploads\\\/2019\\\/12\\\/Schermata-2019-12-10-alle-15.45.34.png\",\"width\":420,\"height\":346},{\"@type\":\"BreadcrumbList\",\"@id\":\"https:\\\/\\\/www.accuratereviews.com\\\/it\\\/pdf-migliori-software-lista\\\/batch-word-to-jpg-converter-recensione\\\/#breadcrumb\",\"itemListElement\":[{\"@type\":\"ListItem\",\"position\":1,\"name\":\"Home\",\"item\":\"https:\\\/\\\/www.accuratereviews.com\\\/it\\\/\"},{\"@type\":\"ListItem\",\"position\":2,\"name\":\"PDF: I migliori software\",\"item\":\"https:\\\/\\\/www.accuratereviews.com\\\/it\\\/pdf-migliori-software-lista\\\/\"},{\"@type\":\"ListItem\",\"position\":3,\"name\":\"Batch WORD to JPG Converter\"}]},{\"@type\":\"WebSite\",\"@id\":\"https:\\\/\\\/www.accuratereviews.com\\\/it\\\/#website\",\"url\":\"https:\\\/\\\/www.accuratereviews.com\\\/it\\\/\",\"name\":\"Accurate Reviews\",\"description\":\"\",\"potentialAction\":[{\"@type\":\"SearchAction\",\"target\":{\"@type\":\"EntryPoint\",\"urlTemplate\":\"https:\\\/\\\/www.accuratereviews.com\\\/it\\\/?s={search_term_string}\"},\"query-input\":{\"@type\":\"PropertyValueSpecification\",\"valueRequired\":true,\"valueName\":\"search_term_string\"}}],\"inLanguage\":\"it-IT\"}]}<\/script>\n<!-- \/ Yoast SEO plugin. -->","yoast_head_json":{"title":"Batch WORD to JPG Converter: recensione - Accurate Reviews","description":"Batch WORD to JPG Converter: recensione dello strumento freeware che semplifica il processo di conversione di qualsiasi file MS Word.","robots":{"index":"index","follow":"follow","max-snippet":"max-snippet:-1","max-image-preview":"max-image-preview:large","max-video-preview":"max-video-preview:-1"},"canonical":"https:\/\/www.accuratereviews.com\/it\/pdf-migliori-software-lista\/batch-word-to-jpg-converter-recensione\/","og_locale":"it_IT","og_type":"article","og_title":"Batch WORD to JPG Converter: recensione - Accurate Reviews","og_description":"Batch WORD to JPG Converter: recensione dello strumento freeware che semplifica il processo di conversione di qualsiasi file MS Word.","og_url":"https:\/\/www.accuratereviews.com\/it\/pdf-migliori-software-lista\/batch-word-to-jpg-converter-recensione\/","og_site_name":"Accurate Reviews","og_image":[{"width":420,"height":346,"url":"https:\/\/www.accuratereviews.com\/wp-content\/uploads\/2019\/12\/Schermata-2019-12-10-alle-15.45.34.png","type":"image\/png"}],"twitter_card":"summary_large_image","twitter_misc":{"Tempo di lettura stimato":"3 minuti"},"schema":{"@context":"https:\/\/schema.org","@graph":[{"@type":"WebPage","@id":"https:\/\/www.accuratereviews.com\/it\/pdf-migliori-software-lista\/batch-word-to-jpg-converter-recensione\/","url":"https:\/\/www.accuratereviews.com\/it\/pdf-migliori-software-lista\/batch-word-to-jpg-converter-recensione\/","name":"Batch WORD to JPG Converter: recensione - Accurate Reviews","isPartOf":{"@id":"https:\/\/www.accuratereviews.com\/it\/#website"},"primaryImageOfPage":{"@id":"https:\/\/www.accuratereviews.com\/it\/pdf-migliori-software-lista\/batch-word-to-jpg-converter-recensione\/#primaryimage"},"image":{"@id":"https:\/\/www.accuratereviews.com\/it\/pdf-migliori-software-lista\/batch-word-to-jpg-converter-recensione\/#primaryimage"},"thumbnailUrl":"https:\/\/www.accuratereviews.com\/wp-content\/uploads\/2019\/12\/Schermata-2019-12-10-alle-15.45.34.png","datePublished":"2019-12-10T17:04:50+00:00","description":"Batch WORD to JPG Converter: recensione dello strumento freeware che semplifica il processo di conversione di qualsiasi file MS Word.","breadcrumb":{"@id":"https:\/\/www.accuratereviews.com\/it\/pdf-migliori-software-lista\/batch-word-to-jpg-converter-recensione\/#breadcrumb"},"inLanguage":"it-IT","potentialAction":[{"@type":"ReadAction","target":["https:\/\/www.accuratereviews.com\/it\/pdf-migliori-software-lista\/batch-word-to-jpg-converter-recensione\/"]}]},{"@type":"ImageObject","inLanguage":"it-IT","@id":"https:\/\/www.accuratereviews.com\/it\/pdf-migliori-software-lista\/batch-word-to-jpg-converter-recensione\/#primaryimage","url":"https:\/\/www.accuratereviews.com\/wp-content\/uploads\/2019\/12\/Schermata-2019-12-10-alle-15.45.34.png","contentUrl":"https:\/\/www.accuratereviews.com\/wp-content\/uploads\/2019\/12\/Schermata-2019-12-10-alle-15.45.34.png","width":420,"height":346},{"@type":"BreadcrumbList","@id":"https:\/\/www.accuratereviews.com\/it\/pdf-migliori-software-lista\/batch-word-to-jpg-converter-recensione\/#breadcrumb","itemListElement":[{"@type":"ListItem","position":1,"name":"Home","item":"https:\/\/www.accuratereviews.com\/it\/"},{"@type":"ListItem","position":2,"name":"PDF: I migliori software","item":"https:\/\/www.accuratereviews.com\/it\/pdf-migliori-software-lista\/"},{"@type":"ListItem","position":3,"name":"Batch WORD to JPG Converter"}]},{"@type":"WebSite","@id":"https:\/\/www.accuratereviews.com\/it\/#website","url":"https:\/\/www.accuratereviews.com\/it\/","name":"Accurate Reviews","description":"","potentialAction":[{"@type":"SearchAction","target":{"@type":"EntryPoint","urlTemplate":"https:\/\/www.accuratereviews.com\/it\/?s={search_term_string}"},"query-input":{"@type":"PropertyValueSpecification","valueRequired":true,"valueName":"search_term_string"}}],"inLanguage":"it-IT"}]}},"_links":{"self":[{"href":"https:\/\/www.accuratereviews.com\/it\/wp-json\/wp\/v2\/pages\/21047","targetHints":{"allow":["GET"]}}],"collection":[{"href":"https:\/\/www.accuratereviews.com\/it\/wp-json\/wp\/v2\/pages"}],"about":[{"href":"https:\/\/www.accuratereviews.com\/it\/wp-json\/wp\/v2\/types\/page"}],"author":[{"embeddable":true,"href":"https:\/\/www.accuratereviews.com\/it\/wp-json\/wp\/v2\/users\/17"}],"replies":[{"embeddable":true,"href":"https:\/\/www.accuratereviews.com\/it\/wp-json\/wp\/v2\/comments?post=21047"}],"version-history":[{"count":3,"href":"https:\/\/www.accuratereviews.com\/it\/wp-json\/wp\/v2\/pages\/21047\/revisions"}],"predecessor-version":[{"id":21062,"href":"https:\/\/www.accuratereviews.com\/it\/wp-json\/wp\/v2\/pages\/21047\/revisions\/21062"}],"up":[{"embeddable":true,"href":"https:\/\/www.accuratereviews.com\/it\/wp-json\/wp\/v2\/pages\/5876"}],"wp:featuredmedia":[{"embeddable":true,"href":"https:\/\/www.accuratereviews.com\/it\/wp-json\/wp\/v2\/media\/21057"}],"wp:attachment":[{"href":"https:\/\/www.accuratereviews.com\/it\/wp-json\/wp\/v2\/media?parent=21047"}],"wp:term":[{"taxonomy":"category","embeddable":true,"href":"https:\/\/www.accuratereviews.com\/it\/wp-json\/wp\/v2\/categories?post=21047"},{"taxonomy":"post_tag","embeddable":true,"href":"https:\/\/www.accuratereviews.com\/it\/wp-json\/wp\/v2\/tags?post=21047"},{"taxonomy":"features","embeddable":true,"href":"https:\/\/www.accuratereviews.com\/it\/wp-json\/wp\/v2\/features?post=21047"}],"curies":[{"name":"wp","href":"https:\/\/api.w.org\/{rel}","templated":true}]}}