{"id":21048,"date":"2019-12-10T17:03:56","date_gmt":"2019-12-10T17:03:56","guid":{"rendered":"https:\/\/www.accuratereviews.com\/?page_id=21048"},"modified":"2021-05-27T13:30:54","modified_gmt":"2021-05-27T13:30:54","slug":"sisense-recensione","status":"publish","type":"page","link":"https:\/\/www.accuratereviews.com\/it\/business-intelligence\/sisense-recensione\/","title":{"rendered":"Sisense"},"content":{"rendered":"<p><strong>Sisense<\/strong> \u00e8 una<strong> piattaforma di business intelligence<\/strong> che consente di unire e analizzare le informazioni necessarie per prendere decisioni aziendali migliori e intelligenti ed elaborare piani e strategie. \u00c8 altamente flessibile per qualsiasi dimensione aziendale, dalle startup alle grandi imprese come Sony, ESPN, Comcast e NASA.\u00a0Con questo programma, puoi unificare tutti i tuoi dati in dashboard visivamente accattivanti tramite un&#8217;interfaccia drag and drop. <strong>Sisense<\/strong> ti consente sostanzialmente di trasformare i dati in approfondimenti di grande valore e di condividerli con colleghi, partner commerciali e clienti tramite dashboard interattivi.\u00a0L&#8217;analisi aziendale \u00e8 facilmente accessibile per ogni membro del tuo gruppo di lavoro in quanto il software garantisce una facile individuazione di approfondimenti aziendali indipendentemente dalla complessit\u00e0 dei dati. <strong>Sisense<\/strong> ti consente di personalizzare i dati in modo che tu possa esplorarli e visualizzarli in modo da fornirti preziose informazioni sulla tua attivit\u00e0.<\/p>\n<h2>SISENSE &#8211; TUTORIAL<\/h2>\n<p>Il tutorial che seguir\u00e0 ci mostra come iniziare ad utilizzare questo <strong>programma di business intelligence<\/strong>:<\/p>\n<div id=\"fluid-wrapper-counter-1\" class=\"g1-fluid-wrapper \" style=\"width:686px;\">\n<div style=\"padding-bottom:56.268221574344%;\"><iframe loading=\"lazy\" title=\"Create a New ElastiCube Schema\" width=\"686\" height=\"386\" src=\"https:\/\/www.youtube.com\/embed\/ultJDuWPdCI?list=PLQHiBfQxt7JO__Tyev8YFmtvp08pclDks\" frameborder=\"0\" allow=\"accelerometer; autoplay; clipboard-write; encrypted-media; gyroscope; picture-in-picture\" allowfullscreen><\/iframe><\/div>\n<\/div>\n<h3>SISENSE &#8211; CARATTERISTICHE<\/h3>\n<ul>\n<li>Visualizzazione e analisi dei dati complete direttamente nel browser, non sono richiesti plug-in o installazioni<\/li>\n<li>Sviluppato con le ultime tecnologie web: HTML5, CSS3, Node.js<\/li>\n<li>Crea dashboard ed esegui analisi approfondite utilizzando un&#8217;interfaccia web intuitiva<\/li>\n<li>Nuovo motore di layout che garantisce dashboard puliti pronti all&#8217;uso, anche per utenti non tecnici<\/li>\n<li>Design reattivo<\/li>\n<li>Scegli tra una vasta gamma di widget di visualizzazione dei dati<\/li>\n<li>Accedi e interagisci con la BI ovunque tu sia<\/li>\n<li>I dashboard reattivi si adattano automaticamente alle dimensioni dello schermo che utilizzi per una visualizzazione ottimale (Smartphone o Tablet)<\/li>\n<li>Formulare query complesse senza codice o SQL<\/li>\n<li>Ricevi e visualizza dashboard direttamente nella tua casella di posta<\/li>\n<li>Pianifica le notifiche email quando i dati vengono aggiornati o in un periodo di tempo specifico<\/li>\n<\/ul>\n<h4>LE RECENSIONE DEGLI UTENTI<\/h4>\n<h4>Chris K. &#8220;Sisense ideale per le piccole imprese&#8221;<\/h4>\n<p><strong>Commenti<\/strong>: Siamo stati in grado di produrre dashboard che aiutano i nostri clienti (molti dei quali sono piccole aziende) a ridurre il tempo sprecato in report ripetitivi e aumentare la produttivit\u00e0, oltre ad aiutarli a modificare le loro pratiche di vendita per migliorare le prestazioni. Siamo stati anche in grado di utilizzare Sisense per una serie di progetti interni che aiutano la nostra azienda a fornire risposte semplici a domande complesse.<\/p>\n<p><strong>Vantaggi<\/strong>: una delle parti pi\u00f9 impressionanti del software \u00e8 stata la sua flessibilit\u00e0. Con le opzioni sempre pi\u00f9 ampie per le origini dati, la facilit\u00e0 di sviluppo \/ progettazione rapida del dashboard e il fantastico strumento di gestione Elasticube, abbiamo trovato ancora pi\u00f9 possibilit\u00e0 con il software di quanto inizialmente previsto.<\/p>\n<p><strong>Inconvenienti<\/strong>: Non c&#8217;\u00e8 molto che non ci piaccia di Sisense. Inizialmente, provenendo da altri software di BI, apprendere la struttura e la metodologia alla base della progettazione di Elasticubes per soddisfare le nostre esigenze \u00e8 stato un po &#8216;difficile, tuttavia gli esperti assegnati alla nostra attivit\u00e0 hanno reso il processo piuttosto rapido e mi hanno dato un&#8217;ottima base per iniziare a sviluppare contenuti analitici per i nostri clienti. Abbiamo avuto un paio di casi in cui avremmo desiderato un supporto pi\u00f9 rapido, ma quei problemi sono stati rapidamente risolti contattando il nostro Customer Success Manager. Tutto sommato, \u00e8 stata un&#8217;ottima esperienza, molto meglio di alcuni degli altri grandi attori del settore.<\/p>\n<h4>Maxime N. &#8220;Il miglior prodotto per il tuo turno nell&#8217;analisi dei dati&#8221;<\/h4>\n<p><strong>Commenti<\/strong>: Lavorando nel settore sanitario, avevamo bisogno di un potente strumento che ci permettesse di rendere i nostri clienti in grado di visualizzare e comprendere facilmente i loro dati al fine di migliorare la loro produttivit\u00e0 operativa e la qualit\u00e0 delle cure che erogano ai loro pazienti. Grazie a Sisense, offriamo una completa libreria di dashboard e consentiamo persino ai clienti di creare i propri dashboard. Ci ha permesso di migliorare la nostra offerta e quindi di aumentare i nostri ricavi, servendo al meglio i nostri clienti.<\/p>\n<p><strong>Vantaggi<\/strong>: Sisense \u00e8 facile da installare e configurare. \u00c8 facile da usare, sia sulla modifica dei dati che sugli aspetti di progettazione della dashboard. Lo rende lo strumento perfetto per impostare rapidamente dashboard a valore aggiunto e iniziare il passaggio alla comprensione dei dati. Sisense \u00e8 anche facile da integrare e quindi semplifica la fornitura di analisi self-service ai nostri utenti. Il team di supporto dei clienti di Sisense \u00e8 eccezionale e si assicurer\u00e0 di vedere rapidamente il valore del loro prodotto attraverso un processo di onboarding personalizzato.<\/p>\n<p><strong>Inconvenienti<\/strong>: il fatto che pi\u00f9 modelli di dati (elasticube) competono per le risorse (principalmente RAM) su un singolo server.<\/p>\n<h4>William A. &#8220;Il miglior prodotto sul mercato in termini di set di funzionalit\u00e0 e supporto.&#8221;<\/h4>\n<p><strong>Commenti<\/strong>: fornisce visualizzazioni eccezionali per facilitare la comprensione di insiemi di dati complessi.<\/p>\n<p><strong>Vantaggi<\/strong>: lo sviluppo di widget per una dashboard (anche complessi) \u00e8 molto pi\u00f9 semplice e veloce di quanto non lo sia con prodotti concorrenti. La comunit\u00e0 di utenti \u00e8 una risorsa importante. Elasticubes \u00e8 in grado di gestire facilmente diversi tipi di file.<\/p>\n<p><strong>Inconvenienti<\/strong>: la configurazione iniziale si \u00e8 rivelata complicata e ha richiesto investimenti IT, ma forse ci\u00f2 \u00e8 dovuto alla natura unica della configurazione della nostra azienda. Il prodotto \u00e8 un po &#8216;pi\u00f9 costoso di Power BI, ma il set di funzionalit\u00e0 e la facilit\u00e0 d&#8217;uso ne valgono la pena. Sebbene Sisense sia Elasticube, consente al software di estrarre rapidamente set di dati di grandi dimensioni, \u00e8 difficile da creare per l&#8217;utente medio e richiede molta esperienza tecnica. In molti casi, gli utenti devono scrivere codice SQL, anche se Sisense promuove i suoi rapporti senza codice. Tuttavia, per arrivare a questo report senza codice \u00e8 necessario disporre di una persona molto tecnica per scrivere l&#8217;SQL per creare il proprio Elasticube e ci sono alcune limitazioni come i tipi di join e tali da creare soluzioni alternative difficili.<\/p>\n","protected":false},"excerpt":{"rendered":"<p>Sisense \u00e8 una piattaforma di business intelligence che consente di unire e analizzare le informazioni necessarie per prendere decisioni aziendali migliori e intelligenti ed elaborare piani e strategie. \u00c8 altamente flessibile per qualsiasi dimensione aziendale, dalle startup alle grandi imprese come Sony, ESPN, Comcast e NASA.<\/p>\n","protected":false},"author":19,"featured_media":21053,"parent":32646,"menu_order":0,"comment_status":"open","ping_status":"closed","template":"g1_template_page_review_new.php","meta":{"_acf_changed":false,"cwp_meta_box_check":"Yes","cwp_rev_product_name":"","cwp_rev_product_image":"","wppr_links":[],"cwp_rev_price":"","wppr_options":[],"wppr_pros":[],"wppr_cons":[],"_monsterinsights_skip_tracking":false,"_monsterinsights_sitenote_active":false,"_monsterinsights_sitenote_note":"","_monsterinsights_sitenote_category":0,"footnotes":""},"categories":[1555],"tags":[1560,1557,1580,1556,1558],"features":[],"class_list":{"0":"post-21048","1":"page","2":"type-page","3":"status-publish","4":"has-post-thumbnail","6":"category-business-intelligence-it","7":"tag-piattaforma-business-intelligence","8":"tag-programma-business-intelligence","9":"tag-sisense","10":"tag-software-business-intelligence","11":"tag-soluzione-business-intelligence"},"wppr_data":{"cwp_meta_box_check":"Yes","cwp_rev_product_name":"","cwp_rev_product_image":"","cwp_image_link":"image","cwp_rev_price":"","wppr_rating":"0.00"},"acf":[],"yoast_head":"<!-- This site is optimized with the Yoast SEO plugin v27.4 - https:\/\/yoast.com\/product\/yoast-seo-wordpress\/ -->\n<title>Sisense: recensione software Business Intellingence - Accurate Reviews<\/title>\n<meta name=\"description\" content=\"Sisense: recensione piattaforma di business intelligence che consente di unire e analizzare le informazioni per prendere decisioni migliori e intelligenti.\" \/>\n<meta name=\"robots\" content=\"index, follow, max-snippet:-1, max-image-preview:large, max-video-preview:-1\" \/>\n<link rel=\"canonical\" href=\"https:\/\/www.accuratereviews.com\/it\/business-intelligence\/sisense-recensione\/\" \/>\n<meta property=\"og:locale\" content=\"it_IT\" \/>\n<meta property=\"og:type\" content=\"article\" \/>\n<meta property=\"og:title\" content=\"Sisense: recensione software Business Intellingence - Accurate Reviews\" \/>\n<meta property=\"og:description\" content=\"Sisense: recensione piattaforma di business intelligence che consente di unire e analizzare le informazioni per prendere decisioni migliori e intelligenti.\" \/>\n<meta property=\"og:url\" content=\"https:\/\/www.accuratereviews.com\/it\/business-intelligence\/sisense-recensione\/\" \/>\n<meta property=\"og:site_name\" content=\"Accurate Reviews\" \/>\n<meta property=\"article:modified_time\" content=\"2021-05-27T13:30:54+00:00\" \/>\n<meta property=\"og:image\" content=\"https:\/\/www.accuratereviews.com\/wp-content\/uploads\/2019\/12\/sisense-1.png\" \/>\n\t<meta property=\"og:image:width\" content=\"400\" \/>\n\t<meta property=\"og:image:height\" content=\"250\" \/>\n\t<meta property=\"og:image:type\" content=\"image\/png\" \/>\n<meta name=\"twitter:card\" content=\"summary_large_image\" \/>\n<meta name=\"twitter:label1\" content=\"Tempo di lettura stimato\" \/>\n\t<meta name=\"twitter:data1\" content=\"5 minuti\" \/>\n<script type=\"application\/ld+json\" class=\"yoast-schema-graph\">{\"@context\":\"https:\\\/\\\/schema.org\",\"@graph\":[{\"@type\":\"WebPage\",\"@id\":\"https:\\\/\\\/www.accuratereviews.com\\\/it\\\/business-intelligence\\\/sisense-recensione\\\/\",\"url\":\"https:\\\/\\\/www.accuratereviews.com\\\/it\\\/business-intelligence\\\/sisense-recensione\\\/\",\"name\":\"Sisense: recensione software Business Intellingence - Accurate Reviews\",\"isPartOf\":{\"@id\":\"https:\\\/\\\/www.accuratereviews.com\\\/it\\\/#website\"},\"primaryImageOfPage\":{\"@id\":\"https:\\\/\\\/www.accuratereviews.com\\\/it\\\/business-intelligence\\\/sisense-recensione\\\/#primaryimage\"},\"image\":{\"@id\":\"https:\\\/\\\/www.accuratereviews.com\\\/it\\\/business-intelligence\\\/sisense-recensione\\\/#primaryimage\"},\"thumbnailUrl\":\"https:\\\/\\\/www.accuratereviews.com\\\/wp-content\\\/uploads\\\/2019\\\/12\\\/sisense-1.png\",\"datePublished\":\"2019-12-10T17:03:56+00:00\",\"dateModified\":\"2021-05-27T13:30:54+00:00\",\"description\":\"Sisense: recensione piattaforma di business intelligence che consente di unire e analizzare le informazioni per prendere decisioni migliori e intelligenti.\",\"breadcrumb\":{\"@id\":\"https:\\\/\\\/www.accuratereviews.com\\\/it\\\/business-intelligence\\\/sisense-recensione\\\/#breadcrumb\"},\"inLanguage\":\"it-IT\",\"potentialAction\":[{\"@type\":\"ReadAction\",\"target\":[\"https:\\\/\\\/www.accuratereviews.com\\\/it\\\/business-intelligence\\\/sisense-recensione\\\/\"]}]},{\"@type\":\"ImageObject\",\"inLanguage\":\"it-IT\",\"@id\":\"https:\\\/\\\/www.accuratereviews.com\\\/it\\\/business-intelligence\\\/sisense-recensione\\\/#primaryimage\",\"url\":\"https:\\\/\\\/www.accuratereviews.com\\\/wp-content\\\/uploads\\\/2019\\\/12\\\/sisense-1.png\",\"contentUrl\":\"https:\\\/\\\/www.accuratereviews.com\\\/wp-content\\\/uploads\\\/2019\\\/12\\\/sisense-1.png\",\"width\":400,\"height\":250},{\"@type\":\"BreadcrumbList\",\"@id\":\"https:\\\/\\\/www.accuratereviews.com\\\/it\\\/business-intelligence\\\/sisense-recensione\\\/#breadcrumb\",\"itemListElement\":[{\"@type\":\"ListItem\",\"position\":1,\"name\":\"Home\",\"item\":\"https:\\\/\\\/www.accuratereviews.com\\\/it\\\/\"},{\"@type\":\"ListItem\",\"position\":2,\"name\":\"Business intelligence\",\"item\":\"https:\\\/\\\/www.accuratereviews.com\\\/it\\\/business-intelligence\\\/\"},{\"@type\":\"ListItem\",\"position\":3,\"name\":\"Sisense\"}]},{\"@type\":\"WebSite\",\"@id\":\"https:\\\/\\\/www.accuratereviews.com\\\/it\\\/#website\",\"url\":\"https:\\\/\\\/www.accuratereviews.com\\\/it\\\/\",\"name\":\"Accurate Reviews\",\"description\":\"\",\"potentialAction\":[{\"@type\":\"SearchAction\",\"target\":{\"@type\":\"EntryPoint\",\"urlTemplate\":\"https:\\\/\\\/www.accuratereviews.com\\\/it\\\/?s={search_term_string}\"},\"query-input\":{\"@type\":\"PropertyValueSpecification\",\"valueRequired\":true,\"valueName\":\"search_term_string\"}}],\"inLanguage\":\"it-IT\"}]}<\/script>\n<!-- \/ Yoast SEO plugin. -->","yoast_head_json":{"title":"Sisense: recensione software Business Intellingence - Accurate Reviews","description":"Sisense: recensione piattaforma di business intelligence che consente di unire e analizzare le informazioni per prendere decisioni migliori e intelligenti.","robots":{"index":"index","follow":"follow","max-snippet":"max-snippet:-1","max-image-preview":"max-image-preview:large","max-video-preview":"max-video-preview:-1"},"canonical":"https:\/\/www.accuratereviews.com\/it\/business-intelligence\/sisense-recensione\/","og_locale":"it_IT","og_type":"article","og_title":"Sisense: recensione software Business Intellingence - Accurate Reviews","og_description":"Sisense: recensione piattaforma di business intelligence che consente di unire e analizzare le informazioni per prendere decisioni migliori e intelligenti.","og_url":"https:\/\/www.accuratereviews.com\/it\/business-intelligence\/sisense-recensione\/","og_site_name":"Accurate Reviews","article_modified_time":"2021-05-27T13:30:54+00:00","og_image":[{"width":400,"height":250,"url":"https:\/\/www.accuratereviews.com\/wp-content\/uploads\/2019\/12\/sisense-1.png","type":"image\/png"}],"twitter_card":"summary_large_image","twitter_misc":{"Tempo di lettura stimato":"5 minuti"},"schema":{"@context":"https:\/\/schema.org","@graph":[{"@type":"WebPage","@id":"https:\/\/www.accuratereviews.com\/it\/business-intelligence\/sisense-recensione\/","url":"https:\/\/www.accuratereviews.com\/it\/business-intelligence\/sisense-recensione\/","name":"Sisense: recensione software Business Intellingence - Accurate Reviews","isPartOf":{"@id":"https:\/\/www.accuratereviews.com\/it\/#website"},"primaryImageOfPage":{"@id":"https:\/\/www.accuratereviews.com\/it\/business-intelligence\/sisense-recensione\/#primaryimage"},"image":{"@id":"https:\/\/www.accuratereviews.com\/it\/business-intelligence\/sisense-recensione\/#primaryimage"},"thumbnailUrl":"https:\/\/www.accuratereviews.com\/wp-content\/uploads\/2019\/12\/sisense-1.png","datePublished":"2019-12-10T17:03:56+00:00","dateModified":"2021-05-27T13:30:54+00:00","description":"Sisense: recensione piattaforma di business intelligence che consente di unire e analizzare le informazioni per prendere decisioni migliori e intelligenti.","breadcrumb":{"@id":"https:\/\/www.accuratereviews.com\/it\/business-intelligence\/sisense-recensione\/#breadcrumb"},"inLanguage":"it-IT","potentialAction":[{"@type":"ReadAction","target":["https:\/\/www.accuratereviews.com\/it\/business-intelligence\/sisense-recensione\/"]}]},{"@type":"ImageObject","inLanguage":"it-IT","@id":"https:\/\/www.accuratereviews.com\/it\/business-intelligence\/sisense-recensione\/#primaryimage","url":"https:\/\/www.accuratereviews.com\/wp-content\/uploads\/2019\/12\/sisense-1.png","contentUrl":"https:\/\/www.accuratereviews.com\/wp-content\/uploads\/2019\/12\/sisense-1.png","width":400,"height":250},{"@type":"BreadcrumbList","@id":"https:\/\/www.accuratereviews.com\/it\/business-intelligence\/sisense-recensione\/#breadcrumb","itemListElement":[{"@type":"ListItem","position":1,"name":"Home","item":"https:\/\/www.accuratereviews.com\/it\/"},{"@type":"ListItem","position":2,"name":"Business intelligence","item":"https:\/\/www.accuratereviews.com\/it\/business-intelligence\/"},{"@type":"ListItem","position":3,"name":"Sisense"}]},{"@type":"WebSite","@id":"https:\/\/www.accuratereviews.com\/it\/#website","url":"https:\/\/www.accuratereviews.com\/it\/","name":"Accurate Reviews","description":"","potentialAction":[{"@type":"SearchAction","target":{"@type":"EntryPoint","urlTemplate":"https:\/\/www.accuratereviews.com\/it\/?s={search_term_string}"},"query-input":{"@type":"PropertyValueSpecification","valueRequired":true,"valueName":"search_term_string"}}],"inLanguage":"it-IT"}]}},"_links":{"self":[{"href":"https:\/\/www.accuratereviews.com\/it\/wp-json\/wp\/v2\/pages\/21048","targetHints":{"allow":["GET"]}}],"collection":[{"href":"https:\/\/www.accuratereviews.com\/it\/wp-json\/wp\/v2\/pages"}],"about":[{"href":"https:\/\/www.accuratereviews.com\/it\/wp-json\/wp\/v2\/types\/page"}],"author":[{"embeddable":true,"href":"https:\/\/www.accuratereviews.com\/it\/wp-json\/wp\/v2\/users\/19"}],"replies":[{"embeddable":true,"href":"https:\/\/www.accuratereviews.com\/it\/wp-json\/wp\/v2\/comments?post=21048"}],"version-history":[{"count":6,"href":"https:\/\/www.accuratereviews.com\/it\/wp-json\/wp\/v2\/pages\/21048\/revisions"}],"predecessor-version":[{"id":43438,"href":"https:\/\/www.accuratereviews.com\/it\/wp-json\/wp\/v2\/pages\/21048\/revisions\/43438"}],"up":[{"embeddable":true,"href":"https:\/\/www.accuratereviews.com\/it\/wp-json\/wp\/v2\/pages\/32646"}],"wp:featuredmedia":[{"embeddable":true,"href":"https:\/\/www.accuratereviews.com\/it\/wp-json\/wp\/v2\/media\/21053"}],"wp:attachment":[{"href":"https:\/\/www.accuratereviews.com\/it\/wp-json\/wp\/v2\/media?parent=21048"}],"wp:term":[{"taxonomy":"category","embeddable":true,"href":"https:\/\/www.accuratereviews.com\/it\/wp-json\/wp\/v2\/categories?post=21048"},{"taxonomy":"post_tag","embeddable":true,"href":"https:\/\/www.accuratereviews.com\/it\/wp-json\/wp\/v2\/tags?post=21048"},{"taxonomy":"features","embeddable":true,"href":"https:\/\/www.accuratereviews.com\/it\/wp-json\/wp\/v2\/features?post=21048"}],"curies":[{"name":"wp","href":"https:\/\/api.w.org\/{rel}","templated":true}]}}