{"id":21065,"date":"2019-12-10T17:10:54","date_gmt":"2019-12-10T17:10:54","guid":{"rendered":"https:\/\/www.accuratereviews.com\/?page_id=21065"},"modified":"2021-05-18T14:24:50","modified_gmt":"2021-05-18T14:24:50","slug":"databox-recensione","status":"publish","type":"page","link":"https:\/\/www.accuratereviews.com\/it\/business-intelligence\/databox-recensione\/","title":{"rendered":"Databox"},"content":{"rendered":"<p><strong>Databox<\/strong> \u00e8 un <strong>programma di business intelligence<\/strong> che ti permette di unire dati provenienti da diverse fonti in un&#8217;unica dashboard cos\u00ec da avere tutto a portata di mano. Grazie agli strumenti che offre questo software, potrai <strong>creare e personalizzare una dashboard<\/strong> cos\u00ec da soddisfare in pieno le esigenze e le metriche di cui hai bisogno senza comunque dover progettare nulla. A tua disposizione una serie di integrazioni con altre fonti quali: HubSpot, Shopify, Google Analytics, Facebook, Salesforce, Mixpanel e molte altre ancora. Con<strong> Databox<\/strong>, potrai visualizzare tutti i tuoi dati sul <strong>rendimento aziendale<\/strong> in un unico posto, dedicando cos\u00ec meno tempo a controllare i dati e a creare report e concentrandoti maggiormente sulle informazioni.<\/p>\n<h2>COME FUNZIONA DATABOX &#8211; TUTORIAL<\/h2>\n<p>Diamo un&#8217;occhiata a questo video per capire qualcosa di pi\u00f9:<\/p>\n<div id=\"fluid-wrapper-counter-1\" class=\"g1-fluid-wrapper \" style=\"width:686px;\">\n<div style=\"padding-bottom:56.268221574344%;\"><iframe loading=\"lazy\" title=\"Databox Get Started\" width=\"686\" height=\"386\" src=\"https:\/\/www.youtube.com\/embed\/9uLTv_ALdlU?feature=oembed&amp;wmode=transparent&amp;autohide=1&amp;autoplay=0&amp;disablekb=0&amp;fs=1&amp;loop=0&amp;enablejsapi=1&amp;rel=0&amp;controls=2&amp;showinfo=0&amp;wmode=transparent&amp;autohide=2&amp;autoplay=0&amp;disablekb=0&amp;fs=1&amp;loop=0&amp;enablejsapi=1&amp;rel=0&amp;controls=2&amp;showinfo=1\" frameborder=\"0\" allow=\"accelerometer; autoplay; encrypted-media; gyroscope; picture-in-picture\" allowfullscreen><\/iframe><\/div>\n<\/div>\n<h3>DATABOX &#8211; CARATTERISTICHE<\/h3>\n<p>Ecco le sue principali caratteristiche:<\/p>\n<ul>\n<li><strong>Panoramica completa<\/strong>: mescola e abbina le metriche di diverse fonti e i tutti i tuoi KPI in un unico database e ottieni una visione pi\u00f9 completa delle tue prestazioni a colpo d&#8217;occhio<\/li>\n<li><strong>Libreria Databox di modelli metrici<\/strong>: visualizza i KPI in diversi modi e costruisci e personalizza la tua dashboard in base alle tue esigenze<\/li>\n<li><strong>Valori obiettivi<\/strong>: imposta obiettivi misurabili per metriche specifiche e monitora costantemente i tuoi progressi<\/li>\n<li><strong>Avvisi e approfondimenti<\/strong>: ricevi avvisi e consigli sulle prestazioni quando contano di pi\u00f9<\/li>\n<li><strong>Calcolo dei dati<\/strong>: puoi combinare i dati da qualsiasi fonte e calcolare facilmente nuove metriche, tassi di conversione, ROIm KPI e molto altro, il tutto senza codifica o fogli di calcolo.<\/li>\n<\/ul>\n<h3>LE RECENSIONI DEGLI UTENTI<\/h3>\n<ul>\n<li><strong>&#8220;Buon equilibrio tra funzionalit\u00e0 e prezzo&#8221;<\/strong><br \/>\nIN GENERALE: Databox mi piaceva mentre lo usavo. Non \u00e8 in alcun modo uno strumento di BI ma ha alcune opzioni per permetterti di trasformare i tuoi dati. Hanno anche alcune fantastiche opzioni per il monitoraggio degli obiettivi e l&#8217;app mobile fa passi da gigante rispetto alla concorrenza.<br \/>\nPRO: la grafica \u00e8 fantastica su computer, TV e telefono. Sono rimasto colpito da quanto sia stato facile creare una metrica.<br \/>\nCONTRO: una volta che le metriche sono nella dashboard, non c&#8217;\u00e8 molto altro che puoi fare con esse. Manca alcune delle funzionalit\u00e0 di base che mi aspetterei, come il trascinamento per ingrandire una determinata sezione del grafico o addirittura passare sopra la linea di confronto per vedere il valore esatto.<\/li>\n<li><strong>&#8220;Semplice e potente&#8221;<\/strong><br \/>\nIN GENERALE: usiamo Databox da 2 mesi e finora ci piace sempre di pi\u00f9. Utilizziamo solo strumenti di Google Analytics e Adobe Analytics, quindi Databox sembrava la soluzione perfetta per noi. Databox ci ha permesso di combinare i dati provenienti da diverse fonti di dati e visualizzarli in un unico posto in una bellissima app mobile. Abbiamo avuto delle difficolt\u00e0 durante l&#8217;impostazione di tutte le fonti di dati, ma il loro supporto clienti ci ha aiutato in pochissimo tempo. La caratteristica che ci piace di pi\u00f9 \u00e8 la scorecard. Non \u00e8 niente di meglio che ottenere una scorecard con i KPI pi\u00f9 importanti al mattino e vedere le prestazioni del giorno passato.<br \/>\nPRO: &#8211; Scorecard giornaliere<br \/>\n&#8211; Bellissima app web e mobile<br \/>\n&#8211; Databox Query Builder che ci consente di ottenere metriche personalizzate dagli strumenti analitici<br \/>\n&#8211; Designer potente ma semplice, in cui \u00e8 possibile impostare rapidamente schede dati con una semplice funzione di trascinamento della selezione<br \/>\n&#8211; Supporto clienti molto utile e reattivo<br \/>\nCONTRO: &#8211; La funzione di avviso non sembrava funzionare per noi due mesi fa, quindi abbiamo smesso di usarla<\/li>\n<li><strong>&#8220;Centralizzazione di pi\u00f9 piattaforme&#8221;<\/strong><br \/>\nIN GENERALE: incredibili dashboard facili da usare e da configurare<br \/>\nPRO: Mi piace poter personalizzare la dashboard e apparentemente aggiungere pi\u00f9 origini dati a una singola visualizzazione dashboard.<br \/>\nCONTRO: I contro di questa applicazione sono che a volte pu\u00f2 essere un po&#8217; difficile ottenere i dati aggiornati e connettere tutte le fonti di dati esterne. Ma i tutorial e le guide sono molto utili per risolvere la maggior parte dei problemi<\/li>\n<\/ul>\n","protected":false},"excerpt":{"rendered":"<p>Databox \u00e8 un programma di business intelligence che ti permette di unire dati provenienti da diverse fonti in un&#8217;unica dashboard cos\u00ec da avere tutto a portata di mano. Grazie agli strumenti che offre questo software, potrai creare e personalizzare una dashboard cos\u00ec da soddisfare in pieno le esigenze e le metriche di cui hai bisogno senza comunque dover progettare nulla<\/p>\n","protected":false},"author":17,"featured_media":21066,"parent":32646,"menu_order":0,"comment_status":"open","ping_status":"closed","template":"g1_template_page_review_new.php","meta":{"_acf_changed":false,"cwp_meta_box_check":"Yes","cwp_rev_product_name":"","cwp_rev_product_image":"","wppr_links":[],"cwp_rev_price":"","wppr_options":[],"wppr_pros":[],"wppr_cons":[],"_monsterinsights_skip_tracking":false,"_monsterinsights_sitenote_active":false,"_monsterinsights_sitenote_note":"","_monsterinsights_sitenote_category":0,"footnotes":""},"categories":[1555],"tags":[1565,1564,1560,1566],"features":[],"class_list":{"0":"post-21065","1":"page","2":"type-page","3":"status-publish","4":"has-post-thumbnail","6":"category-business-intelligence-it","7":"tag-business-intelligence","8":"tag-business-intelligence-software","9":"tag-piattaforma-business-intelligence","10":"tag-programma-di-business-intelligence"},"wppr_data":{"cwp_meta_box_check":"Yes","cwp_rev_product_name":"","cwp_rev_product_image":"","cwp_image_link":"image","cwp_rev_price":"","wppr_rating":"0.00"},"acf":[],"yoast_head":"<!-- This site is optimized with the Yoast SEO plugin v27.4 - https:\/\/yoast.com\/product\/yoast-seo-wordpress\/ -->\n<title>Databox: recensione programma business intelligence - Accurate Reviews<\/title>\n<meta name=\"description\" content=\"Databox: recensione del programma di business intelligence che ti permette di unire dati provenienti da diverse fonti in un&#039;unica dashboard.\" \/>\n<meta name=\"robots\" content=\"index, follow, max-snippet:-1, max-image-preview:large, max-video-preview:-1\" \/>\n<link rel=\"canonical\" href=\"https:\/\/www.accuratereviews.com\/it\/business-intelligence\/databox-recensione\/\" \/>\n<meta property=\"og:locale\" content=\"it_IT\" \/>\n<meta property=\"og:type\" content=\"article\" \/>\n<meta property=\"og:title\" content=\"Databox: recensione programma business intelligence - Accurate Reviews\" \/>\n<meta property=\"og:description\" content=\"Databox: recensione del programma di business intelligence che ti permette di unire dati provenienti da diverse fonti in un&#039;unica dashboard.\" \/>\n<meta property=\"og:url\" content=\"https:\/\/www.accuratereviews.com\/it\/business-intelligence\/databox-recensione\/\" \/>\n<meta property=\"og:site_name\" content=\"Accurate Reviews\" \/>\n<meta property=\"article:modified_time\" content=\"2021-05-18T14:24:50+00:00\" \/>\n<meta property=\"og:image\" content=\"https:\/\/www.accuratereviews.com\/wp-content\/uploads\/2019\/12\/databox-logo.png\" \/>\n\t<meta property=\"og:image:width\" content=\"640\" \/>\n\t<meta property=\"og:image:height\" content=\"183\" \/>\n\t<meta property=\"og:image:type\" content=\"image\/png\" \/>\n<meta name=\"twitter:card\" content=\"summary_large_image\" \/>\n<meta name=\"twitter:label1\" content=\"Tempo di lettura stimato\" \/>\n\t<meta name=\"twitter:data1\" content=\"3 minuti\" \/>\n<script type=\"application\/ld+json\" class=\"yoast-schema-graph\">{\"@context\":\"https:\\\/\\\/schema.org\",\"@graph\":[{\"@type\":\"WebPage\",\"@id\":\"https:\\\/\\\/www.accuratereviews.com\\\/it\\\/business-intelligence\\\/databox-recensione\\\/\",\"url\":\"https:\\\/\\\/www.accuratereviews.com\\\/it\\\/business-intelligence\\\/databox-recensione\\\/\",\"name\":\"Databox: recensione programma business intelligence - Accurate Reviews\",\"isPartOf\":{\"@id\":\"https:\\\/\\\/www.accuratereviews.com\\\/it\\\/#website\"},\"primaryImageOfPage\":{\"@id\":\"https:\\\/\\\/www.accuratereviews.com\\\/it\\\/business-intelligence\\\/databox-recensione\\\/#primaryimage\"},\"image\":{\"@id\":\"https:\\\/\\\/www.accuratereviews.com\\\/it\\\/business-intelligence\\\/databox-recensione\\\/#primaryimage\"},\"thumbnailUrl\":\"https:\\\/\\\/www.accuratereviews.com\\\/wp-content\\\/uploads\\\/2019\\\/12\\\/databox-logo.png\",\"datePublished\":\"2019-12-10T17:10:54+00:00\",\"dateModified\":\"2021-05-18T14:24:50+00:00\",\"description\":\"Databox: recensione del programma di business intelligence che ti permette di unire dati provenienti da diverse fonti in un'unica dashboard.\",\"breadcrumb\":{\"@id\":\"https:\\\/\\\/www.accuratereviews.com\\\/it\\\/business-intelligence\\\/databox-recensione\\\/#breadcrumb\"},\"inLanguage\":\"it-IT\",\"potentialAction\":[{\"@type\":\"ReadAction\",\"target\":[\"https:\\\/\\\/www.accuratereviews.com\\\/it\\\/business-intelligence\\\/databox-recensione\\\/\"]}]},{\"@type\":\"ImageObject\",\"inLanguage\":\"it-IT\",\"@id\":\"https:\\\/\\\/www.accuratereviews.com\\\/it\\\/business-intelligence\\\/databox-recensione\\\/#primaryimage\",\"url\":\"https:\\\/\\\/www.accuratereviews.com\\\/wp-content\\\/uploads\\\/2019\\\/12\\\/databox-logo.png\",\"contentUrl\":\"https:\\\/\\\/www.accuratereviews.com\\\/wp-content\\\/uploads\\\/2019\\\/12\\\/databox-logo.png\",\"width\":640,\"height\":183},{\"@type\":\"BreadcrumbList\",\"@id\":\"https:\\\/\\\/www.accuratereviews.com\\\/it\\\/business-intelligence\\\/databox-recensione\\\/#breadcrumb\",\"itemListElement\":[{\"@type\":\"ListItem\",\"position\":1,\"name\":\"Home\",\"item\":\"https:\\\/\\\/www.accuratereviews.com\\\/it\\\/\"},{\"@type\":\"ListItem\",\"position\":2,\"name\":\"Business intelligence\",\"item\":\"https:\\\/\\\/www.accuratereviews.com\\\/it\\\/business-intelligence\\\/\"},{\"@type\":\"ListItem\",\"position\":3,\"name\":\"Databox\"}]},{\"@type\":\"WebSite\",\"@id\":\"https:\\\/\\\/www.accuratereviews.com\\\/it\\\/#website\",\"url\":\"https:\\\/\\\/www.accuratereviews.com\\\/it\\\/\",\"name\":\"Accurate Reviews\",\"description\":\"\",\"potentialAction\":[{\"@type\":\"SearchAction\",\"target\":{\"@type\":\"EntryPoint\",\"urlTemplate\":\"https:\\\/\\\/www.accuratereviews.com\\\/it\\\/?s={search_term_string}\"},\"query-input\":{\"@type\":\"PropertyValueSpecification\",\"valueRequired\":true,\"valueName\":\"search_term_string\"}}],\"inLanguage\":\"it-IT\"}]}<\/script>\n<!-- \/ Yoast SEO plugin. -->","yoast_head_json":{"title":"Databox: recensione programma business intelligence - Accurate Reviews","description":"Databox: recensione del programma di business intelligence che ti permette di unire dati provenienti da diverse fonti in un'unica dashboard.","robots":{"index":"index","follow":"follow","max-snippet":"max-snippet:-1","max-image-preview":"max-image-preview:large","max-video-preview":"max-video-preview:-1"},"canonical":"https:\/\/www.accuratereviews.com\/it\/business-intelligence\/databox-recensione\/","og_locale":"it_IT","og_type":"article","og_title":"Databox: recensione programma business intelligence - Accurate Reviews","og_description":"Databox: recensione del programma di business intelligence che ti permette di unire dati provenienti da diverse fonti in un'unica dashboard.","og_url":"https:\/\/www.accuratereviews.com\/it\/business-intelligence\/databox-recensione\/","og_site_name":"Accurate Reviews","article_modified_time":"2021-05-18T14:24:50+00:00","og_image":[{"width":640,"height":183,"url":"https:\/\/www.accuratereviews.com\/wp-content\/uploads\/2019\/12\/databox-logo.png","type":"image\/png"}],"twitter_card":"summary_large_image","twitter_misc":{"Tempo di lettura stimato":"3 minuti"},"schema":{"@context":"https:\/\/schema.org","@graph":[{"@type":"WebPage","@id":"https:\/\/www.accuratereviews.com\/it\/business-intelligence\/databox-recensione\/","url":"https:\/\/www.accuratereviews.com\/it\/business-intelligence\/databox-recensione\/","name":"Databox: recensione programma business intelligence - Accurate Reviews","isPartOf":{"@id":"https:\/\/www.accuratereviews.com\/it\/#website"},"primaryImageOfPage":{"@id":"https:\/\/www.accuratereviews.com\/it\/business-intelligence\/databox-recensione\/#primaryimage"},"image":{"@id":"https:\/\/www.accuratereviews.com\/it\/business-intelligence\/databox-recensione\/#primaryimage"},"thumbnailUrl":"https:\/\/www.accuratereviews.com\/wp-content\/uploads\/2019\/12\/databox-logo.png","datePublished":"2019-12-10T17:10:54+00:00","dateModified":"2021-05-18T14:24:50+00:00","description":"Databox: recensione del programma di business intelligence che ti permette di unire dati provenienti da diverse fonti in un'unica dashboard.","breadcrumb":{"@id":"https:\/\/www.accuratereviews.com\/it\/business-intelligence\/databox-recensione\/#breadcrumb"},"inLanguage":"it-IT","potentialAction":[{"@type":"ReadAction","target":["https:\/\/www.accuratereviews.com\/it\/business-intelligence\/databox-recensione\/"]}]},{"@type":"ImageObject","inLanguage":"it-IT","@id":"https:\/\/www.accuratereviews.com\/it\/business-intelligence\/databox-recensione\/#primaryimage","url":"https:\/\/www.accuratereviews.com\/wp-content\/uploads\/2019\/12\/databox-logo.png","contentUrl":"https:\/\/www.accuratereviews.com\/wp-content\/uploads\/2019\/12\/databox-logo.png","width":640,"height":183},{"@type":"BreadcrumbList","@id":"https:\/\/www.accuratereviews.com\/it\/business-intelligence\/databox-recensione\/#breadcrumb","itemListElement":[{"@type":"ListItem","position":1,"name":"Home","item":"https:\/\/www.accuratereviews.com\/it\/"},{"@type":"ListItem","position":2,"name":"Business intelligence","item":"https:\/\/www.accuratereviews.com\/it\/business-intelligence\/"},{"@type":"ListItem","position":3,"name":"Databox"}]},{"@type":"WebSite","@id":"https:\/\/www.accuratereviews.com\/it\/#website","url":"https:\/\/www.accuratereviews.com\/it\/","name":"Accurate Reviews","description":"","potentialAction":[{"@type":"SearchAction","target":{"@type":"EntryPoint","urlTemplate":"https:\/\/www.accuratereviews.com\/it\/?s={search_term_string}"},"query-input":{"@type":"PropertyValueSpecification","valueRequired":true,"valueName":"search_term_string"}}],"inLanguage":"it-IT"}]}},"_links":{"self":[{"href":"https:\/\/www.accuratereviews.com\/it\/wp-json\/wp\/v2\/pages\/21065","targetHints":{"allow":["GET"]}}],"collection":[{"href":"https:\/\/www.accuratereviews.com\/it\/wp-json\/wp\/v2\/pages"}],"about":[{"href":"https:\/\/www.accuratereviews.com\/it\/wp-json\/wp\/v2\/types\/page"}],"author":[{"embeddable":true,"href":"https:\/\/www.accuratereviews.com\/it\/wp-json\/wp\/v2\/users\/17"}],"replies":[{"embeddable":true,"href":"https:\/\/www.accuratereviews.com\/it\/wp-json\/wp\/v2\/comments?post=21065"}],"version-history":[{"count":5,"href":"https:\/\/www.accuratereviews.com\/it\/wp-json\/wp\/v2\/pages\/21065\/revisions"}],"predecessor-version":[{"id":42908,"href":"https:\/\/www.accuratereviews.com\/it\/wp-json\/wp\/v2\/pages\/21065\/revisions\/42908"}],"up":[{"embeddable":true,"href":"https:\/\/www.accuratereviews.com\/it\/wp-json\/wp\/v2\/pages\/32646"}],"wp:featuredmedia":[{"embeddable":true,"href":"https:\/\/www.accuratereviews.com\/it\/wp-json\/wp\/v2\/media\/21066"}],"wp:attachment":[{"href":"https:\/\/www.accuratereviews.com\/it\/wp-json\/wp\/v2\/media?parent=21065"}],"wp:term":[{"taxonomy":"category","embeddable":true,"href":"https:\/\/www.accuratereviews.com\/it\/wp-json\/wp\/v2\/categories?post=21065"},{"taxonomy":"post_tag","embeddable":true,"href":"https:\/\/www.accuratereviews.com\/it\/wp-json\/wp\/v2\/tags?post=21065"},{"taxonomy":"features","embeddable":true,"href":"https:\/\/www.accuratereviews.com\/it\/wp-json\/wp\/v2\/features?post=21065"}],"curies":[{"name":"wp","href":"https:\/\/api.w.org\/{rel}","templated":true}]}}