{"id":21073,"date":"2019-12-10T17:04:08","date_gmt":"2019-12-10T17:04:08","guid":{"rendered":"https:\/\/www.accuratereviews.com\/?page_id=21073"},"modified":"2021-05-27T13:34:39","modified_gmt":"2021-05-27T13:34:39","slug":"solver-bi360-recensione","status":"publish","type":"page","link":"https:\/\/www.accuratereviews.com\/it\/business-intelligence\/solver-bi360-recensione\/","title":{"rendered":"Solver BI360"},"content":{"rendered":"<p><strong>Solver BI360<\/strong> \u00e8 una <strong>suite di business intelligence<\/strong> molto completa progettata per promuovere prestazioni, efficienza e produttivit\u00e0 aziendali. Il software include potenti funzionalit\u00e0 e integrazioni pronte all&#8217;uso con molti sistemi e applicazioni di terze parti tra cui Microsoft Dynamics, Intacct, NetSuite e Salesforce tanto per citarne alcuni.\u00a0Il programma viene fornito con una moltitudine di capacit\u00e0 e funzionalit\u00e0 che consentono agli utenti di raccogliere e analizzare accuratamente le informazioni raccolte da pi\u00f9 fonti. Con i dati raccolti e archiviai nel data warehouse di <strong>Solver BI360<\/strong>, gli utenti sono in grado di vedere l&#8217;intera immagine e approfondire i minimi dettagli, visualizzare le tendenze, generare report che visualizzano le informazioni nel modo desiderato. Con questo software, le aziende e le organizzazioni sono in grado di realizzare piani aziendali efficaci, creare ed eseguire budget fattibili e portare la crescita e le entrate a livelli ottimali.<\/p>\n<h2>SOLVER BI360 &#8211; TUTORIAL<\/h2>\n<p>Guarda questo breve tutorial in cui scoprirai la velocit\u00e0 con cui puoi creare un report con questo software:<\/p>\n<div id=\"fluid-wrapper-counter-1\" class=\"g1-fluid-wrapper \" style=\"width:686px;\">\n<div style=\"padding-bottom:56.268221574344%;\"><iframe loading=\"lazy\" title=\"How to build a report on Solver BI360, The Complete Business Intelligence (BI) Suite\" width=\"686\" height=\"386\" src=\"https:\/\/www.youtube.com\/embed\/DSnNKXPiUK0?feature=oembed&amp;wmode=transparent&amp;autohide=1&amp;autoplay=0&amp;disablekb=0&amp;fs=1&amp;loop=0&amp;enablejsapi=1&amp;rel=0&amp;controls=2&amp;showinfo=0&amp;wmode=transparent&amp;autohide=2&amp;autoplay=0&amp;disablekb=0&amp;fs=1&amp;loop=0&amp;enablejsapi=1&amp;rel=0&amp;controls=2&amp;showinfo=1\" frameborder=\"0\" allow=\"accelerometer; autoplay; encrypted-media; gyroscope; picture-in-picture\" allowfullscreen><\/iframe><\/div>\n<\/div>\n<h3>SOLVER BI360 &#8211; CARATTERISTICHE<\/h3>\n<ul>\n<li><strong>Rapporti<\/strong>: sia in ufficio che in remoto, on-premise o Cloud, BI360 Reporting offre report finanziari e operativi robusti e facili da usare.<\/li>\n<li><strong>Budget<\/strong>: elimina i processi di pianificazione manuale per ottenere budget e previsioni moderni e dinamici con la pianificazione self-service di questo programma.<\/li>\n<li><strong>Dashboard<\/strong>:\u00a0che tu sia un dirigente o un coordinatore, le dashboard offrono informazioni di facile comprensione sull&#8217;andamento della tua impresa, consentendo una strategia pi\u00f9 intelligente.<\/li>\n<li><strong>Acquisisci dati importanti:<\/strong> il software\u00a0offrare ti consente di consolidare le informazioni dell&#8217;azienda in una piattaforma facile da usare e ad alte prestazioni.<\/li>\n<\/ul>\n<h4>LE RECENSIONI DEGLI UTENTI<\/h4>\n<p><strong>Wajeeh R. &#8220;I migliori software CPM e BI&#8221;<\/strong><\/p>\n<p><strong>Commenti:<\/strong> \u00e8 molto facile integrarsi con il software. inoltre \u00e8 possibile collegare pi\u00f9 origini dati nel datawarehouse bi360<\/p>\n<p><strong>Vantaggi<\/strong>: facili integrazioni con il nostro software Microsoft Dynamics Gp.<\/p>\n<p><strong>Inconvenienti<\/strong>: i servizi cloud si sono bloccati alcune volte, ma nel complesso \u00e8 buono<\/p>\n<p><strong>Mujde E. &#8220;Il nostro strumento di sviluppo delle informazioni, reportistica e budgeting&#8221;<\/strong><\/p>\n<p><strong>Vantaggi<\/strong>: BI360 \u00e8 estremamente intuitivo e veloce da eseguire. \u00c8 la nostra opzione di sviluppo delle informazioni, reportistica e budgeting. Abbiamo scoperto che SOLVER \u00e8 molto reattivo come venditore, con una vera dedizione alla competenza. Tempi di accelerazione rapidi sia nell&#8217;implementazione dello strumento che nella formazione di nuovi utenti.<\/p>\n<p><strong>Inconvenienti<\/strong>: l&#8217;assistenza clienti pu\u00f2 migliorare. Abbiamo riscontrato un problema tecnico che non sono stati in grado di risolvere.<\/p>\n<p><strong>Aijelene L. &#8220;SOLVER, PROBLEMA AZIENDALE DA RISOLVERE&#8221;<\/strong><\/p>\n<p><strong>Vantaggi<\/strong>: uno dei software che ha funzionalit\u00e0 molto intuitive. Qualsiasi utente di qualsiasi livello dell&#8217;organizzazione pu\u00f2 facilmente imparare ogni modulo semplicemente provandolo alcune volte. Un&#8217;altra cosa piacevole \u00e8 che ti fornisce dati in tempo reale ogni volta che devi controllare lo stato di una determinata transazione.<\/p>\n<p><strong>Inconvenienti<\/strong>: \u00e8 un po &#8216;caro, quindi si adatta solo alle grandi aziende. Un&#8217;altra cosa \u00e8 il processo di implementazione, che richiede tempo.<\/p>\n","protected":false},"excerpt":{"rendered":"<p>Solver BI360 \u00e8 una suite di business intelligence molto completa progettata per promuovere prestazioni, efficienza e produttivit\u00e0 aziendali. Il software include potenti funzionalit\u00e0 e integrazioni pronte all&#8217;uso con molti sistemi e applicazioni di terze parti tra cui Microsoft Dynamics, Intacct, NetSuite e Salesforce tanto per citarne alcuni.<\/p>\n","protected":false},"author":19,"featured_media":21076,"parent":32646,"menu_order":0,"comment_status":"open","ping_status":"closed","template":"g1_template_page_review_new.php","meta":{"_acf_changed":false,"cwp_meta_box_check":"No","cwp_rev_product_name":"","cwp_rev_product_image":"","wppr_links":[],"cwp_rev_price":"","wppr_options":[],"wppr_pros":[],"wppr_cons":[],"_monsterinsights_skip_tracking":false,"_monsterinsights_sitenote_active":false,"_monsterinsights_sitenote_note":"","_monsterinsights_sitenote_category":0,"footnotes":""},"categories":[1555],"tags":[1561,1560,1557,1556,1558,1581],"features":[],"class_list":{"0":"post-21073","1":"page","2":"type-page","3":"status-publish","4":"has-post-thumbnail","6":"category-business-intelligence-it","7":"tag-bi","8":"tag-piattaforma-business-intelligence","9":"tag-programma-business-intelligence","10":"tag-software-business-intelligence","11":"tag-soluzione-business-intelligence","12":"tag-solver-bi360"},"wppr_data":{"cwp_meta_box_check":"No"},"acf":[],"yoast_head":"<!-- This site is optimized with the Yoast SEO plugin v27.4 - https:\/\/yoast.com\/product\/yoast-seo-wordpress\/ -->\n<title>Solver BI360: recensione software Business Intelligence Accurate Reviews<\/title>\n<meta name=\"description\" content=\"Solver BI360: recensione suite di business intelligence molto completa progettata per promuovere prestazioni, efficienza e produttivit\u00e0 aziendali.\" \/>\n<meta name=\"robots\" content=\"index, follow, max-snippet:-1, max-image-preview:large, max-video-preview:-1\" \/>\n<link rel=\"canonical\" href=\"https:\/\/www.accuratereviews.com\/it\/business-intelligence\/solver-bi360-recensione\/\" \/>\n<meta property=\"og:locale\" content=\"it_IT\" \/>\n<meta property=\"og:type\" content=\"article\" \/>\n<meta property=\"og:title\" content=\"Solver BI360: recensione software Business Intelligence Accurate Reviews\" \/>\n<meta property=\"og:description\" content=\"Solver BI360: recensione suite di business intelligence molto completa progettata per promuovere prestazioni, efficienza e produttivit\u00e0 aziendali.\" \/>\n<meta property=\"og:url\" content=\"https:\/\/www.accuratereviews.com\/it\/business-intelligence\/solver-bi360-recensione\/\" \/>\n<meta property=\"og:site_name\" content=\"Accurate Reviews\" \/>\n<meta property=\"article:modified_time\" content=\"2021-05-27T13:34:39+00:00\" \/>\n<meta property=\"og:image\" content=\"https:\/\/www.accuratereviews.com\/wp-content\/uploads\/2019\/12\/solver-bi360.jpg\" \/>\n\t<meta property=\"og:image:width\" content=\"600\" \/>\n\t<meta property=\"og:image:height\" content=\"315\" \/>\n\t<meta property=\"og:image:type\" content=\"image\/jpeg\" \/>\n<meta name=\"twitter:card\" content=\"summary_large_image\" \/>\n<meta name=\"twitter:label1\" content=\"Tempo di lettura stimato\" \/>\n\t<meta name=\"twitter:data1\" content=\"2 minuti\" \/>\n<script type=\"application\/ld+json\" class=\"yoast-schema-graph\">{\"@context\":\"https:\\\/\\\/schema.org\",\"@graph\":[{\"@type\":\"WebPage\",\"@id\":\"https:\\\/\\\/www.accuratereviews.com\\\/it\\\/business-intelligence\\\/solver-bi360-recensione\\\/\",\"url\":\"https:\\\/\\\/www.accuratereviews.com\\\/it\\\/business-intelligence\\\/solver-bi360-recensione\\\/\",\"name\":\"Solver BI360: recensione software Business Intelligence Accurate Reviews\",\"isPartOf\":{\"@id\":\"https:\\\/\\\/www.accuratereviews.com\\\/it\\\/#website\"},\"primaryImageOfPage\":{\"@id\":\"https:\\\/\\\/www.accuratereviews.com\\\/it\\\/business-intelligence\\\/solver-bi360-recensione\\\/#primaryimage\"},\"image\":{\"@id\":\"https:\\\/\\\/www.accuratereviews.com\\\/it\\\/business-intelligence\\\/solver-bi360-recensione\\\/#primaryimage\"},\"thumbnailUrl\":\"https:\\\/\\\/www.accuratereviews.com\\\/wp-content\\\/uploads\\\/2019\\\/12\\\/solver-bi360.jpg\",\"datePublished\":\"2019-12-10T17:04:08+00:00\",\"dateModified\":\"2021-05-27T13:34:39+00:00\",\"description\":\"Solver BI360: recensione suite di business intelligence molto completa progettata per promuovere prestazioni, efficienza e produttivit\u00e0 aziendali.\",\"breadcrumb\":{\"@id\":\"https:\\\/\\\/www.accuratereviews.com\\\/it\\\/business-intelligence\\\/solver-bi360-recensione\\\/#breadcrumb\"},\"inLanguage\":\"it-IT\",\"potentialAction\":[{\"@type\":\"ReadAction\",\"target\":[\"https:\\\/\\\/www.accuratereviews.com\\\/it\\\/business-intelligence\\\/solver-bi360-recensione\\\/\"]}]},{\"@type\":\"ImageObject\",\"inLanguage\":\"it-IT\",\"@id\":\"https:\\\/\\\/www.accuratereviews.com\\\/it\\\/business-intelligence\\\/solver-bi360-recensione\\\/#primaryimage\",\"url\":\"https:\\\/\\\/www.accuratereviews.com\\\/wp-content\\\/uploads\\\/2019\\\/12\\\/solver-bi360.jpg\",\"contentUrl\":\"https:\\\/\\\/www.accuratereviews.com\\\/wp-content\\\/uploads\\\/2019\\\/12\\\/solver-bi360.jpg\",\"width\":600,\"height\":315},{\"@type\":\"BreadcrumbList\",\"@id\":\"https:\\\/\\\/www.accuratereviews.com\\\/it\\\/business-intelligence\\\/solver-bi360-recensione\\\/#breadcrumb\",\"itemListElement\":[{\"@type\":\"ListItem\",\"position\":1,\"name\":\"Home\",\"item\":\"https:\\\/\\\/www.accuratereviews.com\\\/it\\\/\"},{\"@type\":\"ListItem\",\"position\":2,\"name\":\"Business intelligence\",\"item\":\"https:\\\/\\\/www.accuratereviews.com\\\/it\\\/business-intelligence\\\/\"},{\"@type\":\"ListItem\",\"position\":3,\"name\":\"Solver BI360\"}]},{\"@type\":\"WebSite\",\"@id\":\"https:\\\/\\\/www.accuratereviews.com\\\/it\\\/#website\",\"url\":\"https:\\\/\\\/www.accuratereviews.com\\\/it\\\/\",\"name\":\"Accurate Reviews\",\"description\":\"\",\"potentialAction\":[{\"@type\":\"SearchAction\",\"target\":{\"@type\":\"EntryPoint\",\"urlTemplate\":\"https:\\\/\\\/www.accuratereviews.com\\\/it\\\/?s={search_term_string}\"},\"query-input\":{\"@type\":\"PropertyValueSpecification\",\"valueRequired\":true,\"valueName\":\"search_term_string\"}}],\"inLanguage\":\"it-IT\"}]}<\/script>\n<!-- \/ Yoast SEO plugin. -->","yoast_head_json":{"title":"Solver BI360: recensione software Business Intelligence Accurate Reviews","description":"Solver BI360: recensione suite di business intelligence molto completa progettata per promuovere prestazioni, efficienza e produttivit\u00e0 aziendali.","robots":{"index":"index","follow":"follow","max-snippet":"max-snippet:-1","max-image-preview":"max-image-preview:large","max-video-preview":"max-video-preview:-1"},"canonical":"https:\/\/www.accuratereviews.com\/it\/business-intelligence\/solver-bi360-recensione\/","og_locale":"it_IT","og_type":"article","og_title":"Solver BI360: recensione software Business Intelligence Accurate Reviews","og_description":"Solver BI360: recensione suite di business intelligence molto completa progettata per promuovere prestazioni, efficienza e produttivit\u00e0 aziendali.","og_url":"https:\/\/www.accuratereviews.com\/it\/business-intelligence\/solver-bi360-recensione\/","og_site_name":"Accurate Reviews","article_modified_time":"2021-05-27T13:34:39+00:00","og_image":[{"width":600,"height":315,"url":"https:\/\/www.accuratereviews.com\/wp-content\/uploads\/2019\/12\/solver-bi360.jpg","type":"image\/jpeg"}],"twitter_card":"summary_large_image","twitter_misc":{"Tempo di lettura stimato":"2 minuti"},"schema":{"@context":"https:\/\/schema.org","@graph":[{"@type":"WebPage","@id":"https:\/\/www.accuratereviews.com\/it\/business-intelligence\/solver-bi360-recensione\/","url":"https:\/\/www.accuratereviews.com\/it\/business-intelligence\/solver-bi360-recensione\/","name":"Solver BI360: recensione software Business Intelligence Accurate Reviews","isPartOf":{"@id":"https:\/\/www.accuratereviews.com\/it\/#website"},"primaryImageOfPage":{"@id":"https:\/\/www.accuratereviews.com\/it\/business-intelligence\/solver-bi360-recensione\/#primaryimage"},"image":{"@id":"https:\/\/www.accuratereviews.com\/it\/business-intelligence\/solver-bi360-recensione\/#primaryimage"},"thumbnailUrl":"https:\/\/www.accuratereviews.com\/wp-content\/uploads\/2019\/12\/solver-bi360.jpg","datePublished":"2019-12-10T17:04:08+00:00","dateModified":"2021-05-27T13:34:39+00:00","description":"Solver BI360: recensione suite di business intelligence molto completa progettata per promuovere prestazioni, efficienza e produttivit\u00e0 aziendali.","breadcrumb":{"@id":"https:\/\/www.accuratereviews.com\/it\/business-intelligence\/solver-bi360-recensione\/#breadcrumb"},"inLanguage":"it-IT","potentialAction":[{"@type":"ReadAction","target":["https:\/\/www.accuratereviews.com\/it\/business-intelligence\/solver-bi360-recensione\/"]}]},{"@type":"ImageObject","inLanguage":"it-IT","@id":"https:\/\/www.accuratereviews.com\/it\/business-intelligence\/solver-bi360-recensione\/#primaryimage","url":"https:\/\/www.accuratereviews.com\/wp-content\/uploads\/2019\/12\/solver-bi360.jpg","contentUrl":"https:\/\/www.accuratereviews.com\/wp-content\/uploads\/2019\/12\/solver-bi360.jpg","width":600,"height":315},{"@type":"BreadcrumbList","@id":"https:\/\/www.accuratereviews.com\/it\/business-intelligence\/solver-bi360-recensione\/#breadcrumb","itemListElement":[{"@type":"ListItem","position":1,"name":"Home","item":"https:\/\/www.accuratereviews.com\/it\/"},{"@type":"ListItem","position":2,"name":"Business intelligence","item":"https:\/\/www.accuratereviews.com\/it\/business-intelligence\/"},{"@type":"ListItem","position":3,"name":"Solver BI360"}]},{"@type":"WebSite","@id":"https:\/\/www.accuratereviews.com\/it\/#website","url":"https:\/\/www.accuratereviews.com\/it\/","name":"Accurate Reviews","description":"","potentialAction":[{"@type":"SearchAction","target":{"@type":"EntryPoint","urlTemplate":"https:\/\/www.accuratereviews.com\/it\/?s={search_term_string}"},"query-input":{"@type":"PropertyValueSpecification","valueRequired":true,"valueName":"search_term_string"}}],"inLanguage":"it-IT"}]}},"_links":{"self":[{"href":"https:\/\/www.accuratereviews.com\/it\/wp-json\/wp\/v2\/pages\/21073","targetHints":{"allow":["GET"]}}],"collection":[{"href":"https:\/\/www.accuratereviews.com\/it\/wp-json\/wp\/v2\/pages"}],"about":[{"href":"https:\/\/www.accuratereviews.com\/it\/wp-json\/wp\/v2\/types\/page"}],"author":[{"embeddable":true,"href":"https:\/\/www.accuratereviews.com\/it\/wp-json\/wp\/v2\/users\/19"}],"replies":[{"embeddable":true,"href":"https:\/\/www.accuratereviews.com\/it\/wp-json\/wp\/v2\/comments?post=21073"}],"version-history":[{"count":6,"href":"https:\/\/www.accuratereviews.com\/it\/wp-json\/wp\/v2\/pages\/21073\/revisions"}],"predecessor-version":[{"id":43441,"href":"https:\/\/www.accuratereviews.com\/it\/wp-json\/wp\/v2\/pages\/21073\/revisions\/43441"}],"up":[{"embeddable":true,"href":"https:\/\/www.accuratereviews.com\/it\/wp-json\/wp\/v2\/pages\/32646"}],"wp:featuredmedia":[{"embeddable":true,"href":"https:\/\/www.accuratereviews.com\/it\/wp-json\/wp\/v2\/media\/21076"}],"wp:attachment":[{"href":"https:\/\/www.accuratereviews.com\/it\/wp-json\/wp\/v2\/media?parent=21073"}],"wp:term":[{"taxonomy":"category","embeddable":true,"href":"https:\/\/www.accuratereviews.com\/it\/wp-json\/wp\/v2\/categories?post=21073"},{"taxonomy":"post_tag","embeddable":true,"href":"https:\/\/www.accuratereviews.com\/it\/wp-json\/wp\/v2\/tags?post=21073"},{"taxonomy":"features","embeddable":true,"href":"https:\/\/www.accuratereviews.com\/it\/wp-json\/wp\/v2\/features?post=21073"}],"curies":[{"name":"wp","href":"https:\/\/api.w.org\/{rel}","templated":true}]}}