{"id":21093,"date":"2019-12-11T15:15:42","date_gmt":"2019-12-11T15:15:42","guid":{"rendered":"https:\/\/www.accuratereviews.com\/?page_id=21093"},"modified":"2021-05-18T14:04:52","modified_gmt":"2021-05-18T14:04:52","slug":"cluvio-recensione","status":"publish","type":"page","link":"https:\/\/www.accuratereviews.com\/it\/business-intelligence\/cluvio-recensione\/","title":{"rendered":"Cluvio"},"content":{"rendered":"<p>Fondata nel 2015, <strong>Cluvio<\/strong> \u00e8 una soluzione di <strong>business intelligence<\/strong> che aiuta le aziende di qualsiasi dimensione a sfruttare al massimo i dati e ad estrarre informazioni.\u00a0Le caratteristiche principali includono un editor SQL, script R personalizzabili, notifiche push, condivisione dashboard con i client e altro ancora. La dashboard di Cluvio pu\u00f2 anche essere condivisa con i colleghi attraverso un collegamento che consente agli utenti di accedervi senza effettuare il login. Gli utenti possono suddividere e tagliare i dati, specificare intervalli di date e configurare le impostazioni di aggregazione.\u00a0Cluvio offre l&#8217;integrazione con database tra cui PostgreSQL, MySQL, Amazon Redshift, Google BigQuery, MariaDB, Microsoft SQLServer, Amazon Web Services, Oracle, Google Cloud Platform, Amazon Aura ed Exasol.<\/p>\n<h2>CLUVIO &#8211; TUTORIAL<\/h2>\n<p>Guardiamo questo tutorial per capire meglio come funziona questo <strong>software di business intelligence<\/strong>:<\/p>\n<div id=\"fluid-wrapper-counter-1\" class=\"g1-fluid-wrapper \" style=\"width:686px;\">\n<div style=\"padding-bottom:56.268221574344%;\"><iframe loading=\"lazy\" title=\"Cluvio Product Demo\" width=\"686\" height=\"386\" src=\"https:\/\/www.youtube.com\/embed\/ByLm0Afo29Q?feature=oembed&amp;wmode=transparent&amp;autohide=1&amp;autoplay=0&amp;disablekb=0&amp;fs=1&amp;loop=0&amp;enablejsapi=1&amp;rel=0&amp;controls=2&amp;showinfo=0&amp;wmode=transparent&amp;autohide=2&amp;autoplay=0&amp;disablekb=0&amp;fs=1&amp;loop=0&amp;enablejsapi=1&amp;rel=0&amp;controls=2&amp;showinfo=1\" frameborder=\"0\" allow=\"accelerometer; autoplay; encrypted-media; gyroscope; picture-in-picture\" allowfullscreen><\/iframe><\/div>\n<\/div>\n<h3>CLUVIO &#8211; CARATTERISTICHE<\/h3>\n<ul>\n<li><strong>Condividi dashboard all&#8217;interno della tua azienda<\/strong>: invita tutti i tuoi colleghi e condividi le tue dashboard all&#8217;interno della tua azienda. Gli utenti di sola visualizzazione sono completamente gratuiti in tutti i piani del team di Cluvio, quindi letteralmente tutti possono iniziare a prendere decisioni basate sui dati<\/li>\n<li><strong>Almanacco del database<\/strong>: il nostro almanacco del database ti consente di esplorare i tuoi set di dati in dettaglio. E una volta trovato quello che stai cercando, il programma suggerisce automaticamente i modi migliori per visualizzare i tuoi dati<\/li>\n<li><strong>Condividi dashboard tramite link<\/strong>: \u00e8 sufficiente condividere dashboard tramite un collegamento di condivisione sicuro. Con quel link chiunque pu\u00f2 accedere direttamente alla dashboard senza effettuare l&#8217;accesso<\/li>\n<li><strong>Frammenti SQL:<\/strong> trasforma una parte di SQL comunemente usata in un singolo frammento riutilizzabile ovunque all&#8217;interno del programma<\/li>\n<li><strong>Condividi via email: <\/strong>la condivisione pianificata di una dashboard o di un rapporto via email \u00e8 un ottimo modo per &#8220;inviare&#8221; informazioni agli utenti, ottenere un&#8217;istantanea regolare o avviare conversazioni. L&#8217;email pu\u00f2 contenere la dashboard con qualsiasi combinazione di: immagine, PDF, Excel o CSV<\/li>\n<li><strong>Visualizzazioni suggerite<\/strong>: analizza la tua query e i risultati e il software suggerir\u00e0 automaticamente i modi migliori per visualizzarli come grafici.<\/li>\n<\/ul>\n<h4>LE RECENSIONI DEGLI UTENTI<\/h4>\n<h4>Brian R. &#8220;Potente strumento di segnalazione&#8221;<\/h4>\n<p><strong>Commenti<\/strong>: Cluvio \u00e8 diventato un elemento fondamentale delle nostre operazioni. Facciamo affidamento su numerosi report pianificati e avvisi SQL per farci sapere quando \u00e8 emerso un potenziale problema e per fornire report giornalieri. I dashboard vengono utilizzati da quasi tutti i membri dell&#8217;azienda come un modo per verificare facilmente le prestazioni del prodotto e il successo dei clienti.<\/p>\n<p><strong>Vantaggi<\/strong>: adoro il fatto che si colleghi ai miei database e mi consenta di generare report dalle mie stesse query. Inoltre, i report pianificati e gli avvisi SQL sono molto utili.<\/p>\n<p><strong>Inconvenienti<\/strong>: Vorrei davvero che fosse consentito il caricamento e la creazione di report da file Excel \/ CSV<\/p>\n<h4>Austin K. &#8220;Quando il tuo progetto a casa diventa pi\u00f9 serio, prendi Cluvio&#8221;<\/h4>\n<p><strong>Commenti<\/strong>: Non ho avuto assolutamente \u00a0problemi o reclami<\/p>\n<p><strong>Vantaggi<\/strong>: \u00e8 gratuito. \u00c8 semplice. La parte migliore \u00e8 che non ti preoccupano di acquistare un abbonamento a pagamento. \u00c8 una miscela di questi tre motivi per cui quando coltivo la Theta Gang (la mia attivit\u00e0), mi assicurer\u00f2 assolutamente di continuare a usarli e ad acquistare un abbonamento pi\u00f9 ampio man mano che la complessit\u00e0 dei miei dati aumenti. Adoro il rapporto tra prodotto e valore.<\/p>\n<p><strong>Inconvenienti<\/strong>: I visual dovrebbero essere pi\u00f9 chiari.<\/p>\n<h4>Ravidhu P. &#8220;\u00e8 stato piacevolmente sorpreso!&#8221;<\/h4>\n<p><strong>Commenti<\/strong>: \u00e8 un prodotto facile da usare che ti guida attraverso le sue funzionalit\u00e0. non ho avuto problemi a capire e la curva di apprendimento non era ripida. Durante la mia prima settimana di lavoro, mi \u00e8 stato inviato tramite e-mail dal rappresentante (CEO di Cluvio) e mi ha aiutato a sistemare le cose e quando ho chiesto informazioni su uno sconto, ha rifiutato educatamente (citando la politica) e ha suggerito altri Dashboard open source. questo stesso mi ha impressionato molto e mi ha reso triste lasciare Cluvio.<\/p>\n<p><strong>Vantaggi<\/strong>: il livello di personalizzazione deve essere modificato un po &#8216;, ma nel complesso ho avuto un&#8217;idea di come Cluvio sia ricco di funzionalit\u00e0, dopo aver provato diverse altre soluzioni di dashboard sono rimasto piacevolmente sorpreso da quanto fosse bello.<\/p>\n<p><strong>Inconvenienti<\/strong>: il prezzo era l&#8217;unico fattore. non era sostenibile per noi avevamo bisogno di un abbonamento molto pi\u00f9 basso, in seguito siamo passati a powerBi<\/p>\n","protected":false},"excerpt":{"rendered":"<p>Fondata nel 2015, Cluvio \u00e8 una soluzione di business intelligence che aiuta le aziende di qualsiasi dimensione a sfruttare al massimo i dati e ad estrarre informazioni.\u00a0Le caratteristiche principali includono un editor SQL, script R personalizzabili, notifiche push, condivisione dashboard con i client e altro ancora.<\/p>\n","protected":false},"author":19,"featured_media":21094,"parent":32646,"menu_order":0,"comment_status":"open","ping_status":"closed","template":"g1_template_page_review_new.php","meta":{"_acf_changed":false,"cwp_meta_box_check":"Yes","cwp_rev_product_name":"","cwp_rev_product_image":"","wppr_links":[],"cwp_rev_price":"","wppr_options":[],"wppr_pros":[],"wppr_cons":[],"_monsterinsights_skip_tracking":false,"_monsterinsights_sitenote_active":false,"_monsterinsights_sitenote_note":"","_monsterinsights_sitenote_category":0,"footnotes":""},"categories":[1555],"tags":[1561,396,1582,1560,1557,1556,1558],"features":[],"class_list":{"0":"post-21093","1":"page","2":"type-page","3":"status-publish","4":"has-post-thumbnail","6":"category-business-intelligence-it","7":"tag-bi","8":"tag-cloud","9":"tag-cluvio","10":"tag-piattaforma-business-intelligence","11":"tag-programma-business-intelligence","12":"tag-software-business-intelligence","13":"tag-soluzione-business-intelligence"},"wppr_data":{"cwp_meta_box_check":"Yes","cwp_rev_product_name":"","cwp_rev_product_image":"","cwp_image_link":"image","cwp_rev_price":"","wppr_rating":"0.00"},"acf":[],"yoast_head":"<!-- This site is optimized with the Yoast SEO plugin v27.4 - https:\/\/yoast.com\/product\/yoast-seo-wordpress\/ -->\n<title>Cluvio: recensione software Business Intelligence - Accurate Reviews<\/title>\n<meta name=\"description\" content=\"Cluvio: recensione soluzione di business intelligence che aiuta le aziende di qualsiasi dimensione a sfruttare al massimo i dati.\" \/>\n<meta name=\"robots\" content=\"index, follow, max-snippet:-1, max-image-preview:large, max-video-preview:-1\" \/>\n<link rel=\"canonical\" href=\"https:\/\/www.accuratereviews.com\/it\/business-intelligence\/cluvio-recensione\/\" \/>\n<meta property=\"og:locale\" content=\"it_IT\" \/>\n<meta property=\"og:type\" content=\"article\" \/>\n<meta property=\"og:title\" content=\"Cluvio: recensione software Business Intelligence - Accurate Reviews\" \/>\n<meta property=\"og:description\" content=\"Cluvio: recensione soluzione di business intelligence che aiuta le aziende di qualsiasi dimensione a sfruttare al massimo i dati.\" \/>\n<meta property=\"og:url\" content=\"https:\/\/www.accuratereviews.com\/it\/business-intelligence\/cluvio-recensione\/\" \/>\n<meta property=\"og:site_name\" content=\"Accurate Reviews\" \/>\n<meta property=\"article:modified_time\" content=\"2021-05-18T14:04:52+00:00\" \/>\n<meta property=\"og:image\" content=\"https:\/\/www.accuratereviews.com\/wp-content\/uploads\/2019\/12\/cluvio.jpg\" \/>\n\t<meta property=\"og:image:width\" content=\"1366\" \/>\n\t<meta property=\"og:image:height\" content=\"768\" \/>\n\t<meta property=\"og:image:type\" content=\"image\/jpeg\" \/>\n<meta name=\"twitter:card\" content=\"summary_large_image\" \/>\n<meta name=\"twitter:label1\" content=\"Tempo di lettura stimato\" \/>\n\t<meta name=\"twitter:data1\" content=\"3 minuti\" \/>\n<script type=\"application\/ld+json\" class=\"yoast-schema-graph\">{\"@context\":\"https:\\\/\\\/schema.org\",\"@graph\":[{\"@type\":\"WebPage\",\"@id\":\"https:\\\/\\\/www.accuratereviews.com\\\/it\\\/business-intelligence\\\/cluvio-recensione\\\/\",\"url\":\"https:\\\/\\\/www.accuratereviews.com\\\/it\\\/business-intelligence\\\/cluvio-recensione\\\/\",\"name\":\"Cluvio: recensione software Business Intelligence - Accurate Reviews\",\"isPartOf\":{\"@id\":\"https:\\\/\\\/www.accuratereviews.com\\\/it\\\/#website\"},\"primaryImageOfPage\":{\"@id\":\"https:\\\/\\\/www.accuratereviews.com\\\/it\\\/business-intelligence\\\/cluvio-recensione\\\/#primaryimage\"},\"image\":{\"@id\":\"https:\\\/\\\/www.accuratereviews.com\\\/it\\\/business-intelligence\\\/cluvio-recensione\\\/#primaryimage\"},\"thumbnailUrl\":\"https:\\\/\\\/www.accuratereviews.com\\\/wp-content\\\/uploads\\\/2019\\\/12\\\/cluvio.jpg\",\"datePublished\":\"2019-12-11T15:15:42+00:00\",\"dateModified\":\"2021-05-18T14:04:52+00:00\",\"description\":\"Cluvio: recensione soluzione di business intelligence che aiuta le aziende di qualsiasi dimensione a sfruttare al massimo i dati.\",\"breadcrumb\":{\"@id\":\"https:\\\/\\\/www.accuratereviews.com\\\/it\\\/business-intelligence\\\/cluvio-recensione\\\/#breadcrumb\"},\"inLanguage\":\"it-IT\",\"potentialAction\":[{\"@type\":\"ReadAction\",\"target\":[\"https:\\\/\\\/www.accuratereviews.com\\\/it\\\/business-intelligence\\\/cluvio-recensione\\\/\"]}]},{\"@type\":\"ImageObject\",\"inLanguage\":\"it-IT\",\"@id\":\"https:\\\/\\\/www.accuratereviews.com\\\/it\\\/business-intelligence\\\/cluvio-recensione\\\/#primaryimage\",\"url\":\"https:\\\/\\\/www.accuratereviews.com\\\/wp-content\\\/uploads\\\/2019\\\/12\\\/cluvio.jpg\",\"contentUrl\":\"https:\\\/\\\/www.accuratereviews.com\\\/wp-content\\\/uploads\\\/2019\\\/12\\\/cluvio.jpg\",\"width\":1366,\"height\":768},{\"@type\":\"BreadcrumbList\",\"@id\":\"https:\\\/\\\/www.accuratereviews.com\\\/it\\\/business-intelligence\\\/cluvio-recensione\\\/#breadcrumb\",\"itemListElement\":[{\"@type\":\"ListItem\",\"position\":1,\"name\":\"Home\",\"item\":\"https:\\\/\\\/www.accuratereviews.com\\\/it\\\/\"},{\"@type\":\"ListItem\",\"position\":2,\"name\":\"Business intelligence\",\"item\":\"https:\\\/\\\/www.accuratereviews.com\\\/it\\\/business-intelligence\\\/\"},{\"@type\":\"ListItem\",\"position\":3,\"name\":\"Cluvio\"}]},{\"@type\":\"WebSite\",\"@id\":\"https:\\\/\\\/www.accuratereviews.com\\\/it\\\/#website\",\"url\":\"https:\\\/\\\/www.accuratereviews.com\\\/it\\\/\",\"name\":\"Accurate Reviews\",\"description\":\"\",\"potentialAction\":[{\"@type\":\"SearchAction\",\"target\":{\"@type\":\"EntryPoint\",\"urlTemplate\":\"https:\\\/\\\/www.accuratereviews.com\\\/it\\\/?s={search_term_string}\"},\"query-input\":{\"@type\":\"PropertyValueSpecification\",\"valueRequired\":true,\"valueName\":\"search_term_string\"}}],\"inLanguage\":\"it-IT\"}]}<\/script>\n<!-- \/ Yoast SEO plugin. -->","yoast_head_json":{"title":"Cluvio: recensione software Business Intelligence - Accurate Reviews","description":"Cluvio: recensione soluzione di business intelligence che aiuta le aziende di qualsiasi dimensione a sfruttare al massimo i dati.","robots":{"index":"index","follow":"follow","max-snippet":"max-snippet:-1","max-image-preview":"max-image-preview:large","max-video-preview":"max-video-preview:-1"},"canonical":"https:\/\/www.accuratereviews.com\/it\/business-intelligence\/cluvio-recensione\/","og_locale":"it_IT","og_type":"article","og_title":"Cluvio: recensione software Business Intelligence - Accurate Reviews","og_description":"Cluvio: recensione soluzione di business intelligence che aiuta le aziende di qualsiasi dimensione a sfruttare al massimo i dati.","og_url":"https:\/\/www.accuratereviews.com\/it\/business-intelligence\/cluvio-recensione\/","og_site_name":"Accurate Reviews","article_modified_time":"2021-05-18T14:04:52+00:00","og_image":[{"width":1366,"height":768,"url":"https:\/\/www.accuratereviews.com\/wp-content\/uploads\/2019\/12\/cluvio.jpg","type":"image\/jpeg"}],"twitter_card":"summary_large_image","twitter_misc":{"Tempo di lettura stimato":"3 minuti"},"schema":{"@context":"https:\/\/schema.org","@graph":[{"@type":"WebPage","@id":"https:\/\/www.accuratereviews.com\/it\/business-intelligence\/cluvio-recensione\/","url":"https:\/\/www.accuratereviews.com\/it\/business-intelligence\/cluvio-recensione\/","name":"Cluvio: recensione software Business Intelligence - Accurate Reviews","isPartOf":{"@id":"https:\/\/www.accuratereviews.com\/it\/#website"},"primaryImageOfPage":{"@id":"https:\/\/www.accuratereviews.com\/it\/business-intelligence\/cluvio-recensione\/#primaryimage"},"image":{"@id":"https:\/\/www.accuratereviews.com\/it\/business-intelligence\/cluvio-recensione\/#primaryimage"},"thumbnailUrl":"https:\/\/www.accuratereviews.com\/wp-content\/uploads\/2019\/12\/cluvio.jpg","datePublished":"2019-12-11T15:15:42+00:00","dateModified":"2021-05-18T14:04:52+00:00","description":"Cluvio: recensione soluzione di business intelligence che aiuta le aziende di qualsiasi dimensione a sfruttare al massimo i dati.","breadcrumb":{"@id":"https:\/\/www.accuratereviews.com\/it\/business-intelligence\/cluvio-recensione\/#breadcrumb"},"inLanguage":"it-IT","potentialAction":[{"@type":"ReadAction","target":["https:\/\/www.accuratereviews.com\/it\/business-intelligence\/cluvio-recensione\/"]}]},{"@type":"ImageObject","inLanguage":"it-IT","@id":"https:\/\/www.accuratereviews.com\/it\/business-intelligence\/cluvio-recensione\/#primaryimage","url":"https:\/\/www.accuratereviews.com\/wp-content\/uploads\/2019\/12\/cluvio.jpg","contentUrl":"https:\/\/www.accuratereviews.com\/wp-content\/uploads\/2019\/12\/cluvio.jpg","width":1366,"height":768},{"@type":"BreadcrumbList","@id":"https:\/\/www.accuratereviews.com\/it\/business-intelligence\/cluvio-recensione\/#breadcrumb","itemListElement":[{"@type":"ListItem","position":1,"name":"Home","item":"https:\/\/www.accuratereviews.com\/it\/"},{"@type":"ListItem","position":2,"name":"Business intelligence","item":"https:\/\/www.accuratereviews.com\/it\/business-intelligence\/"},{"@type":"ListItem","position":3,"name":"Cluvio"}]},{"@type":"WebSite","@id":"https:\/\/www.accuratereviews.com\/it\/#website","url":"https:\/\/www.accuratereviews.com\/it\/","name":"Accurate Reviews","description":"","potentialAction":[{"@type":"SearchAction","target":{"@type":"EntryPoint","urlTemplate":"https:\/\/www.accuratereviews.com\/it\/?s={search_term_string}"},"query-input":{"@type":"PropertyValueSpecification","valueRequired":true,"valueName":"search_term_string"}}],"inLanguage":"it-IT"}]}},"_links":{"self":[{"href":"https:\/\/www.accuratereviews.com\/it\/wp-json\/wp\/v2\/pages\/21093","targetHints":{"allow":["GET"]}}],"collection":[{"href":"https:\/\/www.accuratereviews.com\/it\/wp-json\/wp\/v2\/pages"}],"about":[{"href":"https:\/\/www.accuratereviews.com\/it\/wp-json\/wp\/v2\/types\/page"}],"author":[{"embeddable":true,"href":"https:\/\/www.accuratereviews.com\/it\/wp-json\/wp\/v2\/users\/19"}],"replies":[{"embeddable":true,"href":"https:\/\/www.accuratereviews.com\/it\/wp-json\/wp\/v2\/comments?post=21093"}],"version-history":[{"count":11,"href":"https:\/\/www.accuratereviews.com\/it\/wp-json\/wp\/v2\/pages\/21093\/revisions"}],"predecessor-version":[{"id":42899,"href":"https:\/\/www.accuratereviews.com\/it\/wp-json\/wp\/v2\/pages\/21093\/revisions\/42899"}],"up":[{"embeddable":true,"href":"https:\/\/www.accuratereviews.com\/it\/wp-json\/wp\/v2\/pages\/32646"}],"wp:featuredmedia":[{"embeddable":true,"href":"https:\/\/www.accuratereviews.com\/it\/wp-json\/wp\/v2\/media\/21094"}],"wp:attachment":[{"href":"https:\/\/www.accuratereviews.com\/it\/wp-json\/wp\/v2\/media?parent=21093"}],"wp:term":[{"taxonomy":"category","embeddable":true,"href":"https:\/\/www.accuratereviews.com\/it\/wp-json\/wp\/v2\/categories?post=21093"},{"taxonomy":"post_tag","embeddable":true,"href":"https:\/\/www.accuratereviews.com\/it\/wp-json\/wp\/v2\/tags?post=21093"},{"taxonomy":"features","embeddable":true,"href":"https:\/\/www.accuratereviews.com\/it\/wp-json\/wp\/v2\/features?post=21093"}],"curies":[{"name":"wp","href":"https:\/\/api.w.org\/{rel}","templated":true}]}}