{"id":21105,"date":"2019-12-11T15:13:36","date_gmt":"2019-12-11T15:13:36","guid":{"rendered":"https:\/\/www.accuratereviews.com\/?page_id=21105"},"modified":"2019-12-11T15:13:36","modified_gmt":"2019-12-11T15:13:36","slug":"zoho-analytics-recensione","status":"publish","type":"page","link":"https:\/\/www.accuratereviews.com\/it\/zoho-analytics-recensione\/","title":{"rendered":"Zoho Analytics"},"content":{"rendered":"<p><strong>Zoho Analytics<\/strong> \u00e8 un <strong>software di analisi dei dati<\/strong> che offre approfondimenti fruibili e trasforma i dati in visualizzazioni intuitive. Precedentemente noto come<strong> Zoho Reports,<\/strong> questo strumento viene aggiornato in una solida piattaforma di <strong>business intelligence<\/strong> self-service, analisi dei dati e report online. Svela approfondimenti nascosti, identifica le tendenze, monitora le principali metriche aziendali e determina i valori anomali. Lo strumento consente a chiunque nella tua azienda di ottenere facilmente report efficaci senza l&#8217;aiuto dell&#8217;IT. Gli utenti possono utilizzare i dati per eseguire il drill down dei report attraverso visualizzazioni e creazione di report e dashboard. Le competenze tecniche non sono richieste con l&#8217;editor drag-and-drop. Oltre alla sua soluzione basata su cloud, Zoho Analytics ti offre la possibilit\u00e0 di installare lo strumento on-premise.<\/p>\n<h2>ZOHO ANALYTICS &#8211; TUTORIAL<\/h2>\n<p>Il video che segue offre una breve panoramica delle principali funzioni di questa <strong>piattaforma di analisi e BI<\/strong> self service:<\/p>\n<div id=\"fluid-wrapper-counter-1\" class=\"g1-fluid-wrapper \" style=\"width:686px;\">\n<div style=\"padding-bottom:56.268221574344%;\"><iframe loading=\"lazy\" title=\"How to get started with Zoho Analytics: Overview\" width=\"686\" height=\"386\" src=\"https:\/\/www.youtube.com\/embed\/AgDmk6i89Oc?feature=oembed&amp;wmode=transparent&amp;autohide=1&amp;autoplay=0&amp;disablekb=0&amp;fs=1&amp;loop=0&amp;enablejsapi=1&amp;rel=0&amp;controls=2&amp;showinfo=0&amp;wmode=transparent&amp;autohide=2&amp;autoplay=0&amp;disablekb=0&amp;fs=1&amp;loop=0&amp;enablejsapi=1&amp;rel=0&amp;controls=2&amp;showinfo=1\" frameborder=\"0\" allow=\"accelerometer; autoplay; encrypted-media; gyroscope; picture-in-picture\" allowfullscreen><\/iframe><\/div>\n<\/div>\n<h3>ZOHO ANALYTICS &#8211; CARATTERISTICHE<\/h3>\n<ul>\n<li><strong>File, feed e unit\u00e0 cloud<\/strong>: puoi caricare dati da fogli di calcolo e file flat come Microsoft Excel, CSV, HTML, JSON, XML, file di testo e altro. Puoi anche alimentare i dati dai servizi di archiviazione online come Zoho Docs, Google Drive, Box, Dropbox e Microsoft OneDrive. I dati possono anche essere estratti da feed URL web<\/li>\n<li><strong>Banche dati<\/strong>: \u00e8 possibile connettersi a una vasta gamma di database relazionali ospitati internamente o nel cloud per l&#8217;analisi. \u00c8 inoltre possibile connettersi ai database NoSQL pi\u00f9 diffusi<\/li>\n<li><strong>Applicazioni aziendali popolari<\/strong>: connettiti con le pi\u00f9 diffuse applicazioni aziendali nelle vendite, nel marketing, nella finanza, nell&#8217;help desk, nelle risorse umane, nell&#8217;IT e molti altri, tramite connettori gi\u00e0 pronti. A parte i connettori integrati, se disponi di dati in qualsiasi applicazione online \/ offline, puoi utilizzare le nostre potenti API di importazione e integrazione dei dati per creare rapidamente un connettore<\/li>\n<li><strong>Unione dei dati:<\/strong> il programma ti consente di fondere e unire i dati provenienti da diverse fonti per creare report aziendali significativi<\/li>\n<li><strong>Variet\u00e0 di visualizzazioni<\/strong>: utilizza una variet\u00e0 di grafici, widget, tabelle pivot e componenti di visualizzazione tabulare per creare report e dashboard approfonditi.<\/li>\n<li><strong>Rapporti drag &amp; drop<\/strong>: crea facilmente report e dashboard significativi con l&#8217;interfaccia intuitiva drag &amp; drop<\/li>\n<li><strong>Interazioni<\/strong>: utilizzare una gamma di opzioni di interazione come visualizzare i dati sottostanti, approfondimenti, filtri contestuali e molti altri, per eseguire analisi esplorative ad hoc.<\/li>\n<li><strong>Visualizzazione geografica<\/strong>: analizza i tuoi dati geografici con grafici cartografici interattivi. Confronta e misura le metriche chiave tra paesi, regioni, stati, contee, codici postali e persino con latitudini e longitudini<\/li>\n<li><strong>Zia<\/strong>: Incontra Zia, l&#8217;assistente analitico intelligente. Scrivi le tue domande e vedi Zia trovare risposte adeguate sotto forma di report e widget KPI. Il software utilizza l&#8217;elaborazione del linguaggio naturale (NLP) e l&#8217;apprendimento automatico per aiutarti a ottenere informazioni in pochi minuti<\/li>\n<li><strong>Pubblicazione e incorporamento<\/strong>: pubblica rapporti e dashboard e rendili disponibili agli utenti con \/ senza accessi. Incorporali su siti web, intranet, blog e applicazioni per un consumo pi\u00f9 ampio<\/li>\n<li><strong>BI integrata<\/strong>: il programma offre una soluzione di business intelligence integrata senza soluzione di continuit\u00e0. Incorpora report e dashboard gi\u00e0 pronti nella tua applicazione o servizio, in cui i tuoi utenti troveranno un grande valore.<\/li>\n<\/ul>\n<h4>LE RECENSIONI DEGLI UTENTI<\/h4>\n<h4>David E. &#8220;Servizi software specializzati&#8221;<\/h4>\n<p><strong>Commenti<\/strong>: Come sviluppatore di database semi-alfabetizzato, ho apprezzato ogni aspetto del sistema e lo consiglio vivamente per la sua profondit\u00e0 nelle funzionalit\u00e0 e anche perch\u00e9 \u00e8 molto conveniente.<\/p>\n<p><strong>Vantaggi<\/strong>: raccomando il sistema ZOHO Analytics per la sua facilit\u00e0 d&#8217;uso e versatilit\u00e0, i dati possono essere facilmente caricati e controllati, i server ZOHO sono sempre attivi e reattivi, le interfacce utente che sono in grado di presentare ai miei clienti hanno creato un vero fattore wow . I dashboard, i widget KPI, i grafici e i temi ti offrono infinite opportunit\u00e0 di progettare dashboard sfaccettati. Inoltre, il team di supporto \u00e8 sempre pi\u00f9 che disposto ad aiutare &#8211; onestamente non posso criticare ZOHO sul loro sistema analitico.<\/p>\n<p><strong>Inconvenienti<\/strong>: non ci sono state molte carenze che ho riscontrato con il sistema, in aree in cui vi sono dubbi, so che il team di sviluppo di ZOHO sta lavorando per migliorare la piattaforma e aumentarne le capacit\u00e0.<\/p>\n<h4>Taran R. &#8220;Zoho: analisi avanzata con un budget&#8221;<\/h4>\n<p><strong>Commenti<\/strong>: Zoho Analytics \u00e8 un ottimo prodotto; le organizzazioni no profit spesso non dispongono di grandi budget per gli strumenti analitici &#8230; quindi Zoho \u00e8 stato in grado di fornire spunti premium a prezzi molto rispettabili. Inoltre, Zoho ha un ottimo team di supporto che consente una risoluzione tempestiva di problemi e domande. Zoho \u00e8 un prodotto relativamente nuovo, quindi le funzionalit\u00e0 e gli aggiornamenti vengono rilasciati in qualche modo regolarmente.<\/p>\n<p><strong>Vantaggi<\/strong>: Software eccellente:<br \/>\n&#8211; Ha molte \/ la maggior parte delle funzionalit\u00e0 del tableau \/ DOMO (grafici, grafici, connettori, filtri, disponibilit\u00e0 dell&#8217;app).<br \/>\n&#8211; Molto facile da insegnare agli utenti non analitici come usare.<br \/>\n&#8211; Estremamente economico (penso a qualcosa come il 15-25% del costo dei prodotti di fascia alta del settore).<\/p>\n<p><strong>Inconvenienti<\/strong>: ci sono alcune aree che potrebbero essere pi\u00f9 sviluppate:<br \/>\n&#8211; Il drill-down nei grafici potrebbe essere migliore<br \/>\n&#8211; La comunicazione \/ collaborazione non \u00e8 disponibile all&#8217;interno dell&#8217;app<br \/>\n&#8211; Opzioni aggiuntive per il layout \/ la progettazione della dashboard (per rendere le analisi creative pi\u00f9 belle).<\/p>\n<h4>Andre L. &#8220;Recensione Zoho Analytics&#8221;<\/h4>\n<p><strong>Commenti<\/strong>: personalizza i rapporti utilizzando query integrate.<\/p>\n<p><strong>Vantaggi<\/strong>: semplicit\u00e0, facilit\u00e0 d&#8217;uso, integrazione con Zoho Books<\/p>\n<p><strong>Inconvenienti<\/strong>: limite (3) di query composte. Il prodotto non consente agli utenti di accedere ai dati dall&#8217;esterno<\/p>\n","protected":false},"excerpt":{"rendered":"<p>Zoho Analytics \u00e8 un software di analisi dei dati che offre approfondimenti fruibili e trasforma i dati in visualizzazioni intuitive. Precedentemente noto come Zoho Reports, questo strumento viene aggiornato in una solida piattaforma di business intelligence self-service, analisi dei dati e report online.<\/p>\n","protected":false},"author":19,"featured_media":21108,"parent":0,"menu_order":0,"comment_status":"open","ping_status":"closed","template":"g1_template_page_review_new.php","meta":{"_acf_changed":false,"cwp_meta_box_check":"Yes","cwp_rev_product_name":"","cwp_rev_product_image":"","wppr_links":[],"cwp_rev_price":"","wppr_options":[],"wppr_pros":[],"wppr_cons":[],"_monsterinsights_skip_tracking":false,"_monsterinsights_sitenote_active":false,"_monsterinsights_sitenote_note":"","_monsterinsights_sitenote_category":0,"footnotes":""},"categories":[1555],"tags":[1561,1560,1557,1556,1558,1583,1584],"features":[],"class_list":{"0":"post-21105","1":"page","2":"type-page","3":"status-publish","4":"has-post-thumbnail","6":"category-business-intelligence-it","7":"tag-bi","8":"tag-piattaforma-business-intelligence","9":"tag-programma-business-intelligence","10":"tag-software-business-intelligence","11":"tag-soluzione-business-intelligence","12":"tag-zoho-analytics","13":"tag-zoho-reports"},"wppr_data":{"cwp_meta_box_check":"Yes","cwp_rev_product_name":"","cwp_rev_product_image":"","cwp_image_link":"image","cwp_rev_price":"","wppr_rating":"0.00"},"acf":[],"yoast_head":"<!-- This site is optimized with the Yoast SEO plugin v27.4 - https:\/\/yoast.com\/product\/yoast-seo-wordpress\/ -->\n<title>Zoho Analytics: recensione software Business Intelligence<\/title>\n<meta name=\"description\" content=\"Zoho Analytics: recensione software di analisi dei dati che offre approfondimenti fruibili e trasforma i dati in visualizzazioni intuitive.\" \/>\n<meta name=\"robots\" content=\"index, follow, max-snippet:-1, max-image-preview:large, max-video-preview:-1\" \/>\n<link rel=\"canonical\" href=\"https:\/\/www.accuratereviews.com\/it\/zoho-analytics-recensione\/\" \/>\n<meta property=\"og:locale\" content=\"it_IT\" \/>\n<meta property=\"og:type\" content=\"article\" \/>\n<meta property=\"og:title\" content=\"Zoho Analytics: recensione software Business Intelligence\" \/>\n<meta property=\"og:description\" content=\"Zoho Analytics: recensione software di analisi dei dati che offre approfondimenti fruibili e trasforma i dati in visualizzazioni intuitive.\" \/>\n<meta property=\"og:url\" content=\"https:\/\/www.accuratereviews.com\/it\/zoho-analytics-recensione\/\" \/>\n<meta property=\"og:site_name\" content=\"Accurate Reviews\" \/>\n<meta property=\"og:image\" content=\"https:\/\/www.accuratereviews.com\/wp-content\/uploads\/2019\/12\/Zoho-Analytics-logo-.png\" \/>\n\t<meta property=\"og:image:width\" content=\"828\" \/>\n\t<meta property=\"og:image:height\" content=\"231\" \/>\n\t<meta property=\"og:image:type\" content=\"image\/png\" \/>\n<meta name=\"twitter:card\" content=\"summary_large_image\" \/>\n<meta name=\"twitter:label1\" content=\"Tempo di lettura stimato\" \/>\n\t<meta name=\"twitter:data1\" content=\"4 minuti\" \/>\n<script type=\"application\/ld+json\" class=\"yoast-schema-graph\">{\"@context\":\"https:\\\/\\\/schema.org\",\"@graph\":[{\"@type\":\"WebPage\",\"@id\":\"https:\\\/\\\/www.accuratereviews.com\\\/it\\\/zoho-analytics-recensione\\\/\",\"url\":\"https:\\\/\\\/www.accuratereviews.com\\\/it\\\/zoho-analytics-recensione\\\/\",\"name\":\"Zoho Analytics: recensione software Business Intelligence\",\"isPartOf\":{\"@id\":\"https:\\\/\\\/www.accuratereviews.com\\\/it\\\/#website\"},\"primaryImageOfPage\":{\"@id\":\"https:\\\/\\\/www.accuratereviews.com\\\/it\\\/zoho-analytics-recensione\\\/#primaryimage\"},\"image\":{\"@id\":\"https:\\\/\\\/www.accuratereviews.com\\\/it\\\/zoho-analytics-recensione\\\/#primaryimage\"},\"thumbnailUrl\":\"https:\\\/\\\/www.accuratereviews.com\\\/wp-content\\\/uploads\\\/2019\\\/12\\\/Zoho-Analytics-logo-.png\",\"datePublished\":\"2019-12-11T15:13:36+00:00\",\"description\":\"Zoho Analytics: recensione software di analisi dei dati che offre approfondimenti fruibili e trasforma i dati in visualizzazioni intuitive.\",\"breadcrumb\":{\"@id\":\"https:\\\/\\\/www.accuratereviews.com\\\/it\\\/zoho-analytics-recensione\\\/#breadcrumb\"},\"inLanguage\":\"it-IT\",\"potentialAction\":[{\"@type\":\"ReadAction\",\"target\":[\"https:\\\/\\\/www.accuratereviews.com\\\/it\\\/zoho-analytics-recensione\\\/\"]}]},{\"@type\":\"ImageObject\",\"inLanguage\":\"it-IT\",\"@id\":\"https:\\\/\\\/www.accuratereviews.com\\\/it\\\/zoho-analytics-recensione\\\/#primaryimage\",\"url\":\"https:\\\/\\\/www.accuratereviews.com\\\/wp-content\\\/uploads\\\/2019\\\/12\\\/Zoho-Analytics-logo-.png\",\"contentUrl\":\"https:\\\/\\\/www.accuratereviews.com\\\/wp-content\\\/uploads\\\/2019\\\/12\\\/Zoho-Analytics-logo-.png\",\"width\":828,\"height\":231},{\"@type\":\"BreadcrumbList\",\"@id\":\"https:\\\/\\\/www.accuratereviews.com\\\/it\\\/zoho-analytics-recensione\\\/#breadcrumb\",\"itemListElement\":[{\"@type\":\"ListItem\",\"position\":1,\"name\":\"Home\",\"item\":\"https:\\\/\\\/www.accuratereviews.com\\\/it\\\/\"},{\"@type\":\"ListItem\",\"position\":2,\"name\":\"Zoho Analytics\"}]},{\"@type\":\"WebSite\",\"@id\":\"https:\\\/\\\/www.accuratereviews.com\\\/it\\\/#website\",\"url\":\"https:\\\/\\\/www.accuratereviews.com\\\/it\\\/\",\"name\":\"Accurate Reviews\",\"description\":\"\",\"potentialAction\":[{\"@type\":\"SearchAction\",\"target\":{\"@type\":\"EntryPoint\",\"urlTemplate\":\"https:\\\/\\\/www.accuratereviews.com\\\/it\\\/?s={search_term_string}\"},\"query-input\":{\"@type\":\"PropertyValueSpecification\",\"valueRequired\":true,\"valueName\":\"search_term_string\"}}],\"inLanguage\":\"it-IT\"}]}<\/script>\n<!-- \/ Yoast SEO plugin. -->","yoast_head_json":{"title":"Zoho Analytics: recensione software Business Intelligence","description":"Zoho Analytics: recensione software di analisi dei dati che offre approfondimenti fruibili e trasforma i dati in visualizzazioni intuitive.","robots":{"index":"index","follow":"follow","max-snippet":"max-snippet:-1","max-image-preview":"max-image-preview:large","max-video-preview":"max-video-preview:-1"},"canonical":"https:\/\/www.accuratereviews.com\/it\/zoho-analytics-recensione\/","og_locale":"it_IT","og_type":"article","og_title":"Zoho Analytics: recensione software Business Intelligence","og_description":"Zoho Analytics: recensione software di analisi dei dati che offre approfondimenti fruibili e trasforma i dati in visualizzazioni intuitive.","og_url":"https:\/\/www.accuratereviews.com\/it\/zoho-analytics-recensione\/","og_site_name":"Accurate Reviews","og_image":[{"width":828,"height":231,"url":"https:\/\/www.accuratereviews.com\/wp-content\/uploads\/2019\/12\/Zoho-Analytics-logo-.png","type":"image\/png"}],"twitter_card":"summary_large_image","twitter_misc":{"Tempo di lettura stimato":"4 minuti"},"schema":{"@context":"https:\/\/schema.org","@graph":[{"@type":"WebPage","@id":"https:\/\/www.accuratereviews.com\/it\/zoho-analytics-recensione\/","url":"https:\/\/www.accuratereviews.com\/it\/zoho-analytics-recensione\/","name":"Zoho Analytics: recensione software Business Intelligence","isPartOf":{"@id":"https:\/\/www.accuratereviews.com\/it\/#website"},"primaryImageOfPage":{"@id":"https:\/\/www.accuratereviews.com\/it\/zoho-analytics-recensione\/#primaryimage"},"image":{"@id":"https:\/\/www.accuratereviews.com\/it\/zoho-analytics-recensione\/#primaryimage"},"thumbnailUrl":"https:\/\/www.accuratereviews.com\/wp-content\/uploads\/2019\/12\/Zoho-Analytics-logo-.png","datePublished":"2019-12-11T15:13:36+00:00","description":"Zoho Analytics: recensione software di analisi dei dati che offre approfondimenti fruibili e trasforma i dati in visualizzazioni intuitive.","breadcrumb":{"@id":"https:\/\/www.accuratereviews.com\/it\/zoho-analytics-recensione\/#breadcrumb"},"inLanguage":"it-IT","potentialAction":[{"@type":"ReadAction","target":["https:\/\/www.accuratereviews.com\/it\/zoho-analytics-recensione\/"]}]},{"@type":"ImageObject","inLanguage":"it-IT","@id":"https:\/\/www.accuratereviews.com\/it\/zoho-analytics-recensione\/#primaryimage","url":"https:\/\/www.accuratereviews.com\/wp-content\/uploads\/2019\/12\/Zoho-Analytics-logo-.png","contentUrl":"https:\/\/www.accuratereviews.com\/wp-content\/uploads\/2019\/12\/Zoho-Analytics-logo-.png","width":828,"height":231},{"@type":"BreadcrumbList","@id":"https:\/\/www.accuratereviews.com\/it\/zoho-analytics-recensione\/#breadcrumb","itemListElement":[{"@type":"ListItem","position":1,"name":"Home","item":"https:\/\/www.accuratereviews.com\/it\/"},{"@type":"ListItem","position":2,"name":"Zoho Analytics"}]},{"@type":"WebSite","@id":"https:\/\/www.accuratereviews.com\/it\/#website","url":"https:\/\/www.accuratereviews.com\/it\/","name":"Accurate Reviews","description":"","potentialAction":[{"@type":"SearchAction","target":{"@type":"EntryPoint","urlTemplate":"https:\/\/www.accuratereviews.com\/it\/?s={search_term_string}"},"query-input":{"@type":"PropertyValueSpecification","valueRequired":true,"valueName":"search_term_string"}}],"inLanguage":"it-IT"}]}},"_links":{"self":[{"href":"https:\/\/www.accuratereviews.com\/it\/wp-json\/wp\/v2\/pages\/21105","targetHints":{"allow":["GET"]}}],"collection":[{"href":"https:\/\/www.accuratereviews.com\/it\/wp-json\/wp\/v2\/pages"}],"about":[{"href":"https:\/\/www.accuratereviews.com\/it\/wp-json\/wp\/v2\/types\/page"}],"author":[{"embeddable":true,"href":"https:\/\/www.accuratereviews.com\/it\/wp-json\/wp\/v2\/users\/19"}],"replies":[{"embeddable":true,"href":"https:\/\/www.accuratereviews.com\/it\/wp-json\/wp\/v2\/comments?post=21105"}],"version-history":[{"count":10,"href":"https:\/\/www.accuratereviews.com\/it\/wp-json\/wp\/v2\/pages\/21105\/revisions"}],"predecessor-version":[{"id":21137,"href":"https:\/\/www.accuratereviews.com\/it\/wp-json\/wp\/v2\/pages\/21105\/revisions\/21137"}],"wp:featuredmedia":[{"embeddable":true,"href":"https:\/\/www.accuratereviews.com\/it\/wp-json\/wp\/v2\/media\/21108"}],"wp:attachment":[{"href":"https:\/\/www.accuratereviews.com\/it\/wp-json\/wp\/v2\/media?parent=21105"}],"wp:term":[{"taxonomy":"category","embeddable":true,"href":"https:\/\/www.accuratereviews.com\/it\/wp-json\/wp\/v2\/categories?post=21105"},{"taxonomy":"post_tag","embeddable":true,"href":"https:\/\/www.accuratereviews.com\/it\/wp-json\/wp\/v2\/tags?post=21105"},{"taxonomy":"features","embeddable":true,"href":"https:\/\/www.accuratereviews.com\/it\/wp-json\/wp\/v2\/features?post=21105"}],"curies":[{"name":"wp","href":"https:\/\/api.w.org\/{rel}","templated":true}]}}