{"id":21126,"date":"2019-12-11T15:17:42","date_gmt":"2019-12-11T15:17:42","guid":{"rendered":"https:\/\/www.accuratereviews.com\/?page_id=21126"},"modified":"2019-12-11T15:17:54","modified_gmt":"2019-12-11T15:17:54","slug":"reveal-recensione","status":"publish","type":"page","link":"https:\/\/www.accuratereviews.com\/it\/reveal-recensione\/","title":{"rendered":"Reveal"},"content":{"rendered":"<p><strong>Reveal<\/strong> \u00e8 un <strong>programma di analisi self-service<\/strong> sviluppato per le medie e grandi imprese che necessitano riorganizzare numerosi dati provenienti da diverse fonti. Si tratta di una<strong> soluzione di business intelligence<\/strong> che permette di analizzare database ordinati e non, impostare e visualizzare le metriche delle prestazioni, esplorare le tendenze e molto altro ancora. Crea e personalizza le tue dashboard che potrai condividere in tempo reale con altri utenti cos\u00ec da poter visualizzare gli indicatori chiave delle prestazioni. <strong>Reveal<\/strong> \u00e8 disponibile sia on-premise che in <strong>Cloud<\/strong>, offre anche app mobile per dispositivi iOS, Android e Windows.<\/p>\n<h2>COME UTILIZZARE REVEAL &#8211; TUTORIAL<\/h2>\n<p>Diamo uno sguardo a questo video per capire qualcosa di pi\u00f9 di questo software:<\/p>\n<div id=\"fluid-wrapper-counter-1\" class=\"g1-fluid-wrapper \" style=\"width:686px;\">\n<div style=\"padding-bottom:56.268221574344%;\"><iframe loading=\"lazy\" title=\"Reveal BI\" width=\"686\" height=\"386\" src=\"https:\/\/www.youtube.com\/embed\/2ni9W2_f55U?feature=oembed&amp;wmode=transparent&amp;autohide=1&amp;autoplay=0&amp;disablekb=0&amp;fs=1&amp;loop=0&amp;enablejsapi=1&amp;rel=0&amp;controls=2&amp;showinfo=0&amp;wmode=transparent&amp;autohide=2&amp;autoplay=0&amp;disablekb=0&amp;fs=1&amp;loop=0&amp;enablejsapi=1&amp;rel=0&amp;controls=2&amp;showinfo=1\" frameborder=\"0\" allow=\"accelerometer; autoplay; encrypted-media; gyroscope; picture-in-picture\" allowfullscreen><\/iframe><\/div>\n<\/div>\n<h3>REVEAL &#8211; CARATTERISTICHE<\/h3>\n<p>Ecco le sue principali caratteristiche:<\/p>\n<p><strong>Integrazione facile e veloce<\/strong>: integra facilmente i dati analitici nella tua applicazione senza requisiti aggiuntivi,<br \/>\n<strong>Interfaccia utente:<\/strong> utilizza un&#8217;interfaccia utente semplice, flessibile e che si adatta all&#8217;aspetto della tua app<br \/>\n<strong>Esperienza utente superiore<\/strong>: offri ai tuoi utenti un&#8217;esperienza migliore semplificando la creazione, la modifica e la condivisione dei loro bellissimi dashboard senza uscire dall&#8217;applicazione<br \/>\n<strong>API facile da usare<\/strong><br \/>\n<strong>Distribuzione dati<\/strong>: distribuisci i tuoi dati ovunque (cloud, web, desktop, mobile, locale).<\/p>\n<h3>LE RECENSIONI DEGLI UTENTI<\/h3>\n<ul>\n<li><strong>&#8220;Uso Reveal da oltre un anno ed \u00e8 un buon software.&#8221;<\/strong><br \/>\nIN GENERALE: una soluzione facile da usare e implementare per ottenere la visibilit\u00e0 di cui avevo bisogno dai dati che avevo.<br \/>\nPRO: L&#8217;idea di portare self service BI \u00e8 eccezionale, il software \u00e8 abbastanza facile da usare e multipiattaforma.<br \/>\nCONTRO: Ha ancora un buon numero di bug e il supporto non \u00e8 stato decisivo nel gestire questi bug. Spero che la soluzione continui a crescere, diventando pi\u00f9 affidabile e con pi\u00f9 integrazioni. Vorrei anche che fosse pi\u00f9 accessibile alle piccole aziende che vogliono insegnare e distribuire dashboard ad altre piccole aziende.<\/li>\n<li><strong>&#8220;Software eccellente. \u00c8 stato un punto di svolta per le mie attivit\u00e0.&#8221;<\/strong><br \/>\nPRO: veloce e fluente su iPhone e iPad. Facile connessione con SharePoint locale e web. Facile da configurare e utilizzare. I grafici sono chiari e una gioia da guardare. Facile da condividere, con ragionevole sicurezza. Viene utilizzato come interfaccia principale con Sharepoint, come app di tutti i giorni e di tutti i tempi.<br \/>\nCONTRO: Terribile su Android, oltre l&#8217;80% del mercato. Non posso raccomandarlo a nessuno dei miei utenti Android. \u00c8 un inizio. \u00c8 appena utilizzabile sul desktop. Non pu\u00f2 essere venduto poich\u00e9 lento, alcuni grafici semplicemente non funzionano sul desktop, i colori e i pin della mappa sono terribili, filtrano le modifiche dell&#8217;ordine da IOS al desktop, corrompendo l&#8217;esperienza. In futuro sarebbe auspicabile portare Android e Desktop a livello IOS.<\/li>\n<li><strong>&#8220;A volte pu\u00f2 essere difficile navigare, tuttavia, molte informazioni disponibili.&#8221;<\/strong><br \/>\nIN GENERALE: facile da usare, il che rende i nostri lavori un po&#8217; pi\u00f9 semplici.<br \/>\nPRO: \u00e8 veloce e una volta che sai dove cercare \u00e8 facile trovare le informazioni. Lo uso quasi quotidianamente per i livelli delle scorte e le informazioni sono facili e prontamente disponibili per soddisfare le mie esigenze. L&#8217;assistenza clienti \u00e8 efficace.<br \/>\nCONTRO: Niente di negativo, per quello che uso il sistema funziona alla grande. Nulla da dire di veramente negativo. \u00c8 un buon sistema da usare. Sul rapporto qualit\u00e0-prezzo sono incerto perch\u00e9 non sono a conoscenza dei costi.<\/li>\n<\/ul>\n","protected":false},"excerpt":{"rendered":"<p>Reveal \u00e8 un programma di analisi self-service sviluppato per le medie e grandi imprese che necessitano riorganizzare numerosi dati provenienti da diverse fonti. Si tratta di una soluzione di business intelligence che permette di analizzare database ordinati e non, impostare e visualizzare le metriche delle prestazioni, esplorare le tendenze e molto altro ancora.<\/p>\n","protected":false},"author":17,"featured_media":21129,"parent":0,"menu_order":0,"comment_status":"open","ping_status":"closed","template":"g1_template_page_review_new.php","meta":{"_acf_changed":false,"cwp_meta_box_check":"Yes","cwp_rev_product_name":"","cwp_rev_product_image":"","wppr_links":[],"cwp_rev_price":"","wppr_options":[],"wppr_pros":[],"wppr_cons":[],"_monsterinsights_skip_tracking":false,"_monsterinsights_sitenote_active":false,"_monsterinsights_sitenote_note":"","_monsterinsights_sitenote_category":0,"footnotes":""},"categories":[1555],"tags":[1565,1564,1560,1566],"features":[],"class_list":{"0":"post-21126","1":"page","2":"type-page","3":"status-publish","4":"has-post-thumbnail","6":"category-business-intelligence-it","7":"tag-business-intelligence","8":"tag-business-intelligence-software","9":"tag-piattaforma-business-intelligence","10":"tag-programma-di-business-intelligence"},"wppr_data":{"cwp_meta_box_check":"Yes","cwp_rev_product_name":"","cwp_rev_product_image":"","cwp_image_link":"image","cwp_rev_price":"","wppr_rating":"0.00"},"acf":[],"yoast_head":"<!-- This site is optimized with the Yoast SEO plugin v27.4 - https:\/\/yoast.com\/product\/yoast-seo-wordpress\/ -->\n<title>Reveal: recensione programma business intelligence - Accurate Reviews<\/title>\n<meta name=\"description\" content=\"Reveal: recensione del programma di business intelligence per le medie e grandi imprese che necessitano riorganizzare dati provenienti da diverse fonti.\" \/>\n<meta name=\"robots\" content=\"index, follow, max-snippet:-1, max-image-preview:large, max-video-preview:-1\" \/>\n<link rel=\"canonical\" href=\"https:\/\/www.accuratereviews.com\/it\/reveal-recensione\/\" \/>\n<meta property=\"og:locale\" content=\"it_IT\" \/>\n<meta property=\"og:type\" content=\"article\" \/>\n<meta property=\"og:title\" content=\"Reveal: recensione programma business intelligence - Accurate Reviews\" \/>\n<meta property=\"og:description\" content=\"Reveal: recensione del programma di business intelligence per le medie e grandi imprese che necessitano riorganizzare dati provenienti da diverse fonti.\" \/>\n<meta property=\"og:url\" content=\"https:\/\/www.accuratereviews.com\/it\/reveal-recensione\/\" \/>\n<meta property=\"og:site_name\" content=\"Accurate Reviews\" \/>\n<meta property=\"article:modified_time\" content=\"2019-12-11T15:17:54+00:00\" \/>\n<meta property=\"og:image\" content=\"https:\/\/www.accuratereviews.com\/wp-content\/uploads\/2019\/12\/download.jpg\" \/>\n\t<meta property=\"og:image:width\" content=\"319\" \/>\n\t<meta property=\"og:image:height\" content=\"158\" \/>\n\t<meta property=\"og:image:type\" content=\"image\/jpeg\" \/>\n<meta name=\"twitter:card\" content=\"summary_large_image\" \/>\n<meta name=\"twitter:label1\" content=\"Tempo di lettura stimato\" \/>\n\t<meta name=\"twitter:data1\" content=\"3 minuti\" \/>\n<script type=\"application\/ld+json\" class=\"yoast-schema-graph\">{\"@context\":\"https:\\\/\\\/schema.org\",\"@graph\":[{\"@type\":\"WebPage\",\"@id\":\"https:\\\/\\\/www.accuratereviews.com\\\/it\\\/reveal-recensione\\\/\",\"url\":\"https:\\\/\\\/www.accuratereviews.com\\\/it\\\/reveal-recensione\\\/\",\"name\":\"Reveal: recensione programma business intelligence - Accurate Reviews\",\"isPartOf\":{\"@id\":\"https:\\\/\\\/www.accuratereviews.com\\\/it\\\/#website\"},\"primaryImageOfPage\":{\"@id\":\"https:\\\/\\\/www.accuratereviews.com\\\/it\\\/reveal-recensione\\\/#primaryimage\"},\"image\":{\"@id\":\"https:\\\/\\\/www.accuratereviews.com\\\/it\\\/reveal-recensione\\\/#primaryimage\"},\"thumbnailUrl\":\"https:\\\/\\\/www.accuratereviews.com\\\/wp-content\\\/uploads\\\/2019\\\/12\\\/download.jpg\",\"datePublished\":\"2019-12-11T15:17:42+00:00\",\"dateModified\":\"2019-12-11T15:17:54+00:00\",\"description\":\"Reveal: recensione del programma di business intelligence per le medie e grandi imprese che necessitano riorganizzare dati provenienti da diverse fonti.\",\"breadcrumb\":{\"@id\":\"https:\\\/\\\/www.accuratereviews.com\\\/it\\\/reveal-recensione\\\/#breadcrumb\"},\"inLanguage\":\"it-IT\",\"potentialAction\":[{\"@type\":\"ReadAction\",\"target\":[\"https:\\\/\\\/www.accuratereviews.com\\\/it\\\/reveal-recensione\\\/\"]}]},{\"@type\":\"ImageObject\",\"inLanguage\":\"it-IT\",\"@id\":\"https:\\\/\\\/www.accuratereviews.com\\\/it\\\/reveal-recensione\\\/#primaryimage\",\"url\":\"https:\\\/\\\/www.accuratereviews.com\\\/wp-content\\\/uploads\\\/2019\\\/12\\\/download.jpg\",\"contentUrl\":\"https:\\\/\\\/www.accuratereviews.com\\\/wp-content\\\/uploads\\\/2019\\\/12\\\/download.jpg\",\"width\":319,\"height\":158},{\"@type\":\"BreadcrumbList\",\"@id\":\"https:\\\/\\\/www.accuratereviews.com\\\/it\\\/reveal-recensione\\\/#breadcrumb\",\"itemListElement\":[{\"@type\":\"ListItem\",\"position\":1,\"name\":\"Home\",\"item\":\"https:\\\/\\\/www.accuratereviews.com\\\/it\\\/\"},{\"@type\":\"ListItem\",\"position\":2,\"name\":\"Reveal\"}]},{\"@type\":\"WebSite\",\"@id\":\"https:\\\/\\\/www.accuratereviews.com\\\/it\\\/#website\",\"url\":\"https:\\\/\\\/www.accuratereviews.com\\\/it\\\/\",\"name\":\"Accurate Reviews\",\"description\":\"\",\"potentialAction\":[{\"@type\":\"SearchAction\",\"target\":{\"@type\":\"EntryPoint\",\"urlTemplate\":\"https:\\\/\\\/www.accuratereviews.com\\\/it\\\/?s={search_term_string}\"},\"query-input\":{\"@type\":\"PropertyValueSpecification\",\"valueRequired\":true,\"valueName\":\"search_term_string\"}}],\"inLanguage\":\"it-IT\"}]}<\/script>\n<!-- \/ Yoast SEO plugin. -->","yoast_head_json":{"title":"Reveal: recensione programma business intelligence - Accurate Reviews","description":"Reveal: recensione del programma di business intelligence per le medie e grandi imprese che necessitano riorganizzare dati provenienti da diverse fonti.","robots":{"index":"index","follow":"follow","max-snippet":"max-snippet:-1","max-image-preview":"max-image-preview:large","max-video-preview":"max-video-preview:-1"},"canonical":"https:\/\/www.accuratereviews.com\/it\/reveal-recensione\/","og_locale":"it_IT","og_type":"article","og_title":"Reveal: recensione programma business intelligence - Accurate Reviews","og_description":"Reveal: recensione del programma di business intelligence per le medie e grandi imprese che necessitano riorganizzare dati provenienti da diverse fonti.","og_url":"https:\/\/www.accuratereviews.com\/it\/reveal-recensione\/","og_site_name":"Accurate Reviews","article_modified_time":"2019-12-11T15:17:54+00:00","og_image":[{"width":319,"height":158,"url":"https:\/\/www.accuratereviews.com\/wp-content\/uploads\/2019\/12\/download.jpg","type":"image\/jpeg"}],"twitter_card":"summary_large_image","twitter_misc":{"Tempo di lettura stimato":"3 minuti"},"schema":{"@context":"https:\/\/schema.org","@graph":[{"@type":"WebPage","@id":"https:\/\/www.accuratereviews.com\/it\/reveal-recensione\/","url":"https:\/\/www.accuratereviews.com\/it\/reveal-recensione\/","name":"Reveal: recensione programma business intelligence - Accurate Reviews","isPartOf":{"@id":"https:\/\/www.accuratereviews.com\/it\/#website"},"primaryImageOfPage":{"@id":"https:\/\/www.accuratereviews.com\/it\/reveal-recensione\/#primaryimage"},"image":{"@id":"https:\/\/www.accuratereviews.com\/it\/reveal-recensione\/#primaryimage"},"thumbnailUrl":"https:\/\/www.accuratereviews.com\/wp-content\/uploads\/2019\/12\/download.jpg","datePublished":"2019-12-11T15:17:42+00:00","dateModified":"2019-12-11T15:17:54+00:00","description":"Reveal: recensione del programma di business intelligence per le medie e grandi imprese che necessitano riorganizzare dati provenienti da diverse fonti.","breadcrumb":{"@id":"https:\/\/www.accuratereviews.com\/it\/reveal-recensione\/#breadcrumb"},"inLanguage":"it-IT","potentialAction":[{"@type":"ReadAction","target":["https:\/\/www.accuratereviews.com\/it\/reveal-recensione\/"]}]},{"@type":"ImageObject","inLanguage":"it-IT","@id":"https:\/\/www.accuratereviews.com\/it\/reveal-recensione\/#primaryimage","url":"https:\/\/www.accuratereviews.com\/wp-content\/uploads\/2019\/12\/download.jpg","contentUrl":"https:\/\/www.accuratereviews.com\/wp-content\/uploads\/2019\/12\/download.jpg","width":319,"height":158},{"@type":"BreadcrumbList","@id":"https:\/\/www.accuratereviews.com\/it\/reveal-recensione\/#breadcrumb","itemListElement":[{"@type":"ListItem","position":1,"name":"Home","item":"https:\/\/www.accuratereviews.com\/it\/"},{"@type":"ListItem","position":2,"name":"Reveal"}]},{"@type":"WebSite","@id":"https:\/\/www.accuratereviews.com\/it\/#website","url":"https:\/\/www.accuratereviews.com\/it\/","name":"Accurate Reviews","description":"","potentialAction":[{"@type":"SearchAction","target":{"@type":"EntryPoint","urlTemplate":"https:\/\/www.accuratereviews.com\/it\/?s={search_term_string}"},"query-input":{"@type":"PropertyValueSpecification","valueRequired":true,"valueName":"search_term_string"}}],"inLanguage":"it-IT"}]}},"_links":{"self":[{"href":"https:\/\/www.accuratereviews.com\/it\/wp-json\/wp\/v2\/pages\/21126","targetHints":{"allow":["GET"]}}],"collection":[{"href":"https:\/\/www.accuratereviews.com\/it\/wp-json\/wp\/v2\/pages"}],"about":[{"href":"https:\/\/www.accuratereviews.com\/it\/wp-json\/wp\/v2\/types\/page"}],"author":[{"embeddable":true,"href":"https:\/\/www.accuratereviews.com\/it\/wp-json\/wp\/v2\/users\/17"}],"replies":[{"embeddable":true,"href":"https:\/\/www.accuratereviews.com\/it\/wp-json\/wp\/v2\/comments?post=21126"}],"version-history":[{"count":4,"href":"https:\/\/www.accuratereviews.com\/it\/wp-json\/wp\/v2\/pages\/21126\/revisions"}],"predecessor-version":[{"id":21135,"href":"https:\/\/www.accuratereviews.com\/it\/wp-json\/wp\/v2\/pages\/21126\/revisions\/21135"}],"wp:featuredmedia":[{"embeddable":true,"href":"https:\/\/www.accuratereviews.com\/it\/wp-json\/wp\/v2\/media\/21129"}],"wp:attachment":[{"href":"https:\/\/www.accuratereviews.com\/it\/wp-json\/wp\/v2\/media?parent=21126"}],"wp:term":[{"taxonomy":"category","embeddable":true,"href":"https:\/\/www.accuratereviews.com\/it\/wp-json\/wp\/v2\/categories?post=21126"},{"taxonomy":"post_tag","embeddable":true,"href":"https:\/\/www.accuratereviews.com\/it\/wp-json\/wp\/v2\/tags?post=21126"},{"taxonomy":"features","embeddable":true,"href":"https:\/\/www.accuratereviews.com\/it\/wp-json\/wp\/v2\/features?post=21126"}],"curies":[{"name":"wp","href":"https:\/\/api.w.org\/{rel}","templated":true}]}}