{"id":21140,"date":"2019-12-12T15:18:49","date_gmt":"2019-12-12T15:18:49","guid":{"rendered":"https:\/\/www.accuratereviews.com\/?page_id=21140"},"modified":"2019-12-12T15:18:49","modified_gmt":"2019-12-12T15:18:49","slug":"qlikview-recensione","status":"publish","type":"page","link":"https:\/\/www.accuratereviews.com\/it\/qlikview-recensione\/","title":{"rendered":"QlikView"},"content":{"rendered":"<p>La soluzione di <strong>business intelligence QlickView<\/strong> consente agli utenti di creare le proprie app di analisi guida utilizzando dati e approfondimenti raccolti dal sistema. Ci\u00f2 consente alle aziende di rispondere pi\u00f9 rapidamente ai cambiamenti fornendo preziose informazioni. Puoi utilizzare il motore di indicizzazione dei dati associativi del programma per trovare tendenze e schemi nascosti per pianificare le tue decisioni e azioni. Per garantire un flusso continuo di dati tra sistemi diversi, <strong>QlikView<\/strong> offre connettori dati predefiniti e personalizzati e connessioni al database aperte. L&#8217;API del sistema garantisce che la soluzione possa &#8220;fondersi&#8221; in ogni software, eliminando di conseguenza la necessit\u00e0 di utilizzare diversi sistemi per elaborare i dati. Per migliorare le cose, gli sviluppatori hanno dato agli utenti la possibilit\u00e0 di scegliere il metodo di distribuzione preferito: possono utilizzare QlikView nel <strong>cloud<\/strong> oppure acquistare una licenza per un numero desiderato di token o combinare entrambi i metodi.<\/p>\n<h2>QLIKVIEW &#8211; TUTORIAL<\/h2>\n<p>Questo tutorial mostra come creare un&#8217;app di base usando dati dell&#8217;azienda con questo <strong>software Business Intelligence<\/strong>:<\/p>\n<div id=\"fluid-wrapper-counter-1\" class=\"g1-fluid-wrapper \" style=\"width:686px;\">\n<div style=\"padding-bottom:56.268221574344%;\"><iframe loading=\"lazy\" title=\"Build a basic app - Qlik Sense\" width=\"686\" height=\"386\" src=\"https:\/\/www.youtube.com\/embed\/I8Ls7DDtkxE?feature=oembed&amp;wmode=transparent&amp;autohide=1&amp;autoplay=0&amp;disablekb=0&amp;fs=1&amp;loop=0&amp;enablejsapi=1&amp;rel=0&amp;controls=2&amp;showinfo=0&amp;wmode=transparent&amp;autohide=2&amp;autoplay=0&amp;disablekb=0&amp;fs=1&amp;loop=0&amp;enablejsapi=1&amp;rel=0&amp;controls=2&amp;showinfo=1\" frameborder=\"0\" allow=\"accelerometer; autoplay; encrypted-media; gyroscope; picture-in-picture\" allowfullscreen><\/iframe><\/div>\n<\/div>\n<h3>QLIKVIEW &#8211; CARATTERISTICHE<\/h3>\n<ul>\n<li><strong>Scoperta dei dati potente e globale<\/strong>:\u00a0\u00a0capacit\u00e0 di un efficiente rilevamento dei dati. Il programma esegue una ricerca naturale attraverso tutte le informazioni disponibili<\/li>\n<li><strong>Analisi guidata interattiva<\/strong>: durante il processo di rilevazione dei dati, il software aiuta l&#8217;utente suggerendo possibili interpretazioni. Molto probabilmente le tendenze del business e i possibili modelli di business sono suggeriti automaticamente dal software che garantisce un migliore processo decisionale<\/li>\n<li><strong>Individuazione di dati social<\/strong>: la scoperta di dati sociali offre la condivisione di singole informazioni sui dati all&#8217;interno di gruppi o al di fuori di esso<\/li>\n<li><strong>Analisi comparativa<\/strong>: questa \u00e8 una delle funzionalit\u00e0 di QlikView che aiuta all&#8217;analisi comparativa, \u00e8 un&#8217;estensione del modello associativo. Attraverso questo, \u00e8 possibile confrontare diversi campi e set di dati<\/li>\n<li><strong>Rilevazione dati mobili:<\/strong>\u00a0il programma supporta il rilevamento di dati mobili con una funzionalit\u00e0 touch abilitata per HTML 5 che consente all&#8217;utente di cercare i dati e condurre il rilevamento dei dati in modo interattivo ed esplorare altre applicazioni basate su server.<\/li>\n<\/ul>\n<h4>LE RECENSIONI DEGLI UTENTI<\/h4>\n<h4>Chris E. &#8220;I prodotti Qlik sono potenti e flessibili, ottimo ROI.&#8221;<\/h4>\n<p><strong>Commenti<\/strong>: Ricordando che questa \u00e8 una piattaforma, non solo uno strumento di BI, \u00e8 necessario un lavoro IT di back-office per implementare, lanciare e mantenere il software. Una volta installato e funzionante (che era molto conveniente esternalizzare) i costi di manutenzione erano minimi e non abbiamo mai avuto problemi.<\/p>\n<p><strong>Vantaggi<\/strong>: tutto. Questo \u00e8 uno strumento ben progettato e potente che domina lo spazio di visualizzazione ETL e BI per coloro che necessitano di entrambi gli aspetti combinati in uno. Un decennio di fine tuning lo rendono un ottimo strumento per il tuo toolbox analitico e di gestione dei dati.<\/p>\n<p><strong>Inconvenienti<\/strong>: L&#8217;unico svantaggio \u00e8 un approccio migliore e pi\u00f9 moderno allo stesso strumento. La piattaforma Sense \u00e8 molto simile, ma pi\u00f9 potente ed espandibile, e sta ottenendo il 99,9% delle risorse di sviluppo, rendendo statico Qlik View. Quindi, sebbene sia un ottimo strumento \u00e8 ancora all&#8217;inizio, se invece ne lanciassi di nuovi andrei invece con Qlik Sense.<\/p>\n<h4>Miguel D. &#8220;QlikView con SAP B1&#8221;<\/h4>\n<p><strong>Commenti<\/strong>: \u00c8 vero che non \u00e8 economico, ma il valore che ottieni per il prezzo che paghi pu\u00f2 ottenere il tuo ROI in circa un anno<\/p>\n<p><strong>Vantaggi<\/strong>: abbiamo acquistato le licenze Qlikview circa 5 anni fa, per far crescere la nostra installazione di SAP B1 sul campo dell&#8217;analisi e della BI, con Qlikview siamo riusciti ad avere nuovi report di alto livello che non potevano essere fatti con Crystal Reports (reporter naturale di SAP) che avevamo per seguire un corso di 1 settimana per essere in grado di generare nuovi progetti da cero e ci sono voluti circa 2 mesi per consegnare agli utenti le versioni finali dei rapporti, poich\u00e9 si tratta di un software specializzato di cui avrai bisogno di alcune conoscenze precedenti per poter creare progetti .<\/p>\n<p><strong>Inconvenienti<\/strong>: esiste una nuova versione aggiornata di Qlikview (Qliksense) che ha la parte di mobilit\u00e0 che QlikView non ha, tuttavia siamo riusciti a utilizzare ancora Qlikview e abbiamo molti rapporti in esecuzione<\/p>\n<h4>Mehmet E. &#8220;Recensione di QlikView dal punto di vista del Product Owner&#8221;<\/h4>\n<p><strong>Commenti<\/strong>: Abbiamo diverse fonti di dati per alimentare il nostro prodotto e volevamo usare QlikView come nostro principale strumento di visualizzazione BI. Mi piace la sezione dei grafici soprattutto dopo che l&#8217;abbiamo personalizzata, posso avere una visione pi\u00f9 chiara dei prodotti e delle attivit\u00e0 dei nostri clienti. La sezione dei rapporti \u00e8 molto soddisfacente. L&#8217;apprendimento dello strumento di base \u00e8 molto semplice, quindi anche io posso aggiungere alcune nuove fonti di dati o filtrare alcune delle fonti in modo da poter ottenere rapporti pi\u00f9 precisi. Fondamentalmente sono molto felice di usare QlikView<\/p>\n<p><strong>Vantaggi<\/strong>: \u00e8 una piattaforma molto completa per personalizzare i tuoi report, i grafici personalizzabili ti fanno risparmiare molto tempo. Se hai pi\u00f9 esperienza sull&#8217;uso puoi usare l&#8217;editor di script, \u00e8 qui che i nostri sviluppatori bi stanno lavorando di pi\u00f9. Puoi convalidare facilmente il tuo etl controllando una piccola quantit\u00e0 di set di dati e puoi vedere i report e convalidare i tuoi dati.<\/p>\n<p><strong>Inconvenienti<\/strong>: se i tuoi set di dati non sono set di dati relazionali o classici, intendo alcuni big data, allora devi lavorare su per convertirli per QlikView. Fintanto che lo strumento \u00e8 molto facile da usare, devi comunque avere un po &#8216;di formazione per essere esperto sullo strumento.<\/p>\n","protected":false},"excerpt":{"rendered":"<p>La soluzione di business intelligence QlickView consente agli utenti di creare le proprie app di analisi guida utilizzando dati e approfondimenti raccolti dal sistema. Ci\u00f2 consente alle aziende di rispondere pi\u00f9 rapidamente ai cambiamenti nei requisiti fornendo preziose informazioni. Puoi utilizzare il motore di indicizzazione dei dati associativi del programma per trovare tendenze e schemi nascosti per pianificare le tue decisioni e azioni.<\/p>\n","protected":false},"author":19,"featured_media":21141,"parent":0,"menu_order":0,"comment_status":"open","ping_status":"closed","template":"g1_template_page_review_new.php","meta":{"_acf_changed":false,"cwp_meta_box_check":"Yes","cwp_rev_product_name":"","cwp_rev_product_image":"","wppr_links":[],"cwp_rev_price":"","wppr_options":[],"wppr_pros":[],"wppr_cons":[],"_monsterinsights_skip_tracking":false,"_monsterinsights_sitenote_active":false,"_monsterinsights_sitenote_note":"","_monsterinsights_sitenote_category":0,"footnotes":""},"categories":[1555],"tags":[1561,396,1560,1557,1585,1556,1558],"features":[],"class_list":{"0":"post-21140","1":"page","2":"type-page","3":"status-publish","4":"has-post-thumbnail","6":"category-business-intelligence-it","7":"tag-bi","8":"tag-cloud","9":"tag-piattaforma-business-intelligence","10":"tag-programma-business-intelligence","11":"tag-qlikview","12":"tag-software-business-intelligence","13":"tag-soluzione-business-intelligence"},"wppr_data":{"cwp_meta_box_check":"Yes","cwp_rev_product_name":"","cwp_rev_product_image":"","cwp_image_link":"image","cwp_rev_price":"","wppr_rating":"0.00"},"acf":[],"yoast_head":"<!-- This site is optimized with the Yoast SEO plugin v27.4 - https:\/\/yoast.com\/product\/yoast-seo-wordpress\/ -->\n<title>Qlikview: recensione software Business Intelligence - Accurate Reviews<\/title>\n<meta name=\"description\" content=\"QlickView: recensione soluzione di business intelligence consente agli utenti di creare le proprie app di analisi guida utilizzando dati e approfondimenti.\" \/>\n<meta name=\"robots\" content=\"index, follow, max-snippet:-1, max-image-preview:large, max-video-preview:-1\" \/>\n<link rel=\"canonical\" href=\"https:\/\/www.accuratereviews.com\/it\/qlikview-recensione\/\" \/>\n<meta property=\"og:locale\" content=\"it_IT\" \/>\n<meta property=\"og:type\" content=\"article\" \/>\n<meta property=\"og:title\" content=\"Qlikview: recensione software Business Intelligence - Accurate Reviews\" \/>\n<meta property=\"og:description\" content=\"QlickView: recensione soluzione di business intelligence consente agli utenti di creare le proprie app di analisi guida utilizzando dati e approfondimenti.\" \/>\n<meta property=\"og:url\" content=\"https:\/\/www.accuratereviews.com\/it\/qlikview-recensione\/\" \/>\n<meta property=\"og:site_name\" content=\"Accurate Reviews\" \/>\n<meta property=\"og:image\" content=\"https:\/\/www.accuratereviews.com\/wp-content\/uploads\/2019\/12\/qlikview.png\" \/>\n\t<meta property=\"og:image:width\" content=\"718\" \/>\n\t<meta property=\"og:image:height\" content=\"300\" \/>\n\t<meta property=\"og:image:type\" content=\"image\/png\" \/>\n<meta name=\"twitter:card\" content=\"summary_large_image\" \/>\n<meta name=\"twitter:label1\" content=\"Tempo di lettura stimato\" \/>\n\t<meta name=\"twitter:data1\" content=\"4 minuti\" \/>\n<script type=\"application\/ld+json\" class=\"yoast-schema-graph\">{\"@context\":\"https:\\\/\\\/schema.org\",\"@graph\":[{\"@type\":\"WebPage\",\"@id\":\"https:\\\/\\\/www.accuratereviews.com\\\/it\\\/qlikview-recensione\\\/\",\"url\":\"https:\\\/\\\/www.accuratereviews.com\\\/it\\\/qlikview-recensione\\\/\",\"name\":\"Qlikview: recensione software Business Intelligence - Accurate Reviews\",\"isPartOf\":{\"@id\":\"https:\\\/\\\/www.accuratereviews.com\\\/it\\\/#website\"},\"primaryImageOfPage\":{\"@id\":\"https:\\\/\\\/www.accuratereviews.com\\\/it\\\/qlikview-recensione\\\/#primaryimage\"},\"image\":{\"@id\":\"https:\\\/\\\/www.accuratereviews.com\\\/it\\\/qlikview-recensione\\\/#primaryimage\"},\"thumbnailUrl\":\"https:\\\/\\\/www.accuratereviews.com\\\/wp-content\\\/uploads\\\/2019\\\/12\\\/qlikview.png\",\"datePublished\":\"2019-12-12T15:18:49+00:00\",\"description\":\"QlickView: recensione soluzione di business intelligence consente agli utenti di creare le proprie app di analisi guida utilizzando dati e approfondimenti.\",\"breadcrumb\":{\"@id\":\"https:\\\/\\\/www.accuratereviews.com\\\/it\\\/qlikview-recensione\\\/#breadcrumb\"},\"inLanguage\":\"it-IT\",\"potentialAction\":[{\"@type\":\"ReadAction\",\"target\":[\"https:\\\/\\\/www.accuratereviews.com\\\/it\\\/qlikview-recensione\\\/\"]}]},{\"@type\":\"ImageObject\",\"inLanguage\":\"it-IT\",\"@id\":\"https:\\\/\\\/www.accuratereviews.com\\\/it\\\/qlikview-recensione\\\/#primaryimage\",\"url\":\"https:\\\/\\\/www.accuratereviews.com\\\/wp-content\\\/uploads\\\/2019\\\/12\\\/qlikview.png\",\"contentUrl\":\"https:\\\/\\\/www.accuratereviews.com\\\/wp-content\\\/uploads\\\/2019\\\/12\\\/qlikview.png\",\"width\":718,\"height\":300},{\"@type\":\"BreadcrumbList\",\"@id\":\"https:\\\/\\\/www.accuratereviews.com\\\/it\\\/qlikview-recensione\\\/#breadcrumb\",\"itemListElement\":[{\"@type\":\"ListItem\",\"position\":1,\"name\":\"Home\",\"item\":\"https:\\\/\\\/www.accuratereviews.com\\\/it\\\/\"},{\"@type\":\"ListItem\",\"position\":2,\"name\":\"QlikView\"}]},{\"@type\":\"WebSite\",\"@id\":\"https:\\\/\\\/www.accuratereviews.com\\\/it\\\/#website\",\"url\":\"https:\\\/\\\/www.accuratereviews.com\\\/it\\\/\",\"name\":\"Accurate Reviews\",\"description\":\"\",\"potentialAction\":[{\"@type\":\"SearchAction\",\"target\":{\"@type\":\"EntryPoint\",\"urlTemplate\":\"https:\\\/\\\/www.accuratereviews.com\\\/it\\\/?s={search_term_string}\"},\"query-input\":{\"@type\":\"PropertyValueSpecification\",\"valueRequired\":true,\"valueName\":\"search_term_string\"}}],\"inLanguage\":\"it-IT\"}]}<\/script>\n<!-- \/ Yoast SEO plugin. -->","yoast_head_json":{"title":"Qlikview: recensione software Business Intelligence - Accurate Reviews","description":"QlickView: recensione soluzione di business intelligence consente agli utenti di creare le proprie app di analisi guida utilizzando dati e approfondimenti.","robots":{"index":"index","follow":"follow","max-snippet":"max-snippet:-1","max-image-preview":"max-image-preview:large","max-video-preview":"max-video-preview:-1"},"canonical":"https:\/\/www.accuratereviews.com\/it\/qlikview-recensione\/","og_locale":"it_IT","og_type":"article","og_title":"Qlikview: recensione software Business Intelligence - Accurate Reviews","og_description":"QlickView: recensione soluzione di business intelligence consente agli utenti di creare le proprie app di analisi guida utilizzando dati e approfondimenti.","og_url":"https:\/\/www.accuratereviews.com\/it\/qlikview-recensione\/","og_site_name":"Accurate Reviews","og_image":[{"width":718,"height":300,"url":"https:\/\/www.accuratereviews.com\/wp-content\/uploads\/2019\/12\/qlikview.png","type":"image\/png"}],"twitter_card":"summary_large_image","twitter_misc":{"Tempo di lettura stimato":"4 minuti"},"schema":{"@context":"https:\/\/schema.org","@graph":[{"@type":"WebPage","@id":"https:\/\/www.accuratereviews.com\/it\/qlikview-recensione\/","url":"https:\/\/www.accuratereviews.com\/it\/qlikview-recensione\/","name":"Qlikview: recensione software Business Intelligence - Accurate Reviews","isPartOf":{"@id":"https:\/\/www.accuratereviews.com\/it\/#website"},"primaryImageOfPage":{"@id":"https:\/\/www.accuratereviews.com\/it\/qlikview-recensione\/#primaryimage"},"image":{"@id":"https:\/\/www.accuratereviews.com\/it\/qlikview-recensione\/#primaryimage"},"thumbnailUrl":"https:\/\/www.accuratereviews.com\/wp-content\/uploads\/2019\/12\/qlikview.png","datePublished":"2019-12-12T15:18:49+00:00","description":"QlickView: recensione soluzione di business intelligence consente agli utenti di creare le proprie app di analisi guida utilizzando dati e approfondimenti.","breadcrumb":{"@id":"https:\/\/www.accuratereviews.com\/it\/qlikview-recensione\/#breadcrumb"},"inLanguage":"it-IT","potentialAction":[{"@type":"ReadAction","target":["https:\/\/www.accuratereviews.com\/it\/qlikview-recensione\/"]}]},{"@type":"ImageObject","inLanguage":"it-IT","@id":"https:\/\/www.accuratereviews.com\/it\/qlikview-recensione\/#primaryimage","url":"https:\/\/www.accuratereviews.com\/wp-content\/uploads\/2019\/12\/qlikview.png","contentUrl":"https:\/\/www.accuratereviews.com\/wp-content\/uploads\/2019\/12\/qlikview.png","width":718,"height":300},{"@type":"BreadcrumbList","@id":"https:\/\/www.accuratereviews.com\/it\/qlikview-recensione\/#breadcrumb","itemListElement":[{"@type":"ListItem","position":1,"name":"Home","item":"https:\/\/www.accuratereviews.com\/it\/"},{"@type":"ListItem","position":2,"name":"QlikView"}]},{"@type":"WebSite","@id":"https:\/\/www.accuratereviews.com\/it\/#website","url":"https:\/\/www.accuratereviews.com\/it\/","name":"Accurate Reviews","description":"","potentialAction":[{"@type":"SearchAction","target":{"@type":"EntryPoint","urlTemplate":"https:\/\/www.accuratereviews.com\/it\/?s={search_term_string}"},"query-input":{"@type":"PropertyValueSpecification","valueRequired":true,"valueName":"search_term_string"}}],"inLanguage":"it-IT"}]}},"_links":{"self":[{"href":"https:\/\/www.accuratereviews.com\/it\/wp-json\/wp\/v2\/pages\/21140","targetHints":{"allow":["GET"]}}],"collection":[{"href":"https:\/\/www.accuratereviews.com\/it\/wp-json\/wp\/v2\/pages"}],"about":[{"href":"https:\/\/www.accuratereviews.com\/it\/wp-json\/wp\/v2\/types\/page"}],"author":[{"embeddable":true,"href":"https:\/\/www.accuratereviews.com\/it\/wp-json\/wp\/v2\/users\/19"}],"replies":[{"embeddable":true,"href":"https:\/\/www.accuratereviews.com\/it\/wp-json\/wp\/v2\/comments?post=21140"}],"version-history":[{"count":13,"href":"https:\/\/www.accuratereviews.com\/it\/wp-json\/wp\/v2\/pages\/21140\/revisions"}],"predecessor-version":[{"id":21187,"href":"https:\/\/www.accuratereviews.com\/it\/wp-json\/wp\/v2\/pages\/21140\/revisions\/21187"}],"wp:featuredmedia":[{"embeddable":true,"href":"https:\/\/www.accuratereviews.com\/it\/wp-json\/wp\/v2\/media\/21141"}],"wp:attachment":[{"href":"https:\/\/www.accuratereviews.com\/it\/wp-json\/wp\/v2\/media?parent=21140"}],"wp:term":[{"taxonomy":"category","embeddable":true,"href":"https:\/\/www.accuratereviews.com\/it\/wp-json\/wp\/v2\/categories?post=21140"},{"taxonomy":"post_tag","embeddable":true,"href":"https:\/\/www.accuratereviews.com\/it\/wp-json\/wp\/v2\/tags?post=21140"},{"taxonomy":"features","embeddable":true,"href":"https:\/\/www.accuratereviews.com\/it\/wp-json\/wp\/v2\/features?post=21140"}],"curies":[{"name":"wp","href":"https:\/\/api.w.org\/{rel}","templated":true}]}}