{"id":21149,"date":"2019-12-12T15:18:15","date_gmt":"2019-12-12T15:18:15","guid":{"rendered":"https:\/\/www.accuratereviews.com\/?page_id=21149"},"modified":"2021-05-18T14:35:58","modified_gmt":"2021-05-18T14:35:58","slug":"domo-recensione","status":"publish","type":"page","link":"https:\/\/www.accuratereviews.com\/it\/business-intelligence\/domo-recensione\/","title":{"rendered":"Domo"},"content":{"rendered":"<p><strong>Domo<\/strong> \u00e8 un <strong>software di business intelligence<\/strong> che ti permette di connetterti direttamente a qualsiasi fonte di dati, di analizzarli e monitorarli. Sia tu che il tuo team potrete accedere ai dati giusti nel momento giusto e da qualsiasi dispositivo, che sia web o mobile (<strong>dispositivi iOS e Android<\/strong>), riuscendo cos\u00ec a prendere decisioni pi\u00f9 velocemente con <strong>dati affidabili<\/strong> e in tempo reale. Grazie a questa piattaforma, potrete lavorare insieme, facendo approfondimenti sui dati con strumenti di collaborazione e produttivit\u00e0 integrati e potrai collegarvi tutti i sistemi per ottenere uno <strong>scambio di dati bidirezionale<\/strong>. Potrai visualizzare, condividere, trasformare i tuoi dati e creare report dettagli in modo semplice e veloce.<\/p>\n<h2>COME UTILIZZARE DOMO &#8211; TUTORIAL<\/h2>\n<p>Diamo un&#8217;occhiata a questo video per comprendere come funziona questo programma:<\/p>\n<div id=\"fluid-wrapper-counter-1\" class=\"g1-fluid-wrapper \" style=\"width:686px;\">\n<div style=\"padding-bottom:56.268221574344%;\"><iframe loading=\"lazy\" title=\"DOMO is Awesome - Visualization Tool Demo\" width=\"686\" height=\"386\" src=\"https:\/\/www.youtube.com\/embed\/2aTt1U2Y0Oo?feature=oembed&amp;wmode=transparent&amp;autohide=1&amp;autoplay=0&amp;disablekb=0&amp;fs=1&amp;loop=0&amp;enablejsapi=1&amp;rel=0&amp;controls=2&amp;showinfo=0&amp;wmode=transparent&amp;autohide=2&amp;autoplay=0&amp;disablekb=0&amp;fs=1&amp;loop=0&amp;enablejsapi=1&amp;rel=0&amp;controls=2&amp;showinfo=1\" frameborder=\"0\" allow=\"accelerometer; autoplay; encrypted-media; gyroscope; picture-in-picture\" allowfullscreen><\/iframe><\/div>\n<\/div>\n<h3>DOMO &#8211; CARATTERISTICHE<\/h3>\n<p>Ecco le sue principali caratteristiche:<\/p>\n<ul>\n<li><strong>Importazione dei dati (funzionalit\u00e0 Workbench)<\/strong>: importa i dati locali (tramite XML, ODBC, Excel e altro) tramite oltre 1.000 connettori di dati predefiniti (ad es. Facebook, Salesforce)<\/li>\n<li><strong>Preparazione dei dati (funzionalit\u00e0 Magic ETL)<\/strong>: pulisci, trasforma combina i dati in vari modi (ETL, DataFusion e DataFlows)<\/li>\n<li><strong>Visualizzazione dei dati<\/strong>: visualizza i dati in grafici, diagrammi o utilizza altre opzioni di visualizzazione tramite un&#8217;interfaccia di trascinamento della selezione (Card Builder e Storie)<\/li>\n<li><strong>Dashboard<\/strong>: crea dashboard e raccolte personalizzate per organizzare, analizzare e creare report sui dati aziendali<\/li>\n<li><strong>Condivisione e collaborazione<\/strong>: collabora con altri utenti condividendo i profili e i feed dai siti di social media (LinkedIn, Twitter, Facebook e Instagram) o utilizzato la chat integrata<\/li>\n<li><strong>Pianificazione dei report<\/strong>: pianifica report per singoli o gruppi in date e orari specifici.<\/li>\n<li><strong>Gestione del flusso di lavoro<\/strong>: crea progetti e assegnali a persone specifiche o crea un elenco di elementi di azione per gestire meglio il lavoro<\/li>\n<li><strong>Modelli predittivi<\/strong>: utilizza gli strumenti di preparazione dei dati per creare modelli predittivi.<\/li>\n<li><strong>Approfondimenti (modulo Insights)<\/strong>: monitora, analizza i dati e ottieni approfondimenti automatici.<\/li>\n<li><strong>Centro avvisi<\/strong>: raccoglie eventuali avvisi relativi a dati, metriche e conversazioni in modo che tu rimanga sempre aggiornato e sia pronto per agire in ogni momento.<\/li>\n<\/ul>\n<h3>LE RECENSIONI DEGLI UTENTI<\/h3>\n<ul>\n<li><strong>&#8220;Tutto ci\u00f2 di cui ho bisogno in un unico posto!&#8221;<\/strong><br \/>\nIN GENERALE: utilizziamo Domo per collegare i set di dati di diversi programmi a informazioni che possono essere condivise tra loro tramite Domo.<br \/>\nPRO: Domo collega i dati provenienti da tutte le nostre diverse fonti di dati e mi consente di metterli tutti su una pagina del dashboard in modo da non dover girare avanti e indietro alla ricerca delle informazioni di cui ho bisogno. Mi piace poter condividere l&#8217;accesso a queste dashboard con tutti i miei dipendenti in modo che abbiano accesso a tutte le informazioni aggiornate di cui hanno bisogno. Mi piace molto poter prendere qualsiasi dato su una dashboard e successivamente Domo li trasforma in un foglio di calcolo Excel per me.<br \/>\nCONTRO: L&#8217;assistenza clienti \u00e8 un po&#8217; lenta. C&#8217;\u00e8 anche un intervallo di tempo occasionale tra il momento in cui vengono apportate modifiche ai dati e il momento in cui vengono visualizzati su Domo. Si aggiorna solo ogni 15 minuti circa.<\/li>\n<li><strong>&#8220;Ottimo prezzo, servizio discreto&#8221;<\/strong><br \/>\nPRO: questo software \u00e8 per lo pi\u00f9 facile da usare. \u00c8 compatibile con varie fonti di informazioni, ma lo uso principalmente per esportare nel formato universale, Excel. La creazione di report \u00e8 semplice e fintanto che si dispone di un gruppo di business intelligence o di ingegneri del software, si dovrebbe andare bene a risolvere eventuali problemi quando il loro server ha problemi.<br \/>\nCONTRO: i problemi del server tendono ad esserci almeno una volta alla settimana. Lavorare con il servizio clienti \u00e8 una seccatura enorme. Non sono sicuro che i loro agenti siano addestrati abbastanza bene per gestire le mie richieste. Con tutti i tempi morti, il mio team prevede di non avere accesso ai report disponibili almeno 2-3 volte a settimana per alcune ore.<\/li>\n<li><strong>&#8220;Gran numero di connettori. Grandi capacit\u00e0 di condivisione. Memoria dati illimitata.&#8221;<\/strong><br \/>\nPRO: interfaccia utente Clunky (UI) e comandi esoterici. Lunga curva di apprendimento, soprattutto per i nuovi analisti \/ utenti.<br \/>\nCONTRO: Domo non \u00e8 rivolto ai neofiti della business intelligence. Ma per le aziende con una certa esperienza di BI nel personale, \u00e8 uno strumento potente con un sacco di connettori dati e anche capacit\u00e0 di visualizzazione dei dati decenti.<\/li>\n<\/ul>\n","protected":false},"excerpt":{"rendered":"<p>Domo \u00e8 un software di business intelligence che ti permette di connetterti direttamente a qualsiasi fonte di dati, di analizzarli e monitorarli. Sia tu che il tuo team potrete accedere ai dati giusti nel momento giusto e da qualsiasi dispositivo, che sia web o mobile (dispositivi iOS e Android), riuscendo cos\u00ec a prendere decisioni pi\u00f9 velocemente con dati affidabili e in tempo reale.<\/p>\n","protected":false},"author":17,"featured_media":21172,"parent":32646,"menu_order":0,"comment_status":"open","ping_status":"closed","template":"g1_template_page_review_new.php","meta":{"_acf_changed":false,"cwp_meta_box_check":"Yes","cwp_rev_product_name":"","cwp_rev_product_image":"","wppr_links":[],"cwp_rev_price":"","wppr_options":[],"wppr_pros":[],"wppr_cons":[],"_monsterinsights_skip_tracking":false,"_monsterinsights_sitenote_active":false,"_monsterinsights_sitenote_note":"","_monsterinsights_sitenote_category":0,"footnotes":""},"categories":[1555],"tags":[1561,1565,1564,1521,1557],"features":[],"class_list":{"0":"post-21149","1":"page","2":"type-page","3":"status-publish","4":"has-post-thumbnail","6":"category-business-intelligence-it","7":"tag-bi","8":"tag-business-intelligence","9":"tag-business-intelligence-software","10":"tag-piattaforma-di-business-intelligence","11":"tag-programma-business-intelligence"},"wppr_data":{"cwp_meta_box_check":"Yes","cwp_rev_product_name":"","cwp_rev_product_image":"","cwp_image_link":"image","cwp_rev_price":"","wppr_rating":"0.00"},"acf":[],"yoast_head":"<!-- This site is optimized with the Yoast SEO plugin v27.4 - https:\/\/yoast.com\/product\/yoast-seo-wordpress\/ -->\n<title>Domo: recensione business intelligence software - Accurate Reviews<\/title>\n<meta name=\"description\" content=\"Domo: recensione del software di business intelligence che ti permette di connetterti direttamente a qualsiasi fonte di dati, di analizzarli e monitorarli.\" \/>\n<meta name=\"robots\" content=\"index, follow, max-snippet:-1, max-image-preview:large, max-video-preview:-1\" \/>\n<link rel=\"canonical\" href=\"https:\/\/www.accuratereviews.com\/it\/business-intelligence\/domo-recensione\/\" \/>\n<meta property=\"og:locale\" content=\"it_IT\" \/>\n<meta property=\"og:type\" content=\"article\" \/>\n<meta property=\"og:title\" content=\"Domo: recensione business intelligence software - Accurate Reviews\" \/>\n<meta property=\"og:description\" content=\"Domo: recensione del software di business intelligence che ti permette di connetterti direttamente a qualsiasi fonte di dati, di analizzarli e monitorarli.\" \/>\n<meta property=\"og:url\" content=\"https:\/\/www.accuratereviews.com\/it\/business-intelligence\/domo-recensione\/\" \/>\n<meta property=\"og:site_name\" content=\"Accurate Reviews\" \/>\n<meta property=\"article:modified_time\" content=\"2021-05-18T14:35:58+00:00\" \/>\n<meta property=\"og:image\" content=\"https:\/\/www.accuratereviews.com\/wp-content\/uploads\/2019\/12\/32228_301d42b506b456c6b4d2a56759b8270e2eb7f90c_domo_m.jpg\" \/>\n\t<meta property=\"og:image:width\" content=\"300\" \/>\n\t<meta property=\"og:image:height\" content=\"300\" \/>\n\t<meta property=\"og:image:type\" content=\"image\/jpeg\" \/>\n<meta name=\"twitter:card\" content=\"summary_large_image\" \/>\n<meta name=\"twitter:label1\" content=\"Tempo di lettura stimato\" \/>\n\t<meta name=\"twitter:data1\" content=\"4 minuti\" \/>\n<script type=\"application\/ld+json\" class=\"yoast-schema-graph\">{\"@context\":\"https:\\\/\\\/schema.org\",\"@graph\":[{\"@type\":\"WebPage\",\"@id\":\"https:\\\/\\\/www.accuratereviews.com\\\/it\\\/business-intelligence\\\/domo-recensione\\\/\",\"url\":\"https:\\\/\\\/www.accuratereviews.com\\\/it\\\/business-intelligence\\\/domo-recensione\\\/\",\"name\":\"Domo: recensione business intelligence software - Accurate Reviews\",\"isPartOf\":{\"@id\":\"https:\\\/\\\/www.accuratereviews.com\\\/it\\\/#website\"},\"primaryImageOfPage\":{\"@id\":\"https:\\\/\\\/www.accuratereviews.com\\\/it\\\/business-intelligence\\\/domo-recensione\\\/#primaryimage\"},\"image\":{\"@id\":\"https:\\\/\\\/www.accuratereviews.com\\\/it\\\/business-intelligence\\\/domo-recensione\\\/#primaryimage\"},\"thumbnailUrl\":\"https:\\\/\\\/www.accuratereviews.com\\\/wp-content\\\/uploads\\\/2019\\\/12\\\/32228_301d42b506b456c6b4d2a56759b8270e2eb7f90c_domo_m.jpg\",\"datePublished\":\"2019-12-12T15:18:15+00:00\",\"dateModified\":\"2021-05-18T14:35:58+00:00\",\"description\":\"Domo: recensione del software di business intelligence che ti permette di connetterti direttamente a qualsiasi fonte di dati, di analizzarli e monitorarli.\",\"breadcrumb\":{\"@id\":\"https:\\\/\\\/www.accuratereviews.com\\\/it\\\/business-intelligence\\\/domo-recensione\\\/#breadcrumb\"},\"inLanguage\":\"it-IT\",\"potentialAction\":[{\"@type\":\"ReadAction\",\"target\":[\"https:\\\/\\\/www.accuratereviews.com\\\/it\\\/business-intelligence\\\/domo-recensione\\\/\"]}]},{\"@type\":\"ImageObject\",\"inLanguage\":\"it-IT\",\"@id\":\"https:\\\/\\\/www.accuratereviews.com\\\/it\\\/business-intelligence\\\/domo-recensione\\\/#primaryimage\",\"url\":\"https:\\\/\\\/www.accuratereviews.com\\\/wp-content\\\/uploads\\\/2019\\\/12\\\/32228_301d42b506b456c6b4d2a56759b8270e2eb7f90c_domo_m.jpg\",\"contentUrl\":\"https:\\\/\\\/www.accuratereviews.com\\\/wp-content\\\/uploads\\\/2019\\\/12\\\/32228_301d42b506b456c6b4d2a56759b8270e2eb7f90c_domo_m.jpg\",\"width\":300,\"height\":300},{\"@type\":\"BreadcrumbList\",\"@id\":\"https:\\\/\\\/www.accuratereviews.com\\\/it\\\/business-intelligence\\\/domo-recensione\\\/#breadcrumb\",\"itemListElement\":[{\"@type\":\"ListItem\",\"position\":1,\"name\":\"Home\",\"item\":\"https:\\\/\\\/www.accuratereviews.com\\\/it\\\/\"},{\"@type\":\"ListItem\",\"position\":2,\"name\":\"Business intelligence\",\"item\":\"https:\\\/\\\/www.accuratereviews.com\\\/it\\\/business-intelligence\\\/\"},{\"@type\":\"ListItem\",\"position\":3,\"name\":\"Domo\"}]},{\"@type\":\"WebSite\",\"@id\":\"https:\\\/\\\/www.accuratereviews.com\\\/it\\\/#website\",\"url\":\"https:\\\/\\\/www.accuratereviews.com\\\/it\\\/\",\"name\":\"Accurate Reviews\",\"description\":\"\",\"potentialAction\":[{\"@type\":\"SearchAction\",\"target\":{\"@type\":\"EntryPoint\",\"urlTemplate\":\"https:\\\/\\\/www.accuratereviews.com\\\/it\\\/?s={search_term_string}\"},\"query-input\":{\"@type\":\"PropertyValueSpecification\",\"valueRequired\":true,\"valueName\":\"search_term_string\"}}],\"inLanguage\":\"it-IT\"}]}<\/script>\n<!-- \/ Yoast SEO plugin. -->","yoast_head_json":{"title":"Domo: recensione business intelligence software - Accurate Reviews","description":"Domo: recensione del software di business intelligence che ti permette di connetterti direttamente a qualsiasi fonte di dati, di analizzarli e monitorarli.","robots":{"index":"index","follow":"follow","max-snippet":"max-snippet:-1","max-image-preview":"max-image-preview:large","max-video-preview":"max-video-preview:-1"},"canonical":"https:\/\/www.accuratereviews.com\/it\/business-intelligence\/domo-recensione\/","og_locale":"it_IT","og_type":"article","og_title":"Domo: recensione business intelligence software - Accurate Reviews","og_description":"Domo: recensione del software di business intelligence che ti permette di connetterti direttamente a qualsiasi fonte di dati, di analizzarli e monitorarli.","og_url":"https:\/\/www.accuratereviews.com\/it\/business-intelligence\/domo-recensione\/","og_site_name":"Accurate Reviews","article_modified_time":"2021-05-18T14:35:58+00:00","og_image":[{"width":300,"height":300,"url":"https:\/\/www.accuratereviews.com\/wp-content\/uploads\/2019\/12\/32228_301d42b506b456c6b4d2a56759b8270e2eb7f90c_domo_m.jpg","type":"image\/jpeg"}],"twitter_card":"summary_large_image","twitter_misc":{"Tempo di lettura stimato":"4 minuti"},"schema":{"@context":"https:\/\/schema.org","@graph":[{"@type":"WebPage","@id":"https:\/\/www.accuratereviews.com\/it\/business-intelligence\/domo-recensione\/","url":"https:\/\/www.accuratereviews.com\/it\/business-intelligence\/domo-recensione\/","name":"Domo: recensione business intelligence software - Accurate Reviews","isPartOf":{"@id":"https:\/\/www.accuratereviews.com\/it\/#website"},"primaryImageOfPage":{"@id":"https:\/\/www.accuratereviews.com\/it\/business-intelligence\/domo-recensione\/#primaryimage"},"image":{"@id":"https:\/\/www.accuratereviews.com\/it\/business-intelligence\/domo-recensione\/#primaryimage"},"thumbnailUrl":"https:\/\/www.accuratereviews.com\/wp-content\/uploads\/2019\/12\/32228_301d42b506b456c6b4d2a56759b8270e2eb7f90c_domo_m.jpg","datePublished":"2019-12-12T15:18:15+00:00","dateModified":"2021-05-18T14:35:58+00:00","description":"Domo: recensione del software di business intelligence che ti permette di connetterti direttamente a qualsiasi fonte di dati, di analizzarli e monitorarli.","breadcrumb":{"@id":"https:\/\/www.accuratereviews.com\/it\/business-intelligence\/domo-recensione\/#breadcrumb"},"inLanguage":"it-IT","potentialAction":[{"@type":"ReadAction","target":["https:\/\/www.accuratereviews.com\/it\/business-intelligence\/domo-recensione\/"]}]},{"@type":"ImageObject","inLanguage":"it-IT","@id":"https:\/\/www.accuratereviews.com\/it\/business-intelligence\/domo-recensione\/#primaryimage","url":"https:\/\/www.accuratereviews.com\/wp-content\/uploads\/2019\/12\/32228_301d42b506b456c6b4d2a56759b8270e2eb7f90c_domo_m.jpg","contentUrl":"https:\/\/www.accuratereviews.com\/wp-content\/uploads\/2019\/12\/32228_301d42b506b456c6b4d2a56759b8270e2eb7f90c_domo_m.jpg","width":300,"height":300},{"@type":"BreadcrumbList","@id":"https:\/\/www.accuratereviews.com\/it\/business-intelligence\/domo-recensione\/#breadcrumb","itemListElement":[{"@type":"ListItem","position":1,"name":"Home","item":"https:\/\/www.accuratereviews.com\/it\/"},{"@type":"ListItem","position":2,"name":"Business intelligence","item":"https:\/\/www.accuratereviews.com\/it\/business-intelligence\/"},{"@type":"ListItem","position":3,"name":"Domo"}]},{"@type":"WebSite","@id":"https:\/\/www.accuratereviews.com\/it\/#website","url":"https:\/\/www.accuratereviews.com\/it\/","name":"Accurate Reviews","description":"","potentialAction":[{"@type":"SearchAction","target":{"@type":"EntryPoint","urlTemplate":"https:\/\/www.accuratereviews.com\/it\/?s={search_term_string}"},"query-input":{"@type":"PropertyValueSpecification","valueRequired":true,"valueName":"search_term_string"}}],"inLanguage":"it-IT"}]}},"_links":{"self":[{"href":"https:\/\/www.accuratereviews.com\/it\/wp-json\/wp\/v2\/pages\/21149","targetHints":{"allow":["GET"]}}],"collection":[{"href":"https:\/\/www.accuratereviews.com\/it\/wp-json\/wp\/v2\/pages"}],"about":[{"href":"https:\/\/www.accuratereviews.com\/it\/wp-json\/wp\/v2\/types\/page"}],"author":[{"embeddable":true,"href":"https:\/\/www.accuratereviews.com\/it\/wp-json\/wp\/v2\/users\/17"}],"replies":[{"embeddable":true,"href":"https:\/\/www.accuratereviews.com\/it\/wp-json\/wp\/v2\/comments?post=21149"}],"version-history":[{"count":7,"href":"https:\/\/www.accuratereviews.com\/it\/wp-json\/wp\/v2\/pages\/21149\/revisions"}],"predecessor-version":[{"id":42920,"href":"https:\/\/www.accuratereviews.com\/it\/wp-json\/wp\/v2\/pages\/21149\/revisions\/42920"}],"up":[{"embeddable":true,"href":"https:\/\/www.accuratereviews.com\/it\/wp-json\/wp\/v2\/pages\/32646"}],"wp:featuredmedia":[{"embeddable":true,"href":"https:\/\/www.accuratereviews.com\/it\/wp-json\/wp\/v2\/media\/21172"}],"wp:attachment":[{"href":"https:\/\/www.accuratereviews.com\/it\/wp-json\/wp\/v2\/media?parent=21149"}],"wp:term":[{"taxonomy":"category","embeddable":true,"href":"https:\/\/www.accuratereviews.com\/it\/wp-json\/wp\/v2\/categories?post=21149"},{"taxonomy":"post_tag","embeddable":true,"href":"https:\/\/www.accuratereviews.com\/it\/wp-json\/wp\/v2\/tags?post=21149"},{"taxonomy":"features","embeddable":true,"href":"https:\/\/www.accuratereviews.com\/it\/wp-json\/wp\/v2\/features?post=21149"}],"curies":[{"name":"wp","href":"https:\/\/api.w.org\/{rel}","templated":true}]}}