{"id":21178,"date":"2019-12-12T15:19:28","date_gmt":"2019-12-12T15:19:28","guid":{"rendered":"https:\/\/www.accuratereviews.com\/?page_id=21178"},"modified":"2021-05-27T12:56:54","modified_gmt":"2021-05-27T12:56:54","slug":"sap-business-objects-recensione","status":"publish","type":"page","link":"https:\/\/www.accuratereviews.com\/it\/business-intelligence\/sap-business-objects-recensione\/","title":{"rendered":"SAP Business Objects"},"content":{"rendered":"<p><strong>SAP Business Objects<\/strong> \u00e8 una piattaforma online di<strong> business intelligence<\/strong>, disponibile anche sui dispositivi iOS e Android, che supporta la tua crescita aziendale. Infatti ti aiuta a <strong>ottimizzare le prestazioni aziendali<\/strong> riuscendo a unire in unico posto tutte le informazioni e i dati che provengono da diverse fonti. Grazie a quest&#8217;architettura flessibile e all&#8217;utilizzo di <strong>strumenti di business intelligence completi<\/strong>, puoi trasformare i tuoi dati in informazioni utili e consegnarli alle persone che ne hanno bisogno in tempo reale. Dispone anche di una serie di applicazioni di<strong> creazione report e analisi<\/strong> che ti permettono di prendere decisioni migliori e di far crescere la tua azienda.<\/p>\n<h2>COME FUNZIONA SAP BUSINESS OBJECTS &#8211; TUTORIAL<\/h2>\n<p>Guardiamo insieme questo video per capire qualcosa di pi\u00f9 al riguardo:<\/p>\n<div id=\"fluid-wrapper-counter-1\" class=\"g1-fluid-wrapper \" style=\"width:686px;\">\n<div style=\"padding-bottom:56.268221574344%;\"><iframe loading=\"lazy\" title=\"SAP BusinessObjects Business Intelligence Suite Introduction\" width=\"686\" height=\"386\" src=\"https:\/\/www.youtube.com\/embed\/yenJ_4LCCwk?feature=oembed&amp;wmode=transparent&amp;autohide=1&amp;autoplay=0&amp;disablekb=0&amp;fs=1&amp;loop=0&amp;enablejsapi=1&amp;rel=0&amp;controls=2&amp;showinfo=0&amp;wmode=transparent&amp;autohide=2&amp;autoplay=0&amp;disablekb=0&amp;fs=1&amp;loop=0&amp;enablejsapi=1&amp;rel=0&amp;controls=2&amp;showinfo=1\" frameborder=\"0\" allow=\"accelerometer; autoplay; encrypted-media; gyroscope; picture-in-picture\" allowfullscreen><\/iframe><\/div>\n<\/div>\n<h3>SAP BUSINESS OBJECTS &#8211; CARATTERISTICHE<\/h3>\n<p>Diamo un&#8217;occhiata alle sue caratteristiche principali:<\/p>\n<p><strong>Sistema di reporting aziendale<\/strong>: utilizza questo strumento per guidare la tua strategia di business intelligence generale<br \/>\n<strong>Strumenti di analisi<\/strong>: consentire agli utenti aziendali di comprendere tendenze e cause alla radice con query ad hoc e report BI<br \/>\n<strong>Visualizzazione dei dati<\/strong>: crea visualizzazioni, dashboard e applicazioni di grande impatto per valutare i rischi, migliorare l&#8217;efficienza e identificare le opportunit\u00e0<br \/>\n<strong>Condivisione interaziendale<\/strong>: utilizza la funzionalit\u00e0 di condivisione per comunicare approfondimenti con i colleghi e supportare il processo decisionale all&#8217;interno della tua organizzazione<br \/>\n<strong>Integrazione di Office<\/strong>: utilizzare le capacit\u00e0 di analisi dei dati multidimensionali per filtrare e manipolare i dati e identificare tendenze e valori anomali<br \/>\n<strong>Analisi in tempo reale<\/strong>: connettiti con SAP Business Warehouse e SAP HANA per potenziare l&#8217;analisi in tempo reale<br \/>\n<strong>Analisi dei dati su larga scala<\/strong>: analizza set di dati di grandi dimensioni per scoprire approfondimenti aziendali e prevedere i driver di business utilizzando Microsoft Excel<br \/>\n<strong>Analisi integrata in Microsoft PowerPoint<\/strong>: condividi le scoperte incorporando le informazioni di analisi dei dati nelle presentazioni di Microsoft PowerPoint.<\/p>\n<h3>LE RECENSIONI DEGLI UTENTI<\/h3>\n<ul>\n<li><strong>&#8220;Recensione generale dell&#8217;oggetto business Sap&#8221;<\/strong><br \/>\nPRO: Sap business object \u00e8 molto facile da usare per l&#8217;utente finale. Ci sono alcuni strumenti molto utili e facili da usare che possono essere gestiti da utenti finali come web intelligence, explorer, lumira ecc. In altre estremit\u00e0, ci sono altre funzionalit\u00e0 e strumenti come dashboard, studio di progettazione, strumento di progettazione delle informazioni. L&#8217;oggetto business Sap \u00e8 indipendente dalla piattaforma e robusto. Ci sono grandi funzionalit\u00e0 di drill down, destinatario dinamico, ricevente aziendale.<br \/>\nCONTRO: per creare l&#8217;universo bisogna conoscere il database e query.<\/li>\n<li><strong>&#8220;Il pi\u00f9 grande investimento aziendale&#8221;<\/strong><br \/>\nIN GENERALE: ho usato pi\u00f9 sezioni di SAP e mi sono davvero goduto il modo in cui ciascuna sezione funziona in modo cos\u00ec fluido con le altre. Ha il vantaggio aggiuntivo per le aziende globali che sono in grado di collegare anche tutte le attivit\u00e0.<br \/>\nPRO: una volta implementato per l&#8217;intera azienda, integra perfettamente ogni aspetto. La capacit\u00e0 di collegare ogni parte dell&#8217;azienda \u00e8 preziosa. Dalla gestione delle risorse umane alla logistica fino alla produzione, si realizza la gestione dei risparmi sui costi di magazzino.<br \/>\nCONTRO: L&#8217;implementazione pu\u00f2 essere complicata se le persone che la istituiscono non impiegano il tempo per imparare il business da un&#8217;estremit\u00e0 all&#8217;altra. Ci vuole un team che lavora per sviluppare un sistema completamente funzionale.<\/li>\n<li><strong>&#8220;Suite potente per tutte le esigenze di BI&#8221;<\/strong><br \/>\nPRO: La parte migliore di SAP Business Objects \u00e8 la sua potente suite di strumenti. \u00c8 possibile eseguire Analysis per Office per molti utenti finali e sono in grado di fornire autonomamente tutto ci\u00f2 di cui hanno bisogno. Puoi creare potenti storyboard con Lumira. \u00c8 inoltre possibile creare report formattati standardizzati con Crystal Reports.<br \/>\nCONTRO: Alcuni dei programmi non sono ancora cos\u00ec privi di bug come ci si aspetterebbe da un fornitore come SAP. Sento che abbiamo ancora troppi blocchi, arresti anomali e comportamenti inspiegabili. Tuttavia, dir\u00f2 che SAP \u00e8 molto veloce nel rispondere e sono un ottimo fornitore con cui lavorare.<\/li>\n<\/ul>\n","protected":false},"excerpt":{"rendered":"<p>SAP Business Objects \u00e8 una piattaforma online di business intelligence, disponibile anche sui dispositivi iOS e Android, che supporta la tua crescita aziendale. Infatti ti aiuta a ottimizzare le prestazioni aziendali riuscendo a unire in unico posto tutte le informazioni e i dati che provengono da diverse fonti.<\/p>\n","protected":false},"author":17,"featured_media":21179,"parent":32646,"menu_order":0,"comment_status":"open","ping_status":"closed","template":"g1_template_page_review_new.php","meta":{"_acf_changed":false,"cwp_meta_box_check":"Yes","cwp_rev_product_name":"","cwp_rev_product_image":"","wppr_links":[],"cwp_rev_price":"","wppr_options":[],"wppr_pros":[],"wppr_cons":[],"_monsterinsights_skip_tracking":false,"_monsterinsights_sitenote_active":false,"_monsterinsights_sitenote_note":"","_monsterinsights_sitenote_category":0,"footnotes":""},"categories":[1555],"tags":[1561,1565,1564,1521],"features":[],"class_list":{"0":"post-21178","1":"page","2":"type-page","3":"status-publish","4":"has-post-thumbnail","6":"category-business-intelligence-it","7":"tag-bi","8":"tag-business-intelligence","9":"tag-business-intelligence-software","10":"tag-piattaforma-di-business-intelligence"},"wppr_data":{"cwp_meta_box_check":"Yes","cwp_rev_product_name":"","cwp_rev_product_image":"","cwp_image_link":"image","cwp_rev_price":"","wppr_rating":"0.00"},"acf":[],"yoast_head":"<!-- This site is optimized with the Yoast SEO plugin v27.4 - https:\/\/yoast.com\/product\/yoast-seo-wordpress\/ -->\n<title>SAP Business Objects: recensione - Accurate Reviews<\/title>\n<meta name=\"description\" content=\"SAP Business Objects: recensione della piattaforma online di business intelligence che supporta la tua crescita aziendale.\" \/>\n<meta name=\"robots\" content=\"index, follow, max-snippet:-1, max-image-preview:large, max-video-preview:-1\" \/>\n<link rel=\"canonical\" href=\"https:\/\/www.accuratereviews.com\/it\/business-intelligence\/sap-business-objects-recensione\/\" \/>\n<meta property=\"og:locale\" content=\"it_IT\" \/>\n<meta property=\"og:type\" content=\"article\" \/>\n<meta property=\"og:title\" content=\"SAP Business Objects: recensione - Accurate Reviews\" \/>\n<meta property=\"og:description\" content=\"SAP Business Objects: recensione della piattaforma online di business intelligence che supporta la tua crescita aziendale.\" \/>\n<meta property=\"og:url\" content=\"https:\/\/www.accuratereviews.com\/it\/business-intelligence\/sap-business-objects-recensione\/\" \/>\n<meta property=\"og:site_name\" content=\"Accurate Reviews\" \/>\n<meta property=\"article:modified_time\" content=\"2021-05-27T12:56:54+00:00\" \/>\n<meta property=\"og:image\" content=\"https:\/\/www.accuratereviews.com\/wp-content\/uploads\/2019\/12\/download-1.jpg\" \/>\n\t<meta property=\"og:image:width\" content=\"214\" \/>\n\t<meta property=\"og:image:height\" content=\"235\" \/>\n\t<meta property=\"og:image:type\" content=\"image\/jpeg\" \/>\n<meta name=\"twitter:card\" content=\"summary_large_image\" \/>\n<meta name=\"twitter:label1\" content=\"Tempo di lettura stimato\" \/>\n\t<meta name=\"twitter:data1\" content=\"3 minuti\" \/>\n<script type=\"application\/ld+json\" class=\"yoast-schema-graph\">{\"@context\":\"https:\\\/\\\/schema.org\",\"@graph\":[{\"@type\":\"WebPage\",\"@id\":\"https:\\\/\\\/www.accuratereviews.com\\\/it\\\/business-intelligence\\\/sap-business-objects-recensione\\\/\",\"url\":\"https:\\\/\\\/www.accuratereviews.com\\\/it\\\/business-intelligence\\\/sap-business-objects-recensione\\\/\",\"name\":\"SAP Business Objects: recensione - Accurate Reviews\",\"isPartOf\":{\"@id\":\"https:\\\/\\\/www.accuratereviews.com\\\/it\\\/#website\"},\"primaryImageOfPage\":{\"@id\":\"https:\\\/\\\/www.accuratereviews.com\\\/it\\\/business-intelligence\\\/sap-business-objects-recensione\\\/#primaryimage\"},\"image\":{\"@id\":\"https:\\\/\\\/www.accuratereviews.com\\\/it\\\/business-intelligence\\\/sap-business-objects-recensione\\\/#primaryimage\"},\"thumbnailUrl\":\"https:\\\/\\\/www.accuratereviews.com\\\/wp-content\\\/uploads\\\/2019\\\/12\\\/download-1.jpg\",\"datePublished\":\"2019-12-12T15:19:28+00:00\",\"dateModified\":\"2021-05-27T12:56:54+00:00\",\"description\":\"SAP Business Objects: recensione della piattaforma online di business intelligence che supporta la tua crescita aziendale.\",\"breadcrumb\":{\"@id\":\"https:\\\/\\\/www.accuratereviews.com\\\/it\\\/business-intelligence\\\/sap-business-objects-recensione\\\/#breadcrumb\"},\"inLanguage\":\"it-IT\",\"potentialAction\":[{\"@type\":\"ReadAction\",\"target\":[\"https:\\\/\\\/www.accuratereviews.com\\\/it\\\/business-intelligence\\\/sap-business-objects-recensione\\\/\"]}]},{\"@type\":\"ImageObject\",\"inLanguage\":\"it-IT\",\"@id\":\"https:\\\/\\\/www.accuratereviews.com\\\/it\\\/business-intelligence\\\/sap-business-objects-recensione\\\/#primaryimage\",\"url\":\"https:\\\/\\\/www.accuratereviews.com\\\/wp-content\\\/uploads\\\/2019\\\/12\\\/download-1.jpg\",\"contentUrl\":\"https:\\\/\\\/www.accuratereviews.com\\\/wp-content\\\/uploads\\\/2019\\\/12\\\/download-1.jpg\",\"width\":214,\"height\":235},{\"@type\":\"BreadcrumbList\",\"@id\":\"https:\\\/\\\/www.accuratereviews.com\\\/it\\\/business-intelligence\\\/sap-business-objects-recensione\\\/#breadcrumb\",\"itemListElement\":[{\"@type\":\"ListItem\",\"position\":1,\"name\":\"Home\",\"item\":\"https:\\\/\\\/www.accuratereviews.com\\\/it\\\/\"},{\"@type\":\"ListItem\",\"position\":2,\"name\":\"Business intelligence\",\"item\":\"https:\\\/\\\/www.accuratereviews.com\\\/it\\\/business-intelligence\\\/\"},{\"@type\":\"ListItem\",\"position\":3,\"name\":\"SAP Business Objects\"}]},{\"@type\":\"WebSite\",\"@id\":\"https:\\\/\\\/www.accuratereviews.com\\\/it\\\/#website\",\"url\":\"https:\\\/\\\/www.accuratereviews.com\\\/it\\\/\",\"name\":\"Accurate Reviews\",\"description\":\"\",\"potentialAction\":[{\"@type\":\"SearchAction\",\"target\":{\"@type\":\"EntryPoint\",\"urlTemplate\":\"https:\\\/\\\/www.accuratereviews.com\\\/it\\\/?s={search_term_string}\"},\"query-input\":{\"@type\":\"PropertyValueSpecification\",\"valueRequired\":true,\"valueName\":\"search_term_string\"}}],\"inLanguage\":\"it-IT\"}]}<\/script>\n<!-- \/ Yoast SEO plugin. -->","yoast_head_json":{"title":"SAP Business Objects: recensione - Accurate Reviews","description":"SAP Business Objects: recensione della piattaforma online di business intelligence che supporta la tua crescita aziendale.","robots":{"index":"index","follow":"follow","max-snippet":"max-snippet:-1","max-image-preview":"max-image-preview:large","max-video-preview":"max-video-preview:-1"},"canonical":"https:\/\/www.accuratereviews.com\/it\/business-intelligence\/sap-business-objects-recensione\/","og_locale":"it_IT","og_type":"article","og_title":"SAP Business Objects: recensione - Accurate Reviews","og_description":"SAP Business Objects: recensione della piattaforma online di business intelligence che supporta la tua crescita aziendale.","og_url":"https:\/\/www.accuratereviews.com\/it\/business-intelligence\/sap-business-objects-recensione\/","og_site_name":"Accurate Reviews","article_modified_time":"2021-05-27T12:56:54+00:00","og_image":[{"width":214,"height":235,"url":"https:\/\/www.accuratereviews.com\/wp-content\/uploads\/2019\/12\/download-1.jpg","type":"image\/jpeg"}],"twitter_card":"summary_large_image","twitter_misc":{"Tempo di lettura stimato":"3 minuti"},"schema":{"@context":"https:\/\/schema.org","@graph":[{"@type":"WebPage","@id":"https:\/\/www.accuratereviews.com\/it\/business-intelligence\/sap-business-objects-recensione\/","url":"https:\/\/www.accuratereviews.com\/it\/business-intelligence\/sap-business-objects-recensione\/","name":"SAP Business Objects: recensione - Accurate Reviews","isPartOf":{"@id":"https:\/\/www.accuratereviews.com\/it\/#website"},"primaryImageOfPage":{"@id":"https:\/\/www.accuratereviews.com\/it\/business-intelligence\/sap-business-objects-recensione\/#primaryimage"},"image":{"@id":"https:\/\/www.accuratereviews.com\/it\/business-intelligence\/sap-business-objects-recensione\/#primaryimage"},"thumbnailUrl":"https:\/\/www.accuratereviews.com\/wp-content\/uploads\/2019\/12\/download-1.jpg","datePublished":"2019-12-12T15:19:28+00:00","dateModified":"2021-05-27T12:56:54+00:00","description":"SAP Business Objects: recensione della piattaforma online di business intelligence che supporta la tua crescita aziendale.","breadcrumb":{"@id":"https:\/\/www.accuratereviews.com\/it\/business-intelligence\/sap-business-objects-recensione\/#breadcrumb"},"inLanguage":"it-IT","potentialAction":[{"@type":"ReadAction","target":["https:\/\/www.accuratereviews.com\/it\/business-intelligence\/sap-business-objects-recensione\/"]}]},{"@type":"ImageObject","inLanguage":"it-IT","@id":"https:\/\/www.accuratereviews.com\/it\/business-intelligence\/sap-business-objects-recensione\/#primaryimage","url":"https:\/\/www.accuratereviews.com\/wp-content\/uploads\/2019\/12\/download-1.jpg","contentUrl":"https:\/\/www.accuratereviews.com\/wp-content\/uploads\/2019\/12\/download-1.jpg","width":214,"height":235},{"@type":"BreadcrumbList","@id":"https:\/\/www.accuratereviews.com\/it\/business-intelligence\/sap-business-objects-recensione\/#breadcrumb","itemListElement":[{"@type":"ListItem","position":1,"name":"Home","item":"https:\/\/www.accuratereviews.com\/it\/"},{"@type":"ListItem","position":2,"name":"Business intelligence","item":"https:\/\/www.accuratereviews.com\/it\/business-intelligence\/"},{"@type":"ListItem","position":3,"name":"SAP Business Objects"}]},{"@type":"WebSite","@id":"https:\/\/www.accuratereviews.com\/it\/#website","url":"https:\/\/www.accuratereviews.com\/it\/","name":"Accurate Reviews","description":"","potentialAction":[{"@type":"SearchAction","target":{"@type":"EntryPoint","urlTemplate":"https:\/\/www.accuratereviews.com\/it\/?s={search_term_string}"},"query-input":{"@type":"PropertyValueSpecification","valueRequired":true,"valueName":"search_term_string"}}],"inLanguage":"it-IT"}]}},"_links":{"self":[{"href":"https:\/\/www.accuratereviews.com\/it\/wp-json\/wp\/v2\/pages\/21178","targetHints":{"allow":["GET"]}}],"collection":[{"href":"https:\/\/www.accuratereviews.com\/it\/wp-json\/wp\/v2\/pages"}],"about":[{"href":"https:\/\/www.accuratereviews.com\/it\/wp-json\/wp\/v2\/types\/page"}],"author":[{"embeddable":true,"href":"https:\/\/www.accuratereviews.com\/it\/wp-json\/wp\/v2\/users\/17"}],"replies":[{"embeddable":true,"href":"https:\/\/www.accuratereviews.com\/it\/wp-json\/wp\/v2\/comments?post=21178"}],"version-history":[{"count":3,"href":"https:\/\/www.accuratereviews.com\/it\/wp-json\/wp\/v2\/pages\/21178\/revisions"}],"predecessor-version":[{"id":43423,"href":"https:\/\/www.accuratereviews.com\/it\/wp-json\/wp\/v2\/pages\/21178\/revisions\/43423"}],"up":[{"embeddable":true,"href":"https:\/\/www.accuratereviews.com\/it\/wp-json\/wp\/v2\/pages\/32646"}],"wp:featuredmedia":[{"embeddable":true,"href":"https:\/\/www.accuratereviews.com\/it\/wp-json\/wp\/v2\/media\/21179"}],"wp:attachment":[{"href":"https:\/\/www.accuratereviews.com\/it\/wp-json\/wp\/v2\/media?parent=21178"}],"wp:term":[{"taxonomy":"category","embeddable":true,"href":"https:\/\/www.accuratereviews.com\/it\/wp-json\/wp\/v2\/categories?post=21178"},{"taxonomy":"post_tag","embeddable":true,"href":"https:\/\/www.accuratereviews.com\/it\/wp-json\/wp\/v2\/tags?post=21178"},{"taxonomy":"features","embeddable":true,"href":"https:\/\/www.accuratereviews.com\/it\/wp-json\/wp\/v2\/features?post=21178"}],"curies":[{"name":"wp","href":"https:\/\/api.w.org\/{rel}","templated":true}]}}