{"id":21192,"date":"2019-12-17T16:13:35","date_gmt":"2019-12-17T16:13:35","guid":{"rendered":"https:\/\/www.accuratereviews.com\/?page_id=21192"},"modified":"2019-12-17T16:13:35","modified_gmt":"2019-12-17T16:13:35","slug":"aomei-partition-assistant-recensione","status":"publish","type":"page","link":"https:\/\/www.accuratereviews.com\/it\/software-di-gestione-disco-lista\/aomei-partition-assistant-recensione\/","title":{"rendered":"AOMEI Partition Assistant"},"content":{"rendered":"<h2>Partition Manager AOMEI Partition Assistant per ottimizzare il tuo sistema<\/h2>\n<p>Cos&#8217;\u00e8 il <a href=\"https:\/\/it.wikipedia.org\/wiki\/Partizione_(informatica)\" target=\"_blank\" rel=\"noopener noreferrer\">software di partizionamento<\/a>? Potresti conoscere o utilizzare gi\u00e0 Gestione disco in Windows. S\u00ec, il programma di gestione del disco \u00e8 un software di partizione incorporato su questo sistema operativo, che ti aiuter\u00e0 a creare una nuova partizione, estenderla e cos\u00ec via. Esistono anche altri programmi di questo tipo sul mercato, creati da aziende di terze parti, poich\u00e9 la funzione integrata di Windows non \u00e8 perfetta e ha molti limiti. Ad esempio, non pu\u00f2 espandere la partizione di sistema, non pu\u00f2 spostarla, ecc. La partizione eseguita con software di terze parti permette funzioni professionali nel campo della partizione e della gestione del disco. Le loro funzioni espandono i limiti del software integrato in Windows e hanno anche molte pi\u00f9 funzionalit\u00e0.<\/p>\n<p><strong>AOMEI Partition Assistant<\/strong> \u00e8 uno tra i pi\u00f9 famosi prodotti per la partizione del disco. Pu\u00f2 sostituire totalmente la gestione da parte del sistema operativo Windows. Inoltre, questo programma ha funzioni per proteggere i tuoi dati, come copia partizione e copia disco.<\/p>\n<p><strong>AOMEI Partition Assistant<\/strong> pu\u00f2 eseguire molte operazioni liberamente. Ad esempio, estendi la partizione di sistema. Con il passare del tempo, la velocit\u00e0 del computer diventer\u00e0 sempre pi\u00f9 lenta, il volume del disco diventer\u00e0 sempre pi\u00f9 piccolo, in particolare l&#8217;unit\u00e0 di sistema. Alcuni computer visualizzano anche avvisi di spazio su disco insufficiente. Eliminare i file e pulire i file inutili non pu\u00f2 risolvere il problema, estendere la partizione potrebbe aiutarti molto. Il programma di gestione del disco di Windows non pu\u00f2 estendere direttamente la partizione di sistema se non vi \u00e8 spazio non allocato vicino ad esso, \u00e8 necessario eseguire molte altre attivit\u00e0 prima di risolverlo. Al contrario, AOMEI Partition Assistant potrebbe estendere la partizione di sistema direttamente con pochi passaggi e non causer\u00e0 la perdita di dati.<\/p>\n<p><a href=\"https:\/\/www.accuratereviews.com\/wp-content\/uploads\/2019\/12\/AOMEI-1.png\"><img loading=\"lazy\" decoding=\"async\" class=\"size-full wp-image-21201 aligncenter\" src=\"https:\/\/www.accuratereviews.com\/wp-content\/uploads\/2019\/12\/AOMEI-1.png\" alt=\"\" width=\"862\" height=\"583\" srcset=\"https:\/\/www.accuratereviews.com\/wp-content\/uploads\/2019\/12\/AOMEI-1.png 862w, https:\/\/www.accuratereviews.com\/wp-content\/uploads\/2019\/12\/AOMEI-1-300x203.png 300w, https:\/\/www.accuratereviews.com\/wp-content\/uploads\/2019\/12\/AOMEI-1-768x519.png 768w, https:\/\/www.accuratereviews.com\/wp-content\/uploads\/2019\/12\/AOMEI-1-185x125.png 185w, https:\/\/www.accuratereviews.com\/wp-content\/uploads\/2019\/12\/AOMEI-1-50x34.png 50w, https:\/\/www.accuratereviews.com\/wp-content\/uploads\/2019\/12\/AOMEI-1-636x430.png 636w, https:\/\/www.accuratereviews.com\/wp-content\/uploads\/2019\/12\/AOMEI-1-320x216.png 320w, https:\/\/www.accuratereviews.com\/wp-content\/uploads\/2019\/12\/AOMEI-1-239x162.png 239w\" sizes=\"auto, (max-width: 862px) 100vw, 862px\" \/><\/a><\/p>\n<p>Il primo passo ha due scelte, partizione di sistema o partizione non di sistema, scegliamo l&#8217;impostazione predefinita Estendi la partizione di sistema corrente per continuare. Di solito, la partizione di sistema \u00e8 C: unit\u00e0, <strong>AOMEI Partition Assistant<\/strong> potrebbe rilevarla correttamente. Il passaggio successivo \u00e8 una finestra di conferma, \u00e8 possibile selezionare la modalit\u00e0 automatica per l&#8217;estensione di una partizione.<\/p>\n<p><a href=\"https:\/\/www.accuratereviews.com\/wp-content\/uploads\/2019\/12\/ao2.png\"><img loading=\"lazy\" decoding=\"async\" class=\"size-full wp-image-21204 aligncenter\" src=\"https:\/\/www.accuratereviews.com\/wp-content\/uploads\/2019\/12\/ao2.png\" alt=\"\" width=\"864\" height=\"647\" srcset=\"https:\/\/www.accuratereviews.com\/wp-content\/uploads\/2019\/12\/ao2.png 864w, https:\/\/www.accuratereviews.com\/wp-content\/uploads\/2019\/12\/ao2-300x225.png 300w, https:\/\/www.accuratereviews.com\/wp-content\/uploads\/2019\/12\/ao2-768x575.png 768w, https:\/\/www.accuratereviews.com\/wp-content\/uploads\/2019\/12\/ao2-167x125.png 167w, https:\/\/www.accuratereviews.com\/wp-content\/uploads\/2019\/12\/ao2-50x37.png 50w, https:\/\/www.accuratereviews.com\/wp-content\/uploads\/2019\/12\/ao2-636x476.png 636w, https:\/\/www.accuratereviews.com\/wp-content\/uploads\/2019\/12\/ao2-320x240.png 320w, https:\/\/www.accuratereviews.com\/wp-content\/uploads\/2019\/12\/ao2-239x179.png 239w\" sizes=\"auto, (max-width: 864px) 100vw, 864px\" \/><\/a><\/p>\n<p>Il terzo passo \u00e8 selezionare una o pi\u00f9 partizioni da cui si desidera prendere lo spazio libero.<\/p>\n<p>Il quarto passo \u00e8 decidere la nuova dimensione della partizione, dove \u00e8 possibile inserire il valore o trascinare il mouse per estenderlo.<\/p>\n<p>Il quinto e ultimo passaggio mostra le modifiche prima di eseguire l&#8217;attivit\u00e0. Se ritieni che sia OK, fai clic su procedi. Aspettala fine del processo e potrai ottenere la partizione di sistema aumentata.<\/p>\n<p><a href=\"https:\/\/www.accuratereviews.com\/wp-content\/uploads\/2019\/12\/ao3.png\"><img loading=\"lazy\" decoding=\"async\" class=\"size-full wp-image-21207 aligncenter\" src=\"https:\/\/www.accuratereviews.com\/wp-content\/uploads\/2019\/12\/ao3.png\" alt=\"\" width=\"864\" height=\"645\" srcset=\"https:\/\/www.accuratereviews.com\/wp-content\/uploads\/2019\/12\/ao3.png 864w, https:\/\/www.accuratereviews.com\/wp-content\/uploads\/2019\/12\/ao3-300x224.png 300w, https:\/\/www.accuratereviews.com\/wp-content\/uploads\/2019\/12\/ao3-768x573.png 768w, https:\/\/www.accuratereviews.com\/wp-content\/uploads\/2019\/12\/ao3-167x125.png 167w, https:\/\/www.accuratereviews.com\/wp-content\/uploads\/2019\/12\/ao3-50x37.png 50w, https:\/\/www.accuratereviews.com\/wp-content\/uploads\/2019\/12\/ao3-636x475.png 636w, https:\/\/www.accuratereviews.com\/wp-content\/uploads\/2019\/12\/ao3-320x239.png 320w, https:\/\/www.accuratereviews.com\/wp-content\/uploads\/2019\/12\/ao3-239x178.png 239w\" sizes=\"auto, (max-width: 864px) 100vw, 864px\" \/><\/a><\/p>\n<p><strong>Estendere la partizione<\/strong> di sistema con l&#8217;aiuto di <strong>AOMEI Partition Assistant<\/strong> \u00e8 molto semplice. Con questo metodo non devi installare di nuovo il sistema. Se vuoi cambiare il disco, di solito \u00e8 per aggiornare dal vecchio HDD a SSD e la funzione copia disco sar\u00e0 un ottima soluzione. Se desideri solo trasferire il sistema operativo su un nuovo SSD, la funzione di migrazione del \u00a0sistema operativo su SSD \u00e8 un valido aiuto. Anche la migrazione del sistema operativo su SSD \u00e8 possibile, basta seguire la procedura guidata passo dopo passo per completare il tuo obiettivo.<\/p>\n<p><strong>AOMEI Partition Assistant<\/strong> \u00e8 un ottimo convertitore tra NTFS e FAT32, tra partizione primaria e logica, tra dinamico a base, converte da MBR a GPT e viceversa.<\/p>\n<p><strong>Crea supporto di avvio<\/strong>: quando il tuo computer non riesce ad avviarsi, in Windows, puoi utilizzare AOMEI Partition Assistant per creare un CD di avvio per correggere errori.<\/p>\n<p><strong>Windows to go Creator<\/strong>: puoi facilmente creare una USB avviabile con il file ISO \/ ESD di Windows 10\/8 \/ 8.1 \/ 7, quindi potrai portare ovunque la tua copia di <strong>Windows portatile<\/strong>.<\/p>\n<p><strong>Ricostruisci MBR<\/strong>: questa funzione ti aiuta a risolvere alcuni problemi come i messaggi di sistema mancante oppure di sistema non \u00e8 stato in grado di avviarsi. Utilizzare lo strumento di riparazione MBR per ricostruire l&#8217; MBR del disco in modo semplice e sicuro.<\/p>\n<p><strong>Cancellazione sicura SSD<\/strong>: cancella definitivamente i dati dall&#8217;SSD per migliorare le prestazioni dell&#8217;SSD o proteggere i tuoi dati in piena privacy dal recupero da parte di terzi.<\/p>\n<p><strong>Integrazione con Recovery Environment<\/strong>: gli utenti possono facilmente integrare AOMEI Partition Assistant nell&#8217;ambiente di ripristino integrato di Windows; quindi, \u00e8 possibile partizionare, eseguire il backup e ripristinare il computer nel sistema &#8220;R.E.&#8221;.<\/p>\n","protected":false},"excerpt":{"rendered":"<p>AOMEI Partition Assistant \u00e8 in grado di partizionare rapidamente ed eliminare tutte le partizioni, con questo strumento pratico e veloce, puoi risparmiare un sacco di tempo. AOMEI Partition Assistant supporta pi\u00f9 lingue: inglese, francese, tedesco, cinese, giapponese e molte altre.<\/p>\n","protected":false},"author":19,"featured_media":21194,"parent":6963,"menu_order":0,"comment_status":"open","ping_status":"closed","template":"g1_template_page_review_new.php","meta":{"_acf_changed":false,"cwp_meta_box_check":"No","cwp_rev_product_name":"","cwp_rev_product_image":"","wppr_links":[],"cwp_rev_price":"","wppr_options":[],"wppr_pros":[],"wppr_cons":[],"_monsterinsights_skip_tracking":false,"_monsterinsights_sitenote_active":false,"_monsterinsights_sitenote_note":"","_monsterinsights_sitenote_category":0,"footnotes":""},"categories":[157,781],"tags":[1593,1592,396,1589,1598,1599,1590,1591,1600],"features":[],"class_list":{"0":"post-21192","1":"page","2":"type-page","3":"status-publish","4":"has-post-thumbnail","6":"category-gestione-disco","7":"category-pulizia-disco","8":"tag-aomei-backupper","9":"tag-aomei-partition-assistant","10":"tag-cloud","11":"tag-partizione-disco","12":"tag-programma-partizione-disco","13":"tag-programma-partizione-disco-gratuita","14":"tag-software-partizione-disco","15":"tag-software-partizione-disco-gratuito","16":"tag-soluzione-partizione-disco-gratuito"},"wppr_data":{"cwp_meta_box_check":"No"},"acf":[],"yoast_head":"<!-- This site is optimized with the Yoast SEO plugin v27.4 - https:\/\/yoast.com\/product\/yoast-seo-wordpress\/ -->\n<title>Aomei Partition Assistant: recensione software partizione disco<\/title>\n<meta name=\"description\" content=\"AOMEI Partition Assistant: recensione software in grado di partizionare rapidamente ed eliminare tutte le partizioni risparmiando tempo.\" \/>\n<meta name=\"robots\" content=\"index, follow, max-snippet:-1, max-image-preview:large, max-video-preview:-1\" \/>\n<link rel=\"canonical\" href=\"https:\/\/www.accuratereviews.com\/it\/software-di-gestione-disco-lista\/aomei-partition-assistant-recensione\/\" \/>\n<meta property=\"og:locale\" content=\"it_IT\" \/>\n<meta property=\"og:type\" content=\"article\" \/>\n<meta property=\"og:title\" content=\"Aomei Partition Assistant: recensione software partizione disco\" \/>\n<meta property=\"og:description\" content=\"AOMEI Partition Assistant: recensione software in grado di partizionare rapidamente ed eliminare tutte le partizioni risparmiando tempo.\" \/>\n<meta property=\"og:url\" content=\"https:\/\/www.accuratereviews.com\/it\/software-di-gestione-disco-lista\/aomei-partition-assistant-recensione\/\" \/>\n<meta property=\"og:site_name\" content=\"Accurate Reviews\" \/>\n<meta property=\"og:image\" content=\"https:\/\/www.accuratereviews.com\/wp-content\/uploads\/2019\/12\/aoemi.jpg\" \/>\n\t<meta property=\"og:image:width\" content=\"777\" \/>\n\t<meta property=\"og:image:height\" content=\"437\" \/>\n\t<meta property=\"og:image:type\" content=\"image\/jpeg\" \/>\n<meta name=\"twitter:card\" content=\"summary_large_image\" \/>\n<meta name=\"twitter:label1\" content=\"Tempo di lettura stimato\" \/>\n\t<meta name=\"twitter:data1\" content=\"3 minuti\" \/>\n<script type=\"application\/ld+json\" class=\"yoast-schema-graph\">{\"@context\":\"https:\\\/\\\/schema.org\",\"@graph\":[{\"@type\":\"WebPage\",\"@id\":\"https:\\\/\\\/www.accuratereviews.com\\\/it\\\/software-di-gestione-disco-lista\\\/aomei-partition-assistant-recensione\\\/\",\"url\":\"https:\\\/\\\/www.accuratereviews.com\\\/it\\\/software-di-gestione-disco-lista\\\/aomei-partition-assistant-recensione\\\/\",\"name\":\"Aomei Partition Assistant: recensione software partizione disco\",\"isPartOf\":{\"@id\":\"https:\\\/\\\/www.accuratereviews.com\\\/it\\\/#website\"},\"primaryImageOfPage\":{\"@id\":\"https:\\\/\\\/www.accuratereviews.com\\\/it\\\/software-di-gestione-disco-lista\\\/aomei-partition-assistant-recensione\\\/#primaryimage\"},\"image\":{\"@id\":\"https:\\\/\\\/www.accuratereviews.com\\\/it\\\/software-di-gestione-disco-lista\\\/aomei-partition-assistant-recensione\\\/#primaryimage\"},\"thumbnailUrl\":\"https:\\\/\\\/www.accuratereviews.com\\\/wp-content\\\/uploads\\\/2019\\\/12\\\/aoemi.jpg\",\"datePublished\":\"2019-12-17T16:13:35+00:00\",\"description\":\"AOMEI Partition Assistant: recensione software in grado di partizionare rapidamente ed eliminare tutte le partizioni risparmiando tempo.\",\"breadcrumb\":{\"@id\":\"https:\\\/\\\/www.accuratereviews.com\\\/it\\\/software-di-gestione-disco-lista\\\/aomei-partition-assistant-recensione\\\/#breadcrumb\"},\"inLanguage\":\"it-IT\",\"potentialAction\":[{\"@type\":\"ReadAction\",\"target\":[\"https:\\\/\\\/www.accuratereviews.com\\\/it\\\/software-di-gestione-disco-lista\\\/aomei-partition-assistant-recensione\\\/\"]}]},{\"@type\":\"ImageObject\",\"inLanguage\":\"it-IT\",\"@id\":\"https:\\\/\\\/www.accuratereviews.com\\\/it\\\/software-di-gestione-disco-lista\\\/aomei-partition-assistant-recensione\\\/#primaryimage\",\"url\":\"https:\\\/\\\/www.accuratereviews.com\\\/wp-content\\\/uploads\\\/2019\\\/12\\\/aoemi.jpg\",\"contentUrl\":\"https:\\\/\\\/www.accuratereviews.com\\\/wp-content\\\/uploads\\\/2019\\\/12\\\/aoemi.jpg\",\"width\":777,\"height\":437},{\"@type\":\"BreadcrumbList\",\"@id\":\"https:\\\/\\\/www.accuratereviews.com\\\/it\\\/software-di-gestione-disco-lista\\\/aomei-partition-assistant-recensione\\\/#breadcrumb\",\"itemListElement\":[{\"@type\":\"ListItem\",\"position\":1,\"name\":\"Home\",\"item\":\"https:\\\/\\\/www.accuratereviews.com\\\/it\\\/\"},{\"@type\":\"ListItem\",\"position\":2,\"name\":\"Software di gestione disco\",\"item\":\"https:\\\/\\\/www.accuratereviews.com\\\/it\\\/software-di-gestione-disco-lista\\\/\"},{\"@type\":\"ListItem\",\"position\":3,\"name\":\"AOMEI Partition Assistant\"}]},{\"@type\":\"WebSite\",\"@id\":\"https:\\\/\\\/www.accuratereviews.com\\\/it\\\/#website\",\"url\":\"https:\\\/\\\/www.accuratereviews.com\\\/it\\\/\",\"name\":\"Accurate Reviews\",\"description\":\"\",\"potentialAction\":[{\"@type\":\"SearchAction\",\"target\":{\"@type\":\"EntryPoint\",\"urlTemplate\":\"https:\\\/\\\/www.accuratereviews.com\\\/it\\\/?s={search_term_string}\"},\"query-input\":{\"@type\":\"PropertyValueSpecification\",\"valueRequired\":true,\"valueName\":\"search_term_string\"}}],\"inLanguage\":\"it-IT\"}]}<\/script>\n<!-- \/ Yoast SEO plugin. -->","yoast_head_json":{"title":"Aomei Partition Assistant: recensione software partizione disco","description":"AOMEI Partition Assistant: recensione software in grado di partizionare rapidamente ed eliminare tutte le partizioni risparmiando tempo.","robots":{"index":"index","follow":"follow","max-snippet":"max-snippet:-1","max-image-preview":"max-image-preview:large","max-video-preview":"max-video-preview:-1"},"canonical":"https:\/\/www.accuratereviews.com\/it\/software-di-gestione-disco-lista\/aomei-partition-assistant-recensione\/","og_locale":"it_IT","og_type":"article","og_title":"Aomei Partition Assistant: recensione software partizione disco","og_description":"AOMEI Partition Assistant: recensione software in grado di partizionare rapidamente ed eliminare tutte le partizioni risparmiando tempo.","og_url":"https:\/\/www.accuratereviews.com\/it\/software-di-gestione-disco-lista\/aomei-partition-assistant-recensione\/","og_site_name":"Accurate Reviews","og_image":[{"width":777,"height":437,"url":"https:\/\/www.accuratereviews.com\/wp-content\/uploads\/2019\/12\/aoemi.jpg","type":"image\/jpeg"}],"twitter_card":"summary_large_image","twitter_misc":{"Tempo di lettura stimato":"3 minuti"},"schema":{"@context":"https:\/\/schema.org","@graph":[{"@type":"WebPage","@id":"https:\/\/www.accuratereviews.com\/it\/software-di-gestione-disco-lista\/aomei-partition-assistant-recensione\/","url":"https:\/\/www.accuratereviews.com\/it\/software-di-gestione-disco-lista\/aomei-partition-assistant-recensione\/","name":"Aomei Partition Assistant: recensione software partizione disco","isPartOf":{"@id":"https:\/\/www.accuratereviews.com\/it\/#website"},"primaryImageOfPage":{"@id":"https:\/\/www.accuratereviews.com\/it\/software-di-gestione-disco-lista\/aomei-partition-assistant-recensione\/#primaryimage"},"image":{"@id":"https:\/\/www.accuratereviews.com\/it\/software-di-gestione-disco-lista\/aomei-partition-assistant-recensione\/#primaryimage"},"thumbnailUrl":"https:\/\/www.accuratereviews.com\/wp-content\/uploads\/2019\/12\/aoemi.jpg","datePublished":"2019-12-17T16:13:35+00:00","description":"AOMEI Partition Assistant: recensione software in grado di partizionare rapidamente ed eliminare tutte le partizioni risparmiando tempo.","breadcrumb":{"@id":"https:\/\/www.accuratereviews.com\/it\/software-di-gestione-disco-lista\/aomei-partition-assistant-recensione\/#breadcrumb"},"inLanguage":"it-IT","potentialAction":[{"@type":"ReadAction","target":["https:\/\/www.accuratereviews.com\/it\/software-di-gestione-disco-lista\/aomei-partition-assistant-recensione\/"]}]},{"@type":"ImageObject","inLanguage":"it-IT","@id":"https:\/\/www.accuratereviews.com\/it\/software-di-gestione-disco-lista\/aomei-partition-assistant-recensione\/#primaryimage","url":"https:\/\/www.accuratereviews.com\/wp-content\/uploads\/2019\/12\/aoemi.jpg","contentUrl":"https:\/\/www.accuratereviews.com\/wp-content\/uploads\/2019\/12\/aoemi.jpg","width":777,"height":437},{"@type":"BreadcrumbList","@id":"https:\/\/www.accuratereviews.com\/it\/software-di-gestione-disco-lista\/aomei-partition-assistant-recensione\/#breadcrumb","itemListElement":[{"@type":"ListItem","position":1,"name":"Home","item":"https:\/\/www.accuratereviews.com\/it\/"},{"@type":"ListItem","position":2,"name":"Software di gestione disco","item":"https:\/\/www.accuratereviews.com\/it\/software-di-gestione-disco-lista\/"},{"@type":"ListItem","position":3,"name":"AOMEI Partition Assistant"}]},{"@type":"WebSite","@id":"https:\/\/www.accuratereviews.com\/it\/#website","url":"https:\/\/www.accuratereviews.com\/it\/","name":"Accurate Reviews","description":"","potentialAction":[{"@type":"SearchAction","target":{"@type":"EntryPoint","urlTemplate":"https:\/\/www.accuratereviews.com\/it\/?s={search_term_string}"},"query-input":{"@type":"PropertyValueSpecification","valueRequired":true,"valueName":"search_term_string"}}],"inLanguage":"it-IT"}]}},"_links":{"self":[{"href":"https:\/\/www.accuratereviews.com\/it\/wp-json\/wp\/v2\/pages\/21192","targetHints":{"allow":["GET"]}}],"collection":[{"href":"https:\/\/www.accuratereviews.com\/it\/wp-json\/wp\/v2\/pages"}],"about":[{"href":"https:\/\/www.accuratereviews.com\/it\/wp-json\/wp\/v2\/types\/page"}],"author":[{"embeddable":true,"href":"https:\/\/www.accuratereviews.com\/it\/wp-json\/wp\/v2\/users\/19"}],"replies":[{"embeddable":true,"href":"https:\/\/www.accuratereviews.com\/it\/wp-json\/wp\/v2\/comments?post=21192"}],"version-history":[{"count":12,"href":"https:\/\/www.accuratereviews.com\/it\/wp-json\/wp\/v2\/pages\/21192\/revisions"}],"predecessor-version":[{"id":21267,"href":"https:\/\/www.accuratereviews.com\/it\/wp-json\/wp\/v2\/pages\/21192\/revisions\/21267"}],"up":[{"embeddable":true,"href":"https:\/\/www.accuratereviews.com\/it\/wp-json\/wp\/v2\/pages\/6963"}],"wp:featuredmedia":[{"embeddable":true,"href":"https:\/\/www.accuratereviews.com\/it\/wp-json\/wp\/v2\/media\/21194"}],"wp:attachment":[{"href":"https:\/\/www.accuratereviews.com\/it\/wp-json\/wp\/v2\/media?parent=21192"}],"wp:term":[{"taxonomy":"category","embeddable":true,"href":"https:\/\/www.accuratereviews.com\/it\/wp-json\/wp\/v2\/categories?post=21192"},{"taxonomy":"post_tag","embeddable":true,"href":"https:\/\/www.accuratereviews.com\/it\/wp-json\/wp\/v2\/tags?post=21192"},{"taxonomy":"features","embeddable":true,"href":"https:\/\/www.accuratereviews.com\/it\/wp-json\/wp\/v2\/features?post=21192"}],"curies":[{"name":"wp","href":"https:\/\/api.w.org\/{rel}","templated":true}]}}