{"id":21216,"date":"2019-12-13T16:26:26","date_gmt":"2019-12-13T16:26:26","guid":{"rendered":"https:\/\/www.accuratereviews.com\/?page_id=21216"},"modified":"2021-05-18T14:11:28","modified_gmt":"2021-05-18T14:11:28","slug":"clicdata-recensione","status":"publish","type":"page","link":"https:\/\/www.accuratereviews.com\/it\/business-intelligence\/clicdata-recensione\/","title":{"rendered":"ClicData"},"content":{"rendered":"<p><strong>ClicData<\/strong> \u00e8 un<strong> software di business intelligence<\/strong> indirizzato principalmente a PMI e responsabili aziendali, che possono prendere decisioni pi\u00f9 intelligenti e anche in minor tempo. Si tratta di una piattaforma online, basata su <strong>Cloud<\/strong>, disponibile anche per i <strong>dispositivi iOS e Android<\/strong> e accessibile in ogni momento e da qualsiasi luogo. In questo modo potrai aumentare la redditivit\u00e0 del tuo team utilizzando questi <strong>strumenti di business intelligence<\/strong> che automatizzano tutte le operazioni aziendali che ti hanno sempre richiesto tempo e fatica. Oltre all&#8217;automazione, <strong>ClicData<\/strong> dispone anche di un data warehouse, di una dashboard designer e ti permette di elaborare, analizzare e gestire i dati in modo semplice e veloce.<\/p>\n<h2>COME UTILIZZARE CLICDATA &#8211; TUTORIAL<\/h2>\n<p>Diamo uno sguardo a questo video per comprendere qualcosa di pi\u00f9 al riguardo:<\/p>\n<div id=\"fluid-wrapper-counter-1\" class=\"g1-fluid-wrapper \" style=\"width:686px;\">\n<div style=\"padding-bottom:56.268221574344%;\"><iframe loading=\"lazy\" title=\"Quick Introduction to ClicData - i4 ClicData Tutorial\" width=\"686\" height=\"386\" src=\"https:\/\/www.youtube.com\/embed\/WYBU0xWkf6Q?feature=oembed&amp;wmode=transparent&amp;autohide=1&amp;autoplay=0&amp;disablekb=0&amp;fs=1&amp;loop=0&amp;enablejsapi=1&amp;rel=0&amp;controls=2&amp;showinfo=0&amp;wmode=transparent&amp;autohide=2&amp;autoplay=0&amp;disablekb=0&amp;fs=1&amp;loop=0&amp;enablejsapi=1&amp;rel=0&amp;controls=2&amp;showinfo=1\" frameborder=\"0\" allow=\"accelerometer; autoplay; encrypted-media; gyroscope; picture-in-picture\" allowfullscreen><\/iframe><\/div>\n<\/div>\n<h3>CLICDATA &#8211; CARATTERISTICHE<\/h3>\n<p>Di seguito elenchiamo le sue caratteristiche principali:<\/p>\n<ul>\n<li><strong>Accesso ai dati storici<\/strong>: grazie a questa funzione, potrai tornare indietro e confrontare i dati dopo ogni aggiornamento<\/li>\n<li><strong>Impostazione parametri<\/strong>: imposta parametri e accesso ai dati o alla dashboard<\/li>\n<li><strong>Avvisi sulle metriche chiave<\/strong>: rimani aggiornato sulla situazione e ricevi un avviso nel caso in cui le prestazioni superino o siano inferiori alle aspettative<\/li>\n<li><strong>Condivisione dei dati<\/strong>: invia i dati in tempo reale o attiva l&#8217;aggiornamento dei dati tramite l&#8217;interfaccia di programmazione dell&#8217;applicazione (API) REST<\/li>\n<li><strong>Visualizzazioni integrate in white label<\/strong><\/li>\n<li><strong>Piattaforma multilingue<\/strong>: disponibile in lingua . inglese, francese, tedesco, spagnolo e portoghese.<\/li>\n<\/ul>\n<h3>LE RECENSIONI DEGLI UTENTI<\/h3>\n<ul>\n<li><strong>&#8220;Buona segnalazione web che migliora sempre&#8221;<\/strong><br \/>\nIN GENERALE: Usiamo Clicdata da 3 anni e abbiamo visto la piattaforma evolversi davvero. Ci sono molti pi\u00f9 widget e connettori disponibili oggi, sono sempre stato in grado di visualizzare i dati nel formato\/metodo che volevo. Ogni interazione con il loro supporto clienti \u00e8 stata positiva.<br \/>\nPRO: I widget delle dashboard che puoi utilizzare per creare le dashboard sono completi e molto personalizzabili. Tutti i widget sembrano moderni e funzionano bene. Disponibili molti, molti connettori dati. L&#8217;assistenza clienti \u00e8 rapida e reattiva.<br \/>\nCONTRO: manca la documentazione. Pochissimi esempi di funzioni utilizzate nei widget. Questo \u00e8 in qualche modo alleviato dal servizio clienti reattivo, fai loro una domanda (la chat \u00e8 disponibile) e ti aiuteranno a fare tutto ci\u00f2 che stai cercando di fare. Preferirei una documentazione completa per ciascun widget e altri esempi di funzioni.<\/li>\n<li><strong>&#8220;Opinione ClicData&#8221;<\/strong><br \/>\nIN GENERALE: Nel complesso, penso che questo sia un ottimo software che uso quotidianamente.<br \/>\nPRO: Mi aiuta a mostrare le nostre metriche in modo molto grafico.<br \/>\nOgni dashboard \u00e8 unica e personalizzata per esigenze specifiche.<br \/>\nMi aiuta a tenere traccia dei KPI che mi interessano di pi\u00f9.<br \/>\nCONTRO: Non \u00e8 un utente amichevole, sar\u00e0 una buona idea caricare pi\u00f9 tutorial video.<br \/>\nPenso che siano necessari pi\u00f9 &#8220;plug-in&#8221; per estrarre dati da altri software, in questo momento l&#8217;elenco dei software per connettere i tuoi dati \u00e8 molto limitato.<br \/>\nA meno che tu non abbia un account aggiornato, l&#8217;assistenza clienti \u00e8 molto lenta, a volte ci vogliono giorni per ottenere una risposta.<\/li>\n<li><strong>&#8220;Strumento facile da creare per presentazioni di dashboard chiare e straordinarie&#8221;<\/strong><br \/>\nPRO: Funzionalit\u00e0 facili da usare e creazioni di dashboard, durante la creazione e la configurazione del dashboard, puoi averlo attivo e funzionante in pochissimo tempo<br \/>\nQuery builder: la possibilit\u00e0 di creare query con pi\u00f9 origini dati \u00e8 un&#8217;ottima aggiunta<br \/>\nCONTRO: funzionalit\u00e0 limitate: alcune funzionalit\u00e0 come grafici e tabelle possono essere troppo limitate nell&#8217;uso<br \/>\ni grafici e i componenti aggiuntivi possono essere una seccatura da creare, poich\u00e9 devi modificare i dati per creare il grafico come desideri invece di avere una procedura guidata che ti possa aiutare.<\/li>\n<\/ul>\n","protected":false},"excerpt":{"rendered":"<p>ClicData \u00e8 un software di business intelligence indirizzato principalmente a PMI e responsabili aziendali, che possono prendere decisioni pi\u00f9 intelligenti e anche in minor tempo. Si tratta di una piattaforma online, basata su Cloud, disponibile anche per i dispositivi iOS e Android e accessibile in ogni momento e da qualsiasi luogo.<\/p>\n","protected":false},"author":17,"featured_media":21217,"parent":32646,"menu_order":0,"comment_status":"open","ping_status":"closed","template":"g1_template_page_review_new.php","meta":{"_acf_changed":false,"cwp_meta_box_check":"Yes","cwp_rev_product_name":"","cwp_rev_product_image":"","wppr_links":[],"cwp_rev_price":"","wppr_options":[],"wppr_pros":[],"wppr_cons":[],"_monsterinsights_skip_tracking":false,"_monsterinsights_sitenote_active":false,"_monsterinsights_sitenote_note":"","_monsterinsights_sitenote_category":0,"footnotes":""},"categories":[1555],"tags":[1565,1564,1587,1560,1566],"features":[],"class_list":{"0":"post-21216","1":"page","2":"type-page","3":"status-publish","4":"has-post-thumbnail","6":"category-business-intelligence-it","7":"tag-business-intelligence","8":"tag-business-intelligence-software","9":"tag-clicdata","10":"tag-piattaforma-business-intelligence","11":"tag-programma-di-business-intelligence"},"wppr_data":{"cwp_meta_box_check":"Yes","cwp_rev_product_name":"","cwp_rev_product_image":"","cwp_image_link":"image","cwp_rev_price":"","wppr_rating":"0.00"},"acf":[],"yoast_head":"<!-- This site is optimized with the Yoast SEO plugin v27.4 - https:\/\/yoast.com\/product\/yoast-seo-wordpress\/ -->\n<title>ClicData: recensione software di business intelligence - Accurate Reviews<\/title>\n<meta name=\"description\" content=\"ClicData : recensione del software di business intelligence indirizzato principalmente a PMI e responsabili aziendali. Scopri di pi\u00f9.\" \/>\n<meta name=\"robots\" content=\"index, follow, max-snippet:-1, max-image-preview:large, max-video-preview:-1\" \/>\n<link rel=\"canonical\" href=\"https:\/\/www.accuratereviews.com\/it\/business-intelligence\/clicdata-recensione\/\" \/>\n<meta property=\"og:locale\" content=\"it_IT\" \/>\n<meta property=\"og:type\" content=\"article\" \/>\n<meta property=\"og:title\" content=\"ClicData: recensione software di business intelligence - Accurate Reviews\" \/>\n<meta property=\"og:description\" content=\"ClicData : recensione del software di business intelligence indirizzato principalmente a PMI e responsabili aziendali. Scopri di pi\u00f9.\" \/>\n<meta property=\"og:url\" content=\"https:\/\/www.accuratereviews.com\/it\/business-intelligence\/clicdata-recensione\/\" \/>\n<meta property=\"og:site_name\" content=\"Accurate Reviews\" \/>\n<meta property=\"article:modified_time\" content=\"2021-05-18T14:11:28+00:00\" \/>\n<meta property=\"og:image\" content=\"https:\/\/www.accuratereviews.com\/wp-content\/uploads\/2019\/12\/cropped-logowp1.jpg\" \/>\n\t<meta property=\"og:image:width\" content=\"1120\" \/>\n\t<meta property=\"og:image:height\" content=\"252\" \/>\n\t<meta property=\"og:image:type\" content=\"image\/jpeg\" \/>\n<meta name=\"twitter:card\" content=\"summary_large_image\" \/>\n<meta name=\"twitter:label1\" content=\"Tempo di lettura stimato\" \/>\n\t<meta name=\"twitter:data1\" content=\"3 minuti\" \/>\n<script type=\"application\/ld+json\" class=\"yoast-schema-graph\">{\"@context\":\"https:\\\/\\\/schema.org\",\"@graph\":[{\"@type\":\"WebPage\",\"@id\":\"https:\\\/\\\/www.accuratereviews.com\\\/it\\\/business-intelligence\\\/clicdata-recensione\\\/\",\"url\":\"https:\\\/\\\/www.accuratereviews.com\\\/it\\\/business-intelligence\\\/clicdata-recensione\\\/\",\"name\":\"ClicData: recensione software di business intelligence - Accurate Reviews\",\"isPartOf\":{\"@id\":\"https:\\\/\\\/www.accuratereviews.com\\\/it\\\/#website\"},\"primaryImageOfPage\":{\"@id\":\"https:\\\/\\\/www.accuratereviews.com\\\/it\\\/business-intelligence\\\/clicdata-recensione\\\/#primaryimage\"},\"image\":{\"@id\":\"https:\\\/\\\/www.accuratereviews.com\\\/it\\\/business-intelligence\\\/clicdata-recensione\\\/#primaryimage\"},\"thumbnailUrl\":\"https:\\\/\\\/www.accuratereviews.com\\\/wp-content\\\/uploads\\\/2019\\\/12\\\/cropped-logowp1.jpg\",\"datePublished\":\"2019-12-13T16:26:26+00:00\",\"dateModified\":\"2021-05-18T14:11:28+00:00\",\"description\":\"ClicData : recensione del software di business intelligence indirizzato principalmente a PMI e responsabili aziendali. Scopri di pi\u00f9.\",\"breadcrumb\":{\"@id\":\"https:\\\/\\\/www.accuratereviews.com\\\/it\\\/business-intelligence\\\/clicdata-recensione\\\/#breadcrumb\"},\"inLanguage\":\"it-IT\",\"potentialAction\":[{\"@type\":\"ReadAction\",\"target\":[\"https:\\\/\\\/www.accuratereviews.com\\\/it\\\/business-intelligence\\\/clicdata-recensione\\\/\"]}]},{\"@type\":\"ImageObject\",\"inLanguage\":\"it-IT\",\"@id\":\"https:\\\/\\\/www.accuratereviews.com\\\/it\\\/business-intelligence\\\/clicdata-recensione\\\/#primaryimage\",\"url\":\"https:\\\/\\\/www.accuratereviews.com\\\/wp-content\\\/uploads\\\/2019\\\/12\\\/cropped-logowp1.jpg\",\"contentUrl\":\"https:\\\/\\\/www.accuratereviews.com\\\/wp-content\\\/uploads\\\/2019\\\/12\\\/cropped-logowp1.jpg\",\"width\":1120,\"height\":252},{\"@type\":\"BreadcrumbList\",\"@id\":\"https:\\\/\\\/www.accuratereviews.com\\\/it\\\/business-intelligence\\\/clicdata-recensione\\\/#breadcrumb\",\"itemListElement\":[{\"@type\":\"ListItem\",\"position\":1,\"name\":\"Home\",\"item\":\"https:\\\/\\\/www.accuratereviews.com\\\/it\\\/\"},{\"@type\":\"ListItem\",\"position\":2,\"name\":\"Business intelligence\",\"item\":\"https:\\\/\\\/www.accuratereviews.com\\\/it\\\/business-intelligence\\\/\"},{\"@type\":\"ListItem\",\"position\":3,\"name\":\"ClicData\"}]},{\"@type\":\"WebSite\",\"@id\":\"https:\\\/\\\/www.accuratereviews.com\\\/it\\\/#website\",\"url\":\"https:\\\/\\\/www.accuratereviews.com\\\/it\\\/\",\"name\":\"Accurate Reviews\",\"description\":\"\",\"potentialAction\":[{\"@type\":\"SearchAction\",\"target\":{\"@type\":\"EntryPoint\",\"urlTemplate\":\"https:\\\/\\\/www.accuratereviews.com\\\/it\\\/?s={search_term_string}\"},\"query-input\":{\"@type\":\"PropertyValueSpecification\",\"valueRequired\":true,\"valueName\":\"search_term_string\"}}],\"inLanguage\":\"it-IT\"}]}<\/script>\n<!-- \/ Yoast SEO plugin. -->","yoast_head_json":{"title":"ClicData: recensione software di business intelligence - Accurate Reviews","description":"ClicData : recensione del software di business intelligence indirizzato principalmente a PMI e responsabili aziendali. Scopri di pi\u00f9.","robots":{"index":"index","follow":"follow","max-snippet":"max-snippet:-1","max-image-preview":"max-image-preview:large","max-video-preview":"max-video-preview:-1"},"canonical":"https:\/\/www.accuratereviews.com\/it\/business-intelligence\/clicdata-recensione\/","og_locale":"it_IT","og_type":"article","og_title":"ClicData: recensione software di business intelligence - Accurate Reviews","og_description":"ClicData : recensione del software di business intelligence indirizzato principalmente a PMI e responsabili aziendali. Scopri di pi\u00f9.","og_url":"https:\/\/www.accuratereviews.com\/it\/business-intelligence\/clicdata-recensione\/","og_site_name":"Accurate Reviews","article_modified_time":"2021-05-18T14:11:28+00:00","og_image":[{"width":1120,"height":252,"url":"https:\/\/www.accuratereviews.com\/wp-content\/uploads\/2019\/12\/cropped-logowp1.jpg","type":"image\/jpeg"}],"twitter_card":"summary_large_image","twitter_misc":{"Tempo di lettura stimato":"3 minuti"},"schema":{"@context":"https:\/\/schema.org","@graph":[{"@type":"WebPage","@id":"https:\/\/www.accuratereviews.com\/it\/business-intelligence\/clicdata-recensione\/","url":"https:\/\/www.accuratereviews.com\/it\/business-intelligence\/clicdata-recensione\/","name":"ClicData: recensione software di business intelligence - Accurate Reviews","isPartOf":{"@id":"https:\/\/www.accuratereviews.com\/it\/#website"},"primaryImageOfPage":{"@id":"https:\/\/www.accuratereviews.com\/it\/business-intelligence\/clicdata-recensione\/#primaryimage"},"image":{"@id":"https:\/\/www.accuratereviews.com\/it\/business-intelligence\/clicdata-recensione\/#primaryimage"},"thumbnailUrl":"https:\/\/www.accuratereviews.com\/wp-content\/uploads\/2019\/12\/cropped-logowp1.jpg","datePublished":"2019-12-13T16:26:26+00:00","dateModified":"2021-05-18T14:11:28+00:00","description":"ClicData : recensione del software di business intelligence indirizzato principalmente a PMI e responsabili aziendali. Scopri di pi\u00f9.","breadcrumb":{"@id":"https:\/\/www.accuratereviews.com\/it\/business-intelligence\/clicdata-recensione\/#breadcrumb"},"inLanguage":"it-IT","potentialAction":[{"@type":"ReadAction","target":["https:\/\/www.accuratereviews.com\/it\/business-intelligence\/clicdata-recensione\/"]}]},{"@type":"ImageObject","inLanguage":"it-IT","@id":"https:\/\/www.accuratereviews.com\/it\/business-intelligence\/clicdata-recensione\/#primaryimage","url":"https:\/\/www.accuratereviews.com\/wp-content\/uploads\/2019\/12\/cropped-logowp1.jpg","contentUrl":"https:\/\/www.accuratereviews.com\/wp-content\/uploads\/2019\/12\/cropped-logowp1.jpg","width":1120,"height":252},{"@type":"BreadcrumbList","@id":"https:\/\/www.accuratereviews.com\/it\/business-intelligence\/clicdata-recensione\/#breadcrumb","itemListElement":[{"@type":"ListItem","position":1,"name":"Home","item":"https:\/\/www.accuratereviews.com\/it\/"},{"@type":"ListItem","position":2,"name":"Business intelligence","item":"https:\/\/www.accuratereviews.com\/it\/business-intelligence\/"},{"@type":"ListItem","position":3,"name":"ClicData"}]},{"@type":"WebSite","@id":"https:\/\/www.accuratereviews.com\/it\/#website","url":"https:\/\/www.accuratereviews.com\/it\/","name":"Accurate Reviews","description":"","potentialAction":[{"@type":"SearchAction","target":{"@type":"EntryPoint","urlTemplate":"https:\/\/www.accuratereviews.com\/it\/?s={search_term_string}"},"query-input":{"@type":"PropertyValueSpecification","valueRequired":true,"valueName":"search_term_string"}}],"inLanguage":"it-IT"}]}},"_links":{"self":[{"href":"https:\/\/www.accuratereviews.com\/it\/wp-json\/wp\/v2\/pages\/21216","targetHints":{"allow":["GET"]}}],"collection":[{"href":"https:\/\/www.accuratereviews.com\/it\/wp-json\/wp\/v2\/pages"}],"about":[{"href":"https:\/\/www.accuratereviews.com\/it\/wp-json\/wp\/v2\/types\/page"}],"author":[{"embeddable":true,"href":"https:\/\/www.accuratereviews.com\/it\/wp-json\/wp\/v2\/users\/17"}],"replies":[{"embeddable":true,"href":"https:\/\/www.accuratereviews.com\/it\/wp-json\/wp\/v2\/comments?post=21216"}],"version-history":[{"count":5,"href":"https:\/\/www.accuratereviews.com\/it\/wp-json\/wp\/v2\/pages\/21216\/revisions"}],"predecessor-version":[{"id":42901,"href":"https:\/\/www.accuratereviews.com\/it\/wp-json\/wp\/v2\/pages\/21216\/revisions\/42901"}],"up":[{"embeddable":true,"href":"https:\/\/www.accuratereviews.com\/it\/wp-json\/wp\/v2\/pages\/32646"}],"wp:featuredmedia":[{"embeddable":true,"href":"https:\/\/www.accuratereviews.com\/it\/wp-json\/wp\/v2\/media\/21217"}],"wp:attachment":[{"href":"https:\/\/www.accuratereviews.com\/it\/wp-json\/wp\/v2\/media?parent=21216"}],"wp:term":[{"taxonomy":"category","embeddable":true,"href":"https:\/\/www.accuratereviews.com\/it\/wp-json\/wp\/v2\/categories?post=21216"},{"taxonomy":"post_tag","embeddable":true,"href":"https:\/\/www.accuratereviews.com\/it\/wp-json\/wp\/v2\/tags?post=21216"},{"taxonomy":"features","embeddable":true,"href":"https:\/\/www.accuratereviews.com\/it\/wp-json\/wp\/v2\/features?post=21216"}],"curies":[{"name":"wp","href":"https:\/\/api.w.org\/{rel}","templated":true}]}}