{"id":21240,"date":"2019-12-13T16:26:00","date_gmt":"2019-12-13T16:26:00","guid":{"rendered":"https:\/\/www.accuratereviews.com\/?page_id=21240"},"modified":"2021-05-14T15:03:22","modified_gmt":"2021-05-14T15:03:22","slug":"alteryx-recensione","status":"publish","type":"page","link":"https:\/\/www.accuratereviews.com\/it\/alteryx-recensione\/","title":{"rendered":"Alteryx"},"content":{"rendered":"<p><strong>Alteryx<\/strong> \u00e8 una <strong>piattaforma avanzata di analisi dei dati<\/strong> destinata a soddisfare le esigenze degli analisti aziendali alla ricerca di una soluzione self-service. Contiene 3 componenti di base: Galleria, Designer e Server, che mescolano dati da fonti esterne e generano report completi. Ognuno di essi, pu\u00f2 essere utilizzato separatamente.\u00a0Il software struttura e valuta i dati da pi\u00f9 fonti esterne e li organizza in approfondimenti completi che possono essere utilizzati per le decisioni aziendali e condivisi con pi\u00f9 utenti interni \/ esterni. <strong>Alteryx<\/strong> \u00e8 ben integrato, facile da usare e funziona sia in locale che nel cloud.<\/p>\n<h2>ALBERYX &#8211; TUTORIAL<\/h2>\n<p>Ecco un tutorial in cui viene spiegato come organizzare i dati raccolti da questo software di Business Intelligence:<\/p>\n<div id=\"fluid-wrapper-counter-1\" class=\"g1-fluid-wrapper \" style=\"width:686px;\">\n<div style=\"padding-bottom:56.268221574344%;\"><iframe loading=\"lazy\" title=\"Alteryx Series: #1 Intro to Alteryx [Beginners]\" width=\"686\" height=\"386\" src=\"https:\/\/www.youtube.com\/embed\/FptWsowYkIM?feature=oembed&amp;wmode=transparent&amp;autohide=1&amp;autoplay=0&amp;disablekb=0&amp;fs=1&amp;loop=0&amp;enablejsapi=1&amp;rel=0&amp;controls=2&amp;showinfo=0&amp;wmode=transparent&amp;autohide=2&amp;autoplay=0&amp;disablekb=0&amp;fs=1&amp;loop=0&amp;enablejsapi=1&amp;rel=0&amp;controls=2&amp;showinfo=1\" frameborder=\"0\" allow=\"accelerometer; autoplay; encrypted-media; gyroscope; picture-in-picture\" allowfullscreen><\/iframe><\/div>\n<\/div>\n<h3>ALBERYX &#8211; CARATTERISTICHE<\/h3>\n<ul>\n<li><strong>Velocizza la tua analisi<\/strong>: ti consente di trovare, gestire e comprendere rapidamente e facilmente tutte le informazioni analitiche che risiedono nella tua azienda. Accelera il processo analitico end-to-end e migliora notevolmente la produttivit\u00e0 permettendo decisioni aziendali migliori<\/li>\n<li><strong>Combina dati da fonti multiple<\/strong>: ti permette di preparare e fondere tutti i tuoi dati in un flusso di lavoro visivo drag-and-drop senza necessit\u00e0 di codifica<\/li>\n<li><strong>Migliori pratiche di governance analitica<\/strong>: puoi migliorare la governance analitica, inclusi sicurezza, scalabilit\u00e0 e affidabilit\u00e0, semplificando e accelerando il modo in cui tutti i membri dell&#8217;organizzazione consumano le analisi che portano all&#8217;agilit\u00e0 aziendale e al processo decisionale basato sui dati<\/li>\n<li><strong>Piattaforma di analisi unificata<\/strong>: piattaforma di architettura aperta in grado di leggere \/ scrivere dati su una vasta gamma di fonti, tra cui RDBMS, Hadoop o Spark, e di inviarli direttamente a Excel, Tableau e altri strumenti.<\/li>\n<\/ul>\n<h4>LE RECENSIONI DEGLI UTENTI<\/h4>\n<p><strong>Neil B. &#8220;Alteryx: riprendi il controllo dei tuoi dati.&#8221;<\/strong><\/p>\n<p><strong>Commenti<\/strong>: La nostra esperienza con questo prodotto \u00e8 che ha trasformato la nostra capacit\u00e0 di analizzare, consumare e riferire sui nostri dati in modo sensato per l&#8217;azienda. Siamo stati in grado di sviluppare un Datawarehouse incentrato sul business in cui tutti i nostri dati puliti sono archiviati e possono quindi essere interrogati o segnalati, senza la necessit\u00e0 di impiegare costosi data scientist o sviluppatori. Alteryx ha davvero rivoluzionato il modo in cui vedere e utilizzare i nostri dati e questo a sua volta ha consentito all&#8217;azienda di prendere le decisioni giuste al momento giusto.<\/p>\n<p><strong>Vantaggi<\/strong>: Alteryx \u00e8 uno strumento di analisi incredibilmente potente che consente agli utenti di inserire dati di origine, manipolarli, pulirli e trasporli, quindi emetterli in una Datawarehouse o in un altro database. Nonostante la complessit\u00e0 di questo prodotto, ha una grande interfaccia utente e questo rende pi\u00f9 semplice l&#8217;apprendimento e si \u00e8 in grado di iniziare a lavorare in pochissimo tempo.<\/p>\n<p><strong>Inconvenienti<\/strong>: mancano ancora alcune funzionalit\u00e0 di base, come uno strumento integrato per la creazione di viste SQL o uno strumento in grado di eseguire pi\u00f9 flussi di lavoro in sequenza (come la macro Crew).<\/p>\n<h4>Robert W. &#8220;Il miglior strumento per il mashing dei dati&#8221;<\/h4>\n<p><strong>Commenti<\/strong>: Uso Alteryx per combinare pi\u00f9 fonti di dati (da database, cartelle di lavoro Excel e altri), pulire, calcolare, ordinare e fornire un output facilmente digeribile. Mi consente di fornire analisi in modo semplice, essere creativo nel modo in cui manipolo i dati e persino creare un funzionamento automatizzato del flusso di lavoro. Mi fa risparmiare almeno 8 ore a settimana.<\/p>\n<p><strong>Vantaggi<\/strong>: Alteryx ha un&#8217;interfaccia fantastica, usando blocchi funzione che puoi trascinare e rilasciare per creare un flusso di lavoro. Ci\u00f2 semplifica l&#8217;utilizzo e offre la possibilit\u00e0 di creare flussi di lavoro complessi.<\/p>\n<p><strong>Inconvenienti<\/strong>: il costo della licenza per lo strumento \u00e8 molto elevato, il che significa che non tutti possono usarlo. Trovo pochissimi altri svantaggi con il programma.<\/p>\n<h4>Tarandeep S. &#8220;Alteryx significa lavoro fatto&#8221;<\/h4>\n<p><strong>Commenti<\/strong>: Alteryx \u00e8 uno strumento che pu\u00f2 aumentare la produttivit\u00e0, offrendo allo stesso tempo la possibilit\u00e0 di eseguire nuovamente, pianificare e automatizzare facilmente. La migliore caratteristica \u00e8 la funzione plug and play anche nei modelli statistici &#8230; Offre molte funzionalit\u00e0 come la profilazione dei dati, la qualit\u00e0, la pianificazione e l&#8217;automazione.<\/p>\n<p><strong>Vantaggi<\/strong>: facilit\u00e0 d&#8217;uso, plug and play, per persone non tecniche questo \u00e8 uno strumento straordinario. Risparmio di tempo.<\/p>\n<p><strong>Inconvenienti<\/strong>: ho sentito dall&#8217;amministratore che la licenza \u00e8 costosa<\/p>\n<p>&nbsp;<\/p>\n","protected":false},"excerpt":{"rendered":"<p>Alteryx \u00e8 una piattaforma avanzata di analisi dei dati destinata a soddisfare le esigenze degli analisti aziendali alla ricerca di una soluzione self-service. Contiene 3 componenti di base: Galleria, Designer e Server, che mescolano dati da fonti esterne e generano report completi. Ognuno di essi, pu\u00f2 essere utilizzato separatamente.\u00a0<\/p>\n","protected":false},"author":19,"featured_media":21241,"parent":0,"menu_order":0,"comment_status":"open","ping_status":"closed","template":"g1_template_page_review_new.php","meta":{"_acf_changed":false,"cwp_meta_box_check":"Yes","cwp_rev_product_name":"","cwp_rev_product_image":"","wppr_links":[],"cwp_rev_price":"","wppr_options":[],"wppr_pros":[],"wppr_cons":[],"_monsterinsights_skip_tracking":false,"_monsterinsights_sitenote_active":false,"_monsterinsights_sitenote_note":"","_monsterinsights_sitenote_category":0,"footnotes":""},"categories":[1555],"tags":[1601,1557,1556,1558],"features":[],"class_list":{"0":"post-21240","1":"page","2":"type-page","3":"status-publish","4":"has-post-thumbnail","6":"category-business-intelligence-it","7":"tag-alteryx","8":"tag-programma-business-intelligence","9":"tag-software-business-intelligence","10":"tag-soluzione-business-intelligence"},"wppr_data":{"cwp_meta_box_check":"Yes","cwp_rev_product_name":"","cwp_rev_product_image":"","cwp_image_link":"image","cwp_rev_price":"","wppr_rating":"0.00"},"acf":[],"yoast_head":"<!-- This site is optimized with the Yoast SEO plugin v27.4 - https:\/\/yoast.com\/product\/yoast-seo-wordpress\/ -->\n<title>Alteryx: recensione software Business Intelligence - Accurate Reviews<\/title>\n<meta name=\"description\" content=\"Alteryx: recensione piattaforma di analisi dei dati destinata a soddisfare le esigenze degli analisti aziendali alla ricerca di una soluzione self-service.\" \/>\n<meta name=\"robots\" content=\"index, follow, max-snippet:-1, max-image-preview:large, max-video-preview:-1\" \/>\n<link rel=\"canonical\" href=\"https:\/\/www.accuratereviews.com\/it\/alteryx-recensione\/\" \/>\n<meta property=\"og:locale\" content=\"it_IT\" \/>\n<meta property=\"og:type\" content=\"article\" \/>\n<meta property=\"og:title\" content=\"Alteryx: recensione software Business Intelligence - Accurate Reviews\" \/>\n<meta property=\"og:description\" content=\"Alteryx: recensione piattaforma di analisi dei dati destinata a soddisfare le esigenze degli analisti aziendali alla ricerca di una soluzione self-service.\" \/>\n<meta property=\"og:url\" content=\"https:\/\/www.accuratereviews.com\/it\/alteryx-recensione\/\" \/>\n<meta property=\"og:site_name\" content=\"Accurate Reviews\" \/>\n<meta property=\"article:modified_time\" content=\"2021-05-14T15:03:22+00:00\" \/>\n<meta property=\"og:image\" content=\"https:\/\/www.accuratereviews.com\/wp-content\/uploads\/2019\/12\/Alteryx.png\" \/>\n\t<meta property=\"og:image:width\" content=\"225\" \/>\n\t<meta property=\"og:image:height\" content=\"225\" \/>\n\t<meta property=\"og:image:type\" content=\"image\/png\" \/>\n<meta name=\"twitter:card\" content=\"summary_large_image\" \/>\n<meta name=\"twitter:label1\" content=\"Tempo di lettura stimato\" \/>\n\t<meta name=\"twitter:data1\" content=\"3 minuti\" \/>\n<script type=\"application\/ld+json\" class=\"yoast-schema-graph\">{\"@context\":\"https:\\\/\\\/schema.org\",\"@graph\":[{\"@type\":\"WebPage\",\"@id\":\"https:\\\/\\\/www.accuratereviews.com\\\/it\\\/alteryx-recensione\\\/\",\"url\":\"https:\\\/\\\/www.accuratereviews.com\\\/it\\\/alteryx-recensione\\\/\",\"name\":\"Alteryx: recensione software Business Intelligence - Accurate Reviews\",\"isPartOf\":{\"@id\":\"https:\\\/\\\/www.accuratereviews.com\\\/it\\\/#website\"},\"primaryImageOfPage\":{\"@id\":\"https:\\\/\\\/www.accuratereviews.com\\\/it\\\/alteryx-recensione\\\/#primaryimage\"},\"image\":{\"@id\":\"https:\\\/\\\/www.accuratereviews.com\\\/it\\\/alteryx-recensione\\\/#primaryimage\"},\"thumbnailUrl\":\"https:\\\/\\\/www.accuratereviews.com\\\/wp-content\\\/uploads\\\/2019\\\/12\\\/Alteryx.png\",\"datePublished\":\"2019-12-13T16:26:00+00:00\",\"dateModified\":\"2021-05-14T15:03:22+00:00\",\"description\":\"Alteryx: recensione piattaforma di analisi dei dati destinata a soddisfare le esigenze degli analisti aziendali alla ricerca di una soluzione self-service.\",\"breadcrumb\":{\"@id\":\"https:\\\/\\\/www.accuratereviews.com\\\/it\\\/alteryx-recensione\\\/#breadcrumb\"},\"inLanguage\":\"it-IT\",\"potentialAction\":[{\"@type\":\"ReadAction\",\"target\":[\"https:\\\/\\\/www.accuratereviews.com\\\/it\\\/alteryx-recensione\\\/\"]}]},{\"@type\":\"ImageObject\",\"inLanguage\":\"it-IT\",\"@id\":\"https:\\\/\\\/www.accuratereviews.com\\\/it\\\/alteryx-recensione\\\/#primaryimage\",\"url\":\"https:\\\/\\\/www.accuratereviews.com\\\/wp-content\\\/uploads\\\/2019\\\/12\\\/Alteryx.png\",\"contentUrl\":\"https:\\\/\\\/www.accuratereviews.com\\\/wp-content\\\/uploads\\\/2019\\\/12\\\/Alteryx.png\",\"width\":225,\"height\":225},{\"@type\":\"BreadcrumbList\",\"@id\":\"https:\\\/\\\/www.accuratereviews.com\\\/it\\\/alteryx-recensione\\\/#breadcrumb\",\"itemListElement\":[{\"@type\":\"ListItem\",\"position\":1,\"name\":\"Home\",\"item\":\"https:\\\/\\\/www.accuratereviews.com\\\/it\\\/\"},{\"@type\":\"ListItem\",\"position\":2,\"name\":\"Alteryx\"}]},{\"@type\":\"WebSite\",\"@id\":\"https:\\\/\\\/www.accuratereviews.com\\\/it\\\/#website\",\"url\":\"https:\\\/\\\/www.accuratereviews.com\\\/it\\\/\",\"name\":\"Accurate Reviews\",\"description\":\"\",\"potentialAction\":[{\"@type\":\"SearchAction\",\"target\":{\"@type\":\"EntryPoint\",\"urlTemplate\":\"https:\\\/\\\/www.accuratereviews.com\\\/it\\\/?s={search_term_string}\"},\"query-input\":{\"@type\":\"PropertyValueSpecification\",\"valueRequired\":true,\"valueName\":\"search_term_string\"}}],\"inLanguage\":\"it-IT\"}]}<\/script>\n<!-- \/ Yoast SEO plugin. -->","yoast_head_json":{"title":"Alteryx: recensione software Business Intelligence - Accurate Reviews","description":"Alteryx: recensione piattaforma di analisi dei dati destinata a soddisfare le esigenze degli analisti aziendali alla ricerca di una soluzione self-service.","robots":{"index":"index","follow":"follow","max-snippet":"max-snippet:-1","max-image-preview":"max-image-preview:large","max-video-preview":"max-video-preview:-1"},"canonical":"https:\/\/www.accuratereviews.com\/it\/alteryx-recensione\/","og_locale":"it_IT","og_type":"article","og_title":"Alteryx: recensione software Business Intelligence - Accurate Reviews","og_description":"Alteryx: recensione piattaforma di analisi dei dati destinata a soddisfare le esigenze degli analisti aziendali alla ricerca di una soluzione self-service.","og_url":"https:\/\/www.accuratereviews.com\/it\/alteryx-recensione\/","og_site_name":"Accurate Reviews","article_modified_time":"2021-05-14T15:03:22+00:00","og_image":[{"width":225,"height":225,"url":"https:\/\/www.accuratereviews.com\/wp-content\/uploads\/2019\/12\/Alteryx.png","type":"image\/png"}],"twitter_card":"summary_large_image","twitter_misc":{"Tempo di lettura stimato":"3 minuti"},"schema":{"@context":"https:\/\/schema.org","@graph":[{"@type":"WebPage","@id":"https:\/\/www.accuratereviews.com\/it\/alteryx-recensione\/","url":"https:\/\/www.accuratereviews.com\/it\/alteryx-recensione\/","name":"Alteryx: recensione software Business Intelligence - Accurate Reviews","isPartOf":{"@id":"https:\/\/www.accuratereviews.com\/it\/#website"},"primaryImageOfPage":{"@id":"https:\/\/www.accuratereviews.com\/it\/alteryx-recensione\/#primaryimage"},"image":{"@id":"https:\/\/www.accuratereviews.com\/it\/alteryx-recensione\/#primaryimage"},"thumbnailUrl":"https:\/\/www.accuratereviews.com\/wp-content\/uploads\/2019\/12\/Alteryx.png","datePublished":"2019-12-13T16:26:00+00:00","dateModified":"2021-05-14T15:03:22+00:00","description":"Alteryx: recensione piattaforma di analisi dei dati destinata a soddisfare le esigenze degli analisti aziendali alla ricerca di una soluzione self-service.","breadcrumb":{"@id":"https:\/\/www.accuratereviews.com\/it\/alteryx-recensione\/#breadcrumb"},"inLanguage":"it-IT","potentialAction":[{"@type":"ReadAction","target":["https:\/\/www.accuratereviews.com\/it\/alteryx-recensione\/"]}]},{"@type":"ImageObject","inLanguage":"it-IT","@id":"https:\/\/www.accuratereviews.com\/it\/alteryx-recensione\/#primaryimage","url":"https:\/\/www.accuratereviews.com\/wp-content\/uploads\/2019\/12\/Alteryx.png","contentUrl":"https:\/\/www.accuratereviews.com\/wp-content\/uploads\/2019\/12\/Alteryx.png","width":225,"height":225},{"@type":"BreadcrumbList","@id":"https:\/\/www.accuratereviews.com\/it\/alteryx-recensione\/#breadcrumb","itemListElement":[{"@type":"ListItem","position":1,"name":"Home","item":"https:\/\/www.accuratereviews.com\/it\/"},{"@type":"ListItem","position":2,"name":"Alteryx"}]},{"@type":"WebSite","@id":"https:\/\/www.accuratereviews.com\/it\/#website","url":"https:\/\/www.accuratereviews.com\/it\/","name":"Accurate Reviews","description":"","potentialAction":[{"@type":"SearchAction","target":{"@type":"EntryPoint","urlTemplate":"https:\/\/www.accuratereviews.com\/it\/?s={search_term_string}"},"query-input":{"@type":"PropertyValueSpecification","valueRequired":true,"valueName":"search_term_string"}}],"inLanguage":"it-IT"}]}},"_links":{"self":[{"href":"https:\/\/www.accuratereviews.com\/it\/wp-json\/wp\/v2\/pages\/21240","targetHints":{"allow":["GET"]}}],"collection":[{"href":"https:\/\/www.accuratereviews.com\/it\/wp-json\/wp\/v2\/pages"}],"about":[{"href":"https:\/\/www.accuratereviews.com\/it\/wp-json\/wp\/v2\/types\/page"}],"author":[{"embeddable":true,"href":"https:\/\/www.accuratereviews.com\/it\/wp-json\/wp\/v2\/users\/19"}],"replies":[{"embeddable":true,"href":"https:\/\/www.accuratereviews.com\/it\/wp-json\/wp\/v2\/comments?post=21240"}],"version-history":[{"count":13,"href":"https:\/\/www.accuratereviews.com\/it\/wp-json\/wp\/v2\/pages\/21240\/revisions"}],"predecessor-version":[{"id":42722,"href":"https:\/\/www.accuratereviews.com\/it\/wp-json\/wp\/v2\/pages\/21240\/revisions\/42722"}],"wp:featuredmedia":[{"embeddable":true,"href":"https:\/\/www.accuratereviews.com\/it\/wp-json\/wp\/v2\/media\/21241"}],"wp:attachment":[{"href":"https:\/\/www.accuratereviews.com\/it\/wp-json\/wp\/v2\/media?parent=21240"}],"wp:term":[{"taxonomy":"category","embeddable":true,"href":"https:\/\/www.accuratereviews.com\/it\/wp-json\/wp\/v2\/categories?post=21240"},{"taxonomy":"post_tag","embeddable":true,"href":"https:\/\/www.accuratereviews.com\/it\/wp-json\/wp\/v2\/tags?post=21240"},{"taxonomy":"features","embeddable":true,"href":"https:\/\/www.accuratereviews.com\/it\/wp-json\/wp\/v2\/features?post=21240"}],"curies":[{"name":"wp","href":"https:\/\/api.w.org\/{rel}","templated":true}]}}