{"id":21253,"date":"2019-12-13T16:27:11","date_gmt":"2019-12-13T16:27:11","guid":{"rendered":"https:\/\/www.accuratereviews.com\/?page_id=21253"},"modified":"2019-12-13T16:27:11","modified_gmt":"2019-12-13T16:27:11","slug":"phocas-recensione","status":"publish","type":"page","link":"https:\/\/www.accuratereviews.com\/it\/phocas-recensione\/","title":{"rendered":"Phocas"},"content":{"rendered":"<p><strong>Phocas<\/strong> \u00e8 una <strong>soluzione di business intelligence<\/strong> leader costruita per superare le aspettative dei clienti. Lo strumento pu\u00f2 aiutarti a prendere decisioni aziendali basate sui dati, vedere nuove opportunit\u00e0 di vendita e aumentare l&#8217;efficienza aziendale.\u00a0Fornendo una piattaforma di scoperta dei dati innovativa, il programma \u00e8 stata utilizzato da oltre 1.000 clienti in tre continenti.\u00a0Progettato per utenti non tecnici, lo strumento offre una funzionalit\u00e0 analitica semplice ma potente che trasforma facilmente i dati in un grafico o mappe. I dashboard di <strong>Phocas<\/strong> offrono alla tua azienda straordinari riepiloghi visivi dei tuoi dati. Qualsiasi utente pu\u00f2 creare rapidamente una dashboard interattiva, collaborare, personalizzarla e revisionarla senza l&#8217;aiuto del proprio reparto IT.<\/p>\n<h2>PHOCAS &#8211; TUTORIAL<\/h2>\n<p>Guardiamo insieme questo tutorial per imparare come gestire questo<strong> software di business intelligence<\/strong>:<\/p>\n<div id=\"fluid-wrapper-counter-1\" class=\"g1-fluid-wrapper \" style=\"width:686px;\">\n<div style=\"padding-bottom:56.268221574344%;\"><iframe loading=\"lazy\" title=\"Phocas Business Intelligence Software Presentation\" width=\"686\" height=\"386\" src=\"https:\/\/www.youtube.com\/embed\/aB4y5WmscNo?feature=oembed&amp;wmode=transparent&amp;autohide=1&amp;autoplay=0&amp;disablekb=0&amp;fs=1&amp;loop=0&amp;enablejsapi=1&amp;rel=0&amp;controls=2&amp;showinfo=0&amp;wmode=transparent&amp;autohide=2&amp;autoplay=0&amp;disablekb=0&amp;fs=1&amp;loop=0&amp;enablejsapi=1&amp;rel=0&amp;controls=2&amp;showinfo=1\" frameborder=\"0\" allow=\"accelerometer; autoplay; encrypted-media; gyroscope; picture-in-picture\" allowfullscreen><\/iframe><\/div>\n<\/div>\n<h3>PHOCAS &#8211; CARATTERISTICHE<\/h3>\n<ul>\n<li>Ottieni dati in pochi secondi su vendite, inventario, previsioni, prezzi, margini di profitto e budget.<\/li>\n<li>Interroga i dati, identifica le tendenze, monitora le prestazioni, vedi nuove opportunit\u00e0.<\/li>\n<li>Accedi a dati, dashboard e rapporti ovunque ti trovi su smartphone e tablet.<\/li>\n<li>Pianifica gli avvisi e la distribuzione dei rapporti.<\/li>\n<li>Scegli il metodo di consegna preferito, condividi i rapporti all&#8217;interno e all&#8217;esterno dell&#8217;organizzazione.<\/li>\n<li>Connettivit\u00e0 a tutti i database compatibili ODBC e JDBC<\/li>\n<\/ul>\n<h4>LE RECENSIONI DEGLI UTENTI<\/h4>\n<h4>Bill W. &#8220;Johnstone Supply &#8211; Las Vegas &#8211; Perch\u00e9 Phocas ha aumentato la nostra produttivit\u00e0!&#8221;<\/h4>\n<p><strong>Commenti<\/strong>: Nel complesso siamo molto soddisfatti di questo prodotto. Ha aperto le porte per ottenere informazioni ai nostri team molto pi\u00f9 velocemente e ha anche creato una nuova posizione a tempo pieno per l&#8217;analisi dei dati! La flessibilit\u00e0 di essere in grado di creare i nostri database e di aggiungerli ai database esistenti ha aumentato la nostra capacit\u00e0 di condividere le informazioni con i nostri team in un formato di facile visualizzazione anzich\u00e9 inviare fogli di calcolo che alcune persone non hanno visto.<\/p>\n<p><strong>Vantaggi<\/strong>: \u00e8 molto facile da usare! Posso mostrare a qualcuno le basi in 5-10 minuti e sono in esecuzione creando preferiti e dashboard. Il software viene aggiornato ogni mese e il loro supporto e documentazione sono eccezionali.<br \/>\nIl prodotto ci fornisce le informazioni di cui abbiamo bisogno pi\u00f9 velocemente rispetto a farlo nel nostro sistema ERP. Con un paio di clic puoi analizzare i tuoi dati di vendita e quindi cambiare rapidamente le viste per guardare i dati in un modo completamente diverso. \u00c8 molto robusto in tutte le opzioni che hai.<br \/>\nL&#8217;azienda si sta sviluppando in base alle esigenze dei suoi clienti, puoi dire che tutti vogliono aiutarci a raggiungere il successo con questo prodotto.<\/p>\n<p><strong>Inconvenienti<\/strong>: questo \u00e8 difficile da dire perch\u00e9 sono pochi contro. Abbiamo richiesto miglioramenti e abbiamo presentato alcuni problemi di supporto. Ma non abbiamo visibilit\u00e0 (portale web) per rivedere ci\u00f2 che abbiamo gi\u00e0 inviato. Sarebbe bello avere un portale di supporto per verificare casi aperti e miglioramenti che abbiamo presentato.<\/p>\n<h4>Graham L. &#8220;Felice di consigliare Phocas!&#8221;<\/h4>\n<p><strong>Commenti<\/strong>: Abbiamo iniziato con Phocas nel 2009 con solo il database di vendita standard per una regione della nostra attivit\u00e0, ma ora siamo passati a pi\u00f9 database di vendita per altre unit\u00e0 aziendali con modulo di sconti completamente integrato e database di stile finanziario e di approvvigionamento ora, con piani per implementarlo ulteriormente in altre parti dell&#8217;azienda.<\/p>\n<p><strong>Vantaggi<\/strong>: la facilit\u00e0 d&#8217;uso di Phocas \u00e8 ci\u00f2 che lo mette in cima alla nostra lista di software BI. La configurazione dei dati \u00e8 stata rapida e semplice (con un ottimo supporto da parte dei ragazzi di Phocas) e la capacit\u00e0 di eseguire il drill-down dei dati della riga superiore nel dettaglio di una transazione \u00e8 ci\u00f2 che rende Phocas un ottimo strumento per noi. Phocas \u00e8 ampiamente utilizzato in tutta la nostra attivit\u00e0 per tenere traccia e analizzare i dati di vendita, i dati finanziari e i dati di acquisto con piani futuri per aggiungere altri moduli. Il forum PUG \u00e8 anche una buona caratteristica per me, se c&#8217;\u00e8 qualcosa che non sai come fare, allora troverai le informazioni l\u00ec o qualcuno pu\u00f2 indicarti la giusta direzione. \u00c8 anche un ottimo posto per suggerire la funzione che vorresti vedere e la recensione di Phocas e aggiungerla alla loro road map dei prodotti, in modo da sapere che stanno ascoltando le tue idee.<\/p>\n<p><strong>Inconvenienti<\/strong>: direi che le visualizzazioni e i widget sui dashboard potrebbero fare con un po &#8216;di aggiornamento. I grafici non sono sempre flessibili come si desidera con le etichette degli assi e regolando gli assi per adattarli al grafico, inoltre devi essere abbastanza specifico con i dati in primo luogo per ottenere il grafico che desideri.<\/p>\n<h4>Nicholas G. &#8220;Phocas \u00e8 incredibile!&#8221;<\/h4>\n<p><strong>Commenti<\/strong>: Il pi\u00f9 grande vantaggio \u00e8 che i nostri rappresentanti di vendita si affidano al nostro reparto IT per creare un report da un vecchio sistema legacy. Inoltre, non devono fare affidamento su report predefiniti standard che possono essere di portata limitata. Phocas consente loro di immergersi istantaneamente nei loro dati di vendita e trovare tutto ci\u00f2 di cui hanno bisogno, dai numeri di riepilogo ai dati di vendita molto specifici. In realt\u00e0, questo vale per tutti i dipartimenti, compresa la gestione. La facilit\u00e0 e la flessibilit\u00e0 nella ricerca di informazioni \u00e8 incredibile.<\/p>\n<p><strong>Vantaggi<\/strong>: facilit\u00e0 d&#8217;uso. In pochi secondi posso trovare i dati esatti che sto cercando. Richiede pochissime conoscenze tecniche, tuttavia, ho impostato molti report di vendita avanzati e persino finanziari utilizzando la modalit\u00e0 personalizzata. Il software si carica rapidamente e raramente ho riscontrato un bug. Nelle poche occasioni in cui ho inviato un&#8217;e-mail al servizio di supporto, rispondono SEMPRE rapidamente e hanno subito una soluzione implementata. Questo non \u00e8 sicuramente il caso di molte altre societ\u00e0 di software con cui ho a che fare. Adoro Phocas.<\/p>\n<p><strong>Inconvenienti<\/strong>: questo \u00e8 molto minore, ma l&#8217;esportazione di report potrebbe utilizzare alcuni ritocchi. L&#8217;esportazione in Excel comporta una formattazione condizionale. Ad alcuni utenti potrebbe piacere, tuttavia rimuovo quasi sempre i formati condizionali perch\u00e9 rallenta drasticamente altre funzioni che posso eseguire con i dati in Excel. Ancora una volta, questo \u00e8 molto minore in quanto capisco l&#8217;utilit\u00e0 per alcuni utenti di avere gi\u00e0 i formati condizionali impostati. Occasionalmente stampo anche un rapporto che viene visualizzato in un formato strano per quanto riguarda le intestazioni e le larghezze delle colonne.<\/p>\n","protected":false},"excerpt":{"rendered":"<p>Phocas \u00e8 una soluzione di business intelligence leader costruita per superare le aspettative dei clienti. Lo strumento pu\u00f2 aiutarti a prendere decisioni aziendali basate sui dati, vedere nuove opportunit\u00e0 di vendita e aumentare l&#8217;efficienza aziendale.\u00a0Fornendo una piattaforma di scoperta dei dati innovativa, il programma \u00e8 stata utilizzato da oltre 1.000 clienti in tre continenti.<\/p>\n","protected":false},"author":19,"featured_media":21254,"parent":0,"menu_order":0,"comment_status":"open","ping_status":"closed","template":"g1_template_page_review_new.php","meta":{"_acf_changed":false,"cwp_meta_box_check":"No","cwp_rev_product_name":"","cwp_rev_product_image":"","wppr_links":[],"cwp_rev_price":"","wppr_options":[],"wppr_pros":[],"wppr_cons":[],"_monsterinsights_skip_tracking":false,"_monsterinsights_sitenote_active":false,"_monsterinsights_sitenote_note":"","_monsterinsights_sitenote_category":0,"footnotes":""},"categories":[1555],"tags":[1561,1602,1560,1557,1556,1558],"features":[],"class_list":{"0":"post-21253","1":"page","2":"type-page","3":"status-publish","4":"has-post-thumbnail","6":"category-business-intelligence-it","7":"tag-bi","8":"tag-phocas","9":"tag-piattaforma-business-intelligence","10":"tag-programma-business-intelligence","11":"tag-software-business-intelligence","12":"tag-soluzione-business-intelligence"},"wppr_data":{"cwp_meta_box_check":"No"},"acf":[],"yoast_head":"<!-- This site is optimized with the Yoast SEO plugin v27.4 - https:\/\/yoast.com\/product\/yoast-seo-wordpress\/ -->\n<title>Phocas: recensione software Business Intelligence - Accurate Reviews<\/title>\n<meta name=\"description\" content=\"Phocas: recensione soluzione di business intelligence semplice e robusta sviluppata per superare le aspettative dei clienti.\" \/>\n<meta name=\"robots\" content=\"index, follow, max-snippet:-1, max-image-preview:large, max-video-preview:-1\" \/>\n<link rel=\"canonical\" href=\"https:\/\/www.accuratereviews.com\/it\/phocas-recensione\/\" \/>\n<meta property=\"og:locale\" content=\"it_IT\" \/>\n<meta property=\"og:type\" content=\"article\" \/>\n<meta property=\"og:title\" content=\"Phocas: recensione software Business Intelligence - Accurate Reviews\" \/>\n<meta property=\"og:description\" content=\"Phocas: recensione soluzione di business intelligence semplice e robusta sviluppata per superare le aspettative dei clienti.\" \/>\n<meta property=\"og:url\" content=\"https:\/\/www.accuratereviews.com\/it\/phocas-recensione\/\" \/>\n<meta property=\"og:site_name\" content=\"Accurate Reviews\" \/>\n<meta property=\"og:image\" content=\"https:\/\/www.accuratereviews.com\/wp-content\/uploads\/2019\/12\/Phocas.jpg\" \/>\n\t<meta property=\"og:image:width\" content=\"600\" \/>\n\t<meta property=\"og:image:height\" content=\"380\" \/>\n\t<meta property=\"og:image:type\" content=\"image\/jpeg\" \/>\n<meta name=\"twitter:card\" content=\"summary_large_image\" \/>\n<meta name=\"twitter:label1\" content=\"Tempo di lettura stimato\" \/>\n\t<meta name=\"twitter:data1\" content=\"5 minuti\" \/>\n<script type=\"application\/ld+json\" class=\"yoast-schema-graph\">{\"@context\":\"https:\\\/\\\/schema.org\",\"@graph\":[{\"@type\":\"WebPage\",\"@id\":\"https:\\\/\\\/www.accuratereviews.com\\\/it\\\/phocas-recensione\\\/\",\"url\":\"https:\\\/\\\/www.accuratereviews.com\\\/it\\\/phocas-recensione\\\/\",\"name\":\"Phocas: recensione software Business Intelligence - Accurate Reviews\",\"isPartOf\":{\"@id\":\"https:\\\/\\\/www.accuratereviews.com\\\/it\\\/#website\"},\"primaryImageOfPage\":{\"@id\":\"https:\\\/\\\/www.accuratereviews.com\\\/it\\\/phocas-recensione\\\/#primaryimage\"},\"image\":{\"@id\":\"https:\\\/\\\/www.accuratereviews.com\\\/it\\\/phocas-recensione\\\/#primaryimage\"},\"thumbnailUrl\":\"https:\\\/\\\/www.accuratereviews.com\\\/wp-content\\\/uploads\\\/2019\\\/12\\\/Phocas.jpg\",\"datePublished\":\"2019-12-13T16:27:11+00:00\",\"description\":\"Phocas: recensione soluzione di business intelligence semplice e robusta sviluppata per superare le aspettative dei clienti.\",\"breadcrumb\":{\"@id\":\"https:\\\/\\\/www.accuratereviews.com\\\/it\\\/phocas-recensione\\\/#breadcrumb\"},\"inLanguage\":\"it-IT\",\"potentialAction\":[{\"@type\":\"ReadAction\",\"target\":[\"https:\\\/\\\/www.accuratereviews.com\\\/it\\\/phocas-recensione\\\/\"]}]},{\"@type\":\"ImageObject\",\"inLanguage\":\"it-IT\",\"@id\":\"https:\\\/\\\/www.accuratereviews.com\\\/it\\\/phocas-recensione\\\/#primaryimage\",\"url\":\"https:\\\/\\\/www.accuratereviews.com\\\/wp-content\\\/uploads\\\/2019\\\/12\\\/Phocas.jpg\",\"contentUrl\":\"https:\\\/\\\/www.accuratereviews.com\\\/wp-content\\\/uploads\\\/2019\\\/12\\\/Phocas.jpg\",\"width\":600,\"height\":380},{\"@type\":\"BreadcrumbList\",\"@id\":\"https:\\\/\\\/www.accuratereviews.com\\\/it\\\/phocas-recensione\\\/#breadcrumb\",\"itemListElement\":[{\"@type\":\"ListItem\",\"position\":1,\"name\":\"Home\",\"item\":\"https:\\\/\\\/www.accuratereviews.com\\\/it\\\/\"},{\"@type\":\"ListItem\",\"position\":2,\"name\":\"Phocas\"}]},{\"@type\":\"WebSite\",\"@id\":\"https:\\\/\\\/www.accuratereviews.com\\\/it\\\/#website\",\"url\":\"https:\\\/\\\/www.accuratereviews.com\\\/it\\\/\",\"name\":\"Accurate Reviews\",\"description\":\"\",\"potentialAction\":[{\"@type\":\"SearchAction\",\"target\":{\"@type\":\"EntryPoint\",\"urlTemplate\":\"https:\\\/\\\/www.accuratereviews.com\\\/it\\\/?s={search_term_string}\"},\"query-input\":{\"@type\":\"PropertyValueSpecification\",\"valueRequired\":true,\"valueName\":\"search_term_string\"}}],\"inLanguage\":\"it-IT\"}]}<\/script>\n<!-- \/ Yoast SEO plugin. -->","yoast_head_json":{"title":"Phocas: recensione software Business Intelligence - Accurate Reviews","description":"Phocas: recensione soluzione di business intelligence semplice e robusta sviluppata per superare le aspettative dei clienti.","robots":{"index":"index","follow":"follow","max-snippet":"max-snippet:-1","max-image-preview":"max-image-preview:large","max-video-preview":"max-video-preview:-1"},"canonical":"https:\/\/www.accuratereviews.com\/it\/phocas-recensione\/","og_locale":"it_IT","og_type":"article","og_title":"Phocas: recensione software Business Intelligence - Accurate Reviews","og_description":"Phocas: recensione soluzione di business intelligence semplice e robusta sviluppata per superare le aspettative dei clienti.","og_url":"https:\/\/www.accuratereviews.com\/it\/phocas-recensione\/","og_site_name":"Accurate Reviews","og_image":[{"width":600,"height":380,"url":"https:\/\/www.accuratereviews.com\/wp-content\/uploads\/2019\/12\/Phocas.jpg","type":"image\/jpeg"}],"twitter_card":"summary_large_image","twitter_misc":{"Tempo di lettura stimato":"5 minuti"},"schema":{"@context":"https:\/\/schema.org","@graph":[{"@type":"WebPage","@id":"https:\/\/www.accuratereviews.com\/it\/phocas-recensione\/","url":"https:\/\/www.accuratereviews.com\/it\/phocas-recensione\/","name":"Phocas: recensione software Business Intelligence - Accurate Reviews","isPartOf":{"@id":"https:\/\/www.accuratereviews.com\/it\/#website"},"primaryImageOfPage":{"@id":"https:\/\/www.accuratereviews.com\/it\/phocas-recensione\/#primaryimage"},"image":{"@id":"https:\/\/www.accuratereviews.com\/it\/phocas-recensione\/#primaryimage"},"thumbnailUrl":"https:\/\/www.accuratereviews.com\/wp-content\/uploads\/2019\/12\/Phocas.jpg","datePublished":"2019-12-13T16:27:11+00:00","description":"Phocas: recensione soluzione di business intelligence semplice e robusta sviluppata per superare le aspettative dei clienti.","breadcrumb":{"@id":"https:\/\/www.accuratereviews.com\/it\/phocas-recensione\/#breadcrumb"},"inLanguage":"it-IT","potentialAction":[{"@type":"ReadAction","target":["https:\/\/www.accuratereviews.com\/it\/phocas-recensione\/"]}]},{"@type":"ImageObject","inLanguage":"it-IT","@id":"https:\/\/www.accuratereviews.com\/it\/phocas-recensione\/#primaryimage","url":"https:\/\/www.accuratereviews.com\/wp-content\/uploads\/2019\/12\/Phocas.jpg","contentUrl":"https:\/\/www.accuratereviews.com\/wp-content\/uploads\/2019\/12\/Phocas.jpg","width":600,"height":380},{"@type":"BreadcrumbList","@id":"https:\/\/www.accuratereviews.com\/it\/phocas-recensione\/#breadcrumb","itemListElement":[{"@type":"ListItem","position":1,"name":"Home","item":"https:\/\/www.accuratereviews.com\/it\/"},{"@type":"ListItem","position":2,"name":"Phocas"}]},{"@type":"WebSite","@id":"https:\/\/www.accuratereviews.com\/it\/#website","url":"https:\/\/www.accuratereviews.com\/it\/","name":"Accurate Reviews","description":"","potentialAction":[{"@type":"SearchAction","target":{"@type":"EntryPoint","urlTemplate":"https:\/\/www.accuratereviews.com\/it\/?s={search_term_string}"},"query-input":{"@type":"PropertyValueSpecification","valueRequired":true,"valueName":"search_term_string"}}],"inLanguage":"it-IT"}]}},"_links":{"self":[{"href":"https:\/\/www.accuratereviews.com\/it\/wp-json\/wp\/v2\/pages\/21253","targetHints":{"allow":["GET"]}}],"collection":[{"href":"https:\/\/www.accuratereviews.com\/it\/wp-json\/wp\/v2\/pages"}],"about":[{"href":"https:\/\/www.accuratereviews.com\/it\/wp-json\/wp\/v2\/types\/page"}],"author":[{"embeddable":true,"href":"https:\/\/www.accuratereviews.com\/it\/wp-json\/wp\/v2\/users\/19"}],"replies":[{"embeddable":true,"href":"https:\/\/www.accuratereviews.com\/it\/wp-json\/wp\/v2\/comments?post=21253"}],"version-history":[{"count":6,"href":"https:\/\/www.accuratereviews.com\/it\/wp-json\/wp\/v2\/pages\/21253\/revisions"}],"predecessor-version":[{"id":21266,"href":"https:\/\/www.accuratereviews.com\/it\/wp-json\/wp\/v2\/pages\/21253\/revisions\/21266"}],"wp:featuredmedia":[{"embeddable":true,"href":"https:\/\/www.accuratereviews.com\/it\/wp-json\/wp\/v2\/media\/21254"}],"wp:attachment":[{"href":"https:\/\/www.accuratereviews.com\/it\/wp-json\/wp\/v2\/media?parent=21253"}],"wp:term":[{"taxonomy":"category","embeddable":true,"href":"https:\/\/www.accuratereviews.com\/it\/wp-json\/wp\/v2\/categories?post=21253"},{"taxonomy":"post_tag","embeddable":true,"href":"https:\/\/www.accuratereviews.com\/it\/wp-json\/wp\/v2\/tags?post=21253"},{"taxonomy":"features","embeddable":true,"href":"https:\/\/www.accuratereviews.com\/it\/wp-json\/wp\/v2\/features?post=21253"}],"curies":[{"name":"wp","href":"https:\/\/api.w.org\/{rel}","templated":true}]}}