{"id":21269,"date":"2019-12-16T15:16:06","date_gmt":"2019-12-16T15:16:06","guid":{"rendered":"https:\/\/www.accuratereviews.com\/?page_id=21269"},"modified":"2021-05-18T15:03:50","modified_gmt":"2021-05-18T15:03:50","slug":"indicative-recensione","status":"publish","type":"page","link":"https:\/\/www.accuratereviews.com\/it\/business-intelligence\/indicative-recensione\/","title":{"rendered":"Indicative"},"content":{"rendered":"<p><strong>Indicative<\/strong> \u00e8 uno<strong> strumento di business intelligence<\/strong> intuitivo progettato per aiutare le aziende a ottimizzare le loro operazioni. Si collega alle fonti di dati dei clienti, li unisce in una chiara panoramica delle abitudini dei clienti e fornisce informazioni utili per consentire alle aziende di espandersi. L&#8217;applicazione dispone di strumenti che consentono alle aziende di seguire le stesse &#8220;rotte&#8221; dei propri clienti per una conoscenza pi\u00f9 approfondita del comportamento dei consumatori. Poich\u00e9 \u00e8 stato creato appositamente per l&#8217;analisi del comportamento, <strong>Indicative<\/strong> lavora rapidamente per fornire informazioni utili alle aziende senza sacrificare l&#8217;accuratezza o l&#8217;integrit\u00e0 dei dati.<\/p>\n<h2>INDICATIVE &#8211; TUTORIAL<\/h2>\n<p>Guardiamo questo tutorial per imparare le principali funzioni di questo<strong> software di business intelligence:<\/strong><\/p>\n<div id=\"fluid-wrapper-counter-1\" class=\"g1-fluid-wrapper \" style=\"width:686px;\">\n<div style=\"padding-bottom:56.268221574344%;\"><iframe loading=\"lazy\" title=\"Indicative - Customer Analytics for Everyone\" width=\"686\" height=\"386\" src=\"https:\/\/www.youtube.com\/embed\/YwqPOJU2RmI?feature=oembed&amp;wmode=transparent&amp;autohide=1&amp;autoplay=0&amp;disablekb=0&amp;fs=1&amp;loop=0&amp;enablejsapi=1&amp;rel=0&amp;controls=2&amp;showinfo=0&amp;wmode=transparent&amp;autohide=2&amp;autoplay=0&amp;disablekb=0&amp;fs=1&amp;loop=0&amp;enablejsapi=1&amp;rel=0&amp;controls=2&amp;showinfo=1\" frameborder=\"0\" allow=\"accelerometer; autoplay; clipboard-write; encrypted-media; gyroscope; picture-in-picture\" allowfullscreen><\/iframe><\/div>\n<\/div>\n<h3>INDICATIVE &#8211; CARATTERISTICHE<\/h3>\n<ul>\n<li>Ottimizza l&#8217;acquisizione dei clienti confrontando e perfezionando i canali e le campagne marketing.<\/li>\n<li>Aumentare il LTV dei clienti identificando i comportamenti e le caratteristiche condivisi dei clienti pi\u00f9 fedeli<\/li>\n<li>Massimizza la fidelizzazione comprendendo dove, come e perch\u00e9 i clienti sono coinvolti durante il loro ciclo di navigazione<\/li>\n<li>Costruisci dashboard al volo per monitorare e condividere importanti KPI durante il percorso del cliente.<\/li>\n<\/ul>\n<h4>LE RECENSIONI DEGLI UTENTI<\/h4>\n<h4>Ramkumar V. &#8220;La pi\u00f9 generosa piattaforma di analisi comportamentale al momento&#8221;<\/h4>\n<p><strong>Commenti<\/strong>: Eccellente. Sicuramente diventer\u00f2 professionista e rimarr\u00f2 con loro se diventer\u00f2 abbastanza grande da permettermelo.<\/p>\n<p><strong>Vantaggi<\/strong>: il piano gratuito \u00e8 fantastico. \u00c8 di gran lunga il piano gratuito pi\u00f9 generoso l\u00e0 fuori. Come startup, che \u00e8 attualmente avviato, non dover sborsare grossi soldi mentre ottenere il tipo di intuizioni sul comportamento degli utenti \u00e8 stato strabiliante. I nostri nuovi sviluppi di funzionalit\u00e0 sono stati esatti e siamo in grado di capire dove gli utenti stanno carenti, quali funzionalit\u00e0 gli piacciono, ecc. \u00c8 come se avessi un super potere nelle mie mani. Le funzionalit\u00e0 sono buone e sono in costante miglioramento. Negli ultimi 3 mesi, ho visto la piattaforma migliorare.<\/p>\n<p><strong>Inconvenienti<\/strong>: 1. Penso che le canalizzazioni possano essere migliorate per supportare pi\u00f9 passaggi \/ rami. Ad esempio, abbiamo due flussi diversi (uno per i nuovi utenti e uno per gli utenti pi\u00f9 esperti) e non c&#8217;\u00e8 modo di vederli entrambi contemporaneamente.<br \/>\n2. Esistono troppe campagne email di marketing. \u00c8 un travolgente. Volevo sinceramente fornire feedback perch\u00e9 sono cos\u00ec generosi, ma ci sono troppi IMO. Quindi, finisco per saltare la maggior parte delle loro email \/ annunci.<\/p>\n<h4>Gloria C. &#8220;Ottimo strumento di analisi intuitivo&#8221;<\/h4>\n<p><strong>Commenti<\/strong>: Complessivamente molto soddisfatto di Indicative e del suo supporto clienti. Gli strumenti di BI possono essere causa di molte frustrazioni per persone come me che hanno bisogno di estrarre costantemente i dati, ma Indicative semplifica la loro interfaccia.<\/p>\n<p><strong>Vantaggi<\/strong>: la funzione di trascinamento della selezione con aggiornamenti visivi immediati semplifica la comprensione delle query in esecuzione. Non devo conoscere la complessit\u00e0 dei database relazionali che alimentano i dati dietro le quinte.<\/p>\n<p><strong>Inconvenienti<\/strong>: a volte le query hanno troppi risultati che richiedono troppo tempo per l&#8217;esecuzione o finiscono per arrestare completamente il sistema. Vorrei poter avere un&#8217;idea del fatto che ci\u00f2 accada prima di aspettare finch\u00e9 lo vedo.<\/p>\n<h4>Yisheng T. &#8220;Buon servizio&#8221;<\/h4>\n<p><strong>Vantaggi<\/strong>: 1. buona interfaccia<br \/>\n2. dati in tempo reale<br \/>\n3. servizio clienti molto utile<\/p>\n<p><strong>Inconvenienti<\/strong>: 1. troppe scelte alcune volte.<br \/>\n2. l&#8217;interfaccia utente della sessione pu\u00f2 essere migliorata.<\/p>\n","protected":false},"excerpt":{"rendered":"<p>Indicative \u00e8 uno strumento di business intelligence intuitivo progettato per aiutare le aziende a ottimizzare le loro operazioni. Si collega alle fonti di dati dei clienti, li unisce in una chiara panoramica delle abitudini dei clienti e fornisce informazioni utili per consentire alle aziende di espandersi.<\/p>\n","protected":false},"author":19,"featured_media":21270,"parent":32646,"menu_order":0,"comment_status":"open","ping_status":"closed","template":"g1_template_page_review_new.php","meta":{"_acf_changed":false,"cwp_meta_box_check":"Yes","cwp_rev_product_name":"","cwp_rev_product_image":"","wppr_links":[],"cwp_rev_price":"","wppr_options":[],"wppr_pros":[],"wppr_cons":[],"_monsterinsights_skip_tracking":false,"_monsterinsights_sitenote_active":false,"_monsterinsights_sitenote_note":"","_monsterinsights_sitenote_category":0,"footnotes":""},"categories":[1555],"tags":[1561,1603,1560,1557,1556,1558],"features":[],"class_list":{"0":"post-21269","1":"page","2":"type-page","3":"status-publish","4":"has-post-thumbnail","6":"category-business-intelligence-it","7":"tag-bi","8":"tag-indicative","9":"tag-piattaforma-business-intelligence","10":"tag-programma-business-intelligence","11":"tag-software-business-intelligence","12":"tag-soluzione-business-intelligence"},"wppr_data":{"cwp_meta_box_check":"Yes","cwp_rev_product_name":"","cwp_rev_product_image":"","cwp_image_link":"image","cwp_rev_price":"","wppr_rating":"0.00"},"acf":[],"yoast_head":"<!-- This site is optimized with the Yoast SEO plugin v27.4 - https:\/\/yoast.com\/product\/yoast-seo-wordpress\/ -->\n<title>Indicative: recensione software Business Intelligence - Accurate Reviews<\/title>\n<meta name=\"description\" content=\"Indicative: recensione strumento di business intelligence intuitivo progettato per aiutare le aziende a ottimizzare le loro operazioni.\" \/>\n<meta name=\"robots\" content=\"index, follow, max-snippet:-1, max-image-preview:large, max-video-preview:-1\" \/>\n<link rel=\"canonical\" href=\"https:\/\/www.accuratereviews.com\/it\/business-intelligence\/indicative-recensione\/\" \/>\n<meta property=\"og:locale\" content=\"it_IT\" \/>\n<meta property=\"og:type\" content=\"article\" \/>\n<meta property=\"og:title\" content=\"Indicative: recensione software Business Intelligence - Accurate Reviews\" \/>\n<meta property=\"og:description\" content=\"Indicative: recensione strumento di business intelligence intuitivo progettato per aiutare le aziende a ottimizzare le loro operazioni.\" \/>\n<meta property=\"og:url\" content=\"https:\/\/www.accuratereviews.com\/it\/business-intelligence\/indicative-recensione\/\" \/>\n<meta property=\"og:site_name\" content=\"Accurate Reviews\" \/>\n<meta property=\"article:modified_time\" content=\"2021-05-18T15:03:50+00:00\" \/>\n<meta property=\"og:image\" content=\"https:\/\/www.accuratereviews.com\/wp-content\/uploads\/2019\/12\/indicative.png\" \/>\n\t<meta property=\"og:image:width\" content=\"1052\" \/>\n\t<meta property=\"og:image:height\" content=\"399\" \/>\n\t<meta property=\"og:image:type\" content=\"image\/png\" \/>\n<meta name=\"twitter:card\" content=\"summary_large_image\" \/>\n<meta name=\"twitter:label1\" content=\"Tempo di lettura stimato\" \/>\n\t<meta name=\"twitter:data1\" content=\"3 minuti\" \/>\n<script type=\"application\/ld+json\" class=\"yoast-schema-graph\">{\"@context\":\"https:\\\/\\\/schema.org\",\"@graph\":[{\"@type\":\"WebPage\",\"@id\":\"https:\\\/\\\/www.accuratereviews.com\\\/it\\\/business-intelligence\\\/indicative-recensione\\\/\",\"url\":\"https:\\\/\\\/www.accuratereviews.com\\\/it\\\/business-intelligence\\\/indicative-recensione\\\/\",\"name\":\"Indicative: recensione software Business Intelligence - Accurate Reviews\",\"isPartOf\":{\"@id\":\"https:\\\/\\\/www.accuratereviews.com\\\/it\\\/#website\"},\"primaryImageOfPage\":{\"@id\":\"https:\\\/\\\/www.accuratereviews.com\\\/it\\\/business-intelligence\\\/indicative-recensione\\\/#primaryimage\"},\"image\":{\"@id\":\"https:\\\/\\\/www.accuratereviews.com\\\/it\\\/business-intelligence\\\/indicative-recensione\\\/#primaryimage\"},\"thumbnailUrl\":\"https:\\\/\\\/www.accuratereviews.com\\\/wp-content\\\/uploads\\\/2019\\\/12\\\/indicative.png\",\"datePublished\":\"2019-12-16T15:16:06+00:00\",\"dateModified\":\"2021-05-18T15:03:50+00:00\",\"description\":\"Indicative: recensione strumento di business intelligence intuitivo progettato per aiutare le aziende a ottimizzare le loro operazioni.\",\"breadcrumb\":{\"@id\":\"https:\\\/\\\/www.accuratereviews.com\\\/it\\\/business-intelligence\\\/indicative-recensione\\\/#breadcrumb\"},\"inLanguage\":\"it-IT\",\"potentialAction\":[{\"@type\":\"ReadAction\",\"target\":[\"https:\\\/\\\/www.accuratereviews.com\\\/it\\\/business-intelligence\\\/indicative-recensione\\\/\"]}]},{\"@type\":\"ImageObject\",\"inLanguage\":\"it-IT\",\"@id\":\"https:\\\/\\\/www.accuratereviews.com\\\/it\\\/business-intelligence\\\/indicative-recensione\\\/#primaryimage\",\"url\":\"https:\\\/\\\/www.accuratereviews.com\\\/wp-content\\\/uploads\\\/2019\\\/12\\\/indicative.png\",\"contentUrl\":\"https:\\\/\\\/www.accuratereviews.com\\\/wp-content\\\/uploads\\\/2019\\\/12\\\/indicative.png\",\"width\":1052,\"height\":399},{\"@type\":\"BreadcrumbList\",\"@id\":\"https:\\\/\\\/www.accuratereviews.com\\\/it\\\/business-intelligence\\\/indicative-recensione\\\/#breadcrumb\",\"itemListElement\":[{\"@type\":\"ListItem\",\"position\":1,\"name\":\"Home\",\"item\":\"https:\\\/\\\/www.accuratereviews.com\\\/it\\\/\"},{\"@type\":\"ListItem\",\"position\":2,\"name\":\"Business intelligence\",\"item\":\"https:\\\/\\\/www.accuratereviews.com\\\/it\\\/business-intelligence\\\/\"},{\"@type\":\"ListItem\",\"position\":3,\"name\":\"Indicative\"}]},{\"@type\":\"WebSite\",\"@id\":\"https:\\\/\\\/www.accuratereviews.com\\\/it\\\/#website\",\"url\":\"https:\\\/\\\/www.accuratereviews.com\\\/it\\\/\",\"name\":\"Accurate Reviews\",\"description\":\"\",\"potentialAction\":[{\"@type\":\"SearchAction\",\"target\":{\"@type\":\"EntryPoint\",\"urlTemplate\":\"https:\\\/\\\/www.accuratereviews.com\\\/it\\\/?s={search_term_string}\"},\"query-input\":{\"@type\":\"PropertyValueSpecification\",\"valueRequired\":true,\"valueName\":\"search_term_string\"}}],\"inLanguage\":\"it-IT\"}]}<\/script>\n<!-- \/ Yoast SEO plugin. -->","yoast_head_json":{"title":"Indicative: recensione software Business Intelligence - Accurate Reviews","description":"Indicative: recensione strumento di business intelligence intuitivo progettato per aiutare le aziende a ottimizzare le loro operazioni.","robots":{"index":"index","follow":"follow","max-snippet":"max-snippet:-1","max-image-preview":"max-image-preview:large","max-video-preview":"max-video-preview:-1"},"canonical":"https:\/\/www.accuratereviews.com\/it\/business-intelligence\/indicative-recensione\/","og_locale":"it_IT","og_type":"article","og_title":"Indicative: recensione software Business Intelligence - Accurate Reviews","og_description":"Indicative: recensione strumento di business intelligence intuitivo progettato per aiutare le aziende a ottimizzare le loro operazioni.","og_url":"https:\/\/www.accuratereviews.com\/it\/business-intelligence\/indicative-recensione\/","og_site_name":"Accurate Reviews","article_modified_time":"2021-05-18T15:03:50+00:00","og_image":[{"width":1052,"height":399,"url":"https:\/\/www.accuratereviews.com\/wp-content\/uploads\/2019\/12\/indicative.png","type":"image\/png"}],"twitter_card":"summary_large_image","twitter_misc":{"Tempo di lettura stimato":"3 minuti"},"schema":{"@context":"https:\/\/schema.org","@graph":[{"@type":"WebPage","@id":"https:\/\/www.accuratereviews.com\/it\/business-intelligence\/indicative-recensione\/","url":"https:\/\/www.accuratereviews.com\/it\/business-intelligence\/indicative-recensione\/","name":"Indicative: recensione software Business Intelligence - Accurate Reviews","isPartOf":{"@id":"https:\/\/www.accuratereviews.com\/it\/#website"},"primaryImageOfPage":{"@id":"https:\/\/www.accuratereviews.com\/it\/business-intelligence\/indicative-recensione\/#primaryimage"},"image":{"@id":"https:\/\/www.accuratereviews.com\/it\/business-intelligence\/indicative-recensione\/#primaryimage"},"thumbnailUrl":"https:\/\/www.accuratereviews.com\/wp-content\/uploads\/2019\/12\/indicative.png","datePublished":"2019-12-16T15:16:06+00:00","dateModified":"2021-05-18T15:03:50+00:00","description":"Indicative: recensione strumento di business intelligence intuitivo progettato per aiutare le aziende a ottimizzare le loro operazioni.","breadcrumb":{"@id":"https:\/\/www.accuratereviews.com\/it\/business-intelligence\/indicative-recensione\/#breadcrumb"},"inLanguage":"it-IT","potentialAction":[{"@type":"ReadAction","target":["https:\/\/www.accuratereviews.com\/it\/business-intelligence\/indicative-recensione\/"]}]},{"@type":"ImageObject","inLanguage":"it-IT","@id":"https:\/\/www.accuratereviews.com\/it\/business-intelligence\/indicative-recensione\/#primaryimage","url":"https:\/\/www.accuratereviews.com\/wp-content\/uploads\/2019\/12\/indicative.png","contentUrl":"https:\/\/www.accuratereviews.com\/wp-content\/uploads\/2019\/12\/indicative.png","width":1052,"height":399},{"@type":"BreadcrumbList","@id":"https:\/\/www.accuratereviews.com\/it\/business-intelligence\/indicative-recensione\/#breadcrumb","itemListElement":[{"@type":"ListItem","position":1,"name":"Home","item":"https:\/\/www.accuratereviews.com\/it\/"},{"@type":"ListItem","position":2,"name":"Business intelligence","item":"https:\/\/www.accuratereviews.com\/it\/business-intelligence\/"},{"@type":"ListItem","position":3,"name":"Indicative"}]},{"@type":"WebSite","@id":"https:\/\/www.accuratereviews.com\/it\/#website","url":"https:\/\/www.accuratereviews.com\/it\/","name":"Accurate Reviews","description":"","potentialAction":[{"@type":"SearchAction","target":{"@type":"EntryPoint","urlTemplate":"https:\/\/www.accuratereviews.com\/it\/?s={search_term_string}"},"query-input":{"@type":"PropertyValueSpecification","valueRequired":true,"valueName":"search_term_string"}}],"inLanguage":"it-IT"}]}},"_links":{"self":[{"href":"https:\/\/www.accuratereviews.com\/it\/wp-json\/wp\/v2\/pages\/21269","targetHints":{"allow":["GET"]}}],"collection":[{"href":"https:\/\/www.accuratereviews.com\/it\/wp-json\/wp\/v2\/pages"}],"about":[{"href":"https:\/\/www.accuratereviews.com\/it\/wp-json\/wp\/v2\/types\/page"}],"author":[{"embeddable":true,"href":"https:\/\/www.accuratereviews.com\/it\/wp-json\/wp\/v2\/users\/19"}],"replies":[{"embeddable":true,"href":"https:\/\/www.accuratereviews.com\/it\/wp-json\/wp\/v2\/comments?post=21269"}],"version-history":[{"count":9,"href":"https:\/\/www.accuratereviews.com\/it\/wp-json\/wp\/v2\/pages\/21269\/revisions"}],"predecessor-version":[{"id":42946,"href":"https:\/\/www.accuratereviews.com\/it\/wp-json\/wp\/v2\/pages\/21269\/revisions\/42946"}],"up":[{"embeddable":true,"href":"https:\/\/www.accuratereviews.com\/it\/wp-json\/wp\/v2\/pages\/32646"}],"wp:featuredmedia":[{"embeddable":true,"href":"https:\/\/www.accuratereviews.com\/it\/wp-json\/wp\/v2\/media\/21270"}],"wp:attachment":[{"href":"https:\/\/www.accuratereviews.com\/it\/wp-json\/wp\/v2\/media?parent=21269"}],"wp:term":[{"taxonomy":"category","embeddable":true,"href":"https:\/\/www.accuratereviews.com\/it\/wp-json\/wp\/v2\/categories?post=21269"},{"taxonomy":"post_tag","embeddable":true,"href":"https:\/\/www.accuratereviews.com\/it\/wp-json\/wp\/v2\/tags?post=21269"},{"taxonomy":"features","embeddable":true,"href":"https:\/\/www.accuratereviews.com\/it\/wp-json\/wp\/v2\/features?post=21269"}],"curies":[{"name":"wp","href":"https:\/\/api.w.org\/{rel}","templated":true}]}}