{"id":21278,"date":"2019-12-16T15:16:30","date_gmt":"2019-12-16T15:16:30","guid":{"rendered":"https:\/\/www.accuratereviews.com\/?page_id=21278"},"modified":"2021-05-27T13:19:05","modified_gmt":"2021-05-27T13:19:05","slug":"sas-business-intelligence-recensione","status":"publish","type":"page","link":"https:\/\/www.accuratereviews.com\/it\/business-intelligence\/sas-business-intelligence-recensione\/","title":{"rendered":"SAS Business Intelligence"},"content":{"rendered":"<p><strong>SAS Business Intelligence<\/strong> fa parte di SAS Enterprise Solutions. Combina <strong>business intelligence e analisi<\/strong> per scoprire e raccogliere dati a livello aziendale. Il prodotto distribuisce analisi in tempo reale direttamente su dispositivi mobili e applicazioni Microsoft. Queste funzionalit\u00e0 consentono ai manager di visualizzare rapidamente le loro metriche di business e ricavare dati di alta qualit\u00e0 e fruibili, che li aiutano a prendere decisioni aziendali intelligenti.\u00a0SAS Business Intelligence &amp; Analytics comprende sei moduli chiave: SAS Visual Analytics, SAS Visual Statistics, SAS Office Analytics, SAS Enterprise Guide e SAS Enterprise BI Server. Questa suite perfettamente integrata offre una gamma di utili strumenti e funzionalit\u00e0 di <strong>BI<\/strong>. Il modulo principale \u00e8 <strong>SAS Visual Analytics<\/strong> che consente di esplorare visivamente i dati, identificare relazioni e schemi di dati e ottenere approfondimenti dalle visualizzazioni interattive. \u00c8 possibile utilizzare ambienti basati su dashboard per generare report approfonditi da un&#8217;unica posizione.<\/p>\n<h2>SAS BUSINESS INTELLIGENCE &#8211; TUTORIAL<\/h2>\n<p>Il tutorial che segue mostra come iniziare a utilizzare questo <strong>software di\u00a0Business Intelligence<\/strong>:<\/p>\n<div id=\"fluid-wrapper-counter-1\" class=\"g1-fluid-wrapper \" style=\"width:686px;\">\n<div style=\"padding-bottom:56.268221574344%;\"><iframe loading=\"lazy\" title=\"What Is SAS | SAS Tutorial For Beginners | SAS Programming | SAS Training | Edureka\" width=\"686\" height=\"386\" src=\"https:\/\/www.youtube.com\/embed\/6oeeedtz9Gg?feature=oembed&amp;wmode=transparent&amp;autohide=1&amp;autoplay=0&amp;disablekb=0&amp;fs=1&amp;loop=0&amp;enablejsapi=1&amp;rel=0&amp;controls=2&amp;showinfo=0&amp;wmode=transparent&amp;autohide=2&amp;autoplay=0&amp;disablekb=0&amp;fs=1&amp;loop=0&amp;enablejsapi=1&amp;rel=0&amp;controls=2&amp;showinfo=1\" frameborder=\"0\" allow=\"accelerometer; autoplay; clipboard-write; encrypted-media; gyroscope; picture-in-picture\" allowfullscreen><\/iframe><\/div>\n<\/div>\n<p>&nbsp;<\/p>\n<h3>SAS BUSINESS INTELLIGENCE &#8211; CARATTERISTICHE<\/h3>\n<ul>\n<li><strong>Integrazione e gestione dei dati<\/strong>: accede ed elabora grandi volumi di dati complessi strutturati e non strutturati in una variet\u00e0 di formati da diverse fonti interne ed esterne in modo rapido, preciso e affidabile<\/li>\n<li><strong>Analisi avanzate<\/strong>: fornisce l&#8217;accesso a una vasta gamma di tecniche analitiche avanzate come analisi dei social network, sequenza temporale, analisi del testo e altro da un&#8217;interfaccia facile da usare<\/li>\n<li><strong>Ricerca e scoperta<\/strong>: consente ricerche rapide e accurate in un&#8217;ampia gamma di formati: strutturato, non strutturato e geocalizzato. Fornisce risultati in tempo reale agli utenti in base alle informazioni aggiornate<\/li>\n<li><strong>Analisi delle entit\u00e0:<\/strong> offre potenti capacit\u00e0 automatizzate di estrazione e risoluzione delle entit\u00e0 e mostra la vicinanza, l&#8217;influenza delle entit\u00e0 per evidenziare potenziali aree di interesse.<\/li>\n<li><strong>Gestione dei casi intelligente<\/strong>: fornisce una funzione di gestione delle decisioni completa che scopre eventi di interesse e attiva avvisi attraverso analisi avanzate, regole aziendali, scenari e integrazione con sistemi di terze parti<\/li>\n<li><strong>Amministrazione e configurazione<\/strong>: fornisce un modello di dati aperto e un&#8217;interfaccia di amministrazione basata sul web per la personalizzazione, ad es. Progettazione di interfacce, componenti e schermate per la visualizzazione e l&#8217;utilizzo dei dati, per soddisfare i requisiti attuali e adattarsi alle mutevoli esigenze<\/li>\n<li><strong>Accesso mobile<\/strong>: fornisce accesso on-the-go tramite SAS Mobile Investigator, consentendo di cercare dati, ricevere ed elaborare attivit\u00e0, creare nuovi contenuti e gestire le indagini dai dispositivi mobili.<\/li>\n<\/ul>\n<h4>LE RECENSIONI DEGLI UTENTI<\/h4>\n<h4>Tapan J. &#8220;SAS BI &#8211; Strumento di BI completo e scalabile&#8221;<\/h4>\n<p><strong>Vantaggi<\/strong>: le funzionalit\u00e0 di esplorazione dei dati visivi per visualizzare i dati e trovare rapidamente i modelli \u00e8 sorprendente. Le funzionalit\u00e0 come le mappe di calore ci aiutano a capire da dove proviene la maggior parte del traffico per un inserzionista e aiuta l&#8217;inserzionista a indirizzare i clienti in modo pi\u00f9 efficace. La creazione di dashboard non richiede molte conoscenze tecniche e chiunque pu\u00f2 iniziare a creare dashboard. Inoltre, questi dashboard e report semplificano la collaborazione in quanto persone diverse sono in grado di condividere i propri commenti commentando direttamente gli oggetti visivi o i grafici.<br \/>\nUn&#8217;altra caratteristica che mi interessa \u00e8 che consente l&#8217;integrazione con altre piattaforme open source come R.<\/p>\n<p><strong>Inconvenienti<\/strong>: un set cos\u00ec completo di funzionalit\u00e0 con un marchio come SAS ovviamente ha un prezzo, ma trovo che il prezzo sia esagerato per le piccole e medie organizzazioni. Sono supportate solo alcune piattaforme open source e molte di quelle comuni utilizzate da molte organizzazioni pi\u00f9 piccole sono state escluse. Inoltre, l&#8217;interfaccia utente sembra datata e ha bisogno di un restyling per abbinare altri giocatori come Tableau.<\/p>\n<h4>Donald W. &#8220;Molto potente, flessibile e funziona con tutte le terze parti di cui abbiamo bisogno.&#8221;<\/h4>\n<p><strong>Commenti<\/strong>: La possibilit\u00e0 di connettersi con tutte le terze parti (che utilizziamo) e unire i loro dati in un unico sistema, quindi analizzare le informazioni strutturate in modo coerente e affidabile rende SAS Business Intelligence un sistema molto potente. Anche la capacit\u00e0 di eseguire codice creato 10 anni fa \u00e8 molto bella.<\/p>\n<p><strong>Vantaggi<\/strong>: la possibilit\u00e0 di connettersi con tutte le terze parti (che utilizziamo) e unire i loro dati in un unico sistema, quindi analizzare le informazioni strutturate in modo coerente e affidabile rende SAS Business Intelligence un sistema molto potente. Anche la capacit\u00e0 di eseguire codice creato 10 anni fa \u00e8 molto bella.<\/p>\n<p><strong>Inconvenienti<\/strong>: la complessit\u00e0 e l&#8217;incostanza del prodotto non sono sempre le pi\u00f9 desiderabili. Spesso fare cose simili richiede approcci molto diversi. SAS Business Intelligence \u00e8 in circolazione da cos\u00ec tanto tempo che diversi &#8220;proc&#8221;, come vengono chiamati nel loro sistema, hanno spesso un&#8217;estrema varianza nella sintassi.<\/p>\n<h4>Piyush G. &#8220;SAS Business Intelligence Suite \u00e8 un software extra ordinario per gestire tutto ci\u00f2 che riguarda i dati&#8221;<\/h4>\n<p><strong>Commenti<\/strong>: \u00e8 una suite BI completa. Puoi fare tutto con Data.<\/p>\n<p><strong>Vantaggi<\/strong>: lo sto usando da 8 anni e puoi fare tutto con i dati usando SAS BI.\u00a0L&#8217;ho usato per ETL, report e per la modifica, ma possiamo creare dashboard e tante altre cose.<\/p>\n<p><strong>Inconvenienti<\/strong>: il pi\u00f9 grande svantaggio \u00e8 il fattore costo. SAS \u00e8 piuttosto costoso e le piccole organizzazioni non possono proprio permetterselo. Ora abbiamo freeware sul mercato come Python e R in sostituzione di SAS.<\/p>\n","protected":false},"excerpt":{"rendered":"<p>SAS Business Intelligence fa parte di SAS Enterprise Solutions. Combina business intelligence e analisi per scoprire e raccogliere dati a livello aziendale. Il prodotto distribuisce analisi in tempo reale direttamente su dispositivi mobili e applicazioni Microsoft. Queste funzionalit\u00e0 consentono ai manager di visualizzare rapidamente le loro metriche di business e ricavare dati di alta qualit\u00e0 e fruibili, che li aiutano a prendere decisioni aziendali intelligenti.<\/p>\n","protected":false},"author":19,"featured_media":21279,"parent":32646,"menu_order":0,"comment_status":"open","ping_status":"closed","template":"g1_template_page_review_new.php","meta":{"_acf_changed":false,"cwp_meta_box_check":"Yes","cwp_rev_product_name":"","cwp_rev_product_image":"","wppr_links":[],"cwp_rev_price":"","wppr_options":[],"wppr_pros":[],"wppr_cons":[],"_monsterinsights_skip_tracking":false,"_monsterinsights_sitenote_active":false,"_monsterinsights_sitenote_note":"","_monsterinsights_sitenote_category":0,"footnotes":""},"categories":[1555],"tags":[1604,1561,396,1557,1605,1556,1558],"features":[],"class_list":{"0":"post-21278","1":"page","2":"type-page","3":"status-publish","4":"has-post-thumbnail","6":"category-business-intelligence-it","7":"tag-analisi-aziendale","8":"tag-bi","9":"tag-cloud","10":"tag-programma-business-intelligence","11":"tag-sas-business-intelligence","12":"tag-software-business-intelligence","13":"tag-soluzione-business-intelligence"},"wppr_data":{"cwp_meta_box_check":"Yes","cwp_rev_product_name":"","cwp_rev_product_image":"","cwp_image_link":"image","cwp_rev_price":"","wppr_rating":"0.00"},"acf":[],"yoast_head":"<!-- This site is optimized with the Yoast SEO plugin v27.4 - https:\/\/yoast.com\/product\/yoast-seo-wordpress\/ -->\n<title>SAS Business Intelligence: recensione software buisiness intelligence<\/title>\n<meta name=\"description\" content=\"SAS Business Intelligence: recensione software business intelligence e analisi per scoprire e raccogliere dati a livello aziendale.\" \/>\n<meta name=\"robots\" content=\"index, follow, max-snippet:-1, max-image-preview:large, max-video-preview:-1\" \/>\n<link rel=\"canonical\" href=\"https:\/\/www.accuratereviews.com\/it\/business-intelligence\/sas-business-intelligence-recensione\/\" \/>\n<meta property=\"og:locale\" content=\"it_IT\" \/>\n<meta property=\"og:type\" content=\"article\" \/>\n<meta property=\"og:title\" content=\"SAS Business Intelligence: recensione software buisiness intelligence\" \/>\n<meta property=\"og:description\" content=\"SAS Business Intelligence: recensione software business intelligence e analisi per scoprire e raccogliere dati a livello aziendale.\" \/>\n<meta property=\"og:url\" content=\"https:\/\/www.accuratereviews.com\/it\/business-intelligence\/sas-business-intelligence-recensione\/\" \/>\n<meta property=\"og:site_name\" content=\"Accurate Reviews\" \/>\n<meta property=\"article:modified_time\" content=\"2021-05-27T13:19:05+00:00\" \/>\n<meta property=\"og:image\" content=\"https:\/\/www.accuratereviews.com\/wp-content\/uploads\/2019\/12\/SAS.jpg\" \/>\n\t<meta property=\"og:image:width\" content=\"555\" \/>\n\t<meta property=\"og:image:height\" content=\"400\" \/>\n\t<meta property=\"og:image:type\" content=\"image\/jpeg\" \/>\n<meta name=\"twitter:card\" content=\"summary_large_image\" \/>\n<meta name=\"twitter:label1\" content=\"Tempo di lettura stimato\" \/>\n\t<meta name=\"twitter:data1\" content=\"4 minuti\" \/>\n<script type=\"application\/ld+json\" class=\"yoast-schema-graph\">{\"@context\":\"https:\\\/\\\/schema.org\",\"@graph\":[{\"@type\":\"WebPage\",\"@id\":\"https:\\\/\\\/www.accuratereviews.com\\\/it\\\/business-intelligence\\\/sas-business-intelligence-recensione\\\/\",\"url\":\"https:\\\/\\\/www.accuratereviews.com\\\/it\\\/business-intelligence\\\/sas-business-intelligence-recensione\\\/\",\"name\":\"SAS Business Intelligence: recensione software buisiness intelligence\",\"isPartOf\":{\"@id\":\"https:\\\/\\\/www.accuratereviews.com\\\/it\\\/#website\"},\"primaryImageOfPage\":{\"@id\":\"https:\\\/\\\/www.accuratereviews.com\\\/it\\\/business-intelligence\\\/sas-business-intelligence-recensione\\\/#primaryimage\"},\"image\":{\"@id\":\"https:\\\/\\\/www.accuratereviews.com\\\/it\\\/business-intelligence\\\/sas-business-intelligence-recensione\\\/#primaryimage\"},\"thumbnailUrl\":\"https:\\\/\\\/www.accuratereviews.com\\\/wp-content\\\/uploads\\\/2019\\\/12\\\/SAS.jpg\",\"datePublished\":\"2019-12-16T15:16:30+00:00\",\"dateModified\":\"2021-05-27T13:19:05+00:00\",\"description\":\"SAS Business Intelligence: recensione software business intelligence e analisi per scoprire e raccogliere dati a livello aziendale.\",\"breadcrumb\":{\"@id\":\"https:\\\/\\\/www.accuratereviews.com\\\/it\\\/business-intelligence\\\/sas-business-intelligence-recensione\\\/#breadcrumb\"},\"inLanguage\":\"it-IT\",\"potentialAction\":[{\"@type\":\"ReadAction\",\"target\":[\"https:\\\/\\\/www.accuratereviews.com\\\/it\\\/business-intelligence\\\/sas-business-intelligence-recensione\\\/\"]}]},{\"@type\":\"ImageObject\",\"inLanguage\":\"it-IT\",\"@id\":\"https:\\\/\\\/www.accuratereviews.com\\\/it\\\/business-intelligence\\\/sas-business-intelligence-recensione\\\/#primaryimage\",\"url\":\"https:\\\/\\\/www.accuratereviews.com\\\/wp-content\\\/uploads\\\/2019\\\/12\\\/SAS.jpg\",\"contentUrl\":\"https:\\\/\\\/www.accuratereviews.com\\\/wp-content\\\/uploads\\\/2019\\\/12\\\/SAS.jpg\",\"width\":555,\"height\":400},{\"@type\":\"BreadcrumbList\",\"@id\":\"https:\\\/\\\/www.accuratereviews.com\\\/it\\\/business-intelligence\\\/sas-business-intelligence-recensione\\\/#breadcrumb\",\"itemListElement\":[{\"@type\":\"ListItem\",\"position\":1,\"name\":\"Home\",\"item\":\"https:\\\/\\\/www.accuratereviews.com\\\/it\\\/\"},{\"@type\":\"ListItem\",\"position\":2,\"name\":\"Business intelligence\",\"item\":\"https:\\\/\\\/www.accuratereviews.com\\\/it\\\/business-intelligence\\\/\"},{\"@type\":\"ListItem\",\"position\":3,\"name\":\"SAS Business Intelligence\"}]},{\"@type\":\"WebSite\",\"@id\":\"https:\\\/\\\/www.accuratereviews.com\\\/it\\\/#website\",\"url\":\"https:\\\/\\\/www.accuratereviews.com\\\/it\\\/\",\"name\":\"Accurate Reviews\",\"description\":\"\",\"potentialAction\":[{\"@type\":\"SearchAction\",\"target\":{\"@type\":\"EntryPoint\",\"urlTemplate\":\"https:\\\/\\\/www.accuratereviews.com\\\/it\\\/?s={search_term_string}\"},\"query-input\":{\"@type\":\"PropertyValueSpecification\",\"valueRequired\":true,\"valueName\":\"search_term_string\"}}],\"inLanguage\":\"it-IT\"}]}<\/script>\n<!-- \/ Yoast SEO plugin. -->","yoast_head_json":{"title":"SAS Business Intelligence: recensione software buisiness intelligence","description":"SAS Business Intelligence: recensione software business intelligence e analisi per scoprire e raccogliere dati a livello aziendale.","robots":{"index":"index","follow":"follow","max-snippet":"max-snippet:-1","max-image-preview":"max-image-preview:large","max-video-preview":"max-video-preview:-1"},"canonical":"https:\/\/www.accuratereviews.com\/it\/business-intelligence\/sas-business-intelligence-recensione\/","og_locale":"it_IT","og_type":"article","og_title":"SAS Business Intelligence: recensione software buisiness intelligence","og_description":"SAS Business Intelligence: recensione software business intelligence e analisi per scoprire e raccogliere dati a livello aziendale.","og_url":"https:\/\/www.accuratereviews.com\/it\/business-intelligence\/sas-business-intelligence-recensione\/","og_site_name":"Accurate Reviews","article_modified_time":"2021-05-27T13:19:05+00:00","og_image":[{"width":555,"height":400,"url":"https:\/\/www.accuratereviews.com\/wp-content\/uploads\/2019\/12\/SAS.jpg","type":"image\/jpeg"}],"twitter_card":"summary_large_image","twitter_misc":{"Tempo di lettura stimato":"4 minuti"},"schema":{"@context":"https:\/\/schema.org","@graph":[{"@type":"WebPage","@id":"https:\/\/www.accuratereviews.com\/it\/business-intelligence\/sas-business-intelligence-recensione\/","url":"https:\/\/www.accuratereviews.com\/it\/business-intelligence\/sas-business-intelligence-recensione\/","name":"SAS Business Intelligence: recensione software buisiness intelligence","isPartOf":{"@id":"https:\/\/www.accuratereviews.com\/it\/#website"},"primaryImageOfPage":{"@id":"https:\/\/www.accuratereviews.com\/it\/business-intelligence\/sas-business-intelligence-recensione\/#primaryimage"},"image":{"@id":"https:\/\/www.accuratereviews.com\/it\/business-intelligence\/sas-business-intelligence-recensione\/#primaryimage"},"thumbnailUrl":"https:\/\/www.accuratereviews.com\/wp-content\/uploads\/2019\/12\/SAS.jpg","datePublished":"2019-12-16T15:16:30+00:00","dateModified":"2021-05-27T13:19:05+00:00","description":"SAS Business Intelligence: recensione software business intelligence e analisi per scoprire e raccogliere dati a livello aziendale.","breadcrumb":{"@id":"https:\/\/www.accuratereviews.com\/it\/business-intelligence\/sas-business-intelligence-recensione\/#breadcrumb"},"inLanguage":"it-IT","potentialAction":[{"@type":"ReadAction","target":["https:\/\/www.accuratereviews.com\/it\/business-intelligence\/sas-business-intelligence-recensione\/"]}]},{"@type":"ImageObject","inLanguage":"it-IT","@id":"https:\/\/www.accuratereviews.com\/it\/business-intelligence\/sas-business-intelligence-recensione\/#primaryimage","url":"https:\/\/www.accuratereviews.com\/wp-content\/uploads\/2019\/12\/SAS.jpg","contentUrl":"https:\/\/www.accuratereviews.com\/wp-content\/uploads\/2019\/12\/SAS.jpg","width":555,"height":400},{"@type":"BreadcrumbList","@id":"https:\/\/www.accuratereviews.com\/it\/business-intelligence\/sas-business-intelligence-recensione\/#breadcrumb","itemListElement":[{"@type":"ListItem","position":1,"name":"Home","item":"https:\/\/www.accuratereviews.com\/it\/"},{"@type":"ListItem","position":2,"name":"Business intelligence","item":"https:\/\/www.accuratereviews.com\/it\/business-intelligence\/"},{"@type":"ListItem","position":3,"name":"SAS Business Intelligence"}]},{"@type":"WebSite","@id":"https:\/\/www.accuratereviews.com\/it\/#website","url":"https:\/\/www.accuratereviews.com\/it\/","name":"Accurate Reviews","description":"","potentialAction":[{"@type":"SearchAction","target":{"@type":"EntryPoint","urlTemplate":"https:\/\/www.accuratereviews.com\/it\/?s={search_term_string}"},"query-input":{"@type":"PropertyValueSpecification","valueRequired":true,"valueName":"search_term_string"}}],"inLanguage":"it-IT"}]}},"_links":{"self":[{"href":"https:\/\/www.accuratereviews.com\/it\/wp-json\/wp\/v2\/pages\/21278","targetHints":{"allow":["GET"]}}],"collection":[{"href":"https:\/\/www.accuratereviews.com\/it\/wp-json\/wp\/v2\/pages"}],"about":[{"href":"https:\/\/www.accuratereviews.com\/it\/wp-json\/wp\/v2\/types\/page"}],"author":[{"embeddable":true,"href":"https:\/\/www.accuratereviews.com\/it\/wp-json\/wp\/v2\/users\/19"}],"replies":[{"embeddable":true,"href":"https:\/\/www.accuratereviews.com\/it\/wp-json\/wp\/v2\/comments?post=21278"}],"version-history":[{"count":12,"href":"https:\/\/www.accuratereviews.com\/it\/wp-json\/wp\/v2\/pages\/21278\/revisions"}],"predecessor-version":[{"id":43433,"href":"https:\/\/www.accuratereviews.com\/it\/wp-json\/wp\/v2\/pages\/21278\/revisions\/43433"}],"up":[{"embeddable":true,"href":"https:\/\/www.accuratereviews.com\/it\/wp-json\/wp\/v2\/pages\/32646"}],"wp:featuredmedia":[{"embeddable":true,"href":"https:\/\/www.accuratereviews.com\/it\/wp-json\/wp\/v2\/media\/21279"}],"wp:attachment":[{"href":"https:\/\/www.accuratereviews.com\/it\/wp-json\/wp\/v2\/media?parent=21278"}],"wp:term":[{"taxonomy":"category","embeddable":true,"href":"https:\/\/www.accuratereviews.com\/it\/wp-json\/wp\/v2\/categories?post=21278"},{"taxonomy":"post_tag","embeddable":true,"href":"https:\/\/www.accuratereviews.com\/it\/wp-json\/wp\/v2\/tags?post=21278"},{"taxonomy":"features","embeddable":true,"href":"https:\/\/www.accuratereviews.com\/it\/wp-json\/wp\/v2\/features?post=21278"}],"curies":[{"name":"wp","href":"https:\/\/api.w.org\/{rel}","templated":true}]}}