{"id":21283,"date":"2019-12-16T15:16:41","date_gmt":"2019-12-16T15:16:41","guid":{"rendered":"https:\/\/www.accuratereviews.com\/?page_id=21283"},"modified":"2021-05-18T14:27:45","modified_gmt":"2021-05-18T14:27:45","slug":"dbxtra-recensione","status":"publish","type":"page","link":"https:\/\/www.accuratereviews.com\/it\/business-intelligence\/dbxtra-recensione\/","title":{"rendered":"Dbxtra"},"content":{"rendered":"<p><strong>DBxtra<\/strong> \u00e8 un <strong>software di rendicontazione<\/strong> ad hoc facile da usare e ideale per i progettisti di report inesperti che, tramite questo strumento, riescono a <strong>creare e ottenere report<\/strong> interattivi in poco tempo e senza nessuna conoscenza di programmazione o di SQL. Si tratta di un <strong>programma di business intelligence<\/strong> che ti permette di avere il pieno controllo su query dei dati, filtri,\u00a0espressioni di campo, parametri di input dell&#8217;utente finale, formattazione dei report e comportamento dei report. Potrete accedere ai vostri dati e visualizzare i report con <strong>Free Desktop Report Viewer<\/strong> e potrete utilizzare anche <strong>Excel Reporting Service<\/strong> che vi consente di utilizzare i dati in tempo reale all&#8217;interno di Microsoft Excel.<\/p>\n<h2>COME FUNZIONA DBXTRA &#8211; TUTORIAL<\/h2>\n<p>Ecco un video che ci mostra qualcosa di pi\u00f9 di questo software:<\/p>\n<div id=\"fluid-wrapper-counter-1\" class=\"g1-fluid-wrapper \" style=\"width:686px;\">\n<div style=\"padding-bottom:56.268221574344%;\"><iframe loading=\"lazy\" title=\"DBxtra Report Basics\" width=\"686\" height=\"386\" src=\"https:\/\/www.youtube.com\/embed\/_vbKANmWB98?feature=oembed&amp;wmode=transparent&amp;autohide=1&amp;autoplay=0&amp;disablekb=0&amp;fs=1&amp;loop=0&amp;enablejsapi=1&amp;rel=0&amp;controls=2&amp;showinfo=0&amp;wmode=transparent&amp;autohide=2&amp;autoplay=0&amp;disablekb=0&amp;fs=1&amp;loop=0&amp;enablejsapi=1&amp;rel=0&amp;controls=2&amp;showinfo=1\" frameborder=\"0\" allow=\"accelerometer; autoplay; clipboard-write; encrypted-media; gyroscope; picture-in-picture\" allowfullscreen><\/iframe><\/div>\n<\/div>\n<h3>DBXTRA &#8211; CARATTERISITCHE<\/h3>\n<p>Diamo uno sguardo alle sue caratteristiche principali:<\/p>\n<ul>\n<li><strong>Progettazione di report<\/strong>: crea report in modo semplice e veloce senza nessuna conoscenza di programmazione, SQL<\/li>\n<li><strong>Pianificazione dei report<\/strong>: automatizza la consegna delle informazioni ed evita attivit\u00e0 ripetitive utilizzando Schedule Server che ti offre funzionalit\u00e0 di panificazione dei report con molte opzioni<\/li>\n<li><strong>Creazione di dashboard<\/strong>: progetta e crea rapidamente dashboard potenti e interattive basate sul web<\/li>\n<li><strong>Distribuzione automatica delle informazioni<\/strong>: grazie a Free Desktop Report Viewer e a Excel Reporting Service, puoi accedere subito ai tuoi report e ai tuoi dati in tempo reale.<\/li>\n<\/ul>\n<h3>LE RECENSIONI DEGLI UTENTI<\/h3>\n<p><strong>&#8220;Migliore piattaforma di BI di valore. Supporto eccellente.&#8221;<\/strong><br \/>\nIN GENERALE: abbiamo utilizzato DBXTRA per oltre 5 anni con una base di utenti nazionale che accede tramite IIS. I nostri clienti adorano la semplicit\u00e0 dell&#8217;interfaccia utente, le funzionalit\u00e0 avanzate e adoriamo l&#8217;affidabilit\u00e0 e il supporto. Consigliamo vivamente questo prodotto!<br \/>\nPRO: facilit\u00e0 d&#8217;uso, distribuzione rapida, funzionalit\u00e0 avanzate.<br \/>\nCONTRO: Nessun contro significativo. Per una distribuzione web sicura, \u00e8 necessario eseguire una configurazione IIS interna, ma \u00e8 prevista, relativamente semplice e consente di integrarsi in un gateway web personalizzato.<\/p>\n<p><strong>&#8220;Pi\u00f9 veloce, migliore, pi\u00f9 economico di ogni altra cosa ..&#8221;<\/strong><br \/>\nIN GENERALE: ho trovato DBxtra molto pi\u00f9 veloce nello sviluppo, nel test e nella distribuzione agli utenti finali rispetto a MS Business Intelligence o Oracle. Mi piace anche il fatto che gli utenti finali possano facilmente apprenderlo e creare query e report personalizzati. Prende un&#8217;enorme quantit\u00e0 di carico di lavoro dall&#8217;IT quando gli utenti sono in modalit\u00e0 &#8220;Lo sapr\u00f2 quando lo vedo&#8221;.<br \/>\nPRO: sviluppo molto rapido e ciclo di lancio. Sono stato in grado di soddisfare le esigenze dei clienti in pochi minuti in cui altri strumenti hanno richiesto ore di lavoro e test.<br \/>\nCONTRO: Un paio di problemi, ma li ho gi\u00e0 passati al gruppo di supporto\/sviluppo mesi fa.<\/p>\n<p><strong>&#8220;Applicazione di segnalazione consigliata con costi accessibili&#8221;<\/strong><br \/>\nIN GENERALE: Quasi 6 anni utilizzo questa soluzione per esigenze complesse e budget limitato.<br \/>\nGli utenti sono davvero felici perch\u00e9 tutto ci\u00f2 che riguarda questa soluzione \u00e8 semplice.<br \/>\nAnche per gli sviluppatori principianti senza una buona base di programmazione pu\u00f2 facilmente impostare questa soluzione.<br \/>\nGrazie DBxtra !!!!!!<br \/>\nPRO: facile per lo sviluppo e la comprensione dell&#8217;evento per principianti.<\/p>\n","protected":false},"excerpt":{"rendered":"<p>DBxtra \u00e8 un software di rendicontazione ad hoc facile da usare e ideale per i progettisti di report inesperti che, tramite questo strumento, riescono a creare e ottenere report interattivi in poco tempo e senza nessuna conoscenza di programmazione o di SQL. Si tratta di un programma di business intelligence che ti permette di avere il pieno controllo su query dei dati, filtri,\u00a0espressioni di campo, parametri di input dell&#8217;utente finale ecc.<\/p>\n","protected":false},"author":17,"featured_media":21284,"parent":32646,"menu_order":0,"comment_status":"open","ping_status":"closed","template":"g1_template_page_review_new.php","meta":{"_acf_changed":false,"cwp_meta_box_check":"Yes","cwp_rev_product_name":"","cwp_rev_product_image":"","wppr_links":[],"cwp_rev_price":"","wppr_options":[],"wppr_pros":[],"wppr_cons":[],"_monsterinsights_skip_tracking":false,"_monsterinsights_sitenote_active":false,"_monsterinsights_sitenote_note":"","_monsterinsights_sitenote_category":0,"footnotes":""},"categories":[1555],"tags":[1561,1565,1560,1557,1558],"features":[],"class_list":{"0":"post-21283","1":"page","2":"type-page","3":"status-publish","4":"has-post-thumbnail","6":"category-business-intelligence-it","7":"tag-bi","8":"tag-business-intelligence","9":"tag-piattaforma-business-intelligence","10":"tag-programma-business-intelligence","11":"tag-soluzione-business-intelligence"},"wppr_data":{"cwp_meta_box_check":"Yes","cwp_rev_product_name":"","cwp_rev_product_image":"","cwp_image_link":"image","cwp_rev_price":"","wppr_rating":"0.00"},"acf":[],"yoast_head":"<!-- This site is optimized with the Yoast SEO plugin v27.4 - https:\/\/yoast.com\/product\/yoast-seo-wordpress\/ -->\n<title>Dbxtra: recensione business intelligence software - Accurate Reviews<\/title>\n<meta name=\"description\" content=\"DBxtra \u00e8 un software di business intelligence facile da usare e ideale per i progettisti di report inesperti per creare e ottenere report interattivi.\" \/>\n<meta name=\"robots\" content=\"index, follow, max-snippet:-1, max-image-preview:large, max-video-preview:-1\" \/>\n<link rel=\"canonical\" href=\"https:\/\/www.accuratereviews.com\/it\/business-intelligence\/dbxtra-recensione\/\" \/>\n<meta property=\"og:locale\" content=\"it_IT\" \/>\n<meta property=\"og:type\" content=\"article\" \/>\n<meta property=\"og:title\" content=\"Dbxtra: recensione business intelligence software - Accurate Reviews\" \/>\n<meta property=\"og:description\" content=\"DBxtra \u00e8 un software di business intelligence facile da usare e ideale per i progettisti di report inesperti per creare e ottenere report interattivi.\" \/>\n<meta property=\"og:url\" content=\"https:\/\/www.accuratereviews.com\/it\/business-intelligence\/dbxtra-recensione\/\" \/>\n<meta property=\"og:site_name\" content=\"Accurate Reviews\" \/>\n<meta property=\"article:modified_time\" content=\"2021-05-18T14:27:45+00:00\" \/>\n<meta property=\"og:image\" content=\"https:\/\/www.accuratereviews.com\/wp-content\/uploads\/2019\/12\/Schermata-2019-12-16-alle-08.10.04.png\" \/>\n\t<meta property=\"og:image:width\" content=\"456\" \/>\n\t<meta property=\"og:image:height\" content=\"188\" \/>\n\t<meta property=\"og:image:type\" content=\"image\/png\" \/>\n<meta name=\"twitter:card\" content=\"summary_large_image\" \/>\n<meta name=\"twitter:label1\" content=\"Tempo di lettura stimato\" \/>\n\t<meta name=\"twitter:data1\" content=\"2 minuti\" \/>\n<script type=\"application\/ld+json\" class=\"yoast-schema-graph\">{\"@context\":\"https:\\\/\\\/schema.org\",\"@graph\":[{\"@type\":\"WebPage\",\"@id\":\"https:\\\/\\\/www.accuratereviews.com\\\/it\\\/business-intelligence\\\/dbxtra-recensione\\\/\",\"url\":\"https:\\\/\\\/www.accuratereviews.com\\\/it\\\/business-intelligence\\\/dbxtra-recensione\\\/\",\"name\":\"Dbxtra: recensione business intelligence software - Accurate Reviews\",\"isPartOf\":{\"@id\":\"https:\\\/\\\/www.accuratereviews.com\\\/it\\\/#website\"},\"primaryImageOfPage\":{\"@id\":\"https:\\\/\\\/www.accuratereviews.com\\\/it\\\/business-intelligence\\\/dbxtra-recensione\\\/#primaryimage\"},\"image\":{\"@id\":\"https:\\\/\\\/www.accuratereviews.com\\\/it\\\/business-intelligence\\\/dbxtra-recensione\\\/#primaryimage\"},\"thumbnailUrl\":\"https:\\\/\\\/www.accuratereviews.com\\\/wp-content\\\/uploads\\\/2019\\\/12\\\/Schermata-2019-12-16-alle-08.10.04.png\",\"datePublished\":\"2019-12-16T15:16:41+00:00\",\"dateModified\":\"2021-05-18T14:27:45+00:00\",\"description\":\"DBxtra \u00e8 un software di business intelligence facile da usare e ideale per i progettisti di report inesperti per creare e ottenere report interattivi.\",\"breadcrumb\":{\"@id\":\"https:\\\/\\\/www.accuratereviews.com\\\/it\\\/business-intelligence\\\/dbxtra-recensione\\\/#breadcrumb\"},\"inLanguage\":\"it-IT\",\"potentialAction\":[{\"@type\":\"ReadAction\",\"target\":[\"https:\\\/\\\/www.accuratereviews.com\\\/it\\\/business-intelligence\\\/dbxtra-recensione\\\/\"]}]},{\"@type\":\"ImageObject\",\"inLanguage\":\"it-IT\",\"@id\":\"https:\\\/\\\/www.accuratereviews.com\\\/it\\\/business-intelligence\\\/dbxtra-recensione\\\/#primaryimage\",\"url\":\"https:\\\/\\\/www.accuratereviews.com\\\/wp-content\\\/uploads\\\/2019\\\/12\\\/Schermata-2019-12-16-alle-08.10.04.png\",\"contentUrl\":\"https:\\\/\\\/www.accuratereviews.com\\\/wp-content\\\/uploads\\\/2019\\\/12\\\/Schermata-2019-12-16-alle-08.10.04.png\",\"width\":456,\"height\":188},{\"@type\":\"BreadcrumbList\",\"@id\":\"https:\\\/\\\/www.accuratereviews.com\\\/it\\\/business-intelligence\\\/dbxtra-recensione\\\/#breadcrumb\",\"itemListElement\":[{\"@type\":\"ListItem\",\"position\":1,\"name\":\"Home\",\"item\":\"https:\\\/\\\/www.accuratereviews.com\\\/it\\\/\"},{\"@type\":\"ListItem\",\"position\":2,\"name\":\"Business intelligence\",\"item\":\"https:\\\/\\\/www.accuratereviews.com\\\/it\\\/business-intelligence\\\/\"},{\"@type\":\"ListItem\",\"position\":3,\"name\":\"Dbxtra\"}]},{\"@type\":\"WebSite\",\"@id\":\"https:\\\/\\\/www.accuratereviews.com\\\/it\\\/#website\",\"url\":\"https:\\\/\\\/www.accuratereviews.com\\\/it\\\/\",\"name\":\"Accurate Reviews\",\"description\":\"\",\"potentialAction\":[{\"@type\":\"SearchAction\",\"target\":{\"@type\":\"EntryPoint\",\"urlTemplate\":\"https:\\\/\\\/www.accuratereviews.com\\\/it\\\/?s={search_term_string}\"},\"query-input\":{\"@type\":\"PropertyValueSpecification\",\"valueRequired\":true,\"valueName\":\"search_term_string\"}}],\"inLanguage\":\"it-IT\"}]}<\/script>\n<!-- \/ Yoast SEO plugin. -->","yoast_head_json":{"title":"Dbxtra: recensione business intelligence software - Accurate Reviews","description":"DBxtra \u00e8 un software di business intelligence facile da usare e ideale per i progettisti di report inesperti per creare e ottenere report interattivi.","robots":{"index":"index","follow":"follow","max-snippet":"max-snippet:-1","max-image-preview":"max-image-preview:large","max-video-preview":"max-video-preview:-1"},"canonical":"https:\/\/www.accuratereviews.com\/it\/business-intelligence\/dbxtra-recensione\/","og_locale":"it_IT","og_type":"article","og_title":"Dbxtra: recensione business intelligence software - Accurate Reviews","og_description":"DBxtra \u00e8 un software di business intelligence facile da usare e ideale per i progettisti di report inesperti per creare e ottenere report interattivi.","og_url":"https:\/\/www.accuratereviews.com\/it\/business-intelligence\/dbxtra-recensione\/","og_site_name":"Accurate Reviews","article_modified_time":"2021-05-18T14:27:45+00:00","og_image":[{"width":456,"height":188,"url":"https:\/\/www.accuratereviews.com\/wp-content\/uploads\/2019\/12\/Schermata-2019-12-16-alle-08.10.04.png","type":"image\/png"}],"twitter_card":"summary_large_image","twitter_misc":{"Tempo di lettura stimato":"2 minuti"},"schema":{"@context":"https:\/\/schema.org","@graph":[{"@type":"WebPage","@id":"https:\/\/www.accuratereviews.com\/it\/business-intelligence\/dbxtra-recensione\/","url":"https:\/\/www.accuratereviews.com\/it\/business-intelligence\/dbxtra-recensione\/","name":"Dbxtra: recensione business intelligence software - Accurate Reviews","isPartOf":{"@id":"https:\/\/www.accuratereviews.com\/it\/#website"},"primaryImageOfPage":{"@id":"https:\/\/www.accuratereviews.com\/it\/business-intelligence\/dbxtra-recensione\/#primaryimage"},"image":{"@id":"https:\/\/www.accuratereviews.com\/it\/business-intelligence\/dbxtra-recensione\/#primaryimage"},"thumbnailUrl":"https:\/\/www.accuratereviews.com\/wp-content\/uploads\/2019\/12\/Schermata-2019-12-16-alle-08.10.04.png","datePublished":"2019-12-16T15:16:41+00:00","dateModified":"2021-05-18T14:27:45+00:00","description":"DBxtra \u00e8 un software di business intelligence facile da usare e ideale per i progettisti di report inesperti per creare e ottenere report interattivi.","breadcrumb":{"@id":"https:\/\/www.accuratereviews.com\/it\/business-intelligence\/dbxtra-recensione\/#breadcrumb"},"inLanguage":"it-IT","potentialAction":[{"@type":"ReadAction","target":["https:\/\/www.accuratereviews.com\/it\/business-intelligence\/dbxtra-recensione\/"]}]},{"@type":"ImageObject","inLanguage":"it-IT","@id":"https:\/\/www.accuratereviews.com\/it\/business-intelligence\/dbxtra-recensione\/#primaryimage","url":"https:\/\/www.accuratereviews.com\/wp-content\/uploads\/2019\/12\/Schermata-2019-12-16-alle-08.10.04.png","contentUrl":"https:\/\/www.accuratereviews.com\/wp-content\/uploads\/2019\/12\/Schermata-2019-12-16-alle-08.10.04.png","width":456,"height":188},{"@type":"BreadcrumbList","@id":"https:\/\/www.accuratereviews.com\/it\/business-intelligence\/dbxtra-recensione\/#breadcrumb","itemListElement":[{"@type":"ListItem","position":1,"name":"Home","item":"https:\/\/www.accuratereviews.com\/it\/"},{"@type":"ListItem","position":2,"name":"Business intelligence","item":"https:\/\/www.accuratereviews.com\/it\/business-intelligence\/"},{"@type":"ListItem","position":3,"name":"Dbxtra"}]},{"@type":"WebSite","@id":"https:\/\/www.accuratereviews.com\/it\/#website","url":"https:\/\/www.accuratereviews.com\/it\/","name":"Accurate Reviews","description":"","potentialAction":[{"@type":"SearchAction","target":{"@type":"EntryPoint","urlTemplate":"https:\/\/www.accuratereviews.com\/it\/?s={search_term_string}"},"query-input":{"@type":"PropertyValueSpecification","valueRequired":true,"valueName":"search_term_string"}}],"inLanguage":"it-IT"}]}},"_links":{"self":[{"href":"https:\/\/www.accuratereviews.com\/it\/wp-json\/wp\/v2\/pages\/21283","targetHints":{"allow":["GET"]}}],"collection":[{"href":"https:\/\/www.accuratereviews.com\/it\/wp-json\/wp\/v2\/pages"}],"about":[{"href":"https:\/\/www.accuratereviews.com\/it\/wp-json\/wp\/v2\/types\/page"}],"author":[{"embeddable":true,"href":"https:\/\/www.accuratereviews.com\/it\/wp-json\/wp\/v2\/users\/17"}],"replies":[{"embeddable":true,"href":"https:\/\/www.accuratereviews.com\/it\/wp-json\/wp\/v2\/comments?post=21283"}],"version-history":[{"count":6,"href":"https:\/\/www.accuratereviews.com\/it\/wp-json\/wp\/v2\/pages\/21283\/revisions"}],"predecessor-version":[{"id":42912,"href":"https:\/\/www.accuratereviews.com\/it\/wp-json\/wp\/v2\/pages\/21283\/revisions\/42912"}],"up":[{"embeddable":true,"href":"https:\/\/www.accuratereviews.com\/it\/wp-json\/wp\/v2\/pages\/32646"}],"wp:featuredmedia":[{"embeddable":true,"href":"https:\/\/www.accuratereviews.com\/it\/wp-json\/wp\/v2\/media\/21284"}],"wp:attachment":[{"href":"https:\/\/www.accuratereviews.com\/it\/wp-json\/wp\/v2\/media?parent=21283"}],"wp:term":[{"taxonomy":"category","embeddable":true,"href":"https:\/\/www.accuratereviews.com\/it\/wp-json\/wp\/v2\/categories?post=21283"},{"taxonomy":"post_tag","embeddable":true,"href":"https:\/\/www.accuratereviews.com\/it\/wp-json\/wp\/v2\/tags?post=21283"},{"taxonomy":"features","embeddable":true,"href":"https:\/\/www.accuratereviews.com\/it\/wp-json\/wp\/v2\/features?post=21283"}],"curies":[{"name":"wp","href":"https:\/\/api.w.org\/{rel}","templated":true}]}}