{"id":21303,"date":"2019-12-16T15:15:54","date_gmt":"2019-12-16T15:15:54","guid":{"rendered":"https:\/\/www.accuratereviews.com\/?page_id=21303"},"modified":"2021-05-27T13:44:45","modified_gmt":"2021-05-27T13:44:45","slug":"stratum-recensione","status":"publish","type":"page","link":"https:\/\/www.accuratereviews.com\/it\/business-intelligence\/stratum-recensione\/","title":{"rendered":"Stratum"},"content":{"rendered":"<p class=\"h2 mb-0\"><strong>Stratum<\/strong> \u00e8 un <strong>software di business intelligence<\/strong>, progettato principalmente per aziende manifatturiere e di distribuzione all&#8217;ingrosso e offerto da Silvon Software, fornitore globale che propone queste soluzioni. Si tratta di un programma che offre numerosi <strong>strumenti di business intelligence<\/strong> che ti permettono di pianificare, analizzare e gestire le prestazioni operative. Tutto questo \u00e8 garantito dall&#8217;utilizzo di report analitici predefiniti, dashboard metriche KPI, scorecard e avvisi sulle prestazioni. Inoltre <strong>Stratum<\/strong> offre applicazioni integrate che mirano maggiormente alla previsione della domanda, all&#8217;ottimizzazione dell&#8217;inventario per poi arrivare ad una pianificazione delle vendite.<\/p>\n<h2>COME UTILIZZARE STRATUM &#8211; TUTORIAL<\/h2>\n<p>Ecco un video della demo di questo programma:<\/p>\n<div id=\"fluid-wrapper-counter-1\" class=\"g1-fluid-wrapper \" style=\"width:686px;\">\n<div style=\"padding-bottom:56.268221574344%;\"><iframe loading=\"lazy\" title=\"Silvon Stratum \u2013 Solution Demo\" width=\"686\" height=\"386\" src=\"https:\/\/www.youtube.com\/embed\/XeVyeXR8eHk?feature=oembed&amp;wmode=transparent&amp;autohide=1&amp;autoplay=0&amp;disablekb=0&amp;fs=1&amp;loop=0&amp;enablejsapi=1&amp;rel=0&amp;controls=2&amp;showinfo=0&amp;wmode=transparent&amp;autohide=2&amp;autoplay=0&amp;disablekb=0&amp;fs=1&amp;loop=0&amp;enablejsapi=1&amp;rel=0&amp;controls=2&amp;showinfo=1\" frameborder=\"0\" allow=\"accelerometer; autoplay; encrypted-media; gyroscope; picture-in-picture\" allowfullscreen><\/iframe><\/div>\n<\/div>\n<h3>STRATUM &#8211; CARATTERISTICHE<\/h3>\n<p>Di seguito le sue principali caratteristiche:<\/p>\n<ul>\n<li>Report<\/li>\n<li>Budgeting e previsioni<\/li>\n<li>Cruscotto<\/li>\n<li>Analisi dei dati<\/li>\n<li>Visual Analytics<\/li>\n<li>Indicatore chiave di prestazione<\/li>\n<li>Metriche delle prestazioni<\/li>\n<li>Indicatori di tendenza \/ problema<\/li>\n<li>Analisi della redditivit\u00e0<\/li>\n<li>Pianificazione strategica<\/li>\n<\/ul>\n<h3>LE RECENSIONI DEGLI UTENTI<\/h3>\n<ul>\n<li><strong>&#8220;Stratum ha soddisfatto i nostri requisiti di segnalazione &#8230; due volte&#8221;<\/strong><br \/>\nPRO: Silvon \u00e8 stato l&#8217;unico fornitore che ha dimostrato e soddisfatto i nostri principali requisiti di reporting (due volte &#8230; inizialmente durante l&#8217;acquisizione di uno strumento di reporting per gli utenti su iSeries e 7 anni dopo quando abbiamo visitato nuovamente i nostri strumenti di reporting per server SQL). Avevamo soprattutto bisogno di criteri come &#8220;tutti questi ma non quelli&#8221;. Stratum ha permesso ai nostri utenti di scrivere ed eseguire i propri report, liberando tempo IT per i progetti. Gli utenti adorano i report a campi incrociati! I dipendenti Silvon sono ben informati, cordiali e premurosi. La documentazione online \u00e8 piena di esempi e i video di aiuto sono fantastici!<br \/>\nCONTRO: Avevamo sicuramente bisogno dell&#8217;aiuto di Silvon per mettere in funzione lo strumento, ma ci hanno aiutato con la configurazione di estrazione, caricamento ed elaborazione.<\/li>\n<li><strong>&#8220;Utilizzo di Stratum per la revisione dei numeri&#8221;<\/strong><br \/>\nIN GENERALE: Stratum \u00e8 molto efficace nella compilazione di dati e numeri di vendita per i miei account. Posso eseguire il drill down in molti modi diversi per ottenere in modo efficace i tracciati necessari per condurre le mie riunioni e chiamate quotidiane. A volte ci vuole un po&#8217; di lavoro per ottenere le informazioni che sto cercando, ma pu\u00f2 sempre salvare i miei progressi al fine di riutilizzare il report in futuro. Importo regolarmente in Excel per manipolare ed eseguire i totali per il mio budget annuale.<br \/>\nPRO: Il programma mi consente di utilizzare i nostri tracciati delle vendite per condurre in modo efficace chiamate e riunioni. Posso anche tenere traccia dei miei progressi ed esportare in Excel per prepararmi per i miei prossimi giorni.<br \/>\nCONTRO: Difficile ottenere alcuni dei report pi\u00f9 &#8220;incanalati&#8221; e potrebbe richiedere del tempo per avere i numeri necessari ma pu\u00f2 essere salvato in modo che il lavoro non sia tutto perso. Questo report salvato pu\u00f2 quindi essere utilizzato in futuro.<\/li>\n<li><strong>&#8220;Silvon \u00e8 uno strumento utile&#8221;<\/strong><br \/>\nIN GENERALE: sono un analista finanziario e controllo quotidianamente le vendite e il GP per la nostra attivit\u00e0. Senza Silvon il mio lavoro sarebbe molto difficile da svolgere in modo efficiente. Ho visto le capacit\u00e0 di un software competitivo e sono molto contento che abbiamo Silvon. Silvon \u00e8 uno degli strumenti pi\u00f9 utili e facili da usare sul mercato, lo consiglio vivamente.<br \/>\nPRO Semplicit\u00e0 d&#8217;uso, capacit\u00e0 di creare visualizzazioni personalizzate al volo e di riordinare rapidamente i dati. Ci\u00f2 consente al mio team di scendere per identificare le aree problematiche del business.<br \/>\nCONTRO: Ci vorrebbe una capacit\u00e0 di ordinamento multiplo per colonne come quella di Excel.<\/li>\n<\/ul>\n","protected":false},"excerpt":{"rendered":"<p>Stratum \u00e8 un software di business intelligence, progettato principalmente per aziende manifatturiere e di distribuzione all&#8217;ingrosso e offerto da Silvon Software, fornitore globale che propone queste soluzioni. Si tratta di un programma che offre numerosi strumenti di business intelligence che ti permettono di pianificare, analizzare e gestire le prestazioni operative.<\/p>\n","protected":false},"author":17,"featured_media":21312,"parent":32646,"menu_order":0,"comment_status":"open","ping_status":"closed","template":"g1_template_page_review_new.php","meta":{"_acf_changed":false,"cwp_meta_box_check":"Yes","cwp_rev_product_name":"","cwp_rev_product_image":"","wppr_links":[],"cwp_rev_price":"","wppr_options":[],"wppr_pros":[],"wppr_cons":[],"_monsterinsights_skip_tracking":false,"_monsterinsights_sitenote_active":false,"_monsterinsights_sitenote_note":"","_monsterinsights_sitenote_category":0,"footnotes":""},"categories":[1555],"tags":[1561,1565,1564,1560,1557],"features":[],"class_list":{"0":"post-21303","1":"page","2":"type-page","3":"status-publish","4":"has-post-thumbnail","6":"category-business-intelligence-it","7":"tag-bi","8":"tag-business-intelligence","9":"tag-business-intelligence-software","10":"tag-piattaforma-business-intelligence","11":"tag-programma-business-intelligence"},"wppr_data":{"cwp_meta_box_check":"Yes","cwp_rev_product_name":"","cwp_rev_product_image":"","cwp_image_link":"image","cwp_rev_price":"","wppr_rating":"0.00"},"acf":[],"yoast_head":"<!-- This site is optimized with the Yoast SEO plugin v27.4 - https:\/\/yoast.com\/product\/yoast-seo-wordpress\/ -->\n<title>Stratum: recensione business intelligence software - Accurate Reviews<\/title>\n<meta name=\"description\" content=\"Stratum: recensione del software di business intelligence, progettato principalmente per aziende manifatturiere e di distribuzione all&#039;ingrosso.\" \/>\n<meta name=\"robots\" content=\"index, follow, max-snippet:-1, max-image-preview:large, max-video-preview:-1\" \/>\n<link rel=\"canonical\" href=\"https:\/\/www.accuratereviews.com\/it\/business-intelligence\/stratum-recensione\/\" \/>\n<meta property=\"og:locale\" content=\"it_IT\" \/>\n<meta property=\"og:type\" content=\"article\" \/>\n<meta property=\"og:title\" content=\"Stratum: recensione business intelligence software - Accurate Reviews\" \/>\n<meta property=\"og:description\" content=\"Stratum: recensione del software di business intelligence, progettato principalmente per aziende manifatturiere e di distribuzione all&#039;ingrosso.\" \/>\n<meta property=\"og:url\" content=\"https:\/\/www.accuratereviews.com\/it\/business-intelligence\/stratum-recensione\/\" \/>\n<meta property=\"og:site_name\" content=\"Accurate Reviews\" \/>\n<meta property=\"article:modified_time\" content=\"2021-05-27T13:44:45+00:00\" \/>\n<meta property=\"og:image\" content=\"https:\/\/www.accuratereviews.com\/wp-content\/uploads\/2019\/12\/Schermata-2019-12-16-alle-14.27.17.png\" \/>\n\t<meta property=\"og:image:width\" content=\"520\" \/>\n\t<meta property=\"og:image:height\" content=\"200\" \/>\n\t<meta property=\"og:image:type\" content=\"image\/png\" \/>\n<meta name=\"twitter:card\" content=\"summary_large_image\" \/>\n<meta name=\"twitter:label1\" content=\"Tempo di lettura stimato\" \/>\n\t<meta name=\"twitter:data1\" content=\"3 minuti\" \/>\n<script type=\"application\/ld+json\" class=\"yoast-schema-graph\">{\"@context\":\"https:\\\/\\\/schema.org\",\"@graph\":[{\"@type\":\"WebPage\",\"@id\":\"https:\\\/\\\/www.accuratereviews.com\\\/it\\\/business-intelligence\\\/stratum-recensione\\\/\",\"url\":\"https:\\\/\\\/www.accuratereviews.com\\\/it\\\/business-intelligence\\\/stratum-recensione\\\/\",\"name\":\"Stratum: recensione business intelligence software - Accurate Reviews\",\"isPartOf\":{\"@id\":\"https:\\\/\\\/www.accuratereviews.com\\\/it\\\/#website\"},\"primaryImageOfPage\":{\"@id\":\"https:\\\/\\\/www.accuratereviews.com\\\/it\\\/business-intelligence\\\/stratum-recensione\\\/#primaryimage\"},\"image\":{\"@id\":\"https:\\\/\\\/www.accuratereviews.com\\\/it\\\/business-intelligence\\\/stratum-recensione\\\/#primaryimage\"},\"thumbnailUrl\":\"https:\\\/\\\/www.accuratereviews.com\\\/wp-content\\\/uploads\\\/2019\\\/12\\\/Schermata-2019-12-16-alle-14.27.17.png\",\"datePublished\":\"2019-12-16T15:15:54+00:00\",\"dateModified\":\"2021-05-27T13:44:45+00:00\",\"description\":\"Stratum: recensione del software di business intelligence, progettato principalmente per aziende manifatturiere e di distribuzione all'ingrosso.\",\"breadcrumb\":{\"@id\":\"https:\\\/\\\/www.accuratereviews.com\\\/it\\\/business-intelligence\\\/stratum-recensione\\\/#breadcrumb\"},\"inLanguage\":\"it-IT\",\"potentialAction\":[{\"@type\":\"ReadAction\",\"target\":[\"https:\\\/\\\/www.accuratereviews.com\\\/it\\\/business-intelligence\\\/stratum-recensione\\\/\"]}]},{\"@type\":\"ImageObject\",\"inLanguage\":\"it-IT\",\"@id\":\"https:\\\/\\\/www.accuratereviews.com\\\/it\\\/business-intelligence\\\/stratum-recensione\\\/#primaryimage\",\"url\":\"https:\\\/\\\/www.accuratereviews.com\\\/wp-content\\\/uploads\\\/2019\\\/12\\\/Schermata-2019-12-16-alle-14.27.17.png\",\"contentUrl\":\"https:\\\/\\\/www.accuratereviews.com\\\/wp-content\\\/uploads\\\/2019\\\/12\\\/Schermata-2019-12-16-alle-14.27.17.png\",\"width\":520,\"height\":200},{\"@type\":\"BreadcrumbList\",\"@id\":\"https:\\\/\\\/www.accuratereviews.com\\\/it\\\/business-intelligence\\\/stratum-recensione\\\/#breadcrumb\",\"itemListElement\":[{\"@type\":\"ListItem\",\"position\":1,\"name\":\"Home\",\"item\":\"https:\\\/\\\/www.accuratereviews.com\\\/it\\\/\"},{\"@type\":\"ListItem\",\"position\":2,\"name\":\"Business intelligence\",\"item\":\"https:\\\/\\\/www.accuratereviews.com\\\/it\\\/business-intelligence\\\/\"},{\"@type\":\"ListItem\",\"position\":3,\"name\":\"Stratum\"}]},{\"@type\":\"WebSite\",\"@id\":\"https:\\\/\\\/www.accuratereviews.com\\\/it\\\/#website\",\"url\":\"https:\\\/\\\/www.accuratereviews.com\\\/it\\\/\",\"name\":\"Accurate Reviews\",\"description\":\"\",\"potentialAction\":[{\"@type\":\"SearchAction\",\"target\":{\"@type\":\"EntryPoint\",\"urlTemplate\":\"https:\\\/\\\/www.accuratereviews.com\\\/it\\\/?s={search_term_string}\"},\"query-input\":{\"@type\":\"PropertyValueSpecification\",\"valueRequired\":true,\"valueName\":\"search_term_string\"}}],\"inLanguage\":\"it-IT\"}]}<\/script>\n<!-- \/ Yoast SEO plugin. -->","yoast_head_json":{"title":"Stratum: recensione business intelligence software - Accurate Reviews","description":"Stratum: recensione del software di business intelligence, progettato principalmente per aziende manifatturiere e di distribuzione all'ingrosso.","robots":{"index":"index","follow":"follow","max-snippet":"max-snippet:-1","max-image-preview":"max-image-preview:large","max-video-preview":"max-video-preview:-1"},"canonical":"https:\/\/www.accuratereviews.com\/it\/business-intelligence\/stratum-recensione\/","og_locale":"it_IT","og_type":"article","og_title":"Stratum: recensione business intelligence software - Accurate Reviews","og_description":"Stratum: recensione del software di business intelligence, progettato principalmente per aziende manifatturiere e di distribuzione all'ingrosso.","og_url":"https:\/\/www.accuratereviews.com\/it\/business-intelligence\/stratum-recensione\/","og_site_name":"Accurate Reviews","article_modified_time":"2021-05-27T13:44:45+00:00","og_image":[{"width":520,"height":200,"url":"https:\/\/www.accuratereviews.com\/wp-content\/uploads\/2019\/12\/Schermata-2019-12-16-alle-14.27.17.png","type":"image\/png"}],"twitter_card":"summary_large_image","twitter_misc":{"Tempo di lettura stimato":"3 minuti"},"schema":{"@context":"https:\/\/schema.org","@graph":[{"@type":"WebPage","@id":"https:\/\/www.accuratereviews.com\/it\/business-intelligence\/stratum-recensione\/","url":"https:\/\/www.accuratereviews.com\/it\/business-intelligence\/stratum-recensione\/","name":"Stratum: recensione business intelligence software - Accurate Reviews","isPartOf":{"@id":"https:\/\/www.accuratereviews.com\/it\/#website"},"primaryImageOfPage":{"@id":"https:\/\/www.accuratereviews.com\/it\/business-intelligence\/stratum-recensione\/#primaryimage"},"image":{"@id":"https:\/\/www.accuratereviews.com\/it\/business-intelligence\/stratum-recensione\/#primaryimage"},"thumbnailUrl":"https:\/\/www.accuratereviews.com\/wp-content\/uploads\/2019\/12\/Schermata-2019-12-16-alle-14.27.17.png","datePublished":"2019-12-16T15:15:54+00:00","dateModified":"2021-05-27T13:44:45+00:00","description":"Stratum: recensione del software di business intelligence, progettato principalmente per aziende manifatturiere e di distribuzione all'ingrosso.","breadcrumb":{"@id":"https:\/\/www.accuratereviews.com\/it\/business-intelligence\/stratum-recensione\/#breadcrumb"},"inLanguage":"it-IT","potentialAction":[{"@type":"ReadAction","target":["https:\/\/www.accuratereviews.com\/it\/business-intelligence\/stratum-recensione\/"]}]},{"@type":"ImageObject","inLanguage":"it-IT","@id":"https:\/\/www.accuratereviews.com\/it\/business-intelligence\/stratum-recensione\/#primaryimage","url":"https:\/\/www.accuratereviews.com\/wp-content\/uploads\/2019\/12\/Schermata-2019-12-16-alle-14.27.17.png","contentUrl":"https:\/\/www.accuratereviews.com\/wp-content\/uploads\/2019\/12\/Schermata-2019-12-16-alle-14.27.17.png","width":520,"height":200},{"@type":"BreadcrumbList","@id":"https:\/\/www.accuratereviews.com\/it\/business-intelligence\/stratum-recensione\/#breadcrumb","itemListElement":[{"@type":"ListItem","position":1,"name":"Home","item":"https:\/\/www.accuratereviews.com\/it\/"},{"@type":"ListItem","position":2,"name":"Business intelligence","item":"https:\/\/www.accuratereviews.com\/it\/business-intelligence\/"},{"@type":"ListItem","position":3,"name":"Stratum"}]},{"@type":"WebSite","@id":"https:\/\/www.accuratereviews.com\/it\/#website","url":"https:\/\/www.accuratereviews.com\/it\/","name":"Accurate Reviews","description":"","potentialAction":[{"@type":"SearchAction","target":{"@type":"EntryPoint","urlTemplate":"https:\/\/www.accuratereviews.com\/it\/?s={search_term_string}"},"query-input":{"@type":"PropertyValueSpecification","valueRequired":true,"valueName":"search_term_string"}}],"inLanguage":"it-IT"}]}},"_links":{"self":[{"href":"https:\/\/www.accuratereviews.com\/it\/wp-json\/wp\/v2\/pages\/21303","targetHints":{"allow":["GET"]}}],"collection":[{"href":"https:\/\/www.accuratereviews.com\/it\/wp-json\/wp\/v2\/pages"}],"about":[{"href":"https:\/\/www.accuratereviews.com\/it\/wp-json\/wp\/v2\/types\/page"}],"author":[{"embeddable":true,"href":"https:\/\/www.accuratereviews.com\/it\/wp-json\/wp\/v2\/users\/17"}],"replies":[{"embeddable":true,"href":"https:\/\/www.accuratereviews.com\/it\/wp-json\/wp\/v2\/comments?post=21303"}],"version-history":[{"count":6,"href":"https:\/\/www.accuratereviews.com\/it\/wp-json\/wp\/v2\/pages\/21303\/revisions"}],"predecessor-version":[{"id":43446,"href":"https:\/\/www.accuratereviews.com\/it\/wp-json\/wp\/v2\/pages\/21303\/revisions\/43446"}],"up":[{"embeddable":true,"href":"https:\/\/www.accuratereviews.com\/it\/wp-json\/wp\/v2\/pages\/32646"}],"wp:featuredmedia":[{"embeddable":true,"href":"https:\/\/www.accuratereviews.com\/it\/wp-json\/wp\/v2\/media\/21312"}],"wp:attachment":[{"href":"https:\/\/www.accuratereviews.com\/it\/wp-json\/wp\/v2\/media?parent=21303"}],"wp:term":[{"taxonomy":"category","embeddable":true,"href":"https:\/\/www.accuratereviews.com\/it\/wp-json\/wp\/v2\/categories?post=21303"},{"taxonomy":"post_tag","embeddable":true,"href":"https:\/\/www.accuratereviews.com\/it\/wp-json\/wp\/v2\/tags?post=21303"},{"taxonomy":"features","embeddable":true,"href":"https:\/\/www.accuratereviews.com\/it\/wp-json\/wp\/v2\/features?post=21303"}],"curies":[{"name":"wp","href":"https:\/\/api.w.org\/{rel}","templated":true}]}}