{"id":21323,"date":"2019-12-17T16:20:38","date_gmt":"2019-12-17T16:20:38","guid":{"rendered":"https:\/\/www.accuratereviews.com\/?page_id=21323"},"modified":"2021-05-18T15:07:41","modified_gmt":"2021-05-18T15:07:41","slug":"informer-recensione","status":"publish","type":"page","link":"https:\/\/www.accuratereviews.com\/it\/business-intelligence\/informer-recensione\/","title":{"rendered":"Informer"},"content":{"rendered":"<p><strong>Informer<\/strong> \u00e8 un <strong>programma di business intelligence<\/strong> dall&#8217;architettura estendibile, che ti consente di raccogliere numerosi dati provenienti da fonti differenti. Potrai raggruppare insieme applicazioni aziendali, database tradizionali, dati cloud, dati non strutturati da tutto il web, fogli di calcolo e molto altro ancora. Questi <strong>flussi di informazioni<\/strong> contengono preziose informazioni e, se utilizzati correttamente, possono migliorare l&#8217;efficienza, la produttivit\u00e0 e la competitivit\u00e0. Con <strong>Informer<\/strong> potrai esplorare, visualizzare e analizzare i dati rilevanti al volo, creare <strong>dashboard e condividere contenuti<\/strong> al fine di prendere le migliori decisioni aziendali possibili sulla base di informazioni attendibili e pertinenti. in questo modo potrai pubblicare in modo sicuro report e collaborare con i colleghi.<\/p>\n<h2>COME UTILIZZARE INFORMER &#8211; TUTORIAL<\/h2>\n<p>Ecco un video che ci mostrer\u00e0 come funziona questo programma:<\/p>\n<div id=\"fluid-wrapper-counter-1\" class=\"g1-fluid-wrapper \" style=\"width:686px;\">\n<div style=\"padding-bottom:56.268221574344%;\"><iframe loading=\"lazy\" title=\"Informer 5: BI &amp; Data Analytics\" width=\"515\" height=\"386\" src=\"https:\/\/www.youtube.com\/embed\/oABnWd2ThT4?feature=oembed&amp;wmode=transparent&amp;autohide=1&amp;autoplay=0&amp;disablekb=0&amp;fs=1&amp;loop=0&amp;enablejsapi=1&amp;rel=0&amp;controls=2&amp;showinfo=0&amp;wmode=transparent&amp;autohide=2&amp;autoplay=0&amp;disablekb=0&amp;fs=1&amp;loop=0&amp;enablejsapi=1&amp;rel=0&amp;controls=2&amp;showinfo=1\" frameborder=\"0\" allow=\"accelerometer; autoplay; encrypted-media; gyroscope; picture-in-picture\" allowfullscreen><\/iframe><\/div>\n<\/div>\n<h3>INFORMER &#8211; CARATTERISTICHE<\/h3>\n<p>Di seguito elenchiamo le sue principali caratteristiche:<\/p>\n<ul>\n<li><strong>Hub dati completo<\/strong>: visualizza i tuoi dati in pochi secondi grazie a questa potente funzionalit\u00e0 di streaming e indicizzazione<\/li>\n<li><strong>Flussi di dati<\/strong>: ti consente di rivedere, pulire e preparare i tuoi dati non appena entrano nel sistema cos\u00ec da poter bloccare viste dati specifiche e proteggere campi sensibili<\/li>\n<li><strong>Self-service, reporting su richiesta<\/strong>: crea rapidamente trend interattivi, grafici multi-serie, griglie tradizionali in stile foglio di calcoli per vedere cosa sta accadendo all&#8217;interno della tua organizzazione<\/li>\n<li><strong>Ottimizzazione dei flussi di lavoro dei dati<\/strong>: distribuisci facilmente i dati dove e quando \u00e8 necessario, pianifica un aggiornamento dei report e i tempi di esecuzione manualmente, secondo una pianificazione prestabilita o come avviso quando vengono soddisfatte le condizioni specificate<\/li>\n<li><strong>Governance e sicurezza dei dati<\/strong>: puoi assegnare ruoli ai membri del team in base ai livelli di sicurezza.<\/li>\n<\/ul>\n<h3>LE RECENSIONI DEGLI UTENTI<\/h3>\n<ul>\n<li><strong>&#8220;Ottimo strumento&#8221;<\/strong><br \/>\nIN GENERALE: utilizzo Informer da almeno 8 anni nella mia attuale posizione di ricerca presso un istituto di istruzione superiore. \u00c8 stato uno strumento fantastico che mi ha permesso di svolgere i compiti in modo pi\u00f9 efficace ed efficiente.<br \/>\nPRO: Adoro Informer. \u00c8 incredibilmente facile da usare e molto intuitivo. Quasi tutto quello che so di Informer \u00e8 autodidatta. La funzionalit\u00e0 del pannello di controllo era un po&#8217; pi\u00f9 difficile da capire, ma ero ancora in grado di farlo e offriva una fantastica panoramica dei dati che la nostra amministrazione superiore stava cercando.<br \/>\nCONTRO: Non c&#8217;\u00e8 davvero nulla che non mi piaccia di Informer. Gli unici problemi che ho riscontrato riguardano la localizzazione di dati e ci\u00f2 non \u00e8 in realt\u00e0 un problema di Informer.<\/li>\n<li><strong>&#8220;Regole di Informer&#8221;<\/strong><br \/>\nIN GENERALE: non impiegherai pi\u00f9 anni a scrivere report in Visual Studio basati su viste SQL. Pu\u00f2 sfruttare le vecchie visualizzazioni in Informer e connettersi direttamente al database. L&#8217;ho bloccato solo una volta eseguendo una query canaglia, \u00e8 molto affidabile.<br \/>\nPRO: ci consente di collegare diverse origini dati per creare ed eseguire rapidamente report intuitivi. Formattazione rapida e opzioni di ordinamento, aggregazione semplice, caricamento rapido. Supporta molti formati per l&#8217;esportazione dei dati. Un vero software Swiss Army Knife per la segnalazione.<br \/>\nCONTRO: la funzionalit\u00e0 di ricerca potrebbe essere leggermente migliorata per essere pi\u00f9 basata su parole chiave che letterale.<\/li>\n<li><strong>&#8220;Ottimo strumento di BI a un prezzo accessibile&#8221;<\/strong><br \/>\nIN GENERALE: abbiamo avuto delle difficolt\u00e0 a configurare Informer 5, ma il supporto \u00e8 stato molto buono, sia informato che tempestivo.<br \/>\nPRO: Mi piace che sia uno strumento economico per un&#8217;azienda pi\u00f9 piccola. \u00c8 intuitivo impostare report e dashboard ed \u00e8 fondamentale poter eseguire report su pi\u00f9 origini dati.<br \/>\nCONTRO: Ci sono delle funzionalit\u00e0 di Informer 4 di cui ho bisogno (filtri separati da virgola), quindi fino a quando ci\u00f2 non esiste devo usare sia Informer 4 che Informer 5. Sarebbe meglio essere in grado di usare 5 per tutto.<\/li>\n<\/ul>\n","protected":false},"excerpt":{"rendered":"<p>Informer \u00e8 un programma di business intelligence dall&#8217;architettura estendibile, che ti consente di raccogliere numerosi dati provenienti da fonti differenti. Potrai raggruppare insieme applicazioni aziendali, database tradizionali, dati cloud, dati non strutturati da tutto il web, fogli di calcolo e molto altro ancora.<\/p>\n","protected":false},"author":17,"featured_media":21324,"parent":32646,"menu_order":0,"comment_status":"open","ping_status":"closed","template":"g1_template_page_review_new.php","meta":{"_acf_changed":false,"cwp_meta_box_check":"Yes","cwp_rev_product_name":"","cwp_rev_product_image":"","wppr_links":[],"cwp_rev_price":"","wppr_options":[],"wppr_pros":[],"wppr_cons":[],"_monsterinsights_skip_tracking":false,"_monsterinsights_sitenote_active":false,"_monsterinsights_sitenote_note":"","_monsterinsights_sitenote_category":0,"footnotes":""},"categories":[1555],"tags":[1561,1565,1564,1557],"features":[],"class_list":{"0":"post-21323","1":"page","2":"type-page","3":"status-publish","4":"has-post-thumbnail","6":"category-business-intelligence-it","7":"tag-bi","8":"tag-business-intelligence","9":"tag-business-intelligence-software","10":"tag-programma-business-intelligence"},"wppr_data":{"cwp_meta_box_check":"Yes","cwp_rev_product_name":"","cwp_rev_product_image":"","cwp_image_link":"image","cwp_rev_price":"","wppr_rating":"0.00"},"acf":[],"yoast_head":"<!-- This site is optimized with the Yoast SEO plugin v27.4 - https:\/\/yoast.com\/product\/yoast-seo-wordpress\/ -->\n<title>Informer: recensione programma business intelligence - Accurate Reviews<\/title>\n<meta name=\"description\" content=\"Informer: recensione del programma di business intelligence che ti consente di raccogliere numerosi dati provenienti da fonti differenti.\" \/>\n<meta name=\"robots\" content=\"index, follow, max-snippet:-1, max-image-preview:large, max-video-preview:-1\" \/>\n<link rel=\"canonical\" href=\"https:\/\/www.accuratereviews.com\/it\/business-intelligence\/informer-recensione\/\" \/>\n<meta property=\"og:locale\" content=\"it_IT\" \/>\n<meta property=\"og:type\" content=\"article\" \/>\n<meta property=\"og:title\" content=\"Informer: recensione programma business intelligence - Accurate Reviews\" \/>\n<meta property=\"og:description\" content=\"Informer: recensione del programma di business intelligence che ti consente di raccogliere numerosi dati provenienti da fonti differenti.\" \/>\n<meta property=\"og:url\" content=\"https:\/\/www.accuratereviews.com\/it\/business-intelligence\/informer-recensione\/\" \/>\n<meta property=\"og:site_name\" content=\"Accurate Reviews\" \/>\n<meta property=\"article:modified_time\" content=\"2021-05-18T15:07:41+00:00\" \/>\n<meta property=\"og:image\" content=\"https:\/\/www.accuratereviews.com\/wp-content\/uploads\/2019\/12\/product-logos-informer-1.png\" \/>\n\t<meta property=\"og:image:width\" content=\"2040\" \/>\n\t<meta property=\"og:image:height\" content=\"623\" \/>\n\t<meta property=\"og:image:type\" content=\"image\/png\" \/>\n<meta name=\"twitter:card\" content=\"summary_large_image\" \/>\n<meta name=\"twitter:label1\" content=\"Tempo di lettura stimato\" \/>\n\t<meta name=\"twitter:data1\" content=\"3 minuti\" \/>\n<script type=\"application\/ld+json\" class=\"yoast-schema-graph\">{\"@context\":\"https:\\\/\\\/schema.org\",\"@graph\":[{\"@type\":\"WebPage\",\"@id\":\"https:\\\/\\\/www.accuratereviews.com\\\/it\\\/business-intelligence\\\/informer-recensione\\\/\",\"url\":\"https:\\\/\\\/www.accuratereviews.com\\\/it\\\/business-intelligence\\\/informer-recensione\\\/\",\"name\":\"Informer: recensione programma business intelligence - Accurate Reviews\",\"isPartOf\":{\"@id\":\"https:\\\/\\\/www.accuratereviews.com\\\/it\\\/#website\"},\"primaryImageOfPage\":{\"@id\":\"https:\\\/\\\/www.accuratereviews.com\\\/it\\\/business-intelligence\\\/informer-recensione\\\/#primaryimage\"},\"image\":{\"@id\":\"https:\\\/\\\/www.accuratereviews.com\\\/it\\\/business-intelligence\\\/informer-recensione\\\/#primaryimage\"},\"thumbnailUrl\":\"https:\\\/\\\/www.accuratereviews.com\\\/wp-content\\\/uploads\\\/2019\\\/12\\\/product-logos-informer-1.png\",\"datePublished\":\"2019-12-17T16:20:38+00:00\",\"dateModified\":\"2021-05-18T15:07:41+00:00\",\"description\":\"Informer: recensione del programma di business intelligence che ti consente di raccogliere numerosi dati provenienti da fonti differenti.\",\"breadcrumb\":{\"@id\":\"https:\\\/\\\/www.accuratereviews.com\\\/it\\\/business-intelligence\\\/informer-recensione\\\/#breadcrumb\"},\"inLanguage\":\"it-IT\",\"potentialAction\":[{\"@type\":\"ReadAction\",\"target\":[\"https:\\\/\\\/www.accuratereviews.com\\\/it\\\/business-intelligence\\\/informer-recensione\\\/\"]}]},{\"@type\":\"ImageObject\",\"inLanguage\":\"it-IT\",\"@id\":\"https:\\\/\\\/www.accuratereviews.com\\\/it\\\/business-intelligence\\\/informer-recensione\\\/#primaryimage\",\"url\":\"https:\\\/\\\/www.accuratereviews.com\\\/wp-content\\\/uploads\\\/2019\\\/12\\\/product-logos-informer-1.png\",\"contentUrl\":\"https:\\\/\\\/www.accuratereviews.com\\\/wp-content\\\/uploads\\\/2019\\\/12\\\/product-logos-informer-1.png\",\"width\":2040,\"height\":623},{\"@type\":\"BreadcrumbList\",\"@id\":\"https:\\\/\\\/www.accuratereviews.com\\\/it\\\/business-intelligence\\\/informer-recensione\\\/#breadcrumb\",\"itemListElement\":[{\"@type\":\"ListItem\",\"position\":1,\"name\":\"Home\",\"item\":\"https:\\\/\\\/www.accuratereviews.com\\\/it\\\/\"},{\"@type\":\"ListItem\",\"position\":2,\"name\":\"Business intelligence\",\"item\":\"https:\\\/\\\/www.accuratereviews.com\\\/it\\\/business-intelligence\\\/\"},{\"@type\":\"ListItem\",\"position\":3,\"name\":\"Informer\"}]},{\"@type\":\"WebSite\",\"@id\":\"https:\\\/\\\/www.accuratereviews.com\\\/it\\\/#website\",\"url\":\"https:\\\/\\\/www.accuratereviews.com\\\/it\\\/\",\"name\":\"Accurate Reviews\",\"description\":\"\",\"potentialAction\":[{\"@type\":\"SearchAction\",\"target\":{\"@type\":\"EntryPoint\",\"urlTemplate\":\"https:\\\/\\\/www.accuratereviews.com\\\/it\\\/?s={search_term_string}\"},\"query-input\":{\"@type\":\"PropertyValueSpecification\",\"valueRequired\":true,\"valueName\":\"search_term_string\"}}],\"inLanguage\":\"it-IT\"}]}<\/script>\n<!-- \/ Yoast SEO plugin. -->","yoast_head_json":{"title":"Informer: recensione programma business intelligence - Accurate Reviews","description":"Informer: recensione del programma di business intelligence che ti consente di raccogliere numerosi dati provenienti da fonti differenti.","robots":{"index":"index","follow":"follow","max-snippet":"max-snippet:-1","max-image-preview":"max-image-preview:large","max-video-preview":"max-video-preview:-1"},"canonical":"https:\/\/www.accuratereviews.com\/it\/business-intelligence\/informer-recensione\/","og_locale":"it_IT","og_type":"article","og_title":"Informer: recensione programma business intelligence - Accurate Reviews","og_description":"Informer: recensione del programma di business intelligence che ti consente di raccogliere numerosi dati provenienti da fonti differenti.","og_url":"https:\/\/www.accuratereviews.com\/it\/business-intelligence\/informer-recensione\/","og_site_name":"Accurate Reviews","article_modified_time":"2021-05-18T15:07:41+00:00","og_image":[{"width":2040,"height":623,"url":"https:\/\/www.accuratereviews.com\/wp-content\/uploads\/2019\/12\/product-logos-informer-1.png","type":"image\/png"}],"twitter_card":"summary_large_image","twitter_misc":{"Tempo di lettura stimato":"3 minuti"},"schema":{"@context":"https:\/\/schema.org","@graph":[{"@type":"WebPage","@id":"https:\/\/www.accuratereviews.com\/it\/business-intelligence\/informer-recensione\/","url":"https:\/\/www.accuratereviews.com\/it\/business-intelligence\/informer-recensione\/","name":"Informer: recensione programma business intelligence - Accurate Reviews","isPartOf":{"@id":"https:\/\/www.accuratereviews.com\/it\/#website"},"primaryImageOfPage":{"@id":"https:\/\/www.accuratereviews.com\/it\/business-intelligence\/informer-recensione\/#primaryimage"},"image":{"@id":"https:\/\/www.accuratereviews.com\/it\/business-intelligence\/informer-recensione\/#primaryimage"},"thumbnailUrl":"https:\/\/www.accuratereviews.com\/wp-content\/uploads\/2019\/12\/product-logos-informer-1.png","datePublished":"2019-12-17T16:20:38+00:00","dateModified":"2021-05-18T15:07:41+00:00","description":"Informer: recensione del programma di business intelligence che ti consente di raccogliere numerosi dati provenienti da fonti differenti.","breadcrumb":{"@id":"https:\/\/www.accuratereviews.com\/it\/business-intelligence\/informer-recensione\/#breadcrumb"},"inLanguage":"it-IT","potentialAction":[{"@type":"ReadAction","target":["https:\/\/www.accuratereviews.com\/it\/business-intelligence\/informer-recensione\/"]}]},{"@type":"ImageObject","inLanguage":"it-IT","@id":"https:\/\/www.accuratereviews.com\/it\/business-intelligence\/informer-recensione\/#primaryimage","url":"https:\/\/www.accuratereviews.com\/wp-content\/uploads\/2019\/12\/product-logos-informer-1.png","contentUrl":"https:\/\/www.accuratereviews.com\/wp-content\/uploads\/2019\/12\/product-logos-informer-1.png","width":2040,"height":623},{"@type":"BreadcrumbList","@id":"https:\/\/www.accuratereviews.com\/it\/business-intelligence\/informer-recensione\/#breadcrumb","itemListElement":[{"@type":"ListItem","position":1,"name":"Home","item":"https:\/\/www.accuratereviews.com\/it\/"},{"@type":"ListItem","position":2,"name":"Business intelligence","item":"https:\/\/www.accuratereviews.com\/it\/business-intelligence\/"},{"@type":"ListItem","position":3,"name":"Informer"}]},{"@type":"WebSite","@id":"https:\/\/www.accuratereviews.com\/it\/#website","url":"https:\/\/www.accuratereviews.com\/it\/","name":"Accurate Reviews","description":"","potentialAction":[{"@type":"SearchAction","target":{"@type":"EntryPoint","urlTemplate":"https:\/\/www.accuratereviews.com\/it\/?s={search_term_string}"},"query-input":{"@type":"PropertyValueSpecification","valueRequired":true,"valueName":"search_term_string"}}],"inLanguage":"it-IT"}]}},"_links":{"self":[{"href":"https:\/\/www.accuratereviews.com\/it\/wp-json\/wp\/v2\/pages\/21323","targetHints":{"allow":["GET"]}}],"collection":[{"href":"https:\/\/www.accuratereviews.com\/it\/wp-json\/wp\/v2\/pages"}],"about":[{"href":"https:\/\/www.accuratereviews.com\/it\/wp-json\/wp\/v2\/types\/page"}],"author":[{"embeddable":true,"href":"https:\/\/www.accuratereviews.com\/it\/wp-json\/wp\/v2\/users\/17"}],"replies":[{"embeddable":true,"href":"https:\/\/www.accuratereviews.com\/it\/wp-json\/wp\/v2\/comments?post=21323"}],"version-history":[{"count":4,"href":"https:\/\/www.accuratereviews.com\/it\/wp-json\/wp\/v2\/pages\/21323\/revisions"}],"predecessor-version":[{"id":42950,"href":"https:\/\/www.accuratereviews.com\/it\/wp-json\/wp\/v2\/pages\/21323\/revisions\/42950"}],"up":[{"embeddable":true,"href":"https:\/\/www.accuratereviews.com\/it\/wp-json\/wp\/v2\/pages\/32646"}],"wp:featuredmedia":[{"embeddable":true,"href":"https:\/\/www.accuratereviews.com\/it\/wp-json\/wp\/v2\/media\/21324"}],"wp:attachment":[{"href":"https:\/\/www.accuratereviews.com\/it\/wp-json\/wp\/v2\/media?parent=21323"}],"wp:term":[{"taxonomy":"category","embeddable":true,"href":"https:\/\/www.accuratereviews.com\/it\/wp-json\/wp\/v2\/categories?post=21323"},{"taxonomy":"post_tag","embeddable":true,"href":"https:\/\/www.accuratereviews.com\/it\/wp-json\/wp\/v2\/tags?post=21323"},{"taxonomy":"features","embeddable":true,"href":"https:\/\/www.accuratereviews.com\/it\/wp-json\/wp\/v2\/features?post=21323"}],"curies":[{"name":"wp","href":"https:\/\/api.w.org\/{rel}","templated":true}]}}