{"id":21330,"date":"2019-12-17T16:20:57","date_gmt":"2019-12-17T16:20:57","guid":{"rendered":"https:\/\/www.accuratereviews.com\/?page_id=21330"},"modified":"2019-12-17T16:20:57","modified_gmt":"2019-12-17T16:20:57","slug":"microstrategy-enterprise-analytics-recensione","status":"publish","type":"page","link":"https:\/\/www.accuratereviews.com\/it\/microstrategy-enterprise-analytics-recensione\/","title":{"rendered":"MicroStrategy Enterprise Analytics"},"content":{"rendered":"<p><strong>MicroStrategy Enterprise Analytics<\/strong> \u00e8 un software di analisi aziendale progettato da MicroStrategy per quelle organizzazioni che cercano una soluzione completa di analisi. Si tratta di un<strong> programma di business intelligence<\/strong> innovativo che ti consente di prendere decisioni aziendali migliori cos\u00ec da raggiungere maggiore efficienza e produttivit\u00e0. Fornisci <strong>report personalizzati<\/strong>, utilizza il set di strumenti di analisi e i vari connettori dati cos\u00ec da aumentare la redditivit\u00e0 della tua azienda. Grazie agli strumenti\u00a0 di visualizzazione, offerti da <strong>MicroStrategy<\/strong>, puoi semplificare \u00f2a ricerca di informazioni chiave e visualizzare i tuoi dati in modo semplice e veloce.<\/p>\n<h2>COME FUNZIONA MICROSTRATEGY ENTERPRISE ANALYTICS &#8211; TUTORIAL<\/h2>\n<p>Ecco un video che ci mostrer\u00e0 come utilizzare questo software:<\/p>\n<div id=\"fluid-wrapper-counter-1\" class=\"g1-fluid-wrapper \" style=\"width:686px;\">\n<div style=\"padding-bottom:56.268221574344%;\"><iframe loading=\"lazy\" title=\"Overview of MicroStrategy Desktop 10.11\" width=\"686\" height=\"386\" src=\"https:\/\/www.youtube.com\/embed\/T4P_j1ieMzI?feature=oembed&amp;wmode=transparent&amp;autohide=1&amp;autoplay=0&amp;disablekb=0&amp;fs=1&amp;loop=0&amp;enablejsapi=1&amp;rel=0&amp;controls=2&amp;showinfo=0&amp;wmode=transparent&amp;autohide=2&amp;autoplay=0&amp;disablekb=0&amp;fs=1&amp;loop=0&amp;enablejsapi=1&amp;rel=0&amp;controls=2&amp;showinfo=1\" frameborder=\"0\" allow=\"accelerometer; autoplay; encrypted-media; gyroscope; picture-in-picture\" allowfullscreen><\/iframe><\/div>\n<\/div>\n<h3>MICROSTRATEGY ENTERPRISE ANALYTICS &#8211; CARATTERISTICHE<\/h3>\n<p>Di seguito le sue principali caratteristiche:<\/p>\n<ul>\n<li><strong>Strumenti di visualizzazione dei dati<\/strong>: semplifica la ricerca di informazioni chiave e visualizza subito i dati che stai cercando<\/li>\n<li><strong>Dossier e dahsboard<\/strong>: rendi l&#8217;analisi pi\u00f9 semplice, sociale e interattiva utilizzando strumenti intuitivi di ultima generazione<\/li>\n<li><strong>Sistema di reportistica<\/strong>: fornisci rapidamente report personalizzati a migliaia di utenti all&#8217;interno della tua organizzazione<\/li>\n<li><strong>Sistema di mappatura<\/strong>: crea mappe dinamiche basate su vettori<\/li>\n<li><strong>Connettivit\u00e0 dei dati<\/strong>: ottieni il massimo dalle tue risorse aziendali collegandoti a qualsiasi risorsa, dai database NoSQL, ai sistemi di big data, alle applicazioni basate su cloud.<\/li>\n<\/ul>\n<h3>LE RECENSIONI DEGLI UTENTI<\/h3>\n<ul>\n<li><strong>&#8220;Lo strumento MicroStrategy mi \u00e8 stato utile per fornire report giornalieri, mensili e trimestrali a directo&#8221;<\/strong><br \/>\nIN GENERALE: invio facile<br \/>\nPRO: MicroStrategy scalabile \u00e8 stato uno strumento utile per fornire report giornalieri, mensili e trimestrali grazie alla capacit\u00e0 di creare report automatici che possono essere inviati a grandi gruppi di persone utilizzando liste di distribuzione. I dati provenienti da pi\u00f9 fonti SOR nell&#8217;organizzazione hanno aiutato a monitorare la nostra gestione SLA. Funzionalit\u00e0 di sicurezza che consentono al report di essere utilizzato da pi\u00f9 ruoli e livelli funzionalit\u00e0 mobile<br \/>\nCONTRO: gli utenti che non hanno la possibilit\u00e0 di apportare modifiche alle metriche e agli attributi senza dover fare molto affidamento sugli sviluppatori di MicroStrategy, renderebbero il prodotto un dispositivo eccezionale e pi\u00f9 utile.<\/li>\n<li><strong>&#8220;Interfaccia facile da usare e molto accattivante&#8221;<\/strong><br \/>\nIN GENERALE: abbiamo una piattaforma affidabile e accattivante per segnalare i nostri risultati quotidiani. MicroStrategy consente inoltre di implementare modifiche e aggiungere nuovi dati e oggetti in pochi minuti alla nostra piattaforma di produzione.<br \/>\nPRO: \u00e8 pi\u00f9 veloce da implementare e non richiede troppa personalizzazione. La maggior parte dei widget e delle funzionalit\u00e0 sono pronti per l&#8217;uso. Le interfacce di amministrazione e utente sono intuitive e non generano errori o bug durante l&#8217;installazione o l&#8217;uso intenso da parte degli utenti finali. Piattaforma molto stabile e affidabile.<br \/>\nCONTRO: Prezzo. L&#8217;investimento iniziale \u00e8 maggiore rispetto a un altro software bundle (Power BI, Tableau). Tuttavia, le licenze extra non sono molto costose poich\u00e9 possiamo pagare per utente attivo. Esiste anche un prodotto gratuito per l&#8217;utente finale (Desktop) focalizzato sugli utenti analitici che non richiedono la modifica di oggetti ma l&#8217;accesso a dashboard e report.<\/li>\n<li><strong>&#8220;Ottimo strumento di reporting e analisi!&#8221;<\/strong><br \/>\nPRO: I dashboard e i report . che MicroStrategies \u00e8 in grado di produrre sono belli, penetranti, utilizzabili e informativi. Li usiamo da diversi anni per la gestione del portfolio e la produzione e siamo abbastanza contenti.<br \/>\nCONTRO: L&#8217;impostazione pu\u00f2 essere complicata e ho impiegato un po&#8217; di tempo per imparare. Non \u00e8 incredibilmente intuitivo come alcuni dei programmi che ho usato in passato, ma i risultati valgono gli sforzi.<\/li>\n<\/ul>\n","protected":false},"excerpt":{"rendered":"<p>MicroStrategy Enterprise Analytics \u00e8 un software di analisi aziendale progettato da MicroStrategy per quelle organizzazioni che cercano una soluzione completa di analisi. Si tratta di un programma di business intelligence innovativo che ti consente di prendere decisioni aziendali migliori cos\u00ec da raggiungere maggiore efficienza e produttivit\u00e0.\u00a0<\/p>\n","protected":false},"author":17,"featured_media":21331,"parent":0,"menu_order":0,"comment_status":"open","ping_status":"closed","template":"g1_template_page_review_new.php","meta":{"_acf_changed":false,"cwp_meta_box_check":"Yes","cwp_rev_product_name":"","cwp_rev_product_image":"","wppr_links":[],"cwp_rev_price":"","wppr_options":[],"wppr_pros":[],"wppr_cons":[],"_monsterinsights_skip_tracking":false,"_monsterinsights_sitenote_active":false,"_monsterinsights_sitenote_note":"","_monsterinsights_sitenote_category":0,"footnotes":""},"categories":[1555],"tags":[1561,1565,1564,1560],"features":[],"class_list":{"0":"post-21330","1":"page","2":"type-page","3":"status-publish","4":"has-post-thumbnail","6":"category-business-intelligence-it","7":"tag-bi","8":"tag-business-intelligence","9":"tag-business-intelligence-software","10":"tag-piattaforma-business-intelligence"},"wppr_data":{"cwp_meta_box_check":"Yes","cwp_rev_product_name":"","cwp_rev_product_image":"","cwp_image_link":"image","cwp_rev_price":"","wppr_rating":"0.00"},"acf":[],"yoast_head":"<!-- This site is optimized with the Yoast SEO plugin v27.4 - https:\/\/yoast.com\/product\/yoast-seo-wordpress\/ -->\n<title>MicroStrategy Enterprise Analytics: recensione - Accurate Reviews<\/title>\n<meta name=\"description\" content=\"MicroStrategy Enterprise Analytics: recensione del software di analisi aziendale progettato per organizzazioni che cercano una soluzione di analisi.\" \/>\n<meta name=\"robots\" content=\"index, follow, max-snippet:-1, max-image-preview:large, max-video-preview:-1\" \/>\n<link rel=\"canonical\" href=\"https:\/\/www.accuratereviews.com\/it\/microstrategy-enterprise-analytics-recensione\/\" \/>\n<meta property=\"og:locale\" content=\"it_IT\" \/>\n<meta property=\"og:type\" content=\"article\" \/>\n<meta property=\"og:title\" content=\"MicroStrategy Enterprise Analytics: recensione - Accurate Reviews\" \/>\n<meta property=\"og:description\" content=\"MicroStrategy Enterprise Analytics: recensione del software di analisi aziendale progettato per organizzazioni che cercano una soluzione di analisi.\" \/>\n<meta property=\"og:url\" content=\"https:\/\/www.accuratereviews.com\/it\/microstrategy-enterprise-analytics-recensione\/\" \/>\n<meta property=\"og:site_name\" content=\"Accurate Reviews\" \/>\n<meta property=\"og:image\" content=\"https:\/\/www.accuratereviews.com\/wp-content\/uploads\/2019\/12\/images.png\" \/>\n\t<meta property=\"og:image:width\" content=\"311\" \/>\n\t<meta property=\"og:image:height\" content=\"162\" \/>\n\t<meta property=\"og:image:type\" content=\"image\/png\" \/>\n<meta name=\"twitter:card\" content=\"summary_large_image\" \/>\n<meta name=\"twitter:label1\" content=\"Tempo di lettura stimato\" \/>\n\t<meta name=\"twitter:data1\" content=\"3 minuti\" \/>\n<script type=\"application\/ld+json\" class=\"yoast-schema-graph\">{\"@context\":\"https:\\\/\\\/schema.org\",\"@graph\":[{\"@type\":\"WebPage\",\"@id\":\"https:\\\/\\\/www.accuratereviews.com\\\/it\\\/microstrategy-enterprise-analytics-recensione\\\/\",\"url\":\"https:\\\/\\\/www.accuratereviews.com\\\/it\\\/microstrategy-enterprise-analytics-recensione\\\/\",\"name\":\"MicroStrategy Enterprise Analytics: recensione - Accurate Reviews\",\"isPartOf\":{\"@id\":\"https:\\\/\\\/www.accuratereviews.com\\\/it\\\/#website\"},\"primaryImageOfPage\":{\"@id\":\"https:\\\/\\\/www.accuratereviews.com\\\/it\\\/microstrategy-enterprise-analytics-recensione\\\/#primaryimage\"},\"image\":{\"@id\":\"https:\\\/\\\/www.accuratereviews.com\\\/it\\\/microstrategy-enterprise-analytics-recensione\\\/#primaryimage\"},\"thumbnailUrl\":\"https:\\\/\\\/www.accuratereviews.com\\\/wp-content\\\/uploads\\\/2019\\\/12\\\/images.png\",\"datePublished\":\"2019-12-17T16:20:57+00:00\",\"description\":\"MicroStrategy Enterprise Analytics: recensione del software di analisi aziendale progettato per organizzazioni che cercano una soluzione di analisi.\",\"breadcrumb\":{\"@id\":\"https:\\\/\\\/www.accuratereviews.com\\\/it\\\/microstrategy-enterprise-analytics-recensione\\\/#breadcrumb\"},\"inLanguage\":\"it-IT\",\"potentialAction\":[{\"@type\":\"ReadAction\",\"target\":[\"https:\\\/\\\/www.accuratereviews.com\\\/it\\\/microstrategy-enterprise-analytics-recensione\\\/\"]}]},{\"@type\":\"ImageObject\",\"inLanguage\":\"it-IT\",\"@id\":\"https:\\\/\\\/www.accuratereviews.com\\\/it\\\/microstrategy-enterprise-analytics-recensione\\\/#primaryimage\",\"url\":\"https:\\\/\\\/www.accuratereviews.com\\\/wp-content\\\/uploads\\\/2019\\\/12\\\/images.png\",\"contentUrl\":\"https:\\\/\\\/www.accuratereviews.com\\\/wp-content\\\/uploads\\\/2019\\\/12\\\/images.png\",\"width\":311,\"height\":162},{\"@type\":\"BreadcrumbList\",\"@id\":\"https:\\\/\\\/www.accuratereviews.com\\\/it\\\/microstrategy-enterprise-analytics-recensione\\\/#breadcrumb\",\"itemListElement\":[{\"@type\":\"ListItem\",\"position\":1,\"name\":\"Home\",\"item\":\"https:\\\/\\\/www.accuratereviews.com\\\/it\\\/\"},{\"@type\":\"ListItem\",\"position\":2,\"name\":\"MicroStrategy Enterprise Analytics\"}]},{\"@type\":\"WebSite\",\"@id\":\"https:\\\/\\\/www.accuratereviews.com\\\/it\\\/#website\",\"url\":\"https:\\\/\\\/www.accuratereviews.com\\\/it\\\/\",\"name\":\"Accurate Reviews\",\"description\":\"\",\"potentialAction\":[{\"@type\":\"SearchAction\",\"target\":{\"@type\":\"EntryPoint\",\"urlTemplate\":\"https:\\\/\\\/www.accuratereviews.com\\\/it\\\/?s={search_term_string}\"},\"query-input\":{\"@type\":\"PropertyValueSpecification\",\"valueRequired\":true,\"valueName\":\"search_term_string\"}}],\"inLanguage\":\"it-IT\"}]}<\/script>\n<!-- \/ Yoast SEO plugin. -->","yoast_head_json":{"title":"MicroStrategy Enterprise Analytics: recensione - Accurate Reviews","description":"MicroStrategy Enterprise Analytics: recensione del software di analisi aziendale progettato per organizzazioni che cercano una soluzione di analisi.","robots":{"index":"index","follow":"follow","max-snippet":"max-snippet:-1","max-image-preview":"max-image-preview:large","max-video-preview":"max-video-preview:-1"},"canonical":"https:\/\/www.accuratereviews.com\/it\/microstrategy-enterprise-analytics-recensione\/","og_locale":"it_IT","og_type":"article","og_title":"MicroStrategy Enterprise Analytics: recensione - Accurate Reviews","og_description":"MicroStrategy Enterprise Analytics: recensione del software di analisi aziendale progettato per organizzazioni che cercano una soluzione di analisi.","og_url":"https:\/\/www.accuratereviews.com\/it\/microstrategy-enterprise-analytics-recensione\/","og_site_name":"Accurate Reviews","og_image":[{"width":311,"height":162,"url":"https:\/\/www.accuratereviews.com\/wp-content\/uploads\/2019\/12\/images.png","type":"image\/png"}],"twitter_card":"summary_large_image","twitter_misc":{"Tempo di lettura stimato":"3 minuti"},"schema":{"@context":"https:\/\/schema.org","@graph":[{"@type":"WebPage","@id":"https:\/\/www.accuratereviews.com\/it\/microstrategy-enterprise-analytics-recensione\/","url":"https:\/\/www.accuratereviews.com\/it\/microstrategy-enterprise-analytics-recensione\/","name":"MicroStrategy Enterprise Analytics: recensione - Accurate Reviews","isPartOf":{"@id":"https:\/\/www.accuratereviews.com\/it\/#website"},"primaryImageOfPage":{"@id":"https:\/\/www.accuratereviews.com\/it\/microstrategy-enterprise-analytics-recensione\/#primaryimage"},"image":{"@id":"https:\/\/www.accuratereviews.com\/it\/microstrategy-enterprise-analytics-recensione\/#primaryimage"},"thumbnailUrl":"https:\/\/www.accuratereviews.com\/wp-content\/uploads\/2019\/12\/images.png","datePublished":"2019-12-17T16:20:57+00:00","description":"MicroStrategy Enterprise Analytics: recensione del software di analisi aziendale progettato per organizzazioni che cercano una soluzione di analisi.","breadcrumb":{"@id":"https:\/\/www.accuratereviews.com\/it\/microstrategy-enterprise-analytics-recensione\/#breadcrumb"},"inLanguage":"it-IT","potentialAction":[{"@type":"ReadAction","target":["https:\/\/www.accuratereviews.com\/it\/microstrategy-enterprise-analytics-recensione\/"]}]},{"@type":"ImageObject","inLanguage":"it-IT","@id":"https:\/\/www.accuratereviews.com\/it\/microstrategy-enterprise-analytics-recensione\/#primaryimage","url":"https:\/\/www.accuratereviews.com\/wp-content\/uploads\/2019\/12\/images.png","contentUrl":"https:\/\/www.accuratereviews.com\/wp-content\/uploads\/2019\/12\/images.png","width":311,"height":162},{"@type":"BreadcrumbList","@id":"https:\/\/www.accuratereviews.com\/it\/microstrategy-enterprise-analytics-recensione\/#breadcrumb","itemListElement":[{"@type":"ListItem","position":1,"name":"Home","item":"https:\/\/www.accuratereviews.com\/it\/"},{"@type":"ListItem","position":2,"name":"MicroStrategy Enterprise Analytics"}]},{"@type":"WebSite","@id":"https:\/\/www.accuratereviews.com\/it\/#website","url":"https:\/\/www.accuratereviews.com\/it\/","name":"Accurate Reviews","description":"","potentialAction":[{"@type":"SearchAction","target":{"@type":"EntryPoint","urlTemplate":"https:\/\/www.accuratereviews.com\/it\/?s={search_term_string}"},"query-input":{"@type":"PropertyValueSpecification","valueRequired":true,"valueName":"search_term_string"}}],"inLanguage":"it-IT"}]}},"_links":{"self":[{"href":"https:\/\/www.accuratereviews.com\/it\/wp-json\/wp\/v2\/pages\/21330","targetHints":{"allow":["GET"]}}],"collection":[{"href":"https:\/\/www.accuratereviews.com\/it\/wp-json\/wp\/v2\/pages"}],"about":[{"href":"https:\/\/www.accuratereviews.com\/it\/wp-json\/wp\/v2\/types\/page"}],"author":[{"embeddable":true,"href":"https:\/\/www.accuratereviews.com\/it\/wp-json\/wp\/v2\/users\/17"}],"replies":[{"embeddable":true,"href":"https:\/\/www.accuratereviews.com\/it\/wp-json\/wp\/v2\/comments?post=21330"}],"version-history":[{"count":3,"href":"https:\/\/www.accuratereviews.com\/it\/wp-json\/wp\/v2\/pages\/21330\/revisions"}],"predecessor-version":[{"id":21367,"href":"https:\/\/www.accuratereviews.com\/it\/wp-json\/wp\/v2\/pages\/21330\/revisions\/21367"}],"wp:featuredmedia":[{"embeddable":true,"href":"https:\/\/www.accuratereviews.com\/it\/wp-json\/wp\/v2\/media\/21331"}],"wp:attachment":[{"href":"https:\/\/www.accuratereviews.com\/it\/wp-json\/wp\/v2\/media?parent=21330"}],"wp:term":[{"taxonomy":"category","embeddable":true,"href":"https:\/\/www.accuratereviews.com\/it\/wp-json\/wp\/v2\/categories?post=21330"},{"taxonomy":"post_tag","embeddable":true,"href":"https:\/\/www.accuratereviews.com\/it\/wp-json\/wp\/v2\/tags?post=21330"},{"taxonomy":"features","embeddable":true,"href":"https:\/\/www.accuratereviews.com\/it\/wp-json\/wp\/v2\/features?post=21330"}],"curies":[{"name":"wp","href":"https:\/\/api.w.org\/{rel}","templated":true}]}}