{"id":21352,"date":"2019-12-17T16:20:21","date_gmt":"2019-12-17T16:20:21","guid":{"rendered":"https:\/\/www.accuratereviews.com\/?page_id=21352"},"modified":"2019-12-17T16:20:21","modified_gmt":"2019-12-17T16:20:21","slug":"tibco-spotfire-recensione","status":"publish","type":"page","link":"https:\/\/www.accuratereviews.com\/it\/tibco-spotfire-recensione\/","title":{"rendered":"TIBCO Spotfire"},"content":{"rendered":"<p><strong>TIBCO Spotfire<\/strong> \u00e8 una <strong>soluzione di business intelligence<\/strong> che offre ai suoi utenti tutti gli strumenti di cui hanno bisogno per raccogliere, analizzare e visualizzare i loro dati. La piattaforma \u00e8 progettata per crescere con le esigenze di qualsiasi azienda. Inoltre, \u00e8 progettato per integrarsi bene con quasi tutti gli altri software per semplificare i processi di <strong>business intelligence<\/strong>. Il software\u00a0\u00e8 disponibile in tre diversi pacchetti: desktop, cloud e piattaforma. TIBCO Spotfire Desktop consente agli utenti di creare dashboard e valutare i dati sui propri PC.\u00a0TIBCO Spotfire Cloud \u00e8 un&#8217;opzione ideale per i team che preferiscono lavorare con analisi <strong>basate su cloud<\/strong>. Il sistema consente loro di creare dashboard, valutare e studiare dati e condividere analisi con il loro team sul cloud. La versione della piattaforma Spotfire consente loro di creare qualsiasi cosa, dai dashboard alle applicazioni personalizzate di analisi dei big data per grandi aziende e organizzazioni.<\/p>\n<h2>TIBCO SPOTFIRE &#8211; TUTORIAL<\/h2>\n<p>Guarda questo tutorial per usare \u00a0alcune impostazioni predefinite per ridurre i tempi di progettazione della dashboard:<\/p>\n<div id=\"fluid-wrapper-counter-1\" class=\"g1-fluid-wrapper \" style=\"width:686px;\">\n<div style=\"padding-bottom:56.268221574344%;\"><iframe loading=\"lazy\" title=\"Speed up Dashboard Design in Spotfire\" width=\"686\" height=\"386\" src=\"https:\/\/www.youtube.com\/embed\/videoseries?list=PLknbq-WaCOiU95NPfj7jUeVOzVGBwnCUW\" frameborder=\"0\" allow=\"accelerometer; autoplay; encrypted-media; gyroscope; picture-in-picture\" allowfullscreen><\/iframe><\/div>\n<\/div>\n<h2>TIBCO SPOTFIRE &#8211; CARATTERISTICHE<\/h2>\n<div class=\"field-item\">\n<div class=\"icon-block\">\n<ul>\n<li class=\"iconHeader\"><strong>Connetti e visualizza pi\u00f9 dati<\/strong>: Crea mashup e ottieni informazioni utili da una maggiore quantit\u00e0 di dati: file, database relazionali e NoSQL, OLAP, Hadoop, servizi Web, applicazioni cloud. Combina facilmente dati in streaming come IoT, social media e messaggistica con i dati statici per analisi contestuali in tempo reale utilizzando Spotfire Data Streams<\/li>\n<li class=\"iconHeader\"><strong>Scegli il metodo di analisi che preferisci<\/strong>: l\u2019interfaccia multimodale ti consente di scegliere come interagire con i dati. Che si tratti di ricerche con query in linguaggio naturale, suggerimenti basati su IA per guidare le decisioni o per la manipolazione diretta, puoi scegliere il metodo d\u2019interfaccia pi\u00f9 adatto alle tue esigenze<\/li>\n<li class=\"iconHeader\"><strong>Ottieni insight immediate con l\u2019IA<\/strong>: un motore di intelligenza artificiale potente e scalabile identifica le relazioni nei dati e visualizza istantaneamente suggerimenti, fornendo insight veloci. Scopri tendenze, anomalie e pattern in ogni tipologia di dati senza bisogno di conoscerne la struttura<\/li>\n<li class=\"iconHeader\"><strong>Risolvi i problemi pi\u00f9 complessi<\/strong>: Usa gli analytics avanzati anche se non sei un esperto. L\u2019analisi geospaziale, o geo-analytics, applica il machine learning e metodi statistici mediante un motore R integrato e TIBCO Statistica\u2122. Usa i dati in tempo reale ed estendi la BI a pi\u00f9 aree del tuo business<\/li>\n<li class=\"iconHeader\"><strong>Crea applicazioni specifiche per i processi:<\/strong> sfrutta le funzionalit\u00e0 predefinite e API avanzate per fornire applicazioni guidate e specifiche per i processi, favorendo le attivit\u00e0 in sistemi multipli. Collegati a dati proprietari, visualizzazioni e calcoli personalizzati e metodi statistici per applicazioni che supportano qualsiasi processo aziendale<\/li>\n<li class=\"iconHeader\"><strong>Usa acceleratori &amp; Templates<\/strong>: gli acceleratori a disposizione includono modelli di prodotto e soluzioni esemplificative per consentirti di giungere velocemente alla produzione.<\/li>\n<\/ul>\n<h4>LE RECENSIONI DEGLI UTENTI<\/h4>\n<h4>Alexander Y. &#8220;Il miglior strumento di reporting in circolazione&#8221;<\/h4>\n<p><strong>Commenti<\/strong>: Nel complesso TIBCO ha risparmiato molto tempo e denaro consentendo alla nostra azienda di prendere decisioni aziendali pi\u00f9 rapide e informative in base alla profondit\u00e0 dei dati che siamo in grado di visualizzare. Inoltre, la capacit\u00e0 di importare dati da un ampio spettro di input rende questo software un &#8220;must-have&#8221; per qualsiasi organizzazione seria sulle sue capacit\u00e0 di reporting.<\/p>\n<p><strong>Vantaggi<\/strong>: Spotfire \u00e8 il gold standard quando si tratta di analizzare e presentare i dati in modo significativo. Ci sono cos\u00ec tante opzioni e metriche robuste che sono a tua disposizione e una volta padroneggiato lo strumento, pu\u00f2 davvero aiutarti a portare i tuoi rapporti al livello successivo.<\/p>\n<p><strong>Inconvenienti<\/strong>: Certo, c&#8217;\u00e8 una curva di apprendimento ripida per padroneggiare questo strumento, ma \u00e8 prevedibile. Una volta raggiunta una comprensione di base, credo che l&#8217;uso sar\u00e0 in grado di iniziare a utilizzare alcune delle funzionalit\u00e0 pi\u00f9 avanzate in pochissimo tempo.<\/p>\n<h4>Olaoluwa A. &#8220;Buon prodotto di visualizzazione&#8221;<\/h4>\n<p><strong>Commenti<\/strong>: Avere un background nella programmazione R o Python \u00e8 utile per sfruttare appieno le capacit\u00e0 di Spotfire.<\/p>\n<p><strong>Vantaggi<\/strong>: TIBCO Spotfire pu\u00f2 essere utilizzato per creare grafici di visualizzazione rapidi e puliti. Non \u00e8 difficile da usare e pu\u00f2 essere facilmente appreso.<\/p>\n<p><strong>Inconvenienti<\/strong>: ci sono stati cambiamenti significativi nelle versioni recenti. Unire le tabelle dei dati potrebbe essere fonte di confusione se non presti correttamente attenzione.<\/p>\n<h4><strong>Monel K. &#8220;Analisi dei dati e manipolazione dei dati&#8221;<\/strong><\/h4>\n<p><strong>Commenti<\/strong>: aiuta a aumentare valore per l&#8217;azienda e a comunicare i dati.<\/p>\n<p><strong>Vantaggi<\/strong>: i grafici disponibili aiutano ad analizzare i dati. L&#8217;integrazione con Python aiuta anche ad analizzare e manipolare i dati secondo il requisito. La documentazione \u00e8 molto dettagliata. Comunit\u00e0 di utenti molto disponibile.<\/p>\n<p><strong>Inconvenienti<\/strong>: l&#8217;integrazione con R \u00e8 necessaria anche per l&#8217;analisi statistica e la previsione utilizzando i dati.<\/p>\n<\/div>\n<\/div>\n","protected":false},"excerpt":{"rendered":"<p>TIBCO Spotfire \u00e8 una soluzione di business intelligence che offre ai suoi utenti tutti gli strumenti di cui hanno bisogno per raccogliere, analizzare e visualizzare i loro dati. La piattaforma \u00e8 progettata per crescere con le esigenze di qualsiasi azienda. Inoltre, \u00e8 progettato per integrarsi bene con quasi tutti gli altri software per semplificare i processi di business intelligence.<\/p>\n","protected":false},"author":19,"featured_media":21354,"parent":0,"menu_order":0,"comment_status":"open","ping_status":"closed","template":"g1_template_page_review_new.php","meta":{"_acf_changed":false,"cwp_meta_box_check":"Yes","cwp_rev_product_name":"","cwp_rev_product_image":"","wppr_links":[],"cwp_rev_price":"","wppr_options":[],"wppr_pros":[],"wppr_cons":[],"_monsterinsights_skip_tracking":false,"_monsterinsights_sitenote_active":false,"_monsterinsights_sitenote_note":"","_monsterinsights_sitenote_category":0,"footnotes":""},"categories":[1555],"tags":[396,1560,1557,1556,1558,1609],"features":[],"class_list":{"0":"post-21352","1":"page","2":"type-page","3":"status-publish","4":"has-post-thumbnail","6":"category-business-intelligence-it","7":"tag-cloud","8":"tag-piattaforma-business-intelligence","9":"tag-programma-business-intelligence","10":"tag-software-business-intelligence","11":"tag-soluzione-business-intelligence","12":"tag-tibco-spotfire"},"wppr_data":{"cwp_meta_box_check":"Yes","cwp_rev_product_name":"","cwp_rev_product_image":"","cwp_image_link":"image","cwp_rev_price":"","wppr_rating":"0.00"},"acf":[],"yoast_head":"<!-- This site is optimized with the Yoast SEO plugin v27.4 - https:\/\/yoast.com\/product\/yoast-seo-wordpress\/ -->\n<title>TIBCO Spotfire: recensione software Business Intelligence -<\/title>\n<meta name=\"description\" content=\"TIBCO Spotfire: recensione soluzione business intelligence che offre agli utenti gli strumenti necessari per raccogliere, analizzare e visualizzare i dati.\" \/>\n<meta name=\"robots\" content=\"index, follow, max-snippet:-1, max-image-preview:large, max-video-preview:-1\" \/>\n<link rel=\"canonical\" href=\"https:\/\/www.accuratereviews.com\/it\/tibco-spotfire-recensione\/\" \/>\n<meta property=\"og:locale\" content=\"it_IT\" \/>\n<meta property=\"og:type\" content=\"article\" \/>\n<meta property=\"og:title\" content=\"TIBCO Spotfire: recensione software Business Intelligence -\" \/>\n<meta property=\"og:description\" content=\"TIBCO Spotfire: recensione soluzione business intelligence che offre agli utenti gli strumenti necessari per raccogliere, analizzare e visualizzare i dati.\" \/>\n<meta property=\"og:url\" content=\"https:\/\/www.accuratereviews.com\/it\/tibco-spotfire-recensione\/\" \/>\n<meta property=\"og:site_name\" content=\"Accurate Reviews\" \/>\n<meta property=\"og:image\" content=\"https:\/\/www.accuratereviews.com\/wp-content\/uploads\/2019\/12\/TIBCO-Spotfire.jpg\" \/>\n\t<meta property=\"og:image:width\" content=\"333\" \/>\n\t<meta property=\"og:image:height\" content=\"245\" \/>\n\t<meta property=\"og:image:type\" content=\"image\/jpeg\" \/>\n<meta name=\"twitter:card\" content=\"summary_large_image\" \/>\n<meta name=\"twitter:label1\" content=\"Tempo di lettura stimato\" \/>\n\t<meta name=\"twitter:data1\" content=\"4 minuti\" \/>\n<script type=\"application\/ld+json\" class=\"yoast-schema-graph\">{\"@context\":\"https:\\\/\\\/schema.org\",\"@graph\":[{\"@type\":\"WebPage\",\"@id\":\"https:\\\/\\\/www.accuratereviews.com\\\/it\\\/tibco-spotfire-recensione\\\/\",\"url\":\"https:\\\/\\\/www.accuratereviews.com\\\/it\\\/tibco-spotfire-recensione\\\/\",\"name\":\"TIBCO Spotfire: recensione software Business Intelligence -\",\"isPartOf\":{\"@id\":\"https:\\\/\\\/www.accuratereviews.com\\\/it\\\/#website\"},\"primaryImageOfPage\":{\"@id\":\"https:\\\/\\\/www.accuratereviews.com\\\/it\\\/tibco-spotfire-recensione\\\/#primaryimage\"},\"image\":{\"@id\":\"https:\\\/\\\/www.accuratereviews.com\\\/it\\\/tibco-spotfire-recensione\\\/#primaryimage\"},\"thumbnailUrl\":\"https:\\\/\\\/www.accuratereviews.com\\\/wp-content\\\/uploads\\\/2019\\\/12\\\/TIBCO-Spotfire.jpg\",\"datePublished\":\"2019-12-17T16:20:21+00:00\",\"description\":\"TIBCO Spotfire: recensione soluzione business intelligence che offre agli utenti gli strumenti necessari per raccogliere, analizzare e visualizzare i dati.\",\"breadcrumb\":{\"@id\":\"https:\\\/\\\/www.accuratereviews.com\\\/it\\\/tibco-spotfire-recensione\\\/#breadcrumb\"},\"inLanguage\":\"it-IT\",\"potentialAction\":[{\"@type\":\"ReadAction\",\"target\":[\"https:\\\/\\\/www.accuratereviews.com\\\/it\\\/tibco-spotfire-recensione\\\/\"]}]},{\"@type\":\"ImageObject\",\"inLanguage\":\"it-IT\",\"@id\":\"https:\\\/\\\/www.accuratereviews.com\\\/it\\\/tibco-spotfire-recensione\\\/#primaryimage\",\"url\":\"https:\\\/\\\/www.accuratereviews.com\\\/wp-content\\\/uploads\\\/2019\\\/12\\\/TIBCO-Spotfire.jpg\",\"contentUrl\":\"https:\\\/\\\/www.accuratereviews.com\\\/wp-content\\\/uploads\\\/2019\\\/12\\\/TIBCO-Spotfire.jpg\",\"width\":333,\"height\":245},{\"@type\":\"BreadcrumbList\",\"@id\":\"https:\\\/\\\/www.accuratereviews.com\\\/it\\\/tibco-spotfire-recensione\\\/#breadcrumb\",\"itemListElement\":[{\"@type\":\"ListItem\",\"position\":1,\"name\":\"Home\",\"item\":\"https:\\\/\\\/www.accuratereviews.com\\\/it\\\/\"},{\"@type\":\"ListItem\",\"position\":2,\"name\":\"TIBCO Spotfire\"}]},{\"@type\":\"WebSite\",\"@id\":\"https:\\\/\\\/www.accuratereviews.com\\\/it\\\/#website\",\"url\":\"https:\\\/\\\/www.accuratereviews.com\\\/it\\\/\",\"name\":\"Accurate Reviews\",\"description\":\"\",\"potentialAction\":[{\"@type\":\"SearchAction\",\"target\":{\"@type\":\"EntryPoint\",\"urlTemplate\":\"https:\\\/\\\/www.accuratereviews.com\\\/it\\\/?s={search_term_string}\"},\"query-input\":{\"@type\":\"PropertyValueSpecification\",\"valueRequired\":true,\"valueName\":\"search_term_string\"}}],\"inLanguage\":\"it-IT\"}]}<\/script>\n<!-- \/ Yoast SEO plugin. -->","yoast_head_json":{"title":"TIBCO Spotfire: recensione software Business Intelligence -","description":"TIBCO Spotfire: recensione soluzione business intelligence che offre agli utenti gli strumenti necessari per raccogliere, analizzare e visualizzare i dati.","robots":{"index":"index","follow":"follow","max-snippet":"max-snippet:-1","max-image-preview":"max-image-preview:large","max-video-preview":"max-video-preview:-1"},"canonical":"https:\/\/www.accuratereviews.com\/it\/tibco-spotfire-recensione\/","og_locale":"it_IT","og_type":"article","og_title":"TIBCO Spotfire: recensione software Business Intelligence -","og_description":"TIBCO Spotfire: recensione soluzione business intelligence che offre agli utenti gli strumenti necessari per raccogliere, analizzare e visualizzare i dati.","og_url":"https:\/\/www.accuratereviews.com\/it\/tibco-spotfire-recensione\/","og_site_name":"Accurate Reviews","og_image":[{"width":333,"height":245,"url":"https:\/\/www.accuratereviews.com\/wp-content\/uploads\/2019\/12\/TIBCO-Spotfire.jpg","type":"image\/jpeg"}],"twitter_card":"summary_large_image","twitter_misc":{"Tempo di lettura stimato":"4 minuti"},"schema":{"@context":"https:\/\/schema.org","@graph":[{"@type":"WebPage","@id":"https:\/\/www.accuratereviews.com\/it\/tibco-spotfire-recensione\/","url":"https:\/\/www.accuratereviews.com\/it\/tibco-spotfire-recensione\/","name":"TIBCO Spotfire: recensione software Business Intelligence -","isPartOf":{"@id":"https:\/\/www.accuratereviews.com\/it\/#website"},"primaryImageOfPage":{"@id":"https:\/\/www.accuratereviews.com\/it\/tibco-spotfire-recensione\/#primaryimage"},"image":{"@id":"https:\/\/www.accuratereviews.com\/it\/tibco-spotfire-recensione\/#primaryimage"},"thumbnailUrl":"https:\/\/www.accuratereviews.com\/wp-content\/uploads\/2019\/12\/TIBCO-Spotfire.jpg","datePublished":"2019-12-17T16:20:21+00:00","description":"TIBCO Spotfire: recensione soluzione business intelligence che offre agli utenti gli strumenti necessari per raccogliere, analizzare e visualizzare i dati.","breadcrumb":{"@id":"https:\/\/www.accuratereviews.com\/it\/tibco-spotfire-recensione\/#breadcrumb"},"inLanguage":"it-IT","potentialAction":[{"@type":"ReadAction","target":["https:\/\/www.accuratereviews.com\/it\/tibco-spotfire-recensione\/"]}]},{"@type":"ImageObject","inLanguage":"it-IT","@id":"https:\/\/www.accuratereviews.com\/it\/tibco-spotfire-recensione\/#primaryimage","url":"https:\/\/www.accuratereviews.com\/wp-content\/uploads\/2019\/12\/TIBCO-Spotfire.jpg","contentUrl":"https:\/\/www.accuratereviews.com\/wp-content\/uploads\/2019\/12\/TIBCO-Spotfire.jpg","width":333,"height":245},{"@type":"BreadcrumbList","@id":"https:\/\/www.accuratereviews.com\/it\/tibco-spotfire-recensione\/#breadcrumb","itemListElement":[{"@type":"ListItem","position":1,"name":"Home","item":"https:\/\/www.accuratereviews.com\/it\/"},{"@type":"ListItem","position":2,"name":"TIBCO Spotfire"}]},{"@type":"WebSite","@id":"https:\/\/www.accuratereviews.com\/it\/#website","url":"https:\/\/www.accuratereviews.com\/it\/","name":"Accurate Reviews","description":"","potentialAction":[{"@type":"SearchAction","target":{"@type":"EntryPoint","urlTemplate":"https:\/\/www.accuratereviews.com\/it\/?s={search_term_string}"},"query-input":{"@type":"PropertyValueSpecification","valueRequired":true,"valueName":"search_term_string"}}],"inLanguage":"it-IT"}]}},"_links":{"self":[{"href":"https:\/\/www.accuratereviews.com\/it\/wp-json\/wp\/v2\/pages\/21352","targetHints":{"allow":["GET"]}}],"collection":[{"href":"https:\/\/www.accuratereviews.com\/it\/wp-json\/wp\/v2\/pages"}],"about":[{"href":"https:\/\/www.accuratereviews.com\/it\/wp-json\/wp\/v2\/types\/page"}],"author":[{"embeddable":true,"href":"https:\/\/www.accuratereviews.com\/it\/wp-json\/wp\/v2\/users\/19"}],"replies":[{"embeddable":true,"href":"https:\/\/www.accuratereviews.com\/it\/wp-json\/wp\/v2\/comments?post=21352"}],"version-history":[{"count":6,"href":"https:\/\/www.accuratereviews.com\/it\/wp-json\/wp\/v2\/pages\/21352\/revisions"}],"predecessor-version":[{"id":21391,"href":"https:\/\/www.accuratereviews.com\/it\/wp-json\/wp\/v2\/pages\/21352\/revisions\/21391"}],"wp:featuredmedia":[{"embeddable":true,"href":"https:\/\/www.accuratereviews.com\/it\/wp-json\/wp\/v2\/media\/21354"}],"wp:attachment":[{"href":"https:\/\/www.accuratereviews.com\/it\/wp-json\/wp\/v2\/media?parent=21352"}],"wp:term":[{"taxonomy":"category","embeddable":true,"href":"https:\/\/www.accuratereviews.com\/it\/wp-json\/wp\/v2\/categories?post=21352"},{"taxonomy":"post_tag","embeddable":true,"href":"https:\/\/www.accuratereviews.com\/it\/wp-json\/wp\/v2\/tags?post=21352"},{"taxonomy":"features","embeddable":true,"href":"https:\/\/www.accuratereviews.com\/it\/wp-json\/wp\/v2\/features?post=21352"}],"curies":[{"name":"wp","href":"https:\/\/api.w.org\/{rel}","templated":true}]}}