{"id":21377,"date":"2019-12-19T07:03:37","date_gmt":"2019-12-19T07:03:37","guid":{"rendered":"https:\/\/www.accuratereviews.com\/?page_id=21377"},"modified":"2021-05-18T15:00:25","modified_gmt":"2021-05-18T15:00:25","slug":"idashboards-recensione","status":"publish","type":"page","link":"https:\/\/www.accuratereviews.com\/it\/business-intelligence\/idashboards-recensione\/","title":{"rendered":"iDashboards"},"content":{"rendered":"<p><strong>iDashboards<\/strong> \u00e8 una<strong> soluzione di business intelligence<\/strong> sviluppata per tutti i tipi di utenti che sono alla ricerca di un software che consenta loro di utilizzare appieno le loro informazioni e di prendere decisioni aziendali altamente intelligenti. Il software sposa pienamente l&#8217;uso della tecnologia di visualizzazione dei dati, fornendo agli utenti dashboard che visualizzano i dati tramite grafici e mappe e li organizzano tramite drill-down.\u00a0Robusto e ricco di funzionalit\u00e0, <strong>iDashboards<\/strong> \u00e8 facile da capire e implementare. Con un&#8217;interfaccia intuitiva rende semplice per gli utenti conoscere e comprendere i propri dati e intraprendere azioni intelligenti in base ai loro report. Questo software di business intelligence interattivo aiuta le aziende ad adottare una nuova cultura del dashboard che rende i dati molto chiari e incoraggia la trasparenza tra e tra utenti e gestione.<\/p>\n<h2>IDASHBOARDS &#8211; TUTORIAL<\/h2>\n<p>Scopri le funzioni di questo programma, i pivot, i drill-down e le analisi brevettati per rivelare potenti spunti in questa breve dimostrazione di iDashboard:<\/p>\n<div id=\"fluid-wrapper-counter-1\" class=\"g1-fluid-wrapper \" style=\"width:686px;\">\n<div style=\"padding-bottom:56.268221574344%;\"><iframe loading=\"lazy\" title=\"Demonstration of iDashboards\" width=\"515\" height=\"386\" src=\"https:\/\/www.youtube.com\/embed\/V0UZVdBZobk?feature=oembed&amp;wmode=transparent&amp;autohide=1&amp;autoplay=0&amp;disablekb=0&amp;fs=1&amp;loop=0&amp;enablejsapi=1&amp;rel=0&amp;controls=2&amp;showinfo=0&amp;wmode=transparent&amp;autohide=2&amp;autoplay=0&amp;disablekb=0&amp;fs=1&amp;loop=0&amp;enablejsapi=1&amp;rel=0&amp;controls=2&amp;showinfo=1\" frameborder=\"0\" allow=\"accelerometer; autoplay; clipboard-write; encrypted-media; gyroscope; picture-in-picture\" allowfullscreen><\/iframe><\/div>\n<\/div>\n<p>&nbsp;<\/p>\n<h3>IDASHBOARDS &#8211; CARATTERISTICHE<\/h3>\n<ul>\n<li><strong>Ottimizzato per dispositivi mobili<\/strong>: visualizza le tue dashboard da qualsiasi dispositivo mobile e ottieni l&#8217;accesso su richiesta alle tue metriche aziendali pi\u00f9 importanti. Con la soluzione di dashboard ottimizzata per i dispositivi mobili, puoi creare facilmente splendide dashboard che coinvolgono il tuo pubblico, indipendentemente dal fatto che li stiano visualizzando da un computer desktop, tablet o telefono cellulare.<\/li>\n<li><strong>Drag and Drop Design<\/strong>: crea facilmente splendide dashboard per coinvolgere il tuo pubblico &#8211; non \u00e8 richiesta alcuna codifica! Dai nuova vita a dati disorganizzati con diagrammi e grafici colorati, personalizzabili e interattivi. Includi i loghi, le immagini, i video, le mappe della tua azienda e altro ancora per creare report e presentazioni unici.<\/li>\n<li><strong>Risultati dei dati in tempo reale<\/strong>: quando colleghi i tuoi dati al programma, i grafici si aggiornano automaticamente per mostrare dati pi\u00f9 recenti. Sincronizza le tue origini dati per estrarre informazioni in tempo reale con i nostri aggiornamenti automatici. Con strumenti come l&#8217;Uploader automatico di Excel, puoi impostare intervalli di soli 60 secondi per trasferire i tuoi dati nel cloud e nei dashboard online.<\/li>\n<li><strong>Drilldown<\/strong>:\u00a0ti consente di visualizzare i tuoi dati da una prospettiva diversa. Con un solo clic, ruota da una panoramica dei tuoi dati ai dettagli. Gli utenti possono interagire con ogni livello di dati, porre e rispondere alle proprie domande e acquisire chiarezza per una maggiore comprensione.<\/li>\n<li><strong>Connessioni dati<\/strong>: collega il programma a tutte le tue origini dati esistenti, inclusi fogli di calcolo Excel, database SQL e una moltitudine di applicazioni cloud. \u00c8 possibile creare facilmente grafici utilizzando una combinazione di origini dati in un&#8217;unica dashboard e individuare tendenze nascoste a colpo d&#8217;occhio per prendere decisioni informate.<\/li>\n<li><strong>Proteggi i dati con una dashboard<\/strong>: con le autorizzazioni basate sui ruoli, puoi controllare quali individui e gruppi possono accedere, modificare o visualizzare i dashboard. Puoi anche scegliere come ospitare le tue dashboard, dietro il tuo firewall o nel cloud sicuro.<\/li>\n<\/ul>\n<h4>LE RECENSIONI DEGLI UTENTI<\/h4>\n<h4>William L. &#8220;Non potrebbe essere pi\u00f9 felice&#8221;<\/h4>\n<p><strong>Commenti<\/strong>: fenomenale &#8211; non potrebbe essere pi\u00f9 felice<\/p>\n<p><strong>Vantaggi<\/strong>: il software \u00e8 molto intuitivo e posso anche dire &#8220;divertente&#8221; da usare. Il loro supporto ai clienti non \u00e8 secondo a nessuno, la societ\u00e0 stessa \u00e8 fantastica: emanano l&#8217;atmosfera che in realt\u00e0 amano fare il loro lavoro. Perfetto per la nostra azienda.<\/p>\n<p><strong>Inconvenienti<\/strong>: l&#8217;unico problema che abbiamo riscontrato \u00e8 come formattare i nostri dati in modo che il software possa interpretarli. Tuttavia, questo \u00e8 interamente causa. nostra, non un problema di software.<\/p>\n<h4>Chad P. &#8220;Ottimo software per dashboard&#8221;<\/h4>\n<p><strong>Vantaggi<\/strong>: la facilit\u00e0 d&#8217;uso, flessibilit\u00e0, utilit\u00e0 in ambito aziendale<\/p>\n<p><strong>Inconvenienti<\/strong>: devi avere una certa esperienza con SQL Server per usarlo davvero.<\/p>\n<p><strong>Laura M. &#8220;iDashboards &#8211; Grande!&#8221;<\/strong><\/p>\n<p><strong>Commenti<\/strong>: Siamo cos\u00ec contenti di iDashboards. \u00c8 il primo strumento che ha funzionato con i nostri dati predefiniti e non richiede un background IT per funzionare con esso. Lo consiglio vivamente a chiunque cerchi uno strumento di visualizzazione!<\/p>\n<p><strong>Vantaggi<\/strong>: facilit\u00e0 d&#8217;uso &#8211; grande valore &#8211; servizio clienti imbattibile &#8211; molto flessibile!<\/p>\n<p><strong>Inconvenienti<\/strong>: Non riesco proprio a pensare a niente in questo momento<\/p>\n","protected":false},"excerpt":{"rendered":"<p>iDashboards \u00e8 una soluzione di business intelligence sviluppata per tutti i tipi di utenti che sono alla ricerca di un software che consenta loro di utilizzare appieno le loro informazioni e di prendere decisioni aziendali altamente intelligenti. Il software sposa pienamente l&#8217;uso della tecnologia di visualizzazione dei dati, fornendo agli utenti dashboard che visualizzano i dati tramite grafici e mappe e li organizzano tramite drill-down.\u00a0<\/p>\n","protected":false},"author":19,"featured_media":21383,"parent":32646,"menu_order":0,"comment_status":"open","ping_status":"closed","template":"g1_template_page_review_new.php","meta":{"_acf_changed":false,"cwp_meta_box_check":"Yes","cwp_rev_product_name":"","cwp_rev_product_image":"","wppr_links":[],"cwp_rev_price":"","wppr_options":[],"wppr_pros":[],"wppr_cons":[],"_monsterinsights_skip_tracking":false,"_monsterinsights_sitenote_active":false,"_monsterinsights_sitenote_note":"","_monsterinsights_sitenote_category":0,"footnotes":""},"categories":[1555],"tags":[1616,1560,1557,1556,1558],"features":[],"class_list":{"0":"post-21377","1":"page","2":"type-page","3":"status-publish","4":"has-post-thumbnail","6":"category-business-intelligence-it","7":"tag-idashboards","8":"tag-piattaforma-business-intelligence","9":"tag-programma-business-intelligence","10":"tag-software-business-intelligence","11":"tag-soluzione-business-intelligence"},"wppr_data":{"cwp_meta_box_check":"Yes","cwp_rev_product_name":"","cwp_rev_product_image":"","cwp_image_link":"image","cwp_rev_price":"","wppr_rating":"0.00"},"acf":[],"yoast_head":"<!-- This site is optimized with the Yoast SEO plugin v27.4 - https:\/\/yoast.com\/product\/yoast-seo-wordpress\/ -->\n<title>iDashboards: recensione software Business Intelligence Accurate Reviews<\/title>\n<meta name=\"description\" content=\"iDashboards: recensione soluzione di business intelligence sviluppata per tutti i tipi di utenti che sono alla ricerca di un software semplice e efficace.\" \/>\n<meta name=\"robots\" content=\"index, follow, max-snippet:-1, max-image-preview:large, max-video-preview:-1\" \/>\n<link rel=\"canonical\" href=\"https:\/\/www.accuratereviews.com\/it\/business-intelligence\/idashboards-recensione\/\" \/>\n<meta property=\"og:locale\" content=\"it_IT\" \/>\n<meta property=\"og:type\" content=\"article\" \/>\n<meta property=\"og:title\" content=\"iDashboards: recensione software Business Intelligence Accurate Reviews\" \/>\n<meta property=\"og:description\" content=\"iDashboards: recensione soluzione di business intelligence sviluppata per tutti i tipi di utenti che sono alla ricerca di un software semplice e efficace.\" \/>\n<meta property=\"og:url\" content=\"https:\/\/www.accuratereviews.com\/it\/business-intelligence\/idashboards-recensione\/\" \/>\n<meta property=\"og:site_name\" content=\"Accurate Reviews\" \/>\n<meta property=\"article:modified_time\" content=\"2021-05-18T15:00:25+00:00\" \/>\n<meta property=\"og:image\" content=\"https:\/\/www.accuratereviews.com\/wp-content\/uploads\/2019\/12\/idashboards-logo.jpg\" \/>\n\t<meta property=\"og:image:width\" content=\"400\" \/>\n\t<meta property=\"og:image:height\" content=\"300\" \/>\n\t<meta property=\"og:image:type\" content=\"image\/jpeg\" \/>\n<meta name=\"twitter:card\" content=\"summary_large_image\" \/>\n<meta name=\"twitter:label1\" content=\"Tempo di lettura stimato\" \/>\n\t<meta name=\"twitter:data1\" content=\"3 minuti\" \/>\n<script type=\"application\/ld+json\" class=\"yoast-schema-graph\">{\"@context\":\"https:\\\/\\\/schema.org\",\"@graph\":[{\"@type\":\"WebPage\",\"@id\":\"https:\\\/\\\/www.accuratereviews.com\\\/it\\\/business-intelligence\\\/idashboards-recensione\\\/\",\"url\":\"https:\\\/\\\/www.accuratereviews.com\\\/it\\\/business-intelligence\\\/idashboards-recensione\\\/\",\"name\":\"iDashboards: recensione software Business Intelligence Accurate Reviews\",\"isPartOf\":{\"@id\":\"https:\\\/\\\/www.accuratereviews.com\\\/it\\\/#website\"},\"primaryImageOfPage\":{\"@id\":\"https:\\\/\\\/www.accuratereviews.com\\\/it\\\/business-intelligence\\\/idashboards-recensione\\\/#primaryimage\"},\"image\":{\"@id\":\"https:\\\/\\\/www.accuratereviews.com\\\/it\\\/business-intelligence\\\/idashboards-recensione\\\/#primaryimage\"},\"thumbnailUrl\":\"https:\\\/\\\/www.accuratereviews.com\\\/wp-content\\\/uploads\\\/2019\\\/12\\\/idashboards-logo.jpg\",\"datePublished\":\"2019-12-19T07:03:37+00:00\",\"dateModified\":\"2021-05-18T15:00:25+00:00\",\"description\":\"iDashboards: recensione soluzione di business intelligence sviluppata per tutti i tipi di utenti che sono alla ricerca di un software semplice e efficace.\",\"breadcrumb\":{\"@id\":\"https:\\\/\\\/www.accuratereviews.com\\\/it\\\/business-intelligence\\\/idashboards-recensione\\\/#breadcrumb\"},\"inLanguage\":\"it-IT\",\"potentialAction\":[{\"@type\":\"ReadAction\",\"target\":[\"https:\\\/\\\/www.accuratereviews.com\\\/it\\\/business-intelligence\\\/idashboards-recensione\\\/\"]}]},{\"@type\":\"ImageObject\",\"inLanguage\":\"it-IT\",\"@id\":\"https:\\\/\\\/www.accuratereviews.com\\\/it\\\/business-intelligence\\\/idashboards-recensione\\\/#primaryimage\",\"url\":\"https:\\\/\\\/www.accuratereviews.com\\\/wp-content\\\/uploads\\\/2019\\\/12\\\/idashboards-logo.jpg\",\"contentUrl\":\"https:\\\/\\\/www.accuratereviews.com\\\/wp-content\\\/uploads\\\/2019\\\/12\\\/idashboards-logo.jpg\",\"width\":400,\"height\":300},{\"@type\":\"BreadcrumbList\",\"@id\":\"https:\\\/\\\/www.accuratereviews.com\\\/it\\\/business-intelligence\\\/idashboards-recensione\\\/#breadcrumb\",\"itemListElement\":[{\"@type\":\"ListItem\",\"position\":1,\"name\":\"Home\",\"item\":\"https:\\\/\\\/www.accuratereviews.com\\\/it\\\/\"},{\"@type\":\"ListItem\",\"position\":2,\"name\":\"Business intelligence\",\"item\":\"https:\\\/\\\/www.accuratereviews.com\\\/it\\\/business-intelligence\\\/\"},{\"@type\":\"ListItem\",\"position\":3,\"name\":\"iDashboards\"}]},{\"@type\":\"WebSite\",\"@id\":\"https:\\\/\\\/www.accuratereviews.com\\\/it\\\/#website\",\"url\":\"https:\\\/\\\/www.accuratereviews.com\\\/it\\\/\",\"name\":\"Accurate Reviews\",\"description\":\"\",\"potentialAction\":[{\"@type\":\"SearchAction\",\"target\":{\"@type\":\"EntryPoint\",\"urlTemplate\":\"https:\\\/\\\/www.accuratereviews.com\\\/it\\\/?s={search_term_string}\"},\"query-input\":{\"@type\":\"PropertyValueSpecification\",\"valueRequired\":true,\"valueName\":\"search_term_string\"}}],\"inLanguage\":\"it-IT\"}]}<\/script>\n<!-- \/ Yoast SEO plugin. -->","yoast_head_json":{"title":"iDashboards: recensione software Business Intelligence Accurate Reviews","description":"iDashboards: recensione soluzione di business intelligence sviluppata per tutti i tipi di utenti che sono alla ricerca di un software semplice e efficace.","robots":{"index":"index","follow":"follow","max-snippet":"max-snippet:-1","max-image-preview":"max-image-preview:large","max-video-preview":"max-video-preview:-1"},"canonical":"https:\/\/www.accuratereviews.com\/it\/business-intelligence\/idashboards-recensione\/","og_locale":"it_IT","og_type":"article","og_title":"iDashboards: recensione software Business Intelligence Accurate Reviews","og_description":"iDashboards: recensione soluzione di business intelligence sviluppata per tutti i tipi di utenti che sono alla ricerca di un software semplice e efficace.","og_url":"https:\/\/www.accuratereviews.com\/it\/business-intelligence\/idashboards-recensione\/","og_site_name":"Accurate Reviews","article_modified_time":"2021-05-18T15:00:25+00:00","og_image":[{"width":400,"height":300,"url":"https:\/\/www.accuratereviews.com\/wp-content\/uploads\/2019\/12\/idashboards-logo.jpg","type":"image\/jpeg"}],"twitter_card":"summary_large_image","twitter_misc":{"Tempo di lettura stimato":"3 minuti"},"schema":{"@context":"https:\/\/schema.org","@graph":[{"@type":"WebPage","@id":"https:\/\/www.accuratereviews.com\/it\/business-intelligence\/idashboards-recensione\/","url":"https:\/\/www.accuratereviews.com\/it\/business-intelligence\/idashboards-recensione\/","name":"iDashboards: recensione software Business Intelligence Accurate Reviews","isPartOf":{"@id":"https:\/\/www.accuratereviews.com\/it\/#website"},"primaryImageOfPage":{"@id":"https:\/\/www.accuratereviews.com\/it\/business-intelligence\/idashboards-recensione\/#primaryimage"},"image":{"@id":"https:\/\/www.accuratereviews.com\/it\/business-intelligence\/idashboards-recensione\/#primaryimage"},"thumbnailUrl":"https:\/\/www.accuratereviews.com\/wp-content\/uploads\/2019\/12\/idashboards-logo.jpg","datePublished":"2019-12-19T07:03:37+00:00","dateModified":"2021-05-18T15:00:25+00:00","description":"iDashboards: recensione soluzione di business intelligence sviluppata per tutti i tipi di utenti che sono alla ricerca di un software semplice e efficace.","breadcrumb":{"@id":"https:\/\/www.accuratereviews.com\/it\/business-intelligence\/idashboards-recensione\/#breadcrumb"},"inLanguage":"it-IT","potentialAction":[{"@type":"ReadAction","target":["https:\/\/www.accuratereviews.com\/it\/business-intelligence\/idashboards-recensione\/"]}]},{"@type":"ImageObject","inLanguage":"it-IT","@id":"https:\/\/www.accuratereviews.com\/it\/business-intelligence\/idashboards-recensione\/#primaryimage","url":"https:\/\/www.accuratereviews.com\/wp-content\/uploads\/2019\/12\/idashboards-logo.jpg","contentUrl":"https:\/\/www.accuratereviews.com\/wp-content\/uploads\/2019\/12\/idashboards-logo.jpg","width":400,"height":300},{"@type":"BreadcrumbList","@id":"https:\/\/www.accuratereviews.com\/it\/business-intelligence\/idashboards-recensione\/#breadcrumb","itemListElement":[{"@type":"ListItem","position":1,"name":"Home","item":"https:\/\/www.accuratereviews.com\/it\/"},{"@type":"ListItem","position":2,"name":"Business intelligence","item":"https:\/\/www.accuratereviews.com\/it\/business-intelligence\/"},{"@type":"ListItem","position":3,"name":"iDashboards"}]},{"@type":"WebSite","@id":"https:\/\/www.accuratereviews.com\/it\/#website","url":"https:\/\/www.accuratereviews.com\/it\/","name":"Accurate Reviews","description":"","potentialAction":[{"@type":"SearchAction","target":{"@type":"EntryPoint","urlTemplate":"https:\/\/www.accuratereviews.com\/it\/?s={search_term_string}"},"query-input":{"@type":"PropertyValueSpecification","valueRequired":true,"valueName":"search_term_string"}}],"inLanguage":"it-IT"}]}},"_links":{"self":[{"href":"https:\/\/www.accuratereviews.com\/it\/wp-json\/wp\/v2\/pages\/21377","targetHints":{"allow":["GET"]}}],"collection":[{"href":"https:\/\/www.accuratereviews.com\/it\/wp-json\/wp\/v2\/pages"}],"about":[{"href":"https:\/\/www.accuratereviews.com\/it\/wp-json\/wp\/v2\/types\/page"}],"author":[{"embeddable":true,"href":"https:\/\/www.accuratereviews.com\/it\/wp-json\/wp\/v2\/users\/19"}],"replies":[{"embeddable":true,"href":"https:\/\/www.accuratereviews.com\/it\/wp-json\/wp\/v2\/comments?post=21377"}],"version-history":[{"count":8,"href":"https:\/\/www.accuratereviews.com\/it\/wp-json\/wp\/v2\/pages\/21377\/revisions"}],"predecessor-version":[{"id":42944,"href":"https:\/\/www.accuratereviews.com\/it\/wp-json\/wp\/v2\/pages\/21377\/revisions\/42944"}],"up":[{"embeddable":true,"href":"https:\/\/www.accuratereviews.com\/it\/wp-json\/wp\/v2\/pages\/32646"}],"wp:featuredmedia":[{"embeddable":true,"href":"https:\/\/www.accuratereviews.com\/it\/wp-json\/wp\/v2\/media\/21383"}],"wp:attachment":[{"href":"https:\/\/www.accuratereviews.com\/it\/wp-json\/wp\/v2\/media?parent=21377"}],"wp:term":[{"taxonomy":"category","embeddable":true,"href":"https:\/\/www.accuratereviews.com\/it\/wp-json\/wp\/v2\/categories?post=21377"},{"taxonomy":"post_tag","embeddable":true,"href":"https:\/\/www.accuratereviews.com\/it\/wp-json\/wp\/v2\/tags?post=21377"},{"taxonomy":"features","embeddable":true,"href":"https:\/\/www.accuratereviews.com\/it\/wp-json\/wp\/v2\/features?post=21377"}],"curies":[{"name":"wp","href":"https:\/\/api.w.org\/{rel}","templated":true}]}}