{"id":21394,"date":"2019-12-18T17:05:38","date_gmt":"2019-12-18T17:05:38","guid":{"rendered":"https:\/\/www.accuratereviews.com\/?page_id=21394"},"modified":"2019-12-19T20:48:18","modified_gmt":"2019-12-19T20:48:18","slug":"necto-recensione","status":"publish","type":"page","link":"https:\/\/www.accuratereviews.com\/it\/necto-recensione\/","title":{"rendered":"Necto"},"content":{"rendered":"<p><strong>Necto<\/strong> \u00e8 un prodotto di punta<strong> business intelligence<\/strong> di Panorama che ha lo scopo di aiutare le aziende ad aumentare i ricavi, ridurre i costi e migliorare le prestazioni aziendali. Tutto questo viene fatto scoprendo approfondimenti all&#8217;interno dei loro dati, presentandoli in splendidi dashboard con infografiche intuitive, consentendo agli utenti di visualizzare, eseguire il drill down, creare i report e abilitare la condivisione e la collaborazione con gli altri colleghi. Si tratta di una <strong>piattaforma di business intelligence <\/strong>e che offre piena governance. Con <strong>Necto<\/strong> puoi fornire agli utenti informazioni dettagliate su quasi tutti i dispositivi, che siano desktop o mobile (dispositivi iOS e Android).<\/p>\n<h2>COME FUNZIONA NECTO &#8211; TUTORIAL<\/h2>\n<p>Ecco un video che ci mostra come utilizzare questo programma:<\/p>\n<div id=\"fluid-wrapper-counter-1\" class=\"g1-fluid-wrapper \" style=\"width:686px;\">\n<div style=\"padding-bottom:56.268221574344%;\"><iframe loading=\"lazy\" title=\"Panorama Necto Online Tutorial\" width=\"515\" height=\"386\" src=\"https:\/\/www.youtube.com\/embed\/G-w8Lbw4VX4?feature=oembed&amp;wmode=transparent&amp;autohide=1&amp;autoplay=0&amp;disablekb=0&amp;fs=1&amp;loop=0&amp;enablejsapi=1&amp;rel=0&amp;controls=2&amp;showinfo=0&amp;wmode=transparent&amp;autohide=2&amp;autoplay=0&amp;disablekb=0&amp;fs=1&amp;loop=0&amp;enablejsapi=1&amp;rel=0&amp;controls=2&amp;showinfo=1\" frameborder=\"0\" allow=\"accelerometer; autoplay; encrypted-media; gyroscope; picture-in-picture\" allowfullscreen><\/iframe><\/div>\n<\/div>\n<h3>NECTO &#8211; CARATTERISTICHE<\/h3>\n<p>Di seguito elenchiamo le sue principali caratteristiche:<\/p>\n<ul>\n<li>Avvisi e notifiche<\/li>\n<li>BI centralizzata<\/li>\n<li>BI suggestiva<\/li>\n<li>Social BI e collaborazione<\/li>\n<li>Infografiche che migliorano l&#8217;esperienza di visualizzazione<\/li>\n<li>Analisi automatizzate per il rilevamento dei dati<\/li>\n<li>Soluzione BI di livello aziendale e self-service<\/li>\n<\/ul>\n<h3>LE RECENSIONI DEGLI UTENTI<\/h3>\n<ul>\n<li><strong>&#8220;Un&#8217;innovazione !!&#8221;<\/strong><br \/>\nPRO: sto valutando strumenti all&#8217;interno della nostra organizzazione da suggerire a diversi clienti che sono meno tecnici e pi\u00f9 orientati agli utenti aziendali per analisi rapide di prima mano. Mi sono imbattuto in uno di questi strumenti con il nome Necto. Ero entusiasta delle capacit\u00e0 di essere incredibilmente pronto a costruire infografiche semplificate, moderne e integrate che possono essere utilizzate semplicemente facendo clic con il tasto destro sugli attributi. Un&#8217;altra caratteristica che penso spiccasse in questo strumento \u00e8 la sua suggestione che porta ad analisi e raccomandazioni automatizzate. Ho anche osservato che utilizza il crowdsourcing per consigliare le schede di lavoro. Questo strumento d\u00e0 anche la caratteristica di essere collaborativo nell&#8217;esperienza decisionale in cui uno pu\u00f2 connettersi direttamente con i soci all&#8217;interno dell&#8217;azienda dall&#8217;interno dello strumento.<br \/>\nCONTRO: Le prestazioni in caso di enormi set di dati devono essere ulteriormente analizzate. Una buona applicazione per analisti di base, ma le funzioni pi\u00f9 avanzate devono essere rilasciate dal fornitore per utenti esperti nelle prossime versioni. Dovrebbero essere presi in considerazione i costi di implementazione di pi\u00f9 strumenti analitici per diverse categorie di utenti. La documentazione tecnica deve essere evoluta nel tempo.<\/li>\n<li><strong>&#8220;Uno strumento di BI originale e innovativo con eccellenti capacit\u00e0 di self service e collaborazione&#8221;<\/strong><br \/>\nIN GENERALE: il management della nostra azienda ha fissato alcuni obiettivi per il team di Analytics e Reporting e uno di questi \u00e8 quello di trovare il miglior strumento di front-end per i nostri utenti aziendali. Stiamo provando a scaricare il carico dagli sviluppatori e fornire agli utenti aziendali lo strumento per la BI self-service. Abbiamo valutato un paio di soluzioni presenti sul mercato e abbiamo trovato Necto molto innovativo con alcune caratteristiche uniche e utili.<br \/>\nPRO: capacit\u00e0 di collaborare con altri utenti condividendo contenuti, avviando discussioni, cercando i contenuti pertinenti. Identificazione automatica delle eccezioni nei dati e approfondimenti automatizzati inclusa l&#8217;analisi della causa principale. L&#8217;applicazione mobile offre agli utenti la stessa esperienza su qualsiasi dispositivo. Questo \u00e8 ottimo per i dirigenti che viaggiano molto e spesso partecipano alle riunioni. Grandi capacit\u00e0 di visualizzazione, in particolare infografiche che rappresentano un modo unico per presentare facilmente le tendenze nei dati.<br \/>\nCONTRO: \u00e8 necessario un maggiore supporto per ETL e supporto per la trasformazione dei dati \u00c8 necessario un maggiore supporto per l&#8217;analisi predittiva e di previsione. Non supporta pi\u00f9 lingue. La risoluzione di alcuni potenziali problemi non \u00e8 disponibile nei forum o in altre basi di conoscenza, \u00e8 necessario contattare l&#8217;assistenza clienti.<\/li>\n<li><strong>&#8220;Necto ti aiuta a scoprire i tuoi dati in modo semplice!&#8221;<\/strong><br \/>\nPRO: Quello che mi piace di pi\u00f9 di Necto \u00e8 un prodotto self-service, che utilizza funzionalit\u00e0 analitiche di base e avanzate. Qualsiasi utente pu\u00f2 creare dashboard e visualizzazioni all&#8217;interno di una singola applicazione sicura collegando pi\u00f9 fonti in pochi clic.<br \/>\nCONTRO: Questo prodotto non ha una buona portabilit\u00e0, non \u00e8 compatibile con alcuni altri sistemi come Mac e il fatto che non supporti le funzionalit\u00e0 di analisi predittiva.<\/li>\n<\/ul>\n","protected":false},"excerpt":{"rendered":"<p>Necto \u00e8 un prodotto di punta business intelligence di Panorama che ha lo scopo di aiutare le aziende ad aumentare i ricavi, ridurre i costi e migliorare le prestazioni aziendali. Tutto questo viene fatto scoprendo approfondimenti all&#8217;interno dei loro dati, presentandoli in splendidi dashboard con infografiche intuitive, consentendo agli utenti di visualizzare, creare i report ecc.<\/p>\n","protected":false},"author":17,"featured_media":21395,"parent":0,"menu_order":0,"comment_status":"open","ping_status":"closed","template":"g1_template_page_review_new.php","meta":{"_acf_changed":false,"cwp_meta_box_check":"Yes","cwp_rev_product_name":"","cwp_rev_product_image":"","wppr_links":[],"cwp_rev_price":"","wppr_options":[],"wppr_pros":[],"wppr_cons":[],"_monsterinsights_skip_tracking":false,"_monsterinsights_sitenote_active":false,"_monsterinsights_sitenote_note":"","_monsterinsights_sitenote_category":0,"footnotes":""},"categories":[1555],"tags":[1561,1565,1564,1557,1558],"features":[],"class_list":{"0":"post-21394","1":"page","2":"type-page","3":"status-publish","4":"has-post-thumbnail","6":"category-business-intelligence-it","7":"tag-bi","8":"tag-business-intelligence","9":"tag-business-intelligence-software","10":"tag-programma-business-intelligence","11":"tag-soluzione-business-intelligence"},"wppr_data":{"cwp_meta_box_check":"Yes","cwp_rev_product_name":"","cwp_rev_product_image":"","cwp_image_link":"image","cwp_rev_price":"","wppr_rating":"0.00"},"acf":[],"yoast_head":"<!-- This site is optimized with the Yoast SEO plugin v27.4 - https:\/\/yoast.com\/product\/yoast-seo-wordpress\/ -->\n<title>Necto: recensione business intelligence software - Accurate Reviews<\/title>\n<meta name=\"description\" content=\"Necto: recensione del software di business intelligence che aiuta le aziende ad aumentare i ricavi, ridurre i costi e migliorare le prestazioni aziendali.\" \/>\n<meta name=\"robots\" content=\"index, follow, max-snippet:-1, max-image-preview:large, max-video-preview:-1\" \/>\n<link rel=\"canonical\" href=\"https:\/\/www.accuratereviews.com\/it\/necto-recensione\/\" \/>\n<meta property=\"og:locale\" content=\"it_IT\" \/>\n<meta property=\"og:type\" content=\"article\" \/>\n<meta property=\"og:title\" content=\"Necto: recensione business intelligence software - Accurate Reviews\" \/>\n<meta property=\"og:description\" content=\"Necto: recensione del software di business intelligence che aiuta le aziende ad aumentare i ricavi, ridurre i costi e migliorare le prestazioni aziendali.\" \/>\n<meta property=\"og:url\" content=\"https:\/\/www.accuratereviews.com\/it\/necto-recensione\/\" \/>\n<meta property=\"og:site_name\" content=\"Accurate Reviews\" \/>\n<meta property=\"article:modified_time\" content=\"2019-12-19T20:48:18+00:00\" \/>\n<meta property=\"og:image\" content=\"https:\/\/www.accuratereviews.com\/wp-content\/uploads\/2019\/12\/panorama-necto.png\" \/>\n\t<meta property=\"og:image:width\" content=\"600\" \/>\n\t<meta property=\"og:image:height\" content=\"315\" \/>\n\t<meta property=\"og:image:type\" content=\"image\/png\" \/>\n<meta name=\"twitter:card\" content=\"summary_large_image\" \/>\n<meta name=\"twitter:label1\" content=\"Tempo di lettura stimato\" \/>\n\t<meta name=\"twitter:data1\" content=\"3 minuti\" \/>\n<script type=\"application\/ld+json\" class=\"yoast-schema-graph\">{\"@context\":\"https:\\\/\\\/schema.org\",\"@graph\":[{\"@type\":\"WebPage\",\"@id\":\"https:\\\/\\\/www.accuratereviews.com\\\/it\\\/necto-recensione\\\/\",\"url\":\"https:\\\/\\\/www.accuratereviews.com\\\/it\\\/necto-recensione\\\/\",\"name\":\"Necto: recensione business intelligence software - Accurate Reviews\",\"isPartOf\":{\"@id\":\"https:\\\/\\\/www.accuratereviews.com\\\/it\\\/#website\"},\"primaryImageOfPage\":{\"@id\":\"https:\\\/\\\/www.accuratereviews.com\\\/it\\\/necto-recensione\\\/#primaryimage\"},\"image\":{\"@id\":\"https:\\\/\\\/www.accuratereviews.com\\\/it\\\/necto-recensione\\\/#primaryimage\"},\"thumbnailUrl\":\"https:\\\/\\\/www.accuratereviews.com\\\/wp-content\\\/uploads\\\/2019\\\/12\\\/panorama-necto.png\",\"datePublished\":\"2019-12-18T17:05:38+00:00\",\"dateModified\":\"2019-12-19T20:48:18+00:00\",\"description\":\"Necto: recensione del software di business intelligence che aiuta le aziende ad aumentare i ricavi, ridurre i costi e migliorare le prestazioni aziendali.\",\"breadcrumb\":{\"@id\":\"https:\\\/\\\/www.accuratereviews.com\\\/it\\\/necto-recensione\\\/#breadcrumb\"},\"inLanguage\":\"it-IT\",\"potentialAction\":[{\"@type\":\"ReadAction\",\"target\":[\"https:\\\/\\\/www.accuratereviews.com\\\/it\\\/necto-recensione\\\/\"]}]},{\"@type\":\"ImageObject\",\"inLanguage\":\"it-IT\",\"@id\":\"https:\\\/\\\/www.accuratereviews.com\\\/it\\\/necto-recensione\\\/#primaryimage\",\"url\":\"https:\\\/\\\/www.accuratereviews.com\\\/wp-content\\\/uploads\\\/2019\\\/12\\\/panorama-necto.png\",\"contentUrl\":\"https:\\\/\\\/www.accuratereviews.com\\\/wp-content\\\/uploads\\\/2019\\\/12\\\/panorama-necto.png\",\"width\":600,\"height\":315},{\"@type\":\"BreadcrumbList\",\"@id\":\"https:\\\/\\\/www.accuratereviews.com\\\/it\\\/necto-recensione\\\/#breadcrumb\",\"itemListElement\":[{\"@type\":\"ListItem\",\"position\":1,\"name\":\"Home\",\"item\":\"https:\\\/\\\/www.accuratereviews.com\\\/it\\\/\"},{\"@type\":\"ListItem\",\"position\":2,\"name\":\"Necto\"}]},{\"@type\":\"WebSite\",\"@id\":\"https:\\\/\\\/www.accuratereviews.com\\\/it\\\/#website\",\"url\":\"https:\\\/\\\/www.accuratereviews.com\\\/it\\\/\",\"name\":\"Accurate Reviews\",\"description\":\"\",\"potentialAction\":[{\"@type\":\"SearchAction\",\"target\":{\"@type\":\"EntryPoint\",\"urlTemplate\":\"https:\\\/\\\/www.accuratereviews.com\\\/it\\\/?s={search_term_string}\"},\"query-input\":{\"@type\":\"PropertyValueSpecification\",\"valueRequired\":true,\"valueName\":\"search_term_string\"}}],\"inLanguage\":\"it-IT\"}]}<\/script>\n<!-- \/ Yoast SEO plugin. -->","yoast_head_json":{"title":"Necto: recensione business intelligence software - Accurate Reviews","description":"Necto: recensione del software di business intelligence che aiuta le aziende ad aumentare i ricavi, ridurre i costi e migliorare le prestazioni aziendali.","robots":{"index":"index","follow":"follow","max-snippet":"max-snippet:-1","max-image-preview":"max-image-preview:large","max-video-preview":"max-video-preview:-1"},"canonical":"https:\/\/www.accuratereviews.com\/it\/necto-recensione\/","og_locale":"it_IT","og_type":"article","og_title":"Necto: recensione business intelligence software - Accurate Reviews","og_description":"Necto: recensione del software di business intelligence che aiuta le aziende ad aumentare i ricavi, ridurre i costi e migliorare le prestazioni aziendali.","og_url":"https:\/\/www.accuratereviews.com\/it\/necto-recensione\/","og_site_name":"Accurate Reviews","article_modified_time":"2019-12-19T20:48:18+00:00","og_image":[{"width":600,"height":315,"url":"https:\/\/www.accuratereviews.com\/wp-content\/uploads\/2019\/12\/panorama-necto.png","type":"image\/png"}],"twitter_card":"summary_large_image","twitter_misc":{"Tempo di lettura stimato":"3 minuti"},"schema":{"@context":"https:\/\/schema.org","@graph":[{"@type":"WebPage","@id":"https:\/\/www.accuratereviews.com\/it\/necto-recensione\/","url":"https:\/\/www.accuratereviews.com\/it\/necto-recensione\/","name":"Necto: recensione business intelligence software - Accurate Reviews","isPartOf":{"@id":"https:\/\/www.accuratereviews.com\/it\/#website"},"primaryImageOfPage":{"@id":"https:\/\/www.accuratereviews.com\/it\/necto-recensione\/#primaryimage"},"image":{"@id":"https:\/\/www.accuratereviews.com\/it\/necto-recensione\/#primaryimage"},"thumbnailUrl":"https:\/\/www.accuratereviews.com\/wp-content\/uploads\/2019\/12\/panorama-necto.png","datePublished":"2019-12-18T17:05:38+00:00","dateModified":"2019-12-19T20:48:18+00:00","description":"Necto: recensione del software di business intelligence che aiuta le aziende ad aumentare i ricavi, ridurre i costi e migliorare le prestazioni aziendali.","breadcrumb":{"@id":"https:\/\/www.accuratereviews.com\/it\/necto-recensione\/#breadcrumb"},"inLanguage":"it-IT","potentialAction":[{"@type":"ReadAction","target":["https:\/\/www.accuratereviews.com\/it\/necto-recensione\/"]}]},{"@type":"ImageObject","inLanguage":"it-IT","@id":"https:\/\/www.accuratereviews.com\/it\/necto-recensione\/#primaryimage","url":"https:\/\/www.accuratereviews.com\/wp-content\/uploads\/2019\/12\/panorama-necto.png","contentUrl":"https:\/\/www.accuratereviews.com\/wp-content\/uploads\/2019\/12\/panorama-necto.png","width":600,"height":315},{"@type":"BreadcrumbList","@id":"https:\/\/www.accuratereviews.com\/it\/necto-recensione\/#breadcrumb","itemListElement":[{"@type":"ListItem","position":1,"name":"Home","item":"https:\/\/www.accuratereviews.com\/it\/"},{"@type":"ListItem","position":2,"name":"Necto"}]},{"@type":"WebSite","@id":"https:\/\/www.accuratereviews.com\/it\/#website","url":"https:\/\/www.accuratereviews.com\/it\/","name":"Accurate Reviews","description":"","potentialAction":[{"@type":"SearchAction","target":{"@type":"EntryPoint","urlTemplate":"https:\/\/www.accuratereviews.com\/it\/?s={search_term_string}"},"query-input":{"@type":"PropertyValueSpecification","valueRequired":true,"valueName":"search_term_string"}}],"inLanguage":"it-IT"}]}},"_links":{"self":[{"href":"https:\/\/www.accuratereviews.com\/it\/wp-json\/wp\/v2\/pages\/21394","targetHints":{"allow":["GET"]}}],"collection":[{"href":"https:\/\/www.accuratereviews.com\/it\/wp-json\/wp\/v2\/pages"}],"about":[{"href":"https:\/\/www.accuratereviews.com\/it\/wp-json\/wp\/v2\/types\/page"}],"author":[{"embeddable":true,"href":"https:\/\/www.accuratereviews.com\/it\/wp-json\/wp\/v2\/users\/17"}],"replies":[{"embeddable":true,"href":"https:\/\/www.accuratereviews.com\/it\/wp-json\/wp\/v2\/comments?post=21394"}],"version-history":[{"count":5,"href":"https:\/\/www.accuratereviews.com\/it\/wp-json\/wp\/v2\/pages\/21394\/revisions"}],"predecessor-version":[{"id":21485,"href":"https:\/\/www.accuratereviews.com\/it\/wp-json\/wp\/v2\/pages\/21394\/revisions\/21485"}],"wp:featuredmedia":[{"embeddable":true,"href":"https:\/\/www.accuratereviews.com\/it\/wp-json\/wp\/v2\/media\/21395"}],"wp:attachment":[{"href":"https:\/\/www.accuratereviews.com\/it\/wp-json\/wp\/v2\/media?parent=21394"}],"wp:term":[{"taxonomy":"category","embeddable":true,"href":"https:\/\/www.accuratereviews.com\/it\/wp-json\/wp\/v2\/categories?post=21394"},{"taxonomy":"post_tag","embeddable":true,"href":"https:\/\/www.accuratereviews.com\/it\/wp-json\/wp\/v2\/tags?post=21394"},{"taxonomy":"features","embeddable":true,"href":"https:\/\/www.accuratereviews.com\/it\/wp-json\/wp\/v2\/features?post=21394"}],"curies":[{"name":"wp","href":"https:\/\/api.w.org\/{rel}","templated":true}]}}