{"id":21400,"date":"2019-12-19T07:03:35","date_gmt":"2019-12-19T07:03:35","guid":{"rendered":"https:\/\/www.accuratereviews.com\/?page_id=21400"},"modified":"2021-05-18T14:26:11","modified_gmt":"2021-05-18T14:26:11","slug":"datadeck-recensione","status":"publish","type":"page","link":"https:\/\/www.accuratereviews.com\/it\/business-intelligence\/datadeck-recensione\/","title":{"rendered":"DataDeck"},"content":{"rendered":"<p><strong>DataDeck<\/strong> \u00e8 una <strong>soluzione di business intelligence<\/strong> e analisi dei dati e visualizzazione che riunisce tutti i dati rilevanti e altre informazioni in un unico pannello di controllo e li presenta in straordinari elementi visivi di facile comprensione, accesso e condivisione.\u00a0Ottenendo e integrando tutti i dati aziendali pertinenti, gli utenti sono in grado di ottenere informazioni fruibili su cui possono basare le proprie decisioni e azioni in linea con i propri valori e strategie e orientare la propria attivit\u00e0 verso i propri obiettivi aziendali. Diventa facile per gli analisti di dati trovare informazioni specifiche e determinare quali stimoli o ostacoli le conversioni, quali prodotti o servizi stanno creando il maggior contributo alle tue vendite e cosa consente ai tuoi consumatori di acquistare ci\u00f2 che offri.<\/p>\n<h2>DATADECK &#8211; TUTORIAL<\/h2>\n<p>Con il tutorial che segue vediamo come utilizzare le metriche, i filtri, target e grafici con questo <strong>programma di business intelligence<\/strong>:<\/p>\n<div id=\"fluid-wrapper-counter-1\" class=\"g1-fluid-wrapper \" style=\"width:686px;\">\n<div style=\"padding-bottom:56.268221574344%;\"><iframe loading=\"lazy\" title=\"How to edit a Dashboard in Datadeck\" width=\"686\" height=\"386\" src=\"https:\/\/www.youtube.com\/embed\/AohpDfrKj2M?feature=oembed&amp;wmode=transparent&amp;autohide=1&amp;autoplay=0&amp;disablekb=0&amp;fs=1&amp;loop=0&amp;enablejsapi=1&amp;rel=0&amp;controls=2&amp;showinfo=0&amp;wmode=transparent&amp;autohide=2&amp;autoplay=0&amp;disablekb=0&amp;fs=1&amp;loop=0&amp;enablejsapi=1&amp;rel=0&amp;controls=2&amp;showinfo=1\" frameborder=\"0\" allow=\"accelerometer; autoplay; encrypted-media; gyroscope; picture-in-picture\" allowfullscreen><\/iframe><\/div>\n<\/div>\n<h3>DATADECK &#8211; CARTTERISTICHE<\/h3>\n<ul>\n<li>Scegli tra oltre 100 diverse origini dati a cui connetterti come ad esempio\u00a0Google Analytics,\u00a0Facebook Ads,\u00a0Google Drive,\u00a0Salesforce,\u00a0Mailchimp e molti altri.<\/li>\n<li>Ti consente di fissare facilmente un obiettivo e motivare la tua squadra.<\/li>\n<li>Traccia e ottimizza automaticamente i tuoi progressi in modo da poter continuamente migliorare.<\/li>\n<li>Scopri facilmente quali aree hanno ottenuto i risultati migliori e quali potrebbero essere migliorate per la prossima volta.<\/li>\n<li>Visualizza la pratica app mobile se sei in viaggio o usa l&#8217; ntegrazione Slack per ricevere aggiornamenti in tempo reale sulla tua azienda.<\/li>\n<\/ul>\n<h4>LE RECENSIONI DEGLI UTENTI<\/h4>\n<h4>David C &#8220;Ottimo strumento di visualizzazione dei dati&#8221;<\/h4>\n<p><strong>Commenti<\/strong>: mostra i dati importanti ai clienti in modo semplice ed efficace. Ci ha fatto risparmiare un sacco di tempo per creare fogli di calcolo Excel e creare punti di forza con grafici. In questo momento, abbiamo appena impostato una dashboard, aggiornando qualsiasi dato sia manuale e presente ai clienti. Abbiamo tagliato circa il 70% del lavoro manuale sulla condivisione di metriche e grafici delle prestazioni ai nostri clienti.<\/p>\n<p><strong>Vantaggi<\/strong>: ha molte fonti di dati e facilit\u00e0 d&#8217;uso. Mi piace anche che puoi includere file Excel o Fogli Google come fonti in modo da poter creare i tuoi dati personalizzati e persino integrarli tramite Zapier con questo.<\/p>\n<p><strong>Inconvenienti<\/strong>: mancano ancora alcuni elementi chiave. Ad esempio, nello stesso grafico, mescolare origini dati diverse. Inoltre, deve migliorare l&#8217;aspetto grafico dei grafici. \u00c8 buono e comprensibile (tranne pochissime stranezze che sostengono che stanno lavorando), ma manca di &#8220;piacere per gli occhi&#8221; nei grafici. Recentemente lo sviluppo sembrava rallentato, ma dalle ultime settimane sembrano essere attivi.<\/p>\n<h4>Liran B. &#8220;Stavo cercando un modo semplice per dashboard tutti i miei dati. DataDeck \u00e8 la risposta.&#8221;<\/h4>\n<p><strong>Commenti<\/strong>: Sono in grado di creare dashboard personalizzati per me e i miei clienti senza sovraccarico di dati, curando i dati per prevenire il sovraccarico di dati.<\/p>\n<p><strong>Vantaggi<\/strong>: facile da usare. Facile da condividere con url \/ password. Facile da costruire dashboard personalizzate per curare i dati per coloro che hanno meno fame di dati rispetto ad altri.<\/p>\n<p><strong>Inconvenienti<\/strong>: non tanti connettori nativi per origini dati esterne quanti ne vorrei. Sebbene con l&#8217;integrazione di Zapier, non ci sono quasi limiti (ma non tutti hanno \/ vogliono Zapier). Ottenere dati sui follower dei social media come il numero di follower non \u00e8 facile.<\/p>\n<h4>Phil H. &#8220;DataDeck crea un&#8217;esperienza visiva che non \u00e8 seconda a nessuno&#8221;<\/h4>\n<p><strong>Commenti<\/strong>: Ci sono altre app l\u00e0 fuori che mi daranno i risultati dei dati e le funzionalit\u00e0 di cui ho bisogno in modo rapido e senza problemi come far\u00e0 DataDeck, ma costano molto di pi\u00f9 e richiedono molto pi\u00f9 tempo per la configurazione. Con DataDeck posso impostare integrazioni e creare pull e dashboard di dati al volo con i clienti e trasformare i loro dati in qualcosa di visivo &#8211; che \u00e8 un vero punto di svolta.<\/p>\n<p><strong>Vantaggi<\/strong>: incredibilmente veloce da configurare e integrare con una serie di origini dati e app; con DataDeck posso impostare modelli in tempo reale con i clienti, in pochi minuti: molto intuitivo.<\/p>\n<p><strong>Inconvenienti<\/strong>: la dashboard ha un aspetto un po&#8217; limitato e non \u00e8 personalizzabile come alcune altre opzioni disponibili in termini di pull di campi di dati correlati o scenari di dati di tipo dipendente.<\/p>\n","protected":false},"excerpt":{"rendered":"<p>DataDeck \u00e8 una soluzione di business intelligence e analisi dei dati e visualizzazione che riunisce tutti i dati rilevanti e altre informazioni in un unico pannello di controllo e li presenta in straordinari elementi visivi di facile comprensione, accesso e condivisione.\u00a0Ottenendo e integrando tutti i dati aziendali pertinenti, gli utenti sono in grado di ottenere informazioni fruibili.<\/p>\n","protected":false},"author":19,"featured_media":21401,"parent":32646,"menu_order":0,"comment_status":"open","ping_status":"closed","template":"g1_template_page_review_new.php","meta":{"_acf_changed":false,"cwp_meta_box_check":"Yes","cwp_rev_product_name":"","cwp_rev_product_image":"","wppr_links":[],"cwp_rev_price":"","wppr_options":[],"wppr_pros":[],"wppr_cons":[],"_monsterinsights_skip_tracking":false,"_monsterinsights_sitenote_active":false,"_monsterinsights_sitenote_note":"","_monsterinsights_sitenote_category":0,"footnotes":""},"categories":[1555],"tags":[1621,1561,1620,1557,1556,1558],"features":[],"class_list":{"0":"post-21400","1":"page","2":"type-page","3":"status-publish","4":"has-post-thumbnail","6":"category-business-intelligence-it","7":"tag-analisi-dati","8":"tag-bi","9":"tag-datadeck","10":"tag-programma-business-intelligence","11":"tag-software-business-intelligence","12":"tag-soluzione-business-intelligence"},"wppr_data":{"cwp_meta_box_check":"Yes","cwp_rev_product_name":"","cwp_rev_product_image":"","cwp_image_link":"image","cwp_rev_price":"","wppr_rating":"0.00"},"acf":[],"yoast_head":"<!-- This site is optimized with the Yoast SEO plugin v27.4 - https:\/\/yoast.com\/product\/yoast-seo-wordpress\/ -->\n<title>DataDeck: recensione software Business Intelligence - Accurate Reviews<\/title>\n<meta name=\"description\" content=\"DataDeck: recensione soluzione business intelligence, analisi dei dati e visualizzazione che riunisce tutti i dati e altre informazioni in un unico luogo.\" \/>\n<meta name=\"robots\" content=\"index, follow, max-snippet:-1, max-image-preview:large, max-video-preview:-1\" \/>\n<link rel=\"canonical\" href=\"https:\/\/www.accuratereviews.com\/it\/business-intelligence\/datadeck-recensione\/\" \/>\n<meta property=\"og:locale\" content=\"it_IT\" \/>\n<meta property=\"og:type\" content=\"article\" \/>\n<meta property=\"og:title\" content=\"DataDeck: recensione software Business Intelligence - Accurate Reviews\" \/>\n<meta property=\"og:description\" content=\"DataDeck: recensione soluzione business intelligence, analisi dei dati e visualizzazione che riunisce tutti i dati e altre informazioni in un unico luogo.\" \/>\n<meta property=\"og:url\" content=\"https:\/\/www.accuratereviews.com\/it\/business-intelligence\/datadeck-recensione\/\" \/>\n<meta property=\"og:site_name\" content=\"Accurate Reviews\" \/>\n<meta property=\"article:modified_time\" content=\"2021-05-18T14:26:11+00:00\" \/>\n<meta property=\"og:image\" content=\"https:\/\/www.accuratereviews.com\/wp-content\/uploads\/2019\/12\/Datadeck.png\" \/>\n\t<meta property=\"og:image:width\" content=\"512\" \/>\n\t<meta property=\"og:image:height\" content=\"512\" \/>\n\t<meta property=\"og:image:type\" content=\"image\/png\" \/>\n<meta name=\"twitter:card\" content=\"summary_large_image\" \/>\n<meta name=\"twitter:label1\" content=\"Tempo di lettura stimato\" \/>\n\t<meta name=\"twitter:data1\" content=\"3 minuti\" \/>\n<script type=\"application\/ld+json\" class=\"yoast-schema-graph\">{\"@context\":\"https:\\\/\\\/schema.org\",\"@graph\":[{\"@type\":\"WebPage\",\"@id\":\"https:\\\/\\\/www.accuratereviews.com\\\/it\\\/business-intelligence\\\/datadeck-recensione\\\/\",\"url\":\"https:\\\/\\\/www.accuratereviews.com\\\/it\\\/business-intelligence\\\/datadeck-recensione\\\/\",\"name\":\"DataDeck: recensione software Business Intelligence - Accurate Reviews\",\"isPartOf\":{\"@id\":\"https:\\\/\\\/www.accuratereviews.com\\\/it\\\/#website\"},\"primaryImageOfPage\":{\"@id\":\"https:\\\/\\\/www.accuratereviews.com\\\/it\\\/business-intelligence\\\/datadeck-recensione\\\/#primaryimage\"},\"image\":{\"@id\":\"https:\\\/\\\/www.accuratereviews.com\\\/it\\\/business-intelligence\\\/datadeck-recensione\\\/#primaryimage\"},\"thumbnailUrl\":\"https:\\\/\\\/www.accuratereviews.com\\\/wp-content\\\/uploads\\\/2019\\\/12\\\/Datadeck.png\",\"datePublished\":\"2019-12-19T07:03:35+00:00\",\"dateModified\":\"2021-05-18T14:26:11+00:00\",\"description\":\"DataDeck: recensione soluzione business intelligence, analisi dei dati e visualizzazione che riunisce tutti i dati e altre informazioni in un unico luogo.\",\"breadcrumb\":{\"@id\":\"https:\\\/\\\/www.accuratereviews.com\\\/it\\\/business-intelligence\\\/datadeck-recensione\\\/#breadcrumb\"},\"inLanguage\":\"it-IT\",\"potentialAction\":[{\"@type\":\"ReadAction\",\"target\":[\"https:\\\/\\\/www.accuratereviews.com\\\/it\\\/business-intelligence\\\/datadeck-recensione\\\/\"]}]},{\"@type\":\"ImageObject\",\"inLanguage\":\"it-IT\",\"@id\":\"https:\\\/\\\/www.accuratereviews.com\\\/it\\\/business-intelligence\\\/datadeck-recensione\\\/#primaryimage\",\"url\":\"https:\\\/\\\/www.accuratereviews.com\\\/wp-content\\\/uploads\\\/2019\\\/12\\\/Datadeck.png\",\"contentUrl\":\"https:\\\/\\\/www.accuratereviews.com\\\/wp-content\\\/uploads\\\/2019\\\/12\\\/Datadeck.png\",\"width\":512,\"height\":512},{\"@type\":\"BreadcrumbList\",\"@id\":\"https:\\\/\\\/www.accuratereviews.com\\\/it\\\/business-intelligence\\\/datadeck-recensione\\\/#breadcrumb\",\"itemListElement\":[{\"@type\":\"ListItem\",\"position\":1,\"name\":\"Home\",\"item\":\"https:\\\/\\\/www.accuratereviews.com\\\/it\\\/\"},{\"@type\":\"ListItem\",\"position\":2,\"name\":\"Business intelligence\",\"item\":\"https:\\\/\\\/www.accuratereviews.com\\\/it\\\/business-intelligence\\\/\"},{\"@type\":\"ListItem\",\"position\":3,\"name\":\"DataDeck\"}]},{\"@type\":\"WebSite\",\"@id\":\"https:\\\/\\\/www.accuratereviews.com\\\/it\\\/#website\",\"url\":\"https:\\\/\\\/www.accuratereviews.com\\\/it\\\/\",\"name\":\"Accurate Reviews\",\"description\":\"\",\"potentialAction\":[{\"@type\":\"SearchAction\",\"target\":{\"@type\":\"EntryPoint\",\"urlTemplate\":\"https:\\\/\\\/www.accuratereviews.com\\\/it\\\/?s={search_term_string}\"},\"query-input\":{\"@type\":\"PropertyValueSpecification\",\"valueRequired\":true,\"valueName\":\"search_term_string\"}}],\"inLanguage\":\"it-IT\"}]}<\/script>\n<!-- \/ Yoast SEO plugin. -->","yoast_head_json":{"title":"DataDeck: recensione software Business Intelligence - Accurate Reviews","description":"DataDeck: recensione soluzione business intelligence, analisi dei dati e visualizzazione che riunisce tutti i dati e altre informazioni in un unico luogo.","robots":{"index":"index","follow":"follow","max-snippet":"max-snippet:-1","max-image-preview":"max-image-preview:large","max-video-preview":"max-video-preview:-1"},"canonical":"https:\/\/www.accuratereviews.com\/it\/business-intelligence\/datadeck-recensione\/","og_locale":"it_IT","og_type":"article","og_title":"DataDeck: recensione software Business Intelligence - Accurate Reviews","og_description":"DataDeck: recensione soluzione business intelligence, analisi dei dati e visualizzazione che riunisce tutti i dati e altre informazioni in un unico luogo.","og_url":"https:\/\/www.accuratereviews.com\/it\/business-intelligence\/datadeck-recensione\/","og_site_name":"Accurate Reviews","article_modified_time":"2021-05-18T14:26:11+00:00","og_image":[{"width":512,"height":512,"url":"https:\/\/www.accuratereviews.com\/wp-content\/uploads\/2019\/12\/Datadeck.png","type":"image\/png"}],"twitter_card":"summary_large_image","twitter_misc":{"Tempo di lettura stimato":"3 minuti"},"schema":{"@context":"https:\/\/schema.org","@graph":[{"@type":"WebPage","@id":"https:\/\/www.accuratereviews.com\/it\/business-intelligence\/datadeck-recensione\/","url":"https:\/\/www.accuratereviews.com\/it\/business-intelligence\/datadeck-recensione\/","name":"DataDeck: recensione software Business Intelligence - Accurate Reviews","isPartOf":{"@id":"https:\/\/www.accuratereviews.com\/it\/#website"},"primaryImageOfPage":{"@id":"https:\/\/www.accuratereviews.com\/it\/business-intelligence\/datadeck-recensione\/#primaryimage"},"image":{"@id":"https:\/\/www.accuratereviews.com\/it\/business-intelligence\/datadeck-recensione\/#primaryimage"},"thumbnailUrl":"https:\/\/www.accuratereviews.com\/wp-content\/uploads\/2019\/12\/Datadeck.png","datePublished":"2019-12-19T07:03:35+00:00","dateModified":"2021-05-18T14:26:11+00:00","description":"DataDeck: recensione soluzione business intelligence, analisi dei dati e visualizzazione che riunisce tutti i dati e altre informazioni in un unico luogo.","breadcrumb":{"@id":"https:\/\/www.accuratereviews.com\/it\/business-intelligence\/datadeck-recensione\/#breadcrumb"},"inLanguage":"it-IT","potentialAction":[{"@type":"ReadAction","target":["https:\/\/www.accuratereviews.com\/it\/business-intelligence\/datadeck-recensione\/"]}]},{"@type":"ImageObject","inLanguage":"it-IT","@id":"https:\/\/www.accuratereviews.com\/it\/business-intelligence\/datadeck-recensione\/#primaryimage","url":"https:\/\/www.accuratereviews.com\/wp-content\/uploads\/2019\/12\/Datadeck.png","contentUrl":"https:\/\/www.accuratereviews.com\/wp-content\/uploads\/2019\/12\/Datadeck.png","width":512,"height":512},{"@type":"BreadcrumbList","@id":"https:\/\/www.accuratereviews.com\/it\/business-intelligence\/datadeck-recensione\/#breadcrumb","itemListElement":[{"@type":"ListItem","position":1,"name":"Home","item":"https:\/\/www.accuratereviews.com\/it\/"},{"@type":"ListItem","position":2,"name":"Business intelligence","item":"https:\/\/www.accuratereviews.com\/it\/business-intelligence\/"},{"@type":"ListItem","position":3,"name":"DataDeck"}]},{"@type":"WebSite","@id":"https:\/\/www.accuratereviews.com\/it\/#website","url":"https:\/\/www.accuratereviews.com\/it\/","name":"Accurate Reviews","description":"","potentialAction":[{"@type":"SearchAction","target":{"@type":"EntryPoint","urlTemplate":"https:\/\/www.accuratereviews.com\/it\/?s={search_term_string}"},"query-input":{"@type":"PropertyValueSpecification","valueRequired":true,"valueName":"search_term_string"}}],"inLanguage":"it-IT"}]}},"_links":{"self":[{"href":"https:\/\/www.accuratereviews.com\/it\/wp-json\/wp\/v2\/pages\/21400","targetHints":{"allow":["GET"]}}],"collection":[{"href":"https:\/\/www.accuratereviews.com\/it\/wp-json\/wp\/v2\/pages"}],"about":[{"href":"https:\/\/www.accuratereviews.com\/it\/wp-json\/wp\/v2\/types\/page"}],"author":[{"embeddable":true,"href":"https:\/\/www.accuratereviews.com\/it\/wp-json\/wp\/v2\/users\/19"}],"replies":[{"embeddable":true,"href":"https:\/\/www.accuratereviews.com\/it\/wp-json\/wp\/v2\/comments?post=21400"}],"version-history":[{"count":7,"href":"https:\/\/www.accuratereviews.com\/it\/wp-json\/wp\/v2\/pages\/21400\/revisions"}],"predecessor-version":[{"id":42910,"href":"https:\/\/www.accuratereviews.com\/it\/wp-json\/wp\/v2\/pages\/21400\/revisions\/42910"}],"up":[{"embeddable":true,"href":"https:\/\/www.accuratereviews.com\/it\/wp-json\/wp\/v2\/pages\/32646"}],"wp:featuredmedia":[{"embeddable":true,"href":"https:\/\/www.accuratereviews.com\/it\/wp-json\/wp\/v2\/media\/21401"}],"wp:attachment":[{"href":"https:\/\/www.accuratereviews.com\/it\/wp-json\/wp\/v2\/media?parent=21400"}],"wp:term":[{"taxonomy":"category","embeddable":true,"href":"https:\/\/www.accuratereviews.com\/it\/wp-json\/wp\/v2\/categories?post=21400"},{"taxonomy":"post_tag","embeddable":true,"href":"https:\/\/www.accuratereviews.com\/it\/wp-json\/wp\/v2\/tags?post=21400"},{"taxonomy":"features","embeddable":true,"href":"https:\/\/www.accuratereviews.com\/it\/wp-json\/wp\/v2\/features?post=21400"}],"curies":[{"name":"wp","href":"https:\/\/api.w.org\/{rel}","templated":true}]}}