{"id":21412,"date":"2019-12-18T17:05:24","date_gmt":"2019-12-18T17:05:24","guid":{"rendered":"https:\/\/www.accuratereviews.com\/?page_id=21412"},"modified":"2020-11-15T13:21:03","modified_gmt":"2020-11-15T13:21:03","slug":"pentaho-recensione","status":"publish","type":"page","link":"https:\/\/www.accuratereviews.com\/it\/pentaho-recensione\/","title":{"rendered":"Pentaho"},"content":{"rendered":"<p><strong>Pentaho<\/strong> \u00e8 una <strong>suite business<\/strong> completa composta da varie soluzioni di analisi. Con la sua capacit\u00e0 unica di combinare l&#8217;integrazione dei dati con l&#8217;elaborazione analitica, questo software accelera notevolmente il processo dei risultati, aiutando gli utenti a ottenere la visualizzazione dei dati e consentendo loro di prendere decisioni aziendali intelligenti, il che porta al raggiungimento dei risultati desiderati.\u00a0Pu\u00f2 essere utilizzato per i seguenti scopi: integrazione dei dati, analisi aziendale, big data, analisi incorporata, analisi cloud e di Internet of Things. Sviluppato con una serie di strumenti avanzati di analisi e integrazione,\u00a0<b>Pentaho<\/b>\u00a0\u00e8 progettato per integrarsi perfettamente con le piattaforme mobili, consentendo agli utenti una esperienza fluida dai loro tablet e smartphone. Ottieni analisi in tempo reale delle informazioni tramite la memorizzazione nella cache dei dati in memoria. Esercita il pieno controllo con dashboard drag-and-drop interattivi e personalizzabili basati su Web e una libreria piena di funzioni di filtro.<\/p>\n<h2>PENTAHO &#8211; TUTORIAL<\/h2>\n<p>Il tutorial che seguir\u00e0 sveler\u00e0 il metodo migliore per utilizzare questo<strong> software di Business Intelligence<\/strong>:<\/p>\n<div id=\"fluid-wrapper-counter-1\" class=\"g1-fluid-wrapper \" style=\"width:686px;\">\n<div style=\"padding-bottom:56.268221574344%;\"><iframe loading=\"lazy\" title=\"Pentaho BI Tutorial - 2 | Pentaho BI Tutorial for Beginners - 2 | Edureka\" width=\"686\" height=\"386\" src=\"https:\/\/www.youtube.com\/embed\/videoseries?list=PL9ooVrP1hQOGYQ3pxPIhGim67lOR0qP_6\" frameborder=\"0\" allow=\"accelerometer; autoplay; clipboard-write; encrypted-media; gyroscope; picture-in-picture\" allowfullscreen><\/iframe><\/div>\n<\/div>\n<h3>PENTAHO &#8211; CARATTERISTICHE<\/h3>\n<ul>\n<li>Interfaccia drag-and-drop per creare pipeline di dati.<\/li>\n<li>Ampia connettivit\u00e0 praticamente a qualsiasi fonte di dati.<\/li>\n<li>Insieme di dati ovunque si trovino, in locale o nel cloud.<\/li>\n<li>File flat, RDBMS, big data, archivi oggetti, API.<\/li>\n<li>Supporto per il caricamento di massa per i pi\u00f9 diffusi data warehouse cloud.<\/li>\n<li>Ottimizzata per modelli R, Python, Scala e Weka.<\/li>\n<li>Scikit-learn, Spark MLlib, TensorFlow e Keras.<\/li>\n<li>Scalabilit\u00e0 e sicurezza.<\/li>\n<\/ul>\n<h4>LE RECENSIONI DEGLI UTENTI<\/h4>\n<h4>Senando B. &#8220;Ottimo partner dell&#8217;analista aziendale IT&#8221;<\/h4>\n<p><strong>Commenti<\/strong>: L&#8217;uso di questo tipo di software consente di ottenere report di dati semplici e accurati che aiutano l&#8217;azienda a prendere decisioni<\/p>\n<p><strong>Vantaggi<\/strong>: facile da usare, compatibile con molti database come mysql, ms sql server, diversi tipi di output tra cui scegliere come Excel, HTML, RichText, ecc.<\/p>\n<p><strong>Inconvenienti<\/strong>: alcune versioni rallentano l&#8217;inizializzazione e il recupero di dati come Pentaho report designer versione 5 e successive. A differenza della versione 3 che ha un processo fluido, \u00e8 stata la base della mia esperienza.<\/p>\n<h4>Felix F. &#8220;Una volta comprese le basi di questo programma, \u00e8 molto, ma molto facile da usare&#8221;<\/h4>\n<p><strong>Vantaggi<\/strong>: &#8220;maggiore interfaccia visiva ai processi, ha un buon numero di funzioni (e molto facili da capire) per il reporting dei dati, l&#8217;integrazione, il data mining e ETL .. trasformazione dei big data molto semplice ma efficace \u00c8 possibile costruire molti modelli dimensionali e caricare il risultati della trasformazione in un database per sviluppare qualsiasi report con basso margine di errore attraverso un modello dimensionale e caricare i risultati della trasformazione in un database per sviluppare report specializzati, basso margine di errore. Automatizzare i passaggi per l&#8217;esecuzione &#8221;<\/p>\n<p><strong>Inconvenienti<\/strong>: \u00e8 un ottimo strumento da usare, niente da non apprezzare per il prodotto. Niente da non gradire, tutto \u00e8 buono. Tutte le funzionalit\u00e0 sono davvero buone.<\/p>\n<h4>Riyaadh K. &#8220;ETL al volo&#8221;<\/h4>\n<p><strong>Vantaggi<\/strong>: la funzionalit\u00e0 di trascinamento della selezione semplifica la creazione. In grado di analizzare i dati da pi\u00f9 fonti in modo rapido ed efficiente. I lavori possono essere programmati per eseguire attivit\u00e0 e trasformazioni specifiche in un determinato momento.<\/p>\n<p><strong>Inconvenienti<\/strong>: pu\u00f2 richiedere del tempo per capire come usarlo poich\u00e9 ci sono molti componenti coinvolti. Pu\u00f2 essere un po &#8216;lento o esaurire i problemi di memoria per query pi\u00f9 grandi, ma aumentando la memoria virtuale nella configurazione \u00e8 possibile risolvere questo problema.<\/p>\n","protected":false},"excerpt":{"rendered":"<p>Pentaho \u00e8 una suite business completa composta da varie soluzioni di analisi. Con la sua capacit\u00e0 unica di combinare l&#8217;integrazione dei dati con l&#8217;elaborazione analitica, questo software accelera notevolmente il processo dei risultati, aiutando gli utenti a ottenere la visualizzazione dei dati e consentendo loro di prendere decisioni aziendali intelligenti, il che porta al raggiungimento dei risultati desiderati.\u00a0<\/p>\n","protected":false},"author":19,"featured_media":21422,"parent":0,"menu_order":0,"comment_status":"open","ping_status":"closed","template":"g1_template_page_review_new.php","meta":{"_acf_changed":false,"cwp_meta_box_check":"Yes","cwp_rev_product_name":"","cwp_rev_product_image":"","wppr_links":[],"cwp_rev_price":"","wppr_options":[],"wppr_pros":[],"wppr_cons":[],"_monsterinsights_skip_tracking":false,"_monsterinsights_sitenote_active":false,"_monsterinsights_sitenote_note":"","_monsterinsights_sitenote_category":0,"footnotes":""},"categories":[1555],"tags":[1621,1561,1622,1560,1557,1556,1558],"features":[],"class_list":{"0":"post-21412","1":"page","2":"type-page","3":"status-publish","4":"has-post-thumbnail","6":"category-business-intelligence-it","7":"tag-analisi-dati","8":"tag-bi","9":"tag-pentaho","10":"tag-piattaforma-business-intelligence","11":"tag-programma-business-intelligence","12":"tag-software-business-intelligence","13":"tag-soluzione-business-intelligence"},"wppr_data":{"cwp_meta_box_check":"Yes","cwp_rev_product_name":"","cwp_rev_product_image":"","cwp_image_link":"image","cwp_rev_price":"","wppr_rating":"0.00"},"acf":[],"yoast_head":"<!-- This site is optimized with the Yoast SEO plugin v27.4 - https:\/\/yoast.com\/product\/yoast-seo-wordpress\/ -->\n<title>Pentaho: recensione software Business Intelligence - Accurate Reviews<\/title>\n<meta name=\"description\" content=\"Pentaho: recensione suite business completa composta da varie soluzioni di analisi \u00e8 un ottimo software per raggiungere i tuoi obilettivi aziendali.\" \/>\n<meta name=\"robots\" content=\"index, follow, max-snippet:-1, max-image-preview:large, max-video-preview:-1\" \/>\n<link rel=\"canonical\" href=\"https:\/\/www.accuratereviews.com\/it\/pentaho-recensione\/\" \/>\n<meta property=\"og:locale\" content=\"it_IT\" \/>\n<meta property=\"og:type\" content=\"article\" \/>\n<meta property=\"og:title\" content=\"Pentaho: recensione software Business Intelligence - Accurate Reviews\" \/>\n<meta property=\"og:description\" content=\"Pentaho: recensione suite business completa composta da varie soluzioni di analisi \u00e8 un ottimo software per raggiungere i tuoi obilettivi aziendali.\" \/>\n<meta property=\"og:url\" content=\"https:\/\/www.accuratereviews.com\/it\/pentaho-recensione\/\" \/>\n<meta property=\"og:site_name\" content=\"Accurate Reviews\" \/>\n<meta property=\"article:modified_time\" content=\"2020-11-15T13:21:03+00:00\" \/>\n<meta property=\"og:image\" content=\"https:\/\/www.accuratereviews.com\/wp-content\/uploads\/2019\/12\/Hitachi-logo-and-slogan.png-INTER.png\" \/>\n\t<meta property=\"og:image:width\" content=\"2272\" \/>\n\t<meta property=\"og:image:height\" content=\"1704\" \/>\n\t<meta property=\"og:image:type\" content=\"image\/png\" \/>\n<meta name=\"twitter:card\" content=\"summary_large_image\" \/>\n<meta name=\"twitter:label1\" content=\"Tempo di lettura stimato\" \/>\n\t<meta name=\"twitter:data1\" content=\"3 minuti\" \/>\n<script type=\"application\/ld+json\" class=\"yoast-schema-graph\">{\"@context\":\"https:\\\/\\\/schema.org\",\"@graph\":[{\"@type\":\"WebPage\",\"@id\":\"https:\\\/\\\/www.accuratereviews.com\\\/it\\\/pentaho-recensione\\\/\",\"url\":\"https:\\\/\\\/www.accuratereviews.com\\\/it\\\/pentaho-recensione\\\/\",\"name\":\"Pentaho: recensione software Business Intelligence - Accurate Reviews\",\"isPartOf\":{\"@id\":\"https:\\\/\\\/www.accuratereviews.com\\\/it\\\/#website\"},\"primaryImageOfPage\":{\"@id\":\"https:\\\/\\\/www.accuratereviews.com\\\/it\\\/pentaho-recensione\\\/#primaryimage\"},\"image\":{\"@id\":\"https:\\\/\\\/www.accuratereviews.com\\\/it\\\/pentaho-recensione\\\/#primaryimage\"},\"thumbnailUrl\":\"https:\\\/\\\/www.accuratereviews.com\\\/wp-content\\\/uploads\\\/2019\\\/12\\\/Hitachi-logo-and-slogan.png-INTER.png\",\"datePublished\":\"2019-12-18T17:05:24+00:00\",\"dateModified\":\"2020-11-15T13:21:03+00:00\",\"description\":\"Pentaho: recensione suite business completa composta da varie soluzioni di analisi \u00e8 un ottimo software per raggiungere i tuoi obilettivi aziendali.\",\"breadcrumb\":{\"@id\":\"https:\\\/\\\/www.accuratereviews.com\\\/it\\\/pentaho-recensione\\\/#breadcrumb\"},\"inLanguage\":\"it-IT\",\"potentialAction\":[{\"@type\":\"ReadAction\",\"target\":[\"https:\\\/\\\/www.accuratereviews.com\\\/it\\\/pentaho-recensione\\\/\"]}]},{\"@type\":\"ImageObject\",\"inLanguage\":\"it-IT\",\"@id\":\"https:\\\/\\\/www.accuratereviews.com\\\/it\\\/pentaho-recensione\\\/#primaryimage\",\"url\":\"https:\\\/\\\/www.accuratereviews.com\\\/wp-content\\\/uploads\\\/2019\\\/12\\\/Hitachi-logo-and-slogan.png-INTER.png\",\"contentUrl\":\"https:\\\/\\\/www.accuratereviews.com\\\/wp-content\\\/uploads\\\/2019\\\/12\\\/Hitachi-logo-and-slogan.png-INTER.png\",\"width\":2272,\"height\":1704},{\"@type\":\"BreadcrumbList\",\"@id\":\"https:\\\/\\\/www.accuratereviews.com\\\/it\\\/pentaho-recensione\\\/#breadcrumb\",\"itemListElement\":[{\"@type\":\"ListItem\",\"position\":1,\"name\":\"Home\",\"item\":\"https:\\\/\\\/www.accuratereviews.com\\\/it\\\/\"},{\"@type\":\"ListItem\",\"position\":2,\"name\":\"Pentaho\"}]},{\"@type\":\"WebSite\",\"@id\":\"https:\\\/\\\/www.accuratereviews.com\\\/it\\\/#website\",\"url\":\"https:\\\/\\\/www.accuratereviews.com\\\/it\\\/\",\"name\":\"Accurate Reviews\",\"description\":\"\",\"potentialAction\":[{\"@type\":\"SearchAction\",\"target\":{\"@type\":\"EntryPoint\",\"urlTemplate\":\"https:\\\/\\\/www.accuratereviews.com\\\/it\\\/?s={search_term_string}\"},\"query-input\":{\"@type\":\"PropertyValueSpecification\",\"valueRequired\":true,\"valueName\":\"search_term_string\"}}],\"inLanguage\":\"it-IT\"}]}<\/script>\n<!-- \/ Yoast SEO plugin. -->","yoast_head_json":{"title":"Pentaho: recensione software Business Intelligence - Accurate Reviews","description":"Pentaho: recensione suite business completa composta da varie soluzioni di analisi \u00e8 un ottimo software per raggiungere i tuoi obilettivi aziendali.","robots":{"index":"index","follow":"follow","max-snippet":"max-snippet:-1","max-image-preview":"max-image-preview:large","max-video-preview":"max-video-preview:-1"},"canonical":"https:\/\/www.accuratereviews.com\/it\/pentaho-recensione\/","og_locale":"it_IT","og_type":"article","og_title":"Pentaho: recensione software Business Intelligence - Accurate Reviews","og_description":"Pentaho: recensione suite business completa composta da varie soluzioni di analisi \u00e8 un ottimo software per raggiungere i tuoi obilettivi aziendali.","og_url":"https:\/\/www.accuratereviews.com\/it\/pentaho-recensione\/","og_site_name":"Accurate Reviews","article_modified_time":"2020-11-15T13:21:03+00:00","og_image":[{"width":2272,"height":1704,"url":"https:\/\/www.accuratereviews.com\/wp-content\/uploads\/2019\/12\/Hitachi-logo-and-slogan.png-INTER.png","type":"image\/png"}],"twitter_card":"summary_large_image","twitter_misc":{"Tempo di lettura stimato":"3 minuti"},"schema":{"@context":"https:\/\/schema.org","@graph":[{"@type":"WebPage","@id":"https:\/\/www.accuratereviews.com\/it\/pentaho-recensione\/","url":"https:\/\/www.accuratereviews.com\/it\/pentaho-recensione\/","name":"Pentaho: recensione software Business Intelligence - Accurate Reviews","isPartOf":{"@id":"https:\/\/www.accuratereviews.com\/it\/#website"},"primaryImageOfPage":{"@id":"https:\/\/www.accuratereviews.com\/it\/pentaho-recensione\/#primaryimage"},"image":{"@id":"https:\/\/www.accuratereviews.com\/it\/pentaho-recensione\/#primaryimage"},"thumbnailUrl":"https:\/\/www.accuratereviews.com\/wp-content\/uploads\/2019\/12\/Hitachi-logo-and-slogan.png-INTER.png","datePublished":"2019-12-18T17:05:24+00:00","dateModified":"2020-11-15T13:21:03+00:00","description":"Pentaho: recensione suite business completa composta da varie soluzioni di analisi \u00e8 un ottimo software per raggiungere i tuoi obilettivi aziendali.","breadcrumb":{"@id":"https:\/\/www.accuratereviews.com\/it\/pentaho-recensione\/#breadcrumb"},"inLanguage":"it-IT","potentialAction":[{"@type":"ReadAction","target":["https:\/\/www.accuratereviews.com\/it\/pentaho-recensione\/"]}]},{"@type":"ImageObject","inLanguage":"it-IT","@id":"https:\/\/www.accuratereviews.com\/it\/pentaho-recensione\/#primaryimage","url":"https:\/\/www.accuratereviews.com\/wp-content\/uploads\/2019\/12\/Hitachi-logo-and-slogan.png-INTER.png","contentUrl":"https:\/\/www.accuratereviews.com\/wp-content\/uploads\/2019\/12\/Hitachi-logo-and-slogan.png-INTER.png","width":2272,"height":1704},{"@type":"BreadcrumbList","@id":"https:\/\/www.accuratereviews.com\/it\/pentaho-recensione\/#breadcrumb","itemListElement":[{"@type":"ListItem","position":1,"name":"Home","item":"https:\/\/www.accuratereviews.com\/it\/"},{"@type":"ListItem","position":2,"name":"Pentaho"}]},{"@type":"WebSite","@id":"https:\/\/www.accuratereviews.com\/it\/#website","url":"https:\/\/www.accuratereviews.com\/it\/","name":"Accurate Reviews","description":"","potentialAction":[{"@type":"SearchAction","target":{"@type":"EntryPoint","urlTemplate":"https:\/\/www.accuratereviews.com\/it\/?s={search_term_string}"},"query-input":{"@type":"PropertyValueSpecification","valueRequired":true,"valueName":"search_term_string"}}],"inLanguage":"it-IT"}]}},"_links":{"self":[{"href":"https:\/\/www.accuratereviews.com\/it\/wp-json\/wp\/v2\/pages\/21412","targetHints":{"allow":["GET"]}}],"collection":[{"href":"https:\/\/www.accuratereviews.com\/it\/wp-json\/wp\/v2\/pages"}],"about":[{"href":"https:\/\/www.accuratereviews.com\/it\/wp-json\/wp\/v2\/types\/page"}],"author":[{"embeddable":true,"href":"https:\/\/www.accuratereviews.com\/it\/wp-json\/wp\/v2\/users\/19"}],"replies":[{"embeddable":true,"href":"https:\/\/www.accuratereviews.com\/it\/wp-json\/wp\/v2\/comments?post=21412"}],"version-history":[{"count":9,"href":"https:\/\/www.accuratereviews.com\/it\/wp-json\/wp\/v2\/pages\/21412\/revisions"}],"predecessor-version":[{"id":32442,"href":"https:\/\/www.accuratereviews.com\/it\/wp-json\/wp\/v2\/pages\/21412\/revisions\/32442"}],"wp:featuredmedia":[{"embeddable":true,"href":"https:\/\/www.accuratereviews.com\/it\/wp-json\/wp\/v2\/media\/21422"}],"wp:attachment":[{"href":"https:\/\/www.accuratereviews.com\/it\/wp-json\/wp\/v2\/media?parent=21412"}],"wp:term":[{"taxonomy":"category","embeddable":true,"href":"https:\/\/www.accuratereviews.com\/it\/wp-json\/wp\/v2\/categories?post=21412"},{"taxonomy":"post_tag","embeddable":true,"href":"https:\/\/www.accuratereviews.com\/it\/wp-json\/wp\/v2\/tags?post=21412"},{"taxonomy":"features","embeddable":true,"href":"https:\/\/www.accuratereviews.com\/it\/wp-json\/wp\/v2\/features?post=21412"}],"curies":[{"name":"wp","href":"https:\/\/api.w.org\/{rel}","templated":true}]}}