{"id":21442,"date":"2019-12-19T15:42:54","date_gmt":"2019-12-19T15:42:54","guid":{"rendered":"https:\/\/www.accuratereviews.com\/?page_id=21442"},"modified":"2021-05-18T14:49:15","modified_gmt":"2021-05-18T14:49:15","slug":"glew-recensione","status":"publish","type":"page","link":"https:\/\/www.accuratereviews.com\/it\/business-intelligence\/glew-recensione\/","title":{"rendered":"Glew"},"content":{"rendered":"<p><strong>Glew<\/strong> \u00e8 una piattaforma online che fornisce\u00a0<strong>business intelligence<\/strong> e analisi multicanale principalmente a commercianti ecommerce, agenzie digitali, rivenditori e venditori B2B. Lo scopo \u00e8 quello di poter visualizzare tutti i dati in unico posto, di creare ottimi <strong>report pianificati e automatizzati<\/strong> e ottenere informazioni importanti che ti permettono di far crescere il tuo business. In questo modo potrai avere un accesso diretto al database di dati, raggiungere subito ci\u00f2 che stai cercando risparmiando tempo e generando pi\u00f9 entrate poich\u00e9 riuscirai a raggiungere e a coltivare meglio il cliente grazie all&#8217;<strong>ottimizzazione della strategia di prodotto<\/strong>. Tramite gli avvisi, i report e l&#8217;analisi dei dati, tutti i processi di prima verranno automatizzati e gestire la tua azienda diverr\u00e0 pi\u00f9 semplice.<\/p>\n<h2>COME USARE GLEW &#8211; TUTORIAL<\/h2>\n<p>Ecco un video . che ci mostra come funziona questo software:<\/p>\n<div id=\"fluid-wrapper-counter-1\" class=\"g1-fluid-wrapper \" style=\"width:686px;\">\n<div style=\"padding-bottom:56.268221574344%;\"><iframe loading=\"lazy\" title=\"Webinar: Mastering Attribution Modeling\" width=\"686\" height=\"386\" src=\"https:\/\/www.youtube.com\/embed\/wnvqCDwy3hE?feature=oembed&amp;wmode=transparent&amp;autohide=1&amp;autoplay=0&amp;disablekb=0&amp;fs=1&amp;loop=0&amp;enablejsapi=1&amp;rel=0&amp;controls=2&amp;showinfo=0&amp;wmode=transparent&amp;autohide=2&amp;autoplay=0&amp;disablekb=0&amp;fs=1&amp;loop=0&amp;enablejsapi=1&amp;rel=0&amp;controls=2&amp;showinfo=1\" frameborder=\"0\" allow=\"accelerometer; autoplay; encrypted-media; gyroscope; picture-in-picture\" allowfullscreen><\/iframe><\/div>\n<\/div>\n<h3>GLEW &#8211; CARATTERISTICHE<\/h3>\n<p>Diamo un&#8217;occhiata alle sue caratteristiche principali:<\/p>\n<ul>\n<li><strong>Analisi del prodotto<\/strong>: trasforma i dati dalla tua piattaforma di ecommerce in approfondimenti fruibili che ti aiutano a gestire l&#8217;inventario, a prendere decisioni sui prezzi, a comprendere le tendenze degli acquisti stagionali e ad aumentare i profitti. Massimizza il valore dei dati dei tuoi prodotti con strumenti avanzati di analisi e reporting progettati appositamente per i rivenditori online<\/li>\n<li><strong>Analisi dei clienti<\/strong>: uno degli indicatori pi\u00f9 importanti del potenziale di profitto \u00e8 il valore di vita (LTV) di un cliente.\u00a0 Calcola automaticamente il valore della durata del cliente, ripete la tariffa del cliente e molti altri KPI incentrati sul cliente, fornendo approfondimenti che ti aiutano a comprendere e ottimizzare il comportamento di acquisto<\/li>\n<li><strong>Gestione delle prestazioni del negozio<\/strong>: utilizza questo strumento che aggrega e presenta automaticamente i tuoi dati fornendo informazioni sugli indicatori chiave di prestazione (KPI)<\/li>\n<li><strong>Report pianificati<\/strong>: crea, pianifica e invia automaticamente report di ecommerce affidabili con facilit\u00e0 e flessibilit\u00e0. Un flusso costante di informazioni operative accurate \u00e8 la chiave per aiutarti a raggiungere i tuoi obiettivi aziendali.<\/li>\n<\/ul>\n<h3>LE RECENSIONI DEGLI UTENTI<\/h3>\n<ul>\n<li><strong>&#8220;Istantanea giornaliera&#8221;<\/strong><br \/>\nIN GENERALE: con il marketing online e la necessit\u00e0 di risultati, Glew fornisce un&#8217;istantanea altrettanto facile da leggere e intuitiva delle nostre prestazioni. Per il prezzo, Glew offre una soluzione ideale economica per le vendite e il marketing. Un ottimo prodotto da un team che offre un servizio clienti eccezionale. Lo consiglio a tutti i miei rappresentanti.<br \/>\nPRO: Adoriamo lo snapshot quotidiano nelle nostre riunioni di revisione della direzione. Ogni mattina riceviamo un&#8217;email automatica che ci dice il numero di visitatori e una rapida visualizzazione delle vendite per la giornata. Ideale per una rapida occhiata se stiamo vincendo o perdendo. Possiamo sempre scavare nei dettagli accedendo alla nostra dashboard.<br \/>\nCONTRO: Alcuni potrebbero dire l&#8217;istantanea giornaliera se molto semplice, ma per me \u00e8 esattamente ci\u00f2 di cui ho bisogno. Vista rapida, facile da leggere e se ho bisogno di maggiori dettagli posso sempre scavare.<\/li>\n<li><strong>&#8220;Eccellente servizio di analisi&#8221;<\/strong><br \/>\nIN GENERALE: le visualizzazioni Glew ci consentono di visualizzare tutto ci\u00f2 che sta succedendo con la nostra attivit\u00e0, dal traffico alle vendite, dagli utenti ai prodotti. Approfittiamo anche delle integrazioni Amazon e Mailchimp. Il servizio clienti \u00e8 eccellente e la piattaforma \u00e8 facile da usare. Una parte essenziale e gradita della gestione della nostra attivit\u00e0.<br \/>\nPRO: Mi piace quanto sia facile ottenere i miei dati chiave, e che posso estrarre dati da altre fonti e vedere ancora tutto in una vista.<br \/>\nCONTRO: Non ho trovato davvero nulla di negativo.<\/li>\n<li><strong>&#8220;Servizio clienti a 5 stelle!&#8221;<\/strong><br \/>\nPRO: ottimi rapporti e analisi che sono la nostra chiave per le decisioni aziendali sulla nostra piattaforma di e-commerce. Il servizio clienti \u00e8 sempre perfetto e ricevo supporto personale con tutte le segnalazioni di cui ho bisogno. Fantastico prodotto!<br \/>\nCONTRO: ottimi report e analisi che sono la nostra chiave per le decisioni aziendali sulla nostra piattaforma di ecommerce. Il servizio clienti \u00e8 sempre perfetto e ricevo supporto personale con tutte le segnalazioni di cui ho bisogno. Fantastico prodotto!<\/li>\n<\/ul>\n","protected":false},"excerpt":{"rendered":"<p>Glew \u00e8 una piattaforma online che fornisce\u00a0business intelligence e analisi multicanale principalmente a commercianti ecommerce, agenzie digitali, rivenditori e venditori B2B. Lo scopo \u00e8 quello di poter visualizzare tutti i dati in unico posto, di creare ottimi report pianificati e automatizzati e ottenere informazioni importanti che ti permettono di far crescere il tuo business.<\/p>\n","protected":false},"author":17,"featured_media":21444,"parent":32646,"menu_order":0,"comment_status":"open","ping_status":"closed","template":"g1_template_page_review_new.php","meta":{"_acf_changed":false,"cwp_meta_box_check":"Yes","cwp_rev_product_name":"","cwp_rev_product_image":"","wppr_links":[],"cwp_rev_price":"","wppr_options":[],"wppr_pros":[],"wppr_cons":[],"_monsterinsights_skip_tracking":false,"_monsterinsights_sitenote_active":false,"_monsterinsights_sitenote_note":"","_monsterinsights_sitenote_category":0,"footnotes":""},"categories":[1555],"tags":[1561,1565,1564,1521,1566],"features":[],"class_list":{"0":"post-21442","1":"page","2":"type-page","3":"status-publish","4":"has-post-thumbnail","6":"category-business-intelligence-it","7":"tag-bi","8":"tag-business-intelligence","9":"tag-business-intelligence-software","10":"tag-piattaforma-di-business-intelligence","11":"tag-programma-di-business-intelligence"},"wppr_data":{"cwp_meta_box_check":"Yes","cwp_rev_product_name":"","cwp_rev_product_image":"","cwp_image_link":"image","cwp_rev_price":"","wppr_rating":"0.00"},"acf":[],"yoast_head":"<!-- This site is optimized with the Yoast SEO plugin v27.4 - https:\/\/yoast.com\/product\/yoast-seo-wordpress\/ -->\n<title>Glew: recensione piattaforma di business intelligence - Accurate Reviews<\/title>\n<meta name=\"description\" content=\"Glew: recensione della piattaforma che fornisce\u00a0business intelligence e analisi multicanale a commercianti, agenzie digitali, rivenditori e venditori B2B.\" \/>\n<meta name=\"robots\" content=\"index, follow, max-snippet:-1, max-image-preview:large, max-video-preview:-1\" \/>\n<link rel=\"canonical\" href=\"https:\/\/www.accuratereviews.com\/it\/business-intelligence\/glew-recensione\/\" \/>\n<meta property=\"og:locale\" content=\"it_IT\" \/>\n<meta property=\"og:type\" content=\"article\" \/>\n<meta property=\"og:title\" content=\"Glew: recensione piattaforma di business intelligence - Accurate Reviews\" \/>\n<meta property=\"og:description\" content=\"Glew: recensione della piattaforma che fornisce\u00a0business intelligence e analisi multicanale a commercianti, agenzie digitali, rivenditori e venditori B2B.\" \/>\n<meta property=\"og:url\" content=\"https:\/\/www.accuratereviews.com\/it\/business-intelligence\/glew-recensione\/\" \/>\n<meta property=\"og:site_name\" content=\"Accurate Reviews\" \/>\n<meta property=\"article:modified_time\" content=\"2021-05-18T14:49:15+00:00\" \/>\n<meta property=\"og:image\" content=\"https:\/\/www.accuratereviews.com\/wp-content\/uploads\/2019\/12\/jLw2Vzc.jpg\" \/>\n\t<meta property=\"og:image:width\" content=\"512\" \/>\n\t<meta property=\"og:image:height\" content=\"512\" \/>\n\t<meta property=\"og:image:type\" content=\"image\/jpeg\" \/>\n<meta name=\"twitter:card\" content=\"summary_large_image\" \/>\n<meta name=\"twitter:label1\" content=\"Tempo di lettura stimato\" \/>\n\t<meta name=\"twitter:data1\" content=\"3 minuti\" \/>\n<script type=\"application\/ld+json\" class=\"yoast-schema-graph\">{\"@context\":\"https:\\\/\\\/schema.org\",\"@graph\":[{\"@type\":\"WebPage\",\"@id\":\"https:\\\/\\\/www.accuratereviews.com\\\/it\\\/business-intelligence\\\/glew-recensione\\\/\",\"url\":\"https:\\\/\\\/www.accuratereviews.com\\\/it\\\/business-intelligence\\\/glew-recensione\\\/\",\"name\":\"Glew: recensione piattaforma di business intelligence - Accurate Reviews\",\"isPartOf\":{\"@id\":\"https:\\\/\\\/www.accuratereviews.com\\\/it\\\/#website\"},\"primaryImageOfPage\":{\"@id\":\"https:\\\/\\\/www.accuratereviews.com\\\/it\\\/business-intelligence\\\/glew-recensione\\\/#primaryimage\"},\"image\":{\"@id\":\"https:\\\/\\\/www.accuratereviews.com\\\/it\\\/business-intelligence\\\/glew-recensione\\\/#primaryimage\"},\"thumbnailUrl\":\"https:\\\/\\\/www.accuratereviews.com\\\/wp-content\\\/uploads\\\/2019\\\/12\\\/jLw2Vzc.jpg\",\"datePublished\":\"2019-12-19T15:42:54+00:00\",\"dateModified\":\"2021-05-18T14:49:15+00:00\",\"description\":\"Glew: recensione della piattaforma che fornisce\u00a0business intelligence e analisi multicanale a commercianti, agenzie digitali, rivenditori e venditori B2B.\",\"breadcrumb\":{\"@id\":\"https:\\\/\\\/www.accuratereviews.com\\\/it\\\/business-intelligence\\\/glew-recensione\\\/#breadcrumb\"},\"inLanguage\":\"it-IT\",\"potentialAction\":[{\"@type\":\"ReadAction\",\"target\":[\"https:\\\/\\\/www.accuratereviews.com\\\/it\\\/business-intelligence\\\/glew-recensione\\\/\"]}]},{\"@type\":\"ImageObject\",\"inLanguage\":\"it-IT\",\"@id\":\"https:\\\/\\\/www.accuratereviews.com\\\/it\\\/business-intelligence\\\/glew-recensione\\\/#primaryimage\",\"url\":\"https:\\\/\\\/www.accuratereviews.com\\\/wp-content\\\/uploads\\\/2019\\\/12\\\/jLw2Vzc.jpg\",\"contentUrl\":\"https:\\\/\\\/www.accuratereviews.com\\\/wp-content\\\/uploads\\\/2019\\\/12\\\/jLw2Vzc.jpg\",\"width\":512,\"height\":512},{\"@type\":\"BreadcrumbList\",\"@id\":\"https:\\\/\\\/www.accuratereviews.com\\\/it\\\/business-intelligence\\\/glew-recensione\\\/#breadcrumb\",\"itemListElement\":[{\"@type\":\"ListItem\",\"position\":1,\"name\":\"Home\",\"item\":\"https:\\\/\\\/www.accuratereviews.com\\\/it\\\/\"},{\"@type\":\"ListItem\",\"position\":2,\"name\":\"Business intelligence\",\"item\":\"https:\\\/\\\/www.accuratereviews.com\\\/it\\\/business-intelligence\\\/\"},{\"@type\":\"ListItem\",\"position\":3,\"name\":\"Glew\"}]},{\"@type\":\"WebSite\",\"@id\":\"https:\\\/\\\/www.accuratereviews.com\\\/it\\\/#website\",\"url\":\"https:\\\/\\\/www.accuratereviews.com\\\/it\\\/\",\"name\":\"Accurate Reviews\",\"description\":\"\",\"potentialAction\":[{\"@type\":\"SearchAction\",\"target\":{\"@type\":\"EntryPoint\",\"urlTemplate\":\"https:\\\/\\\/www.accuratereviews.com\\\/it\\\/?s={search_term_string}\"},\"query-input\":{\"@type\":\"PropertyValueSpecification\",\"valueRequired\":true,\"valueName\":\"search_term_string\"}}],\"inLanguage\":\"it-IT\"}]}<\/script>\n<!-- \/ Yoast SEO plugin. -->","yoast_head_json":{"title":"Glew: recensione piattaforma di business intelligence - Accurate Reviews","description":"Glew: recensione della piattaforma che fornisce\u00a0business intelligence e analisi multicanale a commercianti, agenzie digitali, rivenditori e venditori B2B.","robots":{"index":"index","follow":"follow","max-snippet":"max-snippet:-1","max-image-preview":"max-image-preview:large","max-video-preview":"max-video-preview:-1"},"canonical":"https:\/\/www.accuratereviews.com\/it\/business-intelligence\/glew-recensione\/","og_locale":"it_IT","og_type":"article","og_title":"Glew: recensione piattaforma di business intelligence - Accurate Reviews","og_description":"Glew: recensione della piattaforma che fornisce\u00a0business intelligence e analisi multicanale a commercianti, agenzie digitali, rivenditori e venditori B2B.","og_url":"https:\/\/www.accuratereviews.com\/it\/business-intelligence\/glew-recensione\/","og_site_name":"Accurate Reviews","article_modified_time":"2021-05-18T14:49:15+00:00","og_image":[{"width":512,"height":512,"url":"https:\/\/www.accuratereviews.com\/wp-content\/uploads\/2019\/12\/jLw2Vzc.jpg","type":"image\/jpeg"}],"twitter_card":"summary_large_image","twitter_misc":{"Tempo di lettura stimato":"3 minuti"},"schema":{"@context":"https:\/\/schema.org","@graph":[{"@type":"WebPage","@id":"https:\/\/www.accuratereviews.com\/it\/business-intelligence\/glew-recensione\/","url":"https:\/\/www.accuratereviews.com\/it\/business-intelligence\/glew-recensione\/","name":"Glew: recensione piattaforma di business intelligence - Accurate Reviews","isPartOf":{"@id":"https:\/\/www.accuratereviews.com\/it\/#website"},"primaryImageOfPage":{"@id":"https:\/\/www.accuratereviews.com\/it\/business-intelligence\/glew-recensione\/#primaryimage"},"image":{"@id":"https:\/\/www.accuratereviews.com\/it\/business-intelligence\/glew-recensione\/#primaryimage"},"thumbnailUrl":"https:\/\/www.accuratereviews.com\/wp-content\/uploads\/2019\/12\/jLw2Vzc.jpg","datePublished":"2019-12-19T15:42:54+00:00","dateModified":"2021-05-18T14:49:15+00:00","description":"Glew: recensione della piattaforma che fornisce\u00a0business intelligence e analisi multicanale a commercianti, agenzie digitali, rivenditori e venditori B2B.","breadcrumb":{"@id":"https:\/\/www.accuratereviews.com\/it\/business-intelligence\/glew-recensione\/#breadcrumb"},"inLanguage":"it-IT","potentialAction":[{"@type":"ReadAction","target":["https:\/\/www.accuratereviews.com\/it\/business-intelligence\/glew-recensione\/"]}]},{"@type":"ImageObject","inLanguage":"it-IT","@id":"https:\/\/www.accuratereviews.com\/it\/business-intelligence\/glew-recensione\/#primaryimage","url":"https:\/\/www.accuratereviews.com\/wp-content\/uploads\/2019\/12\/jLw2Vzc.jpg","contentUrl":"https:\/\/www.accuratereviews.com\/wp-content\/uploads\/2019\/12\/jLw2Vzc.jpg","width":512,"height":512},{"@type":"BreadcrumbList","@id":"https:\/\/www.accuratereviews.com\/it\/business-intelligence\/glew-recensione\/#breadcrumb","itemListElement":[{"@type":"ListItem","position":1,"name":"Home","item":"https:\/\/www.accuratereviews.com\/it\/"},{"@type":"ListItem","position":2,"name":"Business intelligence","item":"https:\/\/www.accuratereviews.com\/it\/business-intelligence\/"},{"@type":"ListItem","position":3,"name":"Glew"}]},{"@type":"WebSite","@id":"https:\/\/www.accuratereviews.com\/it\/#website","url":"https:\/\/www.accuratereviews.com\/it\/","name":"Accurate Reviews","description":"","potentialAction":[{"@type":"SearchAction","target":{"@type":"EntryPoint","urlTemplate":"https:\/\/www.accuratereviews.com\/it\/?s={search_term_string}"},"query-input":{"@type":"PropertyValueSpecification","valueRequired":true,"valueName":"search_term_string"}}],"inLanguage":"it-IT"}]}},"_links":{"self":[{"href":"https:\/\/www.accuratereviews.com\/it\/wp-json\/wp\/v2\/pages\/21442","targetHints":{"allow":["GET"]}}],"collection":[{"href":"https:\/\/www.accuratereviews.com\/it\/wp-json\/wp\/v2\/pages"}],"about":[{"href":"https:\/\/www.accuratereviews.com\/it\/wp-json\/wp\/v2\/types\/page"}],"author":[{"embeddable":true,"href":"https:\/\/www.accuratereviews.com\/it\/wp-json\/wp\/v2\/users\/17"}],"replies":[{"embeddable":true,"href":"https:\/\/www.accuratereviews.com\/it\/wp-json\/wp\/v2\/comments?post=21442"}],"version-history":[{"count":5,"href":"https:\/\/www.accuratereviews.com\/it\/wp-json\/wp\/v2\/pages\/21442\/revisions"}],"predecessor-version":[{"id":42929,"href":"https:\/\/www.accuratereviews.com\/it\/wp-json\/wp\/v2\/pages\/21442\/revisions\/42929"}],"up":[{"embeddable":true,"href":"https:\/\/www.accuratereviews.com\/it\/wp-json\/wp\/v2\/pages\/32646"}],"wp:featuredmedia":[{"embeddable":true,"href":"https:\/\/www.accuratereviews.com\/it\/wp-json\/wp\/v2\/media\/21444"}],"wp:attachment":[{"href":"https:\/\/www.accuratereviews.com\/it\/wp-json\/wp\/v2\/media?parent=21442"}],"wp:term":[{"taxonomy":"category","embeddable":true,"href":"https:\/\/www.accuratereviews.com\/it\/wp-json\/wp\/v2\/categories?post=21442"},{"taxonomy":"post_tag","embeddable":true,"href":"https:\/\/www.accuratereviews.com\/it\/wp-json\/wp\/v2\/tags?post=21442"},{"taxonomy":"features","embeddable":true,"href":"https:\/\/www.accuratereviews.com\/it\/wp-json\/wp\/v2\/features?post=21442"}],"curies":[{"name":"wp","href":"https:\/\/api.w.org\/{rel}","templated":true}]}}