{"id":21448,"date":"2019-12-20T07:00:59","date_gmt":"2019-12-20T07:00:59","guid":{"rendered":"https:\/\/www.accuratereviews.com\/?page_id=21448"},"modified":"2019-12-19T15:42:32","modified_gmt":"2019-12-19T15:42:32","slug":"targit-recensione","status":"publish","type":"page","link":"https:\/\/www.accuratereviews.com\/it\/targit-recensione\/","title":{"rendered":"Targit"},"content":{"rendered":"<p><strong>Targit<\/strong> semplifica il<strong> business intelligence e le analisi<\/strong> centralizzando clienti, dati e tutte le informazioni necessarie e inserendole tutte in un&#8217;interfaccia utente unificata. Che tu sia un utente aziendale, un dirigente, un manager o un esperto IT, questo software ti offre una visione completa della tua attivit\u00e0 con tutte le informazioni rilevanti per il tuo ruolo e le funzioni immediatamente disponibili per te. Ogni volta che apri il tuo sistema, tutto ci\u00f2 di cui hai bisogno \u00e8 a portata di mano.\u00a0La soluzione \u00e8 costruita come soluzione di analisi end-to-end.\u00a0<strong>Targit<\/strong> offre una struttura scalabile che \u00e8 possibile utilizzare in qualsiasi ambiente. Devi accedere al tuo sistema mentre pranzi o sei in viaggio? Gli utenti che utilizzano questo programma, possono collegarsi tramite client Windows, web o dispositivi mobili.<\/p>\n<h2>TARGIT &#8211; TUTORIAL<\/h2>\n<p>Il tutorial che seguir\u00e0 mostra le principali funzionalit\u00e0 di questo <strong>software di business intelligence<\/strong>:<\/p>\n<div id=\"fluid-wrapper-counter-1\" class=\"g1-fluid-wrapper \" style=\"width:686px;\">\n<div style=\"padding-bottom:56.268221574344%;\"><iframe loading=\"lazy\" title=\"TARGIT\u00ae Features\" width=\"686\" height=\"386\" src=\"https:\/\/www.youtube.com\/embed\/8ZgKQmB2cig?feature=oembed&amp;wmode=transparent&amp;autohide=1&amp;autoplay=0&amp;disablekb=0&amp;fs=1&amp;loop=0&amp;enablejsapi=1&amp;rel=0&amp;controls=2&amp;showinfo=0&amp;wmode=transparent&amp;autohide=2&amp;autoplay=0&amp;disablekb=0&amp;fs=1&amp;loop=0&amp;enablejsapi=1&amp;rel=0&amp;controls=2&amp;showinfo=1\" frameborder=\"0\" allow=\"accelerometer; autoplay; encrypted-media; gyroscope; picture-in-picture\" allowfullscreen><\/iframe><\/div>\n<\/div>\n<h3>TARGIT &#8211; CARATTERISTICHE<\/h3>\n<ul>\n<li><strong>Dashboard<\/strong>: visualizza lo stato attuale del business con dashboard che riflettono gli indicatori chiave di prestazione<\/li>\n<li><strong>Analisi<\/strong>: digitando in linguaggio naturale con la procedura guidata intelligente. L&#8217;interconnettivit\u00e0 completa significa che \u00e8 possibile eseguire il drill down immediatamente per ottenere risposte<\/li>\n<li><strong>Scoperta dei dati<\/strong>: rendi disponibile il rilevamento dei dati nel modo migliore per la tua azienda. Offri ai singoli utenti il \u200b\u200bpotere di aggiungere origini dati e creare nuovi modelli mantenendo una soluzione centralizzata in cui possono personalizzare i rapporti secondo i tuoi termini<\/li>\n<li><strong>Segnalazione<\/strong>: la soluzione di reporting \u00e8 direttamente integrata nel tuo motore di analisi. Scegli tra push o pull report. E con le iper-relazioni renderai interattivo il tuo rapporto<\/li>\n<li><strong>Facilit\u00e0 distribuzioni<\/strong>: le decisioni aziendali non vengono prese nelle sale server buie; sono realizzati in sale riunioni, in aeroporto e in occasione di incontri con clienti e partner<\/li>\n<li><strong>Visualizzazioni<\/strong>: il programma\u00a0offre grafici e calibri standard e ti consente anche di espandere la tua soluzione con visualizzazioni dall&#8217;app store o di progettare i tuoi calibri con il generatore di calibri gratuito.<\/li>\n<\/ul>\n<h4>LE RECENSIONI DEGLI UTENTI<\/h4>\n<h4>Jenifer S. &#8220;TARGIT BI&#8221;<\/h4>\n<p><strong>Commenti<\/strong>: I KPI aziendali sono un gioco da ragazzi con TARGIT. Sono in grado di creare un rapporto che pu\u00f2 essere aggiornato in pochi secondi con dati aggiornati ogni volta che eseguo l&#8217;accesso.<\/p>\n<p><strong>Vantaggi<\/strong>: TARGIT mi \u00e8 stato imposto dal quartier generale. In qualit\u00e0 di responsabile degli addetti alle vendite, sono responsabile di tutti i rapporti sulle vendite. TARGIT \u00e8 uno strumento estremamente potente che consente la modifica dei dati in diversi modi. Dai report ai grafici alle mappe puoi produrre un numero infinito di KPI in pochi secondi che consentono ad altri di capire facilmente i dati. TARGIT si collega al software CRM ed ERP in modo che gli utenti possano estrarre dati da qualsiasi altra piattaforma che usano. Le schede incrociate sono interattive, quindi filtraggio e drill down sono estremamente facili.<\/p>\n<p><strong>Inconvenienti<\/strong>: L&#8217;unico svantaggio che potrei avere sono le risorse limitate dell&#8217;utente che ci sono. TARGIT non \u00e8 lo strumento pi\u00f9 semplice a cui abituarsi, ma una volta che lo comprendi \u00e8 illimitato.<\/p>\n<h4>Glenn T. &#8220;Targit Bi Reporting and Dashboards&#8221;<\/h4>\n<p><strong>Commenti<\/strong>: Abbiamo usato Tagrit per dashboard KPI Executive, Director e Finance. Funziona molto bene e fornisce report KPI aggiornati tra 200 aziende. Il drill down consente un&#8217;analisi dettagliata dopo aver identificato un problema. Lo facciamo in modo che il reporting sia esteso a tutta l&#8217;azienda ma possa essere analizzato a un livello molto granulare per le indagini o per ulteriori informazioni<\/p>\n<p><strong>Vantaggi<\/strong>: eccellente strumento di visualizzazione BI.\u00a0Facile da creare nuovi report.\u00a0Le prestazioni dello strumento di segnalazione sono buone<\/p>\n<p><strong>Inconvenienti<\/strong>: i costi per estendere l&#8217;uso a un vasto pubblico sono proibitivi.\u00a0Le licenze basate su moduli possono costituire un ostacolo a un uso pi\u00f9 ampio<\/p>\n<h4>Tyler H. &#8220;Soluzione BI eccezionale&#8221;<\/h4>\n<p><strong>Commenti<\/strong>: Abbiamo reso visibili dati cos\u00ec influenti ma &#8220;sotto la superficie&#8221;, permettendoci cos\u00ec di prendere decisioni pi\u00f9 intelligenti in futuro e anche di fare passi per risolvere problemi o anomalie nel presente. La societ\u00e0 \u00e8 incredibile con il loro supporto e hanno un ottimo portale per i clienti per inviare problemi e persino idee in cui di solito viene data risposta entro lo stesso giorno pubblicato. La crescita delle funzionalit\u00e0 dell&#8217;applicazione ha reso questa suite BI una forza da non sottovalutare!<\/p>\n<p><strong>Vantaggi<\/strong>: la progressivit\u00e0 e l&#8217;adattabilit\u00e0 per afferrare e connettersi alle attuali fonti di tecnologia \/ dati in costante progresso.<\/p>\n<p><strong>Inconvenienti<\/strong>: All&#8217;inizio l&#8217;aggiornamento del software del client finale degli utenti era un grosso compito, ma hanno risolto questo problema fornendo EXE di aggiornamento e download automatici degli aggiornamenti.<\/p>\n","protected":false},"excerpt":{"rendered":"<p>Targit semplifica il business intelligence e le analisi centralizzando clienti, dati e tutte le informazioni necessarie e inserendole tutte in un&#8217;interfaccia utente unificata. Che tu sia un utente aziendale, un dirigente, un manager o un esperto IT, questo software ti offre una visione completa della tua attivit\u00e0 con tutte le informazioni rilevanti per il tuo ruolo e le funzioni immediatamente disponibili per te.<\/p>\n","protected":false},"author":19,"featured_media":21450,"parent":0,"menu_order":0,"comment_status":"open","ping_status":"closed","template":"g1_template_page_review_new.php","meta":{"_acf_changed":false,"cwp_meta_box_check":"Yes","cwp_rev_product_name":"","cwp_rev_product_image":"","wppr_links":[],"cwp_rev_price":"","wppr_options":[],"wppr_pros":[],"wppr_cons":[],"_monsterinsights_skip_tracking":false,"_monsterinsights_sitenote_active":false,"_monsterinsights_sitenote_note":"","_monsterinsights_sitenote_category":0,"footnotes":""},"categories":[1555],"tags":[1621,1561,1560,1557,1556,1558,1624],"features":[],"class_list":{"0":"post-21448","1":"page","2":"type-page","3":"status-publish","4":"has-post-thumbnail","6":"category-business-intelligence-it","7":"tag-analisi-dati","8":"tag-bi","9":"tag-piattaforma-business-intelligence","10":"tag-programma-business-intelligence","11":"tag-software-business-intelligence","12":"tag-soluzione-business-intelligence","13":"tag-targit"},"wppr_data":{"cwp_meta_box_check":"Yes","cwp_rev_product_name":"","cwp_rev_product_image":"","cwp_image_link":"image","cwp_rev_price":"","wppr_rating":"0.00"},"acf":[],"yoast_head":"<!-- This site is optimized with the Yoast SEO plugin v27.4 - https:\/\/yoast.com\/product\/yoast-seo-wordpress\/ -->\n<title>Targit: recensione software business intelligence - Accurate Reviews<\/title>\n<meta name=\"description\" content=\"Targit: recensione software business intelligence e analisi che memorizza e archivia i dati e le informazioni in una unica interfaccia.\" \/>\n<meta name=\"robots\" content=\"index, follow, max-snippet:-1, max-image-preview:large, max-video-preview:-1\" \/>\n<link rel=\"canonical\" href=\"https:\/\/www.accuratereviews.com\/it\/targit-recensione\/\" \/>\n<meta property=\"og:locale\" content=\"it_IT\" \/>\n<meta property=\"og:type\" content=\"article\" \/>\n<meta property=\"og:title\" content=\"Targit: recensione software business intelligence - Accurate Reviews\" \/>\n<meta property=\"og:description\" content=\"Targit: recensione software business intelligence e analisi che memorizza e archivia i dati e le informazioni in una unica interfaccia.\" \/>\n<meta property=\"og:url\" content=\"https:\/\/www.accuratereviews.com\/it\/targit-recensione\/\" \/>\n<meta property=\"og:site_name\" content=\"Accurate Reviews\" \/>\n<meta property=\"og:image\" content=\"https:\/\/www.accuratereviews.com\/wp-content\/uploads\/2019\/12\/targit.png\" \/>\n\t<meta property=\"og:image:width\" content=\"512\" \/>\n\t<meta property=\"og:image:height\" content=\"512\" \/>\n\t<meta property=\"og:image:type\" content=\"image\/png\" \/>\n<meta name=\"twitter:card\" content=\"summary_large_image\" \/>\n<meta name=\"twitter:label1\" content=\"Tempo di lettura stimato\" \/>\n\t<meta name=\"twitter:data1\" content=\"4 minuti\" \/>\n<script type=\"application\/ld+json\" class=\"yoast-schema-graph\">{\"@context\":\"https:\\\/\\\/schema.org\",\"@graph\":[{\"@type\":\"WebPage\",\"@id\":\"https:\\\/\\\/www.accuratereviews.com\\\/it\\\/targit-recensione\\\/\",\"url\":\"https:\\\/\\\/www.accuratereviews.com\\\/it\\\/targit-recensione\\\/\",\"name\":\"Targit: recensione software business intelligence - Accurate Reviews\",\"isPartOf\":{\"@id\":\"https:\\\/\\\/www.accuratereviews.com\\\/it\\\/#website\"},\"primaryImageOfPage\":{\"@id\":\"https:\\\/\\\/www.accuratereviews.com\\\/it\\\/targit-recensione\\\/#primaryimage\"},\"image\":{\"@id\":\"https:\\\/\\\/www.accuratereviews.com\\\/it\\\/targit-recensione\\\/#primaryimage\"},\"thumbnailUrl\":\"https:\\\/\\\/www.accuratereviews.com\\\/wp-content\\\/uploads\\\/2019\\\/12\\\/targit.png\",\"datePublished\":\"2019-12-20T07:00:59+00:00\",\"description\":\"Targit: recensione software business intelligence e analisi che memorizza e archivia i dati e le informazioni in una unica interfaccia.\",\"breadcrumb\":{\"@id\":\"https:\\\/\\\/www.accuratereviews.com\\\/it\\\/targit-recensione\\\/#breadcrumb\"},\"inLanguage\":\"it-IT\",\"potentialAction\":[{\"@type\":\"ReadAction\",\"target\":[\"https:\\\/\\\/www.accuratereviews.com\\\/it\\\/targit-recensione\\\/\"]}]},{\"@type\":\"ImageObject\",\"inLanguage\":\"it-IT\",\"@id\":\"https:\\\/\\\/www.accuratereviews.com\\\/it\\\/targit-recensione\\\/#primaryimage\",\"url\":\"https:\\\/\\\/www.accuratereviews.com\\\/wp-content\\\/uploads\\\/2019\\\/12\\\/targit.png\",\"contentUrl\":\"https:\\\/\\\/www.accuratereviews.com\\\/wp-content\\\/uploads\\\/2019\\\/12\\\/targit.png\",\"width\":512,\"height\":512},{\"@type\":\"BreadcrumbList\",\"@id\":\"https:\\\/\\\/www.accuratereviews.com\\\/it\\\/targit-recensione\\\/#breadcrumb\",\"itemListElement\":[{\"@type\":\"ListItem\",\"position\":1,\"name\":\"Home\",\"item\":\"https:\\\/\\\/www.accuratereviews.com\\\/it\\\/\"},{\"@type\":\"ListItem\",\"position\":2,\"name\":\"Targit\"}]},{\"@type\":\"WebSite\",\"@id\":\"https:\\\/\\\/www.accuratereviews.com\\\/it\\\/#website\",\"url\":\"https:\\\/\\\/www.accuratereviews.com\\\/it\\\/\",\"name\":\"Accurate Reviews\",\"description\":\"\",\"potentialAction\":[{\"@type\":\"SearchAction\",\"target\":{\"@type\":\"EntryPoint\",\"urlTemplate\":\"https:\\\/\\\/www.accuratereviews.com\\\/it\\\/?s={search_term_string}\"},\"query-input\":{\"@type\":\"PropertyValueSpecification\",\"valueRequired\":true,\"valueName\":\"search_term_string\"}}],\"inLanguage\":\"it-IT\"}]}<\/script>\n<!-- \/ Yoast SEO plugin. -->","yoast_head_json":{"title":"Targit: recensione software business intelligence - Accurate Reviews","description":"Targit: recensione software business intelligence e analisi che memorizza e archivia i dati e le informazioni in una unica interfaccia.","robots":{"index":"index","follow":"follow","max-snippet":"max-snippet:-1","max-image-preview":"max-image-preview:large","max-video-preview":"max-video-preview:-1"},"canonical":"https:\/\/www.accuratereviews.com\/it\/targit-recensione\/","og_locale":"it_IT","og_type":"article","og_title":"Targit: recensione software business intelligence - Accurate Reviews","og_description":"Targit: recensione software business intelligence e analisi che memorizza e archivia i dati e le informazioni in una unica interfaccia.","og_url":"https:\/\/www.accuratereviews.com\/it\/targit-recensione\/","og_site_name":"Accurate Reviews","og_image":[{"width":512,"height":512,"url":"https:\/\/www.accuratereviews.com\/wp-content\/uploads\/2019\/12\/targit.png","type":"image\/png"}],"twitter_card":"summary_large_image","twitter_misc":{"Tempo di lettura stimato":"4 minuti"},"schema":{"@context":"https:\/\/schema.org","@graph":[{"@type":"WebPage","@id":"https:\/\/www.accuratereviews.com\/it\/targit-recensione\/","url":"https:\/\/www.accuratereviews.com\/it\/targit-recensione\/","name":"Targit: recensione software business intelligence - Accurate Reviews","isPartOf":{"@id":"https:\/\/www.accuratereviews.com\/it\/#website"},"primaryImageOfPage":{"@id":"https:\/\/www.accuratereviews.com\/it\/targit-recensione\/#primaryimage"},"image":{"@id":"https:\/\/www.accuratereviews.com\/it\/targit-recensione\/#primaryimage"},"thumbnailUrl":"https:\/\/www.accuratereviews.com\/wp-content\/uploads\/2019\/12\/targit.png","datePublished":"2019-12-20T07:00:59+00:00","description":"Targit: recensione software business intelligence e analisi che memorizza e archivia i dati e le informazioni in una unica interfaccia.","breadcrumb":{"@id":"https:\/\/www.accuratereviews.com\/it\/targit-recensione\/#breadcrumb"},"inLanguage":"it-IT","potentialAction":[{"@type":"ReadAction","target":["https:\/\/www.accuratereviews.com\/it\/targit-recensione\/"]}]},{"@type":"ImageObject","inLanguage":"it-IT","@id":"https:\/\/www.accuratereviews.com\/it\/targit-recensione\/#primaryimage","url":"https:\/\/www.accuratereviews.com\/wp-content\/uploads\/2019\/12\/targit.png","contentUrl":"https:\/\/www.accuratereviews.com\/wp-content\/uploads\/2019\/12\/targit.png","width":512,"height":512},{"@type":"BreadcrumbList","@id":"https:\/\/www.accuratereviews.com\/it\/targit-recensione\/#breadcrumb","itemListElement":[{"@type":"ListItem","position":1,"name":"Home","item":"https:\/\/www.accuratereviews.com\/it\/"},{"@type":"ListItem","position":2,"name":"Targit"}]},{"@type":"WebSite","@id":"https:\/\/www.accuratereviews.com\/it\/#website","url":"https:\/\/www.accuratereviews.com\/it\/","name":"Accurate Reviews","description":"","potentialAction":[{"@type":"SearchAction","target":{"@type":"EntryPoint","urlTemplate":"https:\/\/www.accuratereviews.com\/it\/?s={search_term_string}"},"query-input":{"@type":"PropertyValueSpecification","valueRequired":true,"valueName":"search_term_string"}}],"inLanguage":"it-IT"}]}},"_links":{"self":[{"href":"https:\/\/www.accuratereviews.com\/it\/wp-json\/wp\/v2\/pages\/21448","targetHints":{"allow":["GET"]}}],"collection":[{"href":"https:\/\/www.accuratereviews.com\/it\/wp-json\/wp\/v2\/pages"}],"about":[{"href":"https:\/\/www.accuratereviews.com\/it\/wp-json\/wp\/v2\/types\/page"}],"author":[{"embeddable":true,"href":"https:\/\/www.accuratereviews.com\/it\/wp-json\/wp\/v2\/users\/19"}],"replies":[{"embeddable":true,"href":"https:\/\/www.accuratereviews.com\/it\/wp-json\/wp\/v2\/comments?post=21448"}],"version-history":[{"count":10,"href":"https:\/\/www.accuratereviews.com\/it\/wp-json\/wp\/v2\/pages\/21448\/revisions"}],"predecessor-version":[{"id":21480,"href":"https:\/\/www.accuratereviews.com\/it\/wp-json\/wp\/v2\/pages\/21448\/revisions\/21480"}],"wp:featuredmedia":[{"embeddable":true,"href":"https:\/\/www.accuratereviews.com\/it\/wp-json\/wp\/v2\/media\/21450"}],"wp:attachment":[{"href":"https:\/\/www.accuratereviews.com\/it\/wp-json\/wp\/v2\/media?parent=21448"}],"wp:term":[{"taxonomy":"category","embeddable":true,"href":"https:\/\/www.accuratereviews.com\/it\/wp-json\/wp\/v2\/categories?post=21448"},{"taxonomy":"post_tag","embeddable":true,"href":"https:\/\/www.accuratereviews.com\/it\/wp-json\/wp\/v2\/tags?post=21448"},{"taxonomy":"features","embeddable":true,"href":"https:\/\/www.accuratereviews.com\/it\/wp-json\/wp\/v2\/features?post=21448"}],"curies":[{"name":"wp","href":"https:\/\/api.w.org\/{rel}","templated":true}]}}