{"id":21460,"date":"2019-12-20T07:00:11","date_gmt":"2019-12-20T07:00:11","guid":{"rendered":"https:\/\/www.accuratereviews.com\/?page_id=21460"},"modified":"2021-05-18T14:17:38","modified_gmt":"2021-05-18T14:17:38","slug":"chartio-recensione","status":"publish","type":"page","link":"https:\/\/www.accuratereviews.com\/it\/business-intelligence\/chartio-recensione\/","title":{"rendered":"Chartio"},"content":{"rendered":"<p><strong>Chartio<\/strong> \u00e8 uno<strong> strumento di business intelligence<\/strong> potente ed efficiente che mira ad aiutare le aziende a leggere i loro dati aziendali. Rapido da configurare e semplice da utilizzare, questo software consente agli utenti di esplorare ogni tipo di informazione in tempo reale. L&#8217;interfaccia drag-and-drop consente di scrivere query per l&#8217;uso dell&#8217;utente e condividere query SQL. Con questo strumento, chiunque pu\u00f2 creare dashboard impattanti e condividerle all&#8217;interno dell&#8217;azienda o con i clienti. Gli schemi flessibili di <strong>Chartio<\/strong> consentono di modificare le opzioni di archiviazione in base alle esigenze. Gli utenti possono anche condividere dashboard tramite email o report pianificati e visualizzare dati storici e tenere traccia delle metriche aziendali con l&#8217;aiuto della funzione Snapshot della soluzione. I dati sono crittografati con SSL che vengono trasferiti tramite tunnel SSH fornendo agli utenti il controllo della connessione e dei dati.<\/p>\n<h2>CHARTIO &#8211; TUTORIAL<\/h2>\n<p>In questo video, imparerai come risolvere i problemi relativi alle connessioni SSH di questo <strong>software di business intelligence<\/strong>:<\/p>\n<div id=\"fluid-wrapper-counter-1\" class=\"g1-fluid-wrapper \" style=\"width:686px;\">\n<div style=\"padding-bottom:56.268221574344%;\"><iframe loading=\"lazy\" title=\"Troubleshooting Chartio SSH Connections\" width=\"686\" height=\"386\" src=\"https:\/\/www.youtube.com\/embed\/sf1Suk-GBP0?feature=oembed&amp;wmode=transparent&amp;autohide=1&amp;autoplay=0&amp;disablekb=0&amp;fs=1&amp;loop=0&amp;enablejsapi=1&amp;rel=0&amp;controls=2&amp;showinfo=0&amp;wmode=transparent&amp;autohide=2&amp;autoplay=0&amp;disablekb=0&amp;fs=1&amp;loop=0&amp;enablejsapi=1&amp;rel=0&amp;controls=2&amp;showinfo=1\" frameborder=\"0\" allow=\"accelerometer; autoplay; encrypted-media; gyroscope; picture-in-picture\" allowfullscreen><\/iframe><\/div>\n<\/div>\n<h3>CHARTIO &#8211; CARATTERISTICHE<\/h3>\n<ul>\n<li>Potenza di fusione dei dati: Combina le tue diverse fonti di dati per ottenere informazioni approfondite. Una volta aggiornati, non c&#8217;\u00e8 limite al tipo di analisi che \u00e8 possibile eseguire.<\/li>\n<li>Archiviazione dati: \u00a0riunisci segmenti di dati nel programma senza modificare il database operativo, in modo da poter analizzare esattamente ci\u00f2 che desideri<\/li>\n<li>Drill Downs: esplorazione dei dati pi\u00f9 approfondita ottenendo informazioni fruibili senza esplorare i dati &#8220;grezzi&#8221;<\/li>\n<li>Combina automaticamente informazioni: i join vengono automaticamente integrati nelle query quando si trascinano le colonne dalle tabelle correlate<\/li>\n<li>Struttura personalizzata per i tuoi dati: scrivi SQL che genera colonne o tabelle personalizzate nel tuo database, dandoti la possibilit\u00e0 di definire meglio il tuo schema<\/li>\n<li>Previsioni future: nella raccolta dei dati nella pipeline, sarai in grado di prevedere le tendenze future e prevedere la crescita con un solo clic<\/li>\n<li>Gestione dell&#8217;amministrazione: von perdere pi\u00f9 tempo con configurazioni e noiosa manutenzione. Con questo software, l&#8217;amministrazione \u00e8 semplice<\/li>\n<li>Condivisione dei dati: condividi facilmente grafici e dashboard con il tuo team tramite email, PDF, rapporti pianificati e collegamenti condivisibili.<\/li>\n<\/ul>\n<h4>LE RECENSIONI DEGLI UTENTI<\/h4>\n<h4>Jan G. &#8220;Ottima scelta per tutte le nostre esigenze di reporting e BI&#8221;<\/h4>\n<p><strong>Commenti<\/strong>: Dall&#8217;inizio con pochissimi e dispersi rapporti a &#8211; dopo oltre tre anni &#8211; la creazione di rapporti poliedrici per un business e-commerce in forte crescita, Chartio ci ha servito bene. Lo strumento continua a evolversi e l&#8217;assistenza clienti \u00e8 sempre stata eccellente<\/p>\n<p><strong>Vantaggi<\/strong>: il framework \u00e8 robusto e performante, la piattaforma consente analisi rapide e approfondite, nonch\u00e9 una potente programmazione dei report, il che lo rende un ottimo ponte tra soluzioni che chiunque pu\u00f2 installare e cornici che richiedono competenze di programmazione pi\u00f9 avanzate.<\/p>\n<p><strong>Inconvenienti<\/strong>: \u00e8 possibile migliorare l&#8217;adattabilit\u00e0 di alcune opzioni di progettazione dei report.<\/p>\n<h4>Luis P. &#8220;Chartio \u00e8 stato la chiave del nostro successo&#8221;<\/h4>\n<p><strong>Commenti<\/strong>: Chartio ci mostra le informazioni chiave per i nostri partner per vedere e confrontare i nostri risultati con altri fornitori. \u00c8 stato fantastico e il partner sembra adorarlo. Tuttavia, ritengo che possa essere meglio in cos\u00ec tanti modi per l&#8217;utente trovarlo pi\u00f9 facile da usare.<\/p>\n<p><strong>Vantaggi<\/strong>: mi sono piaciute le molte schede che \u00e8 possibile creare con numerose quantit\u00e0 di dati al loro interno. Puoi anche organizzarli correttamente per essere belli da vedere.<\/p>\n<p><strong>Inconvenienti<\/strong>: \u00e8 difficile da programmare e talvolta frustrante impostare tutto.<\/p>\n<h4>Al L. &#8220;Chartio Review&#8221;<\/h4>\n<p><strong>Commenti<\/strong>: Nel complesso, un ottimo strumento che fornisce preziose informazioni basate sui dati per i team aziendali.<\/p>\n<p><strong>Vantaggi<\/strong>: fornisce preziose informazioni e dashboard per i team su metriche e obiettivi. \u00c8 un ottimo modo per visualizzare vari aspetti dei nostri KPI per vedere se siamo sulla buona strada per raggiungere i nostri obiettivi.<\/p>\n<p><strong>Inconvenienti<\/strong>: un po &#8216;ingombrante quando si tenta di filtrare i grafici e non \u00e8 facile per i non amministratori creare un grafico rapido, ecc.<\/p>\n<p>&nbsp;<\/p>\n<p>&nbsp;<\/p>\n","protected":false},"excerpt":{"rendered":"<p>Chartio \u00e8 uno strumento di business intelligence potente ed efficiente che mira ad aiutare le aziende a dare un senso ai loro dati aziendali. Rapido da configurare e semplice da utilizzare, questo software consente agli utenti di esplorare ogni tipo di informazione in tempo reale. L&#8217;interfaccia drag-and-drop\u00a0consente di scrivere query per l&#8217;uso dell&#8217;utente oppure \u00e8 possibile anche scrivere e condividere query SQL.<\/p>\n","protected":false},"author":19,"featured_media":21462,"parent":32646,"menu_order":0,"comment_status":"open","ping_status":"closed","template":"g1_template_page_review_new.php","meta":{"_acf_changed":false,"cwp_meta_box_check":"Yes","cwp_rev_product_name":"","cwp_rev_product_image":"","wppr_links":[],"cwp_rev_price":"","wppr_options":[],"wppr_pros":[],"wppr_cons":[],"_monsterinsights_skip_tracking":false,"_monsterinsights_sitenote_active":false,"_monsterinsights_sitenote_note":"","_monsterinsights_sitenote_category":0,"footnotes":""},"categories":[1555],"tags":[1621,1561,1564,1625,1560,1557,1558],"features":[],"class_list":{"0":"post-21460","1":"page","2":"type-page","3":"status-publish","4":"has-post-thumbnail","6":"category-business-intelligence-it","7":"tag-analisi-dati","8":"tag-bi","9":"tag-business-intelligence-software","10":"tag-chartio","11":"tag-piattaforma-business-intelligence","12":"tag-programma-business-intelligence","13":"tag-soluzione-business-intelligence"},"wppr_data":{"cwp_meta_box_check":"Yes","cwp_rev_product_name":"","cwp_rev_product_image":"","cwp_image_link":"image","cwp_rev_price":"","wppr_rating":"0.00"},"acf":[],"yoast_head":"<!-- This site is optimized with the Yoast SEO plugin v27.4 - https:\/\/yoast.com\/product\/yoast-seo-wordpress\/ -->\n<title>Chartio: recensione software Business Intelligence - Accurate Reviews<\/title>\n<meta name=\"description\" content=\"Chartio: recensione strumento di business intelligence potente ed efficiente che mira ad aiutare le aziende a dare un senso ai loro dati aziendali.\" \/>\n<meta name=\"robots\" content=\"index, follow, max-snippet:-1, max-image-preview:large, max-video-preview:-1\" \/>\n<link rel=\"canonical\" href=\"https:\/\/www.accuratereviews.com\/it\/business-intelligence\/chartio-recensione\/\" \/>\n<meta property=\"og:locale\" content=\"it_IT\" \/>\n<meta property=\"og:type\" content=\"article\" \/>\n<meta property=\"og:title\" content=\"Chartio: recensione software Business Intelligence - Accurate Reviews\" \/>\n<meta property=\"og:description\" content=\"Chartio: recensione strumento di business intelligence potente ed efficiente che mira ad aiutare le aziende a dare un senso ai loro dati aziendali.\" \/>\n<meta property=\"og:url\" content=\"https:\/\/www.accuratereviews.com\/it\/business-intelligence\/chartio-recensione\/\" \/>\n<meta property=\"og:site_name\" content=\"Accurate Reviews\" \/>\n<meta property=\"article:modified_time\" content=\"2021-05-18T14:17:38+00:00\" \/>\n<meta property=\"og:image\" content=\"https:\/\/www.accuratereviews.com\/wp-content\/uploads\/2019\/12\/chartio.png\" \/>\n\t<meta property=\"og:image:width\" content=\"2000\" \/>\n\t<meta property=\"og:image:height\" content=\"682\" \/>\n\t<meta property=\"og:image:type\" content=\"image\/png\" \/>\n<meta name=\"twitter:card\" content=\"summary_large_image\" \/>\n<meta name=\"twitter:label1\" content=\"Tempo di lettura stimato\" \/>\n\t<meta name=\"twitter:data1\" content=\"3 minuti\" \/>\n<script type=\"application\/ld+json\" class=\"yoast-schema-graph\">{\"@context\":\"https:\\\/\\\/schema.org\",\"@graph\":[{\"@type\":\"WebPage\",\"@id\":\"https:\\\/\\\/www.accuratereviews.com\\\/it\\\/business-intelligence\\\/chartio-recensione\\\/\",\"url\":\"https:\\\/\\\/www.accuratereviews.com\\\/it\\\/business-intelligence\\\/chartio-recensione\\\/\",\"name\":\"Chartio: recensione software Business Intelligence - Accurate Reviews\",\"isPartOf\":{\"@id\":\"https:\\\/\\\/www.accuratereviews.com\\\/it\\\/#website\"},\"primaryImageOfPage\":{\"@id\":\"https:\\\/\\\/www.accuratereviews.com\\\/it\\\/business-intelligence\\\/chartio-recensione\\\/#primaryimage\"},\"image\":{\"@id\":\"https:\\\/\\\/www.accuratereviews.com\\\/it\\\/business-intelligence\\\/chartio-recensione\\\/#primaryimage\"},\"thumbnailUrl\":\"https:\\\/\\\/www.accuratereviews.com\\\/wp-content\\\/uploads\\\/2019\\\/12\\\/chartio.png\",\"datePublished\":\"2019-12-20T07:00:11+00:00\",\"dateModified\":\"2021-05-18T14:17:38+00:00\",\"description\":\"Chartio: recensione strumento di business intelligence potente ed efficiente che mira ad aiutare le aziende a dare un senso ai loro dati aziendali.\",\"breadcrumb\":{\"@id\":\"https:\\\/\\\/www.accuratereviews.com\\\/it\\\/business-intelligence\\\/chartio-recensione\\\/#breadcrumb\"},\"inLanguage\":\"it-IT\",\"potentialAction\":[{\"@type\":\"ReadAction\",\"target\":[\"https:\\\/\\\/www.accuratereviews.com\\\/it\\\/business-intelligence\\\/chartio-recensione\\\/\"]}]},{\"@type\":\"ImageObject\",\"inLanguage\":\"it-IT\",\"@id\":\"https:\\\/\\\/www.accuratereviews.com\\\/it\\\/business-intelligence\\\/chartio-recensione\\\/#primaryimage\",\"url\":\"https:\\\/\\\/www.accuratereviews.com\\\/wp-content\\\/uploads\\\/2019\\\/12\\\/chartio.png\",\"contentUrl\":\"https:\\\/\\\/www.accuratereviews.com\\\/wp-content\\\/uploads\\\/2019\\\/12\\\/chartio.png\",\"width\":2000,\"height\":682},{\"@type\":\"BreadcrumbList\",\"@id\":\"https:\\\/\\\/www.accuratereviews.com\\\/it\\\/business-intelligence\\\/chartio-recensione\\\/#breadcrumb\",\"itemListElement\":[{\"@type\":\"ListItem\",\"position\":1,\"name\":\"Home\",\"item\":\"https:\\\/\\\/www.accuratereviews.com\\\/it\\\/\"},{\"@type\":\"ListItem\",\"position\":2,\"name\":\"Business intelligence\",\"item\":\"https:\\\/\\\/www.accuratereviews.com\\\/it\\\/business-intelligence\\\/\"},{\"@type\":\"ListItem\",\"position\":3,\"name\":\"Chartio\"}]},{\"@type\":\"WebSite\",\"@id\":\"https:\\\/\\\/www.accuratereviews.com\\\/it\\\/#website\",\"url\":\"https:\\\/\\\/www.accuratereviews.com\\\/it\\\/\",\"name\":\"Accurate Reviews\",\"description\":\"\",\"potentialAction\":[{\"@type\":\"SearchAction\",\"target\":{\"@type\":\"EntryPoint\",\"urlTemplate\":\"https:\\\/\\\/www.accuratereviews.com\\\/it\\\/?s={search_term_string}\"},\"query-input\":{\"@type\":\"PropertyValueSpecification\",\"valueRequired\":true,\"valueName\":\"search_term_string\"}}],\"inLanguage\":\"it-IT\"}]}<\/script>\n<!-- \/ Yoast SEO plugin. -->","yoast_head_json":{"title":"Chartio: recensione software Business Intelligence - Accurate Reviews","description":"Chartio: recensione strumento di business intelligence potente ed efficiente che mira ad aiutare le aziende a dare un senso ai loro dati aziendali.","robots":{"index":"index","follow":"follow","max-snippet":"max-snippet:-1","max-image-preview":"max-image-preview:large","max-video-preview":"max-video-preview:-1"},"canonical":"https:\/\/www.accuratereviews.com\/it\/business-intelligence\/chartio-recensione\/","og_locale":"it_IT","og_type":"article","og_title":"Chartio: recensione software Business Intelligence - Accurate Reviews","og_description":"Chartio: recensione strumento di business intelligence potente ed efficiente che mira ad aiutare le aziende a dare un senso ai loro dati aziendali.","og_url":"https:\/\/www.accuratereviews.com\/it\/business-intelligence\/chartio-recensione\/","og_site_name":"Accurate Reviews","article_modified_time":"2021-05-18T14:17:38+00:00","og_image":[{"width":2000,"height":682,"url":"https:\/\/www.accuratereviews.com\/wp-content\/uploads\/2019\/12\/chartio.png","type":"image\/png"}],"twitter_card":"summary_large_image","twitter_misc":{"Tempo di lettura stimato":"3 minuti"},"schema":{"@context":"https:\/\/schema.org","@graph":[{"@type":"WebPage","@id":"https:\/\/www.accuratereviews.com\/it\/business-intelligence\/chartio-recensione\/","url":"https:\/\/www.accuratereviews.com\/it\/business-intelligence\/chartio-recensione\/","name":"Chartio: recensione software Business Intelligence - Accurate Reviews","isPartOf":{"@id":"https:\/\/www.accuratereviews.com\/it\/#website"},"primaryImageOfPage":{"@id":"https:\/\/www.accuratereviews.com\/it\/business-intelligence\/chartio-recensione\/#primaryimage"},"image":{"@id":"https:\/\/www.accuratereviews.com\/it\/business-intelligence\/chartio-recensione\/#primaryimage"},"thumbnailUrl":"https:\/\/www.accuratereviews.com\/wp-content\/uploads\/2019\/12\/chartio.png","datePublished":"2019-12-20T07:00:11+00:00","dateModified":"2021-05-18T14:17:38+00:00","description":"Chartio: recensione strumento di business intelligence potente ed efficiente che mira ad aiutare le aziende a dare un senso ai loro dati aziendali.","breadcrumb":{"@id":"https:\/\/www.accuratereviews.com\/it\/business-intelligence\/chartio-recensione\/#breadcrumb"},"inLanguage":"it-IT","potentialAction":[{"@type":"ReadAction","target":["https:\/\/www.accuratereviews.com\/it\/business-intelligence\/chartio-recensione\/"]}]},{"@type":"ImageObject","inLanguage":"it-IT","@id":"https:\/\/www.accuratereviews.com\/it\/business-intelligence\/chartio-recensione\/#primaryimage","url":"https:\/\/www.accuratereviews.com\/wp-content\/uploads\/2019\/12\/chartio.png","contentUrl":"https:\/\/www.accuratereviews.com\/wp-content\/uploads\/2019\/12\/chartio.png","width":2000,"height":682},{"@type":"BreadcrumbList","@id":"https:\/\/www.accuratereviews.com\/it\/business-intelligence\/chartio-recensione\/#breadcrumb","itemListElement":[{"@type":"ListItem","position":1,"name":"Home","item":"https:\/\/www.accuratereviews.com\/it\/"},{"@type":"ListItem","position":2,"name":"Business intelligence","item":"https:\/\/www.accuratereviews.com\/it\/business-intelligence\/"},{"@type":"ListItem","position":3,"name":"Chartio"}]},{"@type":"WebSite","@id":"https:\/\/www.accuratereviews.com\/it\/#website","url":"https:\/\/www.accuratereviews.com\/it\/","name":"Accurate Reviews","description":"","potentialAction":[{"@type":"SearchAction","target":{"@type":"EntryPoint","urlTemplate":"https:\/\/www.accuratereviews.com\/it\/?s={search_term_string}"},"query-input":{"@type":"PropertyValueSpecification","valueRequired":true,"valueName":"search_term_string"}}],"inLanguage":"it-IT"}]}},"_links":{"self":[{"href":"https:\/\/www.accuratereviews.com\/it\/wp-json\/wp\/v2\/pages\/21460","targetHints":{"allow":["GET"]}}],"collection":[{"href":"https:\/\/www.accuratereviews.com\/it\/wp-json\/wp\/v2\/pages"}],"about":[{"href":"https:\/\/www.accuratereviews.com\/it\/wp-json\/wp\/v2\/types\/page"}],"author":[{"embeddable":true,"href":"https:\/\/www.accuratereviews.com\/it\/wp-json\/wp\/v2\/users\/19"}],"replies":[{"embeddable":true,"href":"https:\/\/www.accuratereviews.com\/it\/wp-json\/wp\/v2\/comments?post=21460"}],"version-history":[{"count":8,"href":"https:\/\/www.accuratereviews.com\/it\/wp-json\/wp\/v2\/pages\/21460\/revisions"}],"predecessor-version":[{"id":42892,"href":"https:\/\/www.accuratereviews.com\/it\/wp-json\/wp\/v2\/pages\/21460\/revisions\/42892"}],"up":[{"embeddable":true,"href":"https:\/\/www.accuratereviews.com\/it\/wp-json\/wp\/v2\/pages\/32646"}],"wp:featuredmedia":[{"embeddable":true,"href":"https:\/\/www.accuratereviews.com\/it\/wp-json\/wp\/v2\/media\/21462"}],"wp:attachment":[{"href":"https:\/\/www.accuratereviews.com\/it\/wp-json\/wp\/v2\/media?parent=21460"}],"wp:term":[{"taxonomy":"category","embeddable":true,"href":"https:\/\/www.accuratereviews.com\/it\/wp-json\/wp\/v2\/categories?post=21460"},{"taxonomy":"post_tag","embeddable":true,"href":"https:\/\/www.accuratereviews.com\/it\/wp-json\/wp\/v2\/tags?post=21460"},{"taxonomy":"features","embeddable":true,"href":"https:\/\/www.accuratereviews.com\/it\/wp-json\/wp\/v2\/features?post=21460"}],"curies":[{"name":"wp","href":"https:\/\/api.w.org\/{rel}","templated":true}]}}