{"id":21495,"date":"2019-12-20T08:06:27","date_gmt":"2019-12-20T08:06:27","guid":{"rendered":"https:\/\/www.accuratereviews.com\/?page_id=21495"},"modified":"2021-05-14T15:27:12","modified_gmt":"2021-05-14T15:27:12","slug":"anodot-recensione","status":"publish","type":"page","link":"https:\/\/www.accuratereviews.com\/it\/business-intelligence\/anodot-recensione\/","title":{"rendered":"Anodot"},"content":{"rendered":"<p><strong>Anodot<\/strong> \u00e8 un <strong>software di business intelligence<\/strong> che illumina i punti ciechi dei dati con l&#8217;analitica AI cos\u00ec da non avere perdite di entrate o incidenti che danneggino il marchio. Nel caso di eventuali <strong>problemi e anomalie<\/strong>, sarai prontamente avvisato in tempo reale grazie agli algoritmi di apprendimento automatico che monitorano e analizzano costantemente tutti i dati aziendali. Al problema viene assegnata una potenziale causa e ne vengono definiti i fattori rilevanti. Le <strong>anomalie multiple<\/strong> sono raggruppate e correlate in base alla progettazione per fornire informazioni utili senza creare tempeste di allerta.<br \/>\nFornisce anche una suite affidabile di infinite combinazioni di visualizzazione delle metriche. Puoi creare facilmente anche grafici, che possono essere visualizzati come linee, aree, colonne. Grazie a questo<strong> strumento di business intelligence<\/strong>, potrai risolvere i problemi urgenti pi\u00f9 velocemente e cogliere le opportunit\u00e0 prima.<\/p>\n<h2>COME UTILIZZARE ANODOT &#8211; TUTORIAL<\/h2>\n<p>Diamo uno sguardo a questo video per comprendere come funziona Anodot:<\/p>\n<div id=\"fluid-wrapper-counter-1\" class=\"g1-fluid-wrapper \" style=\"width:686px;\"><div style=\"padding-bottom:56.268221574344%;\"><iframe loading=\"lazy\" title=\"Quick Tour of the Anodot App\" width=\"686\" height=\"386\" src=\"https:\/\/www.youtube.com\/embed\/E8nM_2e6m80?feature=oembed&amp;wmode=transparent&amp;autohide=1&amp;autoplay=0&amp;disablekb=0&amp;fs=1&amp;loop=0&amp;enablejsapi=1&amp;rel=0&amp;controls=2&amp;showinfo=0&amp;wmode=transparent&amp;autohide=2&amp;autoplay=0&amp;disablekb=0&amp;fs=1&amp;loop=0&amp;enablejsapi=1&amp;rel=0&amp;controls=2&amp;showinfo=1\" frameborder=\"0\" allow=\"accelerometer; autoplay; encrypted-media; gyroscope; picture-in-picture\" allowfullscreen><\/iframe><\/div><\/div>\n<h3>ANODOT &#8211; CARATTERISTICHE<\/h3>\n<p>Di seguito elenchiamo le sue principali caratteristiche:<\/p>\n<ul>\n<li>Analisi in tempo reale<\/li>\n<li>Modellazione e simulazione<\/li>\n<li>Estrazione dei dati<\/li>\n<li>Gestione delle risorse<\/li>\n<li>Elaborazione ad alto volume<\/li>\n<li>Intelligenza artificiale<\/li>\n<li>Miscelazione dei dati<\/li>\n<li>Avvisi<\/li>\n<li>Report ad hoc<\/li>\n<li>Algoritmi di machine learning<\/li>\n<\/ul>\n<h3>LE RECENSIONI DEGLI UTENTI<\/h3>\n<ul>\n<li><strong>&#8220;Strumento perfetto per rilevare anomalie nei tuoi KPI&#8221;<\/strong><br \/>\nPRO: &#8211; meccanismo di allerta affidabile e di alta qualit\u00e0 con supporto di canali multipli come email, slack, webhook, &#8230;<br \/>\n&#8211; riduce il tempo impiegato per la revisione manuale degli indicatori KPI<br \/>\n&#8211; dashboard davvero reattiva<br \/>\n&#8211; veloce e facile da esplorare i tuoi dati<br \/>\nCONTRO: A volte \u00e8 difficile trovare un equilibrio tra livello di granularit\u00e0 dei dati e impostazione degli avvisi, il che significa dati pi\u00f9 dettagliati pi\u00f9 avvisi d&#8217;altra parte con meno dettagli, quindi potresti perdere qualcosa.<\/li>\n<li><strong>&#8220;Un ottimo strumento per l&#8217;analisi aziendale in un mondo di big data&#8221;<\/strong><br \/>\nIN GENERALE: Anodot \u00e8 uno strumento straordinario quando si tratta di scricchiolare molti numeri, trovando anomalie che nessun team di BI \u00e8 in grado di eliminare. Stiamo usando Anodot per l&#8217;intero processo. Affari, IT e ricerca e sviluppo.<br \/>\nPRO: Fa il lavoro per me. Devo solo raccogliere i dati, ma generano il valore.<br \/>\nCONTRO: l&#8217;interfaccia utente \u00e8 un po&#8217; complessa. Ci vuole tempo per dominarla.<\/li>\n<li><strong>&#8220;Ottimo software e servizio clienti ancora migliore per qualsiasi esigenza e domanda.&#8221;<\/strong><br \/>\nIN GENERALE: sono stato in grado di comprendere il nostro software meglio e pi\u00f9 in profondit\u00e0.<br \/>\nVisualizza e analizza i problemi in tempo reale.<br \/>\nPRO: &#8211; Lavorare con l&#8217;assistenza clienti e in particolare con il dipartimento Customer Success.<br \/>\n&#8211; Rilevazione di anomalie<br \/>\n&#8211; L&#8217;opzione di gruppo<br \/>\n&#8211; Aiuta ad imparare e comprendere il nostro software in modo pi\u00f9 profondo.<br \/>\nCONTRO: &#8211; Il software ha una limitazione nel raggruppamento di una grande quantit\u00e0 di dati.<br \/>\n&#8211; L&#8217;eliminazione di dati non pertinenti deve passare all&#8217;assistenza.<\/li>\n<\/ul>\n","protected":false},"excerpt":{"rendered":"<p>Anodot \u00e8 un software di business intelligence che illumina i punti ciechi dei dati con l&#8217;analitica AI cos\u00ec da non avere perdite di entrate o incidenti che danneggino il marchio. Nel caso di eventuali problemi e anomalie, sarai prontamente avvisato in tempo reale grazie agli algoritmi di apprendimento automatico che monitorano e analizzano costantemente tutti i dati aziendali.<\/p>\n","protected":false},"author":17,"featured_media":21496,"parent":32646,"menu_order":0,"comment_status":"open","ping_status":"closed","template":"g1_template_page_review_new.php","meta":{"_acf_changed":false,"cwp_meta_box_check":"Yes","cwp_rev_product_name":"","cwp_rev_product_image":"","wppr_links":[],"cwp_rev_price":"","wppr_options":[],"wppr_pros":[],"wppr_cons":[],"_monsterinsights_skip_tracking":false,"_monsterinsights_sitenote_active":false,"_monsterinsights_sitenote_note":"","_monsterinsights_sitenote_category":0,"footnotes":""},"categories":[1555],"tags":[1565,1560,1557,1558],"features":[],"class_list":{"0":"post-21495","1":"page","2":"type-page","3":"status-publish","4":"has-post-thumbnail","6":"category-business-intelligence-it","7":"tag-business-intelligence","8":"tag-piattaforma-business-intelligence","9":"tag-programma-business-intelligence","10":"tag-soluzione-business-intelligence"},"wppr_data":{"cwp_meta_box_check":"Yes","cwp_rev_product_name":"","cwp_rev_product_image":"","cwp_image_link":"image","cwp_rev_price":"","wppr_rating":"0.00"},"acf":[],"yoast_head":"<!-- This site is optimized with the Yoast SEO plugin v27.4 - https:\/\/yoast.com\/product\/yoast-seo-wordpress\/ -->\n<title>Anodot: recensione business intelligence software - Accurate Reviews<\/title>\n<meta name=\"description\" content=\"Anodot: recensione del software di business intelligence che illumina i punti ciechi dei dati con l&#039;analitica AI e risolve eventuali problemi e anomalie.\" \/>\n<meta name=\"robots\" content=\"index, follow, max-snippet:-1, max-image-preview:large, max-video-preview:-1\" \/>\n<link rel=\"canonical\" href=\"https:\/\/www.accuratereviews.com\/it\/business-intelligence\/anodot-recensione\/\" \/>\n<meta property=\"og:locale\" content=\"it_IT\" \/>\n<meta property=\"og:type\" content=\"article\" \/>\n<meta property=\"og:title\" content=\"Anodot: recensione business intelligence software - Accurate Reviews\" \/>\n<meta property=\"og:description\" content=\"Anodot: recensione del software di business intelligence che illumina i punti ciechi dei dati con l&#039;analitica AI e risolve eventuali problemi e anomalie.\" \/>\n<meta property=\"og:url\" content=\"https:\/\/www.accuratereviews.com\/it\/business-intelligence\/anodot-recensione\/\" \/>\n<meta property=\"og:site_name\" content=\"Accurate Reviews\" \/>\n<meta property=\"article:modified_time\" content=\"2021-05-14T15:27:12+00:00\" \/>\n<meta property=\"og:image\" content=\"https:\/\/www.accuratereviews.com\/wp-content\/uploads\/2019\/12\/picture.png\" \/>\n\t<meta property=\"og:image:width\" content=\"400\" \/>\n\t<meta property=\"og:image:height\" content=\"400\" \/>\n\t<meta property=\"og:image:type\" content=\"image\/png\" \/>\n<meta name=\"twitter:card\" content=\"summary_large_image\" \/>\n<meta name=\"twitter:label1\" content=\"Tempo di lettura stimato\" \/>\n\t<meta name=\"twitter:data1\" content=\"2 minuti\" \/>\n<script type=\"application\/ld+json\" class=\"yoast-schema-graph\">{\"@context\":\"https:\\\/\\\/schema.org\",\"@graph\":[{\"@type\":\"WebPage\",\"@id\":\"https:\\\/\\\/www.accuratereviews.com\\\/it\\\/business-intelligence\\\/anodot-recensione\\\/\",\"url\":\"https:\\\/\\\/www.accuratereviews.com\\\/it\\\/business-intelligence\\\/anodot-recensione\\\/\",\"name\":\"Anodot: recensione business intelligence software - Accurate Reviews\",\"isPartOf\":{\"@id\":\"https:\\\/\\\/www.accuratereviews.com\\\/it\\\/#website\"},\"primaryImageOfPage\":{\"@id\":\"https:\\\/\\\/www.accuratereviews.com\\\/it\\\/business-intelligence\\\/anodot-recensione\\\/#primaryimage\"},\"image\":{\"@id\":\"https:\\\/\\\/www.accuratereviews.com\\\/it\\\/business-intelligence\\\/anodot-recensione\\\/#primaryimage\"},\"thumbnailUrl\":\"https:\\\/\\\/www.accuratereviews.com\\\/wp-content\\\/uploads\\\/2019\\\/12\\\/picture.png\",\"datePublished\":\"2019-12-20T08:06:27+00:00\",\"dateModified\":\"2021-05-14T15:27:12+00:00\",\"description\":\"Anodot: recensione del software di business intelligence che illumina i punti ciechi dei dati con l'analitica AI e risolve eventuali problemi e anomalie.\",\"breadcrumb\":{\"@id\":\"https:\\\/\\\/www.accuratereviews.com\\\/it\\\/business-intelligence\\\/anodot-recensione\\\/#breadcrumb\"},\"inLanguage\":\"it-IT\",\"potentialAction\":[{\"@type\":\"ReadAction\",\"target\":[\"https:\\\/\\\/www.accuratereviews.com\\\/it\\\/business-intelligence\\\/anodot-recensione\\\/\"]}]},{\"@type\":\"ImageObject\",\"inLanguage\":\"it-IT\",\"@id\":\"https:\\\/\\\/www.accuratereviews.com\\\/it\\\/business-intelligence\\\/anodot-recensione\\\/#primaryimage\",\"url\":\"https:\\\/\\\/www.accuratereviews.com\\\/wp-content\\\/uploads\\\/2019\\\/12\\\/picture.png\",\"contentUrl\":\"https:\\\/\\\/www.accuratereviews.com\\\/wp-content\\\/uploads\\\/2019\\\/12\\\/picture.png\",\"width\":400,\"height\":400},{\"@type\":\"BreadcrumbList\",\"@id\":\"https:\\\/\\\/www.accuratereviews.com\\\/it\\\/business-intelligence\\\/anodot-recensione\\\/#breadcrumb\",\"itemListElement\":[{\"@type\":\"ListItem\",\"position\":1,\"name\":\"Home\",\"item\":\"https:\\\/\\\/www.accuratereviews.com\\\/it\\\/\"},{\"@type\":\"ListItem\",\"position\":2,\"name\":\"Business intelligence\",\"item\":\"https:\\\/\\\/www.accuratereviews.com\\\/it\\\/business-intelligence\\\/\"},{\"@type\":\"ListItem\",\"position\":3,\"name\":\"Anodot\"}]},{\"@type\":\"WebSite\",\"@id\":\"https:\\\/\\\/www.accuratereviews.com\\\/it\\\/#website\",\"url\":\"https:\\\/\\\/www.accuratereviews.com\\\/it\\\/\",\"name\":\"Accurate Reviews\",\"description\":\"\",\"potentialAction\":[{\"@type\":\"SearchAction\",\"target\":{\"@type\":\"EntryPoint\",\"urlTemplate\":\"https:\\\/\\\/www.accuratereviews.com\\\/it\\\/?s={search_term_string}\"},\"query-input\":{\"@type\":\"PropertyValueSpecification\",\"valueRequired\":true,\"valueName\":\"search_term_string\"}}],\"inLanguage\":\"it-IT\"}]}<\/script>\n<!-- \/ Yoast SEO plugin. -->","yoast_head_json":{"title":"Anodot: recensione business intelligence software - Accurate Reviews","description":"Anodot: recensione del software di business intelligence che illumina i punti ciechi dei dati con l'analitica AI e risolve eventuali problemi e anomalie.","robots":{"index":"index","follow":"follow","max-snippet":"max-snippet:-1","max-image-preview":"max-image-preview:large","max-video-preview":"max-video-preview:-1"},"canonical":"https:\/\/www.accuratereviews.com\/it\/business-intelligence\/anodot-recensione\/","og_locale":"it_IT","og_type":"article","og_title":"Anodot: recensione business intelligence software - Accurate Reviews","og_description":"Anodot: recensione del software di business intelligence che illumina i punti ciechi dei dati con l'analitica AI e risolve eventuali problemi e anomalie.","og_url":"https:\/\/www.accuratereviews.com\/it\/business-intelligence\/anodot-recensione\/","og_site_name":"Accurate Reviews","article_modified_time":"2021-05-14T15:27:12+00:00","og_image":[{"width":400,"height":400,"url":"https:\/\/www.accuratereviews.com\/wp-content\/uploads\/2019\/12\/picture.png","type":"image\/png"}],"twitter_card":"summary_large_image","twitter_misc":{"Tempo di lettura stimato":"2 minuti"},"schema":{"@context":"https:\/\/schema.org","@graph":[{"@type":"WebPage","@id":"https:\/\/www.accuratereviews.com\/it\/business-intelligence\/anodot-recensione\/","url":"https:\/\/www.accuratereviews.com\/it\/business-intelligence\/anodot-recensione\/","name":"Anodot: recensione business intelligence software - Accurate Reviews","isPartOf":{"@id":"https:\/\/www.accuratereviews.com\/it\/#website"},"primaryImageOfPage":{"@id":"https:\/\/www.accuratereviews.com\/it\/business-intelligence\/anodot-recensione\/#primaryimage"},"image":{"@id":"https:\/\/www.accuratereviews.com\/it\/business-intelligence\/anodot-recensione\/#primaryimage"},"thumbnailUrl":"https:\/\/www.accuratereviews.com\/wp-content\/uploads\/2019\/12\/picture.png","datePublished":"2019-12-20T08:06:27+00:00","dateModified":"2021-05-14T15:27:12+00:00","description":"Anodot: recensione del software di business intelligence che illumina i punti ciechi dei dati con l'analitica AI e risolve eventuali problemi e anomalie.","breadcrumb":{"@id":"https:\/\/www.accuratereviews.com\/it\/business-intelligence\/anodot-recensione\/#breadcrumb"},"inLanguage":"it-IT","potentialAction":[{"@type":"ReadAction","target":["https:\/\/www.accuratereviews.com\/it\/business-intelligence\/anodot-recensione\/"]}]},{"@type":"ImageObject","inLanguage":"it-IT","@id":"https:\/\/www.accuratereviews.com\/it\/business-intelligence\/anodot-recensione\/#primaryimage","url":"https:\/\/www.accuratereviews.com\/wp-content\/uploads\/2019\/12\/picture.png","contentUrl":"https:\/\/www.accuratereviews.com\/wp-content\/uploads\/2019\/12\/picture.png","width":400,"height":400},{"@type":"BreadcrumbList","@id":"https:\/\/www.accuratereviews.com\/it\/business-intelligence\/anodot-recensione\/#breadcrumb","itemListElement":[{"@type":"ListItem","position":1,"name":"Home","item":"https:\/\/www.accuratereviews.com\/it\/"},{"@type":"ListItem","position":2,"name":"Business intelligence","item":"https:\/\/www.accuratereviews.com\/it\/business-intelligence\/"},{"@type":"ListItem","position":3,"name":"Anodot"}]},{"@type":"WebSite","@id":"https:\/\/www.accuratereviews.com\/it\/#website","url":"https:\/\/www.accuratereviews.com\/it\/","name":"Accurate Reviews","description":"","potentialAction":[{"@type":"SearchAction","target":{"@type":"EntryPoint","urlTemplate":"https:\/\/www.accuratereviews.com\/it\/?s={search_term_string}"},"query-input":{"@type":"PropertyValueSpecification","valueRequired":true,"valueName":"search_term_string"}}],"inLanguage":"it-IT"}]}},"_links":{"self":[{"href":"https:\/\/www.accuratereviews.com\/it\/wp-json\/wp\/v2\/pages\/21495","targetHints":{"allow":["GET"]}}],"collection":[{"href":"https:\/\/www.accuratereviews.com\/it\/wp-json\/wp\/v2\/pages"}],"about":[{"href":"https:\/\/www.accuratereviews.com\/it\/wp-json\/wp\/v2\/types\/page"}],"author":[{"embeddable":true,"href":"https:\/\/www.accuratereviews.com\/it\/wp-json\/wp\/v2\/users\/17"}],"replies":[{"embeddable":true,"href":"https:\/\/www.accuratereviews.com\/it\/wp-json\/wp\/v2\/comments?post=21495"}],"version-history":[{"count":5,"href":"https:\/\/www.accuratereviews.com\/it\/wp-json\/wp\/v2\/pages\/21495\/revisions"}],"predecessor-version":[{"id":42727,"href":"https:\/\/www.accuratereviews.com\/it\/wp-json\/wp\/v2\/pages\/21495\/revisions\/42727"}],"up":[{"embeddable":true,"href":"https:\/\/www.accuratereviews.com\/it\/wp-json\/wp\/v2\/pages\/32646"}],"wp:featuredmedia":[{"embeddable":true,"href":"https:\/\/www.accuratereviews.com\/it\/wp-json\/wp\/v2\/media\/21496"}],"wp:attachment":[{"href":"https:\/\/www.accuratereviews.com\/it\/wp-json\/wp\/v2\/media?parent=21495"}],"wp:term":[{"taxonomy":"category","embeddable":true,"href":"https:\/\/www.accuratereviews.com\/it\/wp-json\/wp\/v2\/categories?post=21495"},{"taxonomy":"post_tag","embeddable":true,"href":"https:\/\/www.accuratereviews.com\/it\/wp-json\/wp\/v2\/tags?post=21495"},{"taxonomy":"features","embeddable":true,"href":"https:\/\/www.accuratereviews.com\/it\/wp-json\/wp\/v2\/features?post=21495"}],"curies":[{"name":"wp","href":"https:\/\/api.w.org\/{rel}","templated":true}]}}