{"id":21525,"date":"2019-12-20T14:38:54","date_gmt":"2019-12-20T14:38:54","guid":{"rendered":"https:\/\/www.accuratereviews.com\/?page_id=21525"},"modified":"2021-04-28T14:29:28","modified_gmt":"2021-04-28T14:29:28","slug":"filmorapro-recensione","status":"publish","type":"page","link":"https:\/\/www.accuratereviews.com\/it\/video-editing-lista-software\/filmorapro-recensione\/","title":{"rendered":"FilmoraPro"},"content":{"rendered":"<p>Il cambiamento \u00e8 difficile. Nessuno a scuola di cinema ti prepara abbastanza per le cinque ore di taglio che ogni scena richiede. Mettere insieme il filmato richiede tempo, \u00e8 ripetitivo e richiede un certo occhio per fare correttamente. Anche se non possiamo fare nulla per darti il dono del genio dell&#8217;editing, possiamo raccomandare <a href=\"https:\/\/filmora.wondershare.com\/filmorapro-video-editor\/\" target=\"_blank\" rel=\"noopener noreferrer\">FilmoraPro<\/a> come strumento per rendere molto pi\u00f9 facile l&#8217;intero processo di editing dei filmati.<\/p>\n<h2>COME USARE FILMORAPRO &#8211; TUTORIAL<\/h2>\n<p>Diamo un&#8217;occhiata a questo tutorial video per capire come usare questo software:<\/p>\n<div id=\"fluid-wrapper-counter-1\" class=\"g1-fluid-wrapper \" style=\"width:686px;\">\n<div style=\"padding-bottom:56.268221574344%;\"><iframe loading=\"lazy\" title=\"Getting Started with FilmoraPro | Key Features &amp; Timeline Tools\" width=\"686\" height=\"386\" src=\"https:\/\/www.youtube.com\/embed\/Ygw5gDMeW9k?feature=oembed&amp;wmode=transparent&amp;autohide=1&amp;autoplay=0&amp;disablekb=0&amp;fs=1&amp;loop=0&amp;enablejsapi=1&amp;rel=0&amp;controls=2&amp;showinfo=0&amp;wmode=transparent&amp;autohide=2&amp;autoplay=0&amp;disablekb=0&amp;fs=1&amp;loop=0&amp;enablejsapi=1&amp;rel=0&amp;controls=2&amp;showinfo=1\" frameborder=\"0\" allow=\"accelerometer; autoplay; encrypted-media; gyroscope; picture-in-picture\" allowfullscreen><\/iframe><\/div>\n<\/div>\n<h2>I filmaker sentono il costo del vecchio software di editing<\/h2>\n<p>Nessuno sente il costo effettivo del software scadente pi\u00f9 di uno studente di cinema con una scadenza di mezzogiorno e tre scene ancora da tagliare. Gli editori di tutto il mondo conoscono il dolore dei grandi marchi nel montaggio cinematografico. Final Cut \u00e8 il primo che mi viene in mente, ma ce ne sono centinaia tra cui scegliere. Molti hanno le stesse cose in comune: sono molto complessi e hanno cartellini dei prezzi che corrispondono.<\/p>\n<h2>Che ne dici di lavorare con FilmoraPro?<\/h2>\n<p>La prima cosa che i produttori di FilmoraPro hanno fatto bene \u00e8 stata la quantit\u00e0 di tempo che questo programma pu\u00f2 farti risparmiare. I progettisti sono arrivati al punto di mettere tutte le finestre che ti aspetteresti di essere a posto sulla loro interfaccia.<\/p>\n<p>Hanno il pannello di produzione al centro, la finestra di visualizzazione in alto a destra, la sequenza temporale in basso e i tuoi file in alto a sinistra, esattamente come ti aspetteresti di trovarlo in programmi con nomi pi\u00f9 grandi. Ci\u00f2 consente di risparmiare tempo a familiarizzare con un sistema completamente nuovo. Un tocco di classe \u00e8 che puoi personalizzare il colore, le dimensioni, la forma, qualunque cosa tu voglia.<\/p>\n<p>Quali altre funzionalit\u00e0 offre\u00a0<a href=\"https:\/\/filmora.wondershare.com\/filmorapro-video-editor\/\">FilmoraPro<\/a>?<\/p>\n<h2>Caratteristiche del software di modifica FilmoraPro<\/h2>\n<p>Alcune delle altre funzionalit\u00e0 di <strong>FilmoraPro<\/strong> includono:<\/p>\n<ul>\n<li>Tracce illimitate con un sistema organizzato in modo decente che ti consente di chiamare e riunire tutti i diversi tipi di file in un unico video.<\/li>\n<li>Modifica audio che non hanno altre suite di software di editing cinematografico. Non \u00e8 abbastanza suono da studio ma \u00e8 lass\u00f9.<\/li>\n<li>Gestione e supervisione del flusso di lavoro, il tutto da un&#8217;interfaccia utente di facile accesso che la maggior parte trover\u00e0 familiare.<\/li>\n<li>\u00c8 possibile aggiungere una gamma di effetti speciali per aumentare l&#8217;esperienza visiva in post-produzione.<\/li>\n<li>Regolazione di film e audio, inclusi colore, contrasto, luminosit\u00e0, tutti i soliti sospetti.<\/li>\n<li>Un&#8217;opzione per l&#8217;acquisto unico, a vita. I prezzi sono paragonabili all&#8217;investimento dell&#8217;anno e sono ancora molto pi\u00f9 bassi del concorrente pi\u00f9 vicino. FilmoraPro offre software di editing professionale con una fascia di prezzo accessibile.<\/li>\n<\/ul>\n","protected":false},"excerpt":{"rendered":"<p>Il cambiamento \u00e8 difficile. Nessuno a scuola di cinema ti prepara abbastanza per le cinque ore di taglio che ogni scena richiede. Mettere insieme il filmato richiede tempo, \u00e8 ripetitivo e richiede un certo occhio per fare correttamente. Anche se non possiamo fare nulla per darti il dono del genio dell&#8217;editing, possiamo raccomandare FilmoraPro come strumento per rendere molto pi\u00f9 facile l&#8217;intero processo di editing dei filmati.<\/p>\n","protected":false},"author":17,"featured_media":21520,"parent":7571,"menu_order":0,"comment_status":"open","ping_status":"closed","template":"g1_template_page_review_new.php","meta":{"_acf_changed":false,"cwp_meta_box_check":"Yes","cwp_rev_product_name":"","cwp_rev_product_image":"","wppr_links":[],"cwp_rev_price":"","wppr_options":[],"wppr_pros":[],"wppr_cons":[],"_monsterinsights_skip_tracking":false,"_monsterinsights_sitenote_active":false,"_monsterinsights_sitenote_note":"","_monsterinsights_sitenote_category":0,"footnotes":""},"categories":[169],"tags":[225,1627,1628,202,831,1629],"features":[],"class_list":{"0":"post-21525","1":"page","2":"type-page","3":"status-publish","4":"has-post-thumbnail","6":"category-video-editing-software-it","7":"tag-editing-video","8":"tag-editing-video-2-it","9":"tag-filmora-it","10":"tag-video-editing","11":"tag-video-editing-2-it","12":"tag-video-editing-software-it"},"wppr_data":{"cwp_meta_box_check":"Yes","cwp_rev_product_name":"","cwp_rev_product_image":"","cwp_image_link":"image","cwp_rev_price":"","wppr_rating":"0.00"},"acf":[],"yoast_head":"<!-- This site is optimized with the Yoast SEO plugin v27.4 - https:\/\/yoast.com\/product\/yoast-seo-wordpress\/ -->\n<title>FilmoraPro: recensione software di video editing - Accurate Reviews<\/title>\n<meta name=\"description\" content=\"FilmoraPro: recensione del software di video editing semplice da usare e disponibile per i principali sistemi operativi (Windows e Mac).\" \/>\n<meta name=\"robots\" content=\"index, follow, max-snippet:-1, max-image-preview:large, max-video-preview:-1\" \/>\n<link rel=\"canonical\" href=\"https:\/\/www.accuratereviews.com\/it\/video-editing-lista-software\/filmorapro-recensione\/\" \/>\n<meta property=\"og:locale\" content=\"it_IT\" \/>\n<meta property=\"og:type\" content=\"article\" \/>\n<meta property=\"og:title\" content=\"FilmoraPro: recensione software di video editing - Accurate Reviews\" \/>\n<meta property=\"og:description\" content=\"FilmoraPro: recensione del software di video editing semplice da usare e disponibile per i principali sistemi operativi (Windows e Mac).\" \/>\n<meta property=\"og:url\" content=\"https:\/\/www.accuratereviews.com\/it\/video-editing-lista-software\/filmorapro-recensione\/\" \/>\n<meta property=\"og:site_name\" content=\"Accurate Reviews\" \/>\n<meta property=\"article:modified_time\" content=\"2021-04-28T14:29:28+00:00\" \/>\n<meta property=\"og:image\" content=\"https:\/\/www.accuratereviews.com\/wp-content\/uploads\/2019\/12\/vertical_for-white-background.png\" \/>\n\t<meta property=\"og:image:width\" content=\"605\" \/>\n\t<meta property=\"og:image:height\" content=\"408\" \/>\n\t<meta property=\"og:image:type\" content=\"image\/png\" \/>\n<meta name=\"twitter:card\" content=\"summary_large_image\" \/>\n<meta name=\"twitter:label1\" content=\"Tempo di lettura stimato\" \/>\n\t<meta name=\"twitter:data1\" content=\"2 minuti\" \/>\n<script type=\"application\/ld+json\" class=\"yoast-schema-graph\">{\"@context\":\"https:\\\/\\\/schema.org\",\"@graph\":[{\"@type\":\"WebPage\",\"@id\":\"https:\\\/\\\/www.accuratereviews.com\\\/it\\\/video-editing-lista-software\\\/filmorapro-recensione\\\/\",\"url\":\"https:\\\/\\\/www.accuratereviews.com\\\/it\\\/video-editing-lista-software\\\/filmorapro-recensione\\\/\",\"name\":\"FilmoraPro: recensione software di video editing - Accurate Reviews\",\"isPartOf\":{\"@id\":\"https:\\\/\\\/www.accuratereviews.com\\\/it\\\/#website\"},\"primaryImageOfPage\":{\"@id\":\"https:\\\/\\\/www.accuratereviews.com\\\/it\\\/video-editing-lista-software\\\/filmorapro-recensione\\\/#primaryimage\"},\"image\":{\"@id\":\"https:\\\/\\\/www.accuratereviews.com\\\/it\\\/video-editing-lista-software\\\/filmorapro-recensione\\\/#primaryimage\"},\"thumbnailUrl\":\"https:\\\/\\\/www.accuratereviews.com\\\/wp-content\\\/uploads\\\/2019\\\/12\\\/vertical_for-white-background.png\",\"datePublished\":\"2019-12-20T14:38:54+00:00\",\"dateModified\":\"2021-04-28T14:29:28+00:00\",\"description\":\"FilmoraPro: recensione del software di video editing semplice da usare e disponibile per i principali sistemi operativi (Windows e Mac).\",\"breadcrumb\":{\"@id\":\"https:\\\/\\\/www.accuratereviews.com\\\/it\\\/video-editing-lista-software\\\/filmorapro-recensione\\\/#breadcrumb\"},\"inLanguage\":\"it-IT\",\"potentialAction\":[{\"@type\":\"ReadAction\",\"target\":[\"https:\\\/\\\/www.accuratereviews.com\\\/it\\\/video-editing-lista-software\\\/filmorapro-recensione\\\/\"]}]},{\"@type\":\"ImageObject\",\"inLanguage\":\"it-IT\",\"@id\":\"https:\\\/\\\/www.accuratereviews.com\\\/it\\\/video-editing-lista-software\\\/filmorapro-recensione\\\/#primaryimage\",\"url\":\"https:\\\/\\\/www.accuratereviews.com\\\/wp-content\\\/uploads\\\/2019\\\/12\\\/vertical_for-white-background.png\",\"contentUrl\":\"https:\\\/\\\/www.accuratereviews.com\\\/wp-content\\\/uploads\\\/2019\\\/12\\\/vertical_for-white-background.png\",\"width\":605,\"height\":408},{\"@type\":\"BreadcrumbList\",\"@id\":\"https:\\\/\\\/www.accuratereviews.com\\\/it\\\/video-editing-lista-software\\\/filmorapro-recensione\\\/#breadcrumb\",\"itemListElement\":[{\"@type\":\"ListItem\",\"position\":1,\"name\":\"Home\",\"item\":\"https:\\\/\\\/www.accuratereviews.com\\\/it\\\/\"},{\"@type\":\"ListItem\",\"position\":2,\"name\":\"Software per il video editing\",\"item\":\"https:\\\/\\\/www.accuratereviews.com\\\/it\\\/video-editing-lista-software\\\/\"},{\"@type\":\"ListItem\",\"position\":3,\"name\":\"FilmoraPro\"}]},{\"@type\":\"WebSite\",\"@id\":\"https:\\\/\\\/www.accuratereviews.com\\\/it\\\/#website\",\"url\":\"https:\\\/\\\/www.accuratereviews.com\\\/it\\\/\",\"name\":\"Accurate Reviews\",\"description\":\"\",\"potentialAction\":[{\"@type\":\"SearchAction\",\"target\":{\"@type\":\"EntryPoint\",\"urlTemplate\":\"https:\\\/\\\/www.accuratereviews.com\\\/it\\\/?s={search_term_string}\"},\"query-input\":{\"@type\":\"PropertyValueSpecification\",\"valueRequired\":true,\"valueName\":\"search_term_string\"}}],\"inLanguage\":\"it-IT\"}]}<\/script>\n<!-- \/ Yoast SEO plugin. -->","yoast_head_json":{"title":"FilmoraPro: recensione software di video editing - Accurate Reviews","description":"FilmoraPro: recensione del software di video editing semplice da usare e disponibile per i principali sistemi operativi (Windows e Mac).","robots":{"index":"index","follow":"follow","max-snippet":"max-snippet:-1","max-image-preview":"max-image-preview:large","max-video-preview":"max-video-preview:-1"},"canonical":"https:\/\/www.accuratereviews.com\/it\/video-editing-lista-software\/filmorapro-recensione\/","og_locale":"it_IT","og_type":"article","og_title":"FilmoraPro: recensione software di video editing - Accurate Reviews","og_description":"FilmoraPro: recensione del software di video editing semplice da usare e disponibile per i principali sistemi operativi (Windows e Mac).","og_url":"https:\/\/www.accuratereviews.com\/it\/video-editing-lista-software\/filmorapro-recensione\/","og_site_name":"Accurate Reviews","article_modified_time":"2021-04-28T14:29:28+00:00","og_image":[{"width":605,"height":408,"url":"https:\/\/www.accuratereviews.com\/wp-content\/uploads\/2019\/12\/vertical_for-white-background.png","type":"image\/png"}],"twitter_card":"summary_large_image","twitter_misc":{"Tempo di lettura stimato":"2 minuti"},"schema":{"@context":"https:\/\/schema.org","@graph":[{"@type":"WebPage","@id":"https:\/\/www.accuratereviews.com\/it\/video-editing-lista-software\/filmorapro-recensione\/","url":"https:\/\/www.accuratereviews.com\/it\/video-editing-lista-software\/filmorapro-recensione\/","name":"FilmoraPro: recensione software di video editing - Accurate Reviews","isPartOf":{"@id":"https:\/\/www.accuratereviews.com\/it\/#website"},"primaryImageOfPage":{"@id":"https:\/\/www.accuratereviews.com\/it\/video-editing-lista-software\/filmorapro-recensione\/#primaryimage"},"image":{"@id":"https:\/\/www.accuratereviews.com\/it\/video-editing-lista-software\/filmorapro-recensione\/#primaryimage"},"thumbnailUrl":"https:\/\/www.accuratereviews.com\/wp-content\/uploads\/2019\/12\/vertical_for-white-background.png","datePublished":"2019-12-20T14:38:54+00:00","dateModified":"2021-04-28T14:29:28+00:00","description":"FilmoraPro: recensione del software di video editing semplice da usare e disponibile per i principali sistemi operativi (Windows e Mac).","breadcrumb":{"@id":"https:\/\/www.accuratereviews.com\/it\/video-editing-lista-software\/filmorapro-recensione\/#breadcrumb"},"inLanguage":"it-IT","potentialAction":[{"@type":"ReadAction","target":["https:\/\/www.accuratereviews.com\/it\/video-editing-lista-software\/filmorapro-recensione\/"]}]},{"@type":"ImageObject","inLanguage":"it-IT","@id":"https:\/\/www.accuratereviews.com\/it\/video-editing-lista-software\/filmorapro-recensione\/#primaryimage","url":"https:\/\/www.accuratereviews.com\/wp-content\/uploads\/2019\/12\/vertical_for-white-background.png","contentUrl":"https:\/\/www.accuratereviews.com\/wp-content\/uploads\/2019\/12\/vertical_for-white-background.png","width":605,"height":408},{"@type":"BreadcrumbList","@id":"https:\/\/www.accuratereviews.com\/it\/video-editing-lista-software\/filmorapro-recensione\/#breadcrumb","itemListElement":[{"@type":"ListItem","position":1,"name":"Home","item":"https:\/\/www.accuratereviews.com\/it\/"},{"@type":"ListItem","position":2,"name":"Software per il video editing","item":"https:\/\/www.accuratereviews.com\/it\/video-editing-lista-software\/"},{"@type":"ListItem","position":3,"name":"FilmoraPro"}]},{"@type":"WebSite","@id":"https:\/\/www.accuratereviews.com\/it\/#website","url":"https:\/\/www.accuratereviews.com\/it\/","name":"Accurate Reviews","description":"","potentialAction":[{"@type":"SearchAction","target":{"@type":"EntryPoint","urlTemplate":"https:\/\/www.accuratereviews.com\/it\/?s={search_term_string}"},"query-input":{"@type":"PropertyValueSpecification","valueRequired":true,"valueName":"search_term_string"}}],"inLanguage":"it-IT"}]}},"_links":{"self":[{"href":"https:\/\/www.accuratereviews.com\/it\/wp-json\/wp\/v2\/pages\/21525","targetHints":{"allow":["GET"]}}],"collection":[{"href":"https:\/\/www.accuratereviews.com\/it\/wp-json\/wp\/v2\/pages"}],"about":[{"href":"https:\/\/www.accuratereviews.com\/it\/wp-json\/wp\/v2\/types\/page"}],"author":[{"embeddable":true,"href":"https:\/\/www.accuratereviews.com\/it\/wp-json\/wp\/v2\/users\/17"}],"replies":[{"embeddable":true,"href":"https:\/\/www.accuratereviews.com\/it\/wp-json\/wp\/v2\/comments?post=21525"}],"version-history":[{"count":6,"href":"https:\/\/www.accuratereviews.com\/it\/wp-json\/wp\/v2\/pages\/21525\/revisions"}],"predecessor-version":[{"id":41314,"href":"https:\/\/www.accuratereviews.com\/it\/wp-json\/wp\/v2\/pages\/21525\/revisions\/41314"}],"up":[{"embeddable":true,"href":"https:\/\/www.accuratereviews.com\/it\/wp-json\/wp\/v2\/pages\/7571"}],"wp:featuredmedia":[{"embeddable":true,"href":"https:\/\/www.accuratereviews.com\/it\/wp-json\/wp\/v2\/media\/21520"}],"wp:attachment":[{"href":"https:\/\/www.accuratereviews.com\/it\/wp-json\/wp\/v2\/media?parent=21525"}],"wp:term":[{"taxonomy":"category","embeddable":true,"href":"https:\/\/www.accuratereviews.com\/it\/wp-json\/wp\/v2\/categories?post=21525"},{"taxonomy":"post_tag","embeddable":true,"href":"https:\/\/www.accuratereviews.com\/it\/wp-json\/wp\/v2\/tags?post=21525"},{"taxonomy":"features","embeddable":true,"href":"https:\/\/www.accuratereviews.com\/it\/wp-json\/wp\/v2\/features?post=21525"}],"curies":[{"name":"wp","href":"https:\/\/api.w.org\/{rel}","templated":true}]}}