{"id":21567,"date":"2019-12-24T07:26:24","date_gmt":"2019-12-24T07:26:24","guid":{"rendered":"https:\/\/www.accuratereviews.com\/?page_id=21567"},"modified":"2021-05-18T13:54:31","modified_gmt":"2021-05-18T13:54:31","slug":"carto-recensione","status":"publish","type":"page","link":"https:\/\/www.accuratereviews.com\/it\/business-intelligence\/carto-recensione\/","title":{"rendered":"Carto"},"content":{"rendered":"<p><strong>Carto<\/strong> \u00e8 una <strong>piattaforma di business intelligence<\/strong> funzionale per risolvere i problemi spaziali utilizzando i dati e le <strong>analisi<\/strong>, per capire dove e perch\u00e9 accadono le cose. Combina dati spaziali e temporali per potenziare i risultati aziendali, ottimizza i processi aziendali e prevede i risultati futuri grazie alla potenza di <strong>Spatial Data Science<\/strong>. Si tratta di un software <strong>open source<\/strong>, in cloud, indirizzato principalmente per analisti aziendali, data scientist e singoli utenti che eseguono visualizzazioni e analisi spaziali. \u00c8 facile da adottare e incorpora dashboard basati su widget che <strong>riducono i tempi di insight<\/strong> ed \u00e8 accessibile ad aziende di qualsiasi dimensione poich\u00e9 scalabile, in grado quindi di soddisfare le esigenze degli utenti avanzati e delle organizzazioni pi\u00f9 grandi.<\/p>\n<h2>COME FUNZIONA CARTO &#8211; TUTORIAL<\/h2>\n<p>Ecco un video tutorial di questo software:<\/p>\n<div id=\"fluid-wrapper-counter-1\" class=\"g1-fluid-wrapper \" style=\"width:686px;\">\n<div style=\"padding-bottom:56.268221574344%;\"><iframe loading=\"lazy\" title=\"Analysis with CARTO\" width=\"686\" height=\"386\" src=\"https:\/\/www.youtube.com\/embed\/S_kNe24cO18?feature=oembed&amp;wmode=transparent&amp;autohide=1&amp;autoplay=0&amp;disablekb=0&amp;fs=1&amp;loop=0&amp;enablejsapi=1&amp;rel=0&amp;controls=2&amp;showinfo=0&amp;wmode=transparent&amp;autohide=2&amp;autoplay=0&amp;disablekb=0&amp;fs=1&amp;loop=0&amp;enablejsapi=1&amp;rel=0&amp;controls=2&amp;showinfo=1\" frameborder=\"0\" allow=\"accelerometer; autoplay; encrypted-media; gyroscope; picture-in-picture\" allowfullscreen><\/iframe><\/div>\n<\/div>\n<h3>CARTO &#8211; CARATTERISTICHE<\/h3>\n<p>Di seguito le sue principali caratteristiche:<\/p>\n<ul>\n<li>Analisi spaziale<\/li>\n<li>Business intelligence<\/li>\n<li>Analisi predittiva<\/li>\n<li>Mappatura dei dati<\/li>\n<li>Creazione e condivisione di mappe<\/li>\n<li>Osservatorio dei dati<\/li>\n<li>Esportazione di immagini<\/li>\n<li>Generatore di trascinamento della selezione<\/li>\n<li>Analisi e tracciamento delle tendenze<\/li>\n<li>Dati e analisi in tempo reale<\/li>\n<li>Rappresentazione visiva e analisi<\/li>\n<\/ul>\n<h3>LE RECENSIONI DEGLI UTENTI<\/h3>\n<ul>\n<li><strong>&#8220;Grande aggiunta alla nostra organizzazione&#8221;<\/strong><br \/>\nPRO: ci consente di visualizzare facilmente i dati al nostro pubblico in modo interattivo e significativo. CARTO ha reso molto pi\u00f9 facile per noi l&#8217;uso delle mappe come strumento politico.<br \/>\nCONTRO: Le modifiche apportate al sistema delle leggende hanno richiesto un po&#8217; di tempo per abituarsi, ma Builder sta migliorando man mano che sempre pi\u00f9 persone lo usano. Non vedo l&#8217;ora che arrivino miglioramenti!<\/li>\n<li><strong>&#8220;Carto mi d\u00e0 l&#8217;opportunit\u00e0 di creare tutte le mie mappe e basi di dati ovunque.&#8221;<\/strong><br \/>\nIN GENERALE: ho pi\u00f9 opportunit\u00e0 di lavoro, dal momento che \u00e8 un prodotto molto innovativo nell&#8217;ambiente GIS.<br \/>\nPRO: funzionalit\u00e0 di styling, elaborazione dei dati e dinamica. Mi piace perch\u00e9 posso incorporare le mie bellissime mappe ovunque, con molte funzionalit\u00e0 interattive. Inoltre, l&#8217;Accademia \u00e8 fantastica, ci sono molti tutorial su come costruire cose fantastiche.<br \/>\nCONTRO: La nuova versione \u00e8 davvero fantastica ma non \u00e8 intuitiva come la prima versione. Ha una mancanza di funzionalit\u00e0 di modifica offerte da altri software GIS desktop. Il numero di strati consentiti limita anche una cartografia molto complessa. La versione gratuita ha molto da offrire, ma il prezzo della versione a pagamento del servizio sembra troppo alto.<\/li>\n<li><strong>&#8220;Ho usato carto per creare diverse mappe multistrato relative agli alloggi per il mio scopo di lucro&#8221;.<\/strong><br \/>\nPRO: Adoro Carto. Come persona con pochissime conoscenze GIS, sono stata in grado di creare mappe incredibilmente interattive e informative utilizzando il programma molto intuitivo di Carto. Adoro le funzioni pop-up della mappa che puoi far apparire al passaggio del mouse o del mouse e fornire informazioni su posizioni e livelli specifici nella mappa. Ho anche fatto buon uso della libreria esistente di file GIS di Carto.<br \/>\nCONTRO: Carto include diversi strumenti di analisi che mi consentono di fare alcune analisi anche senza competenze GIS. Uno strumento di analisi che vorrei esistesse era uno che mi avrebbe permesso di filtrare uno strato da un altro. Questa \u00e8 l&#8217;unica cosa che non sono stato in grado di capire come fare con Carto.<\/li>\n<\/ul>\n","protected":false},"excerpt":{"rendered":"<p>Carto \u00e8 una piattaforma di business intelligence funzionale per risolvere i problemi spaziali utilizzando i dati e le analisi, per capire dove e perch\u00e9 accadono le cose. Combina dati spaziali e temporali per potenziare i risultati aziendali, ottimizza i processi aziendali e prevede i risultati futuri grazie alla potenza di Spatial Data Science.<\/p>\n","protected":false},"author":17,"featured_media":21569,"parent":32646,"menu_order":0,"comment_status":"open","ping_status":"closed","template":"g1_template_page_review_new.php","meta":{"_acf_changed":false,"cwp_meta_box_check":"Yes","cwp_rev_product_name":"","cwp_rev_product_image":"","wppr_links":[],"cwp_rev_price":"","wppr_options":[],"wppr_pros":[],"wppr_cons":[],"_monsterinsights_skip_tracking":false,"_monsterinsights_sitenote_active":false,"_monsterinsights_sitenote_note":"","_monsterinsights_sitenote_category":0,"footnotes":""},"categories":[1555],"tags":[1561,1565,1564,1566],"features":[],"class_list":{"0":"post-21567","1":"page","2":"type-page","3":"status-publish","4":"has-post-thumbnail","6":"category-business-intelligence-it","7":"tag-bi","8":"tag-business-intelligence","9":"tag-business-intelligence-software","10":"tag-programma-di-business-intelligence"},"wppr_data":{"cwp_meta_box_check":"Yes","cwp_rev_product_name":"","cwp_rev_product_image":"","cwp_image_link":"image","cwp_rev_price":"","wppr_rating":"0.00"},"acf":[],"yoast_head":"<!-- This site is optimized with the Yoast SEO plugin v27.4 - https:\/\/yoast.com\/product\/yoast-seo-wordpress\/ -->\n<title>Carto: recensione piattaforma di business intelligence - Accurate Reviews<\/title>\n<meta name=\"description\" content=\"Carto: recensione della piattaforma di business intelligence che ombina dati spaziali e temporali per potenziare i risultati aziendali.\" \/>\n<meta name=\"robots\" content=\"index, follow, max-snippet:-1, max-image-preview:large, max-video-preview:-1\" \/>\n<link rel=\"canonical\" href=\"https:\/\/www.accuratereviews.com\/it\/business-intelligence\/carto-recensione\/\" \/>\n<meta property=\"og:locale\" content=\"it_IT\" \/>\n<meta property=\"og:type\" content=\"article\" \/>\n<meta property=\"og:title\" content=\"Carto: recensione piattaforma di business intelligence - Accurate Reviews\" \/>\n<meta property=\"og:description\" content=\"Carto: recensione della piattaforma di business intelligence che ombina dati spaziali e temporali per potenziare i risultati aziendali.\" \/>\n<meta property=\"og:url\" content=\"https:\/\/www.accuratereviews.com\/it\/business-intelligence\/carto-recensione\/\" \/>\n<meta property=\"og:site_name\" content=\"Accurate Reviews\" \/>\n<meta property=\"article:modified_time\" content=\"2021-05-18T13:54:31+00:00\" \/>\n<meta property=\"og:image\" content=\"https:\/\/www.accuratereviews.com\/wp-content\/uploads\/2019\/12\/CARTO-Logo-A.png\" \/>\n\t<meta property=\"og:image:width\" content=\"220\" \/>\n\t<meta property=\"og:image:height\" content=\"183\" \/>\n\t<meta property=\"og:image:type\" content=\"image\/png\" \/>\n<meta name=\"twitter:card\" content=\"summary_large_image\" \/>\n<meta name=\"twitter:label1\" content=\"Tempo di lettura stimato\" \/>\n\t<meta name=\"twitter:data1\" content=\"3 minuti\" \/>\n<script type=\"application\/ld+json\" class=\"yoast-schema-graph\">{\"@context\":\"https:\\\/\\\/schema.org\",\"@graph\":[{\"@type\":\"WebPage\",\"@id\":\"https:\\\/\\\/www.accuratereviews.com\\\/it\\\/business-intelligence\\\/carto-recensione\\\/\",\"url\":\"https:\\\/\\\/www.accuratereviews.com\\\/it\\\/business-intelligence\\\/carto-recensione\\\/\",\"name\":\"Carto: recensione piattaforma di business intelligence - Accurate Reviews\",\"isPartOf\":{\"@id\":\"https:\\\/\\\/www.accuratereviews.com\\\/it\\\/#website\"},\"primaryImageOfPage\":{\"@id\":\"https:\\\/\\\/www.accuratereviews.com\\\/it\\\/business-intelligence\\\/carto-recensione\\\/#primaryimage\"},\"image\":{\"@id\":\"https:\\\/\\\/www.accuratereviews.com\\\/it\\\/business-intelligence\\\/carto-recensione\\\/#primaryimage\"},\"thumbnailUrl\":\"https:\\\/\\\/www.accuratereviews.com\\\/wp-content\\\/uploads\\\/2019\\\/12\\\/CARTO-Logo-A.png\",\"datePublished\":\"2019-12-24T07:26:24+00:00\",\"dateModified\":\"2021-05-18T13:54:31+00:00\",\"description\":\"Carto: recensione della piattaforma di business intelligence che ombina dati spaziali e temporali per potenziare i risultati aziendali.\",\"breadcrumb\":{\"@id\":\"https:\\\/\\\/www.accuratereviews.com\\\/it\\\/business-intelligence\\\/carto-recensione\\\/#breadcrumb\"},\"inLanguage\":\"it-IT\",\"potentialAction\":[{\"@type\":\"ReadAction\",\"target\":[\"https:\\\/\\\/www.accuratereviews.com\\\/it\\\/business-intelligence\\\/carto-recensione\\\/\"]}]},{\"@type\":\"ImageObject\",\"inLanguage\":\"it-IT\",\"@id\":\"https:\\\/\\\/www.accuratereviews.com\\\/it\\\/business-intelligence\\\/carto-recensione\\\/#primaryimage\",\"url\":\"https:\\\/\\\/www.accuratereviews.com\\\/wp-content\\\/uploads\\\/2019\\\/12\\\/CARTO-Logo-A.png\",\"contentUrl\":\"https:\\\/\\\/www.accuratereviews.com\\\/wp-content\\\/uploads\\\/2019\\\/12\\\/CARTO-Logo-A.png\",\"width\":220,\"height\":183},{\"@type\":\"BreadcrumbList\",\"@id\":\"https:\\\/\\\/www.accuratereviews.com\\\/it\\\/business-intelligence\\\/carto-recensione\\\/#breadcrumb\",\"itemListElement\":[{\"@type\":\"ListItem\",\"position\":1,\"name\":\"Home\",\"item\":\"https:\\\/\\\/www.accuratereviews.com\\\/it\\\/\"},{\"@type\":\"ListItem\",\"position\":2,\"name\":\"Business intelligence\",\"item\":\"https:\\\/\\\/www.accuratereviews.com\\\/it\\\/business-intelligence\\\/\"},{\"@type\":\"ListItem\",\"position\":3,\"name\":\"Carto\"}]},{\"@type\":\"WebSite\",\"@id\":\"https:\\\/\\\/www.accuratereviews.com\\\/it\\\/#website\",\"url\":\"https:\\\/\\\/www.accuratereviews.com\\\/it\\\/\",\"name\":\"Accurate Reviews\",\"description\":\"\",\"potentialAction\":[{\"@type\":\"SearchAction\",\"target\":{\"@type\":\"EntryPoint\",\"urlTemplate\":\"https:\\\/\\\/www.accuratereviews.com\\\/it\\\/?s={search_term_string}\"},\"query-input\":{\"@type\":\"PropertyValueSpecification\",\"valueRequired\":true,\"valueName\":\"search_term_string\"}}],\"inLanguage\":\"it-IT\"}]}<\/script>\n<!-- \/ Yoast SEO plugin. -->","yoast_head_json":{"title":"Carto: recensione piattaforma di business intelligence - Accurate Reviews","description":"Carto: recensione della piattaforma di business intelligence che ombina dati spaziali e temporali per potenziare i risultati aziendali.","robots":{"index":"index","follow":"follow","max-snippet":"max-snippet:-1","max-image-preview":"max-image-preview:large","max-video-preview":"max-video-preview:-1"},"canonical":"https:\/\/www.accuratereviews.com\/it\/business-intelligence\/carto-recensione\/","og_locale":"it_IT","og_type":"article","og_title":"Carto: recensione piattaforma di business intelligence - Accurate Reviews","og_description":"Carto: recensione della piattaforma di business intelligence che ombina dati spaziali e temporali per potenziare i risultati aziendali.","og_url":"https:\/\/www.accuratereviews.com\/it\/business-intelligence\/carto-recensione\/","og_site_name":"Accurate Reviews","article_modified_time":"2021-05-18T13:54:31+00:00","og_image":[{"width":220,"height":183,"url":"https:\/\/www.accuratereviews.com\/wp-content\/uploads\/2019\/12\/CARTO-Logo-A.png","type":"image\/png"}],"twitter_card":"summary_large_image","twitter_misc":{"Tempo di lettura stimato":"3 minuti"},"schema":{"@context":"https:\/\/schema.org","@graph":[{"@type":"WebPage","@id":"https:\/\/www.accuratereviews.com\/it\/business-intelligence\/carto-recensione\/","url":"https:\/\/www.accuratereviews.com\/it\/business-intelligence\/carto-recensione\/","name":"Carto: recensione piattaforma di business intelligence - Accurate Reviews","isPartOf":{"@id":"https:\/\/www.accuratereviews.com\/it\/#website"},"primaryImageOfPage":{"@id":"https:\/\/www.accuratereviews.com\/it\/business-intelligence\/carto-recensione\/#primaryimage"},"image":{"@id":"https:\/\/www.accuratereviews.com\/it\/business-intelligence\/carto-recensione\/#primaryimage"},"thumbnailUrl":"https:\/\/www.accuratereviews.com\/wp-content\/uploads\/2019\/12\/CARTO-Logo-A.png","datePublished":"2019-12-24T07:26:24+00:00","dateModified":"2021-05-18T13:54:31+00:00","description":"Carto: recensione della piattaforma di business intelligence che ombina dati spaziali e temporali per potenziare i risultati aziendali.","breadcrumb":{"@id":"https:\/\/www.accuratereviews.com\/it\/business-intelligence\/carto-recensione\/#breadcrumb"},"inLanguage":"it-IT","potentialAction":[{"@type":"ReadAction","target":["https:\/\/www.accuratereviews.com\/it\/business-intelligence\/carto-recensione\/"]}]},{"@type":"ImageObject","inLanguage":"it-IT","@id":"https:\/\/www.accuratereviews.com\/it\/business-intelligence\/carto-recensione\/#primaryimage","url":"https:\/\/www.accuratereviews.com\/wp-content\/uploads\/2019\/12\/CARTO-Logo-A.png","contentUrl":"https:\/\/www.accuratereviews.com\/wp-content\/uploads\/2019\/12\/CARTO-Logo-A.png","width":220,"height":183},{"@type":"BreadcrumbList","@id":"https:\/\/www.accuratereviews.com\/it\/business-intelligence\/carto-recensione\/#breadcrumb","itemListElement":[{"@type":"ListItem","position":1,"name":"Home","item":"https:\/\/www.accuratereviews.com\/it\/"},{"@type":"ListItem","position":2,"name":"Business intelligence","item":"https:\/\/www.accuratereviews.com\/it\/business-intelligence\/"},{"@type":"ListItem","position":3,"name":"Carto"}]},{"@type":"WebSite","@id":"https:\/\/www.accuratereviews.com\/it\/#website","url":"https:\/\/www.accuratereviews.com\/it\/","name":"Accurate Reviews","description":"","potentialAction":[{"@type":"SearchAction","target":{"@type":"EntryPoint","urlTemplate":"https:\/\/www.accuratereviews.com\/it\/?s={search_term_string}"},"query-input":{"@type":"PropertyValueSpecification","valueRequired":true,"valueName":"search_term_string"}}],"inLanguage":"it-IT"}]}},"_links":{"self":[{"href":"https:\/\/www.accuratereviews.com\/it\/wp-json\/wp\/v2\/pages\/21567","targetHints":{"allow":["GET"]}}],"collection":[{"href":"https:\/\/www.accuratereviews.com\/it\/wp-json\/wp\/v2\/pages"}],"about":[{"href":"https:\/\/www.accuratereviews.com\/it\/wp-json\/wp\/v2\/types\/page"}],"author":[{"embeddable":true,"href":"https:\/\/www.accuratereviews.com\/it\/wp-json\/wp\/v2\/users\/17"}],"replies":[{"embeddable":true,"href":"https:\/\/www.accuratereviews.com\/it\/wp-json\/wp\/v2\/comments?post=21567"}],"version-history":[{"count":3,"href":"https:\/\/www.accuratereviews.com\/it\/wp-json\/wp\/v2\/pages\/21567\/revisions"}],"predecessor-version":[{"id":42894,"href":"https:\/\/www.accuratereviews.com\/it\/wp-json\/wp\/v2\/pages\/21567\/revisions\/42894"}],"up":[{"embeddable":true,"href":"https:\/\/www.accuratereviews.com\/it\/wp-json\/wp\/v2\/pages\/32646"}],"wp:featuredmedia":[{"embeddable":true,"href":"https:\/\/www.accuratereviews.com\/it\/wp-json\/wp\/v2\/media\/21569"}],"wp:attachment":[{"href":"https:\/\/www.accuratereviews.com\/it\/wp-json\/wp\/v2\/media?parent=21567"}],"wp:term":[{"taxonomy":"category","embeddable":true,"href":"https:\/\/www.accuratereviews.com\/it\/wp-json\/wp\/v2\/categories?post=21567"},{"taxonomy":"post_tag","embeddable":true,"href":"https:\/\/www.accuratereviews.com\/it\/wp-json\/wp\/v2\/tags?post=21567"},{"taxonomy":"features","embeddable":true,"href":"https:\/\/www.accuratereviews.com\/it\/wp-json\/wp\/v2\/features?post=21567"}],"curies":[{"name":"wp","href":"https:\/\/api.w.org\/{rel}","templated":true}]}}