{"id":21574,"date":"2019-12-24T14:16:04","date_gmt":"2019-12-24T14:16:04","guid":{"rendered":"https:\/\/www.accuratereviews.com\/?page_id=21574"},"modified":"2021-05-18T14:54:01","modified_gmt":"2021-05-18T14:54:01","slug":"halo-recensione","status":"publish","type":"page","link":"https:\/\/www.accuratereviews.com\/it\/business-intelligence\/halo-recensione\/","title":{"rendered":"Halo"},"content":{"rendered":"<p><strong>Halo<\/strong> \u00e8 una <strong>soluzione di business intelligence<\/strong> completa progettata per aiutare le aziende a generare profitti, migliorare l&#8217;efficienza e aumentare ulteriormente la loro produttivit\u00e0 e competitivit\u00e0 sulla base di dati aggiornati e affidabili. Derivando approfondimenti di alta qualit\u00e0 e fruibili da report e analisi, le aziende sono in grado di elaborare le decisioni aziendali pi\u00f9 intelligenti e, da l\u00ec, guidare la propria attivit\u00e0 verso il successo. <strong>Halo<\/strong> comprende e sfrutta le tecnologie pi\u00f9 sofisticate disponibili: accesso ai big data, pulizia e aggregazione dei dati, cloud computing e accesso mobile.\u00a0Il programma \u00e8 stato creato per essere una piattaforma semplice fornendo ai propio collaboratori gli strumenti di cui hanno bisogno per accedere, analizzare e modificare le informazioni in tempo reale in modo che possano prendere decisioni migliori.<\/p>\n<h2>HALO &#8211; TUTORIAL<\/h2>\n<p>In questo video vediamo come apportare rapidamente modifiche sulle previsioni, confrontare diversi scenari e collaborare con i collaboratori su questo <strong>programma di Business Intelligence<\/strong>:<\/p>\n<div id=\"fluid-wrapper-counter-1\" class=\"g1-fluid-wrapper \" style=\"width:686px;\"><div style=\"padding-bottom:56.268221574344%;\"><iframe loading=\"lazy\" title=\"Introducing Halo 18.1\" width=\"686\" height=\"386\" src=\"https:\/\/www.youtube.com\/embed\/MZSqS52vFWk?feature=oembed&amp;wmode=transparent&amp;autohide=1&amp;autoplay=0&amp;disablekb=0&amp;fs=1&amp;loop=0&amp;enablejsapi=1&amp;rel=0&amp;controls=2&amp;showinfo=0&amp;wmode=transparent&amp;autohide=2&amp;autoplay=0&amp;disablekb=0&amp;fs=1&amp;loop=0&amp;enablejsapi=1&amp;rel=0&amp;controls=2&amp;showinfo=1\" frameborder=\"0\" allow=\"accelerometer; autoplay; encrypted-media; gyroscope; picture-in-picture\" allowfullscreen><\/iframe><\/div><\/div>\n<h3>HAOLO &#8211; CARATTERISTICHE<\/h3>\n<ul>\n<li>Ottieni la tecnologia di cui hai bisogno per trasformare da offerta guidata a domanda ottimizzata.<\/li>\n<li>Gestisci i costi e migliora la crescita, la resilienza e l&#8217;efficienza attraverso modelli, confronti e scenari what-if.<\/li>\n<li>Ottieni visibilit\u00e0 della catena di approvvigionamento end-to-end su diverse fonti di dati distribuite per un migliore processo decisionale che massimizzi le opportunit\u00e0 e mitiga i rischi.<\/li>\n<li>Utilizzo di grandi quantit\u00e0 di dati in tempo reale da fonti IOT come la mappatura geografica<\/li>\n<li>Ricevi avvisi su soglie o impegni che non vengono rispettati<\/li>\n<li>Confronta facilmente i profili dei fornitori per una visione d&#8217;insieme<\/li>\n<\/ul>\n<h4>LE RECENSIONI DEGLI UTENTI<\/h4>\n<h4>Lisa E. &#8220;Halo Recensione&#8221;<\/h4>\n<p><strong>Commenti<\/strong>: Ci \u00e8 voluto molto tempo per l&#8217;implementazione, gran parte di ci\u00f2 dipende da come abbiamo deciso di implementare. Non credo che ci abbiano dato consigli sufficienti all&#8217;inizio. Da allora ci siamo trasferiti su un nuovo account e i project manager e le cose procedono bene. Il mio consiglio \u00e8 di capire prima il software usando i dati semplificati, una volta che hai una buona conoscenza delle estrazioni, delle trasformazioni e di come queste si traducono in SQL nello strumento BI, sei sulla buona strada per costruire uno strumento BI facile da usare.<\/p>\n<p><strong>Vantaggi<\/strong>: la facilit\u00e0 di creazione di dashboard e reportistica e la trasparenza e il self service del Data Warehouse.<\/p>\n<p><strong>Inconvenienti<\/strong>: la quantit\u00e0 di tempo impiegata dallo strumento BI per caricare e l&#8217;alto costo dell&#8217;aggiornamento a una maggiore larghezza di banda sul server.<\/p>\n<h4>Jason V. &#8220;Halo \u00e8 un buon strumento di BI per non aver bisogno di utenti front-end altamente qualificati&#8221;<\/h4>\n<p><strong>Commenti:<\/strong> Stiamo ruotando i cubi a destra e sinistra per ottenere i dati in JDE. Prima di Halo non avevamo un dipartimento di analisi \/ bi. Ora ci stiamo comportando come un dipartimento molto avanzato con molte aree tematiche distribuite ogni mese. In soli 6 mesi, ora ho inventario, contabilit\u00e0 clienti, ordini aperti e altre cose visualizzate e aggiornate automaticamente ogni giorno. Super eccitato per il futuro con questo strumento.<\/p>\n<p><strong>Vantaggi<\/strong>: mi piace la flessibilit\u00e0 \u00a0del software. Il &#8220;tempo di sviluppo&#8221; necessario per &#8220;formattare i grafici&#8221; \u00e8 rappresentato da combinazioni di colori o determinate intestazioni di colonna, ecc. Un utente front-end pu\u00f2 accettare tutto ci\u00f2 che funziona in questo strumento. Lo sviluppo principale \u00e8 la costruzione del cubo e la creazione di definizioni sul backend per fatti, misure e dimensioni. Fatto ci\u00f2, lo strumento si prende cura di se stesso. Ho usato QlikView e Tabelau e Halo offre un modo piacevole e coerente di girare facilmente.<\/p>\n<p><strong>Inconvenienti:<\/strong> all&#8217;inizio c&#8217;\u00e8 una ripida curva di apprendimento su tutte le impostazioni associate ai cubi, sulla comprensione dell&#8217;ordine di elaborazione delle operazioni, ecc. Una volta che si ha un&#8217;idea di ci\u00f2, le cose si fondono bene. Una grande rovina \u00e8 che tutto &#8220;deve&#8221; essere in un cubo con una dimensione temporale. Tuttavia, se disponi di dati dimensionali non temporali, potresti semplicemente &#8220;falsificarli&#8221;, quindi non \u00e8 un problema che non pu\u00f2 essere superato. Se sei abituato a usare QlikView o qualcosa del genere, in cui puoi semplicemente caricare un set di dati, dovrai adattarti per capire per usare il front-end di Halo che deve essere in forma cubica.<\/p>\n<h4>Eric F. &#8220;Prima incursione nella BI&#8221;<\/h4>\n<p><strong>Commenti<\/strong>: Buona piattaforma di mercato centrale con buon supporto e formazione<\/p>\n<p><strong>Vantaggi<\/strong>: funzionalit\u00e0 email e convenienza<\/p>\n<p><strong>Inconvenienti<\/strong>: costo delle licenze per utenti esperti alta e mancanza di intuitivit\u00e0 come piattaforma self-service<\/p>\n","protected":false},"excerpt":{"rendered":"<p>Halo \u00e8 una soluzione di business intelligence completa progettata per aiutare le aziende a generare profitti, migliorare l&#8217;efficienza e aumentare ulteriormente la loro produttivit\u00e0 e competitivit\u00e0 sulla base di dati aggiornati e affidabili. Derivando approfondimenti di alta qualit\u00e0 e fruibili da report e analisi, le aziende sono in grado di elaborare le decisioni aziendali pi\u00f9 intelligenti e, da l\u00ec, guidare la propria attivit\u00e0 verso il successo.<\/p>\n","protected":false},"author":19,"featured_media":21575,"parent":32646,"menu_order":0,"comment_status":"open","ping_status":"closed","template":"g1_template_page_review_new.php","meta":{"_acf_changed":false,"cwp_meta_box_check":"Yes","cwp_rev_product_name":"","cwp_rev_product_image":"","wppr_links":[],"cwp_rev_price":"","wppr_options":[],"wppr_pros":[],"wppr_cons":[],"_monsterinsights_skip_tracking":false,"_monsterinsights_sitenote_active":false,"_monsterinsights_sitenote_note":"","_monsterinsights_sitenote_category":0,"footnotes":""},"categories":[1555],"tags":[1621,1561,1630,1560,1557,1556,1558],"features":[],"class_list":{"0":"post-21574","1":"page","2":"type-page","3":"status-publish","4":"has-post-thumbnail","6":"category-business-intelligence-it","7":"tag-analisi-dati","8":"tag-bi","9":"tag-halo","10":"tag-piattaforma-business-intelligence","11":"tag-programma-business-intelligence","12":"tag-software-business-intelligence","13":"tag-soluzione-business-intelligence"},"wppr_data":{"cwp_meta_box_check":"Yes","cwp_rev_product_name":"","cwp_rev_product_image":"","cwp_image_link":"image","cwp_rev_price":"","wppr_rating":"0.00"},"acf":[],"yoast_head":"<!-- This site is optimized with the Yoast SEO plugin v27.4 - https:\/\/yoast.com\/product\/yoast-seo-wordpress\/ -->\n<title>Halo: recensione software Business Intelligence- Accurate Reviews<\/title>\n<meta name=\"description\" content=\"Halo: recensione soluzione di business intelligence progettata per aiutare le aziende a generare profitti e migliorare l&#039;efficienza.\" \/>\n<meta name=\"robots\" content=\"index, follow, max-snippet:-1, max-image-preview:large, max-video-preview:-1\" \/>\n<link rel=\"canonical\" href=\"https:\/\/www.accuratereviews.com\/it\/business-intelligence\/halo-recensione\/\" \/>\n<meta property=\"og:locale\" content=\"it_IT\" \/>\n<meta property=\"og:type\" content=\"article\" \/>\n<meta property=\"og:title\" content=\"Halo: recensione software Business Intelligence- Accurate Reviews\" \/>\n<meta property=\"og:description\" content=\"Halo: recensione soluzione di business intelligence progettata per aiutare le aziende a generare profitti e migliorare l&#039;efficienza.\" \/>\n<meta property=\"og:url\" content=\"https:\/\/www.accuratereviews.com\/it\/business-intelligence\/halo-recensione\/\" \/>\n<meta property=\"og:site_name\" content=\"Accurate Reviews\" \/>\n<meta property=\"article:modified_time\" content=\"2021-05-18T14:54:01+00:00\" \/>\n<meta property=\"og:image\" content=\"https:\/\/www.accuratereviews.com\/wp-content\/uploads\/2019\/12\/halo.png\" \/>\n\t<meta property=\"og:image:width\" content=\"225\" \/>\n\t<meta property=\"og:image:height\" content=\"225\" \/>\n\t<meta property=\"og:image:type\" content=\"image\/png\" \/>\n<meta name=\"twitter:card\" content=\"summary_large_image\" \/>\n<meta name=\"twitter:label1\" content=\"Tempo di lettura stimato\" \/>\n\t<meta name=\"twitter:data1\" content=\"4 minuti\" \/>\n<script type=\"application\/ld+json\" class=\"yoast-schema-graph\">{\"@context\":\"https:\\\/\\\/schema.org\",\"@graph\":[{\"@type\":\"WebPage\",\"@id\":\"https:\\\/\\\/www.accuratereviews.com\\\/it\\\/business-intelligence\\\/halo-recensione\\\/\",\"url\":\"https:\\\/\\\/www.accuratereviews.com\\\/it\\\/business-intelligence\\\/halo-recensione\\\/\",\"name\":\"Halo: recensione software Business Intelligence- Accurate Reviews\",\"isPartOf\":{\"@id\":\"https:\\\/\\\/www.accuratereviews.com\\\/it\\\/#website\"},\"primaryImageOfPage\":{\"@id\":\"https:\\\/\\\/www.accuratereviews.com\\\/it\\\/business-intelligence\\\/halo-recensione\\\/#primaryimage\"},\"image\":{\"@id\":\"https:\\\/\\\/www.accuratereviews.com\\\/it\\\/business-intelligence\\\/halo-recensione\\\/#primaryimage\"},\"thumbnailUrl\":\"https:\\\/\\\/www.accuratereviews.com\\\/wp-content\\\/uploads\\\/2019\\\/12\\\/halo.png\",\"datePublished\":\"2019-12-24T14:16:04+00:00\",\"dateModified\":\"2021-05-18T14:54:01+00:00\",\"description\":\"Halo: recensione soluzione di business intelligence progettata per aiutare le aziende a generare profitti e migliorare l'efficienza.\",\"breadcrumb\":{\"@id\":\"https:\\\/\\\/www.accuratereviews.com\\\/it\\\/business-intelligence\\\/halo-recensione\\\/#breadcrumb\"},\"inLanguage\":\"it-IT\",\"potentialAction\":[{\"@type\":\"ReadAction\",\"target\":[\"https:\\\/\\\/www.accuratereviews.com\\\/it\\\/business-intelligence\\\/halo-recensione\\\/\"]}]},{\"@type\":\"ImageObject\",\"inLanguage\":\"it-IT\",\"@id\":\"https:\\\/\\\/www.accuratereviews.com\\\/it\\\/business-intelligence\\\/halo-recensione\\\/#primaryimage\",\"url\":\"https:\\\/\\\/www.accuratereviews.com\\\/wp-content\\\/uploads\\\/2019\\\/12\\\/halo.png\",\"contentUrl\":\"https:\\\/\\\/www.accuratereviews.com\\\/wp-content\\\/uploads\\\/2019\\\/12\\\/halo.png\",\"width\":225,\"height\":225},{\"@type\":\"BreadcrumbList\",\"@id\":\"https:\\\/\\\/www.accuratereviews.com\\\/it\\\/business-intelligence\\\/halo-recensione\\\/#breadcrumb\",\"itemListElement\":[{\"@type\":\"ListItem\",\"position\":1,\"name\":\"Home\",\"item\":\"https:\\\/\\\/www.accuratereviews.com\\\/it\\\/\"},{\"@type\":\"ListItem\",\"position\":2,\"name\":\"Business intelligence\",\"item\":\"https:\\\/\\\/www.accuratereviews.com\\\/it\\\/business-intelligence\\\/\"},{\"@type\":\"ListItem\",\"position\":3,\"name\":\"Halo\"}]},{\"@type\":\"WebSite\",\"@id\":\"https:\\\/\\\/www.accuratereviews.com\\\/it\\\/#website\",\"url\":\"https:\\\/\\\/www.accuratereviews.com\\\/it\\\/\",\"name\":\"Accurate Reviews\",\"description\":\"\",\"potentialAction\":[{\"@type\":\"SearchAction\",\"target\":{\"@type\":\"EntryPoint\",\"urlTemplate\":\"https:\\\/\\\/www.accuratereviews.com\\\/it\\\/?s={search_term_string}\"},\"query-input\":{\"@type\":\"PropertyValueSpecification\",\"valueRequired\":true,\"valueName\":\"search_term_string\"}}],\"inLanguage\":\"it-IT\"}]}<\/script>\n<!-- \/ Yoast SEO plugin. -->","yoast_head_json":{"title":"Halo: recensione software Business Intelligence- Accurate Reviews","description":"Halo: recensione soluzione di business intelligence progettata per aiutare le aziende a generare profitti e migliorare l'efficienza.","robots":{"index":"index","follow":"follow","max-snippet":"max-snippet:-1","max-image-preview":"max-image-preview:large","max-video-preview":"max-video-preview:-1"},"canonical":"https:\/\/www.accuratereviews.com\/it\/business-intelligence\/halo-recensione\/","og_locale":"it_IT","og_type":"article","og_title":"Halo: recensione software Business Intelligence- Accurate Reviews","og_description":"Halo: recensione soluzione di business intelligence progettata per aiutare le aziende a generare profitti e migliorare l'efficienza.","og_url":"https:\/\/www.accuratereviews.com\/it\/business-intelligence\/halo-recensione\/","og_site_name":"Accurate Reviews","article_modified_time":"2021-05-18T14:54:01+00:00","og_image":[{"width":225,"height":225,"url":"https:\/\/www.accuratereviews.com\/wp-content\/uploads\/2019\/12\/halo.png","type":"image\/png"}],"twitter_card":"summary_large_image","twitter_misc":{"Tempo di lettura stimato":"4 minuti"},"schema":{"@context":"https:\/\/schema.org","@graph":[{"@type":"WebPage","@id":"https:\/\/www.accuratereviews.com\/it\/business-intelligence\/halo-recensione\/","url":"https:\/\/www.accuratereviews.com\/it\/business-intelligence\/halo-recensione\/","name":"Halo: recensione software Business Intelligence- Accurate Reviews","isPartOf":{"@id":"https:\/\/www.accuratereviews.com\/it\/#website"},"primaryImageOfPage":{"@id":"https:\/\/www.accuratereviews.com\/it\/business-intelligence\/halo-recensione\/#primaryimage"},"image":{"@id":"https:\/\/www.accuratereviews.com\/it\/business-intelligence\/halo-recensione\/#primaryimage"},"thumbnailUrl":"https:\/\/www.accuratereviews.com\/wp-content\/uploads\/2019\/12\/halo.png","datePublished":"2019-12-24T14:16:04+00:00","dateModified":"2021-05-18T14:54:01+00:00","description":"Halo: recensione soluzione di business intelligence progettata per aiutare le aziende a generare profitti e migliorare l'efficienza.","breadcrumb":{"@id":"https:\/\/www.accuratereviews.com\/it\/business-intelligence\/halo-recensione\/#breadcrumb"},"inLanguage":"it-IT","potentialAction":[{"@type":"ReadAction","target":["https:\/\/www.accuratereviews.com\/it\/business-intelligence\/halo-recensione\/"]}]},{"@type":"ImageObject","inLanguage":"it-IT","@id":"https:\/\/www.accuratereviews.com\/it\/business-intelligence\/halo-recensione\/#primaryimage","url":"https:\/\/www.accuratereviews.com\/wp-content\/uploads\/2019\/12\/halo.png","contentUrl":"https:\/\/www.accuratereviews.com\/wp-content\/uploads\/2019\/12\/halo.png","width":225,"height":225},{"@type":"BreadcrumbList","@id":"https:\/\/www.accuratereviews.com\/it\/business-intelligence\/halo-recensione\/#breadcrumb","itemListElement":[{"@type":"ListItem","position":1,"name":"Home","item":"https:\/\/www.accuratereviews.com\/it\/"},{"@type":"ListItem","position":2,"name":"Business intelligence","item":"https:\/\/www.accuratereviews.com\/it\/business-intelligence\/"},{"@type":"ListItem","position":3,"name":"Halo"}]},{"@type":"WebSite","@id":"https:\/\/www.accuratereviews.com\/it\/#website","url":"https:\/\/www.accuratereviews.com\/it\/","name":"Accurate Reviews","description":"","potentialAction":[{"@type":"SearchAction","target":{"@type":"EntryPoint","urlTemplate":"https:\/\/www.accuratereviews.com\/it\/?s={search_term_string}"},"query-input":{"@type":"PropertyValueSpecification","valueRequired":true,"valueName":"search_term_string"}}],"inLanguage":"it-IT"}]}},"_links":{"self":[{"href":"https:\/\/www.accuratereviews.com\/it\/wp-json\/wp\/v2\/pages\/21574","targetHints":{"allow":["GET"]}}],"collection":[{"href":"https:\/\/www.accuratereviews.com\/it\/wp-json\/wp\/v2\/pages"}],"about":[{"href":"https:\/\/www.accuratereviews.com\/it\/wp-json\/wp\/v2\/types\/page"}],"author":[{"embeddable":true,"href":"https:\/\/www.accuratereviews.com\/it\/wp-json\/wp\/v2\/users\/19"}],"replies":[{"embeddable":true,"href":"https:\/\/www.accuratereviews.com\/it\/wp-json\/wp\/v2\/comments?post=21574"}],"version-history":[{"count":11,"href":"https:\/\/www.accuratereviews.com\/it\/wp-json\/wp\/v2\/pages\/21574\/revisions"}],"predecessor-version":[{"id":42936,"href":"https:\/\/www.accuratereviews.com\/it\/wp-json\/wp\/v2\/pages\/21574\/revisions\/42936"}],"up":[{"embeddable":true,"href":"https:\/\/www.accuratereviews.com\/it\/wp-json\/wp\/v2\/pages\/32646"}],"wp:featuredmedia":[{"embeddable":true,"href":"https:\/\/www.accuratereviews.com\/it\/wp-json\/wp\/v2\/media\/21575"}],"wp:attachment":[{"href":"https:\/\/www.accuratereviews.com\/it\/wp-json\/wp\/v2\/media?parent=21574"}],"wp:term":[{"taxonomy":"category","embeddable":true,"href":"https:\/\/www.accuratereviews.com\/it\/wp-json\/wp\/v2\/categories?post=21574"},{"taxonomy":"post_tag","embeddable":true,"href":"https:\/\/www.accuratereviews.com\/it\/wp-json\/wp\/v2\/tags?post=21574"},{"taxonomy":"features","embeddable":true,"href":"https:\/\/www.accuratereviews.com\/it\/wp-json\/wp\/v2\/features?post=21574"}],"curies":[{"name":"wp","href":"https:\/\/api.w.org\/{rel}","templated":true}]}}