{"id":21589,"date":"2019-12-24T14:15:28","date_gmt":"2019-12-24T14:15:28","guid":{"rendered":"https:\/\/www.accuratereviews.com\/?page_id=21589"},"modified":"2021-05-18T14:42:22","modified_gmt":"2021-05-18T14:42:22","slug":"exago-recensione","status":"publish","type":"page","link":"https:\/\/www.accuratereviews.com\/it\/business-intelligence\/exago-recensione\/","title":{"rendered":"Exago"},"content":{"rendered":"<p><strong>Exago<\/strong> \u00e8 una <strong>piattaforma di business intelligence<\/strong> self-service ricca di funzionalit\u00e0 essenziali come per esempio report e analisi ad hoc, dashboard personalizzabili e gestione dei dati.\u00a0Questa soluzione web-based offre agli utenti il \u200b\u200bcontrollo assoluto sull&#8217;intero ciclo di vita dei report. Dai grafici alle mappe e ai campi incrociati, il software rende i processi di <strong>business intelligence<\/strong> rapidi, precisi e facili. Dotata di quattro funzioni di report unici che possono essere distribuiti e implementati per adattarsi ai diversi livelli di competenza dei propri utenti. La creazione e la formattazione di report tabulari di base \u00e8 piuttosto semplice grazie al selettore di campi e al riquadro di anteprima facilitata del sistema.<\/p>\n<h2>EXAGO &#8211; TUTORIAL<\/h2>\n<p>Questo tutorial ha lo scopo di fornirti gli strumenti necessari per iniziare a creare report con questo <strong>software di business intelligence<\/strong>:<\/p>\n<div id=\"fluid-wrapper-counter-1\" class=\"g1-fluid-wrapper \" style=\"width:686px;\">\n<div style=\"padding-bottom:56.268221574344%;\"><iframe loading=\"lazy\" title=\"Basic Training - Intro\" width=\"686\" height=\"386\" src=\"https:\/\/www.youtube.com\/embed\/videoseries?list=PLHOb4Lh2ueDvJ0hxIVDe79K5gUnnD-pEt\" frameborder=\"0\" allow=\"accelerometer; autoplay; encrypted-media; gyroscope; picture-in-picture\" allowfullscreen><\/iframe><\/div>\n<\/div>\n<h3>EXAGO &#8211; CARATTERISTICHE<\/h3>\n<ul>\n<li><strong>Modelli perfetti per i pixel<\/strong>: questa potente funzionalit\u00e0 rende breve il lavoro dei moduli, automatizzando il processo di fusione dei dati filtrati in modelli PDF, RTF ed Excel altamente formattati come moduli W-9, fatture, ordini di acquisto e moduli medici.<\/li>\n<li><strong>Tabulazione avanzata<\/strong>: i\u00a0report tabulari sono i cavalli di battaglia del mondo BI, quindi la conversione dei report ExpressView nel generatore di report avanzato simile a Excel per una modifica dei dati pi\u00f9 sofisticata.<\/li>\n<li><strong>Filtraggio flessibile:<\/strong> il filtro migliora l&#8217;efficienza e la comprensione dei rapporti. Gli utenti possono imporre gerarchie di filtri, raggruppamenti di filtri complessi, funzioni di filtro, parametri, filtri di richiesta e altro. I filtri interattivi di post-esecuzione sono disponibili per l&#8217;uso nei report nel visualizzatore HTML, quindi, anche se un utente non ha creato un report, pu\u00f2 comunque esplorarlo.<\/li>\n<li><strong>Utilit\u00e0 di pianificazione report automatizzata:<\/strong>\u00a0I rapporti possono essere programmati per l&#8217;invio automatico tramite email o archiviazione. Tutti i parametri come periodi di tempo, ricorrenza e destinatari possono essere impostati nel Report Scheduler.<\/li>\n<li><strong>Creazione di formule intelligenti<\/strong>: il generatore di formule utilizza la codifica a colori per facilitare la comprensione, contrassegna gli errori di sintassi durante la digitazione degli utenti, suggerisce opzioni di completamento automatico e spiega contestualmente sia le funzioni che i loro argomenti.<\/li>\n<li><strong>Collegamento tra rapporti e approfondimenti<\/strong>: gli utenti decidono dove e in che modo i rapporti si collegano tra loro per creare analisi dettagliate, aggiungendo contesto e maggiori dettagli alle loro query.<\/li>\n<li><strong>Esportazione e programmazione<\/strong>: i clienti\u00a0possono esportare report in file PDF, XLS, CSV o RTF; rapporti email con un semplice clic; e pianificare consegne ricorrenti di rapporti per mantenere aggiornato il team.<\/li>\n<\/ul>\n<h4>LE RECENSIONI DEGLI UTENTI<\/h4>\n<h4>Dominic D. &#8220;Semplice applicazione di BI integrata da utilizzare e con cui integrare&#8221;<\/h4>\n<p><strong>Vantaggi<\/strong>: la facilit\u00e0 d&#8217;uso di ExpressViews per i nostri utenti meno esperti di tecnologia<\/p>\n<p><strong>Inconvenienti<\/strong>: mancano alcune funzionalit\u00e0 quando si tratta di selezioni di parametri per un report, come la selezione multipla in un parametro.<\/p>\n<h4>Jason Y. &#8220;Exago &#8211; Tutto quello che cercavamo in una soluzione di BI integrata&#8221;<\/h4>\n<p><strong>Commenti<\/strong>: La nostra esperienza con i team di vendita e consegna di Exago \u00e8 stata fantastica. Il prodotto ha consegnato in tutti i modi in cui \u00e8 stato posizionato per noi e il loro team di assistenza clienti \u00e8 stato a dir poco eccezionale. Consiglio vivamente di esplorare Exago se stai cercando uno strumento di BI incorporato da aggiungere alla tua soluzione esistente!<\/p>\n<p><strong>Vantaggi<\/strong>: capacit\u00e0 di gestire uno schema dati unico, funzionalit\u00e0 e facilit\u00e0 d&#8217;uso, incredibile assistenza clienti.<\/p>\n<p><strong>Inconvenienti<\/strong>: una cosa, il controllo di selezione della data (dispositivo di scorrimento dell&#8217;intervallo di date) nel generatore di report avanzato.<\/p>\n<h4>Robert M. &#8220;Prodotto perfetto per integrare la generazione di report e la BI nel tuo prodotto software&#8221;<\/h4>\n<p><strong>Commenti<\/strong>: la societ\u00e0 \u00e8 molto reattiva sia nel supporto che nel rilascio di nuove funzionalit\u00e0.<\/p>\n<p><strong>Vantaggi<\/strong>: molto flessibile, facile da implementare come parte del proprio pacchetto di consegna. includere il generatore di report e la BI nello stesso prodotto.<\/p>\n<p><strong>Inconvenienti<\/strong>: mancano ancora alcune funzionalit\u00e0 che semplificherebbero l&#8217;utilizzo da parte dei nostri utenti. Migliora ad ogni nuova versione.<\/p>\n","protected":false},"excerpt":{"rendered":"<p>Exago \u00e8 una piattaforma di business intelligence self-service ricca di funzionalit\u00e0 essenziali come per esempio report e analisi ad hoc, dashboard personalizzabili e gestione dei dati.\u00a0Questa soluzione web-based offre agli utenti il \u200b\u200bcontrollo assoluto sull&#8217;intero ciclo di vita dei report. Dai grafici alle mappe e ai campi incrociati, il software rende i processi di business intelligence rapidi, precisi e facili.<\/p>\n","protected":false},"author":19,"featured_media":21591,"parent":32646,"menu_order":0,"comment_status":"open","ping_status":"closed","template":"g1_template_page_review_new.php","meta":{"_acf_changed":false,"cwp_meta_box_check":"Yes","cwp_rev_product_name":"","cwp_rev_product_image":"","wppr_links":[],"cwp_rev_price":"","wppr_options":[],"wppr_pros":[],"wppr_cons":[],"_monsterinsights_skip_tracking":false,"_monsterinsights_sitenote_active":false,"_monsterinsights_sitenote_note":"","_monsterinsights_sitenote_category":0,"footnotes":""},"categories":[1555],"tags":[1621,1561,1631,1404,1560,1557,1556,1558],"features":[],"class_list":{"0":"post-21589","1":"page","2":"type-page","3":"status-publish","4":"has-post-thumbnail","6":"category-business-intelligence-it","7":"tag-analisi-dati","8":"tag-bi","9":"tag-exago","10":"tag-generare-rapporti","11":"tag-piattaforma-business-intelligence","12":"tag-programma-business-intelligence","13":"tag-software-business-intelligence","14":"tag-soluzione-business-intelligence"},"wppr_data":{"cwp_meta_box_check":"Yes","cwp_rev_product_name":"","cwp_rev_product_image":"","cwp_image_link":"image","cwp_rev_price":"","wppr_rating":"0.00"},"acf":[],"yoast_head":"<!-- This site is optimized with the Yoast SEO plugin v27.4 - https:\/\/yoast.com\/product\/yoast-seo-wordpress\/ -->\n<title>Exago: recensione software Business Intelligence - Accurate Reviews<\/title>\n<meta name=\"description\" content=\"Exago: recensione piattaforma di business intelligence ricca di funzionalit\u00e0 come per esempio report, dashboard personalizzabili e gestione dati.\u00a0\" \/>\n<meta name=\"robots\" content=\"index, follow, max-snippet:-1, max-image-preview:large, max-video-preview:-1\" \/>\n<link rel=\"canonical\" href=\"https:\/\/www.accuratereviews.com\/it\/business-intelligence\/exago-recensione\/\" \/>\n<meta property=\"og:locale\" content=\"it_IT\" \/>\n<meta property=\"og:type\" content=\"article\" \/>\n<meta property=\"og:title\" content=\"Exago: recensione software Business Intelligence - Accurate Reviews\" \/>\n<meta property=\"og:description\" content=\"Exago: recensione piattaforma di business intelligence ricca di funzionalit\u00e0 come per esempio report, dashboard personalizzabili e gestione dati.\u00a0\" \/>\n<meta property=\"og:url\" content=\"https:\/\/www.accuratereviews.com\/it\/business-intelligence\/exago-recensione\/\" \/>\n<meta property=\"og:site_name\" content=\"Accurate Reviews\" \/>\n<meta property=\"article:modified_time\" content=\"2021-05-18T14:42:22+00:00\" \/>\n<meta property=\"og:image\" content=\"https:\/\/www.accuratereviews.com\/wp-content\/uploads\/2019\/12\/Exago.png\" \/>\n\t<meta property=\"og:image:width\" content=\"715\" \/>\n\t<meta property=\"og:image:height\" content=\"390\" \/>\n\t<meta property=\"og:image:type\" content=\"image\/png\" \/>\n<meta name=\"twitter:card\" content=\"summary_large_image\" \/>\n<meta name=\"twitter:label1\" content=\"Tempo di lettura stimato\" \/>\n\t<meta name=\"twitter:data1\" content=\"3 minuti\" \/>\n<script type=\"application\/ld+json\" class=\"yoast-schema-graph\">{\"@context\":\"https:\\\/\\\/schema.org\",\"@graph\":[{\"@type\":\"WebPage\",\"@id\":\"https:\\\/\\\/www.accuratereviews.com\\\/it\\\/business-intelligence\\\/exago-recensione\\\/\",\"url\":\"https:\\\/\\\/www.accuratereviews.com\\\/it\\\/business-intelligence\\\/exago-recensione\\\/\",\"name\":\"Exago: recensione software Business Intelligence - Accurate Reviews\",\"isPartOf\":{\"@id\":\"https:\\\/\\\/www.accuratereviews.com\\\/it\\\/#website\"},\"primaryImageOfPage\":{\"@id\":\"https:\\\/\\\/www.accuratereviews.com\\\/it\\\/business-intelligence\\\/exago-recensione\\\/#primaryimage\"},\"image\":{\"@id\":\"https:\\\/\\\/www.accuratereviews.com\\\/it\\\/business-intelligence\\\/exago-recensione\\\/#primaryimage\"},\"thumbnailUrl\":\"https:\\\/\\\/www.accuratereviews.com\\\/wp-content\\\/uploads\\\/2019\\\/12\\\/Exago.png\",\"datePublished\":\"2019-12-24T14:15:28+00:00\",\"dateModified\":\"2021-05-18T14:42:22+00:00\",\"description\":\"Exago: recensione piattaforma di business intelligence ricca di funzionalit\u00e0 come per esempio report, dashboard personalizzabili e gestione dati.\u00a0\",\"breadcrumb\":{\"@id\":\"https:\\\/\\\/www.accuratereviews.com\\\/it\\\/business-intelligence\\\/exago-recensione\\\/#breadcrumb\"},\"inLanguage\":\"it-IT\",\"potentialAction\":[{\"@type\":\"ReadAction\",\"target\":[\"https:\\\/\\\/www.accuratereviews.com\\\/it\\\/business-intelligence\\\/exago-recensione\\\/\"]}]},{\"@type\":\"ImageObject\",\"inLanguage\":\"it-IT\",\"@id\":\"https:\\\/\\\/www.accuratereviews.com\\\/it\\\/business-intelligence\\\/exago-recensione\\\/#primaryimage\",\"url\":\"https:\\\/\\\/www.accuratereviews.com\\\/wp-content\\\/uploads\\\/2019\\\/12\\\/Exago.png\",\"contentUrl\":\"https:\\\/\\\/www.accuratereviews.com\\\/wp-content\\\/uploads\\\/2019\\\/12\\\/Exago.png\",\"width\":715,\"height\":390},{\"@type\":\"BreadcrumbList\",\"@id\":\"https:\\\/\\\/www.accuratereviews.com\\\/it\\\/business-intelligence\\\/exago-recensione\\\/#breadcrumb\",\"itemListElement\":[{\"@type\":\"ListItem\",\"position\":1,\"name\":\"Home\",\"item\":\"https:\\\/\\\/www.accuratereviews.com\\\/it\\\/\"},{\"@type\":\"ListItem\",\"position\":2,\"name\":\"Business intelligence\",\"item\":\"https:\\\/\\\/www.accuratereviews.com\\\/it\\\/business-intelligence\\\/\"},{\"@type\":\"ListItem\",\"position\":3,\"name\":\"Exago\"}]},{\"@type\":\"WebSite\",\"@id\":\"https:\\\/\\\/www.accuratereviews.com\\\/it\\\/#website\",\"url\":\"https:\\\/\\\/www.accuratereviews.com\\\/it\\\/\",\"name\":\"Accurate Reviews\",\"description\":\"\",\"potentialAction\":[{\"@type\":\"SearchAction\",\"target\":{\"@type\":\"EntryPoint\",\"urlTemplate\":\"https:\\\/\\\/www.accuratereviews.com\\\/it\\\/?s={search_term_string}\"},\"query-input\":{\"@type\":\"PropertyValueSpecification\",\"valueRequired\":true,\"valueName\":\"search_term_string\"}}],\"inLanguage\":\"it-IT\"}]}<\/script>\n<!-- \/ Yoast SEO plugin. -->","yoast_head_json":{"title":"Exago: recensione software Business Intelligence - Accurate Reviews","description":"Exago: recensione piattaforma di business intelligence ricca di funzionalit\u00e0 come per esempio report, dashboard personalizzabili e gestione dati.\u00a0","robots":{"index":"index","follow":"follow","max-snippet":"max-snippet:-1","max-image-preview":"max-image-preview:large","max-video-preview":"max-video-preview:-1"},"canonical":"https:\/\/www.accuratereviews.com\/it\/business-intelligence\/exago-recensione\/","og_locale":"it_IT","og_type":"article","og_title":"Exago: recensione software Business Intelligence - Accurate Reviews","og_description":"Exago: recensione piattaforma di business intelligence ricca di funzionalit\u00e0 come per esempio report, dashboard personalizzabili e gestione dati.\u00a0","og_url":"https:\/\/www.accuratereviews.com\/it\/business-intelligence\/exago-recensione\/","og_site_name":"Accurate Reviews","article_modified_time":"2021-05-18T14:42:22+00:00","og_image":[{"width":715,"height":390,"url":"https:\/\/www.accuratereviews.com\/wp-content\/uploads\/2019\/12\/Exago.png","type":"image\/png"}],"twitter_card":"summary_large_image","twitter_misc":{"Tempo di lettura stimato":"3 minuti"},"schema":{"@context":"https:\/\/schema.org","@graph":[{"@type":"WebPage","@id":"https:\/\/www.accuratereviews.com\/it\/business-intelligence\/exago-recensione\/","url":"https:\/\/www.accuratereviews.com\/it\/business-intelligence\/exago-recensione\/","name":"Exago: recensione software Business Intelligence - Accurate Reviews","isPartOf":{"@id":"https:\/\/www.accuratereviews.com\/it\/#website"},"primaryImageOfPage":{"@id":"https:\/\/www.accuratereviews.com\/it\/business-intelligence\/exago-recensione\/#primaryimage"},"image":{"@id":"https:\/\/www.accuratereviews.com\/it\/business-intelligence\/exago-recensione\/#primaryimage"},"thumbnailUrl":"https:\/\/www.accuratereviews.com\/wp-content\/uploads\/2019\/12\/Exago.png","datePublished":"2019-12-24T14:15:28+00:00","dateModified":"2021-05-18T14:42:22+00:00","description":"Exago: recensione piattaforma di business intelligence ricca di funzionalit\u00e0 come per esempio report, dashboard personalizzabili e gestione dati.\u00a0","breadcrumb":{"@id":"https:\/\/www.accuratereviews.com\/it\/business-intelligence\/exago-recensione\/#breadcrumb"},"inLanguage":"it-IT","potentialAction":[{"@type":"ReadAction","target":["https:\/\/www.accuratereviews.com\/it\/business-intelligence\/exago-recensione\/"]}]},{"@type":"ImageObject","inLanguage":"it-IT","@id":"https:\/\/www.accuratereviews.com\/it\/business-intelligence\/exago-recensione\/#primaryimage","url":"https:\/\/www.accuratereviews.com\/wp-content\/uploads\/2019\/12\/Exago.png","contentUrl":"https:\/\/www.accuratereviews.com\/wp-content\/uploads\/2019\/12\/Exago.png","width":715,"height":390},{"@type":"BreadcrumbList","@id":"https:\/\/www.accuratereviews.com\/it\/business-intelligence\/exago-recensione\/#breadcrumb","itemListElement":[{"@type":"ListItem","position":1,"name":"Home","item":"https:\/\/www.accuratereviews.com\/it\/"},{"@type":"ListItem","position":2,"name":"Business intelligence","item":"https:\/\/www.accuratereviews.com\/it\/business-intelligence\/"},{"@type":"ListItem","position":3,"name":"Exago"}]},{"@type":"WebSite","@id":"https:\/\/www.accuratereviews.com\/it\/#website","url":"https:\/\/www.accuratereviews.com\/it\/","name":"Accurate Reviews","description":"","potentialAction":[{"@type":"SearchAction","target":{"@type":"EntryPoint","urlTemplate":"https:\/\/www.accuratereviews.com\/it\/?s={search_term_string}"},"query-input":{"@type":"PropertyValueSpecification","valueRequired":true,"valueName":"search_term_string"}}],"inLanguage":"it-IT"}]}},"_links":{"self":[{"href":"https:\/\/www.accuratereviews.com\/it\/wp-json\/wp\/v2\/pages\/21589","targetHints":{"allow":["GET"]}}],"collection":[{"href":"https:\/\/www.accuratereviews.com\/it\/wp-json\/wp\/v2\/pages"}],"about":[{"href":"https:\/\/www.accuratereviews.com\/it\/wp-json\/wp\/v2\/types\/page"}],"author":[{"embeddable":true,"href":"https:\/\/www.accuratereviews.com\/it\/wp-json\/wp\/v2\/users\/19"}],"replies":[{"embeddable":true,"href":"https:\/\/www.accuratereviews.com\/it\/wp-json\/wp\/v2\/comments?post=21589"}],"version-history":[{"count":12,"href":"https:\/\/www.accuratereviews.com\/it\/wp-json\/wp\/v2\/pages\/21589\/revisions"}],"predecessor-version":[{"id":42925,"href":"https:\/\/www.accuratereviews.com\/it\/wp-json\/wp\/v2\/pages\/21589\/revisions\/42925"}],"up":[{"embeddable":true,"href":"https:\/\/www.accuratereviews.com\/it\/wp-json\/wp\/v2\/pages\/32646"}],"wp:featuredmedia":[{"embeddable":true,"href":"https:\/\/www.accuratereviews.com\/it\/wp-json\/wp\/v2\/media\/21591"}],"wp:attachment":[{"href":"https:\/\/www.accuratereviews.com\/it\/wp-json\/wp\/v2\/media?parent=21589"}],"wp:term":[{"taxonomy":"category","embeddable":true,"href":"https:\/\/www.accuratereviews.com\/it\/wp-json\/wp\/v2\/categories?post=21589"},{"taxonomy":"post_tag","embeddable":true,"href":"https:\/\/www.accuratereviews.com\/it\/wp-json\/wp\/v2\/tags?post=21589"},{"taxonomy":"features","embeddable":true,"href":"https:\/\/www.accuratereviews.com\/it\/wp-json\/wp\/v2\/features?post=21589"}],"curies":[{"name":"wp","href":"https:\/\/api.w.org\/{rel}","templated":true}]}}