{"id":21607,"date":"2019-12-27T14:52:37","date_gmt":"2019-12-27T14:52:37","guid":{"rendered":"https:\/\/www.accuratereviews.com\/?page_id=21607"},"modified":"2021-05-14T15:13:34","modified_gmt":"2021-05-14T15:13:34","slug":"activtrak-recensione","status":"publish","type":"page","link":"https:\/\/www.accuratereviews.com\/it\/business-intelligence\/activtrak-recensione\/","title":{"rendered":"ActivTrak"},"content":{"rendered":"<p><strong>ActivTrak<\/strong> \u00e8 una<strong> piattaforma online di business intelligence<\/strong> che aiuta tutte team e organizzazioni di qualsiasi tipo a ottimizzare i processi aziendali che normalmente richiedono tempo ed energie. Si tratta di un software dall&#8217;istallazione facile e veloce, che offre <strong>piani flessibili e scalabili<\/strong>, tra cui una versione totalmente gratuita, in modo tale da soddisfare le esigenze di tutti. Gli obiettivi che si pone riguardano l&#8217;aumento della produttivit\u00e0, l&#8217;ottimizzazione dell&#8217;efficienza operativa e il consolidamento della sicurezza. Dispone di<strong> strumenti di analisi davvero funzionali<\/strong> per l&#8217;acquisizione di dati imparziali che ti consentono di avere una visione completa del flusso di lavoro in modo tale da poter apportare eventuali modifiche e miglioramenti.<\/p>\n<h2>COME FUNZIONA ACTIVTRAK &#8211; TUTORIAL<\/h2>\n<p>Ecco un video che ci insegna a utilizzare questo software:<\/p>\n<div id=\"fluid-wrapper-counter-1\" class=\"g1-fluid-wrapper \" style=\"width:686px;\">\n<div style=\"padding-bottom:56.268221574344%;\"><iframe loading=\"lazy\" title=\"ActivTrak Demo\" width=\"686\" height=\"386\" src=\"https:\/\/www.youtube.com\/embed\/8rekE46TaDo?feature=oembed&amp;wmode=transparent&amp;autohide=1&amp;autoplay=0&amp;disablekb=0&amp;fs=1&amp;loop=0&amp;enablejsapi=1&amp;rel=0&amp;controls=2&amp;showinfo=0&amp;wmode=transparent&amp;autohide=2&amp;autoplay=0&amp;disablekb=0&amp;fs=1&amp;loop=0&amp;enablejsapi=1&amp;rel=0&amp;controls=2&amp;showinfo=1\" frameborder=\"0\" allow=\"accelerometer; autoplay; clipboard-write; encrypted-media; gyroscope; picture-in-picture\" allowfullscreen><\/iframe><\/div>\n<\/div>\n<h3>ACTIVTRAK &#8211; CARATTERISTICHE<\/h3>\n<p>Di seguito elenchiamo le sue principali caratteristiche:<\/p>\n<ul>\n<li><strong>Strumenti di analisi<\/strong>: analizza le tendenze organizzative della produttivit\u00e0 e consenti ai team di gestire e scoprire gli assassini nascosti della produttivit\u00e0 cos\u00ec da rimanere sempre aggiornati su tutto<\/li>\n<li><strong>Strumenti per l&#8217;ottimizzazione della produttivit\u00e0<\/strong>: migliora l&#8217;efficienza operativa comprendendo i singoli processi end-to-end da input a output. In questo modo potrai prendere decisioni basate sui dati su come ottimizzare la tua organizzazione per ottenere pi\u00f9 output senza investire in pi\u00f9 risorse<\/li>\n<li><strong>Gestione della forza lavoro<\/strong>: a tua disposizione gli strumenti e le informazioni per capire cosa sta succedendo e per gestire in modo efficiente i team remoti come se foste tutti seduti nella stessa stanza<\/li>\n<li><strong>Pagina allarmi<\/strong>: scopri chi accede ai file sensibili, chi partecipa ad attivit\u00e0 rischioso e proteggi le risorse dalle minacce interne<\/li>\n<li><strong>Dati utente completi e imparziali<\/strong>: monitora e misura l&#8217;attivit\u00e0 lavorativa senza fare affidamento su input umani. Questo set di dati imparziale include nomi utente, barre del titolo dell&#8217;applicazione, URL di siti Web, durata dell&#8217;attivit\u00e0, schermate, tempi di inattivit\u00e0 e attivit\u00e0 USB<\/li>\n<li><strong>Report sulla produttivit\u00e0 individuale<\/strong>: utilizza i report per vedere quando l&#8217;organizzazione nel suo complesso diventa meno produttiva e identifica qual era il catalizzatore.<\/li>\n<\/ul>\n<h3>LE RECENSIONI DEGLI UTENTI<\/h3>\n<p><strong>&#8220;Miglior software di monitoraggio&#8221;<\/strong><br \/>\nIN GENERALE: report rapidi e facili sull&#8217;attivit\u00e0 dei dipendenti sui computer di lavoro. In particolare, produttivit\u00e0, registro delle attivit\u00e0 e visualizzazione delle schermate in tempo reale.<br \/>\nPRO: ActivTrak fa tutto ci\u00f2 di cui hai bisogno e niente che non fai. \u00c8 facile da usare, visivamente accattivante e robusto. Inoltre, rilasciano la maggior parte degli aggiornamenti di qualsiasi software correlato.<br \/>\nCONTRO: Il software tende a creare pi\u00f9 &#8220;utenti&#8221; (persone che stai monitorando) per la stessa persona. Un record per il computer, un altro per l&#8217;identit\u00e0 Windows\/Chrome associata e talvolta altri se dispongono di pi\u00f9 account utente sullo stesso computer. Ci\u00f2 pu\u00f2 causare la tracciabilit\u00e0 di 3 o pi\u00f9 record utente per una singola persona. Puoi raggrupparli insieme e utilizzare un alias, il che \u00e8 fantastico, ma il numero complessivo di utenti che hanno segnalato influir\u00e0 sul tuo piano di fatturazione.<\/p>\n<p><strong>&#8220;Le caratteristiche sono impeccabilmente accurate e in linea con gli elementi pubblicizzati&#8221;<\/strong><br \/>\nPRO: La possibilit\u00e0 di monitorare i dipendenti e le loro stazioni di lavoro attraverso un&#8217;unica interfaccia \u00e8 un aggiornamento nella mia area di lavoro. Il monitoraggio del tempo e l&#8217;analisi della produttivit\u00e0 mi hanno aiutato molto nel mio lavoro e sono attualmente le mie funzioni preferite tra tutte le fantastiche funzionalit\u00e0 di Activtrak. Ho provato altri software con funzionalit\u00e0 simili promosse ma rallenta il sistema, con ActivTrak, il sistema funziona bene e non sembra esserci alcun periodo di ritardo. \u00c8 grande.<br \/>\nCONTRO: un feed live della schermata dei dipendenti non \u00e8 disponibile. Sarebbe un&#8217;ottima aggiunta se le funzionalit\u00e0 includessero feed dal vivo perch\u00e9 gli screenshot sono appena disponibili.<\/p>\n<p><strong>&#8220;Ottimo prodotto e servizio&#8221;<\/strong><br \/>\nIN GENERALE: questo prodotto pu\u00f2 fare esattamente ci\u00f2 che pubblicizza. \u00c8 possibile impostare questo programma su un computer e una volta effettuato l&#8217;accesso, il programma esegue il monitoraggio in qualsiasi momento. Il report di attivit\u00e0 \u00e8 molto dettagliato e mostra quando \u00e8 stata scattata una schermata.<br \/>\nPRO: puoi vedere schermate di diversi intervalli di tempo e puoi esportare il tempo in Excel per i record. Ha un&#8217;interfaccia molto facile da usare e traccia il tempo produttivo in modo efficace. Fornisce inoltre un&#8217;autenticazione a due fattori insieme all&#8217;integrazione di Active Directory che ha completato l&#8217;elenco delle funzionalit\u00e0.<br \/>\nCONTRO: Tutte le informazioni memorizzate possono consumare lo spazio sul disco rigido molto rapidamente. Nessun OCR per gli screenshot catturati e non viene fornito alcun meccanismo di keylogging.<\/p>\n","protected":false},"excerpt":{"rendered":"<p>ActivTrak \u00e8 una piattaforma online di business intelligence che aiuta tutte team e organizzazioni di qualsiasi tipo a ottimizzare i processi aziendali che normalmente richiedono tempo ed energie. Si tratta di un software dall&#8217;istallazione facile e veloce, che offre piani flessibili e scalabili, tra cui una versione totalmente gratuita, in modo tale da soddisfare le esigenze di tutti.<\/p>\n","protected":false},"author":17,"featured_media":21608,"parent":32646,"menu_order":0,"comment_status":"open","ping_status":"closed","template":"g1_template_page_review_new.php","meta":{"_acf_changed":false,"cwp_meta_box_check":"Yes","cwp_rev_product_name":"","cwp_rev_product_image":"","wppr_links":[],"cwp_rev_price":"","wppr_options":[],"wppr_pros":[],"wppr_cons":[],"_monsterinsights_skip_tracking":false,"_monsterinsights_sitenote_active":false,"_monsterinsights_sitenote_note":"","_monsterinsights_sitenote_category":0,"footnotes":""},"categories":[1555],"tags":[1561,1565,1564,1521],"features":[],"class_list":{"0":"post-21607","1":"page","2":"type-page","3":"status-publish","4":"has-post-thumbnail","6":"category-business-intelligence-it","7":"tag-bi","8":"tag-business-intelligence","9":"tag-business-intelligence-software","10":"tag-piattaforma-di-business-intelligence"},"wppr_data":{"cwp_meta_box_check":"Yes","cwp_rev_product_name":"","cwp_rev_product_image":"","cwp_image_link":"image","cwp_rev_price":"","wppr_rating":"0.00"},"acf":[],"yoast_head":"<!-- This site is optimized with the Yoast SEO plugin v27.4 - https:\/\/yoast.com\/product\/yoast-seo-wordpress\/ -->\n<title>ActivTrak: recensione piattaforma business intelligence - Accurate Reviews<\/title>\n<meta name=\"description\" content=\"ActivTrak: recensione della piattaforma di business intelligence che aiuta tutte team e organizzazioni di qualsiasi tipo a ottimizzare i processi aziendali.\" \/>\n<meta name=\"robots\" content=\"index, follow, max-snippet:-1, max-image-preview:large, max-video-preview:-1\" \/>\n<link rel=\"canonical\" href=\"https:\/\/www.accuratereviews.com\/it\/business-intelligence\/activtrak-recensione\/\" \/>\n<meta property=\"og:locale\" content=\"it_IT\" \/>\n<meta property=\"og:type\" content=\"article\" \/>\n<meta property=\"og:title\" content=\"ActivTrak: recensione piattaforma business intelligence - Accurate Reviews\" \/>\n<meta property=\"og:description\" content=\"ActivTrak: recensione della piattaforma di business intelligence che aiuta tutte team e organizzazioni di qualsiasi tipo a ottimizzare i processi aziendali.\" \/>\n<meta property=\"og:url\" content=\"https:\/\/www.accuratereviews.com\/it\/business-intelligence\/activtrak-recensione\/\" \/>\n<meta property=\"og:site_name\" content=\"Accurate Reviews\" \/>\n<meta property=\"article:modified_time\" content=\"2021-05-14T15:13:34+00:00\" \/>\n<meta property=\"og:image\" content=\"https:\/\/www.accuratereviews.com\/wp-content\/uploads\/2019\/12\/download.png\" \/>\n\t<meta property=\"og:image:width\" content=\"512\" \/>\n\t<meta property=\"og:image:height\" content=\"98\" \/>\n\t<meta property=\"og:image:type\" content=\"image\/png\" \/>\n<meta name=\"twitter:card\" content=\"summary_large_image\" \/>\n<meta name=\"twitter:label1\" content=\"Tempo di lettura stimato\" \/>\n\t<meta name=\"twitter:data1\" content=\"4 minuti\" \/>\n<script type=\"application\/ld+json\" class=\"yoast-schema-graph\">{\"@context\":\"https:\\\/\\\/schema.org\",\"@graph\":[{\"@type\":\"WebPage\",\"@id\":\"https:\\\/\\\/www.accuratereviews.com\\\/it\\\/business-intelligence\\\/activtrak-recensione\\\/\",\"url\":\"https:\\\/\\\/www.accuratereviews.com\\\/it\\\/business-intelligence\\\/activtrak-recensione\\\/\",\"name\":\"ActivTrak: recensione piattaforma business intelligence - Accurate Reviews\",\"isPartOf\":{\"@id\":\"https:\\\/\\\/www.accuratereviews.com\\\/it\\\/#website\"},\"primaryImageOfPage\":{\"@id\":\"https:\\\/\\\/www.accuratereviews.com\\\/it\\\/business-intelligence\\\/activtrak-recensione\\\/#primaryimage\"},\"image\":{\"@id\":\"https:\\\/\\\/www.accuratereviews.com\\\/it\\\/business-intelligence\\\/activtrak-recensione\\\/#primaryimage\"},\"thumbnailUrl\":\"https:\\\/\\\/www.accuratereviews.com\\\/wp-content\\\/uploads\\\/2019\\\/12\\\/download.png\",\"datePublished\":\"2019-12-27T14:52:37+00:00\",\"dateModified\":\"2021-05-14T15:13:34+00:00\",\"description\":\"ActivTrak: recensione della piattaforma di business intelligence che aiuta tutte team e organizzazioni di qualsiasi tipo a ottimizzare i processi aziendali.\",\"breadcrumb\":{\"@id\":\"https:\\\/\\\/www.accuratereviews.com\\\/it\\\/business-intelligence\\\/activtrak-recensione\\\/#breadcrumb\"},\"inLanguage\":\"it-IT\",\"potentialAction\":[{\"@type\":\"ReadAction\",\"target\":[\"https:\\\/\\\/www.accuratereviews.com\\\/it\\\/business-intelligence\\\/activtrak-recensione\\\/\"]}]},{\"@type\":\"ImageObject\",\"inLanguage\":\"it-IT\",\"@id\":\"https:\\\/\\\/www.accuratereviews.com\\\/it\\\/business-intelligence\\\/activtrak-recensione\\\/#primaryimage\",\"url\":\"https:\\\/\\\/www.accuratereviews.com\\\/wp-content\\\/uploads\\\/2019\\\/12\\\/download.png\",\"contentUrl\":\"https:\\\/\\\/www.accuratereviews.com\\\/wp-content\\\/uploads\\\/2019\\\/12\\\/download.png\",\"width\":512,\"height\":98},{\"@type\":\"BreadcrumbList\",\"@id\":\"https:\\\/\\\/www.accuratereviews.com\\\/it\\\/business-intelligence\\\/activtrak-recensione\\\/#breadcrumb\",\"itemListElement\":[{\"@type\":\"ListItem\",\"position\":1,\"name\":\"Home\",\"item\":\"https:\\\/\\\/www.accuratereviews.com\\\/it\\\/\"},{\"@type\":\"ListItem\",\"position\":2,\"name\":\"Business intelligence\",\"item\":\"https:\\\/\\\/www.accuratereviews.com\\\/it\\\/business-intelligence\\\/\"},{\"@type\":\"ListItem\",\"position\":3,\"name\":\"ActivTrak\"}]},{\"@type\":\"WebSite\",\"@id\":\"https:\\\/\\\/www.accuratereviews.com\\\/it\\\/#website\",\"url\":\"https:\\\/\\\/www.accuratereviews.com\\\/it\\\/\",\"name\":\"Accurate Reviews\",\"description\":\"\",\"potentialAction\":[{\"@type\":\"SearchAction\",\"target\":{\"@type\":\"EntryPoint\",\"urlTemplate\":\"https:\\\/\\\/www.accuratereviews.com\\\/it\\\/?s={search_term_string}\"},\"query-input\":{\"@type\":\"PropertyValueSpecification\",\"valueRequired\":true,\"valueName\":\"search_term_string\"}}],\"inLanguage\":\"it-IT\"}]}<\/script>\n<!-- \/ Yoast SEO plugin. -->","yoast_head_json":{"title":"ActivTrak: recensione piattaforma business intelligence - Accurate Reviews","description":"ActivTrak: recensione della piattaforma di business intelligence che aiuta tutte team e organizzazioni di qualsiasi tipo a ottimizzare i processi aziendali.","robots":{"index":"index","follow":"follow","max-snippet":"max-snippet:-1","max-image-preview":"max-image-preview:large","max-video-preview":"max-video-preview:-1"},"canonical":"https:\/\/www.accuratereviews.com\/it\/business-intelligence\/activtrak-recensione\/","og_locale":"it_IT","og_type":"article","og_title":"ActivTrak: recensione piattaforma business intelligence - Accurate Reviews","og_description":"ActivTrak: recensione della piattaforma di business intelligence che aiuta tutte team e organizzazioni di qualsiasi tipo a ottimizzare i processi aziendali.","og_url":"https:\/\/www.accuratereviews.com\/it\/business-intelligence\/activtrak-recensione\/","og_site_name":"Accurate Reviews","article_modified_time":"2021-05-14T15:13:34+00:00","og_image":[{"width":512,"height":98,"url":"https:\/\/www.accuratereviews.com\/wp-content\/uploads\/2019\/12\/download.png","type":"image\/png"}],"twitter_card":"summary_large_image","twitter_misc":{"Tempo di lettura stimato":"4 minuti"},"schema":{"@context":"https:\/\/schema.org","@graph":[{"@type":"WebPage","@id":"https:\/\/www.accuratereviews.com\/it\/business-intelligence\/activtrak-recensione\/","url":"https:\/\/www.accuratereviews.com\/it\/business-intelligence\/activtrak-recensione\/","name":"ActivTrak: recensione piattaforma business intelligence - Accurate Reviews","isPartOf":{"@id":"https:\/\/www.accuratereviews.com\/it\/#website"},"primaryImageOfPage":{"@id":"https:\/\/www.accuratereviews.com\/it\/business-intelligence\/activtrak-recensione\/#primaryimage"},"image":{"@id":"https:\/\/www.accuratereviews.com\/it\/business-intelligence\/activtrak-recensione\/#primaryimage"},"thumbnailUrl":"https:\/\/www.accuratereviews.com\/wp-content\/uploads\/2019\/12\/download.png","datePublished":"2019-12-27T14:52:37+00:00","dateModified":"2021-05-14T15:13:34+00:00","description":"ActivTrak: recensione della piattaforma di business intelligence che aiuta tutte team e organizzazioni di qualsiasi tipo a ottimizzare i processi aziendali.","breadcrumb":{"@id":"https:\/\/www.accuratereviews.com\/it\/business-intelligence\/activtrak-recensione\/#breadcrumb"},"inLanguage":"it-IT","potentialAction":[{"@type":"ReadAction","target":["https:\/\/www.accuratereviews.com\/it\/business-intelligence\/activtrak-recensione\/"]}]},{"@type":"ImageObject","inLanguage":"it-IT","@id":"https:\/\/www.accuratereviews.com\/it\/business-intelligence\/activtrak-recensione\/#primaryimage","url":"https:\/\/www.accuratereviews.com\/wp-content\/uploads\/2019\/12\/download.png","contentUrl":"https:\/\/www.accuratereviews.com\/wp-content\/uploads\/2019\/12\/download.png","width":512,"height":98},{"@type":"BreadcrumbList","@id":"https:\/\/www.accuratereviews.com\/it\/business-intelligence\/activtrak-recensione\/#breadcrumb","itemListElement":[{"@type":"ListItem","position":1,"name":"Home","item":"https:\/\/www.accuratereviews.com\/it\/"},{"@type":"ListItem","position":2,"name":"Business intelligence","item":"https:\/\/www.accuratereviews.com\/it\/business-intelligence\/"},{"@type":"ListItem","position":3,"name":"ActivTrak"}]},{"@type":"WebSite","@id":"https:\/\/www.accuratereviews.com\/it\/#website","url":"https:\/\/www.accuratereviews.com\/it\/","name":"Accurate Reviews","description":"","potentialAction":[{"@type":"SearchAction","target":{"@type":"EntryPoint","urlTemplate":"https:\/\/www.accuratereviews.com\/it\/?s={search_term_string}"},"query-input":{"@type":"PropertyValueSpecification","valueRequired":true,"valueName":"search_term_string"}}],"inLanguage":"it-IT"}]}},"_links":{"self":[{"href":"https:\/\/www.accuratereviews.com\/it\/wp-json\/wp\/v2\/pages\/21607","targetHints":{"allow":["GET"]}}],"collection":[{"href":"https:\/\/www.accuratereviews.com\/it\/wp-json\/wp\/v2\/pages"}],"about":[{"href":"https:\/\/www.accuratereviews.com\/it\/wp-json\/wp\/v2\/types\/page"}],"author":[{"embeddable":true,"href":"https:\/\/www.accuratereviews.com\/it\/wp-json\/wp\/v2\/users\/17"}],"replies":[{"embeddable":true,"href":"https:\/\/www.accuratereviews.com\/it\/wp-json\/wp\/v2\/comments?post=21607"}],"version-history":[{"count":4,"href":"https:\/\/www.accuratereviews.com\/it\/wp-json\/wp\/v2\/pages\/21607\/revisions"}],"predecessor-version":[{"id":42717,"href":"https:\/\/www.accuratereviews.com\/it\/wp-json\/wp\/v2\/pages\/21607\/revisions\/42717"}],"up":[{"embeddable":true,"href":"https:\/\/www.accuratereviews.com\/it\/wp-json\/wp\/v2\/pages\/32646"}],"wp:featuredmedia":[{"embeddable":true,"href":"https:\/\/www.accuratereviews.com\/it\/wp-json\/wp\/v2\/media\/21608"}],"wp:attachment":[{"href":"https:\/\/www.accuratereviews.com\/it\/wp-json\/wp\/v2\/media?parent=21607"}],"wp:term":[{"taxonomy":"category","embeddable":true,"href":"https:\/\/www.accuratereviews.com\/it\/wp-json\/wp\/v2\/categories?post=21607"},{"taxonomy":"post_tag","embeddable":true,"href":"https:\/\/www.accuratereviews.com\/it\/wp-json\/wp\/v2\/tags?post=21607"},{"taxonomy":"features","embeddable":true,"href":"https:\/\/www.accuratereviews.com\/it\/wp-json\/wp\/v2\/features?post=21607"}],"curies":[{"name":"wp","href":"https:\/\/api.w.org\/{rel}","templated":true}]}}