{"id":21614,"date":"2019-12-27T14:52:06","date_gmt":"2019-12-27T14:52:06","guid":{"rendered":"https:\/\/www.accuratereviews.com\/?page_id=21614"},"modified":"2021-05-14T15:12:30","modified_gmt":"2021-05-14T15:12:30","slug":"abbyy-timeline-recensione","status":"publish","type":"page","link":"https:\/\/www.accuratereviews.com\/it\/business-intelligence\/abbyy-timeline-recensione\/","title":{"rendered":"ABBYY Timeline"},"content":{"rendered":"<p><strong>ABBYY Timeline<\/strong> \u00e8 un <strong>software di business intelligence<\/strong> che aiuta le organizzazioni ad analizzare, scoprire e monitorare il flusso di lavoro della propria azienda. Sfruttando gli strumenti che mette a disposizione, potrete essere in grado di <strong>ottimizzare tutti i processi aziendali<\/strong> che vi hanno sempre richiesto tempo e fatica. Infatti, questo <strong>programma di business intelligence<\/strong> ti offre la possibilit\u00e0 di scoprire e visualizzare automaticamente i dettagli dell&#8217;esecuzione del processo dai tuoi dati esistenti, identificare rapidamente opportunit\u00e0 di miglioramento, monitorare le prestazioni in tempo reale e prevedere i risultati futuri.<\/p>\n<h2>COME FUNZIONA ABBYY TIMELINE &#8211; TUTORIAL<\/h2>\n<p>Di seguito un video che ci mostrer\u00e0 come utilizzare questo programma:<\/p>\n<div id=\"fluid-wrapper-counter-1\" class=\"g1-fluid-wrapper \" style=\"width:686px;\">\n<div style=\"padding-bottom:56.268221574344%;\"><iframe loading=\"lazy\" title=\"TimelinePI Invoice Processing Demo\" width=\"686\" height=\"386\" src=\"https:\/\/www.youtube.com\/embed\/1pyK33YLDf0?feature=oembed&amp;wmode=transparent&amp;autohide=1&amp;autoplay=0&amp;disablekb=0&amp;fs=1&amp;loop=0&amp;enablejsapi=1&amp;rel=0&amp;controls=2&amp;showinfo=0&amp;wmode=transparent&amp;autohide=2&amp;autoplay=0&amp;disablekb=0&amp;fs=1&amp;loop=0&amp;enablejsapi=1&amp;rel=0&amp;controls=2&amp;showinfo=1\" frameborder=\"0\" allow=\"accelerometer; autoplay; clipboard-write; encrypted-media; gyroscope; picture-in-picture\" allowfullscreen><\/iframe><\/div>\n<\/div>\n<h3>ABBYY TIMELINE &#8211; CARATTERISTICHE<\/h3>\n<p>Ecco le sue principali caratteristiche:<\/p>\n<ul>\n<li><strong>Strumenti di mappatura e risoluzione dei problemi<\/strong>: estrae e legge i timestamp utilizzati per registrare eventi specifici lungo i processi, li modella in modo tale da poter identificare immediatamente le variazioni dal flusso di processo ideale per trovare la causa principale di un problema che potrebbe costare denaro alla tua azienda<\/li>\n<li><strong>Strumenti di analisi e ottimizzazione<\/strong>: sviluppa una comprensione delle prestazioni del processo in base ai dati effettivi e identifica le aree per il miglioramento dei processi<\/li>\n<li><strong>Strumenti di monitoraggio e allerta del processo<\/strong>: identifica le variazioni inefficienti e imposta le regole per il processo. Avvisa il personale giusto ed elimina i processi difettosi prima che si verifichino con il monitoraggio continuo dei protocolli<\/li>\n<li><strong>Strumenti di previsione del processo<\/strong>:\u00a0combina il mining di processo con l&#8217;apprendimento automatico e l&#8217;intelligenza artificiale per ottenere approfondimenti altamente integrati e completamente automatizzati per prevedere i processi nel loro stato futuro e agire per garantire risultati positivi.<\/li>\n<\/ul>\n<h3>LE RECENSIONI DEGLI UTENTI<\/h3>\n<ul>\n<li><strong>&#8220;Il miglior processo Ananlytics end-to-end&#8221;<\/strong><br \/>\nIN GENERALE: la migliore esperienza, offre percorsi gratuiti che ci facilitano.<br \/>\nPRO: \u00e8 veloce, non ha bisogno di integrazione o codifica, aiuta ad accelerare il tuo processo digitale \u00c8 molto affabile, scalabile e sostenibile. Non esiste un settore come l&#8217;assistenza sanitaria, l&#8217;assicurazione ecc., che lo rende molto conveniente per noi. Qui processo IQ incontra Conent IQ.<br \/>\nCONTRO: Funziona solo quando c&#8217;\u00e8 una forte connessione a Internet, altrimenti \u00e8 molto lento<\/li>\n<li><strong>&#8220;Come utilizziamo Timeline&#8221;<\/strong><br \/>\nIN GENERALE: L&#8217;uso di questo software non solo ha semplificato la creazione e l&#8217;implementazione di nuovi processi, ma ora disponiamo di uno strumento efficace per condividere i risultati a tutto il pubblico. Molte opzioni consentono di trovare facilmente la soluzione giusta per ogni area di interesse.<br \/>\nPRO: La nostra capacit\u00e0 di visualizzare i nostri processi ha notevolmente migliorato le nostre efficienze e reso pi\u00f9 semplice la nostra implementazione. Abbiamo individuato rapidamente lacune o problemi prima ancora di iniziare l&#8217;implementazione.<br \/>\nCONTRO: Nel complesso il sistema \u00e8 molto potente e non ci sono molti reclami. Aspettati degli impegni di tempo nell&#8217;apprendimento di tutti gli strumenti.<\/li>\n<li><strong>&#8220;Intuizioni incredibili!&#8221;<\/strong><br \/>\nIN GENERALE: Timeline ci ha aiutato a MIGLIORARE i nostri processi grazie alla visualizzazione di visualizzazioni generate dal prodotto. Ha anche contribuito a ottenere la leadership dietro alcune delle nostre recenti decisioni di ristrutturazione del team. Prodotto fantastico!<br \/>\nPRO: Questo prodotto ci consente di creare visualizzazioni dei nostri processi che sono molto complesse e contorte. Senza uno strumento come questo, visualizzazioni come questa non vengono eseguite!<br \/>\nCONTRO: ha alcuni bug e c&#8217;\u00e8 una ripida curva di apprendimento. Il supporto del prodotto \u00e8 utile per aiutare con questo per\u00f2.<\/li>\n<\/ul>\n","protected":false},"excerpt":{"rendered":"<p>ABBYY Timeline \u00e8 un software di business intelligence che aiuta le organizzazioni ad analizzare, scoprire e monitorare il flusso di lavoro della propria azienda. Sfruttando gli strumenti che mette a disposizione, potrete essere in grado di ottimizzare tutti i processi aziendali che vi hanno sempre richiesto tempo e fatica.<\/p>\n","protected":false},"author":17,"featured_media":21615,"parent":32646,"menu_order":0,"comment_status":"open","ping_status":"closed","template":"g1_template_page_review_new.php","meta":{"_acf_changed":false,"cwp_meta_box_check":"Yes","cwp_rev_product_name":"","cwp_rev_product_image":"","wppr_links":[],"cwp_rev_price":"","wppr_options":[],"wppr_pros":[],"wppr_cons":[],"_monsterinsights_skip_tracking":false,"_monsterinsights_sitenote_active":false,"_monsterinsights_sitenote_note":"","_monsterinsights_sitenote_category":0,"footnotes":""},"categories":[1555],"tags":[1561,1565,1564,1566,1558],"features":[],"class_list":{"0":"post-21614","1":"page","2":"type-page","3":"status-publish","4":"has-post-thumbnail","6":"category-business-intelligence-it","7":"tag-bi","8":"tag-business-intelligence","9":"tag-business-intelligence-software","10":"tag-programma-di-business-intelligence","11":"tag-soluzione-business-intelligence"},"wppr_data":{"cwp_meta_box_check":"Yes","cwp_rev_product_name":"","cwp_rev_product_image":"","cwp_image_link":"image","cwp_rev_price":"","wppr_rating":"0.00"},"acf":[],"yoast_head":"<!-- This site is optimized with the Yoast SEO plugin v27.4 - https:\/\/yoast.com\/product\/yoast-seo-wordpress\/ -->\n<title>ABBYY Timeline: recensione business intelligence - Accurate Reviews<\/title>\n<meta name=\"description\" content=\"ABBYY Timeline: recensione del software di business intelligence che aiuta le organizzazioni ad analizzare, scoprire e monitorare il flusso di lavoro.\" \/>\n<meta name=\"robots\" content=\"index, follow, max-snippet:-1, max-image-preview:large, max-video-preview:-1\" \/>\n<link rel=\"canonical\" href=\"https:\/\/www.accuratereviews.com\/it\/business-intelligence\/abbyy-timeline-recensione\/\" \/>\n<meta property=\"og:locale\" content=\"it_IT\" \/>\n<meta property=\"og:type\" content=\"article\" \/>\n<meta property=\"og:title\" content=\"ABBYY Timeline: recensione business intelligence - Accurate Reviews\" \/>\n<meta property=\"og:description\" content=\"ABBYY Timeline: recensione del software di business intelligence che aiuta le organizzazioni ad analizzare, scoprire e monitorare il flusso di lavoro.\" \/>\n<meta property=\"og:url\" content=\"https:\/\/www.accuratereviews.com\/it\/business-intelligence\/abbyy-timeline-recensione\/\" \/>\n<meta property=\"og:site_name\" content=\"Accurate Reviews\" \/>\n<meta property=\"article:modified_time\" content=\"2021-05-14T15:12:30+00:00\" \/>\n<meta property=\"og:image\" content=\"https:\/\/www.accuratereviews.com\/wp-content\/uploads\/2019\/12\/abbyy-logo-rgb-400x270-300x203-1.png\" \/>\n\t<meta property=\"og:image:width\" content=\"300\" \/>\n\t<meta property=\"og:image:height\" content=\"203\" \/>\n\t<meta property=\"og:image:type\" content=\"image\/png\" \/>\n<meta name=\"twitter:card\" content=\"summary_large_image\" \/>\n<meta name=\"twitter:label1\" content=\"Tempo di lettura stimato\" \/>\n\t<meta name=\"twitter:data1\" content=\"3 minuti\" \/>\n<script type=\"application\/ld+json\" class=\"yoast-schema-graph\">{\"@context\":\"https:\\\/\\\/schema.org\",\"@graph\":[{\"@type\":\"WebPage\",\"@id\":\"https:\\\/\\\/www.accuratereviews.com\\\/it\\\/business-intelligence\\\/abbyy-timeline-recensione\\\/\",\"url\":\"https:\\\/\\\/www.accuratereviews.com\\\/it\\\/business-intelligence\\\/abbyy-timeline-recensione\\\/\",\"name\":\"ABBYY Timeline: recensione business intelligence - Accurate Reviews\",\"isPartOf\":{\"@id\":\"https:\\\/\\\/www.accuratereviews.com\\\/it\\\/#website\"},\"primaryImageOfPage\":{\"@id\":\"https:\\\/\\\/www.accuratereviews.com\\\/it\\\/business-intelligence\\\/abbyy-timeline-recensione\\\/#primaryimage\"},\"image\":{\"@id\":\"https:\\\/\\\/www.accuratereviews.com\\\/it\\\/business-intelligence\\\/abbyy-timeline-recensione\\\/#primaryimage\"},\"thumbnailUrl\":\"https:\\\/\\\/www.accuratereviews.com\\\/wp-content\\\/uploads\\\/2019\\\/12\\\/abbyy-logo-rgb-400x270-300x203-1.png\",\"datePublished\":\"2019-12-27T14:52:06+00:00\",\"dateModified\":\"2021-05-14T15:12:30+00:00\",\"description\":\"ABBYY Timeline: recensione del software di business intelligence che aiuta le organizzazioni ad analizzare, scoprire e monitorare il flusso di lavoro.\",\"breadcrumb\":{\"@id\":\"https:\\\/\\\/www.accuratereviews.com\\\/it\\\/business-intelligence\\\/abbyy-timeline-recensione\\\/#breadcrumb\"},\"inLanguage\":\"it-IT\",\"potentialAction\":[{\"@type\":\"ReadAction\",\"target\":[\"https:\\\/\\\/www.accuratereviews.com\\\/it\\\/business-intelligence\\\/abbyy-timeline-recensione\\\/\"]}]},{\"@type\":\"ImageObject\",\"inLanguage\":\"it-IT\",\"@id\":\"https:\\\/\\\/www.accuratereviews.com\\\/it\\\/business-intelligence\\\/abbyy-timeline-recensione\\\/#primaryimage\",\"url\":\"https:\\\/\\\/www.accuratereviews.com\\\/wp-content\\\/uploads\\\/2019\\\/12\\\/abbyy-logo-rgb-400x270-300x203-1.png\",\"contentUrl\":\"https:\\\/\\\/www.accuratereviews.com\\\/wp-content\\\/uploads\\\/2019\\\/12\\\/abbyy-logo-rgb-400x270-300x203-1.png\",\"width\":300,\"height\":203},{\"@type\":\"BreadcrumbList\",\"@id\":\"https:\\\/\\\/www.accuratereviews.com\\\/it\\\/business-intelligence\\\/abbyy-timeline-recensione\\\/#breadcrumb\",\"itemListElement\":[{\"@type\":\"ListItem\",\"position\":1,\"name\":\"Home\",\"item\":\"https:\\\/\\\/www.accuratereviews.com\\\/it\\\/\"},{\"@type\":\"ListItem\",\"position\":2,\"name\":\"Business intelligence\",\"item\":\"https:\\\/\\\/www.accuratereviews.com\\\/it\\\/business-intelligence\\\/\"},{\"@type\":\"ListItem\",\"position\":3,\"name\":\"ABBYY Timeline\"}]},{\"@type\":\"WebSite\",\"@id\":\"https:\\\/\\\/www.accuratereviews.com\\\/it\\\/#website\",\"url\":\"https:\\\/\\\/www.accuratereviews.com\\\/it\\\/\",\"name\":\"Accurate Reviews\",\"description\":\"\",\"potentialAction\":[{\"@type\":\"SearchAction\",\"target\":{\"@type\":\"EntryPoint\",\"urlTemplate\":\"https:\\\/\\\/www.accuratereviews.com\\\/it\\\/?s={search_term_string}\"},\"query-input\":{\"@type\":\"PropertyValueSpecification\",\"valueRequired\":true,\"valueName\":\"search_term_string\"}}],\"inLanguage\":\"it-IT\"}]}<\/script>\n<!-- \/ Yoast SEO plugin. -->","yoast_head_json":{"title":"ABBYY Timeline: recensione business intelligence - Accurate Reviews","description":"ABBYY Timeline: recensione del software di business intelligence che aiuta le organizzazioni ad analizzare, scoprire e monitorare il flusso di lavoro.","robots":{"index":"index","follow":"follow","max-snippet":"max-snippet:-1","max-image-preview":"max-image-preview:large","max-video-preview":"max-video-preview:-1"},"canonical":"https:\/\/www.accuratereviews.com\/it\/business-intelligence\/abbyy-timeline-recensione\/","og_locale":"it_IT","og_type":"article","og_title":"ABBYY Timeline: recensione business intelligence - Accurate Reviews","og_description":"ABBYY Timeline: recensione del software di business intelligence che aiuta le organizzazioni ad analizzare, scoprire e monitorare il flusso di lavoro.","og_url":"https:\/\/www.accuratereviews.com\/it\/business-intelligence\/abbyy-timeline-recensione\/","og_site_name":"Accurate Reviews","article_modified_time":"2021-05-14T15:12:30+00:00","og_image":[{"width":300,"height":203,"url":"https:\/\/www.accuratereviews.com\/wp-content\/uploads\/2019\/12\/abbyy-logo-rgb-400x270-300x203-1.png","type":"image\/png"}],"twitter_card":"summary_large_image","twitter_misc":{"Tempo di lettura stimato":"3 minuti"},"schema":{"@context":"https:\/\/schema.org","@graph":[{"@type":"WebPage","@id":"https:\/\/www.accuratereviews.com\/it\/business-intelligence\/abbyy-timeline-recensione\/","url":"https:\/\/www.accuratereviews.com\/it\/business-intelligence\/abbyy-timeline-recensione\/","name":"ABBYY Timeline: recensione business intelligence - Accurate Reviews","isPartOf":{"@id":"https:\/\/www.accuratereviews.com\/it\/#website"},"primaryImageOfPage":{"@id":"https:\/\/www.accuratereviews.com\/it\/business-intelligence\/abbyy-timeline-recensione\/#primaryimage"},"image":{"@id":"https:\/\/www.accuratereviews.com\/it\/business-intelligence\/abbyy-timeline-recensione\/#primaryimage"},"thumbnailUrl":"https:\/\/www.accuratereviews.com\/wp-content\/uploads\/2019\/12\/abbyy-logo-rgb-400x270-300x203-1.png","datePublished":"2019-12-27T14:52:06+00:00","dateModified":"2021-05-14T15:12:30+00:00","description":"ABBYY Timeline: recensione del software di business intelligence che aiuta le organizzazioni ad analizzare, scoprire e monitorare il flusso di lavoro.","breadcrumb":{"@id":"https:\/\/www.accuratereviews.com\/it\/business-intelligence\/abbyy-timeline-recensione\/#breadcrumb"},"inLanguage":"it-IT","potentialAction":[{"@type":"ReadAction","target":["https:\/\/www.accuratereviews.com\/it\/business-intelligence\/abbyy-timeline-recensione\/"]}]},{"@type":"ImageObject","inLanguage":"it-IT","@id":"https:\/\/www.accuratereviews.com\/it\/business-intelligence\/abbyy-timeline-recensione\/#primaryimage","url":"https:\/\/www.accuratereviews.com\/wp-content\/uploads\/2019\/12\/abbyy-logo-rgb-400x270-300x203-1.png","contentUrl":"https:\/\/www.accuratereviews.com\/wp-content\/uploads\/2019\/12\/abbyy-logo-rgb-400x270-300x203-1.png","width":300,"height":203},{"@type":"BreadcrumbList","@id":"https:\/\/www.accuratereviews.com\/it\/business-intelligence\/abbyy-timeline-recensione\/#breadcrumb","itemListElement":[{"@type":"ListItem","position":1,"name":"Home","item":"https:\/\/www.accuratereviews.com\/it\/"},{"@type":"ListItem","position":2,"name":"Business intelligence","item":"https:\/\/www.accuratereviews.com\/it\/business-intelligence\/"},{"@type":"ListItem","position":3,"name":"ABBYY Timeline"}]},{"@type":"WebSite","@id":"https:\/\/www.accuratereviews.com\/it\/#website","url":"https:\/\/www.accuratereviews.com\/it\/","name":"Accurate Reviews","description":"","potentialAction":[{"@type":"SearchAction","target":{"@type":"EntryPoint","urlTemplate":"https:\/\/www.accuratereviews.com\/it\/?s={search_term_string}"},"query-input":{"@type":"PropertyValueSpecification","valueRequired":true,"valueName":"search_term_string"}}],"inLanguage":"it-IT"}]}},"_links":{"self":[{"href":"https:\/\/www.accuratereviews.com\/it\/wp-json\/wp\/v2\/pages\/21614","targetHints":{"allow":["GET"]}}],"collection":[{"href":"https:\/\/www.accuratereviews.com\/it\/wp-json\/wp\/v2\/pages"}],"about":[{"href":"https:\/\/www.accuratereviews.com\/it\/wp-json\/wp\/v2\/types\/page"}],"author":[{"embeddable":true,"href":"https:\/\/www.accuratereviews.com\/it\/wp-json\/wp\/v2\/users\/17"}],"replies":[{"embeddable":true,"href":"https:\/\/www.accuratereviews.com\/it\/wp-json\/wp\/v2\/comments?post=21614"}],"version-history":[{"count":5,"href":"https:\/\/www.accuratereviews.com\/it\/wp-json\/wp\/v2\/pages\/21614\/revisions"}],"predecessor-version":[{"id":42713,"href":"https:\/\/www.accuratereviews.com\/it\/wp-json\/wp\/v2\/pages\/21614\/revisions\/42713"}],"up":[{"embeddable":true,"href":"https:\/\/www.accuratereviews.com\/it\/wp-json\/wp\/v2\/pages\/32646"}],"wp:featuredmedia":[{"embeddable":true,"href":"https:\/\/www.accuratereviews.com\/it\/wp-json\/wp\/v2\/media\/21615"}],"wp:attachment":[{"href":"https:\/\/www.accuratereviews.com\/it\/wp-json\/wp\/v2\/media?parent=21614"}],"wp:term":[{"taxonomy":"category","embeddable":true,"href":"https:\/\/www.accuratereviews.com\/it\/wp-json\/wp\/v2\/categories?post=21614"},{"taxonomy":"post_tag","embeddable":true,"href":"https:\/\/www.accuratereviews.com\/it\/wp-json\/wp\/v2\/tags?post=21614"},{"taxonomy":"features","embeddable":true,"href":"https:\/\/www.accuratereviews.com\/it\/wp-json\/wp\/v2\/features?post=21614"}],"curies":[{"name":"wp","href":"https:\/\/api.w.org\/{rel}","templated":true}]}}