{"id":21629,"date":"2019-12-29T18:44:46","date_gmt":"2019-12-29T18:44:46","guid":{"rendered":"https:\/\/www.accuratereviews.com\/?page_id=21629"},"modified":"2019-12-30T11:16:08","modified_gmt":"2019-12-30T11:16:08","slug":"manageengine-analytics-plus-recensione","status":"publish","type":"page","link":"https:\/\/www.accuratereviews.com\/it\/manageengine-analytics-plus-recensione\/","title":{"rendered":"ManageEngine Analytics Plus"},"content":{"rendered":"<p><strong>ManageEngine Analytics Plus<\/strong> \u00e8 un <strong>programma di analisi avanzate<\/strong> che ti permette di avere una visione pi\u00f9 approfondita del tuo IT e del flusso di lavoro. Grazie agli strumenti che mette a tua disposizione, puoi dare vita ai tuoi dati con visualizzazioni ricche e dashboard interattivi con lo scopo di migliorare le prestazioni e l&#8217;efficienza dell&#8217;erogazione dei<strong> servizi IT<\/strong> con una migliore comprensione dei dati ITSM. Attraverso il trascinamento della selezione, puoi creare e personalizzare facilmente <strong>report e dashboard<\/strong> per prendere decisioni migliori, condividendoli con i tuoi colleghi. <strong>ManageEngine Analytics Plus<\/strong> ti consente di ottenere approfondimenti sul monitoraggio della rete, delle applicazioni e delle operazioni di assistenza clienti.<\/p>\n<h2>COME UTILIZZARE MANAGEENGINE ANALYTICS PLUS -TUTORIAL<\/h2>\n<p>Ecco un video che ci mostra come funziona questo software:<\/p>\n<div id=\"fluid-wrapper-counter-1\" class=\"g1-fluid-wrapper \" style=\"width:686px;\">\n<div style=\"padding-bottom:56.268221574344%;\"><iframe loading=\"lazy\" title=\"A quick walk-through of the Analytics Plus user interface\" width=\"515\" height=\"386\" src=\"https:\/\/www.youtube.com\/embed\/Pi0l4jjB1Nk?feature=oembed&amp;wmode=transparent&amp;autohide=1&amp;autoplay=0&amp;disablekb=0&amp;fs=1&amp;loop=0&amp;enablejsapi=1&amp;rel=0&amp;controls=2&amp;showinfo=0&amp;wmode=transparent&amp;autohide=2&amp;autoplay=0&amp;disablekb=0&amp;fs=1&amp;loop=0&amp;enablejsapi=1&amp;rel=0&amp;controls=2&amp;showinfo=1\" frameborder=\"0\" allow=\"accelerometer; autoplay; encrypted-media; gyroscope; picture-in-picture\" allowfullscreen><\/iframe><\/div>\n<\/div>\n<h3>MANAGEENGINE ANALYTICS PLUS &#8211; CARATTERISTICHE<\/h3>\n<p>Di seguito le sue principali caratteristiche:<\/p>\n<ul>\n<li><strong>Strumenti di auto-analisi di dati<\/strong>: esegui l&#8217;analisi automatica per generare automaticamente report e dashboard<\/li>\n<li><strong>Visualizzazioni<\/strong>: scegli tra oltre 30 visualizzazioni, colori e temi di layout<\/li>\n<li><strong>Strumenti per IT<\/strong>: puoi integrarti con i prodotti ManageEngine per ITSM, operazioni IT e supporto e ottenere un quadro completo del tuo IT<\/li>\n<li><strong>Report<\/strong>: pianifica che i tuoi rapporti vengano inviati via email ogni volta che vuoi evitare il lavoro manuale ripetitivo<\/li>\n<li><strong>Collaborazione e condivisione<\/strong>: prendi decisioni collaborative esportando, condividendo e pubblicando i report con i tuoi colleghi<\/li>\n<li><strong>Strumenti di monitoraggio<\/strong>: ottieni approfondimenti sul monitoraggio della rete, delle applicazioni e delle operazioni di assistenza clienti<\/li>\n<\/ul>\n<h3>LE RECENSIONI DEGLI UTENTI<\/h3>\n<ul>\n<li><strong>&#8220;Facile da usare&#8221;<\/strong><br \/>\nIN GENERALE: mi piace il fatto di poter richiedere nuove funzionalit\u00e0 per migliorare il software. Il software \u00e8 un ottimo strumento da usare subito. Puoi iniziare subito a creare report e dashboard.<br \/>\nPRO: 1) Molto facile da usare durante la creazione di report.<br \/>\n2) Molto facile da configurare.<br \/>\n3) Molto facile creare report e dashboard al volo.<br \/>\n4) Report facile da condividere con il fornitore di terze parti.<br \/>\n5) In grado di collegare diverse origini dati<br \/>\nCONTRO: impossibile inviare un report via email a un utente senza licenza.<\/li>\n<li><strong>&#8220;Fin qui tutto bene!&#8221;<\/strong><br \/>\nIN GENERALE: Il supporto che ho ricevuto \u00e8 ci\u00f2 che ha davvero migliorato la mia esperienza con il software. Il team di supporto di Analytics Plus \u00e8 stato eccezionale per reattivit\u00e0, pazienza e disponibilit\u00e0 ad aiutare. Vogliono chiaramente che i loro clienti abbiano successo con il software.<br \/>\nPRO: Essere in grado di avere le informazioni che contano di pi\u00f9 per essere prontamente disponibili \u00e8 stato incredibilmente utile e fa risparmiare tempo.<br \/>\nCONTRO: Sebbene non sia necessario essere eccezionalmente tecnici, \u00e8 necessario disporre di alcune attitudini tecniche e comprendere i vari set di dati che si stanno utilizzando.<\/li>\n<li><strong>&#8220;Fantastico prodotto&#8221;<\/strong><br \/>\nPRO: Come sempre ManageEngine ha raggiunto il segno con uno strumento di analisi dei dati semplice da usare ma estremamente potente.<br \/>\nCon entrambe le opzioni Cloud e On Prem disponibili, \u00e8 adatto a qualsiasi ambiente.<br \/>\nEstremamente facile da usare e dal punto di vista dell&#8217;utente finale e configurazione molto semplice per gli amministratori, in particolare utilizzando le integrazioni integrate con altri prodotti ManageEngine.<br \/>\nCONTRO: ci sono alcune funzionalit\u00e0 che potrebbero essere utili. Opzioni di aggiornamento dei dati pi\u00f9 frequenti. Pianificazione pi\u00f9 personalizzabile. Alcuni comandi di query e formula non sono ancora supportati.<\/li>\n<\/ul>\n","protected":false},"excerpt":{"rendered":"<p>ManageEngine Analytics Plus \u00e8 un programma di analisi avanzate che ti permette di avere una visione pi\u00f9 approfondita del tuo IT e del flusso di lavoro. Grazie agli strumenti che mette a tua disposizione, puoi dare vita ai tuoi dati con visualizzazioni ricche e dashboard interattivi con lo scopo di migliorare le prestazioni e l&#8217;efficienza dell&#8217;erogazione dei servizi IT con una migliore comprensione dei dati ITSM.<\/p>\n","protected":false},"author":17,"featured_media":21630,"parent":0,"menu_order":0,"comment_status":"open","ping_status":"closed","template":"g1_template_page_review_new.php","meta":{"_acf_changed":false,"cwp_meta_box_check":"Yes","cwp_rev_product_name":"","cwp_rev_product_image":"","wppr_links":[],"cwp_rev_price":"","wppr_options":[],"wppr_pros":[],"wppr_cons":[],"_monsterinsights_skip_tracking":false,"_monsterinsights_sitenote_active":false,"_monsterinsights_sitenote_note":"","_monsterinsights_sitenote_category":0,"footnotes":""},"categories":[1555],"tags":[1565,1564,1557,1566],"features":[],"class_list":{"0":"post-21629","1":"page","2":"type-page","3":"status-publish","4":"has-post-thumbnail","6":"category-business-intelligence-it","7":"tag-business-intelligence","8":"tag-business-intelligence-software","9":"tag-programma-business-intelligence","10":"tag-programma-di-business-intelligence"},"wppr_data":{"cwp_meta_box_check":"Yes","cwp_rev_product_name":"","cwp_rev_product_image":"","cwp_image_link":"image","cwp_rev_price":"","wppr_rating":"0.00"},"acf":[],"yoast_head":"<!-- This site is optimized with the Yoast SEO plugin v27.4 - https:\/\/yoast.com\/product\/yoast-seo-wordpress\/ -->\n<title>ManageEngine Analytics Plus: recensione - Accurate Reviews<\/title>\n<meta name=\"description\" content=\"ManageEngine Analytics Plus: recensione del programma di analisi avanzate che ti permette di avere una visione pi\u00f9 approfondita del tuo IT.\" \/>\n<meta name=\"robots\" content=\"index, follow, max-snippet:-1, max-image-preview:large, max-video-preview:-1\" \/>\n<link rel=\"canonical\" href=\"https:\/\/www.accuratereviews.com\/it\/manageengine-analytics-plus-recensione\/\" \/>\n<meta property=\"og:locale\" content=\"it_IT\" \/>\n<meta property=\"og:type\" content=\"article\" \/>\n<meta property=\"og:title\" content=\"ManageEngine Analytics Plus: recensione - Accurate Reviews\" \/>\n<meta property=\"og:description\" content=\"ManageEngine Analytics Plus: recensione del programma di analisi avanzate che ti permette di avere una visione pi\u00f9 approfondita del tuo IT.\" \/>\n<meta property=\"og:url\" content=\"https:\/\/www.accuratereviews.com\/it\/manageengine-analytics-plus-recensione\/\" \/>\n<meta property=\"og:site_name\" content=\"Accurate Reviews\" \/>\n<meta property=\"article:modified_time\" content=\"2019-12-30T11:16:08+00:00\" \/>\n<meta property=\"og:image\" content=\"https:\/\/www.accuratereviews.com\/wp-content\/uploads\/2019\/12\/Schermata-2019-12-29-alle-18.36.40.png\" \/>\n\t<meta property=\"og:image:width\" content=\"1422\" \/>\n\t<meta property=\"og:image:height\" content=\"598\" \/>\n\t<meta property=\"og:image:type\" content=\"image\/png\" \/>\n<meta name=\"twitter:card\" content=\"summary_large_image\" \/>\n<meta name=\"twitter:label1\" content=\"Tempo di lettura stimato\" \/>\n\t<meta name=\"twitter:data1\" content=\"3 minuti\" \/>\n<script type=\"application\/ld+json\" class=\"yoast-schema-graph\">{\"@context\":\"https:\\\/\\\/schema.org\",\"@graph\":[{\"@type\":\"WebPage\",\"@id\":\"https:\\\/\\\/www.accuratereviews.com\\\/it\\\/manageengine-analytics-plus-recensione\\\/\",\"url\":\"https:\\\/\\\/www.accuratereviews.com\\\/it\\\/manageengine-analytics-plus-recensione\\\/\",\"name\":\"ManageEngine Analytics Plus: recensione - Accurate Reviews\",\"isPartOf\":{\"@id\":\"https:\\\/\\\/www.accuratereviews.com\\\/it\\\/#website\"},\"primaryImageOfPage\":{\"@id\":\"https:\\\/\\\/www.accuratereviews.com\\\/it\\\/manageengine-analytics-plus-recensione\\\/#primaryimage\"},\"image\":{\"@id\":\"https:\\\/\\\/www.accuratereviews.com\\\/it\\\/manageengine-analytics-plus-recensione\\\/#primaryimage\"},\"thumbnailUrl\":\"https:\\\/\\\/www.accuratereviews.com\\\/wp-content\\\/uploads\\\/2019\\\/12\\\/Schermata-2019-12-29-alle-18.36.40.png\",\"datePublished\":\"2019-12-29T18:44:46+00:00\",\"dateModified\":\"2019-12-30T11:16:08+00:00\",\"description\":\"ManageEngine Analytics Plus: recensione del programma di analisi avanzate che ti permette di avere una visione pi\u00f9 approfondita del tuo IT.\",\"breadcrumb\":{\"@id\":\"https:\\\/\\\/www.accuratereviews.com\\\/it\\\/manageengine-analytics-plus-recensione\\\/#breadcrumb\"},\"inLanguage\":\"it-IT\",\"potentialAction\":[{\"@type\":\"ReadAction\",\"target\":[\"https:\\\/\\\/www.accuratereviews.com\\\/it\\\/manageengine-analytics-plus-recensione\\\/\"]}]},{\"@type\":\"ImageObject\",\"inLanguage\":\"it-IT\",\"@id\":\"https:\\\/\\\/www.accuratereviews.com\\\/it\\\/manageengine-analytics-plus-recensione\\\/#primaryimage\",\"url\":\"https:\\\/\\\/www.accuratereviews.com\\\/wp-content\\\/uploads\\\/2019\\\/12\\\/Schermata-2019-12-29-alle-18.36.40.png\",\"contentUrl\":\"https:\\\/\\\/www.accuratereviews.com\\\/wp-content\\\/uploads\\\/2019\\\/12\\\/Schermata-2019-12-29-alle-18.36.40.png\",\"width\":1422,\"height\":598},{\"@type\":\"BreadcrumbList\",\"@id\":\"https:\\\/\\\/www.accuratereviews.com\\\/it\\\/manageengine-analytics-plus-recensione\\\/#breadcrumb\",\"itemListElement\":[{\"@type\":\"ListItem\",\"position\":1,\"name\":\"Home\",\"item\":\"https:\\\/\\\/www.accuratereviews.com\\\/it\\\/\"},{\"@type\":\"ListItem\",\"position\":2,\"name\":\"ManageEngine Analytics Plus\"}]},{\"@type\":\"WebSite\",\"@id\":\"https:\\\/\\\/www.accuratereviews.com\\\/it\\\/#website\",\"url\":\"https:\\\/\\\/www.accuratereviews.com\\\/it\\\/\",\"name\":\"Accurate Reviews\",\"description\":\"\",\"potentialAction\":[{\"@type\":\"SearchAction\",\"target\":{\"@type\":\"EntryPoint\",\"urlTemplate\":\"https:\\\/\\\/www.accuratereviews.com\\\/it\\\/?s={search_term_string}\"},\"query-input\":{\"@type\":\"PropertyValueSpecification\",\"valueRequired\":true,\"valueName\":\"search_term_string\"}}],\"inLanguage\":\"it-IT\"}]}<\/script>\n<!-- \/ Yoast SEO plugin. -->","yoast_head_json":{"title":"ManageEngine Analytics Plus: recensione - Accurate Reviews","description":"ManageEngine Analytics Plus: recensione del programma di analisi avanzate che ti permette di avere una visione pi\u00f9 approfondita del tuo IT.","robots":{"index":"index","follow":"follow","max-snippet":"max-snippet:-1","max-image-preview":"max-image-preview:large","max-video-preview":"max-video-preview:-1"},"canonical":"https:\/\/www.accuratereviews.com\/it\/manageengine-analytics-plus-recensione\/","og_locale":"it_IT","og_type":"article","og_title":"ManageEngine Analytics Plus: recensione - Accurate Reviews","og_description":"ManageEngine Analytics Plus: recensione del programma di analisi avanzate che ti permette di avere una visione pi\u00f9 approfondita del tuo IT.","og_url":"https:\/\/www.accuratereviews.com\/it\/manageengine-analytics-plus-recensione\/","og_site_name":"Accurate Reviews","article_modified_time":"2019-12-30T11:16:08+00:00","og_image":[{"width":1422,"height":598,"url":"https:\/\/www.accuratereviews.com\/wp-content\/uploads\/2019\/12\/Schermata-2019-12-29-alle-18.36.40.png","type":"image\/png"}],"twitter_card":"summary_large_image","twitter_misc":{"Tempo di lettura stimato":"3 minuti"},"schema":{"@context":"https:\/\/schema.org","@graph":[{"@type":"WebPage","@id":"https:\/\/www.accuratereviews.com\/it\/manageengine-analytics-plus-recensione\/","url":"https:\/\/www.accuratereviews.com\/it\/manageengine-analytics-plus-recensione\/","name":"ManageEngine Analytics Plus: recensione - Accurate Reviews","isPartOf":{"@id":"https:\/\/www.accuratereviews.com\/it\/#website"},"primaryImageOfPage":{"@id":"https:\/\/www.accuratereviews.com\/it\/manageengine-analytics-plus-recensione\/#primaryimage"},"image":{"@id":"https:\/\/www.accuratereviews.com\/it\/manageengine-analytics-plus-recensione\/#primaryimage"},"thumbnailUrl":"https:\/\/www.accuratereviews.com\/wp-content\/uploads\/2019\/12\/Schermata-2019-12-29-alle-18.36.40.png","datePublished":"2019-12-29T18:44:46+00:00","dateModified":"2019-12-30T11:16:08+00:00","description":"ManageEngine Analytics Plus: recensione del programma di analisi avanzate che ti permette di avere una visione pi\u00f9 approfondita del tuo IT.","breadcrumb":{"@id":"https:\/\/www.accuratereviews.com\/it\/manageengine-analytics-plus-recensione\/#breadcrumb"},"inLanguage":"it-IT","potentialAction":[{"@type":"ReadAction","target":["https:\/\/www.accuratereviews.com\/it\/manageengine-analytics-plus-recensione\/"]}]},{"@type":"ImageObject","inLanguage":"it-IT","@id":"https:\/\/www.accuratereviews.com\/it\/manageengine-analytics-plus-recensione\/#primaryimage","url":"https:\/\/www.accuratereviews.com\/wp-content\/uploads\/2019\/12\/Schermata-2019-12-29-alle-18.36.40.png","contentUrl":"https:\/\/www.accuratereviews.com\/wp-content\/uploads\/2019\/12\/Schermata-2019-12-29-alle-18.36.40.png","width":1422,"height":598},{"@type":"BreadcrumbList","@id":"https:\/\/www.accuratereviews.com\/it\/manageengine-analytics-plus-recensione\/#breadcrumb","itemListElement":[{"@type":"ListItem","position":1,"name":"Home","item":"https:\/\/www.accuratereviews.com\/it\/"},{"@type":"ListItem","position":2,"name":"ManageEngine Analytics Plus"}]},{"@type":"WebSite","@id":"https:\/\/www.accuratereviews.com\/it\/#website","url":"https:\/\/www.accuratereviews.com\/it\/","name":"Accurate Reviews","description":"","potentialAction":[{"@type":"SearchAction","target":{"@type":"EntryPoint","urlTemplate":"https:\/\/www.accuratereviews.com\/it\/?s={search_term_string}"},"query-input":{"@type":"PropertyValueSpecification","valueRequired":true,"valueName":"search_term_string"}}],"inLanguage":"it-IT"}]}},"_links":{"self":[{"href":"https:\/\/www.accuratereviews.com\/it\/wp-json\/wp\/v2\/pages\/21629","targetHints":{"allow":["GET"]}}],"collection":[{"href":"https:\/\/www.accuratereviews.com\/it\/wp-json\/wp\/v2\/pages"}],"about":[{"href":"https:\/\/www.accuratereviews.com\/it\/wp-json\/wp\/v2\/types\/page"}],"author":[{"embeddable":true,"href":"https:\/\/www.accuratereviews.com\/it\/wp-json\/wp\/v2\/users\/17"}],"replies":[{"embeddable":true,"href":"https:\/\/www.accuratereviews.com\/it\/wp-json\/wp\/v2\/comments?post=21629"}],"version-history":[{"count":7,"href":"https:\/\/www.accuratereviews.com\/it\/wp-json\/wp\/v2\/pages\/21629\/revisions"}],"predecessor-version":[{"id":21663,"href":"https:\/\/www.accuratereviews.com\/it\/wp-json\/wp\/v2\/pages\/21629\/revisions\/21663"}],"wp:featuredmedia":[{"embeddable":true,"href":"https:\/\/www.accuratereviews.com\/it\/wp-json\/wp\/v2\/media\/21630"}],"wp:attachment":[{"href":"https:\/\/www.accuratereviews.com\/it\/wp-json\/wp\/v2\/media?parent=21629"}],"wp:term":[{"taxonomy":"category","embeddable":true,"href":"https:\/\/www.accuratereviews.com\/it\/wp-json\/wp\/v2\/categories?post=21629"},{"taxonomy":"post_tag","embeddable":true,"href":"https:\/\/www.accuratereviews.com\/it\/wp-json\/wp\/v2\/tags?post=21629"},{"taxonomy":"features","embeddable":true,"href":"https:\/\/www.accuratereviews.com\/it\/wp-json\/wp\/v2\/features?post=21629"}],"curies":[{"name":"wp","href":"https:\/\/api.w.org\/{rel}","templated":true}]}}