{"id":21637,"date":"2019-12-30T09:56:43","date_gmt":"2019-12-30T09:56:43","guid":{"rendered":"https:\/\/www.accuratereviews.com\/?page_id=21637"},"modified":"2021-05-18T13:55:19","modified_gmt":"2021-05-18T13:55:19","slug":"cumul-io-recensione","status":"publish","type":"page","link":"https:\/\/www.accuratereviews.com\/it\/business-intelligence\/cumul-io-recensione\/","title":{"rendered":"Cumul.io"},"content":{"rendered":"<div class=\"mb-2\">\n<p><strong>Cumul.io<\/strong> \u00e8 un <strong>software di business intelligence<\/strong> che consente di creare dashboard potenti in pochi minuti e promuovere la crescita della tua attivit\u00e0. Si tratta di un <strong>modulo di reporting<\/strong> sicuro ideale per aziende e imprese che si occupano di edilizia, logistica, HRtech e FinTech che possono integrarlo direttamente nella propria piattaforma con meno di 100 righe di codice. Personalizza <strong>dashboard e set di dati<\/strong> su base specifica del cliente cos\u00ec che possa prendere decisioni importanti basate sui dati; in questo modo potrai creare una base clienti fidelizzata e soddisfatta.\u00a0Rimani concentrato sulla tua esperienza e dedica tempo prezioso allo sviluppo di ci\u00f2 che conta davvero: il tuo<strong> core business<\/strong>.<\/p>\n<\/div>\n<div class=\"card island-light\">\n<div class=\"card-body media-viewer px-0 pt-0\">\n<div class=\"container\">\n<div class=\"row\">\n<h2>COME FUNZIONA CUMUL.IO &#8211; TUTORIAL<\/h2>\n<p>Diamo un&#8217;occhiata a questo video per capire qualcosa di pi\u00f9:<\/p>\n<div id=\"fluid-wrapper-counter-1\" class=\"g1-fluid-wrapper \" style=\"width:686px;\">\n<div style=\"padding-bottom:56.268221574344%;\"><iframe loading=\"lazy\" title=\"Getting started with Cumul.io! (1\/2): Import data, design dashboards, share insights!\" width=\"686\" height=\"386\" src=\"https:\/\/www.youtube.com\/embed\/uJisl3vMr3E?feature=oembed&amp;wmode=transparent&amp;autohide=1&amp;autoplay=0&amp;disablekb=0&amp;fs=1&amp;loop=0&amp;enablejsapi=1&amp;rel=0&amp;controls=2&amp;showinfo=0&amp;wmode=transparent&amp;autohide=2&amp;autoplay=0&amp;disablekb=0&amp;fs=1&amp;loop=0&amp;enablejsapi=1&amp;rel=0&amp;controls=2&amp;showinfo=1\" frameborder=\"0\" allow=\"accelerometer; autoplay; clipboard-write; encrypted-media; gyroscope; picture-in-picture\" allowfullscreen><\/iframe><\/div>\n<\/div>\n<h3>CUMUL.IO &#8211; CARATTERISTICHE<\/h3>\n<p>Ecco le sue principali caratteristiche:<\/p>\n<ul>\n<li><strong>Collegamento dei dati<\/strong>: trascina e rilascia i file o connettiti con database e servizi cloud, collega insieme i tuoi set di dati e arricchiscili con migliaia di set di dati pubblici curati<\/li>\n<li><strong>File locali<\/strong>: trascina e rilascia fogli Excel, CSV, TSV, GeoJSON, TopoJSON o altri file di fogli di calcolo<\/li>\n<li><strong>Banche dati<\/strong>: elabora i dati direttamente dal tuo database relazionale (MySQL, PostgreSQL, MariaDB e SQL Server)<\/li>\n<li><strong>Dashboard rapidi e facili<\/strong>: crea splendidi dashboard interattivi senza scrivere una singola riga di codice<\/li>\n<li><strong>Visualizzazioni all&#8217;avanguardia<\/strong>: scegli tra oltre 40 tipi di visualizzazione, tra cui diverse visualizzazioni geospaziali che includono mappe coropletiche, mappe simboli, mappe punti, mappe hexbin e altro<\/li>\n<li><strong>Collaborazione e condivisione<\/strong>: condividi dati, dashboard e approfondimenti con i tuoi colleghi. Collabora con loro per trasformare i tuoi dati in informazioni preziose pubblica i tuoi dashboard tramite social media o email<\/li>\n<li><strong>Strumenti di analisi<\/strong>: offri analisi e dashboard Cumul.io con etichetta bianca all&#8217;interno della tua piattaforma SaaS. Risparmia tempo e denaro e concentra le tue risorse sul focus principale della tua piattaforma.<\/li>\n<\/ul>\n<h3>LE RECENSIONI DEGLI UTENTI<\/h3>\n<p><strong>&#8220;La nostra esperienza dopo aver usato cumul.io per un anno&#8221;<\/strong><br \/>\nPRO: il team \u00e8 molto professionale e alla mano. Hanno sviluppato un prodotto di nicchia che si colloca proprio tra app di analisi pi\u00f9 complesse (ad esempio powerBi\/Tableau&#8230;) e dati grezzi (csv, &#8230;). Il supporto cumul.io \u00e8 fantastico e il modello SaaS applicato offre tutti i vantaggi del cloud. Integrazione e condivisione semplificate<br \/>\nCONTRO: Niente di grave davvero. Sarebbe bello se ci fosse un modo per aggiungere grafici personalizzati usando tecnologie comuni (ad esempio un grafico python\/matplotlib)<\/p>\n<p><strong>&#8220;Ideale per ottenere approfondimenti sulla tua applicazione&#8221;<\/strong><br \/>\nPRO: la facilit\u00e0 d&#8217;uso dell&#8217;ambiente. Quando abbiamo indicato il team internamente per creare un primo test, hanno realizzato grandi risultati inaspettati entro 1 ora. La facilit\u00e0 d&#8217;uso e la qualit\u00e0 dell&#8217;utensile sono immediatamente emerse.<br \/>\nCONTRO: onestamente \u00e8 difficile dirlo per me. Fino ad oggi, non ho riscontrato carenze, soprattutto a causa della grande e rapida interazione della squadra nel caso in cui fossimo bloccati.<\/p>\n<p><strong>&#8220;Dashboard prezioso veloce e facile&#8221;<\/strong><br \/>\nPRO: Plug and play, trascina e rilascia trattini per l&#8217;uso quotidiano. Anche il tuo agricoltore locale pu\u00f2 gestirlo!<br \/>\nCONTRO: All&#8217;inizio l&#8217;autonomia non \u00e8 stata cos\u00ec veloce, ma recentemente abbiamo avuto la velocit\u00e0 della luce sul cruscotto<\/p>\n<\/div>\n<\/div>\n<\/div>\n<\/div>\n","protected":false},"excerpt":{"rendered":"<p>Cumul.io \u00e8 un software di business intelligence che consente di creare dashboard potenti in pochi minuti e promuovere la crescita della tua attivit\u00e0. Si tratta di un modulo di reporting sicuro ideale per aziende e imprese che si occupano di edilizia, logistica, HRtech e FinTech che possono integrarlo direttamente nella propria piattaforma con meno di 100 righe di codice.<\/p>\n","protected":false},"author":17,"featured_media":21638,"parent":32646,"menu_order":0,"comment_status":"open","ping_status":"closed","template":"g1_template_page_review_new.php","meta":{"_acf_changed":false,"cwp_meta_box_check":"Yes","cwp_rev_product_name":"","cwp_rev_product_image":"","wppr_links":[],"cwp_rev_price":"","wppr_options":[],"wppr_pros":[],"wppr_cons":[],"_monsterinsights_skip_tracking":false,"_monsterinsights_sitenote_active":false,"_monsterinsights_sitenote_note":"","_monsterinsights_sitenote_category":0,"footnotes":""},"categories":[1555],"tags":[1561,1565,1564,1560],"features":[],"class_list":{"0":"post-21637","1":"page","2":"type-page","3":"status-publish","4":"has-post-thumbnail","6":"category-business-intelligence-it","7":"tag-bi","8":"tag-business-intelligence","9":"tag-business-intelligence-software","10":"tag-piattaforma-business-intelligence"},"wppr_data":{"cwp_meta_box_check":"Yes","cwp_rev_product_name":"","cwp_rev_product_image":"","cwp_image_link":"image","cwp_rev_price":"","wppr_rating":"0.00"},"acf":[],"yoast_head":"<!-- This site is optimized with the Yoast SEO plugin v27.4 - https:\/\/yoast.com\/product\/yoast-seo-wordpress\/ -->\n<title>Cumul.io: recensione piattaforma business intelligence - Accurate Reviews<\/title>\n<meta name=\"description\" content=\"Cumul.io: recensione del software di business intelligence che consente di creare dashboard potenti e promuovere la crescita della tua attivit\u00e0.\" \/>\n<meta name=\"robots\" content=\"index, follow, max-snippet:-1, max-image-preview:large, max-video-preview:-1\" \/>\n<link rel=\"canonical\" href=\"https:\/\/www.accuratereviews.com\/it\/business-intelligence\/cumul-io-recensione\/\" \/>\n<meta property=\"og:locale\" content=\"it_IT\" \/>\n<meta property=\"og:type\" content=\"article\" \/>\n<meta property=\"og:title\" content=\"Cumul.io: recensione piattaforma business intelligence - Accurate Reviews\" \/>\n<meta property=\"og:description\" content=\"Cumul.io: recensione del software di business intelligence che consente di creare dashboard potenti e promuovere la crescita della tua attivit\u00e0.\" \/>\n<meta property=\"og:url\" content=\"https:\/\/www.accuratereviews.com\/it\/business-intelligence\/cumul-io-recensione\/\" \/>\n<meta property=\"og:site_name\" content=\"Accurate Reviews\" \/>\n<meta property=\"article:modified_time\" content=\"2021-05-18T13:55:19+00:00\" \/>\n<meta property=\"og:image\" content=\"https:\/\/www.accuratereviews.com\/wp-content\/uploads\/2019\/12\/istart-logos-cumulio_rescaled700x500_trim_fill.jpg\" \/>\n\t<meta property=\"og:image:width\" content=\"700\" \/>\n\t<meta property=\"og:image:height\" content=\"500\" \/>\n\t<meta property=\"og:image:type\" content=\"image\/jpeg\" \/>\n<meta name=\"twitter:card\" content=\"summary_large_image\" \/>\n<meta name=\"twitter:label1\" content=\"Tempo di lettura stimato\" \/>\n\t<meta name=\"twitter:data1\" content=\"3 minuti\" \/>\n<script type=\"application\/ld+json\" class=\"yoast-schema-graph\">{\"@context\":\"https:\\\/\\\/schema.org\",\"@graph\":[{\"@type\":\"WebPage\",\"@id\":\"https:\\\/\\\/www.accuratereviews.com\\\/it\\\/business-intelligence\\\/cumul-io-recensione\\\/\",\"url\":\"https:\\\/\\\/www.accuratereviews.com\\\/it\\\/business-intelligence\\\/cumul-io-recensione\\\/\",\"name\":\"Cumul.io: recensione piattaforma business intelligence - Accurate Reviews\",\"isPartOf\":{\"@id\":\"https:\\\/\\\/www.accuratereviews.com\\\/it\\\/#website\"},\"primaryImageOfPage\":{\"@id\":\"https:\\\/\\\/www.accuratereviews.com\\\/it\\\/business-intelligence\\\/cumul-io-recensione\\\/#primaryimage\"},\"image\":{\"@id\":\"https:\\\/\\\/www.accuratereviews.com\\\/it\\\/business-intelligence\\\/cumul-io-recensione\\\/#primaryimage\"},\"thumbnailUrl\":\"https:\\\/\\\/www.accuratereviews.com\\\/wp-content\\\/uploads\\\/2019\\\/12\\\/istart-logos-cumulio_rescaled700x500_trim_fill.jpg\",\"datePublished\":\"2019-12-30T09:56:43+00:00\",\"dateModified\":\"2021-05-18T13:55:19+00:00\",\"description\":\"Cumul.io: recensione del software di business intelligence che consente di creare dashboard potenti e promuovere la crescita della tua attivit\u00e0.\",\"breadcrumb\":{\"@id\":\"https:\\\/\\\/www.accuratereviews.com\\\/it\\\/business-intelligence\\\/cumul-io-recensione\\\/#breadcrumb\"},\"inLanguage\":\"it-IT\",\"potentialAction\":[{\"@type\":\"ReadAction\",\"target\":[\"https:\\\/\\\/www.accuratereviews.com\\\/it\\\/business-intelligence\\\/cumul-io-recensione\\\/\"]}]},{\"@type\":\"ImageObject\",\"inLanguage\":\"it-IT\",\"@id\":\"https:\\\/\\\/www.accuratereviews.com\\\/it\\\/business-intelligence\\\/cumul-io-recensione\\\/#primaryimage\",\"url\":\"https:\\\/\\\/www.accuratereviews.com\\\/wp-content\\\/uploads\\\/2019\\\/12\\\/istart-logos-cumulio_rescaled700x500_trim_fill.jpg\",\"contentUrl\":\"https:\\\/\\\/www.accuratereviews.com\\\/wp-content\\\/uploads\\\/2019\\\/12\\\/istart-logos-cumulio_rescaled700x500_trim_fill.jpg\",\"width\":700,\"height\":500},{\"@type\":\"BreadcrumbList\",\"@id\":\"https:\\\/\\\/www.accuratereviews.com\\\/it\\\/business-intelligence\\\/cumul-io-recensione\\\/#breadcrumb\",\"itemListElement\":[{\"@type\":\"ListItem\",\"position\":1,\"name\":\"Home\",\"item\":\"https:\\\/\\\/www.accuratereviews.com\\\/it\\\/\"},{\"@type\":\"ListItem\",\"position\":2,\"name\":\"Business intelligence\",\"item\":\"https:\\\/\\\/www.accuratereviews.com\\\/it\\\/business-intelligence\\\/\"},{\"@type\":\"ListItem\",\"position\":3,\"name\":\"Cumul.io\"}]},{\"@type\":\"WebSite\",\"@id\":\"https:\\\/\\\/www.accuratereviews.com\\\/it\\\/#website\",\"url\":\"https:\\\/\\\/www.accuratereviews.com\\\/it\\\/\",\"name\":\"Accurate Reviews\",\"description\":\"\",\"potentialAction\":[{\"@type\":\"SearchAction\",\"target\":{\"@type\":\"EntryPoint\",\"urlTemplate\":\"https:\\\/\\\/www.accuratereviews.com\\\/it\\\/?s={search_term_string}\"},\"query-input\":{\"@type\":\"PropertyValueSpecification\",\"valueRequired\":true,\"valueName\":\"search_term_string\"}}],\"inLanguage\":\"it-IT\"}]}<\/script>\n<!-- \/ Yoast SEO plugin. -->","yoast_head_json":{"title":"Cumul.io: recensione piattaforma business intelligence - Accurate Reviews","description":"Cumul.io: recensione del software di business intelligence che consente di creare dashboard potenti e promuovere la crescita della tua attivit\u00e0.","robots":{"index":"index","follow":"follow","max-snippet":"max-snippet:-1","max-image-preview":"max-image-preview:large","max-video-preview":"max-video-preview:-1"},"canonical":"https:\/\/www.accuratereviews.com\/it\/business-intelligence\/cumul-io-recensione\/","og_locale":"it_IT","og_type":"article","og_title":"Cumul.io: recensione piattaforma business intelligence - Accurate Reviews","og_description":"Cumul.io: recensione del software di business intelligence che consente di creare dashboard potenti e promuovere la crescita della tua attivit\u00e0.","og_url":"https:\/\/www.accuratereviews.com\/it\/business-intelligence\/cumul-io-recensione\/","og_site_name":"Accurate Reviews","article_modified_time":"2021-05-18T13:55:19+00:00","og_image":[{"width":700,"height":500,"url":"https:\/\/www.accuratereviews.com\/wp-content\/uploads\/2019\/12\/istart-logos-cumulio_rescaled700x500_trim_fill.jpg","type":"image\/jpeg"}],"twitter_card":"summary_large_image","twitter_misc":{"Tempo di lettura stimato":"3 minuti"},"schema":{"@context":"https:\/\/schema.org","@graph":[{"@type":"WebPage","@id":"https:\/\/www.accuratereviews.com\/it\/business-intelligence\/cumul-io-recensione\/","url":"https:\/\/www.accuratereviews.com\/it\/business-intelligence\/cumul-io-recensione\/","name":"Cumul.io: recensione piattaforma business intelligence - Accurate Reviews","isPartOf":{"@id":"https:\/\/www.accuratereviews.com\/it\/#website"},"primaryImageOfPage":{"@id":"https:\/\/www.accuratereviews.com\/it\/business-intelligence\/cumul-io-recensione\/#primaryimage"},"image":{"@id":"https:\/\/www.accuratereviews.com\/it\/business-intelligence\/cumul-io-recensione\/#primaryimage"},"thumbnailUrl":"https:\/\/www.accuratereviews.com\/wp-content\/uploads\/2019\/12\/istart-logos-cumulio_rescaled700x500_trim_fill.jpg","datePublished":"2019-12-30T09:56:43+00:00","dateModified":"2021-05-18T13:55:19+00:00","description":"Cumul.io: recensione del software di business intelligence che consente di creare dashboard potenti e promuovere la crescita della tua attivit\u00e0.","breadcrumb":{"@id":"https:\/\/www.accuratereviews.com\/it\/business-intelligence\/cumul-io-recensione\/#breadcrumb"},"inLanguage":"it-IT","potentialAction":[{"@type":"ReadAction","target":["https:\/\/www.accuratereviews.com\/it\/business-intelligence\/cumul-io-recensione\/"]}]},{"@type":"ImageObject","inLanguage":"it-IT","@id":"https:\/\/www.accuratereviews.com\/it\/business-intelligence\/cumul-io-recensione\/#primaryimage","url":"https:\/\/www.accuratereviews.com\/wp-content\/uploads\/2019\/12\/istart-logos-cumulio_rescaled700x500_trim_fill.jpg","contentUrl":"https:\/\/www.accuratereviews.com\/wp-content\/uploads\/2019\/12\/istart-logos-cumulio_rescaled700x500_trim_fill.jpg","width":700,"height":500},{"@type":"BreadcrumbList","@id":"https:\/\/www.accuratereviews.com\/it\/business-intelligence\/cumul-io-recensione\/#breadcrumb","itemListElement":[{"@type":"ListItem","position":1,"name":"Home","item":"https:\/\/www.accuratereviews.com\/it\/"},{"@type":"ListItem","position":2,"name":"Business intelligence","item":"https:\/\/www.accuratereviews.com\/it\/business-intelligence\/"},{"@type":"ListItem","position":3,"name":"Cumul.io"}]},{"@type":"WebSite","@id":"https:\/\/www.accuratereviews.com\/it\/#website","url":"https:\/\/www.accuratereviews.com\/it\/","name":"Accurate Reviews","description":"","potentialAction":[{"@type":"SearchAction","target":{"@type":"EntryPoint","urlTemplate":"https:\/\/www.accuratereviews.com\/it\/?s={search_term_string}"},"query-input":{"@type":"PropertyValueSpecification","valueRequired":true,"valueName":"search_term_string"}}],"inLanguage":"it-IT"}]}},"_links":{"self":[{"href":"https:\/\/www.accuratereviews.com\/it\/wp-json\/wp\/v2\/pages\/21637","targetHints":{"allow":["GET"]}}],"collection":[{"href":"https:\/\/www.accuratereviews.com\/it\/wp-json\/wp\/v2\/pages"}],"about":[{"href":"https:\/\/www.accuratereviews.com\/it\/wp-json\/wp\/v2\/types\/page"}],"author":[{"embeddable":true,"href":"https:\/\/www.accuratereviews.com\/it\/wp-json\/wp\/v2\/users\/17"}],"replies":[{"embeddable":true,"href":"https:\/\/www.accuratereviews.com\/it\/wp-json\/wp\/v2\/comments?post=21637"}],"version-history":[{"count":6,"href":"https:\/\/www.accuratereviews.com\/it\/wp-json\/wp\/v2\/pages\/21637\/revisions"}],"predecessor-version":[{"id":42882,"href":"https:\/\/www.accuratereviews.com\/it\/wp-json\/wp\/v2\/pages\/21637\/revisions\/42882"}],"up":[{"embeddable":true,"href":"https:\/\/www.accuratereviews.com\/it\/wp-json\/wp\/v2\/pages\/32646"}],"wp:featuredmedia":[{"embeddable":true,"href":"https:\/\/www.accuratereviews.com\/it\/wp-json\/wp\/v2\/media\/21638"}],"wp:attachment":[{"href":"https:\/\/www.accuratereviews.com\/it\/wp-json\/wp\/v2\/media?parent=21637"}],"wp:term":[{"taxonomy":"category","embeddable":true,"href":"https:\/\/www.accuratereviews.com\/it\/wp-json\/wp\/v2\/categories?post=21637"},{"taxonomy":"post_tag","embeddable":true,"href":"https:\/\/www.accuratereviews.com\/it\/wp-json\/wp\/v2\/tags?post=21637"},{"taxonomy":"features","embeddable":true,"href":"https:\/\/www.accuratereviews.com\/it\/wp-json\/wp\/v2\/features?post=21637"}],"curies":[{"name":"wp","href":"https:\/\/api.w.org\/{rel}","templated":true}]}}