{"id":21646,"date":"2019-12-30T11:14:56","date_gmt":"2019-12-30T11:14:56","guid":{"rendered":"https:\/\/www.accuratereviews.com\/?page_id=21646"},"modified":"2021-05-18T14:21:25","modified_gmt":"2021-05-18T14:21:25","slug":"powerbi-recensione","status":"publish","type":"page","link":"https:\/\/www.accuratereviews.com\/it\/business-intelligence\/powerbi-recensione\/","title":{"rendered":"PowerBi"},"content":{"rendered":"<p><strong>Power BI<\/strong> \u00e8 un <strong>servizio di analisi e business intelligence<\/strong> basato su <strong>cloud<\/strong> che offre una panoramica completa dei dati pi\u00f9 importanti. Connettendosi a tutte le fonti di dati, Power BI semplifica la valutazione e la condivisione dei dati con dashboard scalabili, report interattivi, elementi visivi incorporati e altro ancora. Power BI funziona attraverso due prodotti disponibili per il download: Power BI Desktop e Power BI Mobile. Da <strong>desktop<\/strong>, \u00e8\u00a0una soluzione on-premise che si collega a un servizio basato su cloud per caricare e condividere facilmente dati e informazioni all&#8217;interno dell&#8217;azienda. Da <strong>mobile,<\/strong> ha le stesse funzionalit\u00e0, ma in un&#8217;app, in modo da poter avere una vista a 360 gradi della tua azienda sempre e ovunque.<\/p>\n<h2>POWER BI &#8211; TUTORIAL<\/h2>\n<p>Vediamo in questo tutorial come creare dashboard in pochi passaggi con questo <strong>software di business intelligence<\/strong>:<\/p>\n<div id=\"fluid-wrapper-counter-1\" class=\"g1-fluid-wrapper \" style=\"width:686px;\">\n<div style=\"padding-bottom:56.268221574344%;\"><iframe loading=\"lazy\" title=\"Tutorial - Come creare un Dashboard con Microsoft PowerBI in 4 passaggi - Parte1\" width=\"686\" height=\"386\" src=\"https:\/\/www.youtube.com\/embed\/fhMtmq9ZI34?feature=oembed&amp;wmode=transparent&amp;autohide=1&amp;autoplay=0&amp;disablekb=0&amp;fs=1&amp;loop=0&amp;enablejsapi=1&amp;rel=0&amp;controls=2&amp;showinfo=0&amp;wmode=transparent&amp;autohide=2&amp;autoplay=0&amp;disablekb=0&amp;fs=1&amp;loop=0&amp;enablejsapi=1&amp;rel=0&amp;controls=2&amp;showinfo=1\" frameborder=\"0\" allow=\"accelerometer; autoplay; encrypted-media; gyroscope; picture-in-picture\" allowfullscreen><\/iframe><\/div>\n<\/div>\n<h3>POWER BI &#8211; CARATTERISTICHE<\/h3>\n<ul>\n<li><strong>Set di dati<\/strong>: come definito da Microsoft, &#8220;un set di dati \u00e8 qualcosa a cui \u00e8 possibile importare o connettersi&#8221;. La soluzione si collega a tutte le origini dati di un&#8217;organizzazione, riunendo dati di qualsiasi genere in un unico posto. Ci\u00f2 riduce le lunghe attivit\u00e0 associate all&#8217;acquisizione, all&#8217;accesso e alla valutazione dei dati, facilitando l&#8217;identificazione delle tendenze e le decisioni aziendali<\/li>\n<li><strong>Dashboard:<\/strong> i dashboard sono pannelli interattivi che mettono in relazione dati attraverso display pi\u00f9 piccoli chiamati riquadri. I dashboard sono collegati a ciascun set di dati per il confronto e la valutazione e possono essere condivisi con i colleghi per scambiare facilmente informazioni.<\/li>\n<li><strong>Rapporti:<\/strong> i rapporti di questo programma possono essere creati da zero per garantire che siano incluse solo le informazioni importanti. Questi report personalizzati possono essere importati in qualsiasi dashboard per una condivisione semplice e rapida tra i colleghi<\/li>\n<li><strong>Riquadro di navigazione<\/strong>: con il riquadro di navigazione \u00e8 possibile spostarsi agevolmente tra set di dati, dashboard e report<\/li>\n<li><strong>Casella di domande e risposte<\/strong>: la casella di domande e risposte consente di esplorare i dati ponendo una domanda in linguaggio naturale. La tecnologia utilizza riformulazioni, riempimento automatico, suggerimenti e altro per aiutarti a trovare la risposta corretta per la prima volta<\/li>\n<li><strong>Pulsanti di aiuto e feedback:<\/strong> sono i pulsanti delle risorse per impostazioni, download, supporto e feedback al team di Power BI<\/li>\n<li><strong>Avvio applicazioni di Office 365<\/strong>: questo ti consente di aprire rapidamente le app di Office 365 desiderate e di cui hai bisogno.<\/li>\n<\/ul>\n<h4>LE RECENSIONI DEGLI UTENTI<\/h4>\n<h4>Jerry A. &#8220;Molto robusto, anche se un po&#8217; travolgente&#8221;<\/h4>\n<p><strong>Commenti<\/strong>: stiamo passando dal fare in modo che il personale crei report Excel o acceda ai report del database per consentire a Power BI di fare tutto per noi. Dedichiamo un po &#8216;di tempo a ripulire i dati dell&#8217;utente, semplificando il modo in cui li inseriscono (e dove &#8211; utilizziamo ancora Access, alcuni SQL, alcuni Sharepoint) e Power BI fa il resto. Il nostro staff ama non dover pi\u00f9 creare manualmente report e ama il modo in cui Power BI li cerca. Ci stiamo divertendo nel complesso.<\/p>\n<p><strong>Vantaggi<\/strong>: la creazione della dashboard \u00e8 sorprendente. Dagli una fonte di dati, progetta come vuoi vedere i tuoi dati e te li mostra. Mi piace creare dashboard per i nostri diversi dipartimenti. E una volta che il nostro personale vede i report e i dashboard che ottengono da questo, rispetto al modo in cui li hanno utilizzati in un foglio di calcolo Excel o in un report di accesso, vengono agganciati.<\/p>\n<p><strong>Inconvenienti<\/strong>: travolgente nel back-end. A volte non \u00e8 possibile ottenere i dati per visualizzare nel modo desiderato. Ci sono cos\u00ec tante opzioni, caratteristiche, metodi. Diventa travolgente. La mia pi\u00f9 grande lamentela \u00e8 che il back-end non \u00e8 facile da usare come altri programmi. E, confrontandolo con qualcosa che uno dei miei utenti avrebbe creato in Excel, \u00e8 difficile per me ottenere i dati esatti che vogliono. Devo capire come visualizzarlo, e poich\u00e9 Power Bi \u00e8 cos\u00ec robusto, \u00e8 un po &#8216;travolgente in questo senso.<\/p>\n<h4>Andrew B. &#8220;Ci sono molti concorrenti, ma Power BI \u00e8 al top&#8221;<\/h4>\n<p><strong>Commenti<\/strong>: Power BI mi consente di &#8220;manipolare&#8221; i dati e presentarli in formati visivamente accattivanti e flessibili.<\/p>\n<p><strong>Vantaggi<\/strong>: ho usato Tableau e Google Data Studio &#8211; tra le altre alternative. Nulla \u00e8 paragonabile alla funzionalit\u00e0 offerta da Power BI. Tutto ci\u00f2 che riguarda il programma \u00e8 realizzato tenendo conto dell&#8217;intero aspetto di analisi, dal progettista al &#8220;wrangler&#8221; dei dati fino al consumatore finale (ad esempio, altri all&#8217;interno dell&#8217;azienda). In questo modo, Power BI \u00e8 estremamente potente perch\u00e9 pu\u00f2 essere utilizzato per molti tipi diversi di progetti; l&#8217;analisi dei dati intensiva per i dashboard pi\u00f9 visivi di &#8220;presentazione dei dati&#8221;.<\/p>\n<p><strong>Inconvenienti<\/strong>: la condivisione di dashboard e report in Power BI \u00e8 semplice e ha molte opzioni per farlo. Tuttavia, il requisito secondo cui tutti gli utenti devono disporre di un account Pro per visualizzare i dashboard creati in Pro \u00e8 un po &#8216;un ostacolo in un&#8217;organizzazione globale in cui non ha senso economico per ogni dipendente avere un account Pro. Sembra che sarebbe un&#8217;ottima aggiunta consentire una condivisione limitata a tutti, anche a quelli senza un account Pro, poich\u00e9 la maggior parte del mio team interno non ha un account.<\/p>\n<h4>Muhammad K. &#8220;Il miglior strumento di Business Intelligence di sempre!&#8221;<\/h4>\n<p><strong>Commenti<\/strong>: Ottima esperienza e ottimo strumento per sperimentare ha un&#8217;interfaccia molto semplice e pu\u00f2 rendere facilmente i dashboard.<\/p>\n<p><strong>Vantaggi<\/strong>: Microsoft PowerBI \u00e8 lo strumento pi\u00f9 semplice da usare, un personale non IT e un personale non ben addestrato possono facilmente utilizzare questo strumento. Questo strumento ha un&#8217;interfaccia utente grafica interattiva e se hai qualche problema puoi semplicemente cercarlo su Google.<\/p>\n<p><strong>Inconvenienti<\/strong>: il frequente aggiornamento a volte sar\u00e0 molto complicato da gestire come se si disponga della versione pi\u00f9 recente del desktop e della versione precedente del desktop, quindi potrebbe essere complicato e il file potrebbe non essere caricato sul server.<\/p>\n<p>&nbsp;<\/p>\n","protected":false},"excerpt":{"rendered":"<p>Power BI \u00e8 un servizio di analisi e business intelligence basato su cloud che offre una panoramica completa dei dati pi\u00f9 importanti. Connettendosi a tutte le fonti di dati, Power BI semplifica la valutazione e la condivisione dei dati con dashboard scalabili, report interattivi, elementi visivi incorporati e altro ancora.\u00a0<\/p>\n","protected":false},"author":19,"featured_media":21647,"parent":32646,"menu_order":0,"comment_status":"open","ping_status":"closed","template":"g1_template_page_review_new.php","meta":{"_acf_changed":false,"cwp_meta_box_check":"Yes","cwp_rev_product_name":"","cwp_rev_product_image":"","wppr_links":[],"cwp_rev_price":"","wppr_options":[],"wppr_pros":[],"wppr_cons":[],"_monsterinsights_skip_tracking":false,"_monsterinsights_sitenote_active":false,"_monsterinsights_sitenote_note":"","_monsterinsights_sitenote_category":0,"footnotes":""},"categories":[1555],"tags":[1621,1561,1565,1564,1636,1557,1558],"features":[],"class_list":{"0":"post-21646","1":"page","2":"type-page","3":"status-publish","4":"has-post-thumbnail","6":"category-business-intelligence-it","7":"tag-analisi-dati","8":"tag-bi","9":"tag-business-intelligence","10":"tag-business-intelligence-software","11":"tag-power-bi","12":"tag-programma-business-intelligence","13":"tag-soluzione-business-intelligence"},"wppr_data":{"cwp_meta_box_check":"Yes","cwp_rev_product_name":"","cwp_rev_product_image":"","cwp_image_link":"image","cwp_rev_price":"","wppr_rating":"0.00"},"acf":[],"yoast_head":"<!-- This site is optimized with the Yoast SEO plugin v27.4 - https:\/\/yoast.com\/product\/yoast-seo-wordpress\/ -->\n<title>Power Bi: recensione software Business Intelligence - Accurate Reviews<\/title>\n<meta name=\"description\" content=\"Power BI: recensione servizio di analisi e business intelligence basato su cloud che offre una panoramica completa dei dati pi\u00f9 importanti.\" \/>\n<meta name=\"robots\" content=\"index, follow, max-snippet:-1, max-image-preview:large, max-video-preview:-1\" \/>\n<link rel=\"canonical\" href=\"https:\/\/www.accuratereviews.com\/it\/business-intelligence\/powerbi-recensione\/\" \/>\n<meta property=\"og:locale\" content=\"it_IT\" \/>\n<meta property=\"og:type\" content=\"article\" \/>\n<meta property=\"og:title\" content=\"Power Bi: recensione software Business Intelligence - Accurate Reviews\" \/>\n<meta property=\"og:description\" content=\"Power BI: recensione servizio di analisi e business intelligence basato su cloud che offre una panoramica completa dei dati pi\u00f9 importanti.\" \/>\n<meta property=\"og:url\" content=\"https:\/\/www.accuratereviews.com\/it\/business-intelligence\/powerbi-recensione\/\" \/>\n<meta property=\"og:site_name\" content=\"Accurate Reviews\" \/>\n<meta property=\"article:modified_time\" content=\"2021-05-18T14:21:25+00:00\" \/>\n<meta property=\"og:image\" content=\"https:\/\/www.accuratereviews.com\/wp-content\/uploads\/2019\/12\/Power-BI-logo.jpg\" \/>\n\t<meta property=\"og:image:width\" content=\"1908\" \/>\n\t<meta property=\"og:image:height\" content=\"804\" \/>\n\t<meta property=\"og:image:type\" content=\"image\/jpeg\" \/>\n<meta name=\"twitter:card\" content=\"summary_large_image\" \/>\n<meta name=\"twitter:label1\" content=\"Tempo di lettura stimato\" \/>\n\t<meta name=\"twitter:data1\" content=\"5 minuti\" \/>\n<script type=\"application\/ld+json\" class=\"yoast-schema-graph\">{\"@context\":\"https:\\\/\\\/schema.org\",\"@graph\":[{\"@type\":\"WebPage\",\"@id\":\"https:\\\/\\\/www.accuratereviews.com\\\/it\\\/business-intelligence\\\/powerbi-recensione\\\/\",\"url\":\"https:\\\/\\\/www.accuratereviews.com\\\/it\\\/business-intelligence\\\/powerbi-recensione\\\/\",\"name\":\"Power Bi: recensione software Business Intelligence - Accurate Reviews\",\"isPartOf\":{\"@id\":\"https:\\\/\\\/www.accuratereviews.com\\\/it\\\/#website\"},\"primaryImageOfPage\":{\"@id\":\"https:\\\/\\\/www.accuratereviews.com\\\/it\\\/business-intelligence\\\/powerbi-recensione\\\/#primaryimage\"},\"image\":{\"@id\":\"https:\\\/\\\/www.accuratereviews.com\\\/it\\\/business-intelligence\\\/powerbi-recensione\\\/#primaryimage\"},\"thumbnailUrl\":\"https:\\\/\\\/www.accuratereviews.com\\\/wp-content\\\/uploads\\\/2019\\\/12\\\/Power-BI-logo.jpg\",\"datePublished\":\"2019-12-30T11:14:56+00:00\",\"dateModified\":\"2021-05-18T14:21:25+00:00\",\"description\":\"Power BI: recensione servizio di analisi e business intelligence basato su cloud che offre una panoramica completa dei dati pi\u00f9 importanti.\",\"breadcrumb\":{\"@id\":\"https:\\\/\\\/www.accuratereviews.com\\\/it\\\/business-intelligence\\\/powerbi-recensione\\\/#breadcrumb\"},\"inLanguage\":\"it-IT\",\"potentialAction\":[{\"@type\":\"ReadAction\",\"target\":[\"https:\\\/\\\/www.accuratereviews.com\\\/it\\\/business-intelligence\\\/powerbi-recensione\\\/\"]}]},{\"@type\":\"ImageObject\",\"inLanguage\":\"it-IT\",\"@id\":\"https:\\\/\\\/www.accuratereviews.com\\\/it\\\/business-intelligence\\\/powerbi-recensione\\\/#primaryimage\",\"url\":\"https:\\\/\\\/www.accuratereviews.com\\\/wp-content\\\/uploads\\\/2019\\\/12\\\/Power-BI-logo.jpg\",\"contentUrl\":\"https:\\\/\\\/www.accuratereviews.com\\\/wp-content\\\/uploads\\\/2019\\\/12\\\/Power-BI-logo.jpg\",\"width\":1908,\"height\":804},{\"@type\":\"BreadcrumbList\",\"@id\":\"https:\\\/\\\/www.accuratereviews.com\\\/it\\\/business-intelligence\\\/powerbi-recensione\\\/#breadcrumb\",\"itemListElement\":[{\"@type\":\"ListItem\",\"position\":1,\"name\":\"Home\",\"item\":\"https:\\\/\\\/www.accuratereviews.com\\\/it\\\/\"},{\"@type\":\"ListItem\",\"position\":2,\"name\":\"Business intelligence\",\"item\":\"https:\\\/\\\/www.accuratereviews.com\\\/it\\\/business-intelligence\\\/\"},{\"@type\":\"ListItem\",\"position\":3,\"name\":\"PowerBi\"}]},{\"@type\":\"WebSite\",\"@id\":\"https:\\\/\\\/www.accuratereviews.com\\\/it\\\/#website\",\"url\":\"https:\\\/\\\/www.accuratereviews.com\\\/it\\\/\",\"name\":\"Accurate Reviews\",\"description\":\"\",\"potentialAction\":[{\"@type\":\"SearchAction\",\"target\":{\"@type\":\"EntryPoint\",\"urlTemplate\":\"https:\\\/\\\/www.accuratereviews.com\\\/it\\\/?s={search_term_string}\"},\"query-input\":{\"@type\":\"PropertyValueSpecification\",\"valueRequired\":true,\"valueName\":\"search_term_string\"}}],\"inLanguage\":\"it-IT\"}]}<\/script>\n<!-- \/ Yoast SEO plugin. -->","yoast_head_json":{"title":"Power Bi: recensione software Business Intelligence - Accurate Reviews","description":"Power BI: recensione servizio di analisi e business intelligence basato su cloud che offre una panoramica completa dei dati pi\u00f9 importanti.","robots":{"index":"index","follow":"follow","max-snippet":"max-snippet:-1","max-image-preview":"max-image-preview:large","max-video-preview":"max-video-preview:-1"},"canonical":"https:\/\/www.accuratereviews.com\/it\/business-intelligence\/powerbi-recensione\/","og_locale":"it_IT","og_type":"article","og_title":"Power Bi: recensione software Business Intelligence - Accurate Reviews","og_description":"Power BI: recensione servizio di analisi e business intelligence basato su cloud che offre una panoramica completa dei dati pi\u00f9 importanti.","og_url":"https:\/\/www.accuratereviews.com\/it\/business-intelligence\/powerbi-recensione\/","og_site_name":"Accurate Reviews","article_modified_time":"2021-05-18T14:21:25+00:00","og_image":[{"width":1908,"height":804,"url":"https:\/\/www.accuratereviews.com\/wp-content\/uploads\/2019\/12\/Power-BI-logo.jpg","type":"image\/jpeg"}],"twitter_card":"summary_large_image","twitter_misc":{"Tempo di lettura stimato":"5 minuti"},"schema":{"@context":"https:\/\/schema.org","@graph":[{"@type":"WebPage","@id":"https:\/\/www.accuratereviews.com\/it\/business-intelligence\/powerbi-recensione\/","url":"https:\/\/www.accuratereviews.com\/it\/business-intelligence\/powerbi-recensione\/","name":"Power Bi: recensione software Business Intelligence - Accurate Reviews","isPartOf":{"@id":"https:\/\/www.accuratereviews.com\/it\/#website"},"primaryImageOfPage":{"@id":"https:\/\/www.accuratereviews.com\/it\/business-intelligence\/powerbi-recensione\/#primaryimage"},"image":{"@id":"https:\/\/www.accuratereviews.com\/it\/business-intelligence\/powerbi-recensione\/#primaryimage"},"thumbnailUrl":"https:\/\/www.accuratereviews.com\/wp-content\/uploads\/2019\/12\/Power-BI-logo.jpg","datePublished":"2019-12-30T11:14:56+00:00","dateModified":"2021-05-18T14:21:25+00:00","description":"Power BI: recensione servizio di analisi e business intelligence basato su cloud che offre una panoramica completa dei dati pi\u00f9 importanti.","breadcrumb":{"@id":"https:\/\/www.accuratereviews.com\/it\/business-intelligence\/powerbi-recensione\/#breadcrumb"},"inLanguage":"it-IT","potentialAction":[{"@type":"ReadAction","target":["https:\/\/www.accuratereviews.com\/it\/business-intelligence\/powerbi-recensione\/"]}]},{"@type":"ImageObject","inLanguage":"it-IT","@id":"https:\/\/www.accuratereviews.com\/it\/business-intelligence\/powerbi-recensione\/#primaryimage","url":"https:\/\/www.accuratereviews.com\/wp-content\/uploads\/2019\/12\/Power-BI-logo.jpg","contentUrl":"https:\/\/www.accuratereviews.com\/wp-content\/uploads\/2019\/12\/Power-BI-logo.jpg","width":1908,"height":804},{"@type":"BreadcrumbList","@id":"https:\/\/www.accuratereviews.com\/it\/business-intelligence\/powerbi-recensione\/#breadcrumb","itemListElement":[{"@type":"ListItem","position":1,"name":"Home","item":"https:\/\/www.accuratereviews.com\/it\/"},{"@type":"ListItem","position":2,"name":"Business intelligence","item":"https:\/\/www.accuratereviews.com\/it\/business-intelligence\/"},{"@type":"ListItem","position":3,"name":"PowerBi"}]},{"@type":"WebSite","@id":"https:\/\/www.accuratereviews.com\/it\/#website","url":"https:\/\/www.accuratereviews.com\/it\/","name":"Accurate Reviews","description":"","potentialAction":[{"@type":"SearchAction","target":{"@type":"EntryPoint","urlTemplate":"https:\/\/www.accuratereviews.com\/it\/?s={search_term_string}"},"query-input":{"@type":"PropertyValueSpecification","valueRequired":true,"valueName":"search_term_string"}}],"inLanguage":"it-IT"}]}},"_links":{"self":[{"href":"https:\/\/www.accuratereviews.com\/it\/wp-json\/wp\/v2\/pages\/21646","targetHints":{"allow":["GET"]}}],"collection":[{"href":"https:\/\/www.accuratereviews.com\/it\/wp-json\/wp\/v2\/pages"}],"about":[{"href":"https:\/\/www.accuratereviews.com\/it\/wp-json\/wp\/v2\/types\/page"}],"author":[{"embeddable":true,"href":"https:\/\/www.accuratereviews.com\/it\/wp-json\/wp\/v2\/users\/19"}],"replies":[{"embeddable":true,"href":"https:\/\/www.accuratereviews.com\/it\/wp-json\/wp\/v2\/comments?post=21646"}],"version-history":[{"count":11,"href":"https:\/\/www.accuratereviews.com\/it\/wp-json\/wp\/v2\/pages\/21646\/revisions"}],"predecessor-version":[{"id":42905,"href":"https:\/\/www.accuratereviews.com\/it\/wp-json\/wp\/v2\/pages\/21646\/revisions\/42905"}],"up":[{"embeddable":true,"href":"https:\/\/www.accuratereviews.com\/it\/wp-json\/wp\/v2\/pages\/32646"}],"wp:featuredmedia":[{"embeddable":true,"href":"https:\/\/www.accuratereviews.com\/it\/wp-json\/wp\/v2\/media\/21647"}],"wp:attachment":[{"href":"https:\/\/www.accuratereviews.com\/it\/wp-json\/wp\/v2\/media?parent=21646"}],"wp:term":[{"taxonomy":"category","embeddable":true,"href":"https:\/\/www.accuratereviews.com\/it\/wp-json\/wp\/v2\/categories?post=21646"},{"taxonomy":"post_tag","embeddable":true,"href":"https:\/\/www.accuratereviews.com\/it\/wp-json\/wp\/v2\/tags?post=21646"},{"taxonomy":"features","embeddable":true,"href":"https:\/\/www.accuratereviews.com\/it\/wp-json\/wp\/v2\/features?post=21646"}],"curies":[{"name":"wp","href":"https:\/\/api.w.org\/{rel}","templated":true}]}}