{"id":21666,"date":"2019-12-31T10:45:12","date_gmt":"2019-12-31T10:45:12","guid":{"rendered":"https:\/\/www.accuratereviews.com\/?page_id=21666"},"modified":"2020-11-10T14:37:42","modified_gmt":"2020-11-10T14:37:42","slug":"klipfolio-recensione","status":"publish","type":"page","link":"https:\/\/www.accuratereviews.com\/it\/klipfolio-recensione\/","title":{"rendered":"Klipfolio"},"content":{"rendered":"<p><strong>Klipfolio<\/strong> \u00e8 una <strong>soluzione di BI<\/strong> basata su<strong> cloud<\/strong> che consente agli utenti di connettersi a qualsiasi origine dati, creare splendide visualizzazioni di dati e condividerle facilmente quando e dove necessario. Sia che tu abbia bisogno di dashboard, email di istantanee, report PDF, schede dati TV o monitoraggio mobile, migliaia di clienti si affidano ogni giorno a questo programma per prendere decisioni mirate all&#8217;incremento del propio business. Potente e flessibile, <strong>Klipfolio<\/strong> \u00e8 l&#8217;alternativa BI leader del settore che puoi utilizzare senza esperienza <strong>IT<\/strong> o di <strong>data warehousing<\/strong>. Una solida libreria di contenuti predefiniti, supporto in tempo reale e corsi gratuiti aiutano gli utenti a diventare operativi rapidamente.<\/p>\n<h2>KLIPFOLIO &#8211; TUTORIAL<\/h2>\n<p>Il tutorial di seguito illustra le basi della creazione e della condivisione di dashboard sfruttando le funzioni di questo <strong>software di Business Intelligence<\/strong>:<\/p>\n<div id=\"fluid-wrapper-counter-1\" class=\"g1-fluid-wrapper \" style=\"width:686px;\">\n<div style=\"padding-bottom:56.268221574344%;\"><iframe loading=\"lazy\" title=\"Building+Sharing Dashboards Webinar 04 19\" width=\"686\" height=\"386\" src=\"https:\/\/www.youtube.com\/embed\/Ogrn4BHG61Q?feature=oembed&amp;wmode=transparent&amp;autohide=1&amp;autoplay=0&amp;disablekb=0&amp;fs=1&amp;loop=0&amp;enablejsapi=1&amp;rel=0&amp;controls=2&amp;showinfo=0&amp;wmode=transparent&amp;autohide=2&amp;autoplay=0&amp;disablekb=0&amp;fs=1&amp;loop=0&amp;enablejsapi=1&amp;rel=0&amp;controls=2&amp;showinfo=1\" frameborder=\"0\" allow=\"accelerometer; autoplay; clipboard-write; encrypted-media; gyroscope; picture-in-picture\" allowfullscreen><\/iframe><\/div>\n<\/div>\n<h3>KLIPFOLIO &#8211; CARATTERISTICHE<\/h3>\n<ul>\n<li>Connettiti a centinaia di fonti di dati online e on-premise, incluse app Web come Google Analytics, Salesforce e Quickbooks, database cloud e \u00a0server FTP, file archiviati su hard disk e altro ancora<\/li>\n<li>Sfrutta una solida libreria di connettori e visualizzazioni di dati predefiniti o creane uno tuo da zero<\/li>\n<li>Combina e adopera le origini dati in un editor, scrivendo formule con funzioni simili a Excel, operazioni matematiche e statistiche per definire le metriche importanti per la tua attivit\u00e0<\/li>\n<li>Personalizza il design e la configurazione delle visualizzazioni dei dati e dei dashboard e distribuiscili tramite link pubblici o privati \u200b\u200bo inviali via email \u00a0per condividere lo storico dei numeri, internamente o con il pubblico.<\/li>\n<\/ul>\n<h4>LE RECENSIONI DEGLI UTENTI<\/h4>\n<h4>Jabel R. &#8220;Lo sceglierei di nuovo&#8221;<\/h4>\n<p><strong>Commenti<\/strong>: Abbiamo usato klipfolio nell&#8217;ultimo anno e questo ha aiutato molto il nostro team di marketing a conoscere la situazione in ogni momento, a confrontarla con altre date, ecc. Il team di supporto \u00e8 sempre stato presente quando ci siamo bloccati in una configurazione klip o comportamento.<\/p>\n<p><strong>Vantaggi<\/strong>: ha molte funzionalit\u00e0 e integrazioni gi\u00e0 presenti. In termini generali \u00e8 facile da usare e il team di supporto dar\u00e0 sempre una mano quando necessario (Abbiamo dashboard e klips piuttosto complessi con +10 origini dati in diversi formati). In termini di funzionalit\u00e0 hanno tutto ci\u00f2 di cui ci occupavamo, \u00e8 una soluzione davvero completa e funziona davvero bene. C&#8217;\u00e8 molta documentazione e supporto disponibili per creare la dashboard desiderata.<\/p>\n<p><strong>Inconvenienti<\/strong>: se lavori con dashboard di grandi dimensioni o klips complessi, alcune volte potrebbe essere un po &#8216;lento, ma a questo punto lo considero pi\u00f9 del normale. Hanno servizi disponibili per risorse dedicate se necessario (non nel nostro caso). Le origini dati dinamiche sono in fase Beta. Sebbene di solito funzionino abbastanza bene (E di nuovo, avrai supporto aiutando nel caso non lo facessero) sarebbe bello avere la funzionalit\u00e0 finita e con tutta l&#8217;interfaccia necessaria per gestire le diverse istanze o impostare il comportamento desiderato. Anche il design ha i suoi limiti, ma in termini generali non \u00e8 necessario molto di pi\u00f9, forse alcuni elementi di controllo dell&#8217;interfaccia utente per i klips.<\/p>\n<h4>Hardik P. &#8220;Il miglior costruttore di dashboard l\u00e0 fuori con il miglior supporto&#8221;<\/h4>\n<p><strong>Vantaggi<\/strong>: mi \u00e8 piaciuta l&#8217;interfaccia e l&#8217;interfaccia utente \/ UX. Inoltre, adoro assolutamente la funzione che ti ha permesso di visualizzare in anteprima le parti di una funzione, ottime per il debug. Mi piace il modo in cui Klipfolio ti d\u00e0 per impostare variabili dinamiche (Recupera in query sulle origini dati)<\/p>\n<p><strong>Inconvenienti<\/strong>: Vorrei che fosse possibile fornire pi\u00f9 funzionalit\u00e0 e assistenza per l&#8217;utilizzo di componenti HTML. Mi piacerebbe avere la possibilit\u00e0 di usare immagini personalizzate nelle Logiche degli indicatori (invece usando solo le icone disponibili \/ Se l&#8217;utente pu\u00f2 usare GIF \/ JPEG \/ PNG personalizzati).<\/p>\n<h4>John E. &#8220;Flessibile, altamente personalizzabile e un meraviglioso team di supporto!&#8221;<\/h4>\n<p><strong>Vantaggi<\/strong>: Kudos al supporto di Klipfolio! Sono semplicemente fantastici. Le poche volte che ho avuto problemi che richiedono supporto, sono state rapide, competenti ed estremamente utili.\u00a0Klipfolio \u00e8 molto semplice da configurare. Non \u00e8 necessario essere una persona molto tecnica per poter andare avanti perch\u00e9 la curva di apprendimento non \u00e8 ripida.\u00a0C&#8217;\u00e8 anche una profonda integrazione con la maggior parte dei software che utilizziamo come Adobe Analytics e Amazon Redshift.\u00a0Infine, mi piace la flessibilit\u00e0 e il grado di personalizzazioni possibili con questo software.<\/p>\n<p><strong>Inconvenienti<\/strong>: Nel corso degli anni in cui abbiamo utilizzato Klipfolio, non abbiamo riscontrato problemi che il supporto non ha aiutato in modo tempestivo. Onestamente non riesco a pensare a qualcosa di negativo su questo software.<\/p>\n","protected":false},"excerpt":{"rendered":"<p>Klipfolio \u00e8 una soluzione di BI basata su cloud che consente agli utenti di connettersi a qualsiasi origine dati, creare splendide visualizzazioni di dati e condividerle facilmente quando e dove necessario. Sia che tu abbia bisogno di dashboard, email di istantanee, report PDF, schede dati TV o monitoraggio mobile, migliaia di clienti si affidano ogni giorno a questo programma per prendere decisioni mirate all&#8217;incremento del propio business.<\/p>\n","protected":false},"author":19,"featured_media":21668,"parent":0,"menu_order":0,"comment_status":"open","ping_status":"closed","template":"g1_template_page_review_new.php","meta":{"_acf_changed":false,"cwp_meta_box_check":"Yes","cwp_rev_product_name":"","cwp_rev_product_image":"","wppr_links":[],"cwp_rev_price":"","wppr_options":[],"wppr_pros":[],"wppr_cons":[],"_monsterinsights_skip_tracking":false,"_monsterinsights_sitenote_active":false,"_monsterinsights_sitenote_note":"","_monsterinsights_sitenote_category":0,"footnotes":""},"categories":[1555],"tags":[1561,1565,396,1637,1557,1556,1558],"features":[],"class_list":{"0":"post-21666","1":"page","2":"type-page","3":"status-publish","4":"has-post-thumbnail","6":"category-business-intelligence-it","7":"tag-bi","8":"tag-business-intelligence","9":"tag-cloud","10":"tag-klipfolio","11":"tag-programma-business-intelligence","12":"tag-software-business-intelligence","13":"tag-soluzione-business-intelligence"},"wppr_data":{"cwp_meta_box_check":"Yes","cwp_rev_product_name":"","cwp_rev_product_image":"","cwp_image_link":"image","cwp_rev_price":"","wppr_rating":"0.00"},"acf":[],"yoast_head":"<!-- This site is optimized with the Yoast SEO plugin v27.4 - https:\/\/yoast.com\/product\/yoast-seo-wordpress\/ -->\n<title>Kilpfolio: recensione software Business Intelligence - Accurate Reviews<\/title>\n<meta name=\"description\" content=\"Klipfolio: recensione soluzione di BI basata su cloud che consente agli utenti di connettersi a qualsiasi origine dati e creare visualizzazioni di dati.\" \/>\n<meta name=\"robots\" content=\"index, follow, max-snippet:-1, max-image-preview:large, max-video-preview:-1\" \/>\n<link rel=\"canonical\" href=\"https:\/\/www.accuratereviews.com\/it\/klipfolio-recensione\/\" \/>\n<meta property=\"og:locale\" content=\"it_IT\" \/>\n<meta property=\"og:type\" content=\"article\" \/>\n<meta property=\"og:title\" content=\"Kilpfolio: recensione software Business Intelligence - Accurate Reviews\" \/>\n<meta property=\"og:description\" content=\"Klipfolio: recensione soluzione di BI basata su cloud che consente agli utenti di connettersi a qualsiasi origine dati e creare visualizzazioni di dati.\" \/>\n<meta property=\"og:url\" content=\"https:\/\/www.accuratereviews.com\/it\/klipfolio-recensione\/\" \/>\n<meta property=\"og:site_name\" content=\"Accurate Reviews\" \/>\n<meta property=\"article:modified_time\" content=\"2020-11-10T14:37:42+00:00\" \/>\n<meta property=\"og:image\" content=\"https:\/\/www.accuratereviews.com\/wp-content\/uploads\/2019\/12\/klipfolio.png\" \/>\n\t<meta property=\"og:image:width\" content=\"355\" \/>\n\t<meta property=\"og:image:height\" content=\"142\" \/>\n\t<meta property=\"og:image:type\" content=\"image\/png\" \/>\n<meta name=\"twitter:card\" content=\"summary_large_image\" \/>\n<meta name=\"twitter:label1\" content=\"Tempo di lettura stimato\" \/>\n\t<meta name=\"twitter:data1\" content=\"4 minuti\" \/>\n<script type=\"application\/ld+json\" class=\"yoast-schema-graph\">{\"@context\":\"https:\\\/\\\/schema.org\",\"@graph\":[{\"@type\":\"WebPage\",\"@id\":\"https:\\\/\\\/www.accuratereviews.com\\\/it\\\/klipfolio-recensione\\\/\",\"url\":\"https:\\\/\\\/www.accuratereviews.com\\\/it\\\/klipfolio-recensione\\\/\",\"name\":\"Kilpfolio: recensione software Business Intelligence - Accurate Reviews\",\"isPartOf\":{\"@id\":\"https:\\\/\\\/www.accuratereviews.com\\\/it\\\/#website\"},\"primaryImageOfPage\":{\"@id\":\"https:\\\/\\\/www.accuratereviews.com\\\/it\\\/klipfolio-recensione\\\/#primaryimage\"},\"image\":{\"@id\":\"https:\\\/\\\/www.accuratereviews.com\\\/it\\\/klipfolio-recensione\\\/#primaryimage\"},\"thumbnailUrl\":\"https:\\\/\\\/www.accuratereviews.com\\\/wp-content\\\/uploads\\\/2019\\\/12\\\/klipfolio.png\",\"datePublished\":\"2019-12-31T10:45:12+00:00\",\"dateModified\":\"2020-11-10T14:37:42+00:00\",\"description\":\"Klipfolio: recensione soluzione di BI basata su cloud che consente agli utenti di connettersi a qualsiasi origine dati e creare visualizzazioni di dati.\",\"breadcrumb\":{\"@id\":\"https:\\\/\\\/www.accuratereviews.com\\\/it\\\/klipfolio-recensione\\\/#breadcrumb\"},\"inLanguage\":\"it-IT\",\"potentialAction\":[{\"@type\":\"ReadAction\",\"target\":[\"https:\\\/\\\/www.accuratereviews.com\\\/it\\\/klipfolio-recensione\\\/\"]}]},{\"@type\":\"ImageObject\",\"inLanguage\":\"it-IT\",\"@id\":\"https:\\\/\\\/www.accuratereviews.com\\\/it\\\/klipfolio-recensione\\\/#primaryimage\",\"url\":\"https:\\\/\\\/www.accuratereviews.com\\\/wp-content\\\/uploads\\\/2019\\\/12\\\/klipfolio.png\",\"contentUrl\":\"https:\\\/\\\/www.accuratereviews.com\\\/wp-content\\\/uploads\\\/2019\\\/12\\\/klipfolio.png\",\"width\":355,\"height\":142},{\"@type\":\"BreadcrumbList\",\"@id\":\"https:\\\/\\\/www.accuratereviews.com\\\/it\\\/klipfolio-recensione\\\/#breadcrumb\",\"itemListElement\":[{\"@type\":\"ListItem\",\"position\":1,\"name\":\"Home\",\"item\":\"https:\\\/\\\/www.accuratereviews.com\\\/it\\\/\"},{\"@type\":\"ListItem\",\"position\":2,\"name\":\"Klipfolio\"}]},{\"@type\":\"WebSite\",\"@id\":\"https:\\\/\\\/www.accuratereviews.com\\\/it\\\/#website\",\"url\":\"https:\\\/\\\/www.accuratereviews.com\\\/it\\\/\",\"name\":\"Accurate Reviews\",\"description\":\"\",\"potentialAction\":[{\"@type\":\"SearchAction\",\"target\":{\"@type\":\"EntryPoint\",\"urlTemplate\":\"https:\\\/\\\/www.accuratereviews.com\\\/it\\\/?s={search_term_string}\"},\"query-input\":{\"@type\":\"PropertyValueSpecification\",\"valueRequired\":true,\"valueName\":\"search_term_string\"}}],\"inLanguage\":\"it-IT\"}]}<\/script>\n<!-- \/ Yoast SEO plugin. -->","yoast_head_json":{"title":"Kilpfolio: recensione software Business Intelligence - Accurate Reviews","description":"Klipfolio: recensione soluzione di BI basata su cloud che consente agli utenti di connettersi a qualsiasi origine dati e creare visualizzazioni di dati.","robots":{"index":"index","follow":"follow","max-snippet":"max-snippet:-1","max-image-preview":"max-image-preview:large","max-video-preview":"max-video-preview:-1"},"canonical":"https:\/\/www.accuratereviews.com\/it\/klipfolio-recensione\/","og_locale":"it_IT","og_type":"article","og_title":"Kilpfolio: recensione software Business Intelligence - Accurate Reviews","og_description":"Klipfolio: recensione soluzione di BI basata su cloud che consente agli utenti di connettersi a qualsiasi origine dati e creare visualizzazioni di dati.","og_url":"https:\/\/www.accuratereviews.com\/it\/klipfolio-recensione\/","og_site_name":"Accurate Reviews","article_modified_time":"2020-11-10T14:37:42+00:00","og_image":[{"width":355,"height":142,"url":"https:\/\/www.accuratereviews.com\/wp-content\/uploads\/2019\/12\/klipfolio.png","type":"image\/png"}],"twitter_card":"summary_large_image","twitter_misc":{"Tempo di lettura stimato":"4 minuti"},"schema":{"@context":"https:\/\/schema.org","@graph":[{"@type":"WebPage","@id":"https:\/\/www.accuratereviews.com\/it\/klipfolio-recensione\/","url":"https:\/\/www.accuratereviews.com\/it\/klipfolio-recensione\/","name":"Kilpfolio: recensione software Business Intelligence - Accurate Reviews","isPartOf":{"@id":"https:\/\/www.accuratereviews.com\/it\/#website"},"primaryImageOfPage":{"@id":"https:\/\/www.accuratereviews.com\/it\/klipfolio-recensione\/#primaryimage"},"image":{"@id":"https:\/\/www.accuratereviews.com\/it\/klipfolio-recensione\/#primaryimage"},"thumbnailUrl":"https:\/\/www.accuratereviews.com\/wp-content\/uploads\/2019\/12\/klipfolio.png","datePublished":"2019-12-31T10:45:12+00:00","dateModified":"2020-11-10T14:37:42+00:00","description":"Klipfolio: recensione soluzione di BI basata su cloud che consente agli utenti di connettersi a qualsiasi origine dati e creare visualizzazioni di dati.","breadcrumb":{"@id":"https:\/\/www.accuratereviews.com\/it\/klipfolio-recensione\/#breadcrumb"},"inLanguage":"it-IT","potentialAction":[{"@type":"ReadAction","target":["https:\/\/www.accuratereviews.com\/it\/klipfolio-recensione\/"]}]},{"@type":"ImageObject","inLanguage":"it-IT","@id":"https:\/\/www.accuratereviews.com\/it\/klipfolio-recensione\/#primaryimage","url":"https:\/\/www.accuratereviews.com\/wp-content\/uploads\/2019\/12\/klipfolio.png","contentUrl":"https:\/\/www.accuratereviews.com\/wp-content\/uploads\/2019\/12\/klipfolio.png","width":355,"height":142},{"@type":"BreadcrumbList","@id":"https:\/\/www.accuratereviews.com\/it\/klipfolio-recensione\/#breadcrumb","itemListElement":[{"@type":"ListItem","position":1,"name":"Home","item":"https:\/\/www.accuratereviews.com\/it\/"},{"@type":"ListItem","position":2,"name":"Klipfolio"}]},{"@type":"WebSite","@id":"https:\/\/www.accuratereviews.com\/it\/#website","url":"https:\/\/www.accuratereviews.com\/it\/","name":"Accurate Reviews","description":"","potentialAction":[{"@type":"SearchAction","target":{"@type":"EntryPoint","urlTemplate":"https:\/\/www.accuratereviews.com\/it\/?s={search_term_string}"},"query-input":{"@type":"PropertyValueSpecification","valueRequired":true,"valueName":"search_term_string"}}],"inLanguage":"it-IT"}]}},"_links":{"self":[{"href":"https:\/\/www.accuratereviews.com\/it\/wp-json\/wp\/v2\/pages\/21666","targetHints":{"allow":["GET"]}}],"collection":[{"href":"https:\/\/www.accuratereviews.com\/it\/wp-json\/wp\/v2\/pages"}],"about":[{"href":"https:\/\/www.accuratereviews.com\/it\/wp-json\/wp\/v2\/types\/page"}],"author":[{"embeddable":true,"href":"https:\/\/www.accuratereviews.com\/it\/wp-json\/wp\/v2\/users\/19"}],"replies":[{"embeddable":true,"href":"https:\/\/www.accuratereviews.com\/it\/wp-json\/wp\/v2\/comments?post=21666"}],"version-history":[{"count":4,"href":"https:\/\/www.accuratereviews.com\/it\/wp-json\/wp\/v2\/pages\/21666\/revisions"}],"predecessor-version":[{"id":32166,"href":"https:\/\/www.accuratereviews.com\/it\/wp-json\/wp\/v2\/pages\/21666\/revisions\/32166"}],"wp:featuredmedia":[{"embeddable":true,"href":"https:\/\/www.accuratereviews.com\/it\/wp-json\/wp\/v2\/media\/21668"}],"wp:attachment":[{"href":"https:\/\/www.accuratereviews.com\/it\/wp-json\/wp\/v2\/media?parent=21666"}],"wp:term":[{"taxonomy":"category","embeddable":true,"href":"https:\/\/www.accuratereviews.com\/it\/wp-json\/wp\/v2\/categories?post=21666"},{"taxonomy":"post_tag","embeddable":true,"href":"https:\/\/www.accuratereviews.com\/it\/wp-json\/wp\/v2\/tags?post=21666"},{"taxonomy":"features","embeddable":true,"href":"https:\/\/www.accuratereviews.com\/it\/wp-json\/wp\/v2\/features?post=21666"}],"curies":[{"name":"wp","href":"https:\/\/api.w.org\/{rel}","templated":true}]}}