{"id":21683,"date":"2019-12-31T14:21:09","date_gmt":"2019-12-31T14:21:09","guid":{"rendered":"https:\/\/www.accuratereviews.com\/?page_id=21683"},"modified":"2020-11-09T11:56:05","modified_gmt":"2020-11-09T11:56:05","slug":"prisync-recensione","status":"publish","type":"page","link":"https:\/\/www.accuratereviews.com\/it\/prisync-recensione\/","title":{"rendered":"Prisync"},"content":{"rendered":"<div class=\"mb-2\">\n<p><strong>Prisync<\/strong> \u00e8 un <strong>programma di business intelligence<\/strong> che permette alle aziende e alle piccole medie imprese di ottenere un&#8217;analisi dettagliata della propria attivit\u00e0 al fine di accrescere le vendite. Per <strong>massimizzare i profitti<\/strong>, \u00e8 necessario definire regole di prezzo dinamiche redditizie e competitive attraverso il modulo di prezzi di questo software. Oltre a questo, puoi anche immergerti nella dashboard per eseguire <strong>movimenti dettagliati dei prezzi<\/strong> nel tuo mercato, scoprire tendenze storiche, indici a livello di marca\/categoria, esportare i tuoi dati in file Excel e ricevere sempre notifiche con avvisi via email. Per qualsiasi dubbio o problema, puoi fare affidamento sul<strong> team di assistenza clienti<\/strong>, disponibile 24 ore su 24 e 7 giorni su 7.<\/p>\n<h2>COME UTILIZZARE PRISYNC &#8211; TUTORIAL<\/h2>\n<p>Ecco un video che ci mostra come funziona questo programma:<\/p>\n<\/div>\n<div class=\"mb-2\">\n<p>&nbsp;<\/p>\n<\/div>\n<div id=\"fluid-wrapper-counter-1\" class=\"g1-fluid-wrapper \" style=\"width:686px;\">\n<div style=\"padding-bottom:56.268221574344%;\"><iframe loading=\"lazy\" title=\"Prisync - How To Get Started With Your 14-Days Free Trial\" width=\"515\" height=\"386\" src=\"https:\/\/www.youtube.com\/embed\/07qo0kTylmA?feature=oembed&amp;wmode=transparent&amp;autohide=1&amp;autoplay=0&amp;disablekb=0&amp;fs=1&amp;loop=0&amp;enablejsapi=1&amp;rel=0&amp;controls=2&amp;showinfo=0&amp;wmode=transparent&amp;autohide=2&amp;autoplay=0&amp;disablekb=0&amp;fs=1&amp;loop=0&amp;enablejsapi=1&amp;rel=0&amp;controls=2&amp;showinfo=1\" frameborder=\"0\" allow=\"accelerometer; autoplay; clipboard-write; encrypted-media; gyroscope; picture-in-picture\" allowfullscreen><\/iframe><\/div>\n<\/div>\n<h3>PRISYNC &#8211; CARATTERISTICHE<\/h3>\n<p>Di seguito le sue principali caratteristiche:<\/p>\n<ul>\n<li><strong>Installazione semplice<\/strong>: non \u00e8 necessaria alcuna integrazione o configurazione avanzata<\/li>\n<li><strong>Aggiornamenti frequenti<\/strong>: avrai sempre accesso a nuovi dati sui prezzi &#8211; 4 volte al giorno &#8211; dal mercato per darti spazio per agire<\/li>\n<li><strong>Motore di revisione dei prezzi<\/strong>: imposta le regole di SmartPrice per adattare automaticamente i tuoi prezzi alla concorrenza e migliorare i margini<\/li>\n<li><strong>Concorrenti illimitati<\/strong>: monitora un numero illimitato di concorrenti con il nostro software di determinazione dei prezzi senza alcuna limitazione<\/li>\n<li><strong>Report completi<\/strong>: utilizza le varie opzioni di reporting come il controllo delle prestazioni complessive dei prezzi dalla dashboard web o approfondisci l&#8217;analisi dei livelli di marca e categoria<\/li>\n<li><strong>Analytics avanzato<\/strong>: analizza l&#8217;intera situazione dei prezzi di mercato e la disponibilit\u00e0 delle azioni con opzioni di filtro e controlla le tendenze storiche per anticipare quando i concorrenti cambiano i loro prezzi.<\/li>\n<\/ul>\n<h3>LE RECENSIONI DEGLI UTENTI<\/h3>\n<ul>\n<li><strong>&#8220;Facilit\u00e0 d&#8217;uso e ottima comunicazione a prezzi bassi&#8221;<\/strong><br \/>\nIN GENERALE: come principale distributore di GoPro e DJI, utilizziamo Prisync per controllare i livelli di prezzo sul mercato.<br \/>\nLa cosa pi\u00f9 importante \u00e8 poter controllare la cronologia dei prezzi dei nostri rivenditori come report. \u00c8 davvero bello sapere che il team \u00e8 pronto per qualsiasi problema o necessit\u00e0 di aiuto.<br \/>\nPRO: essere in grado di raggiungere la cronologia dei prezzi.<br \/>\nL&#8217;interfaccia \u00e8 davvero semplice e facile da usare.<br \/>\nLa comunicazione del team \u00e8 veloce e qualificata.<br \/>\nTi guidano su come beneficiare maggiormente del sistema.<br \/>\nCONTRO: la modifica degli URL deve essere controllata manualmente<\/li>\n<li><strong>&#8220;Recensione Prisync&#8221;<\/strong><br \/>\nIN GENERALE: il team di supporto \u00e8 competente e disponibile.<br \/>\nL&#8217;app ha un potenziale ma alcune funzioni o ricerche pi\u00f9 semplici dovrebbero aiutare l&#8217;utente a gestirlo meglio poich\u00e9 i collegamenti si interrompono ogni giorno nel nostro settore (videocamera)<br \/>\nPRO: L&#8217;app \u00e8 molto facile da usare e pu\u00f2 essere facilmente panoramica<br \/>\nCONTRO: &#8211; Non riesco a scoprire quale link viene duplicato. Un&#8217;opzione per cercare un LINK che si collega a un prodotto in modo da poter risolvere il collegamento sarebbe buona.<br \/>\n&#8211; Nessun report per dirmi quali collegamenti sono stati interrotti o non restituiscono risultati<br \/>\n&#8211; A volte mi danno ancora prezzi sbagliati. Anche se una volta segnalato, viene risolto rapidamente<br \/>\n&#8211; Ricevo spesso problemi in cui non riesco a cambiare il nome di un prodotto.<\/li>\n<li><strong>&#8220;Molto facile da usare. Essere in grado di avere dati ogni giorno ci ha portato a prendere decisioni aziendali migliori.&#8221;<\/strong><br \/>\nIN GENERALE: facile da usare e poter disporre di dati ogni giorno ci ha portato a prendere decisioni aziendali migliori.<br \/>\nPRO: molto facile da usare e facile da confrontare i prezzi dei concorrenti. Essere in grado di avere dati ogni giorno ci ha portato a prendere decisioni aziendali migliori.<br \/>\nCONTRO: non sono presenti informazioni sugli avvisi negli strumenti prisync per URL non funzionanti. Mi piacerebbe vedere di pi\u00f9 e far avanzare i filtri, pi\u00f9 dati storici non solo con il prezzo reale, ma integrati con gli acquisti.<\/li>\n<\/ul>\n<div class=\"card island-light\">\n<div class=\"card-body media-viewer px-0 pt-0\">\n<div class=\"container\">\n<div class=\"row\">\n<div class=\"col-12 media-viewer-screen-container\">\n<div class=\"media-viewer-screen m-4 d-flex\" data-position=\"0\">\n<div id=\"video_frame_0\" class=\"media-viewer-video-container w-100 h-100\"><\/div>\n<\/div>\n<\/div>\n<\/div>\n<\/div>\n<\/div>\n<\/div>\n","protected":false},"excerpt":{"rendered":"<p>Prisync \u00e8 un programma di business intelligence che permette alle aziende e alle piccole medie imprese di ottenere un&#8217;analisi dettagliata della propria attivit\u00e0 al fine di accrescere le vendite. Per massimizzare i profitti, \u00e8 necessario definire regole di prezzo dinamiche redditizie e competitive attraverso il modulo di prezzi di questo software.<\/p>\n","protected":false},"author":17,"featured_media":21691,"parent":0,"menu_order":0,"comment_status":"open","ping_status":"closed","template":"g1_template_page_review_new.php","meta":{"_acf_changed":false,"cwp_meta_box_check":"Yes","cwp_rev_product_name":"","cwp_rev_product_image":"","wppr_links":[],"cwp_rev_price":"","wppr_options":[],"wppr_pros":[],"wppr_cons":[],"_monsterinsights_skip_tracking":false,"_monsterinsights_sitenote_active":false,"_monsterinsights_sitenote_note":"","_monsterinsights_sitenote_category":0,"footnotes":""},"categories":[1555],"tags":[1561,1565,1564,1521],"features":[],"class_list":{"0":"post-21683","1":"page","2":"type-page","3":"status-publish","4":"has-post-thumbnail","6":"category-business-intelligence-it","7":"tag-bi","8":"tag-business-intelligence","9":"tag-business-intelligence-software","10":"tag-piattaforma-di-business-intelligence"},"wppr_data":{"cwp_meta_box_check":"Yes","cwp_rev_product_name":"","cwp_rev_product_image":"","cwp_image_link":"image","cwp_rev_price":"","wppr_rating":"0.00"},"acf":[],"yoast_head":"<!-- This site is optimized with the Yoast SEO plugin v27.4 - https:\/\/yoast.com\/product\/yoast-seo-wordpress\/ -->\n<title>Prisync: recensione business intelligence software - Accurate Reviews<\/title>\n<meta name=\"description\" content=\"Prisync \u00e8 un programma di business intelligence che permette alle aziende e alle piccole medie imprese, di accrescere le vendite.\" \/>\n<meta name=\"robots\" content=\"index, follow, max-snippet:-1, max-image-preview:large, max-video-preview:-1\" \/>\n<link rel=\"canonical\" href=\"https:\/\/www.accuratereviews.com\/it\/prisync-recensione\/\" \/>\n<meta property=\"og:locale\" content=\"it_IT\" \/>\n<meta property=\"og:type\" content=\"article\" \/>\n<meta property=\"og:title\" content=\"Prisync: recensione business intelligence software - Accurate Reviews\" \/>\n<meta property=\"og:description\" content=\"Prisync \u00e8 un programma di business intelligence che permette alle aziende e alle piccole medie imprese, di accrescere le vendite.\" \/>\n<meta property=\"og:url\" content=\"https:\/\/www.accuratereviews.com\/it\/prisync-recensione\/\" \/>\n<meta property=\"og:site_name\" content=\"Accurate Reviews\" \/>\n<meta property=\"article:modified_time\" content=\"2020-11-09T11:56:05+00:00\" \/>\n<meta property=\"og:image\" content=\"https:\/\/www.accuratereviews.com\/wp-content\/uploads\/2019\/12\/prisync-logo.png\" \/>\n\t<meta property=\"og:image:width\" content=\"262\" \/>\n\t<meta property=\"og:image:height\" content=\"132\" \/>\n\t<meta property=\"og:image:type\" content=\"image\/png\" \/>\n<meta name=\"twitter:card\" content=\"summary_large_image\" \/>\n<meta name=\"twitter:label1\" content=\"Tempo di lettura stimato\" \/>\n\t<meta name=\"twitter:data1\" content=\"3 minuti\" \/>\n<script type=\"application\/ld+json\" class=\"yoast-schema-graph\">{\"@context\":\"https:\\\/\\\/schema.org\",\"@graph\":[{\"@type\":\"WebPage\",\"@id\":\"https:\\\/\\\/www.accuratereviews.com\\\/it\\\/prisync-recensione\\\/\",\"url\":\"https:\\\/\\\/www.accuratereviews.com\\\/it\\\/prisync-recensione\\\/\",\"name\":\"Prisync: recensione business intelligence software - Accurate Reviews\",\"isPartOf\":{\"@id\":\"https:\\\/\\\/www.accuratereviews.com\\\/it\\\/#website\"},\"primaryImageOfPage\":{\"@id\":\"https:\\\/\\\/www.accuratereviews.com\\\/it\\\/prisync-recensione\\\/#primaryimage\"},\"image\":{\"@id\":\"https:\\\/\\\/www.accuratereviews.com\\\/it\\\/prisync-recensione\\\/#primaryimage\"},\"thumbnailUrl\":\"https:\\\/\\\/www.accuratereviews.com\\\/wp-content\\\/uploads\\\/2019\\\/12\\\/prisync-logo.png\",\"datePublished\":\"2019-12-31T14:21:09+00:00\",\"dateModified\":\"2020-11-09T11:56:05+00:00\",\"description\":\"Prisync \u00e8 un programma di business intelligence che permette alle aziende e alle piccole medie imprese, di accrescere le vendite.\",\"breadcrumb\":{\"@id\":\"https:\\\/\\\/www.accuratereviews.com\\\/it\\\/prisync-recensione\\\/#breadcrumb\"},\"inLanguage\":\"it-IT\",\"potentialAction\":[{\"@type\":\"ReadAction\",\"target\":[\"https:\\\/\\\/www.accuratereviews.com\\\/it\\\/prisync-recensione\\\/\"]}]},{\"@type\":\"ImageObject\",\"inLanguage\":\"it-IT\",\"@id\":\"https:\\\/\\\/www.accuratereviews.com\\\/it\\\/prisync-recensione\\\/#primaryimage\",\"url\":\"https:\\\/\\\/www.accuratereviews.com\\\/wp-content\\\/uploads\\\/2019\\\/12\\\/prisync-logo.png\",\"contentUrl\":\"https:\\\/\\\/www.accuratereviews.com\\\/wp-content\\\/uploads\\\/2019\\\/12\\\/prisync-logo.png\",\"width\":262,\"height\":132},{\"@type\":\"BreadcrumbList\",\"@id\":\"https:\\\/\\\/www.accuratereviews.com\\\/it\\\/prisync-recensione\\\/#breadcrumb\",\"itemListElement\":[{\"@type\":\"ListItem\",\"position\":1,\"name\":\"Home\",\"item\":\"https:\\\/\\\/www.accuratereviews.com\\\/it\\\/\"},{\"@type\":\"ListItem\",\"position\":2,\"name\":\"Prisync\"}]},{\"@type\":\"WebSite\",\"@id\":\"https:\\\/\\\/www.accuratereviews.com\\\/it\\\/#website\",\"url\":\"https:\\\/\\\/www.accuratereviews.com\\\/it\\\/\",\"name\":\"Accurate Reviews\",\"description\":\"\",\"potentialAction\":[{\"@type\":\"SearchAction\",\"target\":{\"@type\":\"EntryPoint\",\"urlTemplate\":\"https:\\\/\\\/www.accuratereviews.com\\\/it\\\/?s={search_term_string}\"},\"query-input\":{\"@type\":\"PropertyValueSpecification\",\"valueRequired\":true,\"valueName\":\"search_term_string\"}}],\"inLanguage\":\"it-IT\"}]}<\/script>\n<!-- \/ Yoast SEO plugin. -->","yoast_head_json":{"title":"Prisync: recensione business intelligence software - Accurate Reviews","description":"Prisync \u00e8 un programma di business intelligence che permette alle aziende e alle piccole medie imprese, di accrescere le vendite.","robots":{"index":"index","follow":"follow","max-snippet":"max-snippet:-1","max-image-preview":"max-image-preview:large","max-video-preview":"max-video-preview:-1"},"canonical":"https:\/\/www.accuratereviews.com\/it\/prisync-recensione\/","og_locale":"it_IT","og_type":"article","og_title":"Prisync: recensione business intelligence software - Accurate Reviews","og_description":"Prisync \u00e8 un programma di business intelligence che permette alle aziende e alle piccole medie imprese, di accrescere le vendite.","og_url":"https:\/\/www.accuratereviews.com\/it\/prisync-recensione\/","og_site_name":"Accurate Reviews","article_modified_time":"2020-11-09T11:56:05+00:00","og_image":[{"width":262,"height":132,"url":"https:\/\/www.accuratereviews.com\/wp-content\/uploads\/2019\/12\/prisync-logo.png","type":"image\/png"}],"twitter_card":"summary_large_image","twitter_misc":{"Tempo di lettura stimato":"3 minuti"},"schema":{"@context":"https:\/\/schema.org","@graph":[{"@type":"WebPage","@id":"https:\/\/www.accuratereviews.com\/it\/prisync-recensione\/","url":"https:\/\/www.accuratereviews.com\/it\/prisync-recensione\/","name":"Prisync: recensione business intelligence software - Accurate Reviews","isPartOf":{"@id":"https:\/\/www.accuratereviews.com\/it\/#website"},"primaryImageOfPage":{"@id":"https:\/\/www.accuratereviews.com\/it\/prisync-recensione\/#primaryimage"},"image":{"@id":"https:\/\/www.accuratereviews.com\/it\/prisync-recensione\/#primaryimage"},"thumbnailUrl":"https:\/\/www.accuratereviews.com\/wp-content\/uploads\/2019\/12\/prisync-logo.png","datePublished":"2019-12-31T14:21:09+00:00","dateModified":"2020-11-09T11:56:05+00:00","description":"Prisync \u00e8 un programma di business intelligence che permette alle aziende e alle piccole medie imprese, di accrescere le vendite.","breadcrumb":{"@id":"https:\/\/www.accuratereviews.com\/it\/prisync-recensione\/#breadcrumb"},"inLanguage":"it-IT","potentialAction":[{"@type":"ReadAction","target":["https:\/\/www.accuratereviews.com\/it\/prisync-recensione\/"]}]},{"@type":"ImageObject","inLanguage":"it-IT","@id":"https:\/\/www.accuratereviews.com\/it\/prisync-recensione\/#primaryimage","url":"https:\/\/www.accuratereviews.com\/wp-content\/uploads\/2019\/12\/prisync-logo.png","contentUrl":"https:\/\/www.accuratereviews.com\/wp-content\/uploads\/2019\/12\/prisync-logo.png","width":262,"height":132},{"@type":"BreadcrumbList","@id":"https:\/\/www.accuratereviews.com\/it\/prisync-recensione\/#breadcrumb","itemListElement":[{"@type":"ListItem","position":1,"name":"Home","item":"https:\/\/www.accuratereviews.com\/it\/"},{"@type":"ListItem","position":2,"name":"Prisync"}]},{"@type":"WebSite","@id":"https:\/\/www.accuratereviews.com\/it\/#website","url":"https:\/\/www.accuratereviews.com\/it\/","name":"Accurate Reviews","description":"","potentialAction":[{"@type":"SearchAction","target":{"@type":"EntryPoint","urlTemplate":"https:\/\/www.accuratereviews.com\/it\/?s={search_term_string}"},"query-input":{"@type":"PropertyValueSpecification","valueRequired":true,"valueName":"search_term_string"}}],"inLanguage":"it-IT"}]}},"_links":{"self":[{"href":"https:\/\/www.accuratereviews.com\/it\/wp-json\/wp\/v2\/pages\/21683","targetHints":{"allow":["GET"]}}],"collection":[{"href":"https:\/\/www.accuratereviews.com\/it\/wp-json\/wp\/v2\/pages"}],"about":[{"href":"https:\/\/www.accuratereviews.com\/it\/wp-json\/wp\/v2\/types\/page"}],"author":[{"embeddable":true,"href":"https:\/\/www.accuratereviews.com\/it\/wp-json\/wp\/v2\/users\/17"}],"replies":[{"embeddable":true,"href":"https:\/\/www.accuratereviews.com\/it\/wp-json\/wp\/v2\/comments?post=21683"}],"version-history":[{"count":7,"href":"https:\/\/www.accuratereviews.com\/it\/wp-json\/wp\/v2\/pages\/21683\/revisions"}],"predecessor-version":[{"id":21725,"href":"https:\/\/www.accuratereviews.com\/it\/wp-json\/wp\/v2\/pages\/21683\/revisions\/21725"}],"wp:featuredmedia":[{"embeddable":true,"href":"https:\/\/www.accuratereviews.com\/it\/wp-json\/wp\/v2\/media\/21691"}],"wp:attachment":[{"href":"https:\/\/www.accuratereviews.com\/it\/wp-json\/wp\/v2\/media?parent=21683"}],"wp:term":[{"taxonomy":"category","embeddable":true,"href":"https:\/\/www.accuratereviews.com\/it\/wp-json\/wp\/v2\/categories?post=21683"},{"taxonomy":"post_tag","embeddable":true,"href":"https:\/\/www.accuratereviews.com\/it\/wp-json\/wp\/v2\/tags?post=21683"},{"taxonomy":"features","embeddable":true,"href":"https:\/\/www.accuratereviews.com\/it\/wp-json\/wp\/v2\/features?post=21683"}],"curies":[{"name":"wp","href":"https:\/\/api.w.org\/{rel}","templated":true}]}}