{"id":21695,"date":"2019-12-31T14:28:11","date_gmt":"2019-12-31T14:28:11","guid":{"rendered":"https:\/\/www.accuratereviews.com\/?page_id=21695"},"modified":"2020-11-11T17:09:53","modified_gmt":"2020-11-11T17:09:53","slug":"ninjacat-recensione","status":"publish","type":"page","link":"https:\/\/www.accuratereviews.com\/it\/ninjacat-recensione\/","title":{"rendered":"NinjaCat"},"content":{"rendered":"<p><strong>NinjaCat<\/strong> \u00e8 una <strong>soluzione BI e SEO<\/strong> per la generazione \u00a0di reporting e monitoraggio delle chiamate all-in-one per le principali agenzie di marketing digitale. Il pogramma si integra con tutti i popolari canali PPC, Display, SEO, Social Media e Tracking delle chiamate fornendo tutti gli strumenti necessari per automatizzare i report, monitorare campagne e budget, conquistare nuovi clienti e mantenere buoni \u00a0rapporti con \u00a0i clienti gi\u00e0 presenti. La soluzione aiuta la creazione di approfondimenti e PDF di routine a misurare i progressi dei clienti; la funzionalit\u00e0 di monitoraggio del budget consente agli utenti di centralizzare tutte le spese su una piattaforma per una rapida panoramica; la funzione di tracciamento delle chiamate registra le chiamate e genera metriche dettagliate tra cui origine, durata, area geografica, ID chiamante e stato della risposta; il suo strumento di monitoraggio della campagna confronta il rendimento delle campagne e degli avvisi quando le campagne richiedono l&#8217;attenzione del marketing.<\/p>\n<h2>NINJACAT &#8211; TUTORIAL<\/h2>\n<p>Dimostra il tuo valore ai clienti, aumenta le vendite e risparmia tempo. Guardando questo tutorial, imparerai tutti i trucchi per utilizzare questo <strong>software di SEO<\/strong>:<\/p>\n<div id=\"fluid-wrapper-counter-1\" class=\"g1-fluid-wrapper \" style=\"width:686px;\">\n<div style=\"padding-bottom:56.268221574344%;\"><iframe loading=\"lazy\" title=\"SEO Google Search Analytics\" width=\"686\" height=\"386\" src=\"https:\/\/www.youtube.com\/embed\/CQsD-Jmu9Gg?feature=oembed&amp;wmode=transparent&amp;autohide=1&amp;autoplay=0&amp;disablekb=0&amp;fs=1&amp;loop=0&amp;enablejsapi=1&amp;rel=0&amp;controls=2&amp;showinfo=0&amp;wmode=transparent&amp;autohide=2&amp;autoplay=0&amp;disablekb=0&amp;fs=1&amp;loop=0&amp;enablejsapi=1&amp;rel=0&amp;controls=2&amp;showinfo=1\" frameborder=\"0\" allow=\"accelerometer; autoplay; encrypted-media; gyroscope; picture-in-picture\" allowfullscreen><\/iframe><\/div>\n<\/div>\n<h3>NINJACAT &#8211; CARATTERISTICHE<\/h3>\n<ul>\n<li><strong>Rapporti automatici<\/strong>: produrre report leader del settore e personalizzati.<\/li>\n<li><strong>Dashboards interattivi:<\/strong> monitora e condividi le prestazioni della campagna con il tuo team o le parti interessate in tempo reale.<\/li>\n<li><strong>Margini \/ Markup:<\/strong> crea margini e markup in tutte le metriche relative ai costi.<\/li>\n<li><strong>Monitoraggio del budget<\/strong>: imposta avvisi personalizzati per tenere d&#8217;occhio i tuoi budget in ogni momento.<\/li>\n<li><strong>Libreria di modelli:<\/strong> inizia rapidamente con uno dei nostri modelli predefiniti o crea facilmente il tuo!<\/li>\n<li><strong>Rapporti di roll-up<\/strong>: crea report che aggregano i dati su pi\u00f9 account. Perfetto per aziende e team multi-location<\/li>\n<li><strong>Monitoraggio KPI<\/strong>: \u00a0tieni d&#8217;occhio i tuoi \u00a0obiettivi e avvisi KPI personalizzabili.<\/li>\n<li><strong>Numeri internazionali:<\/strong> localizza le tue chiamate con un numero internazionale da oltre 100 paesi in tutto il mondo.<\/li>\n<li><strong>Registrazione delle chiamate<\/strong>: monitora la qualit\u00e0 della conversazione o utilizza le registrazioni a scopo di formazione con l&#8217;opzione per salvare le chiamate.<\/li>\n<li><strong>Integrazioni API<\/strong>: sincronizza le chiamate in Google Analytics, Google Ads o MatchCraft. Oppure utilizza i nostri dati API e webhook per integrazioni personalizzate.<\/li>\n<\/ul>\n<h4>LE RECENSIONI DEGLI UTENTI<\/h4>\n<h4>Jeremy F. &#8220;Prodotto buono con un ottimo servizio clienti&#8221;<\/h4>\n<p><strong>Commenti<\/strong>: Usando Ninja Cat negli ultimi 3 anni sono stato in grado di navigare attraverso di esso e di sentirmi pi\u00f9 a mio agio con i suoi aggiornamenti e creazioni stimolanti.<\/p>\n<p><strong>Vantaggi<\/strong>: essere in grado di portare dati da pi\u00f9 fonti e creare un rapporto coerente e fornire una storia ponderata ai clienti.<\/p>\n<p><strong>Inconvenienti<\/strong>: la creazione di modelli pu\u00f2 essere difficile da creare se non hai avuto alcuna formazione sul software e i dati potrebbero non essere in tempo per scadenze critiche.<\/p>\n<h4>Chad H. &#8220;Semplificare i rapporti con NinjaCat&#8221;<\/h4>\n<p><strong>Commenti<\/strong>: I rapporti sono diventati molto pi\u00f9 snelli e semplificati con l&#8217;introduzione dei rapporti eseguiti automaticamente da NinjaCat. La segnalazione sarebbe una vera seccatura se non fosse per le grandi integrazioni consentite in NinjaCat<\/p>\n<p><strong>Vantaggi<\/strong>: mi piace molto il fatto che \u00e8 possibile pianificare l&#8217;esecuzione dei rapporti con Google Analytics, Google Adwords, Fogli Google, annunci FB e altre integrazioni di software analitici, dove vengono visualizzati come grafici e tabelle di dati per presentare facilmente le informazioni. Mi piace anche il fatto che sia possibile apportare modifiche al modello e rieseguire il report, quindi utilizzare &#8220;aggiungi note&#8221; per apportare piccole modifiche e analisi. Infine, mi piace la funzione di monitoraggio su NinjaCat che pu\u00f2 fornire istantanee a vari software analitici.<\/p>\n<p><strong>Inconvenienti<\/strong>: il problema pi\u00f9 grande che ho con NinjaCat \u00e8 che a volte ci vuole un&#8217;eternit\u00e0 per eseguire il rapporto dopo aver apportato modifiche al modello e averne bisogno per renderlo effettivo. Ho fatto funzionare i rapporti per pi\u00f9 di 2 ore per motivi che non mi sono noti.<\/p>\n<h4>Shannon M. &#8220;Prodotto solido &#8211; Miglioramenti nell&#8217;ultimo anno che lo hanno reso pi\u00f9 gestibile.&#8221;<\/h4>\n<p><strong>Commenti<\/strong>: rapporti dei clienti su tutte le fonti di dati. Il prodotto ha risparmiato tempo internamente per i team che abbiamo compilato le informazioni.<\/p>\n<p><strong>Vantaggi<\/strong>: la capacit\u00e0 di collegare account di terze parti nella piattaforma per estrarre dati e creare report su di essi, tutto in un unico posto \u00e8 fantastica.<\/p>\n<p><strong>Inconvenienti<\/strong>: a volte le integrazioni fallivano e non si poteva per tornare indietro per riconnetterle prima che un rapporto fosse inviato.<\/p>\n","protected":false},"excerpt":{"rendered":"<p>NinjaCat \u00e8 una soluzione BI e SEO per la generazione \u00a0di reporting e monitoraggio delle chiamate all-in-one per le principali agenzie di marketing digitale. Il pogramma si integra con tutti i popolari canali PPC, Display, SEO, Social Media e Tracking delle chiamate fornendo tutti gli strumenti necessari per automatizzare i report, monitorare campagne e budget, conquistare nuovi clienti e mantenere buoni \u00a0rapporti con \u00a0i clienti gi\u00e0 presenti.<\/p>\n","protected":false},"author":19,"featured_media":21696,"parent":0,"menu_order":0,"comment_status":"open","ping_status":"closed","template":"g1_template_page_review_new.php","meta":{"_acf_changed":false,"cwp_meta_box_check":"Yes","cwp_rev_product_name":"","cwp_rev_product_image":"","wppr_links":[],"cwp_rev_price":"","wppr_options":[],"wppr_pros":[],"wppr_cons":[],"_monsterinsights_skip_tracking":false,"_monsterinsights_sitenote_active":false,"_monsterinsights_sitenote_note":"","_monsterinsights_sitenote_category":0,"footnotes":""},"categories":[1555],"tags":[1621,1639,1557,1421,1556,1420,1558,1417],"features":[],"class_list":{"0":"post-21695","1":"page","2":"type-page","3":"status-publish","4":"has-post-thumbnail","6":"category-business-intelligence-it","7":"tag-analisi-dati","8":"tag-ninjacat","9":"tag-programma-business-intelligence","10":"tag-programma-seo","11":"tag-software-business-intelligence","12":"tag-software-seo","13":"tag-soluzione-business-intelligence","14":"tag-soluzione-seo"},"wppr_data":{"cwp_meta_box_check":"Yes","cwp_rev_product_name":"","cwp_rev_product_image":"","cwp_image_link":"image","cwp_rev_price":"","wppr_rating":"0.00"},"acf":[],"yoast_head":"<!-- This site is optimized with the Yoast SEO plugin v27.4 - https:\/\/yoast.com\/product\/yoast-seo-wordpress\/ -->\n<title>Ninjacat: recensione software Business Intelligence - Accurate Reviews<\/title>\n<meta name=\"description\" content=\"NinjaCat: recensione soluzione BI e SEO per la generazione \u00a0di reporting e monitoraggio delle chiamate all-in-one per le agenzie di marketing digitale.\" \/>\n<meta name=\"robots\" content=\"index, follow, max-snippet:-1, max-image-preview:large, max-video-preview:-1\" \/>\n<link rel=\"canonical\" href=\"https:\/\/www.accuratereviews.com\/it\/ninjacat-recensione\/\" \/>\n<meta property=\"og:locale\" content=\"it_IT\" \/>\n<meta property=\"og:type\" content=\"article\" \/>\n<meta property=\"og:title\" content=\"Ninjacat: recensione software Business Intelligence - Accurate Reviews\" \/>\n<meta property=\"og:description\" content=\"NinjaCat: recensione soluzione BI e SEO per la generazione \u00a0di reporting e monitoraggio delle chiamate all-in-one per le agenzie di marketing digitale.\" \/>\n<meta property=\"og:url\" content=\"https:\/\/www.accuratereviews.com\/it\/ninjacat-recensione\/\" \/>\n<meta property=\"og:site_name\" content=\"Accurate Reviews\" \/>\n<meta property=\"article:modified_time\" content=\"2020-11-11T17:09:53+00:00\" \/>\n<meta property=\"og:image\" content=\"https:\/\/www.accuratereviews.com\/wp-content\/uploads\/2019\/12\/ninjacat.jpg\" \/>\n\t<meta property=\"og:image:width\" content=\"450\" \/>\n\t<meta property=\"og:image:height\" content=\"450\" \/>\n\t<meta property=\"og:image:type\" content=\"image\/jpeg\" \/>\n<meta name=\"twitter:card\" content=\"summary_large_image\" \/>\n<meta name=\"twitter:label1\" content=\"Tempo di lettura stimato\" \/>\n\t<meta name=\"twitter:data1\" content=\"4 minuti\" \/>\n<script type=\"application\/ld+json\" class=\"yoast-schema-graph\">{\"@context\":\"https:\\\/\\\/schema.org\",\"@graph\":[{\"@type\":\"WebPage\",\"@id\":\"https:\\\/\\\/www.accuratereviews.com\\\/it\\\/ninjacat-recensione\\\/\",\"url\":\"https:\\\/\\\/www.accuratereviews.com\\\/it\\\/ninjacat-recensione\\\/\",\"name\":\"Ninjacat: recensione software Business Intelligence - Accurate Reviews\",\"isPartOf\":{\"@id\":\"https:\\\/\\\/www.accuratereviews.com\\\/it\\\/#website\"},\"primaryImageOfPage\":{\"@id\":\"https:\\\/\\\/www.accuratereviews.com\\\/it\\\/ninjacat-recensione\\\/#primaryimage\"},\"image\":{\"@id\":\"https:\\\/\\\/www.accuratereviews.com\\\/it\\\/ninjacat-recensione\\\/#primaryimage\"},\"thumbnailUrl\":\"https:\\\/\\\/www.accuratereviews.com\\\/wp-content\\\/uploads\\\/2019\\\/12\\\/ninjacat.jpg\",\"datePublished\":\"2019-12-31T14:28:11+00:00\",\"dateModified\":\"2020-11-11T17:09:53+00:00\",\"description\":\"NinjaCat: recensione soluzione BI e SEO per la generazione \u00a0di reporting e monitoraggio delle chiamate all-in-one per le agenzie di marketing digitale.\",\"breadcrumb\":{\"@id\":\"https:\\\/\\\/www.accuratereviews.com\\\/it\\\/ninjacat-recensione\\\/#breadcrumb\"},\"inLanguage\":\"it-IT\",\"potentialAction\":[{\"@type\":\"ReadAction\",\"target\":[\"https:\\\/\\\/www.accuratereviews.com\\\/it\\\/ninjacat-recensione\\\/\"]}]},{\"@type\":\"ImageObject\",\"inLanguage\":\"it-IT\",\"@id\":\"https:\\\/\\\/www.accuratereviews.com\\\/it\\\/ninjacat-recensione\\\/#primaryimage\",\"url\":\"https:\\\/\\\/www.accuratereviews.com\\\/wp-content\\\/uploads\\\/2019\\\/12\\\/ninjacat.jpg\",\"contentUrl\":\"https:\\\/\\\/www.accuratereviews.com\\\/wp-content\\\/uploads\\\/2019\\\/12\\\/ninjacat.jpg\",\"width\":450,\"height\":450},{\"@type\":\"BreadcrumbList\",\"@id\":\"https:\\\/\\\/www.accuratereviews.com\\\/it\\\/ninjacat-recensione\\\/#breadcrumb\",\"itemListElement\":[{\"@type\":\"ListItem\",\"position\":1,\"name\":\"Home\",\"item\":\"https:\\\/\\\/www.accuratereviews.com\\\/it\\\/\"},{\"@type\":\"ListItem\",\"position\":2,\"name\":\"NinjaCat\"}]},{\"@type\":\"WebSite\",\"@id\":\"https:\\\/\\\/www.accuratereviews.com\\\/it\\\/#website\",\"url\":\"https:\\\/\\\/www.accuratereviews.com\\\/it\\\/\",\"name\":\"Accurate Reviews\",\"description\":\"\",\"potentialAction\":[{\"@type\":\"SearchAction\",\"target\":{\"@type\":\"EntryPoint\",\"urlTemplate\":\"https:\\\/\\\/www.accuratereviews.com\\\/it\\\/?s={search_term_string}\"},\"query-input\":{\"@type\":\"PropertyValueSpecification\",\"valueRequired\":true,\"valueName\":\"search_term_string\"}}],\"inLanguage\":\"it-IT\"}]}<\/script>\n<!-- \/ Yoast SEO plugin. -->","yoast_head_json":{"title":"Ninjacat: recensione software Business Intelligence - Accurate Reviews","description":"NinjaCat: recensione soluzione BI e SEO per la generazione \u00a0di reporting e monitoraggio delle chiamate all-in-one per le agenzie di marketing digitale.","robots":{"index":"index","follow":"follow","max-snippet":"max-snippet:-1","max-image-preview":"max-image-preview:large","max-video-preview":"max-video-preview:-1"},"canonical":"https:\/\/www.accuratereviews.com\/it\/ninjacat-recensione\/","og_locale":"it_IT","og_type":"article","og_title":"Ninjacat: recensione software Business Intelligence - Accurate Reviews","og_description":"NinjaCat: recensione soluzione BI e SEO per la generazione \u00a0di reporting e monitoraggio delle chiamate all-in-one per le agenzie di marketing digitale.","og_url":"https:\/\/www.accuratereviews.com\/it\/ninjacat-recensione\/","og_site_name":"Accurate Reviews","article_modified_time":"2020-11-11T17:09:53+00:00","og_image":[{"width":450,"height":450,"url":"https:\/\/www.accuratereviews.com\/wp-content\/uploads\/2019\/12\/ninjacat.jpg","type":"image\/jpeg"}],"twitter_card":"summary_large_image","twitter_misc":{"Tempo di lettura stimato":"4 minuti"},"schema":{"@context":"https:\/\/schema.org","@graph":[{"@type":"WebPage","@id":"https:\/\/www.accuratereviews.com\/it\/ninjacat-recensione\/","url":"https:\/\/www.accuratereviews.com\/it\/ninjacat-recensione\/","name":"Ninjacat: recensione software Business Intelligence - Accurate Reviews","isPartOf":{"@id":"https:\/\/www.accuratereviews.com\/it\/#website"},"primaryImageOfPage":{"@id":"https:\/\/www.accuratereviews.com\/it\/ninjacat-recensione\/#primaryimage"},"image":{"@id":"https:\/\/www.accuratereviews.com\/it\/ninjacat-recensione\/#primaryimage"},"thumbnailUrl":"https:\/\/www.accuratereviews.com\/wp-content\/uploads\/2019\/12\/ninjacat.jpg","datePublished":"2019-12-31T14:28:11+00:00","dateModified":"2020-11-11T17:09:53+00:00","description":"NinjaCat: recensione soluzione BI e SEO per la generazione \u00a0di reporting e monitoraggio delle chiamate all-in-one per le agenzie di marketing digitale.","breadcrumb":{"@id":"https:\/\/www.accuratereviews.com\/it\/ninjacat-recensione\/#breadcrumb"},"inLanguage":"it-IT","potentialAction":[{"@type":"ReadAction","target":["https:\/\/www.accuratereviews.com\/it\/ninjacat-recensione\/"]}]},{"@type":"ImageObject","inLanguage":"it-IT","@id":"https:\/\/www.accuratereviews.com\/it\/ninjacat-recensione\/#primaryimage","url":"https:\/\/www.accuratereviews.com\/wp-content\/uploads\/2019\/12\/ninjacat.jpg","contentUrl":"https:\/\/www.accuratereviews.com\/wp-content\/uploads\/2019\/12\/ninjacat.jpg","width":450,"height":450},{"@type":"BreadcrumbList","@id":"https:\/\/www.accuratereviews.com\/it\/ninjacat-recensione\/#breadcrumb","itemListElement":[{"@type":"ListItem","position":1,"name":"Home","item":"https:\/\/www.accuratereviews.com\/it\/"},{"@type":"ListItem","position":2,"name":"NinjaCat"}]},{"@type":"WebSite","@id":"https:\/\/www.accuratereviews.com\/it\/#website","url":"https:\/\/www.accuratereviews.com\/it\/","name":"Accurate Reviews","description":"","potentialAction":[{"@type":"SearchAction","target":{"@type":"EntryPoint","urlTemplate":"https:\/\/www.accuratereviews.com\/it\/?s={search_term_string}"},"query-input":{"@type":"PropertyValueSpecification","valueRequired":true,"valueName":"search_term_string"}}],"inLanguage":"it-IT"}]}},"_links":{"self":[{"href":"https:\/\/www.accuratereviews.com\/it\/wp-json\/wp\/v2\/pages\/21695","targetHints":{"allow":["GET"]}}],"collection":[{"href":"https:\/\/www.accuratereviews.com\/it\/wp-json\/wp\/v2\/pages"}],"about":[{"href":"https:\/\/www.accuratereviews.com\/it\/wp-json\/wp\/v2\/types\/page"}],"author":[{"embeddable":true,"href":"https:\/\/www.accuratereviews.com\/it\/wp-json\/wp\/v2\/users\/19"}],"replies":[{"embeddable":true,"href":"https:\/\/www.accuratereviews.com\/it\/wp-json\/wp\/v2\/comments?post=21695"}],"version-history":[{"count":13,"href":"https:\/\/www.accuratereviews.com\/it\/wp-json\/wp\/v2\/pages\/21695\/revisions"}],"predecessor-version":[{"id":32290,"href":"https:\/\/www.accuratereviews.com\/it\/wp-json\/wp\/v2\/pages\/21695\/revisions\/32290"}],"wp:featuredmedia":[{"embeddable":true,"href":"https:\/\/www.accuratereviews.com\/it\/wp-json\/wp\/v2\/media\/21696"}],"wp:attachment":[{"href":"https:\/\/www.accuratereviews.com\/it\/wp-json\/wp\/v2\/media?parent=21695"}],"wp:term":[{"taxonomy":"category","embeddable":true,"href":"https:\/\/www.accuratereviews.com\/it\/wp-json\/wp\/v2\/categories?post=21695"},{"taxonomy":"post_tag","embeddable":true,"href":"https:\/\/www.accuratereviews.com\/it\/wp-json\/wp\/v2\/tags?post=21695"},{"taxonomy":"features","embeddable":true,"href":"https:\/\/www.accuratereviews.com\/it\/wp-json\/wp\/v2\/features?post=21695"}],"curies":[{"name":"wp","href":"https:\/\/api.w.org\/{rel}","templated":true}]}}