{"id":21714,"date":"2019-12-31T14:24:36","date_gmt":"2019-12-31T14:24:36","guid":{"rendered":"https:\/\/www.accuratereviews.com\/?page_id=21714"},"modified":"2019-12-31T14:25:52","modified_gmt":"2019-12-31T14:25:52","slug":"utilpro-recensione","status":"publish","type":"page","link":"https:\/\/www.accuratereviews.com\/it\/utilpro-recensione\/","title":{"rendered":"UtilPro"},"content":{"rendered":"<p><strong>UtilPro<\/strong> \u00e8 una <strong>piattaforma online di business intelligence<\/strong>, disponibile anche per i dispositivi iOS e Android, che si impegna nel migliorare la gestione delle risorse umane, dei salari e dei talenti di Ultimate Software. L&#8217;obiettivo che si pone questo software, \u00e8 quello di mettere le persone al primo posto offrendo anche un <strong>supporto clienti<\/strong> efficiente, sempre disponibile a risolvere tutto. La tecnologia di Ultimate riunisce perfettamente le persone con le informazioni e gli strumenti di cui hanno bisogno.<\/p>\n<h2>COME UTILIZZARE UTILPRO &#8211; RECENSIONE<\/h2>\n<p>Diamo un&#8217;occhiata a questo video per comprendere meglio come utilizzare UtilPro:<\/p>\n<div id=\"fluid-wrapper-counter-1\" class=\"g1-fluid-wrapper \" style=\"width:686px;\">\n<div style=\"padding-bottom:56.268221574344%;\"><iframe loading=\"lazy\" title=\"UltiPro Tutorial\" width=\"686\" height=\"386\" src=\"https:\/\/www.youtube.com\/embed\/_UZKCZ8Gvr4?feature=oembed&amp;wmode=transparent&amp;autohide=1&amp;autoplay=0&amp;disablekb=0&amp;fs=1&amp;loop=0&amp;enablejsapi=1&amp;rel=0&amp;controls=2&amp;showinfo=0&amp;wmode=transparent&amp;autohide=2&amp;autoplay=0&amp;disablekb=0&amp;fs=1&amp;loop=0&amp;enablejsapi=1&amp;rel=0&amp;controls=2&amp;showinfo=1\" frameborder=\"0\" allow=\"accelerometer; autoplay; encrypted-media; gyroscope; picture-in-picture\" allowfullscreen><\/iframe><\/div>\n<\/div>\n<h3>UTILPRO &#8211; CARATTERISTICHE<\/h3>\n<p>Di seguito vediamo le sue caratteristiche:<\/p>\n<ul>\n<li><strong>Sistema reportistico<\/strong>: crea i tuoi report o semplicemente accedi a una vasta libreria di report consegnati<\/li>\n<li><strong>Visualizzazione dati<\/strong>: visualizza i dati in tempo reale utilizzando visualizzazioni ricche e potenti<\/li>\n<li><strong>Notifiche e avvisi<\/strong>: avvisa i leader di importanti metriche tramite notifiche email automatiche<\/li>\n<li><strong>Analisi situazione aziendale<\/strong>: comprendi perch\u00e9 si stanno verificando determinate tendenze aziendali e rispondi in modo appropriato<\/li>\n<li><strong>Strumenti di business intelligence<\/strong>: utilizza questi strumenti per trovare opportunit\u00e0 di risparmio e miglioramenti. Scopri le opportunit\u00e0 per migliorare la diversit\u00e0, l&#8217;equit\u00e0 e le pratiche di inclusione.<\/li>\n<\/ul>\n<h3>LE RECENSIONI DEGLI UTENTI<\/h3>\n<p><strong>&#8220;10+ anni di successi&#8221;<\/strong><br \/>\nPRO: Usiamo Ultipro con successo nel cloud da oltre 12 anni.<br \/>\n&#8211; Di recente abbiamo iniziato a utilizzare le approvazioni di flusso di lavoro onboarding e condizionale e siamo riusciti a passare quasi al 100% senza carta.<br \/>\n-Siamo stati in grado di sfruttare il Self Service dei dipendenti (tramite SSO) e moduli quali Open Enrollment ed Life Event per semplificare le elezioni per i benefici dei dipendenti<br \/>\n-Cognos Analytics, \u00e8 uno strumento di reporting di business intelligence estremamente potente che ci consente di pianificare report, fornire informazioni dettagliate e impostare avvisi<br \/>\n-Siamo stati in grado di utilizzare la funzione di popolamento automatico di Ultipro per generare 1095 per la conformit\u00e0 ACA<br \/>\nCONTRO: -Hai un rappresentante del supporto dedicato, ma quando necessario la qualit\u00e0 del canale di supporto Rapid Response pu\u00f2 venire a mancare<br \/>\n-Come cliente che \u00e8 stato il software definitivo per molti anni, abbiamo dovuto personalizzare molto per raggiungere quello che volevamo, ma quando escono nuove versioni molte di queste usanze non sono pi\u00f9 necessarie. Sfortunatamente, svelare alcune di queste abitudini da sostituire con nuove funzionalit\u00e0 di base pu\u00f2 essere una sfida<\/p>\n<p><strong>&#8220;UltiPro- \u00e8 giusto per te.&#8221;<\/strong><br \/>\nIN GENERALE: il focus principale della nostra organizzazione nelle risorse umane \u00e8 la riduzione del fatturato e utilizziamo l&#8217;analisi della business per i nostri report sulle risorse umane. Questo report \u00e8 stato fondamentale per identificare i dipartimenti\/i team che stanno vedendo tendenze di afflusso nel fatturato. Quando identificati in questi report, collaboriamo con questi team condividendo le informazioni con i leader e siamo in grado di invertire il fatturato in quell&#8217;area che stiamo vivendo. Utilizziamo anche questi report per la nostra azione affermativa e ha risparmiato molto tempo nella possibilit\u00e0 di salvare questi modelli di rapporto per usarli ogni anno per riferire.<br \/>\nPRO: Mi piacciono le attivit\u00e0 rosse che iniziano in alto a destra sullo schermo come scorciatoia per andare alle mie attivit\u00e0 che sono in attesa invece di entrare nel profilo di ogni singolo dipendente. Ha delle belle funzioni che ti fanno risparmiare tempo, ad esempio quando assegno la distribuzione delle revisioni delle prestazioni, posso selezionare pi\u00f9 dipendenti invece di riempire nuovamente e distribuire il modulo a ogni singolo dipendente.<br \/>\nCONTRO: apprendere come impostare i filtri per ottenere il risultato finale dei report in Business Analytics \u00e8 complesso. Molti filtri sono etichettati simili, quindi \u00e8 difficile determinare quale sia necessario.<\/p>\n<p><strong>&#8220;Ultipro \u00e8 ottimo per i tuoi lavori benefici per la salute e argomenti correlati al lavoro&#8221;<\/strong><br \/>\nIN GENERALE: La mia esperienza con UltiPro \u00e8 sempre stata fantastica per 4 anni e mezzo con PSAV (Presentation Services Audio Visual). Il vecchio modo in cui ci chiedevamo di staccare per giorni dal lavoro era di scriverlo su carta e inviarlo al direttore delle operazioni. Ora accedi a UltiPro e vai alla pianificazione, quindi fai clic sulla richiesta di sospensione e invia. \u00c8 molto pi\u00f9 semplice di come lo abbiamo dovuto fare 4 anni fa prima che introducessero UltiPro nei nostri siti Web Intranet.<br \/>\nPRO: \u00c8 molto facile navigare quando stai cercando alcune informazioni sui tuoi benefici per la salute e cerchi altri dipendenti di livello superiore se hai problemi che devi segnalare come conflitti con altri dipendenti. Elenca tutte le persone sopra di te senza dover chiedere al tuo manager gli indirizzi e-mail da dire alla persona che gestisce i problemi delle risorse umane.<br \/>\nCONTRO: Nulla che abbia sempre trovato facile da navigare e se non riesci a capire qualcosa, ad esempio accedendo ad alcuni dei siti web della nostra intranet aziendale per la formazione e altri scopi, ha una soluzione passo-passo per tutto ci\u00f2 che puoi pensare all&#8217;azienda relazionato.<\/p>\n","protected":false},"excerpt":{"rendered":"<p>UtilPro \u00e8 una piattaforma online di business intelligence, disponibile anche per i dispositivi iOS e Android, che si impegna nel migliorare la gestione delle risorse umane, dei salari e dei talenti di Ultimate Software. L&#8217;obiettivo che si pone questo software, \u00e8 quello di mettere le persone al primo posto offrendo anche un supporto clienti efficiente, sempre disponibile a risolvere tutto.\u00a0<\/p>\n","protected":false},"author":17,"featured_media":21718,"parent":0,"menu_order":0,"comment_status":"open","ping_status":"closed","template":"g1_template_page_review_new.php","meta":{"_acf_changed":false,"cwp_meta_box_check":"Yes","cwp_rev_product_name":"","cwp_rev_product_image":"","wppr_links":[],"cwp_rev_price":"","wppr_options":[],"wppr_pros":[],"wppr_cons":[],"_monsterinsights_skip_tracking":false,"_monsterinsights_sitenote_active":false,"_monsterinsights_sitenote_note":"","_monsterinsights_sitenote_category":0,"footnotes":""},"categories":[1555],"tags":[1561,1565,1564,1521],"features":[],"class_list":{"0":"post-21714","1":"page","2":"type-page","3":"status-publish","4":"has-post-thumbnail","6":"category-business-intelligence-it","7":"tag-bi","8":"tag-business-intelligence","9":"tag-business-intelligence-software","10":"tag-piattaforma-di-business-intelligence"},"wppr_data":{"cwp_meta_box_check":"Yes","cwp_rev_product_name":"","cwp_rev_product_image":"","cwp_image_link":"image","cwp_rev_price":"","wppr_rating":"0.00"},"acf":[],"yoast_head":"<!-- This site is optimized with the Yoast SEO plugin v27.4 - https:\/\/yoast.com\/product\/yoast-seo-wordpress\/ -->\n<title>UtilPro: recensione business intelligence software - Accurate Reviews<\/title>\n<meta name=\"description\" content=\"UtilPro: recensione della piattaforma di business intelligence che si impegna nel migliorare la gestione delle risorse umane di Ultimate Software.\" \/>\n<meta name=\"robots\" content=\"index, follow, max-snippet:-1, max-image-preview:large, max-video-preview:-1\" \/>\n<link rel=\"canonical\" href=\"https:\/\/www.accuratereviews.com\/it\/utilpro-recensione\/\" \/>\n<meta property=\"og:locale\" content=\"it_IT\" \/>\n<meta property=\"og:type\" content=\"article\" \/>\n<meta property=\"og:title\" content=\"UtilPro: recensione business intelligence software - Accurate Reviews\" \/>\n<meta property=\"og:description\" content=\"UtilPro: recensione della piattaforma di business intelligence che si impegna nel migliorare la gestione delle risorse umane di Ultimate Software.\" \/>\n<meta property=\"og:url\" content=\"https:\/\/www.accuratereviews.com\/it\/utilpro-recensione\/\" \/>\n<meta property=\"og:site_name\" content=\"Accurate Reviews\" \/>\n<meta property=\"article:modified_time\" content=\"2019-12-31T14:25:52+00:00\" \/>\n<meta property=\"og:image\" content=\"https:\/\/www.accuratereviews.com\/wp-content\/uploads\/2019\/12\/131-1315120_ultipro-logo-png-ultimate-software-group-inc.png\" \/>\n\t<meta property=\"og:image:width\" content=\"900\" \/>\n\t<meta property=\"og:image:height\" content=\"380\" \/>\n\t<meta property=\"og:image:type\" content=\"image\/png\" \/>\n<meta name=\"twitter:card\" content=\"summary_large_image\" \/>\n<meta name=\"twitter:label1\" content=\"Tempo di lettura stimato\" \/>\n\t<meta name=\"twitter:data1\" content=\"4 minuti\" \/>\n<script type=\"application\/ld+json\" class=\"yoast-schema-graph\">{\"@context\":\"https:\\\/\\\/schema.org\",\"@graph\":[{\"@type\":\"WebPage\",\"@id\":\"https:\\\/\\\/www.accuratereviews.com\\\/it\\\/utilpro-recensione\\\/\",\"url\":\"https:\\\/\\\/www.accuratereviews.com\\\/it\\\/utilpro-recensione\\\/\",\"name\":\"UtilPro: recensione business intelligence software - Accurate Reviews\",\"isPartOf\":{\"@id\":\"https:\\\/\\\/www.accuratereviews.com\\\/it\\\/#website\"},\"primaryImageOfPage\":{\"@id\":\"https:\\\/\\\/www.accuratereviews.com\\\/it\\\/utilpro-recensione\\\/#primaryimage\"},\"image\":{\"@id\":\"https:\\\/\\\/www.accuratereviews.com\\\/it\\\/utilpro-recensione\\\/#primaryimage\"},\"thumbnailUrl\":\"https:\\\/\\\/www.accuratereviews.com\\\/wp-content\\\/uploads\\\/2019\\\/12\\\/131-1315120_ultipro-logo-png-ultimate-software-group-inc.png\",\"datePublished\":\"2019-12-31T14:24:36+00:00\",\"dateModified\":\"2019-12-31T14:25:52+00:00\",\"description\":\"UtilPro: recensione della piattaforma di business intelligence che si impegna nel migliorare la gestione delle risorse umane di Ultimate Software.\",\"breadcrumb\":{\"@id\":\"https:\\\/\\\/www.accuratereviews.com\\\/it\\\/utilpro-recensione\\\/#breadcrumb\"},\"inLanguage\":\"it-IT\",\"potentialAction\":[{\"@type\":\"ReadAction\",\"target\":[\"https:\\\/\\\/www.accuratereviews.com\\\/it\\\/utilpro-recensione\\\/\"]}]},{\"@type\":\"ImageObject\",\"inLanguage\":\"it-IT\",\"@id\":\"https:\\\/\\\/www.accuratereviews.com\\\/it\\\/utilpro-recensione\\\/#primaryimage\",\"url\":\"https:\\\/\\\/www.accuratereviews.com\\\/wp-content\\\/uploads\\\/2019\\\/12\\\/131-1315120_ultipro-logo-png-ultimate-software-group-inc.png\",\"contentUrl\":\"https:\\\/\\\/www.accuratereviews.com\\\/wp-content\\\/uploads\\\/2019\\\/12\\\/131-1315120_ultipro-logo-png-ultimate-software-group-inc.png\",\"width\":900,\"height\":380},{\"@type\":\"BreadcrumbList\",\"@id\":\"https:\\\/\\\/www.accuratereviews.com\\\/it\\\/utilpro-recensione\\\/#breadcrumb\",\"itemListElement\":[{\"@type\":\"ListItem\",\"position\":1,\"name\":\"Home\",\"item\":\"https:\\\/\\\/www.accuratereviews.com\\\/it\\\/\"},{\"@type\":\"ListItem\",\"position\":2,\"name\":\"UtilPro\"}]},{\"@type\":\"WebSite\",\"@id\":\"https:\\\/\\\/www.accuratereviews.com\\\/it\\\/#website\",\"url\":\"https:\\\/\\\/www.accuratereviews.com\\\/it\\\/\",\"name\":\"Accurate Reviews\",\"description\":\"\",\"potentialAction\":[{\"@type\":\"SearchAction\",\"target\":{\"@type\":\"EntryPoint\",\"urlTemplate\":\"https:\\\/\\\/www.accuratereviews.com\\\/it\\\/?s={search_term_string}\"},\"query-input\":{\"@type\":\"PropertyValueSpecification\",\"valueRequired\":true,\"valueName\":\"search_term_string\"}}],\"inLanguage\":\"it-IT\"}]}<\/script>\n<!-- \/ Yoast SEO plugin. -->","yoast_head_json":{"title":"UtilPro: recensione business intelligence software - Accurate Reviews","description":"UtilPro: recensione della piattaforma di business intelligence che si impegna nel migliorare la gestione delle risorse umane di Ultimate Software.","robots":{"index":"index","follow":"follow","max-snippet":"max-snippet:-1","max-image-preview":"max-image-preview:large","max-video-preview":"max-video-preview:-1"},"canonical":"https:\/\/www.accuratereviews.com\/it\/utilpro-recensione\/","og_locale":"it_IT","og_type":"article","og_title":"UtilPro: recensione business intelligence software - Accurate Reviews","og_description":"UtilPro: recensione della piattaforma di business intelligence che si impegna nel migliorare la gestione delle risorse umane di Ultimate Software.","og_url":"https:\/\/www.accuratereviews.com\/it\/utilpro-recensione\/","og_site_name":"Accurate Reviews","article_modified_time":"2019-12-31T14:25:52+00:00","og_image":[{"width":900,"height":380,"url":"https:\/\/www.accuratereviews.com\/wp-content\/uploads\/2019\/12\/131-1315120_ultipro-logo-png-ultimate-software-group-inc.png","type":"image\/png"}],"twitter_card":"summary_large_image","twitter_misc":{"Tempo di lettura stimato":"4 minuti"},"schema":{"@context":"https:\/\/schema.org","@graph":[{"@type":"WebPage","@id":"https:\/\/www.accuratereviews.com\/it\/utilpro-recensione\/","url":"https:\/\/www.accuratereviews.com\/it\/utilpro-recensione\/","name":"UtilPro: recensione business intelligence software - Accurate Reviews","isPartOf":{"@id":"https:\/\/www.accuratereviews.com\/it\/#website"},"primaryImageOfPage":{"@id":"https:\/\/www.accuratereviews.com\/it\/utilpro-recensione\/#primaryimage"},"image":{"@id":"https:\/\/www.accuratereviews.com\/it\/utilpro-recensione\/#primaryimage"},"thumbnailUrl":"https:\/\/www.accuratereviews.com\/wp-content\/uploads\/2019\/12\/131-1315120_ultipro-logo-png-ultimate-software-group-inc.png","datePublished":"2019-12-31T14:24:36+00:00","dateModified":"2019-12-31T14:25:52+00:00","description":"UtilPro: recensione della piattaforma di business intelligence che si impegna nel migliorare la gestione delle risorse umane di Ultimate Software.","breadcrumb":{"@id":"https:\/\/www.accuratereviews.com\/it\/utilpro-recensione\/#breadcrumb"},"inLanguage":"it-IT","potentialAction":[{"@type":"ReadAction","target":["https:\/\/www.accuratereviews.com\/it\/utilpro-recensione\/"]}]},{"@type":"ImageObject","inLanguage":"it-IT","@id":"https:\/\/www.accuratereviews.com\/it\/utilpro-recensione\/#primaryimage","url":"https:\/\/www.accuratereviews.com\/wp-content\/uploads\/2019\/12\/131-1315120_ultipro-logo-png-ultimate-software-group-inc.png","contentUrl":"https:\/\/www.accuratereviews.com\/wp-content\/uploads\/2019\/12\/131-1315120_ultipro-logo-png-ultimate-software-group-inc.png","width":900,"height":380},{"@type":"BreadcrumbList","@id":"https:\/\/www.accuratereviews.com\/it\/utilpro-recensione\/#breadcrumb","itemListElement":[{"@type":"ListItem","position":1,"name":"Home","item":"https:\/\/www.accuratereviews.com\/it\/"},{"@type":"ListItem","position":2,"name":"UtilPro"}]},{"@type":"WebSite","@id":"https:\/\/www.accuratereviews.com\/it\/#website","url":"https:\/\/www.accuratereviews.com\/it\/","name":"Accurate Reviews","description":"","potentialAction":[{"@type":"SearchAction","target":{"@type":"EntryPoint","urlTemplate":"https:\/\/www.accuratereviews.com\/it\/?s={search_term_string}"},"query-input":{"@type":"PropertyValueSpecification","valueRequired":true,"valueName":"search_term_string"}}],"inLanguage":"it-IT"}]}},"_links":{"self":[{"href":"https:\/\/www.accuratereviews.com\/it\/wp-json\/wp\/v2\/pages\/21714","targetHints":{"allow":["GET"]}}],"collection":[{"href":"https:\/\/www.accuratereviews.com\/it\/wp-json\/wp\/v2\/pages"}],"about":[{"href":"https:\/\/www.accuratereviews.com\/it\/wp-json\/wp\/v2\/types\/page"}],"author":[{"embeddable":true,"href":"https:\/\/www.accuratereviews.com\/it\/wp-json\/wp\/v2\/users\/17"}],"replies":[{"embeddable":true,"href":"https:\/\/www.accuratereviews.com\/it\/wp-json\/wp\/v2\/comments?post=21714"}],"version-history":[{"count":4,"href":"https:\/\/www.accuratereviews.com\/it\/wp-json\/wp\/v2\/pages\/21714\/revisions"}],"predecessor-version":[{"id":21724,"href":"https:\/\/www.accuratereviews.com\/it\/wp-json\/wp\/v2\/pages\/21714\/revisions\/21724"}],"wp:featuredmedia":[{"embeddable":true,"href":"https:\/\/www.accuratereviews.com\/it\/wp-json\/wp\/v2\/media\/21718"}],"wp:attachment":[{"href":"https:\/\/www.accuratereviews.com\/it\/wp-json\/wp\/v2\/media?parent=21714"}],"wp:term":[{"taxonomy":"category","embeddable":true,"href":"https:\/\/www.accuratereviews.com\/it\/wp-json\/wp\/v2\/categories?post=21714"},{"taxonomy":"post_tag","embeddable":true,"href":"https:\/\/www.accuratereviews.com\/it\/wp-json\/wp\/v2\/tags?post=21714"},{"taxonomy":"features","embeddable":true,"href":"https:\/\/www.accuratereviews.com\/it\/wp-json\/wp\/v2\/features?post=21714"}],"curies":[{"name":"wp","href":"https:\/\/api.w.org\/{rel}","templated":true}]}}