{"id":21728,"date":"2020-01-02T12:20:25","date_gmt":"2020-01-02T12:20:25","guid":{"rendered":"https:\/\/www.accuratereviews.com\/?page_id=21728"},"modified":"2021-05-18T14:59:05","modified_gmt":"2021-05-18T14:59:05","slug":"hubble-recensione","status":"publish","type":"page","link":"https:\/\/www.accuratereviews.com\/it\/business-intelligence\/hubble-recensione\/","title":{"rendered":"Hubble"},"content":{"rendered":"<p><strong>Hubble<\/strong> \u00e8 un software di <strong>Business Intelligence<\/strong> che permette\u00a0l&#8217;accesso a modelli predefiniti, dashboard personalizzabili, tracciamento delle metriche aziendali e indicatori di performance supportati da ERP e altro ancora.\u00a0La soluzione fornisce report in tempo reale che aiutano gli utenti ad automatizzare processi operativi e finanziari come report di fine mese, controlli di libri contabili, conti economici e altro ancora.\u00a0<strong>Hubble<\/strong> integra tutti i tuoi sistemi aziendali in modo che gli utenti a tutti i livelli abbiano accesso ai dati in tempo reale e automatizzi la pianificazione, il budget e le previsioni. Con questo tipo di visibilit\u00e0, tutti possono facilmente comprendere, gestire e prevedere i risultati aziendali.<\/p>\n<h2>HUBBLE &#8211; TUTORIAL<\/h2>\n<p>Con questo tutorial vedrai cosa puoi fare con l&#8217;analitica di questo<strong> programma di Business Intelligence<\/strong>:<\/p>\n<div id=\"fluid-wrapper-counter-1\" class=\"g1-fluid-wrapper \" style=\"width:686px;\">\n<div style=\"padding-bottom:56.268221574344%;\"><iframe loading=\"lazy\" title=\"Hubble Analytics Quickinar Demo\" width=\"686\" height=\"386\" src=\"https:\/\/www.youtube.com\/embed\/PcC4seIFrpg?feature=oembed&amp;wmode=transparent&amp;autohide=1&amp;autoplay=0&amp;disablekb=0&amp;fs=1&amp;loop=0&amp;enablejsapi=1&amp;rel=0&amp;controls=2&amp;showinfo=0&amp;wmode=transparent&amp;autohide=2&amp;autoplay=0&amp;disablekb=0&amp;fs=1&amp;loop=0&amp;enablejsapi=1&amp;rel=0&amp;controls=2&amp;showinfo=1\" frameborder=\"0\" allow=\"accelerometer; autoplay; encrypted-media; gyroscope; picture-in-picture\" allowfullscreen><\/iframe><\/div>\n<\/div>\n<h3>HUBBLE &#8211; CARATTERISTICHE<\/h3>\n<ul>\n<li><strong>Processo di reporting:<\/strong> ridurre i rischi e contribuire alla conformit\u00e0 nei settori regolamentati o laddove richiesto dai revisori. La maggior parte dei controlli, inclusa la piena integrazione con la sicurezza EBS e JDE, i dati di sola lettura nei report, i flussi di lavoro e le approvazioni e i diversi tipi di utenti, regolano l&#8217;accesso alla funzionalit\u00e0 e dimostrano una traccia di controllo completa<\/li>\n<li><strong>Traccia metriche chiave:<\/strong> metti a fuoco tutte le tue metriche chiave con dashboard web e analisi di facile utilizzo, in tempo reale. Con la visualizzazione dei dati del software, gli utenti all&#8217;interno dell&#8217;organizzazione possono monitorare gli indicatori KPI, analizzare le tendenze, collaborare attraverso le discussioni e approfondire le transazioni ERP sottostanti<\/li>\n<li><strong>Riduzione del budget e dei cicli di pianificazione<\/strong>: riduci i tempi del ciclo di pianificazione e budget fino al 70% integrando i dati di pianificazione, previsione e pianificazione con i dati effettivi di JDE e Oracle EBS in tempo reale. Con un processo di pianificazione affidabile e continuo \u00e8 possibile semplificare l&#8217;iscrizione, la raccolta e l&#8217;approvazione del budget, individuando i problemi in anticipo e avviando azioni immediate<\/li>\n<li><strong>Fornisci valore immediato dai tuoi dati<\/strong>: dopo un&#8217;installazione semplice e veloce, avrai a disposizione una libreria flessibile di 240 modelli di report preconfigurati e pronti all&#8217;uso che sono facili da costruire e personalizzare. Il tuo team finanziario pu\u00f2 iniziare a creare report accurati e prendere decisioni senza richiedere competenze tecniche.<\/li>\n<\/ul>\n<h4>LE RECENSIONI DEGLI UTENTI<\/h4>\n<h4>Greg G. &#8220;Ottimo strumento per estrarre i dati necessari da JD Edwards.&#8221;<\/h4>\n<p><strong>Commenti<\/strong>: Hubble ci ha permesso di creare ed eseguire molti report che in precedenza avrebbero richiesto risorse IT e tempo per la creazione. Inoltre, i report non sono un processo batch in cui \u00e8 necessario andare in un punto per eseguire il report e quindi in un altro per recuperarlo. Sono facilmente esportati in Excel. Abbiamo usato Hubble per creare molti rapporti sulle eccezioni che ci consentono di identificare le transazioni o i record che presentano problemi e concentrarci sulla correzione di questi invece di passare ore a setacciare i dati. Abbiamo anche creato rapporti di integrit\u00e0 per confrontare sottosistemi come il libro mastro articolo con il libro mastro generale. Ci\u00f2 ha ridotto i tempi di chiusura dei libri a fine mese.<\/p>\n<p><strong>Vantaggi<\/strong>: flessibilit\u00e0 nel filtraggio, formattazione e capacit\u00e0 di creare formule. Inoltre, esistono modelli per confrontare tabelle diverse per l&#8217;integrit\u00e0 dei dati. \u00c8 anche facile esportare dati in Excel o PDF. Puoi persino includere un logo aziendale nei tuoi rapporti PDF. Lo scheduler ti consente di configurare i rapporti da eseguire in qualsiasi intervallo tu preferisca. Questi possono essere inviati via email, salvati in una posizione o entrambi.<\/p>\n<p><strong>Inconvenienti<\/strong>: ogni utente ha bisogno di una licenza separata ma \u00e8 possibile implementare il programma di pianificazione per inviare report via email. Ad esempio, se si dispone di una persona che necessita di un report una volta alla settimana, \u00e8 possibile configurarlo sullo scheduler in modo che il report venga inviato tramite email senza dover acquistare una nuova licenza. Preferisco il modello di licenze simultanee in cui tutti gli utenti di JD Edwards potrebbero utilizzare il prodotto, ma \u00e8 limitato a un determinato numero di utenti contemporaneamente.<\/p>\n<h4>Bryan B. &#8220;Hubble Analytics&#8221;<\/h4>\n<p><strong>Commenti<\/strong>: La nostra esperienza Hubble \u00e8 stata di prim&#8217;ordine per quanto riguarda installazione, formazione, avvio e supporto. Eravamo clienti di Insight Reporting con requisiti aziendali per dashboard di gestione e accesso al portale clienti. Dopo aver visto il prodotto ci \u00e8 stato venduto che questo prodotto ci avrebbe permesso di soddisfare entrambi i requisiti con il minimo sforzo di avvio, formazione e implementazione. Siamo estremamente soddisfatti della decisione che abbiamo preso e ci ha permesso di passare da un&#8217;attivit\u00e0 reattiva a un&#8217;attivit\u00e0 proattiva.<\/p>\n<p><strong>Vantaggi<\/strong>: molto facile da usare e ancora pi\u00f9 facile da addestrare per gli utenti finali. In genere \u00e8 possibile completare una sessione di formazione per l&#8217;utente finale in meno di un&#8217;ora. La capacit\u00e0 di presentare informazioni utilizzando diagrammi o grafici in un settore basato su report o fogli di calcolo \u00e8 stata una vera rivelazione per la nostra gestione, cos\u00ec come i nostri clienti. In pochi secondi possono vedere rapidamente le informazioni sommate o subtotalizzate e presentate graficamente in una serie di modi che in precedenza richiedevano report personalizzati o output Excel. Come early adopter ci aspettavamo di imbatterci in alcune cose che non funzionavano come previsto, ma questi problemi sono stati affrontati in modo tempestivo. Dal punto di vista aziendale, il prodotto ha superato le nostre aspettative e non abbiamo ricevuto commenti positivi dai nostri dipendenti e clienti che utilizzano il prodotto.<\/p>\n<p><strong>Inconvenienti<\/strong>: c&#8217;\u00e8 un leggero sovraccarico \/ impatto sul database Oracle a causa dell&#8217;accensione di logminer e CDC sulle tabelle che stiamo replicando, ma nulla di significativo.<\/p>\n<h4>Greg G. &#8220;Un ottimo strumento per estrarre i dati necessari da JD Edwards&#8221;<\/h4>\n<p><strong>Commenti<\/strong>: Lavorando nel reparto contabilit\u00e0, utilizzo Hubble quotidianamente sia per i report standard che per le query ad hoc. Hubble mi ha risparmiato innumerevoli ore per ottenere i dati pi\u00f9 velocemente e nel formato di cui ho bisogno. Utilizzando i calcoli integrati posso creare report con formule di varianza che sono dinamiche, quindi posso facilmente passare da un tipo di libro mastro a un altro, periodi, ecc. E funziona. Inoltre, posso creare gerarchie per riepilogare le righe come mi piace. Ad esempio, \u00e8 possibile raggruppare tutti gli account di viaggio e di intrattenimento in un&#8217;unica riga di riepilogo. Uno dei migliori utilizzi che abbiamo riscontrato \u00e8 quello di creare rapporti sulle eccezioni giornalieri per i dati mancanti o errati. Prezzo mancante in un ordine di vendita, codice classe G \/ L errato, quantit\u00e0 di inventario negative sono solo alcune delle quali utilizziamo. I report possono essere combinati in un pacchetto, quindi \u00e8 sufficiente aprire il pacchetto ed eseguirlo per produrre tutti i report contenuti. Una delle cose migliori di Hubble \u00e8 che un utente pu\u00f2 fare tutto questo e non devi dipendere dall&#8217;IT per scrivere o modificare un rapporto. Nel complesso, Hubble \u00e8 stato lo strumento migliore per rendere il nostro reparto pi\u00f9 efficiente con JD Edwards.<\/p>\n<p><strong>Vantaggi<\/strong>: facilit\u00e0 d&#8217;uso e velocit\u00e0.<\/p>\n","protected":false},"excerpt":{"rendered":"<p>Hubble \u00e8 un software di Business Intelligence che permette\u00a0l&#8217;accesso a modelli predefiniti, dashboard personalizzabili, tracciamento delle metriche aziendali e indicatori di performance supportati da ERP e altro ancora.\u00a0La soluzione fornisce report in tempo reale che aiutano gli utenti ad automatizzare processi operativi e finanziari come report di fine mese, controlli di libri contabili, conti economici e altro ancora.\u00a0<\/p>\n","protected":false},"author":19,"featured_media":21729,"parent":32646,"menu_order":0,"comment_status":"open","ping_status":"closed","template":"g1_template_page_review_new.php","meta":{"_acf_changed":false,"cwp_meta_box_check":"Yes","cwp_rev_product_name":"","cwp_rev_product_image":"","wppr_links":[],"cwp_rev_price":"","wppr_options":[],"wppr_pros":[],"wppr_cons":[],"_monsterinsights_skip_tracking":false,"_monsterinsights_sitenote_active":false,"_monsterinsights_sitenote_note":"","_monsterinsights_sitenote_category":0,"footnotes":""},"categories":[1555],"tags":[1621,1561,1640,1557,1556,1558],"features":[],"class_list":{"0":"post-21728","1":"page","2":"type-page","3":"status-publish","4":"has-post-thumbnail","6":"category-business-intelligence-it","7":"tag-analisi-dati","8":"tag-bi","9":"tag-hubble","10":"tag-programma-business-intelligence","11":"tag-software-business-intelligence","12":"tag-soluzione-business-intelligence"},"wppr_data":{"cwp_meta_box_check":"Yes","cwp_rev_product_name":"","cwp_rev_product_image":"","cwp_image_link":"image","cwp_rev_price":"","wppr_rating":"0.00"},"acf":[],"yoast_head":"<!-- This site is optimized with the Yoast SEO plugin v27.4 - https:\/\/yoast.com\/product\/yoast-seo-wordpress\/ -->\n<title>Hubble: recensione software Business Intelligence - Accurate Reviews<\/title>\n<meta name=\"description\" content=\"Hubble: software di Business Intelligence che permette\u00a0l&#039;accesso a modelli predefiniti, dashboard personalizzabili e tracciamento delle metriche aziendali.\" \/>\n<meta name=\"robots\" content=\"index, follow, max-snippet:-1, max-image-preview:large, max-video-preview:-1\" \/>\n<link rel=\"canonical\" href=\"https:\/\/www.accuratereviews.com\/it\/business-intelligence\/hubble-recensione\/\" \/>\n<meta property=\"og:locale\" content=\"it_IT\" \/>\n<meta property=\"og:type\" content=\"article\" \/>\n<meta property=\"og:title\" content=\"Hubble: recensione software Business Intelligence - Accurate Reviews\" \/>\n<meta property=\"og:description\" content=\"Hubble: software di Business Intelligence che permette\u00a0l&#039;accesso a modelli predefiniti, dashboard personalizzabili e tracciamento delle metriche aziendali.\" \/>\n<meta property=\"og:url\" content=\"https:\/\/www.accuratereviews.com\/it\/business-intelligence\/hubble-recensione\/\" \/>\n<meta property=\"og:site_name\" content=\"Accurate Reviews\" \/>\n<meta property=\"article:modified_time\" content=\"2021-05-18T14:59:05+00:00\" \/>\n<meta property=\"og:image\" content=\"https:\/\/www.accuratereviews.com\/wp-content\/uploads\/2019\/12\/Hubble-Logo.jpg\" \/>\n\t<meta property=\"og:image:width\" content=\"1568\" \/>\n\t<meta property=\"og:image:height\" content=\"941\" \/>\n\t<meta property=\"og:image:type\" content=\"image\/jpeg\" \/>\n<meta name=\"twitter:card\" content=\"summary_large_image\" \/>\n<meta name=\"twitter:label1\" content=\"Tempo di lettura stimato\" \/>\n\t<meta name=\"twitter:data1\" content=\"6 minuti\" \/>\n<script type=\"application\/ld+json\" class=\"yoast-schema-graph\">{\"@context\":\"https:\\\/\\\/schema.org\",\"@graph\":[{\"@type\":\"WebPage\",\"@id\":\"https:\\\/\\\/www.accuratereviews.com\\\/it\\\/business-intelligence\\\/hubble-recensione\\\/\",\"url\":\"https:\\\/\\\/www.accuratereviews.com\\\/it\\\/business-intelligence\\\/hubble-recensione\\\/\",\"name\":\"Hubble: recensione software Business Intelligence - Accurate Reviews\",\"isPartOf\":{\"@id\":\"https:\\\/\\\/www.accuratereviews.com\\\/it\\\/#website\"},\"primaryImageOfPage\":{\"@id\":\"https:\\\/\\\/www.accuratereviews.com\\\/it\\\/business-intelligence\\\/hubble-recensione\\\/#primaryimage\"},\"image\":{\"@id\":\"https:\\\/\\\/www.accuratereviews.com\\\/it\\\/business-intelligence\\\/hubble-recensione\\\/#primaryimage\"},\"thumbnailUrl\":\"https:\\\/\\\/www.accuratereviews.com\\\/wp-content\\\/uploads\\\/2019\\\/12\\\/Hubble-Logo.jpg\",\"datePublished\":\"2020-01-02T12:20:25+00:00\",\"dateModified\":\"2021-05-18T14:59:05+00:00\",\"description\":\"Hubble: software di Business Intelligence che permette\u00a0l'accesso a modelli predefiniti, dashboard personalizzabili e tracciamento delle metriche aziendali.\",\"breadcrumb\":{\"@id\":\"https:\\\/\\\/www.accuratereviews.com\\\/it\\\/business-intelligence\\\/hubble-recensione\\\/#breadcrumb\"},\"inLanguage\":\"it-IT\",\"potentialAction\":[{\"@type\":\"ReadAction\",\"target\":[\"https:\\\/\\\/www.accuratereviews.com\\\/it\\\/business-intelligence\\\/hubble-recensione\\\/\"]}]},{\"@type\":\"ImageObject\",\"inLanguage\":\"it-IT\",\"@id\":\"https:\\\/\\\/www.accuratereviews.com\\\/it\\\/business-intelligence\\\/hubble-recensione\\\/#primaryimage\",\"url\":\"https:\\\/\\\/www.accuratereviews.com\\\/wp-content\\\/uploads\\\/2019\\\/12\\\/Hubble-Logo.jpg\",\"contentUrl\":\"https:\\\/\\\/www.accuratereviews.com\\\/wp-content\\\/uploads\\\/2019\\\/12\\\/Hubble-Logo.jpg\",\"width\":1568,\"height\":941},{\"@type\":\"BreadcrumbList\",\"@id\":\"https:\\\/\\\/www.accuratereviews.com\\\/it\\\/business-intelligence\\\/hubble-recensione\\\/#breadcrumb\",\"itemListElement\":[{\"@type\":\"ListItem\",\"position\":1,\"name\":\"Home\",\"item\":\"https:\\\/\\\/www.accuratereviews.com\\\/it\\\/\"},{\"@type\":\"ListItem\",\"position\":2,\"name\":\"Business intelligence\",\"item\":\"https:\\\/\\\/www.accuratereviews.com\\\/it\\\/business-intelligence\\\/\"},{\"@type\":\"ListItem\",\"position\":3,\"name\":\"Hubble\"}]},{\"@type\":\"WebSite\",\"@id\":\"https:\\\/\\\/www.accuratereviews.com\\\/it\\\/#website\",\"url\":\"https:\\\/\\\/www.accuratereviews.com\\\/it\\\/\",\"name\":\"Accurate Reviews\",\"description\":\"\",\"potentialAction\":[{\"@type\":\"SearchAction\",\"target\":{\"@type\":\"EntryPoint\",\"urlTemplate\":\"https:\\\/\\\/www.accuratereviews.com\\\/it\\\/?s={search_term_string}\"},\"query-input\":{\"@type\":\"PropertyValueSpecification\",\"valueRequired\":true,\"valueName\":\"search_term_string\"}}],\"inLanguage\":\"it-IT\"}]}<\/script>\n<!-- \/ Yoast SEO plugin. -->","yoast_head_json":{"title":"Hubble: recensione software Business Intelligence - Accurate Reviews","description":"Hubble: software di Business Intelligence che permette\u00a0l'accesso a modelli predefiniti, dashboard personalizzabili e tracciamento delle metriche aziendali.","robots":{"index":"index","follow":"follow","max-snippet":"max-snippet:-1","max-image-preview":"max-image-preview:large","max-video-preview":"max-video-preview:-1"},"canonical":"https:\/\/www.accuratereviews.com\/it\/business-intelligence\/hubble-recensione\/","og_locale":"it_IT","og_type":"article","og_title":"Hubble: recensione software Business Intelligence - Accurate Reviews","og_description":"Hubble: software di Business Intelligence che permette\u00a0l'accesso a modelli predefiniti, dashboard personalizzabili e tracciamento delle metriche aziendali.","og_url":"https:\/\/www.accuratereviews.com\/it\/business-intelligence\/hubble-recensione\/","og_site_name":"Accurate Reviews","article_modified_time":"2021-05-18T14:59:05+00:00","og_image":[{"width":1568,"height":941,"url":"https:\/\/www.accuratereviews.com\/wp-content\/uploads\/2019\/12\/Hubble-Logo.jpg","type":"image\/jpeg"}],"twitter_card":"summary_large_image","twitter_misc":{"Tempo di lettura stimato":"6 minuti"},"schema":{"@context":"https:\/\/schema.org","@graph":[{"@type":"WebPage","@id":"https:\/\/www.accuratereviews.com\/it\/business-intelligence\/hubble-recensione\/","url":"https:\/\/www.accuratereviews.com\/it\/business-intelligence\/hubble-recensione\/","name":"Hubble: recensione software Business Intelligence - Accurate Reviews","isPartOf":{"@id":"https:\/\/www.accuratereviews.com\/it\/#website"},"primaryImageOfPage":{"@id":"https:\/\/www.accuratereviews.com\/it\/business-intelligence\/hubble-recensione\/#primaryimage"},"image":{"@id":"https:\/\/www.accuratereviews.com\/it\/business-intelligence\/hubble-recensione\/#primaryimage"},"thumbnailUrl":"https:\/\/www.accuratereviews.com\/wp-content\/uploads\/2019\/12\/Hubble-Logo.jpg","datePublished":"2020-01-02T12:20:25+00:00","dateModified":"2021-05-18T14:59:05+00:00","description":"Hubble: software di Business Intelligence che permette\u00a0l'accesso a modelli predefiniti, dashboard personalizzabili e tracciamento delle metriche aziendali.","breadcrumb":{"@id":"https:\/\/www.accuratereviews.com\/it\/business-intelligence\/hubble-recensione\/#breadcrumb"},"inLanguage":"it-IT","potentialAction":[{"@type":"ReadAction","target":["https:\/\/www.accuratereviews.com\/it\/business-intelligence\/hubble-recensione\/"]}]},{"@type":"ImageObject","inLanguage":"it-IT","@id":"https:\/\/www.accuratereviews.com\/it\/business-intelligence\/hubble-recensione\/#primaryimage","url":"https:\/\/www.accuratereviews.com\/wp-content\/uploads\/2019\/12\/Hubble-Logo.jpg","contentUrl":"https:\/\/www.accuratereviews.com\/wp-content\/uploads\/2019\/12\/Hubble-Logo.jpg","width":1568,"height":941},{"@type":"BreadcrumbList","@id":"https:\/\/www.accuratereviews.com\/it\/business-intelligence\/hubble-recensione\/#breadcrumb","itemListElement":[{"@type":"ListItem","position":1,"name":"Home","item":"https:\/\/www.accuratereviews.com\/it\/"},{"@type":"ListItem","position":2,"name":"Business intelligence","item":"https:\/\/www.accuratereviews.com\/it\/business-intelligence\/"},{"@type":"ListItem","position":3,"name":"Hubble"}]},{"@type":"WebSite","@id":"https:\/\/www.accuratereviews.com\/it\/#website","url":"https:\/\/www.accuratereviews.com\/it\/","name":"Accurate Reviews","description":"","potentialAction":[{"@type":"SearchAction","target":{"@type":"EntryPoint","urlTemplate":"https:\/\/www.accuratereviews.com\/it\/?s={search_term_string}"},"query-input":{"@type":"PropertyValueSpecification","valueRequired":true,"valueName":"search_term_string"}}],"inLanguage":"it-IT"}]}},"_links":{"self":[{"href":"https:\/\/www.accuratereviews.com\/it\/wp-json\/wp\/v2\/pages\/21728","targetHints":{"allow":["GET"]}}],"collection":[{"href":"https:\/\/www.accuratereviews.com\/it\/wp-json\/wp\/v2\/pages"}],"about":[{"href":"https:\/\/www.accuratereviews.com\/it\/wp-json\/wp\/v2\/types\/page"}],"author":[{"embeddable":true,"href":"https:\/\/www.accuratereviews.com\/it\/wp-json\/wp\/v2\/users\/19"}],"replies":[{"embeddable":true,"href":"https:\/\/www.accuratereviews.com\/it\/wp-json\/wp\/v2\/comments?post=21728"}],"version-history":[{"count":14,"href":"https:\/\/www.accuratereviews.com\/it\/wp-json\/wp\/v2\/pages\/21728\/revisions"}],"predecessor-version":[{"id":42942,"href":"https:\/\/www.accuratereviews.com\/it\/wp-json\/wp\/v2\/pages\/21728\/revisions\/42942"}],"up":[{"embeddable":true,"href":"https:\/\/www.accuratereviews.com\/it\/wp-json\/wp\/v2\/pages\/32646"}],"wp:featuredmedia":[{"embeddable":true,"href":"https:\/\/www.accuratereviews.com\/it\/wp-json\/wp\/v2\/media\/21729"}],"wp:attachment":[{"href":"https:\/\/www.accuratereviews.com\/it\/wp-json\/wp\/v2\/media?parent=21728"}],"wp:term":[{"taxonomy":"category","embeddable":true,"href":"https:\/\/www.accuratereviews.com\/it\/wp-json\/wp\/v2\/categories?post=21728"},{"taxonomy":"post_tag","embeddable":true,"href":"https:\/\/www.accuratereviews.com\/it\/wp-json\/wp\/v2\/tags?post=21728"},{"taxonomy":"features","embeddable":true,"href":"https:\/\/www.accuratereviews.com\/it\/wp-json\/wp\/v2\/features?post=21728"}],"curies":[{"name":"wp","href":"https:\/\/api.w.org\/{rel}","templated":true}]}}