{"id":21743,"date":"2020-01-02T12:19:32","date_gmt":"2020-01-02T12:19:32","guid":{"rendered":"https:\/\/www.accuratereviews.com\/?page_id=21743"},"modified":"2021-05-27T13:28:13","modified_gmt":"2021-05-27T13:28:13","slug":"sigma-recensione","status":"publish","type":"page","link":"https:\/\/www.accuratereviews.com\/it\/business-intelligence\/sigma-recensione\/","title":{"rendered":"Sigma"},"content":{"rendered":"<p><strong>Sigma<\/strong> \u00e8 una moderna <strong>applicazione di business intelligence<\/strong> (BI) e di analisi creata per il cloud. Scelto dalle aziende di dati, questo programma offre accesso in tempo reale ai data warehouse cloud mediante un&#8217;interfaccia di foglio di calcolo intuitiva che consente agli esperti di business di chiedere pi\u00f9 dati senza scrivere una sola riga di codice. Con la piena potenza di SQL, il cloud e un&#8217;interfaccia familiare, gli utenti aziendali hanno la libert\u00e0 di analizzare i dati in tempo reale senza limiti. <strong>Sigma<\/strong> \u00e8 un&#8217;analisi self-service come dove essere da ora con questo programma\u00a0nulla si frappone tra te e i tuoi dati.<\/p>\n<h2>SIGMA &#8211; TUTORIAL<\/h2>\n<p>Il tutorial che seguir\u00e0 mostra come creare rapporti email programmati, bozze di informazioni e molto altro ancora:<\/p>\n<div id=\"fluid-wrapper-counter-1\" class=\"g1-fluid-wrapper \" style=\"width:686px;\">\n<div style=\"padding-bottom:56.268221574344%;\"><iframe loading=\"lazy\" title=\"Sharing Your Analysis\" width=\"686\" height=\"386\" src=\"https:\/\/www.youtube.com\/embed\/49CewI5mizI?feature=oembed&amp;wmode=transparent&amp;autohide=1&amp;autoplay=0&amp;disablekb=0&amp;fs=1&amp;loop=0&amp;enablejsapi=1&amp;rel=0&amp;controls=2&amp;showinfo=0&amp;wmode=transparent&amp;autohide=2&amp;autoplay=0&amp;disablekb=0&amp;fs=1&amp;loop=0&amp;enablejsapi=1&amp;rel=0&amp;controls=2&amp;showinfo=1\" frameborder=\"0\" allow=\"accelerometer; autoplay; encrypted-media; gyroscope; picture-in-picture\" allowfullscreen><\/iframe><\/div>\n<\/div>\n<h3>SIGMA &#8211; CARATTERISTICHE<\/h3>\n<ul>\n<li><strong>Formule familiari<\/strong>: trasforma i dati del tuo archivio utilizzando la barra delle funzioni<\/li>\n<li><strong>Interfaccia del foglio di calcolo<\/strong>: da 10 righe a 10 miliardi, il programma ti consente di analizzare in ogni riga dei tuoi dati<\/li>\n<li><strong>Rapporti sulla dashboard<\/strong>:\u00a0Componi una dashboard interattiva e incorporabile e condividila con i clienti o con i componenti del tuo team<\/li>\n<li><strong>Rapporti pianificati<\/strong>: invia le informazioni giuste alla persona giusta al momento giusto<\/li>\n<li><strong>Ricerca<\/strong>: trova i dati di cui hai bisogno nel programma e nel tuo data warehouse. I filtri aiutano a restringere i risultati<\/li>\n<li><strong>Grafici:<\/strong> ottieni una lettura visiva dei tuoi dati creando grafici di con questo software<\/li>\n<li><strong>Funzionalit\u00e0 Visual SQL<\/strong>: utilizza\u00a0la potenza di SQL senza scrivere codice. Dai gruppi alle funzioni delle finestre, \u00e8 tutto nell&#8217;interfaccia utente.<\/li>\n<\/ul>\n<h4>LE RECENSIONI DEGLI UTENTI<\/h4>\n<h4>Sam J. &#8220;Strumento incredibilmente utile per l&#8217;analisi dei dati e il flusso di lavoro&#8221;<\/h4>\n<p><strong>Vantaggi<\/strong>: la velocit\u00e0 con cui sono in grado di mettere insieme dati disparati e generare alcuni spunti utili. La funzionalit\u00e0 Dashboard \u00e8 stata particolarmente utile nella creazione di report che i nostri team possono utilizzare con clienti e potenziali clienti.<\/p>\n<p><strong>Inconvenienti<\/strong>: gestione delle versioni e autorizzazioni. \u00c8 difficile mantenere tutti guardando la stessa versione di un documento, visualizzare i dati, un documento viene creato e denominato genericamente, quindi il nostro sistema di cartelle sta diventando molto pieno e difficile da navigare. Inoltre, non \u00e8 possibile stabilire se un altro utente sar\u00e0 in grado di visualizzare un determinato documento senza chiedere loro di provare a visualizzarlo e non \u00e8 possibile richiedere l&#8217;accesso alla visualizzazione per quel documento.<\/p>\n<h4>Tania R. &#8220;Uso di Sigma come sviluppatore di software&#8221;<\/h4>\n<p><strong>Commenti<\/strong>: Penso che sia uno strumento piacevole, facile da usare ed \u00e8 veloce. Puoi caricare i tuoi dati e iniziare ad analizzarli molto velocemente, inoltre, \u00e8 un ottimo strumento per utenti non tecnici, ma quando ho bisogno di pi\u00f9 funzionalit\u00e0 o potenza preferisco usare Data Studio<\/p>\n<p><strong>Vantaggi<\/strong>: \u00e8 un software facile da usare, mi \u00e8 piaciuto che sia molto veloce, non devo aspettare per iniziare a vedere i dati<\/p>\n<p><strong>Inconvenienti<\/strong>: ha bisogno di pi\u00f9 funzionalit\u00e0, specialmente per migrare i fogli di lavoro in diversi ambienti, inoltre ha un numero molto limitato di funzioni. A volte i messaggi di errore non sono molto descrittivi, quindi non possiamo sapere cosa sta succedendo o come risolverlo (avevamo un foglio di lavoro con un errore del tipo: &#8220;i join non sono efficienti&#8221;, qualcosa del genere, quindi quel messaggio era un po &#8216; inutili)<\/p>\n<h4>Mia O. &#8220;Trasforma gli utenti aziendali non tecnici in utenti esperti di dati&#8221;<\/h4>\n<p><strong>Commenti<\/strong>: Esperienza complessiva ottima. Il team Sigma fa uno sforzo enorme per comprendere e progettare veramente in base alle esigenze e ai casi d&#8217;uso dei clienti, oltre a fornire senza dubbio il miglior supporto clienti e formazione che io abbia mai ricevuto da un fornitore B2B, punto.<\/p>\n<p><strong>Vantaggi<\/strong>: la possibilit\u00e0 di connettersi a qualsiasi numero di dati di origini dati nel nostro data warehouse aziendale per estrarre informazioni utili per il mio team. Senza una linea di codifica posso segnalare, analizzare e visualizzare i dati dal nostro CRM, flussi di dati IoT, API di terze parti e ora caricamenti .csv. L&#8217;accesso completo \u00e8 bilanciato da perfetti controlli di sicurezza a livello di riga, quindi posso utilizzare lo stesso sistema per alimentare dashboard e portali di dati per team interni come faccio per i client esterni.<\/p>\n<p><strong>Inconvenienti<\/strong>: il vantaggio di poter accedere a TUTTI i flussi di dati comporta un aspetto negativo: l&#8217;elaborazione e il caricamento delle informazioni pu\u00f2 richiedere molto tempo. Tuttavia non vedo l&#8217;ora di presentare le funzionalit\u00e0 di materializzazione dei dati che elimineranno questo problema.<\/p>\n","protected":false},"excerpt":{"rendered":"<p>Sigma \u00e8 una moderna applicazione di business intelligence (BI) e di analisi creata per il cloud. Scelto dalle aziende di dati, questo programma offre accesso in tempo reale ai data warehouse cloud mediante un&#8217;interfaccia di foglio di calcolo intuitiva che consente agli esperti di business di chiedere pi\u00f9 dati senza scrivere una sola riga di codice.<\/p>\n","protected":false},"author":19,"featured_media":21746,"parent":32646,"menu_order":0,"comment_status":"open","ping_status":"closed","template":"g1_template_page_review_new.php","meta":{"_acf_changed":false,"cwp_meta_box_check":"Yes","cwp_rev_product_name":"","cwp_rev_product_image":"","wppr_links":[],"cwp_rev_price":"","wppr_options":[],"wppr_pros":[],"wppr_cons":[],"_monsterinsights_skip_tracking":false,"_monsterinsights_sitenote_active":false,"_monsterinsights_sitenote_note":"","_monsterinsights_sitenote_category":0,"footnotes":""},"categories":[1555],"tags":[1621,1561,1565,1557,1641,1556,1558],"features":[],"class_list":{"0":"post-21743","1":"page","2":"type-page","3":"status-publish","4":"has-post-thumbnail","6":"category-business-intelligence-it","7":"tag-analisi-dati","8":"tag-bi","9":"tag-business-intelligence","10":"tag-programma-business-intelligence","11":"tag-sigma","12":"tag-software-business-intelligence","13":"tag-soluzione-business-intelligence"},"wppr_data":{"cwp_meta_box_check":"Yes","cwp_rev_product_name":"","cwp_rev_product_image":"","cwp_image_link":"image","cwp_rev_price":"","wppr_rating":"0.00"},"acf":[],"yoast_head":"<!-- This site is optimized with the Yoast SEO plugin v27.4 - https:\/\/yoast.com\/product\/yoast-seo-wordpress\/ -->\n<title>Sigma: recensione software business intelligence - Accurate Reviews<\/title>\n<meta name=\"description\" content=\"Sigma: recensione moderna applicazione di business intelligence (BI) e di analisi creata per il cloud semplice e funzionale per le aziende.\" \/>\n<meta name=\"robots\" content=\"index, follow, max-snippet:-1, max-image-preview:large, max-video-preview:-1\" \/>\n<link rel=\"canonical\" href=\"https:\/\/www.accuratereviews.com\/it\/business-intelligence\/sigma-recensione\/\" \/>\n<meta property=\"og:locale\" content=\"it_IT\" \/>\n<meta property=\"og:type\" content=\"article\" \/>\n<meta property=\"og:title\" content=\"Sigma: recensione software business intelligence - Accurate Reviews\" \/>\n<meta property=\"og:description\" content=\"Sigma: recensione moderna applicazione di business intelligence (BI) e di analisi creata per il cloud semplice e funzionale per le aziende.\" \/>\n<meta property=\"og:url\" content=\"https:\/\/www.accuratereviews.com\/it\/business-intelligence\/sigma-recensione\/\" \/>\n<meta property=\"og:site_name\" content=\"Accurate Reviews\" \/>\n<meta property=\"article:modified_time\" content=\"2021-05-27T13:28:13+00:00\" \/>\n<meta property=\"og:image\" content=\"https:\/\/www.accuratereviews.com\/wp-content\/uploads\/2020\/01\/sigma.jpg\" \/>\n\t<meta property=\"og:image:width\" content=\"1500\" \/>\n\t<meta property=\"og:image:height\" content=\"785\" \/>\n\t<meta property=\"og:image:type\" content=\"image\/jpeg\" \/>\n<meta name=\"twitter:card\" content=\"summary_large_image\" \/>\n<meta name=\"twitter:label1\" content=\"Tempo di lettura stimato\" \/>\n\t<meta name=\"twitter:data1\" content=\"4 minuti\" \/>\n<script type=\"application\/ld+json\" class=\"yoast-schema-graph\">{\"@context\":\"https:\\\/\\\/schema.org\",\"@graph\":[{\"@type\":\"WebPage\",\"@id\":\"https:\\\/\\\/www.accuratereviews.com\\\/it\\\/business-intelligence\\\/sigma-recensione\\\/\",\"url\":\"https:\\\/\\\/www.accuratereviews.com\\\/it\\\/business-intelligence\\\/sigma-recensione\\\/\",\"name\":\"Sigma: recensione software business intelligence - Accurate Reviews\",\"isPartOf\":{\"@id\":\"https:\\\/\\\/www.accuratereviews.com\\\/it\\\/#website\"},\"primaryImageOfPage\":{\"@id\":\"https:\\\/\\\/www.accuratereviews.com\\\/it\\\/business-intelligence\\\/sigma-recensione\\\/#primaryimage\"},\"image\":{\"@id\":\"https:\\\/\\\/www.accuratereviews.com\\\/it\\\/business-intelligence\\\/sigma-recensione\\\/#primaryimage\"},\"thumbnailUrl\":\"https:\\\/\\\/www.accuratereviews.com\\\/wp-content\\\/uploads\\\/2020\\\/01\\\/sigma.jpg\",\"datePublished\":\"2020-01-02T12:19:32+00:00\",\"dateModified\":\"2021-05-27T13:28:13+00:00\",\"description\":\"Sigma: recensione moderna applicazione di business intelligence (BI) e di analisi creata per il cloud semplice e funzionale per le aziende.\",\"breadcrumb\":{\"@id\":\"https:\\\/\\\/www.accuratereviews.com\\\/it\\\/business-intelligence\\\/sigma-recensione\\\/#breadcrumb\"},\"inLanguage\":\"it-IT\",\"potentialAction\":[{\"@type\":\"ReadAction\",\"target\":[\"https:\\\/\\\/www.accuratereviews.com\\\/it\\\/business-intelligence\\\/sigma-recensione\\\/\"]}]},{\"@type\":\"ImageObject\",\"inLanguage\":\"it-IT\",\"@id\":\"https:\\\/\\\/www.accuratereviews.com\\\/it\\\/business-intelligence\\\/sigma-recensione\\\/#primaryimage\",\"url\":\"https:\\\/\\\/www.accuratereviews.com\\\/wp-content\\\/uploads\\\/2020\\\/01\\\/sigma.jpg\",\"contentUrl\":\"https:\\\/\\\/www.accuratereviews.com\\\/wp-content\\\/uploads\\\/2020\\\/01\\\/sigma.jpg\",\"width\":1500,\"height\":785,\"caption\":\"Sigma Computing Logo\"},{\"@type\":\"BreadcrumbList\",\"@id\":\"https:\\\/\\\/www.accuratereviews.com\\\/it\\\/business-intelligence\\\/sigma-recensione\\\/#breadcrumb\",\"itemListElement\":[{\"@type\":\"ListItem\",\"position\":1,\"name\":\"Home\",\"item\":\"https:\\\/\\\/www.accuratereviews.com\\\/it\\\/\"},{\"@type\":\"ListItem\",\"position\":2,\"name\":\"Business intelligence\",\"item\":\"https:\\\/\\\/www.accuratereviews.com\\\/it\\\/business-intelligence\\\/\"},{\"@type\":\"ListItem\",\"position\":3,\"name\":\"Sigma\"}]},{\"@type\":\"WebSite\",\"@id\":\"https:\\\/\\\/www.accuratereviews.com\\\/it\\\/#website\",\"url\":\"https:\\\/\\\/www.accuratereviews.com\\\/it\\\/\",\"name\":\"Accurate Reviews\",\"description\":\"\",\"potentialAction\":[{\"@type\":\"SearchAction\",\"target\":{\"@type\":\"EntryPoint\",\"urlTemplate\":\"https:\\\/\\\/www.accuratereviews.com\\\/it\\\/?s={search_term_string}\"},\"query-input\":{\"@type\":\"PropertyValueSpecification\",\"valueRequired\":true,\"valueName\":\"search_term_string\"}}],\"inLanguage\":\"it-IT\"}]}<\/script>\n<!-- \/ Yoast SEO plugin. -->","yoast_head_json":{"title":"Sigma: recensione software business intelligence - Accurate Reviews","description":"Sigma: recensione moderna applicazione di business intelligence (BI) e di analisi creata per il cloud semplice e funzionale per le aziende.","robots":{"index":"index","follow":"follow","max-snippet":"max-snippet:-1","max-image-preview":"max-image-preview:large","max-video-preview":"max-video-preview:-1"},"canonical":"https:\/\/www.accuratereviews.com\/it\/business-intelligence\/sigma-recensione\/","og_locale":"it_IT","og_type":"article","og_title":"Sigma: recensione software business intelligence - Accurate Reviews","og_description":"Sigma: recensione moderna applicazione di business intelligence (BI) e di analisi creata per il cloud semplice e funzionale per le aziende.","og_url":"https:\/\/www.accuratereviews.com\/it\/business-intelligence\/sigma-recensione\/","og_site_name":"Accurate Reviews","article_modified_time":"2021-05-27T13:28:13+00:00","og_image":[{"width":1500,"height":785,"url":"https:\/\/www.accuratereviews.com\/wp-content\/uploads\/2020\/01\/sigma.jpg","type":"image\/jpeg"}],"twitter_card":"summary_large_image","twitter_misc":{"Tempo di lettura stimato":"4 minuti"},"schema":{"@context":"https:\/\/schema.org","@graph":[{"@type":"WebPage","@id":"https:\/\/www.accuratereviews.com\/it\/business-intelligence\/sigma-recensione\/","url":"https:\/\/www.accuratereviews.com\/it\/business-intelligence\/sigma-recensione\/","name":"Sigma: recensione software business intelligence - Accurate Reviews","isPartOf":{"@id":"https:\/\/www.accuratereviews.com\/it\/#website"},"primaryImageOfPage":{"@id":"https:\/\/www.accuratereviews.com\/it\/business-intelligence\/sigma-recensione\/#primaryimage"},"image":{"@id":"https:\/\/www.accuratereviews.com\/it\/business-intelligence\/sigma-recensione\/#primaryimage"},"thumbnailUrl":"https:\/\/www.accuratereviews.com\/wp-content\/uploads\/2020\/01\/sigma.jpg","datePublished":"2020-01-02T12:19:32+00:00","dateModified":"2021-05-27T13:28:13+00:00","description":"Sigma: recensione moderna applicazione di business intelligence (BI) e di analisi creata per il cloud semplice e funzionale per le aziende.","breadcrumb":{"@id":"https:\/\/www.accuratereviews.com\/it\/business-intelligence\/sigma-recensione\/#breadcrumb"},"inLanguage":"it-IT","potentialAction":[{"@type":"ReadAction","target":["https:\/\/www.accuratereviews.com\/it\/business-intelligence\/sigma-recensione\/"]}]},{"@type":"ImageObject","inLanguage":"it-IT","@id":"https:\/\/www.accuratereviews.com\/it\/business-intelligence\/sigma-recensione\/#primaryimage","url":"https:\/\/www.accuratereviews.com\/wp-content\/uploads\/2020\/01\/sigma.jpg","contentUrl":"https:\/\/www.accuratereviews.com\/wp-content\/uploads\/2020\/01\/sigma.jpg","width":1500,"height":785,"caption":"Sigma Computing Logo"},{"@type":"BreadcrumbList","@id":"https:\/\/www.accuratereviews.com\/it\/business-intelligence\/sigma-recensione\/#breadcrumb","itemListElement":[{"@type":"ListItem","position":1,"name":"Home","item":"https:\/\/www.accuratereviews.com\/it\/"},{"@type":"ListItem","position":2,"name":"Business intelligence","item":"https:\/\/www.accuratereviews.com\/it\/business-intelligence\/"},{"@type":"ListItem","position":3,"name":"Sigma"}]},{"@type":"WebSite","@id":"https:\/\/www.accuratereviews.com\/it\/#website","url":"https:\/\/www.accuratereviews.com\/it\/","name":"Accurate Reviews","description":"","potentialAction":[{"@type":"SearchAction","target":{"@type":"EntryPoint","urlTemplate":"https:\/\/www.accuratereviews.com\/it\/?s={search_term_string}"},"query-input":{"@type":"PropertyValueSpecification","valueRequired":true,"valueName":"search_term_string"}}],"inLanguage":"it-IT"}]}},"_links":{"self":[{"href":"https:\/\/www.accuratereviews.com\/it\/wp-json\/wp\/v2\/pages\/21743","targetHints":{"allow":["GET"]}}],"collection":[{"href":"https:\/\/www.accuratereviews.com\/it\/wp-json\/wp\/v2\/pages"}],"about":[{"href":"https:\/\/www.accuratereviews.com\/it\/wp-json\/wp\/v2\/types\/page"}],"author":[{"embeddable":true,"href":"https:\/\/www.accuratereviews.com\/it\/wp-json\/wp\/v2\/users\/19"}],"replies":[{"embeddable":true,"href":"https:\/\/www.accuratereviews.com\/it\/wp-json\/wp\/v2\/comments?post=21743"}],"version-history":[{"count":14,"href":"https:\/\/www.accuratereviews.com\/it\/wp-json\/wp\/v2\/pages\/21743\/revisions"}],"predecessor-version":[{"id":43436,"href":"https:\/\/www.accuratereviews.com\/it\/wp-json\/wp\/v2\/pages\/21743\/revisions\/43436"}],"up":[{"embeddable":true,"href":"https:\/\/www.accuratereviews.com\/it\/wp-json\/wp\/v2\/pages\/32646"}],"wp:featuredmedia":[{"embeddable":true,"href":"https:\/\/www.accuratereviews.com\/it\/wp-json\/wp\/v2\/media\/21746"}],"wp:attachment":[{"href":"https:\/\/www.accuratereviews.com\/it\/wp-json\/wp\/v2\/media?parent=21743"}],"wp:term":[{"taxonomy":"category","embeddable":true,"href":"https:\/\/www.accuratereviews.com\/it\/wp-json\/wp\/v2\/categories?post=21743"},{"taxonomy":"post_tag","embeddable":true,"href":"https:\/\/www.accuratereviews.com\/it\/wp-json\/wp\/v2\/tags?post=21743"},{"taxonomy":"features","embeddable":true,"href":"https:\/\/www.accuratereviews.com\/it\/wp-json\/wp\/v2\/features?post=21743"}],"curies":[{"name":"wp","href":"https:\/\/api.w.org\/{rel}","templated":true}]}}