{"id":21749,"date":"2020-01-02T12:21:14","date_gmt":"2020-01-02T12:21:14","guid":{"rendered":"https:\/\/www.accuratereviews.com\/?page_id=21749"},"modified":"2020-01-09T08:34:40","modified_gmt":"2020-01-09T08:34:40","slug":"magento-business-intelligence-recensione","status":"publish","type":"page","link":"https:\/\/www.accuratereviews.com\/it\/magento-business-intelligence-recensione\/","title":{"rendered":"Magento Business Intelligence"},"content":{"rendered":"<p class=\"h2 mb-0\"><strong>Magento Business Intelligence<\/strong> \u00e8 una piattaforma online di<strong> business intelligence<\/strong> che ti permette di trasformare i dati aziendali in valore. \u00c8 un<strong> software di gestione e visualizzazione dei dati<\/strong> basata su cloud che fornisce dashboard e strumenti di reporting integrati e facili da usare per i commercianti di Magento per sfruttare i loro dati con competenza. Si tratta di una soluzione commerciale che offre anche funzionalit\u00e0 di pipeline di dati, magazzino e visualizzazione che si pone l&#8217;obiettivo di ottimizzare e portare il tuo <strong>business ecommerce<\/strong> a un livello migliore. Utile per semplificare il monitoraggio dell&#8217;integrit\u00e0 aziendale, per comprendere il valore medio dell&#8217;ordine, il valore della vita del cliente, i tassi di conservazione e molto altro ancora.<\/p>\n<h2>COME FUNZIONA MAGENTO BUSINESS INTELLIGENCE &#8211; TUTORIAL<\/h2>\n<p>Ecco un video che ci spiega come utilizzare questo programma:<\/p>\n<div id=\"fluid-wrapper-counter-1\" class=\"g1-fluid-wrapper \" style=\"width:686px;\">\n<div style=\"padding-bottom:56.268221574344%;\"><iframe loading=\"lazy\" title=\"Magento Business Intelligence Essentials Making Data Easier\" width=\"686\" height=\"386\" src=\"https:\/\/www.youtube.com\/embed\/ml3uRgiUTfc?feature=oembed&amp;wmode=transparent&amp;autohide=1&amp;autoplay=0&amp;disablekb=0&amp;fs=1&amp;loop=0&amp;enablejsapi=1&amp;rel=0&amp;controls=2&amp;showinfo=0&amp;wmode=transparent&amp;autohide=2&amp;autoplay=0&amp;disablekb=0&amp;fs=1&amp;loop=0&amp;enablejsapi=1&amp;rel=0&amp;controls=2&amp;showinfo=1\" frameborder=\"0\" allow=\"accelerometer; autoplay; encrypted-media; gyroscope; picture-in-picture\" allowfullscreen><\/iframe><\/div>\n<\/div>\n<h3>MAGENTO BUSINESS INTELLIGENCE &#8211; CARATTERISTICHE<\/h3>\n<p>Diamo un&#8217;occhiata alle sue caratteristiche principali:<\/p>\n<ul>\n<li><strong>Archiviazione dei dati<\/strong>: archivia i tuoi dati in un vero e proprio &#8220;magazzino di dati&#8221; (data warehouse) basato su cloud cos\u00ec potrai gestirli nel miglior modo e averne il pieno controllo<\/li>\n<li><strong>Strumenti di analisi<\/strong>: esporta e trasforma i tuoi dati in valore creano colonne calcolate, unendo tabelle, personalizzando e standardizzando le metriche delle tue attivit\u00e0<\/li>\n<li><strong>Strumenti di visualizzazione<\/strong>: rimani organizzato con dashboard illimitate e trasforma i tuoi dati in qualcosa di visivo<\/li>\n<li><strong>Sistema reportistico<\/strong>: crea analisi con un generatore di report di facile utilizzo o accedi ai report gi\u00e0 predefiniti<\/li>\n<li><strong>Strumenti di condivisione<\/strong>: pianifica, invia e condividi approfondimenti con tutti usando la posta elettronica.<\/li>\n<\/ul>\n<h3>LE RECENSIONI DEGLI UTENTI<\/h3>\n<p><strong>&#8220;Migliore piattaforma di ecommerce di livello aziendale&#8221;<\/strong><br \/>\nIN GENERALE: Magento \u00e8 incredibile se hai il team tecnico e gli sviluppatori che sanno come lavorare con esso e farlo brillare.<br \/>\nPRO: Magento ha molte funzionalit\u00e0 pronte all&#8217;uso per configurare e archiviare l&#8217;ecommerce. L&#8217;UX per M2 \u00e8 significativamente migliore rispetto a M1. Puoi davvero restringere l&#8217;ambito delle autorizzazioni che fornisci agli utenti.<br \/>\nCONTRO: ci sono stati molti bug che avrebbero dovuto essere risolti prima del rilascio. Vi \u00e8 una barriera tecnica abbastanza elevata all&#8217;ingresso rispetto ad altre piattaforme.<\/p>\n<p><strong>&#8220;Ottimo per le grandi imprese&#8221;<\/strong><br \/>\nIN GENERALE: prevalentemente positivo. Ogni ostacolo pu\u00f2 essere superato.<br \/>\nPRO: Magento \u00e8 open source. Puoi aggiungere tutto quello che vuoi ci sono un numero illimitato di sviluppatori ed estensioni disponibili e con Magento 2 il codice \u00e8 pi\u00f9 regolamentato. \u00c8 molto facile da ridimensionare.<br \/>\nCONTRO: tempo intenso. Per chi non ha bisogno di fronzoli, Magento \u00e8 una seccatura. Richiede cure costanti, ha costantemente problemi di prestazioni e devi sempre lavorare su quelli. \u00c8 una piattaforma molto utilizzata che \u00e8 sempre aperta agli attacchi e quindi gli aggiornamenti di sicurezza devono essere eseguiti regolarmente dal team IT interno o in outsourcing. C&#8217;\u00e8 molto lavoro.<\/p>\n<p><strong>&#8220;Perfetto per la gestione delle vendite online&#8221;<\/strong><br \/>\nIN GENERALE: negli ultimi anni abbiamo utilizzato Magento per sviluppare e gestire diversi siti web.<br \/>\nSebbene il mio team non sia stato quello di creare il sito Web, ci \u00e8 stato concesso molto accesso per gestirlo e personalizzarlo secondo necessit\u00e0. Compresa la pubblicazione di annunci, l&#8217;utilizzo di widget come localizzatori, ecc.<br \/>\nHo anche apprezzato i luoghi in cui \u00e8 possibile modificare immediatamente il valore di un prodotto ovunque sul sito.<br \/>\nPRO: \u2022 Facilit\u00e0 d&#8217;uso per i nuovi utenti<br \/>\n\u2022 Opzioni per limitare e consentire agli utenti di disporre di determinate funzionalit\u00e0<br \/>\n\u2022 Impostazione visiva<br \/>\n\u2022 Implementazione universale delle informazioni<br \/>\nCONTRO: \u2022 Se l&#8217;amministratore ti ha impostato in modo errato, potresti essere limitato nelle tue azioni.<br \/>\n\u2022 Le versioni precedenti sono un po&#8217; pi\u00f9 confuse<\/p>\n<p>&nbsp;<\/p>\n","protected":false},"excerpt":{"rendered":"<p>Magento Business Intelligence \u00e8 una piattaforma online di business intelligence che ti permette di trasformare i dati aziendali in valore. \u00c8 un software di gestione e visualizzazione dei dati basata su cloud che fornisce dashboard e strumenti di reporting integrati e facili da usare per i commercianti di Magento per sfruttare i loro dati con competenza.<\/p>\n","protected":false},"author":17,"featured_media":21750,"parent":0,"menu_order":0,"comment_status":"open","ping_status":"closed","template":"g1_template_page_review_new.php","meta":{"_acf_changed":false,"cwp_meta_box_check":"Yes","cwp_rev_product_name":"","cwp_rev_product_image":"","wppr_links":[],"cwp_rev_price":"","wppr_options":[],"wppr_pros":[],"wppr_cons":[],"_monsterinsights_skip_tracking":false,"_monsterinsights_sitenote_active":false,"_monsterinsights_sitenote_note":"","_monsterinsights_sitenote_category":0,"footnotes":""},"categories":[1555],"tags":[1561,1565,1564,1488,1566],"features":[],"class_list":{"0":"post-21749","1":"page","2":"type-page","3":"status-publish","4":"has-post-thumbnail","6":"category-business-intelligence-it","7":"tag-bi","8":"tag-business-intelligence","9":"tag-business-intelligence-software","10":"tag-marketing","11":"tag-programma-di-business-intelligence"},"wppr_data":{"cwp_meta_box_check":"Yes","cwp_rev_product_name":"","cwp_rev_product_image":"","cwp_image_link":"image","cwp_rev_price":"","wppr_rating":"0.00"},"acf":[],"yoast_head":"<!-- This site is optimized with the Yoast SEO plugin v27.4 - https:\/\/yoast.com\/product\/yoast-seo-wordpress\/ -->\n<title>Magento Business Intelligence: recensione - Accurate Reviews<\/title>\n<meta name=\"description\" content=\"Magento Business Intelligence: recensione della piattaforma online di business intelligence che ti permette di trasformare i dati aziendali in valore.\" \/>\n<meta name=\"robots\" content=\"index, follow, max-snippet:-1, max-image-preview:large, max-video-preview:-1\" \/>\n<link rel=\"canonical\" href=\"https:\/\/www.accuratereviews.com\/it\/magento-business-intelligence-recensione\/\" \/>\n<meta property=\"og:locale\" content=\"it_IT\" \/>\n<meta property=\"og:type\" content=\"article\" \/>\n<meta property=\"og:title\" content=\"Magento Business Intelligence: recensione - Accurate Reviews\" \/>\n<meta property=\"og:description\" content=\"Magento Business Intelligence: recensione della piattaforma online di business intelligence che ti permette di trasformare i dati aziendali in valore.\" \/>\n<meta property=\"og:url\" content=\"https:\/\/www.accuratereviews.com\/it\/magento-business-intelligence-recensione\/\" \/>\n<meta property=\"og:site_name\" content=\"Accurate Reviews\" \/>\n<meta property=\"article:modified_time\" content=\"2020-01-09T08:34:40+00:00\" \/>\n<meta property=\"og:image\" content=\"https:\/\/www.accuratereviews.com\/wp-content\/uploads\/2020\/01\/5b8bb476902f3d5008a7548b_magento_bi.png\" \/>\n\t<meta property=\"og:image:width\" content=\"400\" \/>\n\t<meta property=\"og:image:height\" content=\"200\" \/>\n\t<meta property=\"og:image:type\" content=\"image\/png\" \/>\n<meta name=\"twitter:card\" content=\"summary_large_image\" \/>\n<meta name=\"twitter:label1\" content=\"Tempo di lettura stimato\" \/>\n\t<meta name=\"twitter:data1\" content=\"3 minuti\" \/>\n<script type=\"application\/ld+json\" class=\"yoast-schema-graph\">{\"@context\":\"https:\\\/\\\/schema.org\",\"@graph\":[{\"@type\":\"WebPage\",\"@id\":\"https:\\\/\\\/www.accuratereviews.com\\\/it\\\/magento-business-intelligence-recensione\\\/\",\"url\":\"https:\\\/\\\/www.accuratereviews.com\\\/it\\\/magento-business-intelligence-recensione\\\/\",\"name\":\"Magento Business Intelligence: recensione - Accurate Reviews\",\"isPartOf\":{\"@id\":\"https:\\\/\\\/www.accuratereviews.com\\\/it\\\/#website\"},\"primaryImageOfPage\":{\"@id\":\"https:\\\/\\\/www.accuratereviews.com\\\/it\\\/magento-business-intelligence-recensione\\\/#primaryimage\"},\"image\":{\"@id\":\"https:\\\/\\\/www.accuratereviews.com\\\/it\\\/magento-business-intelligence-recensione\\\/#primaryimage\"},\"thumbnailUrl\":\"https:\\\/\\\/www.accuratereviews.com\\\/wp-content\\\/uploads\\\/2020\\\/01\\\/5b8bb476902f3d5008a7548b_magento_bi.png\",\"datePublished\":\"2020-01-02T12:21:14+00:00\",\"dateModified\":\"2020-01-09T08:34:40+00:00\",\"description\":\"Magento Business Intelligence: recensione della piattaforma online di business intelligence che ti permette di trasformare i dati aziendali in valore.\",\"breadcrumb\":{\"@id\":\"https:\\\/\\\/www.accuratereviews.com\\\/it\\\/magento-business-intelligence-recensione\\\/#breadcrumb\"},\"inLanguage\":\"it-IT\",\"potentialAction\":[{\"@type\":\"ReadAction\",\"target\":[\"https:\\\/\\\/www.accuratereviews.com\\\/it\\\/magento-business-intelligence-recensione\\\/\"]}]},{\"@type\":\"ImageObject\",\"inLanguage\":\"it-IT\",\"@id\":\"https:\\\/\\\/www.accuratereviews.com\\\/it\\\/magento-business-intelligence-recensione\\\/#primaryimage\",\"url\":\"https:\\\/\\\/www.accuratereviews.com\\\/wp-content\\\/uploads\\\/2020\\\/01\\\/5b8bb476902f3d5008a7548b_magento_bi.png\",\"contentUrl\":\"https:\\\/\\\/www.accuratereviews.com\\\/wp-content\\\/uploads\\\/2020\\\/01\\\/5b8bb476902f3d5008a7548b_magento_bi.png\",\"width\":400,\"height\":200},{\"@type\":\"BreadcrumbList\",\"@id\":\"https:\\\/\\\/www.accuratereviews.com\\\/it\\\/magento-business-intelligence-recensione\\\/#breadcrumb\",\"itemListElement\":[{\"@type\":\"ListItem\",\"position\":1,\"name\":\"Home\",\"item\":\"https:\\\/\\\/www.accuratereviews.com\\\/it\\\/\"},{\"@type\":\"ListItem\",\"position\":2,\"name\":\"Magento Business Intelligence\"}]},{\"@type\":\"WebSite\",\"@id\":\"https:\\\/\\\/www.accuratereviews.com\\\/it\\\/#website\",\"url\":\"https:\\\/\\\/www.accuratereviews.com\\\/it\\\/\",\"name\":\"Accurate Reviews\",\"description\":\"\",\"potentialAction\":[{\"@type\":\"SearchAction\",\"target\":{\"@type\":\"EntryPoint\",\"urlTemplate\":\"https:\\\/\\\/www.accuratereviews.com\\\/it\\\/?s={search_term_string}\"},\"query-input\":{\"@type\":\"PropertyValueSpecification\",\"valueRequired\":true,\"valueName\":\"search_term_string\"}}],\"inLanguage\":\"it-IT\"}]}<\/script>\n<!-- \/ Yoast SEO plugin. -->","yoast_head_json":{"title":"Magento Business Intelligence: recensione - Accurate Reviews","description":"Magento Business Intelligence: recensione della piattaforma online di business intelligence che ti permette di trasformare i dati aziendali in valore.","robots":{"index":"index","follow":"follow","max-snippet":"max-snippet:-1","max-image-preview":"max-image-preview:large","max-video-preview":"max-video-preview:-1"},"canonical":"https:\/\/www.accuratereviews.com\/it\/magento-business-intelligence-recensione\/","og_locale":"it_IT","og_type":"article","og_title":"Magento Business Intelligence: recensione - Accurate Reviews","og_description":"Magento Business Intelligence: recensione della piattaforma online di business intelligence che ti permette di trasformare i dati aziendali in valore.","og_url":"https:\/\/www.accuratereviews.com\/it\/magento-business-intelligence-recensione\/","og_site_name":"Accurate Reviews","article_modified_time":"2020-01-09T08:34:40+00:00","og_image":[{"width":400,"height":200,"url":"https:\/\/www.accuratereviews.com\/wp-content\/uploads\/2020\/01\/5b8bb476902f3d5008a7548b_magento_bi.png","type":"image\/png"}],"twitter_card":"summary_large_image","twitter_misc":{"Tempo di lettura stimato":"3 minuti"},"schema":{"@context":"https:\/\/schema.org","@graph":[{"@type":"WebPage","@id":"https:\/\/www.accuratereviews.com\/it\/magento-business-intelligence-recensione\/","url":"https:\/\/www.accuratereviews.com\/it\/magento-business-intelligence-recensione\/","name":"Magento Business Intelligence: recensione - Accurate Reviews","isPartOf":{"@id":"https:\/\/www.accuratereviews.com\/it\/#website"},"primaryImageOfPage":{"@id":"https:\/\/www.accuratereviews.com\/it\/magento-business-intelligence-recensione\/#primaryimage"},"image":{"@id":"https:\/\/www.accuratereviews.com\/it\/magento-business-intelligence-recensione\/#primaryimage"},"thumbnailUrl":"https:\/\/www.accuratereviews.com\/wp-content\/uploads\/2020\/01\/5b8bb476902f3d5008a7548b_magento_bi.png","datePublished":"2020-01-02T12:21:14+00:00","dateModified":"2020-01-09T08:34:40+00:00","description":"Magento Business Intelligence: recensione della piattaforma online di business intelligence che ti permette di trasformare i dati aziendali in valore.","breadcrumb":{"@id":"https:\/\/www.accuratereviews.com\/it\/magento-business-intelligence-recensione\/#breadcrumb"},"inLanguage":"it-IT","potentialAction":[{"@type":"ReadAction","target":["https:\/\/www.accuratereviews.com\/it\/magento-business-intelligence-recensione\/"]}]},{"@type":"ImageObject","inLanguage":"it-IT","@id":"https:\/\/www.accuratereviews.com\/it\/magento-business-intelligence-recensione\/#primaryimage","url":"https:\/\/www.accuratereviews.com\/wp-content\/uploads\/2020\/01\/5b8bb476902f3d5008a7548b_magento_bi.png","contentUrl":"https:\/\/www.accuratereviews.com\/wp-content\/uploads\/2020\/01\/5b8bb476902f3d5008a7548b_magento_bi.png","width":400,"height":200},{"@type":"BreadcrumbList","@id":"https:\/\/www.accuratereviews.com\/it\/magento-business-intelligence-recensione\/#breadcrumb","itemListElement":[{"@type":"ListItem","position":1,"name":"Home","item":"https:\/\/www.accuratereviews.com\/it\/"},{"@type":"ListItem","position":2,"name":"Magento Business Intelligence"}]},{"@type":"WebSite","@id":"https:\/\/www.accuratereviews.com\/it\/#website","url":"https:\/\/www.accuratereviews.com\/it\/","name":"Accurate Reviews","description":"","potentialAction":[{"@type":"SearchAction","target":{"@type":"EntryPoint","urlTemplate":"https:\/\/www.accuratereviews.com\/it\/?s={search_term_string}"},"query-input":{"@type":"PropertyValueSpecification","valueRequired":true,"valueName":"search_term_string"}}],"inLanguage":"it-IT"}]}},"_links":{"self":[{"href":"https:\/\/www.accuratereviews.com\/it\/wp-json\/wp\/v2\/pages\/21749","targetHints":{"allow":["GET"]}}],"collection":[{"href":"https:\/\/www.accuratereviews.com\/it\/wp-json\/wp\/v2\/pages"}],"about":[{"href":"https:\/\/www.accuratereviews.com\/it\/wp-json\/wp\/v2\/types\/page"}],"author":[{"embeddable":true,"href":"https:\/\/www.accuratereviews.com\/it\/wp-json\/wp\/v2\/users\/17"}],"replies":[{"embeddable":true,"href":"https:\/\/www.accuratereviews.com\/it\/wp-json\/wp\/v2\/comments?post=21749"}],"version-history":[{"count":5,"href":"https:\/\/www.accuratereviews.com\/it\/wp-json\/wp\/v2\/pages\/21749\/revisions"}],"predecessor-version":[{"id":21864,"href":"https:\/\/www.accuratereviews.com\/it\/wp-json\/wp\/v2\/pages\/21749\/revisions\/21864"}],"wp:featuredmedia":[{"embeddable":true,"href":"https:\/\/www.accuratereviews.com\/it\/wp-json\/wp\/v2\/media\/21750"}],"wp:attachment":[{"href":"https:\/\/www.accuratereviews.com\/it\/wp-json\/wp\/v2\/media?parent=21749"}],"wp:term":[{"taxonomy":"category","embeddable":true,"href":"https:\/\/www.accuratereviews.com\/it\/wp-json\/wp\/v2\/categories?post=21749"},{"taxonomy":"post_tag","embeddable":true,"href":"https:\/\/www.accuratereviews.com\/it\/wp-json\/wp\/v2\/tags?post=21749"},{"taxonomy":"features","embeddable":true,"href":"https:\/\/www.accuratereviews.com\/it\/wp-json\/wp\/v2\/features?post=21749"}],"curies":[{"name":"wp","href":"https:\/\/api.w.org\/{rel}","templated":true}]}}