{"id":21764,"date":"2020-01-02T13:42:08","date_gmt":"2020-01-02T13:42:08","guid":{"rendered":"https:\/\/www.accuratereviews.com\/?page_id=21764"},"modified":"2021-05-18T14:01:00","modified_gmt":"2021-05-18T14:01:00","slug":"competitors-app-recensione","status":"publish","type":"page","link":"https:\/\/www.accuratereviews.com\/it\/business-intelligence\/competitors-app-recensione\/","title":{"rendered":"Competitors App"},"content":{"rendered":"<p class=\"h2 mb-0\"><strong>Competitors App<\/strong> \u00e8 una <strong>soluzione di business intelligence<\/strong> ideata per le start-up e le piccole medie imprese che vogliono monitorare i movimenti della concorrenza. Si tratta di creare una vera e propria<strong> strategia di marketing<\/strong> basata sui dati della concorrenza, secondo la quale si possono ricevere degli avvisi quando i concorrenti stanno apportando modifiche ai loro siti web o stanno facendo dei cambiamenti sui social media. <strong>Competitors app<\/strong> ti permette anche di trovare le parole chiave SEO della concorrenza focalizzando l&#8217;intero sito web sul targeting di parole chiave di alto volume e qualit\u00e0. In pratica qualsiasi cambiamento o modifica sui siti web dei concorrenti, viene monitorato e analizzato per determinare se risulta efficace o meno.<\/p>\n<p><a href=\"https:\/\/www.accuratereviews.com\/wp-content\/uploads\/2020\/01\/114201-competitors-app-1540398239-624617.png\"><img loading=\"lazy\" decoding=\"async\" class=\"aligncenter wp-image-21776 size-full\" src=\"https:\/\/www.accuratereviews.com\/wp-content\/uploads\/2020\/01\/114201-competitors-app-1540398239-624617.png\" alt=\"\" width=\"1284\" height=\"699\" srcset=\"https:\/\/www.accuratereviews.com\/wp-content\/uploads\/2020\/01\/114201-competitors-app-1540398239-624617.png 1284w, https:\/\/www.accuratereviews.com\/wp-content\/uploads\/2020\/01\/114201-competitors-app-1540398239-624617-300x163.png 300w, https:\/\/www.accuratereviews.com\/wp-content\/uploads\/2020\/01\/114201-competitors-app-1540398239-624617-1024x557.png 1024w, https:\/\/www.accuratereviews.com\/wp-content\/uploads\/2020\/01\/114201-competitors-app-1540398239-624617-768x418.png 768w, https:\/\/www.accuratereviews.com\/wp-content\/uploads\/2020\/01\/114201-competitors-app-1540398239-624617-230x125.png 230w, https:\/\/www.accuratereviews.com\/wp-content\/uploads\/2020\/01\/114201-competitors-app-1540398239-624617-50x27.png 50w, https:\/\/www.accuratereviews.com\/wp-content\/uploads\/2020\/01\/114201-competitors-app-1540398239-624617-968x527.png 968w, https:\/\/www.accuratereviews.com\/wp-content\/uploads\/2020\/01\/114201-competitors-app-1540398239-624617-636x346.png 636w, https:\/\/www.accuratereviews.com\/wp-content\/uploads\/2020\/01\/114201-competitors-app-1540398239-624617-320x174.png 320w, https:\/\/www.accuratereviews.com\/wp-content\/uploads\/2020\/01\/114201-competitors-app-1540398239-624617-239x130.png 239w\" sizes=\"auto, (max-width: 1284px) 100vw, 1284px\" \/><\/a><\/p>\n<p>&nbsp;<\/p>\n<h3>COMPETITORS APP &#8211; CARATTERISTICHE<\/h3>\n<p>Di seguito le sue principali caratteristiche:<\/p>\n<ul>\n<li><strong>Elementi cronologici dell&#8217;attivit\u00e0 dei concorrenti<\/strong>: comprendi tutto ci\u00f2 che accade con le attivit\u00e0 dei concorrenti, naviga rapidamente attraverso i loro aggiornamenti, campagne di marketing e monitora social media, newsletter, classifiche delle parole chiave, modifiche al sito web e recensioni<\/li>\n<li><strong>Rilevamento di nuovi concorrenti<\/strong>: ricevi una mail per essere informato sui ogni concorrente che si presenta sul mercato<\/li>\n<li><strong>Nuovi annunci Google<\/strong>: scopri rapidamente e monitora tutte le campagne PPC dei tuoi concorrenti e raccogli tutte le informazioni necessarie per creare migliori campagne pubblicitarie di Google<\/li>\n<li><strong>Aggiornamenti sui social media<\/strong>: ricevi tutti gli aggiornamenti dei social media dei tuoi concorrenti sulla tua cronologia, in tempo reale e senza alcuno sforzo<\/li>\n<li><strong>Classifica delle parole chiave<\/strong>: monitora le classifiche delle parole chiave dei tuoi concorrenti in ogni momento e concentra le tue attivit\u00e0 di SEO e di backlink nel punto in cui hai pi\u00f9 bisogno<\/li>\n<li><strong>Modifiche al sito web<\/strong>: ogni volta che il tuo concorrente apporta qualche grande modifica al sito web (cambiando il pulsante CTA per esempio), verrai avvisato automaticamente tramite email<\/li>\n<li><strong>Modifiche SEO<\/strong>: tieni facilmente d&#8217;occhio gli sforzi SEO dei tuoi concorrenti<\/li>\n<li><strong>Newsletter ed email di account<\/strong>: questo programma controlla per te le newsletter dei tuoi concorrenti e le mostra immediatamente sulla tua cronologia. Puoi essere il primo a conoscere le nuove azioni, i bonus e gli aggiornamenti del tuo concorrente, anche prima dei suoi abbonati e clienti.<\/li>\n<\/ul>\n<h3>LE RECENSIONI DEGLI UTENTI<\/h3>\n<p><strong>&#8220;Ottimo strumento per tenere costantemente d&#8217;occhio i tuoi concorrenti&#8221;<\/strong><br \/>\nPRO: risparmia tempo automatizzando il processo di monitoraggio delle modifiche del sito dei tuoi concorrenti, posizionamento delle parole chiave, strategie di marketing ecc.<br \/>\nCONTRO: \u00c8 un po&#8217; difficile capire tutte le funzionalit\u00e0 all&#8217;inizio, ma una volta che ne hai capito, ti rendi conto che ci sono cose che puoi fare con esso che non avresti mai pensato possibili (ad esempio, vedere come un concorrente sta cambiando solo poche parole\/colori nella pagina dei prezzi).<\/p>\n<p><strong>&#8220;Belle relazioni settimanali sui concorrenti.&#8221;<\/strong><br \/>\nIN GENERALE: ricevo ottime informazioni sui concorrenti e non perdo tempo.<br \/>\nPRO: Mi piace che non ci voglia molto tempo. Mi ci sono voluti alcuni minuti per aggiungere e configurare i miei concorrenti e basta. Tutto ci\u00f2 che \u00e8 sul sito Web che ricevo anche nell&#8217;email.<br \/>\nCONTRO: l&#8217;interfaccia utente e l&#8217;esperienza utente possono essere migliorati.<\/p>\n<p><strong>&#8220;L&#8217;app della concorrenza \u00e8 fantastica per farmi risparmiare un sacco di tempo&#8221;<\/strong><br \/>\nIN GENERALE: Troviamo tutti i concorrenti di PixTeller.com in pochi secondi<br \/>\nPRO: \u00c8 cos\u00ec bello che ora non devo andare a visitare i siti web dei miei concorrenti e non ho bisogno di ricordare tutto ci\u00f2 che fanno. L&#8217;app della concorrenza lo fa per me ed \u00e8 tutto automatico!<br \/>\nCONTRO: Vorrei anche tenere traccia degli annunci su Facebook e Quora, sarebbe molto pi\u00f9 facile per noi<\/p>\n","protected":false},"excerpt":{"rendered":"<p>Competitors App \u00e8 una soluzione di business intelligence ideata per le start-up e le piccole medie imprese che vogliono monitorare i movimenti della concorrenza. Si tratta di creare una vera e propria strategia di marketing basata sui dati della concorrenza, secondo la quale si possono ricevere degli avvisi quando i concorrenti stanno apportando modifiche ai loro siti web o stanno facendo dei cambiamenti sui social media.<\/p>\n","protected":false},"author":17,"featured_media":21765,"parent":32646,"menu_order":0,"comment_status":"open","ping_status":"closed","template":"g1_template_page_review_new.php","meta":{"_acf_changed":false,"cwp_meta_box_check":"Yes","cwp_rev_product_name":"","cwp_rev_product_image":"","wppr_links":[],"cwp_rev_price":"","wppr_options":[],"wppr_pros":[],"wppr_cons":[],"_monsterinsights_skip_tracking":false,"_monsterinsights_sitenote_active":false,"_monsterinsights_sitenote_note":"","_monsterinsights_sitenote_category":0,"footnotes":""},"categories":[1555],"tags":[1561,1565,1564,1557,1558],"features":[],"class_list":{"0":"post-21764","1":"page","2":"type-page","3":"status-publish","4":"has-post-thumbnail","6":"category-business-intelligence-it","7":"tag-bi","8":"tag-business-intelligence","9":"tag-business-intelligence-software","10":"tag-programma-business-intelligence","11":"tag-soluzione-business-intelligence"},"wppr_data":{"cwp_meta_box_check":"Yes","cwp_rev_product_name":"","cwp_rev_product_image":"","cwp_image_link":"image","cwp_rev_price":"","wppr_rating":"0.00"},"acf":[],"yoast_head":"<!-- This site is optimized with the Yoast SEO plugin v27.4 - https:\/\/yoast.com\/product\/yoast-seo-wordpress\/ -->\n<title>Competitors App: recensione business intelligence - Accurate Reviews<\/title>\n<meta name=\"description\" content=\"Competitors App: recensione della soluzione di business intelligence ideata per monitorare i movimenti della concorrenza.\" \/>\n<meta name=\"robots\" content=\"index, follow, max-snippet:-1, max-image-preview:large, max-video-preview:-1\" \/>\n<link rel=\"canonical\" href=\"https:\/\/www.accuratereviews.com\/it\/business-intelligence\/competitors-app-recensione\/\" \/>\n<meta property=\"og:locale\" content=\"it_IT\" \/>\n<meta property=\"og:type\" content=\"article\" \/>\n<meta property=\"og:title\" content=\"Competitors App: recensione business intelligence - Accurate Reviews\" \/>\n<meta property=\"og:description\" content=\"Competitors App: recensione della soluzione di business intelligence ideata per monitorare i movimenti della concorrenza.\" \/>\n<meta property=\"og:url\" content=\"https:\/\/www.accuratereviews.com\/it\/business-intelligence\/competitors-app-recensione\/\" \/>\n<meta property=\"og:site_name\" content=\"Accurate Reviews\" \/>\n<meta property=\"article:modified_time\" content=\"2021-05-18T14:01:00+00:00\" \/>\n<meta property=\"og:image\" content=\"https:\/\/www.accuratereviews.com\/wp-content\/uploads\/2020\/01\/competitors-logo-sito.png\" \/>\n\t<meta property=\"og:image:width\" content=\"600\" \/>\n\t<meta property=\"og:image:height\" content=\"300\" \/>\n\t<meta property=\"og:image:type\" content=\"image\/png\" \/>\n<meta name=\"twitter:card\" content=\"summary_large_image\" \/>\n<meta name=\"twitter:label1\" content=\"Tempo di lettura stimato\" \/>\n\t<meta name=\"twitter:data1\" content=\"3 minuti\" \/>\n<script type=\"application\/ld+json\" class=\"yoast-schema-graph\">{\"@context\":\"https:\\\/\\\/schema.org\",\"@graph\":[{\"@type\":\"WebPage\",\"@id\":\"https:\\\/\\\/www.accuratereviews.com\\\/it\\\/business-intelligence\\\/competitors-app-recensione\\\/\",\"url\":\"https:\\\/\\\/www.accuratereviews.com\\\/it\\\/business-intelligence\\\/competitors-app-recensione\\\/\",\"name\":\"Competitors App: recensione business intelligence - Accurate Reviews\",\"isPartOf\":{\"@id\":\"https:\\\/\\\/www.accuratereviews.com\\\/it\\\/#website\"},\"primaryImageOfPage\":{\"@id\":\"https:\\\/\\\/www.accuratereviews.com\\\/it\\\/business-intelligence\\\/competitors-app-recensione\\\/#primaryimage\"},\"image\":{\"@id\":\"https:\\\/\\\/www.accuratereviews.com\\\/it\\\/business-intelligence\\\/competitors-app-recensione\\\/#primaryimage\"},\"thumbnailUrl\":\"https:\\\/\\\/www.accuratereviews.com\\\/wp-content\\\/uploads\\\/2020\\\/01\\\/competitors-logo-sito.png\",\"datePublished\":\"2020-01-02T13:42:08+00:00\",\"dateModified\":\"2021-05-18T14:01:00+00:00\",\"description\":\"Competitors App: recensione della soluzione di business intelligence ideata per monitorare i movimenti della concorrenza.\",\"breadcrumb\":{\"@id\":\"https:\\\/\\\/www.accuratereviews.com\\\/it\\\/business-intelligence\\\/competitors-app-recensione\\\/#breadcrumb\"},\"inLanguage\":\"it-IT\",\"potentialAction\":[{\"@type\":\"ReadAction\",\"target\":[\"https:\\\/\\\/www.accuratereviews.com\\\/it\\\/business-intelligence\\\/competitors-app-recensione\\\/\"]}]},{\"@type\":\"ImageObject\",\"inLanguage\":\"it-IT\",\"@id\":\"https:\\\/\\\/www.accuratereviews.com\\\/it\\\/business-intelligence\\\/competitors-app-recensione\\\/#primaryimage\",\"url\":\"https:\\\/\\\/www.accuratereviews.com\\\/wp-content\\\/uploads\\\/2020\\\/01\\\/competitors-logo-sito.png\",\"contentUrl\":\"https:\\\/\\\/www.accuratereviews.com\\\/wp-content\\\/uploads\\\/2020\\\/01\\\/competitors-logo-sito.png\",\"width\":600,\"height\":300},{\"@type\":\"BreadcrumbList\",\"@id\":\"https:\\\/\\\/www.accuratereviews.com\\\/it\\\/business-intelligence\\\/competitors-app-recensione\\\/#breadcrumb\",\"itemListElement\":[{\"@type\":\"ListItem\",\"position\":1,\"name\":\"Home\",\"item\":\"https:\\\/\\\/www.accuratereviews.com\\\/it\\\/\"},{\"@type\":\"ListItem\",\"position\":2,\"name\":\"Business intelligence\",\"item\":\"https:\\\/\\\/www.accuratereviews.com\\\/it\\\/business-intelligence\\\/\"},{\"@type\":\"ListItem\",\"position\":3,\"name\":\"Competitors App\"}]},{\"@type\":\"WebSite\",\"@id\":\"https:\\\/\\\/www.accuratereviews.com\\\/it\\\/#website\",\"url\":\"https:\\\/\\\/www.accuratereviews.com\\\/it\\\/\",\"name\":\"Accurate Reviews\",\"description\":\"\",\"potentialAction\":[{\"@type\":\"SearchAction\",\"target\":{\"@type\":\"EntryPoint\",\"urlTemplate\":\"https:\\\/\\\/www.accuratereviews.com\\\/it\\\/?s={search_term_string}\"},\"query-input\":{\"@type\":\"PropertyValueSpecification\",\"valueRequired\":true,\"valueName\":\"search_term_string\"}}],\"inLanguage\":\"it-IT\"}]}<\/script>\n<!-- \/ Yoast SEO plugin. -->","yoast_head_json":{"title":"Competitors App: recensione business intelligence - Accurate Reviews","description":"Competitors App: recensione della soluzione di business intelligence ideata per monitorare i movimenti della concorrenza.","robots":{"index":"index","follow":"follow","max-snippet":"max-snippet:-1","max-image-preview":"max-image-preview:large","max-video-preview":"max-video-preview:-1"},"canonical":"https:\/\/www.accuratereviews.com\/it\/business-intelligence\/competitors-app-recensione\/","og_locale":"it_IT","og_type":"article","og_title":"Competitors App: recensione business intelligence - Accurate Reviews","og_description":"Competitors App: recensione della soluzione di business intelligence ideata per monitorare i movimenti della concorrenza.","og_url":"https:\/\/www.accuratereviews.com\/it\/business-intelligence\/competitors-app-recensione\/","og_site_name":"Accurate Reviews","article_modified_time":"2021-05-18T14:01:00+00:00","og_image":[{"width":600,"height":300,"url":"https:\/\/www.accuratereviews.com\/wp-content\/uploads\/2020\/01\/competitors-logo-sito.png","type":"image\/png"}],"twitter_card":"summary_large_image","twitter_misc":{"Tempo di lettura stimato":"3 minuti"},"schema":{"@context":"https:\/\/schema.org","@graph":[{"@type":"WebPage","@id":"https:\/\/www.accuratereviews.com\/it\/business-intelligence\/competitors-app-recensione\/","url":"https:\/\/www.accuratereviews.com\/it\/business-intelligence\/competitors-app-recensione\/","name":"Competitors App: recensione business intelligence - Accurate Reviews","isPartOf":{"@id":"https:\/\/www.accuratereviews.com\/it\/#website"},"primaryImageOfPage":{"@id":"https:\/\/www.accuratereviews.com\/it\/business-intelligence\/competitors-app-recensione\/#primaryimage"},"image":{"@id":"https:\/\/www.accuratereviews.com\/it\/business-intelligence\/competitors-app-recensione\/#primaryimage"},"thumbnailUrl":"https:\/\/www.accuratereviews.com\/wp-content\/uploads\/2020\/01\/competitors-logo-sito.png","datePublished":"2020-01-02T13:42:08+00:00","dateModified":"2021-05-18T14:01:00+00:00","description":"Competitors App: recensione della soluzione di business intelligence ideata per monitorare i movimenti della concorrenza.","breadcrumb":{"@id":"https:\/\/www.accuratereviews.com\/it\/business-intelligence\/competitors-app-recensione\/#breadcrumb"},"inLanguage":"it-IT","potentialAction":[{"@type":"ReadAction","target":["https:\/\/www.accuratereviews.com\/it\/business-intelligence\/competitors-app-recensione\/"]}]},{"@type":"ImageObject","inLanguage":"it-IT","@id":"https:\/\/www.accuratereviews.com\/it\/business-intelligence\/competitors-app-recensione\/#primaryimage","url":"https:\/\/www.accuratereviews.com\/wp-content\/uploads\/2020\/01\/competitors-logo-sito.png","contentUrl":"https:\/\/www.accuratereviews.com\/wp-content\/uploads\/2020\/01\/competitors-logo-sito.png","width":600,"height":300},{"@type":"BreadcrumbList","@id":"https:\/\/www.accuratereviews.com\/it\/business-intelligence\/competitors-app-recensione\/#breadcrumb","itemListElement":[{"@type":"ListItem","position":1,"name":"Home","item":"https:\/\/www.accuratereviews.com\/it\/"},{"@type":"ListItem","position":2,"name":"Business intelligence","item":"https:\/\/www.accuratereviews.com\/it\/business-intelligence\/"},{"@type":"ListItem","position":3,"name":"Competitors App"}]},{"@type":"WebSite","@id":"https:\/\/www.accuratereviews.com\/it\/#website","url":"https:\/\/www.accuratereviews.com\/it\/","name":"Accurate Reviews","description":"","potentialAction":[{"@type":"SearchAction","target":{"@type":"EntryPoint","urlTemplate":"https:\/\/www.accuratereviews.com\/it\/?s={search_term_string}"},"query-input":{"@type":"PropertyValueSpecification","valueRequired":true,"valueName":"search_term_string"}}],"inLanguage":"it-IT"}]}},"_links":{"self":[{"href":"https:\/\/www.accuratereviews.com\/it\/wp-json\/wp\/v2\/pages\/21764","targetHints":{"allow":["GET"]}}],"collection":[{"href":"https:\/\/www.accuratereviews.com\/it\/wp-json\/wp\/v2\/pages"}],"about":[{"href":"https:\/\/www.accuratereviews.com\/it\/wp-json\/wp\/v2\/types\/page"}],"author":[{"embeddable":true,"href":"https:\/\/www.accuratereviews.com\/it\/wp-json\/wp\/v2\/users\/17"}],"replies":[{"embeddable":true,"href":"https:\/\/www.accuratereviews.com\/it\/wp-json\/wp\/v2\/comments?post=21764"}],"version-history":[{"count":6,"href":"https:\/\/www.accuratereviews.com\/it\/wp-json\/wp\/v2\/pages\/21764\/revisions"}],"predecessor-version":[{"id":42896,"href":"https:\/\/www.accuratereviews.com\/it\/wp-json\/wp\/v2\/pages\/21764\/revisions\/42896"}],"up":[{"embeddable":true,"href":"https:\/\/www.accuratereviews.com\/it\/wp-json\/wp\/v2\/pages\/32646"}],"wp:featuredmedia":[{"embeddable":true,"href":"https:\/\/www.accuratereviews.com\/it\/wp-json\/wp\/v2\/media\/21765"}],"wp:attachment":[{"href":"https:\/\/www.accuratereviews.com\/it\/wp-json\/wp\/v2\/media?parent=21764"}],"wp:term":[{"taxonomy":"category","embeddable":true,"href":"https:\/\/www.accuratereviews.com\/it\/wp-json\/wp\/v2\/categories?post=21764"},{"taxonomy":"post_tag","embeddable":true,"href":"https:\/\/www.accuratereviews.com\/it\/wp-json\/wp\/v2\/tags?post=21764"},{"taxonomy":"features","embeddable":true,"href":"https:\/\/www.accuratereviews.com\/it\/wp-json\/wp\/v2\/features?post=21764"}],"curies":[{"name":"wp","href":"https:\/\/api.w.org\/{rel}","templated":true}]}}