{"id":21783,"date":"2020-01-03T16:39:59","date_gmt":"2020-01-03T16:39:59","guid":{"rendered":"https:\/\/www.accuratereviews.com\/?page_id=21783"},"modified":"2021-05-18T14:12:44","modified_gmt":"2021-05-18T14:12:44","slug":"chartmogul-recensione","status":"publish","type":"page","link":"https:\/\/www.accuratereviews.com\/it\/business-intelligence\/chartmogul-recensione\/","title":{"rendered":"ChartMogul"},"content":{"rendered":"<p><strong>ChartMogul<\/strong> \u00e8 una <strong>piattaforma di analisi dati e Business Intelligence<\/strong> sviluppata per aiutare le aziende a ottenere approfondimenti intelligenti e una comprensione pi\u00f9 profonda della propria attivit\u00e0. Con l&#8217;uso di metriche in tempo reale, analisi significative, segmentazione e facile integrazione con vari sistemi di fatturazione.\u00a0Gli utenti possono tenere traccia: delle entrate ricorrenti mensili (MRR), del prezzo medio di vendita (ASP), del valore della vita del cliente (CLV), delle entrate medie per account (ARPA). E anche del tasso annuale di esecuzione (ARR), del movimento MRR, delle entrate e dei tassi di abbandono, crescita della clientela, flusso di cassa lordo e netto, entrate non ricorrenti, rimborsi, pagamenti non riusciti e altro ancora.<\/p>\n<h2>CHARTMOGUL &#8211; TUTORIAL<\/h2>\n<p>In questo breve tutorial dimostriamo come i team finanziari possono accelerare le chiusure mensile delle entrate e delle uscite delle aziende:<\/p>\n<div id=\"fluid-wrapper-counter-1\" class=\"g1-fluid-wrapper \" style=\"width:686px;\">\n<div style=\"padding-bottom:56.268221574344%;\"><iframe loading=\"lazy\" title=\"Guided Walkthrough of ChartMogul&#039;s Revenue Recognition\" width=\"686\" height=\"386\" src=\"https:\/\/www.youtube.com\/embed\/4G7bMORY3eo?feature=oembed&amp;wmode=transparent&amp;autohide=1&amp;autoplay=0&amp;disablekb=0&amp;fs=1&amp;loop=0&amp;enablejsapi=1&amp;rel=0&amp;controls=2&amp;showinfo=0&amp;wmode=transparent&amp;autohide=2&amp;autoplay=0&amp;disablekb=0&amp;fs=1&amp;loop=0&amp;enablejsapi=1&amp;rel=0&amp;controls=2&amp;showinfo=1\" frameborder=\"0\" allow=\"accelerometer; autoplay; clipboard-write; encrypted-media; gyroscope; picture-in-picture\" allowfullscreen><\/iframe><\/div>\n<\/div>\n<h3>CHARTMOGUL &#8211; CARATTERISTICHE<\/h3>\n<ul>\n<li><strong>Rispondi a qualsiasi domanda<\/strong>: la dashboard include filtri predefiniti che semplificano l&#8217;analisi dei ricavi e dei dati dei clienti per gruppo di piani, ciclo di fatturazione, posizione e altro<\/li>\n<li><strong>Arricchisci i tuoi dati<\/strong> e crea filtri personalizzati in modo da poter analizzare segmenti come fonte di piombo, punteggio NPS e settore<\/li>\n<li><strong>Approfondimenti che l&#8217;intero team pu\u00f2 utilizzare<\/strong>: invia i tuoi rapporti al tuo team o ai tuoi investitori. Gli obiettivi consentono ai tuoi collaboratori di impostare e monitorare i progressi verso gli obiettivi di entrate. Con filtri e segmenti, tutti in azienda possono capire meglio come il loro lavoro supporta la crescita del business<\/li>\n<li><strong>Migliora la fidelizzazione degli abbonati<\/strong>: l&#8217;analisi \u00a0\u00e8 il modo migliore per visualizzare come si evolvono le tue iscrizioni nel tempo. Guarda le coorti dei clienti per piano, regione, sconti e altro ancora per vedere quali fattori influenzano il churn e la fidelizzazione e metti in atto un piano per rafforzare le relazioni con i clienti<\/li>\n<li><strong>Mantieni in ordine i tuoi libri contabili:<\/strong> i dati di fatturazione disordinati sono inevitabili. Con questo programma semplifica l&#8217;unione dei record dei clienti, il collegamento di diversi abbonamenti e la modifica manuale di MRR<\/li>\n<li><strong>Tieni traccia dei tuoi affari in tempo reale<\/strong>: scopri sempre cosa sta succedendo nella la tua attivit\u00e0. Ricevi qualsiasi modifica a MRR tramite email.<\/li>\n<\/ul>\n<h4>LE RECENSIONI DEGLI UTENTI<\/h4>\n<h4>Sean D. &#8220;WOW!&#8221;<\/h4>\n<p><strong>Commenti<\/strong>: Non potrei essere pi\u00f9 felice. Sebbene ChartMogul non sia una piattaforma di fatturazione come Zuora o SaaSOptics, fa sicuramente parte dell&#8217;analisi molto bene.<\/p>\n<p><strong>Vantaggi<\/strong>: per il prezzo questo prodotto \u00e8 fantastico. Lo usiamo esclusivamente per le metriche SaaS e il riconoscimento delle entrate. Il bello \u00e8 che questo software pu\u00f2 fare molto di pi\u00f9. Direi che utilizziamo circa il 20% delle funzionalit\u00e0 e che fa molto!<\/p>\n<p><strong>Inconvenienti<\/strong>: niente. Per il prezzo questo software \u00e8 un fantastico software di analisi con caratteristiche eccellenti. Anche l&#8217;assistenza clienti \u00e8 di prim&#8217;ordine.<\/p>\n<h4>Camila N. &#8220;Finora le dashboard delle mie operazioni clienti preferite!&#8221;<\/h4>\n<p><strong>Vantaggi<\/strong>: \u00e8 cos\u00ec visivo e intuitivo. Una volta abituati a tutti i comandi e le possibilit\u00e0 all&#8217;interno delle opzioni, \u00e8 una sensazione di libert\u00e0 lavorare con i dati sui movimenti dei ricavi dei clienti.<\/p>\n<p><strong>Inconvenienti<\/strong>: mi manca esportare dashboard e risultati (che vedo sullo schermo) principalmente perch\u00e9 non sono un utente amministratore. Sarebbe fantastico avere la capacit\u00e0 di aggregare i movimenti delle entrate in uno.<\/p>\n<h4>Sara M. &#8220;Uno strumento di misurazione delle prestazioni di vendita per le startup, ma non cos\u00ec facile da usare n\u00e9 scalabile&#8221;<\/h4>\n<p><strong>Vantaggi<\/strong>: il team di supporto \u00e8 fantastico, sempre disponibile ad aiutare.\u00a0Interfaccia utente pulita<\/p>\n<p><strong>Inconvenienti<\/strong>: non \u00e8 semplice da integrare con altre API.\u00a0Il processo di inserimento di una transazione viene effettuato tramite un componente aggiuntivo sul foglio di Google e richiede molto tempo.\u00a0Quando non si riesce a inserire una transazione, \u00e8 necessario eliminare il cliente e inserire tutta la cronologia delle transazioni (fastidioso). Recentemente aumentano notevolmente i loro prezzi, ora si basa sul MRR della tua azienda, il che significa che \u00e8 uno strumento costoso se stai aumentando le tue vendite.<\/p>\n","protected":false},"excerpt":{"rendered":"<p>ChartMogul \u00e8 una piattaforma di analisi dati e Business Intelligence sviluppata per aiutare le aziende a ottenere approfondimenti intelligenti e una comprensione pi\u00f9 profonda della propria attivit\u00e0. Con l&#8217;uso di metriche in tempo reale, analisi significative, segmentazione e facile integrazione con vari sistemi di fatturazione.<\/p>\n","protected":false},"author":19,"featured_media":21784,"parent":32646,"menu_order":0,"comment_status":"open","ping_status":"closed","template":"g1_template_page_review_new.php","meta":{"_acf_changed":false,"cwp_meta_box_check":"Yes","cwp_rev_product_name":"","cwp_rev_product_image":"","wppr_links":[],"cwp_rev_price":"","wppr_options":[],"wppr_pros":[],"wppr_cons":[],"_monsterinsights_skip_tracking":false,"_monsterinsights_sitenote_active":false,"_monsterinsights_sitenote_note":"","_monsterinsights_sitenote_category":0,"footnotes":""},"categories":[1555],"tags":[1621,1642,1560,1557,1527,1556,1558],"features":[],"class_list":{"0":"post-21783","1":"page","2":"type-page","3":"status-publish","4":"has-post-thumbnail","6":"category-business-intelligence-it","7":"tag-analisi-dati","8":"tag-chartmogul","9":"tag-piattaforma-business-intelligence","10":"tag-programma-business-intelligence","11":"tag-software-analisi","12":"tag-software-business-intelligence","13":"tag-soluzione-business-intelligence"},"wppr_data":{"cwp_meta_box_check":"Yes","cwp_rev_product_name":"","cwp_rev_product_image":"","cwp_image_link":"image","cwp_rev_price":"","wppr_rating":"0.00"},"acf":[],"yoast_head":"<!-- This site is optimized with the Yoast SEO plugin v27.4 - https:\/\/yoast.com\/product\/yoast-seo-wordpress\/ -->\n<title>Chartmogul: recensione software Business Intelligence - Accurate Reviews<\/title>\n<meta name=\"description\" content=\"ChartMogul: recensione piattaforma di analisi dati e Business Intelligence sviluppata per aiutare le aziende a comprendere meglio la propria attivit\u00e0.\" \/>\n<meta name=\"robots\" content=\"index, follow, max-snippet:-1, max-image-preview:large, max-video-preview:-1\" \/>\n<link rel=\"canonical\" href=\"https:\/\/www.accuratereviews.com\/it\/business-intelligence\/chartmogul-recensione\/\" \/>\n<meta property=\"og:locale\" content=\"it_IT\" \/>\n<meta property=\"og:type\" content=\"article\" \/>\n<meta property=\"og:title\" content=\"Chartmogul: recensione software Business Intelligence - Accurate Reviews\" \/>\n<meta property=\"og:description\" content=\"ChartMogul: recensione piattaforma di analisi dati e Business Intelligence sviluppata per aiutare le aziende a comprendere meglio la propria attivit\u00e0.\" \/>\n<meta property=\"og:url\" content=\"https:\/\/www.accuratereviews.com\/it\/business-intelligence\/chartmogul-recensione\/\" \/>\n<meta property=\"og:site_name\" content=\"Accurate Reviews\" \/>\n<meta property=\"article:modified_time\" content=\"2021-05-18T14:12:44+00:00\" \/>\n<meta property=\"og:image\" content=\"https:\/\/www.accuratereviews.com\/wp-content\/uploads\/2020\/01\/chartmogul.png\" \/>\n\t<meta property=\"og:image:width\" content=\"940\" \/>\n\t<meta property=\"og:image:height\" content=\"400\" \/>\n\t<meta property=\"og:image:type\" content=\"image\/png\" \/>\n<meta name=\"twitter:card\" content=\"summary_large_image\" \/>\n<meta name=\"twitter:label1\" content=\"Tempo di lettura stimato\" \/>\n\t<meta name=\"twitter:data1\" content=\"3 minuti\" \/>\n<script type=\"application\/ld+json\" class=\"yoast-schema-graph\">{\"@context\":\"https:\\\/\\\/schema.org\",\"@graph\":[{\"@type\":\"WebPage\",\"@id\":\"https:\\\/\\\/www.accuratereviews.com\\\/it\\\/business-intelligence\\\/chartmogul-recensione\\\/\",\"url\":\"https:\\\/\\\/www.accuratereviews.com\\\/it\\\/business-intelligence\\\/chartmogul-recensione\\\/\",\"name\":\"Chartmogul: recensione software Business Intelligence - Accurate Reviews\",\"isPartOf\":{\"@id\":\"https:\\\/\\\/www.accuratereviews.com\\\/it\\\/#website\"},\"primaryImageOfPage\":{\"@id\":\"https:\\\/\\\/www.accuratereviews.com\\\/it\\\/business-intelligence\\\/chartmogul-recensione\\\/#primaryimage\"},\"image\":{\"@id\":\"https:\\\/\\\/www.accuratereviews.com\\\/it\\\/business-intelligence\\\/chartmogul-recensione\\\/#primaryimage\"},\"thumbnailUrl\":\"https:\\\/\\\/www.accuratereviews.com\\\/wp-content\\\/uploads\\\/2020\\\/01\\\/chartmogul.png\",\"datePublished\":\"2020-01-03T16:39:59+00:00\",\"dateModified\":\"2021-05-18T14:12:44+00:00\",\"description\":\"ChartMogul: recensione piattaforma di analisi dati e Business Intelligence sviluppata per aiutare le aziende a comprendere meglio la propria attivit\u00e0.\",\"breadcrumb\":{\"@id\":\"https:\\\/\\\/www.accuratereviews.com\\\/it\\\/business-intelligence\\\/chartmogul-recensione\\\/#breadcrumb\"},\"inLanguage\":\"it-IT\",\"potentialAction\":[{\"@type\":\"ReadAction\",\"target\":[\"https:\\\/\\\/www.accuratereviews.com\\\/it\\\/business-intelligence\\\/chartmogul-recensione\\\/\"]}]},{\"@type\":\"ImageObject\",\"inLanguage\":\"it-IT\",\"@id\":\"https:\\\/\\\/www.accuratereviews.com\\\/it\\\/business-intelligence\\\/chartmogul-recensione\\\/#primaryimage\",\"url\":\"https:\\\/\\\/www.accuratereviews.com\\\/wp-content\\\/uploads\\\/2020\\\/01\\\/chartmogul.png\",\"contentUrl\":\"https:\\\/\\\/www.accuratereviews.com\\\/wp-content\\\/uploads\\\/2020\\\/01\\\/chartmogul.png\",\"width\":940,\"height\":400},{\"@type\":\"BreadcrumbList\",\"@id\":\"https:\\\/\\\/www.accuratereviews.com\\\/it\\\/business-intelligence\\\/chartmogul-recensione\\\/#breadcrumb\",\"itemListElement\":[{\"@type\":\"ListItem\",\"position\":1,\"name\":\"Home\",\"item\":\"https:\\\/\\\/www.accuratereviews.com\\\/it\\\/\"},{\"@type\":\"ListItem\",\"position\":2,\"name\":\"Business intelligence\",\"item\":\"https:\\\/\\\/www.accuratereviews.com\\\/it\\\/business-intelligence\\\/\"},{\"@type\":\"ListItem\",\"position\":3,\"name\":\"ChartMogul\"}]},{\"@type\":\"WebSite\",\"@id\":\"https:\\\/\\\/www.accuratereviews.com\\\/it\\\/#website\",\"url\":\"https:\\\/\\\/www.accuratereviews.com\\\/it\\\/\",\"name\":\"Accurate Reviews\",\"description\":\"\",\"potentialAction\":[{\"@type\":\"SearchAction\",\"target\":{\"@type\":\"EntryPoint\",\"urlTemplate\":\"https:\\\/\\\/www.accuratereviews.com\\\/it\\\/?s={search_term_string}\"},\"query-input\":{\"@type\":\"PropertyValueSpecification\",\"valueRequired\":true,\"valueName\":\"search_term_string\"}}],\"inLanguage\":\"it-IT\"}]}<\/script>\n<!-- \/ Yoast SEO plugin. -->","yoast_head_json":{"title":"Chartmogul: recensione software Business Intelligence - Accurate Reviews","description":"ChartMogul: recensione piattaforma di analisi dati e Business Intelligence sviluppata per aiutare le aziende a comprendere meglio la propria attivit\u00e0.","robots":{"index":"index","follow":"follow","max-snippet":"max-snippet:-1","max-image-preview":"max-image-preview:large","max-video-preview":"max-video-preview:-1"},"canonical":"https:\/\/www.accuratereviews.com\/it\/business-intelligence\/chartmogul-recensione\/","og_locale":"it_IT","og_type":"article","og_title":"Chartmogul: recensione software Business Intelligence - Accurate Reviews","og_description":"ChartMogul: recensione piattaforma di analisi dati e Business Intelligence sviluppata per aiutare le aziende a comprendere meglio la propria attivit\u00e0.","og_url":"https:\/\/www.accuratereviews.com\/it\/business-intelligence\/chartmogul-recensione\/","og_site_name":"Accurate Reviews","article_modified_time":"2021-05-18T14:12:44+00:00","og_image":[{"width":940,"height":400,"url":"https:\/\/www.accuratereviews.com\/wp-content\/uploads\/2020\/01\/chartmogul.png","type":"image\/png"}],"twitter_card":"summary_large_image","twitter_misc":{"Tempo di lettura stimato":"3 minuti"},"schema":{"@context":"https:\/\/schema.org","@graph":[{"@type":"WebPage","@id":"https:\/\/www.accuratereviews.com\/it\/business-intelligence\/chartmogul-recensione\/","url":"https:\/\/www.accuratereviews.com\/it\/business-intelligence\/chartmogul-recensione\/","name":"Chartmogul: recensione software Business Intelligence - Accurate Reviews","isPartOf":{"@id":"https:\/\/www.accuratereviews.com\/it\/#website"},"primaryImageOfPage":{"@id":"https:\/\/www.accuratereviews.com\/it\/business-intelligence\/chartmogul-recensione\/#primaryimage"},"image":{"@id":"https:\/\/www.accuratereviews.com\/it\/business-intelligence\/chartmogul-recensione\/#primaryimage"},"thumbnailUrl":"https:\/\/www.accuratereviews.com\/wp-content\/uploads\/2020\/01\/chartmogul.png","datePublished":"2020-01-03T16:39:59+00:00","dateModified":"2021-05-18T14:12:44+00:00","description":"ChartMogul: recensione piattaforma di analisi dati e Business Intelligence sviluppata per aiutare le aziende a comprendere meglio la propria attivit\u00e0.","breadcrumb":{"@id":"https:\/\/www.accuratereviews.com\/it\/business-intelligence\/chartmogul-recensione\/#breadcrumb"},"inLanguage":"it-IT","potentialAction":[{"@type":"ReadAction","target":["https:\/\/www.accuratereviews.com\/it\/business-intelligence\/chartmogul-recensione\/"]}]},{"@type":"ImageObject","inLanguage":"it-IT","@id":"https:\/\/www.accuratereviews.com\/it\/business-intelligence\/chartmogul-recensione\/#primaryimage","url":"https:\/\/www.accuratereviews.com\/wp-content\/uploads\/2020\/01\/chartmogul.png","contentUrl":"https:\/\/www.accuratereviews.com\/wp-content\/uploads\/2020\/01\/chartmogul.png","width":940,"height":400},{"@type":"BreadcrumbList","@id":"https:\/\/www.accuratereviews.com\/it\/business-intelligence\/chartmogul-recensione\/#breadcrumb","itemListElement":[{"@type":"ListItem","position":1,"name":"Home","item":"https:\/\/www.accuratereviews.com\/it\/"},{"@type":"ListItem","position":2,"name":"Business intelligence","item":"https:\/\/www.accuratereviews.com\/it\/business-intelligence\/"},{"@type":"ListItem","position":3,"name":"ChartMogul"}]},{"@type":"WebSite","@id":"https:\/\/www.accuratereviews.com\/it\/#website","url":"https:\/\/www.accuratereviews.com\/it\/","name":"Accurate Reviews","description":"","potentialAction":[{"@type":"SearchAction","target":{"@type":"EntryPoint","urlTemplate":"https:\/\/www.accuratereviews.com\/it\/?s={search_term_string}"},"query-input":{"@type":"PropertyValueSpecification","valueRequired":true,"valueName":"search_term_string"}}],"inLanguage":"it-IT"}]}},"_links":{"self":[{"href":"https:\/\/www.accuratereviews.com\/it\/wp-json\/wp\/v2\/pages\/21783","targetHints":{"allow":["GET"]}}],"collection":[{"href":"https:\/\/www.accuratereviews.com\/it\/wp-json\/wp\/v2\/pages"}],"about":[{"href":"https:\/\/www.accuratereviews.com\/it\/wp-json\/wp\/v2\/types\/page"}],"author":[{"embeddable":true,"href":"https:\/\/www.accuratereviews.com\/it\/wp-json\/wp\/v2\/users\/19"}],"replies":[{"embeddable":true,"href":"https:\/\/www.accuratereviews.com\/it\/wp-json\/wp\/v2\/comments?post=21783"}],"version-history":[{"count":14,"href":"https:\/\/www.accuratereviews.com\/it\/wp-json\/wp\/v2\/pages\/21783\/revisions"}],"predecessor-version":[{"id":42903,"href":"https:\/\/www.accuratereviews.com\/it\/wp-json\/wp\/v2\/pages\/21783\/revisions\/42903"}],"up":[{"embeddable":true,"href":"https:\/\/www.accuratereviews.com\/it\/wp-json\/wp\/v2\/pages\/32646"}],"wp:featuredmedia":[{"embeddable":true,"href":"https:\/\/www.accuratereviews.com\/it\/wp-json\/wp\/v2\/media\/21784"}],"wp:attachment":[{"href":"https:\/\/www.accuratereviews.com\/it\/wp-json\/wp\/v2\/media?parent=21783"}],"wp:term":[{"taxonomy":"category","embeddable":true,"href":"https:\/\/www.accuratereviews.com\/it\/wp-json\/wp\/v2\/categories?post=21783"},{"taxonomy":"post_tag","embeddable":true,"href":"https:\/\/www.accuratereviews.com\/it\/wp-json\/wp\/v2\/tags?post=21783"},{"taxonomy":"features","embeddable":true,"href":"https:\/\/www.accuratereviews.com\/it\/wp-json\/wp\/v2\/features?post=21783"}],"curies":[{"name":"wp","href":"https:\/\/api.w.org\/{rel}","templated":true}]}}