{"id":21793,"date":"2020-01-03T16:37:42","date_gmt":"2020-01-03T16:37:42","guid":{"rendered":"https:\/\/www.accuratereviews.com\/?page_id=21793"},"modified":"2021-05-27T13:08:18","modified_gmt":"2021-05-27T13:08:18","slug":"sap-crystal-reports-recensione","status":"publish","type":"page","link":"https:\/\/www.accuratereviews.com\/it\/business-intelligence\/sap-crystal-reports-recensione\/","title":{"rendered":"SAP Crystal Reports"},"content":{"rendered":"<p class=\"h2 mb-0\"><strong>SAP Crystal Reports<\/strong> \u00e8 un <strong>software di business intelligence<\/strong> che permette alle piccole imprese di creare, progettare e fornire <strong>report aziendali<\/strong> formattati e dinamici che possano semplificare e accelerare il processo aziendale. Sfrutta funzioni di\u00a0 ordinamento, formule, classificazione, formattazione condizionale, parametri, raggruppamento e capacit\u00e0 di ricerca integrati. Grazie a questi <strong>strumenti di business intelligence<\/strong>, puoi comprendere i tuoi dati a colpo d&#8217;occhio con diversi tipi di grafici come grafici a barre, a linee e ad area, a imbuto, istogramma, grafici a bolle e radar.<\/p>\n<h2>COME UTILIZZARE SAP CRYSTAL REPORTTS &#8211; TUTORIAL<\/h2>\n<p>Ecco un video che ci mostrer\u00e0 come funziona questo programma:<\/p>\n<div id=\"fluid-wrapper-counter-1\" class=\"g1-fluid-wrapper \" style=\"width:686px;\">\n<div style=\"padding-bottom:56.268221574344%;\"><iframe loading=\"lazy\" title=\"Crystal Report Beginner Training Tutorial 2017 - An Introduction To SAP Crystal Reports\" width=\"686\" height=\"386\" src=\"https:\/\/www.youtube.com\/embed\/mzVk4taNgdg?feature=oembed&amp;wmode=transparent&amp;autohide=1&amp;autoplay=0&amp;disablekb=0&amp;fs=1&amp;loop=0&amp;enablejsapi=1&amp;rel=0&amp;controls=2&amp;showinfo=0&amp;wmode=transparent&amp;autohide=2&amp;autoplay=0&amp;disablekb=0&amp;fs=1&amp;loop=0&amp;enablejsapi=1&amp;rel=0&amp;controls=2&amp;showinfo=1\" frameborder=\"0\" allow=\"accelerometer; autoplay; clipboard-write; encrypted-media; gyroscope; picture-in-picture\" allowfullscreen><\/iframe><\/div>\n<\/div>\n<h3>SAP CRYSTAL REPORTS &#8211; CARATTERISTICHE<\/h3>\n<p>Di seguito le sue principali caratteristiche:<\/p>\n<ul>\n<li><strong>Creazione dei report<\/strong>: crea report intuitivi con la semplicit\u00e0 del trascinamento della selezione e fornisci indicazioni su ordinamento e raggruppamento<\/li>\n<li><strong>Flessibilit\u00e0<\/strong>: aggiungi flessibilit\u00e0 ai tuoi report con l&#8217;uso di procedure guidate e parametri del prodotto<\/li>\n<li><strong>Documenti perfetti per i pixel<\/strong>: fornisci documenti e moduli perfetti per i pixel con contenuti altamente formattati<\/li>\n<li><strong>Condivisione ed esportazione<\/strong>: esporta i tuoi dati nei formati pi\u00f9 diffusi cos\u00ec da poterli condividere con altri<\/li>\n<li><strong>Protezione dei dati<\/strong>: proteggi i dati definendo i diritti dell&#8217;utente per accedere, visualizzare, aggiornare, esportare o stampare report<\/li>\n<li><strong>Interfaccia utente multilingue<\/strong>: approfitta di un&#8217;interfaccia utente disponibile in un massimo di 28 lingue.<\/li>\n<\/ul>\n<h3>LE RECENSIONI DEGLI UTENTI<\/h3>\n<p><strong>&#8220;Mi piace che personalizzi i diversi report che generiamo quotidianamente e che pi\u00f9 utenti possano visualizzarli&#8221;<\/strong><br \/>\nPRO: Mi piace che il report Crystal sia in grado di personalizzare i diversi report che generiamo quotidianamente e pi\u00f9 utenti possono visualizzarli. Inoltre, mi piace il fatto che consenta a pi\u00f9 utenti di alimentare e disegnare dati da questi rapporti. Mi piace che sia tutto centralizzato in un unico posto con la flessibilit\u00e0 di espandersi o cambiare se necessario. Sono impressionato dal modo in cui i dati possono essere formattati con le varie opzioni e, una volta addestrati, sono davvero facili da usare.<br \/>\nCONTRO: Questo strumento richiede tempo per imparare a usarlo, fortunatamente per noi, alcuni dei nostri ragazzi avevano gi\u00e0 familiarit\u00e0 con lo strumento ed erano disposti a formare gli altri membri del team. Il vantaggio di questo strumento \u00e8 che una volta che ti sei allenato \u00e8 un buon strumento da usare.<\/p>\n<p><strong>&#8220;Difficile la curva di apprendimento, ma un salvavita!&#8221;<\/strong><br \/>\nIN GENERALE: il mio lavoro consiste nel lavorare con dati simili ospitati in database diversi, sia interni che esterni. Prima di Crystal Reports, estraevo diversi report da diversi database, portavo i dati in Excel ed eseguivo tabelle pivot, vlookup, ecc &#8230; per poter vedere le relazioni nei dati. Con Crystal Reports, purch\u00e9 si disponga di un campo dati comune, (ad esempio un numero di parte), posso combinare i dati provenienti da diverse fonti ed eseguire report basati sui dati correlati. Questo \u00e8 un metodo molto pi\u00f9 semplice. Ad esempio, ora sono in grado di eseguire un singolo report che mostra i nostri ordini correnti, l&#8217;inventario corrente disponibile per riempire quegli ordini e, in base a quello, effettuare un singolo ordine per il nostro fornitore per il rifornimento. Questa operazione richiedeva almeno 2 ore della mia giornata &#8230; ora \u00e8 abbastanza veloce che eseguo il report due volte al giorno e molto raramente dispongo di stock.<br \/>\nPRO: la capacit\u00e0 di estrarre e analizzare i dati da diverse origini dati e di creare report sui relativi set di dati<br \/>\nCONTRO: La curva di apprendimento \u00e8 un po&#8217; ripida, ma una volta impostato un report, pu\u00f2 essere rieseguito facilmente in qualsiasi momento e tutte le volte che \u00e8 necessario, in modo rapido e pulito.<\/p>\n<p><strong>&#8220;Uno strumento meraviglioso per la generazione di report.&#8221;<\/strong><br \/>\nIN GENERALE: utilizzo SAP Crystal Reports per generare diverse statistiche sui problemi e le richieste nell&#8217;area tecnologica dell&#8217;azienda, consentendo di personalizzare ogni report in base alle caratteristiche e alla gerarchia degli utenti finali.<br \/>\nPRO: Quello che mi piace di pi\u00f9 di questo software \u00e8 che ti consente di trasformare rapidamente qualsiasi fonte di dati in contenuti interattivi e pertinenti per diversi utenti. Integra inoltre funzionalit\u00e0 di progettazione, modifica e visualizzazione in diversi tipi di applicazioni come .NET, Java o COM e consente agli utenti finali di accedere e interagire con i report attraverso diversi mezzi come portali Web, dispositivi mobili e documenti di Microsoft Office. In generale, \u00e8 uno strumento incredibile per la generazione di diversi tipi di report, offrendo la possibilit\u00e0 di personalizzare ampiamente ciascuno di essi.<br \/>\nCONTRO: Vista la quantit\u00e0 di strumenti e opzioni che offre, la sua gestione \u00e8 talvolta un po&#8217; complessa, specialmente per gli utenti con scarse conoscenze tecniche.<\/p>\n","protected":false},"excerpt":{"rendered":"<p>SAP Crystal Reports \u00e8 un software di business intelligence che permette alle piccole imprese di creare, progettare e fornire report aziendali formattati e dinamici che possano semplificare e accelerare il processo aziendale. Sfrutta funzioni di\u00a0 ordinamento, formule, classificazione, formattazione condizionale, parametri, raggruppamento e capacit\u00e0 di ricerca integrati.<\/p>\n","protected":false},"author":17,"featured_media":21794,"parent":32646,"menu_order":0,"comment_status":"open","ping_status":"closed","template":"g1_template_page_review_new.php","meta":{"_acf_changed":false,"cwp_meta_box_check":"Yes","cwp_rev_product_name":"","cwp_rev_product_image":"","wppr_links":[],"cwp_rev_price":"","wppr_options":[],"wppr_pros":[],"wppr_cons":[],"_monsterinsights_skip_tracking":false,"_monsterinsights_sitenote_active":false,"_monsterinsights_sitenote_note":"","_monsterinsights_sitenote_category":0,"footnotes":""},"categories":[1555],"tags":[1565,1564,1557,1558],"features":[],"class_list":{"0":"post-21793","1":"page","2":"type-page","3":"status-publish","4":"has-post-thumbnail","6":"category-business-intelligence-it","7":"tag-business-intelligence","8":"tag-business-intelligence-software","9":"tag-programma-business-intelligence","10":"tag-soluzione-business-intelligence"},"wppr_data":{"cwp_meta_box_check":"Yes","cwp_rev_product_name":"","cwp_rev_product_image":"","cwp_image_link":"image","cwp_rev_price":"","wppr_rating":"0.00"},"acf":[],"yoast_head":"<!-- This site is optimized with the Yoast SEO plugin v27.4 - https:\/\/yoast.com\/product\/yoast-seo-wordpress\/ -->\n<title>SAP Crystal Reports: recensione - Accurate Reviews<\/title>\n<meta name=\"description\" content=\"SAP Crystal Reports: recensione del software di business intelligence che permette alle piccole imprese di creare, progettare e fornire report aziendali.\" \/>\n<meta name=\"robots\" content=\"index, follow, max-snippet:-1, max-image-preview:large, max-video-preview:-1\" \/>\n<link rel=\"canonical\" href=\"https:\/\/www.accuratereviews.com\/it\/business-intelligence\/sap-crystal-reports-recensione\/\" \/>\n<meta property=\"og:locale\" content=\"it_IT\" \/>\n<meta property=\"og:type\" content=\"article\" \/>\n<meta property=\"og:title\" content=\"SAP Crystal Reports: recensione - Accurate Reviews\" \/>\n<meta property=\"og:description\" content=\"SAP Crystal Reports: recensione del software di business intelligence che permette alle piccole imprese di creare, progettare e fornire report aziendali.\" \/>\n<meta property=\"og:url\" content=\"https:\/\/www.accuratereviews.com\/it\/business-intelligence\/sap-crystal-reports-recensione\/\" \/>\n<meta property=\"og:site_name\" content=\"Accurate Reviews\" \/>\n<meta property=\"article:modified_time\" content=\"2021-05-27T13:08:18+00:00\" \/>\n<meta property=\"og:image\" content=\"https:\/\/www.accuratereviews.com\/wp-content\/uploads\/2020\/01\/Schermata-2020-01-03-alle-15.33.48-e1578062125287.png\" \/>\n\t<meta property=\"og:image:width\" content=\"1293\" \/>\n\t<meta property=\"og:image:height\" content=\"653\" \/>\n\t<meta property=\"og:image:type\" content=\"image\/png\" \/>\n<meta name=\"twitter:card\" content=\"summary_large_image\" \/>\n<meta name=\"twitter:label1\" content=\"Tempo di lettura stimato\" \/>\n\t<meta name=\"twitter:data1\" content=\"4 minuti\" \/>\n<script type=\"application\/ld+json\" class=\"yoast-schema-graph\">{\"@context\":\"https:\\\/\\\/schema.org\",\"@graph\":[{\"@type\":\"WebPage\",\"@id\":\"https:\\\/\\\/www.accuratereviews.com\\\/it\\\/business-intelligence\\\/sap-crystal-reports-recensione\\\/\",\"url\":\"https:\\\/\\\/www.accuratereviews.com\\\/it\\\/business-intelligence\\\/sap-crystal-reports-recensione\\\/\",\"name\":\"SAP Crystal Reports: recensione - Accurate Reviews\",\"isPartOf\":{\"@id\":\"https:\\\/\\\/www.accuratereviews.com\\\/it\\\/#website\"},\"primaryImageOfPage\":{\"@id\":\"https:\\\/\\\/www.accuratereviews.com\\\/it\\\/business-intelligence\\\/sap-crystal-reports-recensione\\\/#primaryimage\"},\"image\":{\"@id\":\"https:\\\/\\\/www.accuratereviews.com\\\/it\\\/business-intelligence\\\/sap-crystal-reports-recensione\\\/#primaryimage\"},\"thumbnailUrl\":\"https:\\\/\\\/www.accuratereviews.com\\\/wp-content\\\/uploads\\\/2020\\\/01\\\/Schermata-2020-01-03-alle-15.33.48-e1578062125287.png\",\"datePublished\":\"2020-01-03T16:37:42+00:00\",\"dateModified\":\"2021-05-27T13:08:18+00:00\",\"description\":\"SAP Crystal Reports: recensione del software di business intelligence che permette alle piccole imprese di creare, progettare e fornire report aziendali.\",\"breadcrumb\":{\"@id\":\"https:\\\/\\\/www.accuratereviews.com\\\/it\\\/business-intelligence\\\/sap-crystal-reports-recensione\\\/#breadcrumb\"},\"inLanguage\":\"it-IT\",\"potentialAction\":[{\"@type\":\"ReadAction\",\"target\":[\"https:\\\/\\\/www.accuratereviews.com\\\/it\\\/business-intelligence\\\/sap-crystal-reports-recensione\\\/\"]}]},{\"@type\":\"ImageObject\",\"inLanguage\":\"it-IT\",\"@id\":\"https:\\\/\\\/www.accuratereviews.com\\\/it\\\/business-intelligence\\\/sap-crystal-reports-recensione\\\/#primaryimage\",\"url\":\"https:\\\/\\\/www.accuratereviews.com\\\/wp-content\\\/uploads\\\/2020\\\/01\\\/Schermata-2020-01-03-alle-15.33.48-e1578062125287.png\",\"contentUrl\":\"https:\\\/\\\/www.accuratereviews.com\\\/wp-content\\\/uploads\\\/2020\\\/01\\\/Schermata-2020-01-03-alle-15.33.48-e1578062125287.png\",\"width\":1293,\"height\":653},{\"@type\":\"BreadcrumbList\",\"@id\":\"https:\\\/\\\/www.accuratereviews.com\\\/it\\\/business-intelligence\\\/sap-crystal-reports-recensione\\\/#breadcrumb\",\"itemListElement\":[{\"@type\":\"ListItem\",\"position\":1,\"name\":\"Home\",\"item\":\"https:\\\/\\\/www.accuratereviews.com\\\/it\\\/\"},{\"@type\":\"ListItem\",\"position\":2,\"name\":\"Business intelligence\",\"item\":\"https:\\\/\\\/www.accuratereviews.com\\\/it\\\/business-intelligence\\\/\"},{\"@type\":\"ListItem\",\"position\":3,\"name\":\"SAP Crystal Reports\"}]},{\"@type\":\"WebSite\",\"@id\":\"https:\\\/\\\/www.accuratereviews.com\\\/it\\\/#website\",\"url\":\"https:\\\/\\\/www.accuratereviews.com\\\/it\\\/\",\"name\":\"Accurate Reviews\",\"description\":\"\",\"potentialAction\":[{\"@type\":\"SearchAction\",\"target\":{\"@type\":\"EntryPoint\",\"urlTemplate\":\"https:\\\/\\\/www.accuratereviews.com\\\/it\\\/?s={search_term_string}\"},\"query-input\":{\"@type\":\"PropertyValueSpecification\",\"valueRequired\":true,\"valueName\":\"search_term_string\"}}],\"inLanguage\":\"it-IT\"}]}<\/script>\n<!-- \/ Yoast SEO plugin. -->","yoast_head_json":{"title":"SAP Crystal Reports: recensione - Accurate Reviews","description":"SAP Crystal Reports: recensione del software di business intelligence che permette alle piccole imprese di creare, progettare e fornire report aziendali.","robots":{"index":"index","follow":"follow","max-snippet":"max-snippet:-1","max-image-preview":"max-image-preview:large","max-video-preview":"max-video-preview:-1"},"canonical":"https:\/\/www.accuratereviews.com\/it\/business-intelligence\/sap-crystal-reports-recensione\/","og_locale":"it_IT","og_type":"article","og_title":"SAP Crystal Reports: recensione - Accurate Reviews","og_description":"SAP Crystal Reports: recensione del software di business intelligence che permette alle piccole imprese di creare, progettare e fornire report aziendali.","og_url":"https:\/\/www.accuratereviews.com\/it\/business-intelligence\/sap-crystal-reports-recensione\/","og_site_name":"Accurate Reviews","article_modified_time":"2021-05-27T13:08:18+00:00","og_image":[{"width":1293,"height":653,"url":"https:\/\/www.accuratereviews.com\/wp-content\/uploads\/2020\/01\/Schermata-2020-01-03-alle-15.33.48-e1578062125287.png","type":"image\/png"}],"twitter_card":"summary_large_image","twitter_misc":{"Tempo di lettura stimato":"4 minuti"},"schema":{"@context":"https:\/\/schema.org","@graph":[{"@type":"WebPage","@id":"https:\/\/www.accuratereviews.com\/it\/business-intelligence\/sap-crystal-reports-recensione\/","url":"https:\/\/www.accuratereviews.com\/it\/business-intelligence\/sap-crystal-reports-recensione\/","name":"SAP Crystal Reports: recensione - Accurate Reviews","isPartOf":{"@id":"https:\/\/www.accuratereviews.com\/it\/#website"},"primaryImageOfPage":{"@id":"https:\/\/www.accuratereviews.com\/it\/business-intelligence\/sap-crystal-reports-recensione\/#primaryimage"},"image":{"@id":"https:\/\/www.accuratereviews.com\/it\/business-intelligence\/sap-crystal-reports-recensione\/#primaryimage"},"thumbnailUrl":"https:\/\/www.accuratereviews.com\/wp-content\/uploads\/2020\/01\/Schermata-2020-01-03-alle-15.33.48-e1578062125287.png","datePublished":"2020-01-03T16:37:42+00:00","dateModified":"2021-05-27T13:08:18+00:00","description":"SAP Crystal Reports: recensione del software di business intelligence che permette alle piccole imprese di creare, progettare e fornire report aziendali.","breadcrumb":{"@id":"https:\/\/www.accuratereviews.com\/it\/business-intelligence\/sap-crystal-reports-recensione\/#breadcrumb"},"inLanguage":"it-IT","potentialAction":[{"@type":"ReadAction","target":["https:\/\/www.accuratereviews.com\/it\/business-intelligence\/sap-crystal-reports-recensione\/"]}]},{"@type":"ImageObject","inLanguage":"it-IT","@id":"https:\/\/www.accuratereviews.com\/it\/business-intelligence\/sap-crystal-reports-recensione\/#primaryimage","url":"https:\/\/www.accuratereviews.com\/wp-content\/uploads\/2020\/01\/Schermata-2020-01-03-alle-15.33.48-e1578062125287.png","contentUrl":"https:\/\/www.accuratereviews.com\/wp-content\/uploads\/2020\/01\/Schermata-2020-01-03-alle-15.33.48-e1578062125287.png","width":1293,"height":653},{"@type":"BreadcrumbList","@id":"https:\/\/www.accuratereviews.com\/it\/business-intelligence\/sap-crystal-reports-recensione\/#breadcrumb","itemListElement":[{"@type":"ListItem","position":1,"name":"Home","item":"https:\/\/www.accuratereviews.com\/it\/"},{"@type":"ListItem","position":2,"name":"Business intelligence","item":"https:\/\/www.accuratereviews.com\/it\/business-intelligence\/"},{"@type":"ListItem","position":3,"name":"SAP Crystal Reports"}]},{"@type":"WebSite","@id":"https:\/\/www.accuratereviews.com\/it\/#website","url":"https:\/\/www.accuratereviews.com\/it\/","name":"Accurate Reviews","description":"","potentialAction":[{"@type":"SearchAction","target":{"@type":"EntryPoint","urlTemplate":"https:\/\/www.accuratereviews.com\/it\/?s={search_term_string}"},"query-input":{"@type":"PropertyValueSpecification","valueRequired":true,"valueName":"search_term_string"}}],"inLanguage":"it-IT"}]}},"_links":{"self":[{"href":"https:\/\/www.accuratereviews.com\/it\/wp-json\/wp\/v2\/pages\/21793","targetHints":{"allow":["GET"]}}],"collection":[{"href":"https:\/\/www.accuratereviews.com\/it\/wp-json\/wp\/v2\/pages"}],"about":[{"href":"https:\/\/www.accuratereviews.com\/it\/wp-json\/wp\/v2\/types\/page"}],"author":[{"embeddable":true,"href":"https:\/\/www.accuratereviews.com\/it\/wp-json\/wp\/v2\/users\/17"}],"replies":[{"embeddable":true,"href":"https:\/\/www.accuratereviews.com\/it\/wp-json\/wp\/v2\/comments?post=21793"}],"version-history":[{"count":7,"href":"https:\/\/www.accuratereviews.com\/it\/wp-json\/wp\/v2\/pages\/21793\/revisions"}],"predecessor-version":[{"id":43426,"href":"https:\/\/www.accuratereviews.com\/it\/wp-json\/wp\/v2\/pages\/21793\/revisions\/43426"}],"up":[{"embeddable":true,"href":"https:\/\/www.accuratereviews.com\/it\/wp-json\/wp\/v2\/pages\/32646"}],"wp:featuredmedia":[{"embeddable":true,"href":"https:\/\/www.accuratereviews.com\/it\/wp-json\/wp\/v2\/media\/21794"}],"wp:attachment":[{"href":"https:\/\/www.accuratereviews.com\/it\/wp-json\/wp\/v2\/media?parent=21793"}],"wp:term":[{"taxonomy":"category","embeddable":true,"href":"https:\/\/www.accuratereviews.com\/it\/wp-json\/wp\/v2\/categories?post=21793"},{"taxonomy":"post_tag","embeddable":true,"href":"https:\/\/www.accuratereviews.com\/it\/wp-json\/wp\/v2\/tags?post=21793"},{"taxonomy":"features","embeddable":true,"href":"https:\/\/www.accuratereviews.com\/it\/wp-json\/wp\/v2\/features?post=21793"}],"curies":[{"name":"wp","href":"https:\/\/api.w.org\/{rel}","templated":true}]}}